{"id":20461,"date":"2021-06-11T12:32:24","date_gmt":"2021-06-11T16:32:24","guid":{"rendered":"https:\/\/wrapcompliance.org\/wrap-aafa-partnership\/"},"modified":"2026-04-17T14:50:11","modified_gmt":"2026-04-17T18:50:11","slug":"wrap-aafa-partnership","status":"publish","type":"page","link":"https:\/\/wrapcompliance.org\/de\/collaboration\/wrap-aafa-partnership\/","title":{"rendered":""},"content":{"rendered":"<div role=\"banner\" class=\"theme-block wp-block-theme-blocks-page-banner full-width has-background no-image\"><div class=\"wrap\"><div class=\"layout\"><h1 class=\"block-title appear-on-scroll\"><\/h1><div class=\"block-content\">\n<figure  class=\"appear-on-scroll wp-block-image size-large is-resized\" ><img loading=\"lazy\" decoding=\"async\" width=\"1024\" height=\"479\" src=\"https:\/\/wrapcompliance.org\/wp-content\/uploads\/2022\/09\/AAFA_MemberLogo_CMYK-1024x479.png\" alt=\"AAFA Logo\" class=\"wp-image-26130\" style=\"width:400px\" srcset=\"https:\/\/wrapcompliance.org\/wp-content\/uploads\/2022\/09\/AAFA_MemberLogo_CMYK-1024x479.png 1024w, https:\/\/wrapcompliance.org\/wp-content\/uploads\/2022\/09\/AAFA_MemberLogo_CMYK-300x140.png 300w, https:\/\/wrapcompliance.org\/wp-content\/uploads\/2022\/09\/AAFA_MemberLogo_CMYK-768x359.png 768w, https:\/\/wrapcompliance.org\/wp-content\/uploads\/2022\/09\/AAFA_MemberLogo_CMYK-1536x719.png 1536w, https:\/\/wrapcompliance.org\/wp-content\/uploads\/2022\/09\/AAFA_MemberLogo_CMYK-18x8.png 18w, https:\/\/wrapcompliance.org\/wp-content\/uploads\/2022\/09\/AAFA_MemberLogo_CMYK-600x281.png 600w, https:\/\/wrapcompliance.org\/wp-content\/uploads\/2022\/09\/AAFA_MemberLogo_CMYK-1000x468.png 1000w, https:\/\/wrapcompliance.org\/wp-content\/uploads\/2022\/09\/AAFA_MemberLogo_CMYK.png 1857w\" sizes=\"auto, (max-width: 1024px) 100vw, 1024px\" \/><\/figure>\n<\/div><div class=\"block-background\" style=\"--background-color:#F1F1FF\"><\/div><\/div><\/div><\/div>\n\n<p class=\"appear-on-scroll\">Das <a href=\"https:\/\/www.aafaglobal.org\/\" target=\"_blank\" rel=\"noreferrer noopener\">Amerikanischer Verband f\u00fcr Bekleidung und Schuhe (AAFA)<\/a> ist der nationale Handelsverband, der Unternehmen aus den Bereichen Bekleidung, Schuhe und andere N\u00e4hprodukte sowie deren Zulieferer vertritt, die auf dem Weltmarkt konkurrieren.<\/p>\n\n<p  class=\"appear-on-scroll is-style-default\" >Die AAFA ist die politische Stimme der Bekleidungs- und Schuhindustrie in den USA und weltweit und vertritt \u00fcber 1.000 weltbekannte Marken, Einzelh\u00e4ndler und Hersteller. Sie ist ein anerkannter Vorreiter in einer Reihe von f\u00fcr ihre Mitglieder wichtigen Themen, darunter Markenschutz, Lieferketten und Beschaffung sowie Handel, Logistik und Fertigung. <\/p>\n\n<p  class=\"appear-on-scroll is-style-default\" >AAFA arbeitet eng mit WRAP, seinem offiziellen Vertreter, zusammen <a href=\"https:\/\/www.aafaglobal.org\/AAFA\/Solutions_Pages\/WRAP_Partnership.aspx\">Corporate Social Responsibility (CSR)-Partner<\/a>, um seine Mitgliedschaft bei der weiteren F\u00f6rderung einer sozial verantwortlichen Produktion zu unterst\u00fctzen.<\/p>\n\n<div  class=\"appear-on-scroll wp-block-buttons is-content-justification-left is-layout-flex wp-container-core-buttons-is-layout-fdcfc74e wp-block-buttons-is-layout-flex\" >\n<div class=\"wp-block-button\"><a class=\"wp-block-button__link wp-element-button\" href=\"\/de\/partners\/aafa\/\"><span class=\"label\">Sehen Sie sich Einblicke, Ressourcen und Veranstaltungen von AAFA Partnership an<\/span><\/a><\/div>\n<\/div>","protected":false},"excerpt":{"rendered":"<p>The American Apparel &amp; Footwear Association (AAFA) is the national trade association representing apparel, footwear, and other sewn products companies, and their suppliers, which compete in the global market. AAFA is the public policy and political voice for the apparel and footwear industries in the U.S. and around the world, representing over 1,000 world-famous brands, [&hellip;]<\/p>\n","protected":false},"author":3,"featured_media":0,"parent":24779,"menu_order":2,"comment_status":"closed","ping_status":"closed","template":"","meta":{"_acf_changed":false,"featured_image_background_position":"","footnotes":""},"class_list":["post-20461","page","type-page","status-publish","hentry"],"acf":[],"yoast_head":"<!-- This site is optimized with the Yoast SEO plugin v27.3 - https:\/\/yoast.com\/product\/yoast-seo-wordpress\/ -->\n<title>- WRAP Compliance<\/title>\n<meta name=\"robots\" content=\"index, follow, max-snippet:-1, max-image-preview:large, max-video-preview:-1\" \/>\n<link rel=\"canonical\" href=\"https:\/\/wrapcompliance.org\/de\/collaboration\/wrap-aafa-partnership\/\" \/>\n<meta property=\"og:locale\" content=\"de_DE\" \/>\n<meta property=\"og:type\" content=\"article\" \/>\n<meta property=\"og:title\" content=\"- WRAP Compliance\" \/>\n<meta property=\"og:description\" content=\"The American Apparel &amp; Footwear Association (AAFA) is the national trade association representing apparel, footwear, and other sewn products companies, and their suppliers, which compete in the global market. AAFA is the public policy and political voice for the apparel and footwear industries in the U.S. and around the world, representing over 1,000 world-famous brands, [&hellip;]\" \/>\n<meta property=\"og:url\" content=\"https:\/\/wrapcompliance.org\/de\/collaboration\/wrap-aafa-partnership\/\" \/>\n<meta property=\"og:site_name\" content=\"WRAP Compliance\" \/>\n<meta property=\"article:publisher\" content=\"https:\/\/www.facebook.com\/WRAPcompliance\/\" \/>\n<meta property=\"article:modified_time\" content=\"2026-04-17T18:50:11+00:00\" \/>\n<meta property=\"og:image\" content=\"https:\/\/wrapcompliance.org\/wp-content\/uploads\/2022\/09\/AAFA_MemberLogo_CMYK.png\" \/>\n\t<meta property=\"og:image:width\" content=\"1857\" \/>\n\t<meta property=\"og:image:height\" content=\"869\" \/>\n\t<meta property=\"og:image:type\" content=\"image\/png\" \/>\n<meta name=\"twitter:card\" content=\"summary_large_image\" \/>\n<meta name=\"twitter:site\" content=\"@wrapcompliance\" \/>\n<meta name=\"twitter:label1\" content=\"Gesch\u00e4tzte Lesezeit\" \/>\n\t<meta name=\"twitter:data1\" content=\"1 Minute\" \/>\n<script type=\"application\/ld+json\" class=\"yoast-schema-graph\">{\"@context\":\"https:\\\/\\\/schema.org\",\"@graph\":[{\"@type\":\"WebPage\",\"@id\":\"https:\\\/\\\/wrapcompliance.org\\\/collaboration\\\/wrap-aafa-partnership\\\/\",\"url\":\"https:\\\/\\\/wrapcompliance.org\\\/collaboration\\\/wrap-aafa-partnership\\\/\",\"name\":\"- WRAP Compliance\",\"isPartOf\":{\"@id\":\"https:\\\/\\\/wrapcompliance.org\\\/en\\\/#website\"},\"primaryImageOfPage\":{\"@id\":\"https:\\\/\\\/wrapcompliance.org\\\/collaboration\\\/wrap-aafa-partnership\\\/#primaryimage\"},\"image\":{\"@id\":\"https:\\\/\\\/wrapcompliance.org\\\/collaboration\\\/wrap-aafa-partnership\\\/#primaryimage\"},\"thumbnailUrl\":\"https:\\\/\\\/wrapcompliance.org\\\/wp-content\\\/uploads\\\/2022\\\/09\\\/AAFA_MemberLogo_CMYK-1024x479.png\",\"datePublished\":\"2021-06-11T16:32:24+00:00\",\"dateModified\":\"2026-04-17T18:50:11+00:00\",\"breadcrumb\":{\"@id\":\"https:\\\/\\\/wrapcompliance.org\\\/collaboration\\\/wrap-aafa-partnership\\\/#breadcrumb\"},\"inLanguage\":\"de-DE\",\"potentialAction\":[{\"@type\":\"ReadAction\",\"target\":[\"https:\\\/\\\/wrapcompliance.org\\\/collaboration\\\/wrap-aafa-partnership\\\/\"]}]},{\"@type\":\"ImageObject\",\"inLanguage\":\"de-DE\",\"@id\":\"https:\\\/\\\/wrapcompliance.org\\\/collaboration\\\/wrap-aafa-partnership\\\/#primaryimage\",\"url\":\"https:\\\/\\\/wrapcompliance.org\\\/wp-content\\\/uploads\\\/2022\\\/09\\\/AAFA_MemberLogo_CMYK-1024x479.png\",\"contentUrl\":\"https:\\\/\\\/wrapcompliance.org\\\/wp-content\\\/uploads\\\/2022\\\/09\\\/AAFA_MemberLogo_CMYK-1024x479.png\"},{\"@type\":\"BreadcrumbList\",\"@id\":\"https:\\\/\\\/wrapcompliance.org\\\/collaboration\\\/wrap-aafa-partnership\\\/#breadcrumb\",\"itemListElement\":[{\"@type\":\"ListItem\",\"position\":1,\"name\":\"Home\",\"item\":\"https:\\\/\\\/wrapcompliance.org\\\/\"},{\"@type\":\"ListItem\",\"position\":2,\"name\":\"Leadership in Action\",\"item\":\"https:\\\/\\\/wrapcompliance.org\\\/collaboration\\\/\"}]},{\"@type\":\"WebSite\",\"@id\":\"https:\\\/\\\/wrapcompliance.org\\\/en\\\/#website\",\"url\":\"https:\\\/\\\/wrapcompliance.org\\\/en\\\/\",\"name\":\"WRAP Compliance\",\"description\":\"Ensuring production facilities operate in a safe, responsible, and ethical way. Through our 12 Principles, we promote lawful, humane manufacturing in facilities throughout the world via our Certification and Training programs.\",\"publisher\":{\"@id\":\"https:\\\/\\\/wrapcompliance.org\\\/en\\\/#organization\"},\"potentialAction\":[{\"@type\":\"SearchAction\",\"target\":{\"@type\":\"EntryPoint\",\"urlTemplate\":\"https:\\\/\\\/wrapcompliance.org\\\/en\\\/?s={search_term_string}\"},\"query-input\":{\"@type\":\"PropertyValueSpecification\",\"valueRequired\":true,\"valueName\":\"search_term_string\"}}],\"inLanguage\":\"de-DE\"},{\"@type\":\"Organization\",\"@id\":\"https:\\\/\\\/wrapcompliance.org\\\/en\\\/#organization\",\"name\":\"Worldwide Responsible Accredited Production\",\"alternateName\":\"WRAP Compliance\",\"url\":\"https:\\\/\\\/wrapcompliance.org\\\/en\\\/\",\"logo\":{\"@type\":\"ImageObject\",\"inLanguage\":\"de-DE\",\"@id\":\"https:\\\/\\\/wrapcompliance.org\\\/en\\\/#\\\/schema\\\/logo\\\/image\\\/\",\"url\":\"https:\\\/\\\/wrapcompliance.org\\\/wp-content\\\/uploads\\\/2022\\\/03\\\/WRAP_Logo_Update_Color_RGB.png\",\"contentUrl\":\"https:\\\/\\\/wrapcompliance.org\\\/wp-content\\\/uploads\\\/2022\\\/03\\\/WRAP_Logo_Update_Color_RGB.png\",\"width\":3601,\"height\":3451,\"caption\":\"Worldwide Responsible Accredited Production\"},\"image\":{\"@id\":\"https:\\\/\\\/wrapcompliance.org\\\/en\\\/#\\\/schema\\\/logo\\\/image\\\/\"},\"sameAs\":[\"https:\\\/\\\/www.facebook.com\\\/WRAPcompliance\\\/\",\"https:\\\/\\\/x.com\\\/wrapcompliance\",\"https:\\\/\\\/www.linkedin.com\\\/company\\\/wrapcompliance\"]}]}<\/script>\n<!-- \/ Yoast SEO plugin. -->","yoast_head_json":{"title":"- WRAP-Konformit\u00e4t","robots":{"index":"index","follow":"follow","max-snippet":"max-snippet:-1","max-image-preview":"max-image-preview:large","max-video-preview":"max-video-preview:-1"},"canonical":"https:\/\/wrapcompliance.org\/de\/collaboration\/wrap-aafa-partnership\/","og_locale":"de_DE","og_type":"article","og_title":"- WRAP Compliance","og_description":"The American Apparel &amp; Footwear Association (AAFA) is the national trade association representing apparel, footwear, and other sewn products companies, and their suppliers, which compete in the global market. AAFA is the public policy and political voice for the apparel and footwear industries in the U.S. and around the world, representing over 1,000 world-famous brands, [&hellip;]","og_url":"https:\/\/wrapcompliance.org\/de\/collaboration\/wrap-aafa-partnership\/","og_site_name":"WRAP Compliance","article_publisher":"https:\/\/www.facebook.com\/WRAPcompliance\/","article_modified_time":"2026-04-17T18:50:11+00:00","og_image":[{"width":1857,"height":869,"url":"https:\/\/wrapcompliance.org\/wp-content\/uploads\/2022\/09\/AAFA_MemberLogo_CMYK.png","type":"image\/png"}],"twitter_card":"summary_large_image","twitter_site":"@wrapcompliance","twitter_misc":{"Gesch\u00e4tzte Lesezeit":"1 Minute"},"schema":{"@context":"https:\/\/schema.org","@graph":[{"@type":"WebPage","@id":"https:\/\/wrapcompliance.org\/collaboration\/wrap-aafa-partnership\/","url":"https:\/\/wrapcompliance.org\/collaboration\/wrap-aafa-partnership\/","name":"- WRAP-Konformit\u00e4t","isPartOf":{"@id":"https:\/\/wrapcompliance.org\/en\/#website"},"primaryImageOfPage":{"@id":"https:\/\/wrapcompliance.org\/collaboration\/wrap-aafa-partnership\/#primaryimage"},"image":{"@id":"https:\/\/wrapcompliance.org\/collaboration\/wrap-aafa-partnership\/#primaryimage"},"thumbnailUrl":"https:\/\/wrapcompliance.org\/wp-content\/uploads\/2022\/09\/AAFA_MemberLogo_CMYK-1024x479.png","datePublished":"2021-06-11T16:32:24+00:00","dateModified":"2026-04-17T18:50:11+00:00","breadcrumb":{"@id":"https:\/\/wrapcompliance.org\/collaboration\/wrap-aafa-partnership\/#breadcrumb"},"inLanguage":"de-DE","potentialAction":[{"@type":"ReadAction","target":["https:\/\/wrapcompliance.org\/collaboration\/wrap-aafa-partnership\/"]}]},{"@type":"ImageObject","inLanguage":"de-DE","@id":"https:\/\/wrapcompliance.org\/collaboration\/wrap-aafa-partnership\/#primaryimage","url":"https:\/\/wrapcompliance.org\/wp-content\/uploads\/2022\/09\/AAFA_MemberLogo_CMYK-1024x479.png","contentUrl":"https:\/\/wrapcompliance.org\/wp-content\/uploads\/2022\/09\/AAFA_MemberLogo_CMYK-1024x479.png"},{"@type":"BreadcrumbList","@id":"https:\/\/wrapcompliance.org\/collaboration\/wrap-aafa-partnership\/#breadcrumb","itemListElement":[{"@type":"ListItem","position":1,"name":"Home","item":"https:\/\/wrapcompliance.org\/"},{"@type":"ListItem","position":2,"name":"Leadership in Action","item":"https:\/\/wrapcompliance.org\/collaboration\/"}]},{"@type":"WebSite","@id":"https:\/\/wrapcompliance.org\/en\/#website","url":"https:\/\/wrapcompliance.org\/en\/","name":"WRAP-Konformit\u00e4t","description":"Gew\u00e4hrleistung eines sicheren, verantwortungsvollen und ethischen Betriebs der Produktionsanlagen. Durch unsere 12 Prinzipien f\u00f6rdern wir \u00fcber unsere Zertifizierungs- und Schulungsprogramme eine rechtm\u00e4\u00dfige, humane Herstellung in Anlagen auf der ganzen Welt.","publisher":{"@id":"https:\/\/wrapcompliance.org\/en\/#organization"},"potentialAction":[{"@type":"SearchAction","target":{"@type":"EntryPoint","urlTemplate":"https:\/\/wrapcompliance.org\/en\/?s={search_term_string}"},"query-input":{"@type":"PropertyValueSpecification","valueRequired":true,"valueName":"search_term_string"}}],"inLanguage":"de-DE"},{"@type":"Organization","@id":"https:\/\/wrapcompliance.org\/en\/#organization","name":"Weltweit verantwortungsvolle, akkreditierte Produktion","alternateName":"WRAP Compliance","url":"https:\/\/wrapcompliance.org\/en\/","logo":{"@type":"ImageObject","inLanguage":"de-DE","@id":"https:\/\/wrapcompliance.org\/en\/#\/schema\/logo\/image\/","url":"https:\/\/wrapcompliance.org\/wp-content\/uploads\/2022\/03\/WRAP_Logo_Update_Color_RGB.png","contentUrl":"https:\/\/wrapcompliance.org\/wp-content\/uploads\/2022\/03\/WRAP_Logo_Update_Color_RGB.png","width":3601,"height":3451,"caption":"Worldwide Responsible Accredited Production"},"image":{"@id":"https:\/\/wrapcompliance.org\/en\/#\/schema\/logo\/image\/"},"sameAs":["https:\/\/www.facebook.com\/WRAPcompliance\/","https:\/\/x.com\/wrapcompliance","https:\/\/www.linkedin.com\/company\/wrapcompliance"]}]}},"_links":{"self":[{"href":"https:\/\/wrapcompliance.org\/de\/wp-json\/wp\/v2\/pages\/20461","targetHints":{"allow":["GET"]}}],"collection":[{"href":"https:\/\/wrapcompliance.org\/de\/wp-json\/wp\/v2\/pages"}],"about":[{"href":"https:\/\/wrapcompliance.org\/de\/wp-json\/wp\/v2\/types\/page"}],"author":[{"embeddable":true,"href":"https:\/\/wrapcompliance.org\/de\/wp-json\/wp\/v2\/users\/3"}],"replies":[{"embeddable":true,"href":"https:\/\/wrapcompliance.org\/de\/wp-json\/wp\/v2\/comments?post=20461"}],"version-history":[{"count":1,"href":"https:\/\/wrapcompliance.org\/de\/wp-json\/wp\/v2\/pages\/20461\/revisions"}],"predecessor-version":[{"id":2345011,"href":"https:\/\/wrapcompliance.org\/de\/wp-json\/wp\/v2\/pages\/20461\/revisions\/2345011"}],"up":[{"embeddable":true,"href":"https:\/\/wrapcompliance.org\/de\/wp-json\/wp\/v2\/pages\/24779"}],"wp:attachment":[{"href":"https:\/\/wrapcompliance.org\/de\/wp-json\/wp\/v2\/media?parent=20461"}],"curies":[{"name":"wp","href":"https:\/\/api.w.org\/{rel}","templated":true}]}}