{"id":2341256,"date":"2025-07-31T10:59:03","date_gmt":"2025-07-31T14:59:03","guid":{"rendered":"https:\/\/wrapcompliance.org\/?page_id=2341256"},"modified":"2025-07-31T13:54:39","modified_gmt":"2025-07-31T17:54:39","slug":"wrap-escp-partnership","status":"publish","type":"page","link":"https:\/\/wrapcompliance.org\/de\/collaboration\/wrap-escp-partnership\/","title":{"rendered":""},"content":{"rendered":"<div role=\"banner\" class=\"theme-block wp-block-theme-blocks-page-banner full-width has-background no-image\"><div class=\"wrap\"><div class=\"layout\"><h1 class=\"block-title appear-on-scroll\"><\/h1><div class=\"block-content\">\n<figure  class=\"appear-on-scroll wp-block-image size-full\" ><img loading=\"lazy\" decoding=\"async\" width=\"2000\" height=\"1000\" src=\"https:\/\/wrapcompliance.org\/wp-content\/uploads\/2025\/07\/ESCP_LOGO_Colour.png\" alt=\"Ethical Supply Chain Program\" class=\"wp-image-2341278\" srcset=\"https:\/\/wrapcompliance.org\/wp-content\/uploads\/2025\/07\/ESCP_LOGO_Colour.png 2000w, https:\/\/wrapcompliance.org\/wp-content\/uploads\/2025\/07\/ESCP_LOGO_Colour-300x150.png 300w, https:\/\/wrapcompliance.org\/wp-content\/uploads\/2025\/07\/ESCP_LOGO_Colour-1024x512.png 1024w, https:\/\/wrapcompliance.org\/wp-content\/uploads\/2025\/07\/ESCP_LOGO_Colour-768x384.png 768w, https:\/\/wrapcompliance.org\/wp-content\/uploads\/2025\/07\/ESCP_LOGO_Colour-1536x768.png 1536w, https:\/\/wrapcompliance.org\/wp-content\/uploads\/2025\/07\/ESCP_LOGO_Colour-18x9.png 18w, https:\/\/wrapcompliance.org\/wp-content\/uploads\/2025\/07\/ESCP_LOGO_Colour-600x300.png 600w, https:\/\/wrapcompliance.org\/wp-content\/uploads\/2025\/07\/ESCP_LOGO_Colour-1000x500.png 1000w\" sizes=\"auto, (max-width: 2000px) 100vw, 2000px\" \/><\/figure>\n<\/div><div class=\"block-background\" style=\"\"><\/div><\/div><\/div><\/div>\n\n<p class=\"appear-on-scroll\">Das&nbsp;<a href=\"https:\/\/www.ethicalsupplychain.org\/\" target=\"_blank\" rel=\"noreferrer noopener\">Programm f\u00fcr eine ethische Lieferkette<\/a>&nbsp;(ESCP) ist ein spezialisiertes Programm f\u00fcr verantwortungsvolle Beschaffung. Urspr\u00fcnglich f\u00fcr die Bed\u00fcrfnisse der globalen Spielwarenindustrie entwickelt, wird es heute in vielen Branchen eingesetzt und bietet branchen\u00fcbergreifende Programme an. Mit 20 Jahren Erfahrung unterst\u00fctzt ESCP Unternehmen dabei, ihre Umwelt-, Sozial- und Governance-Ziele (ESG) zu messen und zu erreichen, Arbeitsrisiken zu minimieren und einen sicheren und ethischen Arbeitsplatz f\u00fcr die Arbeitnehmer zu schaffen.&nbsp;<\/p>\n\n<p class=\"appear-on-scroll\"><a href=\"https:\/\/www.ethicalsupplychain.org\/news-events\/ethical-supply-chain-program-escp-and-worldwide-responsible-accredited-production-wrap-announce-strategic-partnership\" target=\"_blank\" rel=\"noreferrer noopener\">WRAP kooperiert mit ESCP<\/a>&nbsp;um ethische Praktiken in Produktionsst\u00e4tten weltweit zu verbessern. Die Organisationen arbeiten eng zusammen, um Lieferanten bei der Verbesserung der Arbeitsstandards zu unterst\u00fctzen und so ein sicheres und faires Arbeitsumfeld f\u00fcr alle Mitarbeiter zu gew\u00e4hrleisten. Dar\u00fcber hinaus wird WRAP die ESCP Worker Helpline als Pilotprojekt starten und in 40 Bekleidungsfabriken in verschiedenen L\u00e4ndern, beginnend in Vietnam, eine Co-Branding-Helpline einrichten. Diese Helpline bietet Arbeitern eine vertrauliche Anlaufstelle, um Bedenken zu \u00e4u\u00dfern und Unterst\u00fctzung zu suchen, wodurch die Arbeitsstandards und Arbeitnehmerrechte in der Branche weiter verbessert werden.&nbsp;<\/p>\n\n<div  class=\"appear-on-scroll wp-block-buttons is-layout-flex wp-block-buttons-is-layout-flex\" >\n<div class=\"wp-block-button\"><a class=\"wp-block-button__link wp-element-button\" href=\"\/de\/partners\/escp\/\"><span class=\"label\">Einblicke, Ressourcen und Veranstaltungen der ESCP-Partnerschaft ansehen<\/span><\/a><\/div>\n<\/div>","protected":false},"excerpt":{"rendered":"<p>The&nbsp;Ethical Supply Chain Program&nbsp;(ESCP) is a specialist responsible sourcing program. Originally designed for the needs of the global toy industry, it is now deployed in many sectors with all programs applicable to any industry. With 20 years\u2019 experience, ESCP supports businesses to measure and achieve their Environmental, Social, and Governance (ESG) objectives, mitigate labor risks [&hellip;]<\/p>\n","protected":false},"author":31,"featured_media":0,"parent":24702,"menu_order":0,"comment_status":"closed","ping_status":"closed","template":"","meta":{"_acf_changed":false,"featured_image_background_position":"","footnotes":""},"class_list":["post-2341256","page","type-page","status-publish","hentry"],"acf":[],"yoast_head":"<!-- This site is optimized with the Yoast SEO plugin v27.3 - https:\/\/yoast.com\/product\/yoast-seo-wordpress\/ -->\n<title>- WRAP Compliance<\/title>\n<meta name=\"robots\" content=\"index, follow, max-snippet:-1, max-image-preview:large, max-video-preview:-1\" \/>\n<link rel=\"canonical\" href=\"https:\/\/wrapcompliance.org\/de\/collaboration\/wrap-escp-partnership\/\" \/>\n<meta property=\"og:locale\" content=\"de_DE\" \/>\n<meta property=\"og:type\" content=\"article\" \/>\n<meta property=\"og:title\" content=\"- WRAP Compliance\" \/>\n<meta property=\"og:description\" content=\"The&nbsp;Ethical Supply Chain Program&nbsp;(ESCP) is a specialist responsible sourcing program. Originally designed for the needs of the global toy industry, it is now deployed in many sectors with all programs applicable to any industry. With 20 years\u2019 experience, ESCP supports businesses to measure and achieve their Environmental, Social, and Governance (ESG) objectives, mitigate labor risks [&hellip;]\" \/>\n<meta property=\"og:url\" content=\"https:\/\/wrapcompliance.org\/de\/collaboration\/wrap-escp-partnership\/\" \/>\n<meta property=\"og:site_name\" content=\"WRAP Compliance\" \/>\n<meta property=\"article:publisher\" content=\"https:\/\/www.facebook.com\/WRAPcompliance\/\" \/>\n<meta property=\"article:modified_time\" content=\"2025-07-31T17:54:39+00:00\" \/>\n<meta property=\"og:image\" content=\"https:\/\/wrapcompliance.org\/wp-content\/uploads\/2025\/07\/ESCP_LOGO_Colour.png\" \/>\n\t<meta property=\"og:image:width\" content=\"2000\" \/>\n\t<meta property=\"og:image:height\" content=\"1000\" \/>\n\t<meta property=\"og:image:type\" content=\"image\/png\" \/>\n<meta name=\"twitter:card\" content=\"summary_large_image\" \/>\n<meta name=\"twitter:site\" content=\"@wrapcompliance\" \/>\n<meta name=\"twitter:label1\" content=\"Gesch\u00e4tzte Lesezeit\" \/>\n\t<meta name=\"twitter:data1\" content=\"1 Minute\" \/>\n<script type=\"application\/ld+json\" class=\"yoast-schema-graph\">{\"@context\":\"https:\\\/\\\/schema.org\",\"@graph\":[{\"@type\":\"WebPage\",\"@id\":\"https:\\\/\\\/wrapcompliance.org\\\/collaboration\\\/wrap-escp-partnership\\\/\",\"url\":\"https:\\\/\\\/wrapcompliance.org\\\/collaboration\\\/wrap-escp-partnership\\\/\",\"name\":\"- WRAP Compliance\",\"isPartOf\":{\"@id\":\"https:\\\/\\\/wrapcompliance.org\\\/en\\\/#website\"},\"primaryImageOfPage\":{\"@id\":\"https:\\\/\\\/wrapcompliance.org\\\/collaboration\\\/wrap-escp-partnership\\\/#primaryimage\"},\"image\":{\"@id\":\"https:\\\/\\\/wrapcompliance.org\\\/collaboration\\\/wrap-escp-partnership\\\/#primaryimage\"},\"thumbnailUrl\":\"https:\\\/\\\/wrapcompliance.org\\\/wp-content\\\/uploads\\\/2025\\\/07\\\/ESCP_LOGO_Colour.png\",\"datePublished\":\"2025-07-31T14:59:03+00:00\",\"dateModified\":\"2025-07-31T17:54:39+00:00\",\"breadcrumb\":{\"@id\":\"https:\\\/\\\/wrapcompliance.org\\\/collaboration\\\/wrap-escp-partnership\\\/#breadcrumb\"},\"inLanguage\":\"de-DE\",\"potentialAction\":[{\"@type\":\"ReadAction\",\"target\":[\"https:\\\/\\\/wrapcompliance.org\\\/collaboration\\\/wrap-escp-partnership\\\/\"]}]},{\"@type\":\"ImageObject\",\"inLanguage\":\"de-DE\",\"@id\":\"https:\\\/\\\/wrapcompliance.org\\\/collaboration\\\/wrap-escp-partnership\\\/#primaryimage\",\"url\":\"https:\\\/\\\/wrapcompliance.org\\\/wp-content\\\/uploads\\\/2025\\\/07\\\/ESCP_LOGO_Colour.png\",\"contentUrl\":\"https:\\\/\\\/wrapcompliance.org\\\/wp-content\\\/uploads\\\/2025\\\/07\\\/ESCP_LOGO_Colour.png\"},{\"@type\":\"BreadcrumbList\",\"@id\":\"https:\\\/\\\/wrapcompliance.org\\\/collaboration\\\/wrap-escp-partnership\\\/#breadcrumb\",\"itemListElement\":[{\"@type\":\"ListItem\",\"position\":1,\"name\":\"Home\",\"item\":\"https:\\\/\\\/wrapcompliance.org\\\/\"},{\"@type\":\"ListItem\",\"position\":2,\"name\":\"Collaboration\",\"item\":\"https:\\\/\\\/wrapcompliance.org\\\/en\\\/collaboration\\\/\"}]},{\"@type\":\"WebSite\",\"@id\":\"https:\\\/\\\/wrapcompliance.org\\\/en\\\/#website\",\"url\":\"https:\\\/\\\/wrapcompliance.org\\\/en\\\/\",\"name\":\"WRAP Compliance\",\"description\":\"Ensuring production facilities operate in a safe, responsible, and ethical way. Through our 12 Principles, we promote lawful, humane manufacturing in facilities throughout the world via our Certification and Training programs.\",\"publisher\":{\"@id\":\"https:\\\/\\\/wrapcompliance.org\\\/en\\\/#organization\"},\"potentialAction\":[{\"@type\":\"SearchAction\",\"target\":{\"@type\":\"EntryPoint\",\"urlTemplate\":\"https:\\\/\\\/wrapcompliance.org\\\/en\\\/?s={search_term_string}\"},\"query-input\":{\"@type\":\"PropertyValueSpecification\",\"valueRequired\":true,\"valueName\":\"search_term_string\"}}],\"inLanguage\":\"de-DE\"},{\"@type\":\"Organization\",\"@id\":\"https:\\\/\\\/wrapcompliance.org\\\/en\\\/#organization\",\"name\":\"Worldwide Responsible Accredited Production\",\"alternateName\":\"WRAP Compliance\",\"url\":\"https:\\\/\\\/wrapcompliance.org\\\/en\\\/\",\"logo\":{\"@type\":\"ImageObject\",\"inLanguage\":\"de-DE\",\"@id\":\"https:\\\/\\\/wrapcompliance.org\\\/en\\\/#\\\/schema\\\/logo\\\/image\\\/\",\"url\":\"https:\\\/\\\/wrapcompliance.org\\\/wp-content\\\/uploads\\\/2022\\\/03\\\/WRAP_Logo_Update_Color_RGB.png\",\"contentUrl\":\"https:\\\/\\\/wrapcompliance.org\\\/wp-content\\\/uploads\\\/2022\\\/03\\\/WRAP_Logo_Update_Color_RGB.png\",\"width\":3601,\"height\":3451,\"caption\":\"Worldwide Responsible Accredited Production\"},\"image\":{\"@id\":\"https:\\\/\\\/wrapcompliance.org\\\/en\\\/#\\\/schema\\\/logo\\\/image\\\/\"},\"sameAs\":[\"https:\\\/\\\/www.facebook.com\\\/WRAPcompliance\\\/\",\"https:\\\/\\\/x.com\\\/wrapcompliance\",\"https:\\\/\\\/www.linkedin.com\\\/company\\\/wrapcompliance\"]}]}<\/script>\n<!-- \/ Yoast SEO plugin. -->","yoast_head_json":{"title":"- WRAP-Konformit\u00e4t","robots":{"index":"index","follow":"follow","max-snippet":"max-snippet:-1","max-image-preview":"max-image-preview:large","max-video-preview":"max-video-preview:-1"},"canonical":"https:\/\/wrapcompliance.org\/de\/collaboration\/wrap-escp-partnership\/","og_locale":"de_DE","og_type":"article","og_title":"- WRAP Compliance","og_description":"The&nbsp;Ethical Supply Chain Program&nbsp;(ESCP) is a specialist responsible sourcing program. Originally designed for the needs of the global toy industry, it is now deployed in many sectors with all programs applicable to any industry. With 20 years\u2019 experience, ESCP supports businesses to measure and achieve their Environmental, Social, and Governance (ESG) objectives, mitigate labor risks [&hellip;]","og_url":"https:\/\/wrapcompliance.org\/de\/collaboration\/wrap-escp-partnership\/","og_site_name":"WRAP Compliance","article_publisher":"https:\/\/www.facebook.com\/WRAPcompliance\/","article_modified_time":"2025-07-31T17:54:39+00:00","og_image":[{"width":2000,"height":1000,"url":"https:\/\/wrapcompliance.org\/wp-content\/uploads\/2025\/07\/ESCP_LOGO_Colour.png","type":"image\/png"}],"twitter_card":"summary_large_image","twitter_site":"@wrapcompliance","twitter_misc":{"Gesch\u00e4tzte Lesezeit":"1 Minute"},"schema":{"@context":"https:\/\/schema.org","@graph":[{"@type":"WebPage","@id":"https:\/\/wrapcompliance.org\/collaboration\/wrap-escp-partnership\/","url":"https:\/\/wrapcompliance.org\/collaboration\/wrap-escp-partnership\/","name":"- WRAP-Konformit\u00e4t","isPartOf":{"@id":"https:\/\/wrapcompliance.org\/en\/#website"},"primaryImageOfPage":{"@id":"https:\/\/wrapcompliance.org\/collaboration\/wrap-escp-partnership\/#primaryimage"},"image":{"@id":"https:\/\/wrapcompliance.org\/collaboration\/wrap-escp-partnership\/#primaryimage"},"thumbnailUrl":"https:\/\/wrapcompliance.org\/wp-content\/uploads\/2025\/07\/ESCP_LOGO_Colour.png","datePublished":"2025-07-31T14:59:03+00:00","dateModified":"2025-07-31T17:54:39+00:00","breadcrumb":{"@id":"https:\/\/wrapcompliance.org\/collaboration\/wrap-escp-partnership\/#breadcrumb"},"inLanguage":"de-DE","potentialAction":[{"@type":"ReadAction","target":["https:\/\/wrapcompliance.org\/collaboration\/wrap-escp-partnership\/"]}]},{"@type":"ImageObject","inLanguage":"de-DE","@id":"https:\/\/wrapcompliance.org\/collaboration\/wrap-escp-partnership\/#primaryimage","url":"https:\/\/wrapcompliance.org\/wp-content\/uploads\/2025\/07\/ESCP_LOGO_Colour.png","contentUrl":"https:\/\/wrapcompliance.org\/wp-content\/uploads\/2025\/07\/ESCP_LOGO_Colour.png"},{"@type":"BreadcrumbList","@id":"https:\/\/wrapcompliance.org\/collaboration\/wrap-escp-partnership\/#breadcrumb","itemListElement":[{"@type":"ListItem","position":1,"name":"Home","item":"https:\/\/wrapcompliance.org\/"},{"@type":"ListItem","position":2,"name":"Collaboration","item":"https:\/\/wrapcompliance.org\/en\/collaboration\/"}]},{"@type":"WebSite","@id":"https:\/\/wrapcompliance.org\/en\/#website","url":"https:\/\/wrapcompliance.org\/en\/","name":"WRAP-Konformit\u00e4t","description":"Gew\u00e4hrleistung eines sicheren, verantwortungsvollen und ethischen Betriebs der Produktionsanlagen. Durch unsere 12 Prinzipien f\u00f6rdern wir \u00fcber unsere Zertifizierungs- und Schulungsprogramme eine rechtm\u00e4\u00dfige, humane Herstellung in Anlagen auf der ganzen Welt.","publisher":{"@id":"https:\/\/wrapcompliance.org\/en\/#organization"},"potentialAction":[{"@type":"SearchAction","target":{"@type":"EntryPoint","urlTemplate":"https:\/\/wrapcompliance.org\/en\/?s={search_term_string}"},"query-input":{"@type":"PropertyValueSpecification","valueRequired":true,"valueName":"search_term_string"}}],"inLanguage":"de-DE"},{"@type":"Organization","@id":"https:\/\/wrapcompliance.org\/en\/#organization","name":"Weltweit verantwortungsvolle, akkreditierte Produktion","alternateName":"WRAP Compliance","url":"https:\/\/wrapcompliance.org\/en\/","logo":{"@type":"ImageObject","inLanguage":"de-DE","@id":"https:\/\/wrapcompliance.org\/en\/#\/schema\/logo\/image\/","url":"https:\/\/wrapcompliance.org\/wp-content\/uploads\/2022\/03\/WRAP_Logo_Update_Color_RGB.png","contentUrl":"https:\/\/wrapcompliance.org\/wp-content\/uploads\/2022\/03\/WRAP_Logo_Update_Color_RGB.png","width":3601,"height":3451,"caption":"Worldwide Responsible Accredited Production"},"image":{"@id":"https:\/\/wrapcompliance.org\/en\/#\/schema\/logo\/image\/"},"sameAs":["https:\/\/www.facebook.com\/WRAPcompliance\/","https:\/\/x.com\/wrapcompliance","https:\/\/www.linkedin.com\/company\/wrapcompliance"]}]}},"_links":{"self":[{"href":"https:\/\/wrapcompliance.org\/de\/wp-json\/wp\/v2\/pages\/2341256","targetHints":{"allow":["GET"]}}],"collection":[{"href":"https:\/\/wrapcompliance.org\/de\/wp-json\/wp\/v2\/pages"}],"about":[{"href":"https:\/\/wrapcompliance.org\/de\/wp-json\/wp\/v2\/types\/page"}],"author":[{"embeddable":true,"href":"https:\/\/wrapcompliance.org\/de\/wp-json\/wp\/v2\/users\/31"}],"replies":[{"embeddable":true,"href":"https:\/\/wrapcompliance.org\/de\/wp-json\/wp\/v2\/comments?post=2341256"}],"version-history":[{"count":0,"href":"https:\/\/wrapcompliance.org\/de\/wp-json\/wp\/v2\/pages\/2341256\/revisions"}],"up":[{"embeddable":true,"href":"https:\/\/wrapcompliance.org\/de\/wp-json\/wp\/v2\/pages\/24702"}],"wp:attachment":[{"href":"https:\/\/wrapcompliance.org\/de\/wp-json\/wp\/v2\/media?parent=2341256"}],"curies":[{"name":"wp","href":"https:\/\/api.w.org\/{rel}","templated":true}]}}