{"id":2341549,"date":"2025-08-19T10:41:44","date_gmt":"2025-08-19T14:41:44","guid":{"rendered":"https:\/\/wrapcompliance.org\/?page_id=2341549"},"modified":"2026-04-17T14:49:19","modified_gmt":"2026-04-17T18:49:19","slug":"medline","status":"publish","type":"page","link":"https:\/\/wrapcompliance.org\/de\/collaboration\/medline\/","title":{"rendered":""},"content":{"rendered":"<div role=\"banner\" class=\"theme-block wp-block-theme-blocks-page-banner full-width has-background no-image\"><div class=\"wrap\"><div class=\"layout\"><h1 class=\"block-title appear-on-scroll\"><\/h1><div class=\"block-content\">\n<figure  class=\"appear-on-scroll wp-block-image aligncenter size-full is-resized\" ><img loading=\"lazy\" decoding=\"async\" width=\"671\" height=\"671\" src=\"https:\/\/wrapcompliance.org\/wp-content\/uploads\/2025\/08\/LOG_Medline_RGB.jpg\" alt=\"\" class=\"wp-image-2341550\" style=\"object-fit:cover;width:150px;height:150px\" srcset=\"https:\/\/wrapcompliance.org\/wp-content\/uploads\/2025\/08\/LOG_Medline_RGB.jpg 671w, https:\/\/wrapcompliance.org\/wp-content\/uploads\/2025\/08\/LOG_Medline_RGB-300x300.jpg 300w, https:\/\/wrapcompliance.org\/wp-content\/uploads\/2025\/08\/LOG_Medline_RGB-150x150.jpg 150w, https:\/\/wrapcompliance.org\/wp-content\/uploads\/2025\/08\/LOG_Medline_RGB-12x12.jpg 12w, https:\/\/wrapcompliance.org\/wp-content\/uploads\/2025\/08\/LOG_Medline_RGB-100x100.jpg 100w, https:\/\/wrapcompliance.org\/wp-content\/uploads\/2025\/08\/LOG_Medline_RGB-600x600.jpg 600w\" sizes=\"auto, (max-width: 671px) 100vw, 671px\" \/><\/figure>\n<\/div><div class=\"block-background\" style=\"--background-color:#F1F1FF\"><\/div><\/div><\/div><\/div>\n\n<p class=\"appear-on-scroll\">Mit Wurzeln, die bis ins Jahr 1910 zur\u00fcckreichen, <a href=\"https:\/\/www.medline.eu\/\">Medline<\/a> ist ein f\u00fchrender Hersteller und Vertreiber von Medizinprodukten. Das Unternehmen bietet ein umfassendes Sortiment an medizinischen Verbrauchsmaterialien, darunter Handschuhe, OP-Sets, T\u00fccher und Kittel, Schutzkleidung, Fl\u00fcssigkeitsmanagement, Bedarfsartikel f\u00fcr Operationss\u00e4le und Intensivstationen sowie Produkte zur Patientenpflege.<\/p>\n\n<p  class=\"appear-on-scroll is-style-default\" >Das <a href=\"https:\/\/www.medline.eu\/news\/medline-and-wraps-impact-on-responsible-production-in-medical-devices\">Medline-WRAP-Partnerschaft<\/a> entstand 2016 aus Medlines Teilnahme an einem von WRAP geleiteten Praktikum zur ethischen Beschaffung, das zu einer formellen Aufforderung an WRAP f\u00fchrte, Medlines Verhaltenskodex f\u00fcr Lieferanten zu \u00fcberarbeiten. Bereits 2019 durchlief Medlines Abteilung f\u00fcr Operationshandschuhe als erste den WRAP-Zertifizierungsprozess. Dies f\u00fchrte dazu, dass ein Werk in Indonesien, das Medline-Handschuhe herstellt, als erstes in der medizinischen Handschuhbranche die WRAP-Zertifizierung erhielt. Im Jahr 2022 erhielt dasselbe Werk die Platin-Zertifizierung von WRAP, die h\u00f6chstm\u00f6gliche Anerkennung. Bis heute ist dieses Werk der einzige Handschuhanbieter weltweit mit dieser erstklassigen Zertifizierung.<\/p>\n\n<div  class=\"appear-on-scroll wp-block-buttons is-content-justification-left is-layout-flex wp-container-core-buttons-is-layout-fdcfc74e wp-block-buttons-is-layout-flex\" >\n<div class=\"wp-block-button\"><a class=\"wp-block-button__link wp-element-button\" href=\"\/de\/partners\/medline\/\"><span class=\"label\">Einblicke, Ressourcen und Veranstaltungen der MEDLINE-Partnerschaft ansehen<\/span><\/a><\/div>\n<\/div>","protected":false},"excerpt":{"rendered":"<p>With roots dating back to 1910, Medline is a leading manufacturer and distributor of medical products. It offers a comprehensive range of medical consumables, including gloves, surgical kits, drapes and gowns, protective apparel, fluid management, essentials for the operating theatre and critical care unit, and patient care products. The Medline-WRAP partnership originated in 2016 from [&hellip;]<\/p>\n","protected":false},"author":5016,"featured_media":0,"parent":24779,"menu_order":0,"comment_status":"closed","ping_status":"closed","template":"","meta":{"_acf_changed":false,"featured_image_background_position":"","footnotes":""},"class_list":["post-2341549","page","type-page","status-publish","hentry"],"acf":[],"yoast_head":"<!-- This site is optimized with the Yoast SEO plugin v27.3 - https:\/\/yoast.com\/product\/yoast-seo-wordpress\/ -->\n<title>- WRAP Compliance<\/title>\n<meta name=\"robots\" content=\"index, follow, max-snippet:-1, max-image-preview:large, max-video-preview:-1\" \/>\n<link rel=\"canonical\" href=\"https:\/\/wrapcompliance.org\/de\/collaboration\/medline\/\" \/>\n<meta property=\"og:locale\" content=\"de_DE\" \/>\n<meta property=\"og:type\" content=\"article\" \/>\n<meta property=\"og:title\" content=\"- WRAP Compliance\" \/>\n<meta property=\"og:description\" content=\"With roots dating back to 1910, Medline is a leading manufacturer and distributor of medical products. It offers a comprehensive range of medical consumables, including gloves, surgical kits, drapes and gowns, protective apparel, fluid management, essentials for the operating theatre and critical care unit, and patient care products. The Medline-WRAP partnership originated in 2016 from [&hellip;]\" \/>\n<meta property=\"og:url\" content=\"https:\/\/wrapcompliance.org\/de\/collaboration\/medline\/\" \/>\n<meta property=\"og:site_name\" content=\"WRAP Compliance\" \/>\n<meta property=\"article:publisher\" content=\"https:\/\/www.facebook.com\/WRAPcompliance\/\" \/>\n<meta property=\"article:modified_time\" content=\"2026-04-17T18:49:19+00:00\" \/>\n<meta property=\"og:image\" content=\"https:\/\/wrapcompliance.org\/wp-content\/uploads\/2025\/08\/LOG_Medline_RGB.jpg\" \/>\n\t<meta property=\"og:image:width\" content=\"671\" \/>\n\t<meta property=\"og:image:height\" content=\"671\" \/>\n\t<meta property=\"og:image:type\" content=\"image\/jpeg\" \/>\n<meta name=\"twitter:card\" content=\"summary_large_image\" \/>\n<meta name=\"twitter:site\" content=\"@wrapcompliance\" \/>\n<meta name=\"twitter:label1\" content=\"Gesch\u00e4tzte Lesezeit\" \/>\n\t<meta name=\"twitter:data1\" content=\"1 Minute\" \/>\n<script type=\"application\/ld+json\" class=\"yoast-schema-graph\">{\"@context\":\"https:\\\/\\\/schema.org\",\"@graph\":[{\"@type\":\"WebPage\",\"@id\":\"https:\\\/\\\/wrapcompliance.org\\\/collaboration\\\/medline\\\/\",\"url\":\"https:\\\/\\\/wrapcompliance.org\\\/collaboration\\\/medline\\\/\",\"name\":\"- WRAP Compliance\",\"isPartOf\":{\"@id\":\"https:\\\/\\\/wrapcompliance.org\\\/en\\\/#website\"},\"primaryImageOfPage\":{\"@id\":\"https:\\\/\\\/wrapcompliance.org\\\/collaboration\\\/medline\\\/#primaryimage\"},\"image\":{\"@id\":\"https:\\\/\\\/wrapcompliance.org\\\/collaboration\\\/medline\\\/#primaryimage\"},\"thumbnailUrl\":\"https:\\\/\\\/wrapcompliance.org\\\/wp-content\\\/uploads\\\/2025\\\/08\\\/LOG_Medline_RGB.jpg\",\"datePublished\":\"2025-08-19T14:41:44+00:00\",\"dateModified\":\"2026-04-17T18:49:19+00:00\",\"breadcrumb\":{\"@id\":\"https:\\\/\\\/wrapcompliance.org\\\/collaboration\\\/medline\\\/#breadcrumb\"},\"inLanguage\":\"de-DE\",\"potentialAction\":[{\"@type\":\"ReadAction\",\"target\":[\"https:\\\/\\\/wrapcompliance.org\\\/collaboration\\\/medline\\\/\"]}]},{\"@type\":\"ImageObject\",\"inLanguage\":\"de-DE\",\"@id\":\"https:\\\/\\\/wrapcompliance.org\\\/collaboration\\\/medline\\\/#primaryimage\",\"url\":\"https:\\\/\\\/wrapcompliance.org\\\/wp-content\\\/uploads\\\/2025\\\/08\\\/LOG_Medline_RGB.jpg\",\"contentUrl\":\"https:\\\/\\\/wrapcompliance.org\\\/wp-content\\\/uploads\\\/2025\\\/08\\\/LOG_Medline_RGB.jpg\"},{\"@type\":\"BreadcrumbList\",\"@id\":\"https:\\\/\\\/wrapcompliance.org\\\/collaboration\\\/medline\\\/#breadcrumb\",\"itemListElement\":[{\"@type\":\"ListItem\",\"position\":1,\"name\":\"Home\",\"item\":\"https:\\\/\\\/wrapcompliance.org\\\/\"},{\"@type\":\"ListItem\",\"position\":2,\"name\":\"Leadership in Action\",\"item\":\"https:\\\/\\\/wrapcompliance.org\\\/collaboration\\\/\"}]},{\"@type\":\"WebSite\",\"@id\":\"https:\\\/\\\/wrapcompliance.org\\\/en\\\/#website\",\"url\":\"https:\\\/\\\/wrapcompliance.org\\\/en\\\/\",\"name\":\"WRAP Compliance\",\"description\":\"Ensuring production facilities operate in a safe, responsible, and ethical way. Through our 12 Principles, we promote lawful, humane manufacturing in facilities throughout the world via our Certification and Training programs.\",\"publisher\":{\"@id\":\"https:\\\/\\\/wrapcompliance.org\\\/en\\\/#organization\"},\"potentialAction\":[{\"@type\":\"SearchAction\",\"target\":{\"@type\":\"EntryPoint\",\"urlTemplate\":\"https:\\\/\\\/wrapcompliance.org\\\/en\\\/?s={search_term_string}\"},\"query-input\":{\"@type\":\"PropertyValueSpecification\",\"valueRequired\":true,\"valueName\":\"search_term_string\"}}],\"inLanguage\":\"de-DE\"},{\"@type\":\"Organization\",\"@id\":\"https:\\\/\\\/wrapcompliance.org\\\/en\\\/#organization\",\"name\":\"Worldwide Responsible Accredited Production\",\"alternateName\":\"WRAP Compliance\",\"url\":\"https:\\\/\\\/wrapcompliance.org\\\/en\\\/\",\"logo\":{\"@type\":\"ImageObject\",\"inLanguage\":\"de-DE\",\"@id\":\"https:\\\/\\\/wrapcompliance.org\\\/en\\\/#\\\/schema\\\/logo\\\/image\\\/\",\"url\":\"https:\\\/\\\/wrapcompliance.org\\\/wp-content\\\/uploads\\\/2022\\\/03\\\/WRAP_Logo_Update_Color_RGB.png\",\"contentUrl\":\"https:\\\/\\\/wrapcompliance.org\\\/wp-content\\\/uploads\\\/2022\\\/03\\\/WRAP_Logo_Update_Color_RGB.png\",\"width\":3601,\"height\":3451,\"caption\":\"Worldwide Responsible Accredited Production\"},\"image\":{\"@id\":\"https:\\\/\\\/wrapcompliance.org\\\/en\\\/#\\\/schema\\\/logo\\\/image\\\/\"},\"sameAs\":[\"https:\\\/\\\/www.facebook.com\\\/WRAPcompliance\\\/\",\"https:\\\/\\\/x.com\\\/wrapcompliance\",\"https:\\\/\\\/www.linkedin.com\\\/company\\\/wrapcompliance\"]}]}<\/script>\n<!-- \/ Yoast SEO plugin. -->","yoast_head_json":{"title":"- WRAP-Konformit\u00e4t","robots":{"index":"index","follow":"follow","max-snippet":"max-snippet:-1","max-image-preview":"max-image-preview:large","max-video-preview":"max-video-preview:-1"},"canonical":"https:\/\/wrapcompliance.org\/de\/collaboration\/medline\/","og_locale":"de_DE","og_type":"article","og_title":"- WRAP Compliance","og_description":"With roots dating back to 1910, Medline is a leading manufacturer and distributor of medical products. It offers a comprehensive range of medical consumables, including gloves, surgical kits, drapes and gowns, protective apparel, fluid management, essentials for the operating theatre and critical care unit, and patient care products. The Medline-WRAP partnership originated in 2016 from [&hellip;]","og_url":"https:\/\/wrapcompliance.org\/de\/collaboration\/medline\/","og_site_name":"WRAP Compliance","article_publisher":"https:\/\/www.facebook.com\/WRAPcompliance\/","article_modified_time":"2026-04-17T18:49:19+00:00","og_image":[{"width":671,"height":671,"url":"https:\/\/wrapcompliance.org\/wp-content\/uploads\/2025\/08\/LOG_Medline_RGB.jpg","type":"image\/jpeg"}],"twitter_card":"summary_large_image","twitter_site":"@wrapcompliance","twitter_misc":{"Gesch\u00e4tzte Lesezeit":"1 Minute"},"schema":{"@context":"https:\/\/schema.org","@graph":[{"@type":"WebPage","@id":"https:\/\/wrapcompliance.org\/collaboration\/medline\/","url":"https:\/\/wrapcompliance.org\/collaboration\/medline\/","name":"- WRAP-Konformit\u00e4t","isPartOf":{"@id":"https:\/\/wrapcompliance.org\/en\/#website"},"primaryImageOfPage":{"@id":"https:\/\/wrapcompliance.org\/collaboration\/medline\/#primaryimage"},"image":{"@id":"https:\/\/wrapcompliance.org\/collaboration\/medline\/#primaryimage"},"thumbnailUrl":"https:\/\/wrapcompliance.org\/wp-content\/uploads\/2025\/08\/LOG_Medline_RGB.jpg","datePublished":"2025-08-19T14:41:44+00:00","dateModified":"2026-04-17T18:49:19+00:00","breadcrumb":{"@id":"https:\/\/wrapcompliance.org\/collaboration\/medline\/#breadcrumb"},"inLanguage":"de-DE","potentialAction":[{"@type":"ReadAction","target":["https:\/\/wrapcompliance.org\/collaboration\/medline\/"]}]},{"@type":"ImageObject","inLanguage":"de-DE","@id":"https:\/\/wrapcompliance.org\/collaboration\/medline\/#primaryimage","url":"https:\/\/wrapcompliance.org\/wp-content\/uploads\/2025\/08\/LOG_Medline_RGB.jpg","contentUrl":"https:\/\/wrapcompliance.org\/wp-content\/uploads\/2025\/08\/LOG_Medline_RGB.jpg"},{"@type":"BreadcrumbList","@id":"https:\/\/wrapcompliance.org\/collaboration\/medline\/#breadcrumb","itemListElement":[{"@type":"ListItem","position":1,"name":"Home","item":"https:\/\/wrapcompliance.org\/"},{"@type":"ListItem","position":2,"name":"Leadership in Action","item":"https:\/\/wrapcompliance.org\/collaboration\/"}]},{"@type":"WebSite","@id":"https:\/\/wrapcompliance.org\/en\/#website","url":"https:\/\/wrapcompliance.org\/en\/","name":"WRAP-Konformit\u00e4t","description":"Gew\u00e4hrleistung eines sicheren, verantwortungsvollen und ethischen Betriebs der Produktionsanlagen. Durch unsere 12 Prinzipien f\u00f6rdern wir \u00fcber unsere Zertifizierungs- und Schulungsprogramme eine rechtm\u00e4\u00dfige, humane Herstellung in Anlagen auf der ganzen Welt.","publisher":{"@id":"https:\/\/wrapcompliance.org\/en\/#organization"},"potentialAction":[{"@type":"SearchAction","target":{"@type":"EntryPoint","urlTemplate":"https:\/\/wrapcompliance.org\/en\/?s={search_term_string}"},"query-input":{"@type":"PropertyValueSpecification","valueRequired":true,"valueName":"search_term_string"}}],"inLanguage":"de-DE"},{"@type":"Organization","@id":"https:\/\/wrapcompliance.org\/en\/#organization","name":"Weltweit verantwortungsvolle, akkreditierte Produktion","alternateName":"WRAP Compliance","url":"https:\/\/wrapcompliance.org\/en\/","logo":{"@type":"ImageObject","inLanguage":"de-DE","@id":"https:\/\/wrapcompliance.org\/en\/#\/schema\/logo\/image\/","url":"https:\/\/wrapcompliance.org\/wp-content\/uploads\/2022\/03\/WRAP_Logo_Update_Color_RGB.png","contentUrl":"https:\/\/wrapcompliance.org\/wp-content\/uploads\/2022\/03\/WRAP_Logo_Update_Color_RGB.png","width":3601,"height":3451,"caption":"Worldwide Responsible Accredited Production"},"image":{"@id":"https:\/\/wrapcompliance.org\/en\/#\/schema\/logo\/image\/"},"sameAs":["https:\/\/www.facebook.com\/WRAPcompliance\/","https:\/\/x.com\/wrapcompliance","https:\/\/www.linkedin.com\/company\/wrapcompliance"]}]}},"_links":{"self":[{"href":"https:\/\/wrapcompliance.org\/de\/wp-json\/wp\/v2\/pages\/2341549","targetHints":{"allow":["GET"]}}],"collection":[{"href":"https:\/\/wrapcompliance.org\/de\/wp-json\/wp\/v2\/pages"}],"about":[{"href":"https:\/\/wrapcompliance.org\/de\/wp-json\/wp\/v2\/types\/page"}],"author":[{"embeddable":true,"href":"https:\/\/wrapcompliance.org\/de\/wp-json\/wp\/v2\/users\/5016"}],"replies":[{"embeddable":true,"href":"https:\/\/wrapcompliance.org\/de\/wp-json\/wp\/v2\/comments?post=2341549"}],"version-history":[{"count":1,"href":"https:\/\/wrapcompliance.org\/de\/wp-json\/wp\/v2\/pages\/2341549\/revisions"}],"predecessor-version":[{"id":2345009,"href":"https:\/\/wrapcompliance.org\/de\/wp-json\/wp\/v2\/pages\/2341549\/revisions\/2345009"}],"up":[{"embeddable":true,"href":"https:\/\/wrapcompliance.org\/de\/wp-json\/wp\/v2\/pages\/24779"}],"wp:attachment":[{"href":"https:\/\/wrapcompliance.org\/de\/wp-json\/wp\/v2\/media?parent=2341549"}],"curies":[{"name":"wp","href":"https:\/\/api.w.org\/{rel}","templated":true}]}}