{"id":24450,"date":"2022-06-15T14:07:55","date_gmt":"2022-06-15T18:07:55","guid":{"rendered":"https:\/\/wrapcompliance.org\/?page_id=24450"},"modified":"2026-04-10T10:07:34","modified_gmt":"2026-04-10T14:07:34","slug":"faq","status":"publish","type":"page","link":"https:\/\/wrapcompliance.org\/de\/certification\/faq\/","title":{"rendered":"FAQ"},"content":{"rendered":"<div role=\"banner\" class=\"theme-block wp-block-theme-blocks-page-banner full-width has-background no-image\"><div class=\"wrap\"><div class=\"layout\"><h1 class=\"block-title appear-on-scroll\">FAQ<\/h1><div class=\"block-content\">\n<p  class=\"appear-on-scroll is-style-intro has-max-width-800\" ><\/p>\n<\/div><div class=\"block-background\" style=\"\"><\/div><\/div><\/div><\/div>\n\n<div  class=\"theme-block wp-block-group contact-info is-layout-flow wp-block-group-is-layout-flow\" ><div class=\"wp-block-group__inner-container\"><h4  class=\"appear-on-scroll wp-block-heading has-arrow-down is-style-expandable\" ><span class=\"text\">Wie viel kostet die WRAP-Zertifizierung?<\/span><svg class=\"icon svg-icon icon-arrow-right\"><use xlink:href=\"https:\/\/wrapcompliance.org\/wp-content\/themes\/wrapcompliance\/images\/icons.svg#icon-arrow-right\"><\/use><\/svg><\/h4>\n\n<figure  class=\"appear-on-scroll wp-block-image aligncenter size-large is-resized has-no-margin-bottom has-no-margin-top\" ><img loading=\"lazy\" decoding=\"async\" width=\"1024\" height=\"658\" src=\"https:\/\/wrapcompliance.org\/wp-content\/uploads\/2024\/01\/Pricing-Structure-Chart-1-1024x658.png\" alt=\"\" class=\"wp-image-2333006\" style=\"width:600px\" srcset=\"https:\/\/wrapcompliance.org\/wp-content\/uploads\/2024\/01\/Pricing-Structure-Chart-1-1024x658.png 1024w, https:\/\/wrapcompliance.org\/wp-content\/uploads\/2024\/01\/Pricing-Structure-Chart-1-300x193.png 300w, https:\/\/wrapcompliance.org\/wp-content\/uploads\/2024\/01\/Pricing-Structure-Chart-1-768x493.png 768w, https:\/\/wrapcompliance.org\/wp-content\/uploads\/2024\/01\/Pricing-Structure-Chart-1-18x12.png 18w, https:\/\/wrapcompliance.org\/wp-content\/uploads\/2024\/01\/Pricing-Structure-Chart-1-600x386.png 600w, https:\/\/wrapcompliance.org\/wp-content\/uploads\/2024\/01\/Pricing-Structure-Chart-1-1000x643.png 1000w, https:\/\/wrapcompliance.org\/wp-content\/uploads\/2024\/01\/Pricing-Structure-Chart-1.png 1449w\" sizes=\"auto, (max-width: 1024px) 100vw, 1024px\" \/><\/figure>\n\n\n<div style=\"height:25px\" aria-hidden=\"true\" class=\"wp-block-spacer\"><\/div>\n\n\n<p class=\"appear-on-scroll\">Worldwide Responsible Accredited Production (WRAP) ist eine gemeinn\u00fctzige Organisation zur \u00dcberpr\u00fcfung sozialer Compliance. Unser Finanzierungsmodell basiert ausschlie\u00dflich auf Geb\u00fchren; wir erheben keine Mitgliedsbeitr\u00e4ge, werben nicht um staatliche Zusch\u00fcsse und wenden uns nicht an Stiftungen oder wohlt\u00e4tige Spenden. Alle unsere Betriebskosten werden durch die Einnahmen aus unseren Dienstleistungen gedeckt. Wir arbeiten hart daran, Mehrwert zu schaffen und gleichzeitig Kosten und Geb\u00fchren niedrig zu halten. Um auch weiterhin den hohen Wert zu liefern, f\u00fcr den wir bekannt sind, m\u00fcssen wir Investitionen t\u00e4tigen, die Wachstum f\u00f6rdern \u2013 einschlie\u00dflich der Modernisierung unserer IT-Systeme und der Einstellung neuer Mitarbeiter in Regionen mit erh\u00f6htem Ressourcenbedarf.<\/p>\n\n<p class=\"appear-on-scroll\">The application fee is paid based on the number of workers that are reported at the time of application. However, WRAP will compare the number of workers reported on the application against the number of workers recorded at the time of the audit and if the difference impacts the facility\u2019s fee category, WRAP reserves the right to withhold certification until the correct fee (based on the audited worker count) is paid.<\/p>\n\n<p class=\"appear-on-scroll\"><strong>In der Registrierungsgeb\u00fchr ist der Preis f\u00fcr das Audit nicht enthalten. Dieser wird von den einzelnen \u00dcberwachungsunternehmen festgelegt und von der Einrichtung, die die Zertifizierung anstrebt, direkt an diese gezahlt.&nbsp;<a href=\"https:\/\/wrapcompliance.org\/de\/certification\/certification-explained\/\">Weitere Informationen finden Sie auf unserer Zertifizierungsseite<\/a>.<\/strong><\/p>\n\n<p class=\"appear-on-scroll\">Einrichtungen mit 100 oder weniger Arbeitnehmern zahlen $650; Einrichtungen mit 101 \u2013 200 Arbeitnehmern zahlen $950; Einrichtungen mit 201 \u2013 1.000 Arbeitnehmern zahlen $1.350; und Einrichtungen mit 1.001+ Arbeitnehmern zahlen $1.550.<br><\/p>\n\n<h4  class=\"appear-on-scroll wp-block-heading is-style-expandable has-arrow-down\" ><span class=\"text\">Wer kann eine WRAP-Zertifizierung anstreben?<\/span><svg class=\"icon svg-icon icon-arrow-right\"><use xlink:href=\"https:\/\/wrapcompliance.org\/wp-content\/themes\/wrapcompliance\/images\/icons.svg#icon-arrow-right\"><\/use><\/svg><\/h4>\n\n<p class=\"appear-on-scroll\">WRAP-Zertifikate k\u00f6nnen nur an einzelne Produktionseinheiten vergeben werden. Holdinggesellschaften, Marken und Einzelh\u00e4ndler sind nicht antragsberechtigt. Unser Zertifizierungsprogramm konzentriert sich haupts\u00e4chlich auf N\u00e4hprodukte, Bekleidung, Schuhe und verwandte Branchen.<\/p>\n\n<h4  class=\"appear-on-scroll wp-block-heading is-style-expandable has-arrow-down\" ><span class=\"text\">Wie wird eine Produktionsst\u00e4tte WRAP-zertifiziert?<\/span><svg class=\"icon svg-icon icon-arrow-right\"><use xlink:href=\"https:\/\/wrapcompliance.org\/wp-content\/themes\/wrapcompliance\/images\/icons.svg#icon-arrow-right\"><\/use><\/svg><\/h4>\n\n<p class=\"appear-on-scroll\">Der Erwerb eines WRAP-Zertifikats beinhaltet <a href=\"\/de\/certification\/certification-explained\/\">ein f\u00fcnfstufiger Prozess<\/a>. Es beginnt damit, dass die Produktionsst\u00e4tte einen ersten Antrag bei WRAP einreicht und die Registrierungsgeb\u00fchr bezahlt. Anschlie\u00dfend f\u00fchrt die Anlage eine Selbstbewertung vor dem Audit (PASA) durch, um ihre Einhaltung der WRAP-Vorschriften zu \u00fcberpr\u00fcfen. <a href=\"https:\/\/wrapcompliance.org\/de\/about\/what-we-do\/12-principles\/\">12 Grunds\u00e4tze<\/a>, gefolgt von einem Audit durch eines unserer akkreditierten \u00dcberwachungsunternehmen. Der Bericht dieses Audits wird an WRAP gesendet, wo er von unserem Compliance-Team gepr\u00fcft wird. Ein unabh\u00e4ngiges Pr\u00fcfungsgremium entscheidet dann \u00fcber die Ausstellung eines Zertifikats. <a href=\"https:\/\/my.wrapcompliance.org\/Pages\/User-Registration.aspx\" target=\"_blank\" rel=\"noreferrer noopener\">Eine neue Einrichtung registrieren<\/a> um loszulegen!<\/p>\n\n<h4  class=\"appear-on-scroll wp-block-heading is-style-expandable has-arrow-down\" ><span class=\"text\">Wie lange dauert die WRAP-Zertifizierung?<\/span><svg class=\"icon svg-icon icon-arrow-right\"><use xlink:href=\"https:\/\/wrapcompliance.org\/wp-content\/themes\/wrapcompliance\/images\/icons.svg#icon-arrow-right\"><\/use><\/svg><\/h4>\n\n<p class=\"appear-on-scroll\">Je nach Vorbereitung der Einrichtung zum Zeitpunkt der Antragstellung kann die Zertifizierung in nur sechs Wochen erfolgen. Von der Antragstellung bis zur Erteilung des Zertifikats k\u00f6nnen jedoch auch zwei bis sechs Monate oder in seltenen F\u00e4llen sogar l\u00e4nger vergehen.&nbsp;&nbsp;<a href=\"\/de\/certification\/certification-explained\/\">See&nbsp;our certification page for more information<\/a>.<\/p>\n\n<h4  class=\"appear-on-scroll wp-block-heading is-style-expandable has-arrow-down\" ><span class=\"text\">Wie kann ich herausfinden, ob eine Einrichtung WRAP-zertifiziert ist?<\/span><svg class=\"icon svg-icon icon-arrow-right\"><use xlink:href=\"https:\/\/wrapcompliance.org\/wp-content\/themes\/wrapcompliance\/images\/icons.svg#icon-arrow-right\"><\/use><\/svg><\/h4>\n\n<p class=\"appear-on-scroll\">A list of currently certified facilities can be found on&nbsp;our <a href=\"\/de\/certification\/facility-monitor-list\/\">Weltkarte<\/a>. Um Ihre Einrichtung auf der Karte anzuzeigen, senden Sie bitte eine E-Mail an unseren <a href=\"\/de\/contact-us\/\">Compliance-Verwaltungsabteilung<\/a>.<\/p>\n\n<h4  class=\"appear-on-scroll wp-block-heading is-style-expandable has-arrow-down\" ><span class=\"text\">Kann ich ein einzelnes WRAP-Zertifikat f\u00fcr mehrere Einrichtungen erhalten?<\/span><svg class=\"icon svg-icon icon-arrow-right\"><use xlink:href=\"https:\/\/wrapcompliance.org\/wp-content\/themes\/wrapcompliance\/images\/icons.svg#icon-arrow-right\"><\/use><\/svg><\/h4>\n\n<p class=\"appear-on-scroll\">Nein. Jede Einheit muss den Prozess separat durchlaufen.<\/p>\n\n<h4  class=\"appear-on-scroll wp-block-heading is-style-expandable has-arrow-down\" ><span class=\"text\">Eine bestimmte Marke behauptet, WRAP-zertifiziert zu sein. Ist das wahr?<\/span><svg class=\"icon svg-icon icon-arrow-right\"><use xlink:href=\"https:\/\/wrapcompliance.org\/wp-content\/themes\/wrapcompliance\/images\/icons.svg#icon-arrow-right\"><\/use><\/svg><\/h4>\n\n<p class=\"appear-on-scroll\">Nein. Marken und Einzelh\u00e4ndler selbst k\u00f6nnen nicht WRAP-zertifiziert werden. Wir pr\u00fcfen und zertifizieren lediglich einzelne Produktionseinheiten.<\/p>\n\n<h4  class=\"appear-on-scroll wp-block-heading is-style-expandable has-arrow-down\" ><span class=\"text\">Woher wei\u00df ich, ob meine Kleidung in einer WRAP-zertifizierten Einrichtung hergestellt wurde?<\/span><svg class=\"icon svg-icon icon-arrow-right\"><use xlink:href=\"https:\/\/wrapcompliance.org\/wp-content\/themes\/wrapcompliance\/images\/icons.svg#icon-arrow-right\"><\/use><\/svg><\/h4>\n\n<p class=\"appear-on-scroll\">Die Lieferketten f\u00fcr Kleidung und Schuhe sind lang und komplex. Daher ist es sehr schwierig, festzustellen, ob sie vollst\u00e4ndig in WRAP-zertifizierten Betrieben hergestellt wurden. So kann beispielsweise die Endmontage eines Hemdes in einem WRAP-zertifizierten Betrieb stattgefunden haben, der Stoff, die Kn\u00f6pfe oder andere Komponenten k\u00f6nnen jedoch in einem nicht WRAP-zertifizierten Betrieb hergestellt worden sein. WRAP ist keine kundenorientierte Organisation und verf\u00fcgt \u00fcber kein System zur Kennzeichnung von Kleidung und Schuhen, die in unseren zertifizierten Betrieben hergestellt wurden. Einige Marken und Einzelh\u00e4ndler geben jedoch auf ihren Websites an, ob sie ihre Produkte aus WRAP-zertifizierten Betrieben beziehen.<\/p>\n\n<h4  class=\"appear-on-scroll wp-block-heading is-style-expandable has-arrow-down\" ><span class=\"text\">Welche Unternehmen akzeptieren WRAP-Zertifikate?<\/span><svg class=\"icon svg-icon icon-arrow-right\"><use xlink:href=\"https:\/\/wrapcompliance.org\/wp-content\/themes\/wrapcompliance\/images\/icons.svg#icon-arrow-right\"><\/use><\/svg><\/h4>\n\n<p class=\"appear-on-scroll\"><a href=\"\/de\/about\/why-wrap\/#buyers\">\u00dcber 700 K\u00e4ufer, Marken und Einzelh\u00e4ndler auf der ganzen Welt akzeptieren unsere Zertifizierung<\/a>, wobei jeder von ihnen dies auf unterschiedliche Weise und entsprechend seinen eigenen, einzigartigen Programmen zur Einhaltung sozialer Standards tut. WRAP ist nach wie vor die am weitesten verbreitete unabh\u00e4ngige Zertifizierung in der N\u00e4hwarenindustrie. Einige Unternehmen akzeptieren eine WRAP-Zertifizierung anstelle eigener Audits, w\u00e4hrend andere WRAP-Zertifizierungen nur f\u00fcr Einrichtungen akzeptieren, in denen sie selbst die Erstinspektion durchgef\u00fchrt haben. Einige Unternehmen haben sich auch daf\u00fcr entschieden, WRAP-Zertifikate nur in bestimmten L\u00e4ndern, ausschlie\u00dflich f\u00fcr ihre Lizenznehmer oder nur in Einrichtungen zu akzeptieren, die von einem bestimmten Unternehmen gepr\u00fcft wurden. Wenn Sie als Lieferant weitere Informationen dar\u00fcber suchen, wie eine bestimmte Marke WRAP nutzt, wenden Sie sich bitte an&nbsp;<a href=\"\/de\/contact-us\/\">kontaktiere uns.<\/a><\/p><\/div><\/div>","protected":false},"excerpt":{"rendered":"<p>How much does it cost to get WRAP-certified? Worldwide Responsible Accredited Production (WRAP) is a non-profit social compliance verification organization. Our funding model is entirely fee-for-service; we do not charge membership dues, solicit government grants, or turn to foundations or charitable donations for funds. All of our operational expenses are covered by revenues generated from [&hellip;]<\/p>\n","protected":false},"author":3,"featured_media":0,"parent":24387,"menu_order":5,"comment_status":"closed","ping_status":"closed","template":"","meta":{"_acf_changed":false,"featured_image_background_position":"","footnotes":""},"class_list":["post-24450","page","type-page","status-publish","hentry"],"acf":[],"yoast_head":"<!-- This site is optimized with the Yoast SEO plugin v27.3 - https:\/\/yoast.com\/product\/yoast-seo-wordpress\/ -->\n<title>FAQ - WRAP Compliance<\/title>\n<meta name=\"robots\" content=\"index, follow, max-snippet:-1, max-image-preview:large, max-video-preview:-1\" \/>\n<link rel=\"canonical\" href=\"https:\/\/wrapcompliance.org\/de\/certification\/faq\/\" \/>\n<meta property=\"og:locale\" content=\"de_DE\" \/>\n<meta property=\"og:type\" content=\"article\" \/>\n<meta property=\"og:title\" content=\"FAQ - WRAP Compliance\" \/>\n<meta property=\"og:description\" content=\"How much does it cost to get WRAP-certified? Worldwide Responsible Accredited Production (WRAP) is a non-profit social compliance verification organization. Our funding model is entirely fee-for-service; we do not charge membership dues, solicit government grants, or turn to foundations or charitable donations for funds. All of our operational expenses are covered by revenues generated from [&hellip;]\" \/>\n<meta property=\"og:url\" content=\"https:\/\/wrapcompliance.org\/de\/certification\/faq\/\" \/>\n<meta property=\"og:site_name\" content=\"WRAP Compliance\" \/>\n<meta property=\"article:publisher\" content=\"https:\/\/www.facebook.com\/WRAPcompliance\/\" \/>\n<meta property=\"article:modified_time\" content=\"2026-04-10T14:07:34+00:00\" \/>\n<meta property=\"og:image\" content=\"https:\/\/wrapcompliance.org\/wp-content\/uploads\/2024\/01\/Pricing-Structure-Chart-1.png\" \/>\n\t<meta property=\"og:image:width\" content=\"1449\" \/>\n\t<meta property=\"og:image:height\" content=\"931\" \/>\n\t<meta property=\"og:image:type\" content=\"image\/png\" \/>\n<meta name=\"twitter:card\" content=\"summary_large_image\" \/>\n<meta name=\"twitter:site\" content=\"@wrapcompliance\" \/>\n<meta name=\"twitter:label1\" content=\"Gesch\u00e4tzte Lesezeit\" \/>\n\t<meta name=\"twitter:data1\" content=\"4 Minuten\" \/>\n<script type=\"application\/ld+json\" class=\"yoast-schema-graph\">{\"@context\":\"https:\\\/\\\/schema.org\",\"@graph\":[{\"@type\":\"WebPage\",\"@id\":\"https:\\\/\\\/wrapcompliance.org\\\/certification\\\/faq\\\/\",\"url\":\"https:\\\/\\\/wrapcompliance.org\\\/certification\\\/faq\\\/\",\"name\":\"FAQ - WRAP Compliance\",\"isPartOf\":{\"@id\":\"https:\\\/\\\/wrapcompliance.org\\\/en\\\/#website\"},\"primaryImageOfPage\":{\"@id\":\"https:\\\/\\\/wrapcompliance.org\\\/certification\\\/faq\\\/#primaryimage\"},\"image\":{\"@id\":\"https:\\\/\\\/wrapcompliance.org\\\/certification\\\/faq\\\/#primaryimage\"},\"thumbnailUrl\":\"https:\\\/\\\/wrapcompliance.org\\\/wp-content\\\/uploads\\\/2024\\\/01\\\/Pricing-Structure-Chart-1-1024x658.png\",\"datePublished\":\"2022-06-15T18:07:55+00:00\",\"dateModified\":\"2026-04-10T14:07:34+00:00\",\"breadcrumb\":{\"@id\":\"https:\\\/\\\/wrapcompliance.org\\\/certification\\\/faq\\\/#breadcrumb\"},\"inLanguage\":\"de-DE\",\"potentialAction\":[{\"@type\":\"ReadAction\",\"target\":[\"https:\\\/\\\/wrapcompliance.org\\\/certification\\\/faq\\\/\"]}]},{\"@type\":\"ImageObject\",\"inLanguage\":\"de-DE\",\"@id\":\"https:\\\/\\\/wrapcompliance.org\\\/certification\\\/faq\\\/#primaryimage\",\"url\":\"https:\\\/\\\/wrapcompliance.org\\\/wp-content\\\/uploads\\\/2024\\\/01\\\/Pricing-Structure-Chart-1-1024x658.png\",\"contentUrl\":\"https:\\\/\\\/wrapcompliance.org\\\/wp-content\\\/uploads\\\/2024\\\/01\\\/Pricing-Structure-Chart-1-1024x658.png\"},{\"@type\":\"BreadcrumbList\",\"@id\":\"https:\\\/\\\/wrapcompliance.org\\\/certification\\\/faq\\\/#breadcrumb\",\"itemListElement\":[{\"@type\":\"ListItem\",\"position\":1,\"name\":\"Home\",\"item\":\"https:\\\/\\\/wrapcompliance.org\\\/\"},{\"@type\":\"ListItem\",\"position\":2,\"name\":\"Certification Explained\",\"item\":\"https:\\\/\\\/wrapcompliance.org\\\/certification\\\/\"},{\"@type\":\"ListItem\",\"position\":3,\"name\":\"FAQ\"}]},{\"@type\":\"WebSite\",\"@id\":\"https:\\\/\\\/wrapcompliance.org\\\/en\\\/#website\",\"url\":\"https:\\\/\\\/wrapcompliance.org\\\/en\\\/\",\"name\":\"WRAP Compliance\",\"description\":\"Ensuring production facilities operate in a safe, responsible, and ethical way. Through our 12 Principles, we promote lawful, humane manufacturing in facilities throughout the world via our Certification and Training programs.\",\"publisher\":{\"@id\":\"https:\\\/\\\/wrapcompliance.org\\\/en\\\/#organization\"},\"potentialAction\":[{\"@type\":\"SearchAction\",\"target\":{\"@type\":\"EntryPoint\",\"urlTemplate\":\"https:\\\/\\\/wrapcompliance.org\\\/en\\\/?s={search_term_string}\"},\"query-input\":{\"@type\":\"PropertyValueSpecification\",\"valueRequired\":true,\"valueName\":\"search_term_string\"}}],\"inLanguage\":\"de-DE\"},{\"@type\":\"Organization\",\"@id\":\"https:\\\/\\\/wrapcompliance.org\\\/en\\\/#organization\",\"name\":\"Worldwide Responsible Accredited Production\",\"alternateName\":\"WRAP Compliance\",\"url\":\"https:\\\/\\\/wrapcompliance.org\\\/en\\\/\",\"logo\":{\"@type\":\"ImageObject\",\"inLanguage\":\"de-DE\",\"@id\":\"https:\\\/\\\/wrapcompliance.org\\\/en\\\/#\\\/schema\\\/logo\\\/image\\\/\",\"url\":\"https:\\\/\\\/wrapcompliance.org\\\/wp-content\\\/uploads\\\/2022\\\/03\\\/WRAP_Logo_Update_Color_RGB.png\",\"contentUrl\":\"https:\\\/\\\/wrapcompliance.org\\\/wp-content\\\/uploads\\\/2022\\\/03\\\/WRAP_Logo_Update_Color_RGB.png\",\"width\":3601,\"height\":3451,\"caption\":\"Worldwide Responsible Accredited Production\"},\"image\":{\"@id\":\"https:\\\/\\\/wrapcompliance.org\\\/en\\\/#\\\/schema\\\/logo\\\/image\\\/\"},\"sameAs\":[\"https:\\\/\\\/www.facebook.com\\\/WRAPcompliance\\\/\",\"https:\\\/\\\/x.com\\\/wrapcompliance\",\"https:\\\/\\\/www.linkedin.com\\\/company\\\/wrapcompliance\"]}]}<\/script>\n<!-- \/ Yoast SEO plugin. -->","yoast_head_json":{"title":"FAQ \u2013 WRAP-Konformit\u00e4t","robots":{"index":"index","follow":"follow","max-snippet":"max-snippet:-1","max-image-preview":"max-image-preview:large","max-video-preview":"max-video-preview:-1"},"canonical":"https:\/\/wrapcompliance.org\/de\/certification\/faq\/","og_locale":"de_DE","og_type":"article","og_title":"FAQ - WRAP Compliance","og_description":"How much does it cost to get WRAP-certified? Worldwide Responsible Accredited Production (WRAP) is a non-profit social compliance verification organization. Our funding model is entirely fee-for-service; we do not charge membership dues, solicit government grants, or turn to foundations or charitable donations for funds. All of our operational expenses are covered by revenues generated from [&hellip;]","og_url":"https:\/\/wrapcompliance.org\/de\/certification\/faq\/","og_site_name":"WRAP Compliance","article_publisher":"https:\/\/www.facebook.com\/WRAPcompliance\/","article_modified_time":"2026-04-10T14:07:34+00:00","og_image":[{"width":1449,"height":931,"url":"https:\/\/wrapcompliance.org\/wp-content\/uploads\/2024\/01\/Pricing-Structure-Chart-1.png","type":"image\/png"}],"twitter_card":"summary_large_image","twitter_site":"@wrapcompliance","twitter_misc":{"Gesch\u00e4tzte Lesezeit":"4 Minuten"},"schema":{"@context":"https:\/\/schema.org","@graph":[{"@type":"WebPage","@id":"https:\/\/wrapcompliance.org\/certification\/faq\/","url":"https:\/\/wrapcompliance.org\/certification\/faq\/","name":"FAQ \u2013 WRAP-Konformit\u00e4t","isPartOf":{"@id":"https:\/\/wrapcompliance.org\/en\/#website"},"primaryImageOfPage":{"@id":"https:\/\/wrapcompliance.org\/certification\/faq\/#primaryimage"},"image":{"@id":"https:\/\/wrapcompliance.org\/certification\/faq\/#primaryimage"},"thumbnailUrl":"https:\/\/wrapcompliance.org\/wp-content\/uploads\/2024\/01\/Pricing-Structure-Chart-1-1024x658.png","datePublished":"2022-06-15T18:07:55+00:00","dateModified":"2026-04-10T14:07:34+00:00","breadcrumb":{"@id":"https:\/\/wrapcompliance.org\/certification\/faq\/#breadcrumb"},"inLanguage":"de-DE","potentialAction":[{"@type":"ReadAction","target":["https:\/\/wrapcompliance.org\/certification\/faq\/"]}]},{"@type":"ImageObject","inLanguage":"de-DE","@id":"https:\/\/wrapcompliance.org\/certification\/faq\/#primaryimage","url":"https:\/\/wrapcompliance.org\/wp-content\/uploads\/2024\/01\/Pricing-Structure-Chart-1-1024x658.png","contentUrl":"https:\/\/wrapcompliance.org\/wp-content\/uploads\/2024\/01\/Pricing-Structure-Chart-1-1024x658.png"},{"@type":"BreadcrumbList","@id":"https:\/\/wrapcompliance.org\/certification\/faq\/#breadcrumb","itemListElement":[{"@type":"ListItem","position":1,"name":"Home","item":"https:\/\/wrapcompliance.org\/"},{"@type":"ListItem","position":2,"name":"Certification Explained","item":"https:\/\/wrapcompliance.org\/certification\/"},{"@type":"ListItem","position":3,"name":"FAQ"}]},{"@type":"WebSite","@id":"https:\/\/wrapcompliance.org\/en\/#website","url":"https:\/\/wrapcompliance.org\/en\/","name":"WRAP-Konformit\u00e4t","description":"Gew\u00e4hrleistung eines sicheren, verantwortungsvollen und ethischen Betriebs der Produktionsanlagen. Durch unsere 12 Prinzipien f\u00f6rdern wir \u00fcber unsere Zertifizierungs- und Schulungsprogramme eine rechtm\u00e4\u00dfige, humane Herstellung in Anlagen auf der ganzen Welt.","publisher":{"@id":"https:\/\/wrapcompliance.org\/en\/#organization"},"potentialAction":[{"@type":"SearchAction","target":{"@type":"EntryPoint","urlTemplate":"https:\/\/wrapcompliance.org\/en\/?s={search_term_string}"},"query-input":{"@type":"PropertyValueSpecification","valueRequired":true,"valueName":"search_term_string"}}],"inLanguage":"de-DE"},{"@type":"Organization","@id":"https:\/\/wrapcompliance.org\/en\/#organization","name":"Weltweit verantwortungsvolle, akkreditierte Produktion","alternateName":"WRAP Compliance","url":"https:\/\/wrapcompliance.org\/en\/","logo":{"@type":"ImageObject","inLanguage":"de-DE","@id":"https:\/\/wrapcompliance.org\/en\/#\/schema\/logo\/image\/","url":"https:\/\/wrapcompliance.org\/wp-content\/uploads\/2022\/03\/WRAP_Logo_Update_Color_RGB.png","contentUrl":"https:\/\/wrapcompliance.org\/wp-content\/uploads\/2022\/03\/WRAP_Logo_Update_Color_RGB.png","width":3601,"height":3451,"caption":"Worldwide Responsible Accredited Production"},"image":{"@id":"https:\/\/wrapcompliance.org\/en\/#\/schema\/logo\/image\/"},"sameAs":["https:\/\/www.facebook.com\/WRAPcompliance\/","https:\/\/x.com\/wrapcompliance","https:\/\/www.linkedin.com\/company\/wrapcompliance"]}]}},"_links":{"self":[{"href":"https:\/\/wrapcompliance.org\/de\/wp-json\/wp\/v2\/pages\/24450","targetHints":{"allow":["GET"]}}],"collection":[{"href":"https:\/\/wrapcompliance.org\/de\/wp-json\/wp\/v2\/pages"}],"about":[{"href":"https:\/\/wrapcompliance.org\/de\/wp-json\/wp\/v2\/types\/page"}],"author":[{"embeddable":true,"href":"https:\/\/wrapcompliance.org\/de\/wp-json\/wp\/v2\/users\/3"}],"replies":[{"embeddable":true,"href":"https:\/\/wrapcompliance.org\/de\/wp-json\/wp\/v2\/comments?post=24450"}],"version-history":[{"count":1,"href":"https:\/\/wrapcompliance.org\/de\/wp-json\/wp\/v2\/pages\/24450\/revisions"}],"predecessor-version":[{"id":2344834,"href":"https:\/\/wrapcompliance.org\/de\/wp-json\/wp\/v2\/pages\/24450\/revisions\/2344834"}],"up":[{"embeddable":true,"href":"https:\/\/wrapcompliance.org\/de\/wp-json\/wp\/v2\/pages\/24387"}],"wp:attachment":[{"href":"https:\/\/wrapcompliance.org\/de\/wp-json\/wp\/v2\/media?parent=24450"}],"curies":[{"name":"wp","href":"https:\/\/api.w.org\/{rel}","templated":true}]}}