{"id":24725,"date":"2022-08-23T15:44:00","date_gmt":"2022-08-23T19:44:00","guid":{"rendered":"https:\/\/wrapcompliance.org\/?page_id=24725"},"modified":"2026-04-24T08:55:42","modified_gmt":"2026-04-24T12:55:42","slug":"renew-status","status":"publish","type":"page","link":"https:\/\/wrapcompliance.org\/de\/certification\/renew-status\/","title":{"rendered":"Erneuerungsprozess"},"content":{"rendered":"<div role=\"banner\" class=\"theme-block wp-block-theme-blocks-page-banner full-width has-background no-image\"><div class=\"wrap\"><div class=\"layout\"><h1 class=\"block-title appear-on-scroll\">Erneuerungsprozess<\/h1><div class=\"block-content\">\n<p  class=\"appear-on-scroll is-style-intro has-max-width-800\" ><\/p>\n<\/div><div class=\"block-background\" style=\"\"><\/div><\/div><\/div><\/div>\n\n<h3  class=\"appear-on-scroll wp-block-heading\" ><span class=\"text\">Erneuerung einer WRAP-Zertifizierung<\/span><\/h3>\n\n\n\n<p class=\"appear-on-scroll\">Verl\u00e4ngerungen sind rationalisierter als der urspr\u00fcngliche Registrierungsprozess, aber jede Einrichtung muss sich dennoch einem neuen Audit unterziehen, um die kontinuierliche Einhaltung sicherzustellen.<\/p>\n\n<p class=\"appear-on-scroll\">Bei allen WRAP-Audits - auch bei denen, die zum Zwecke einer Erneuerung durchgef\u00fchrt werden - werden neue, sich entwickelnde und k\u00fcnftige Vorschriften ber\u00fccksichtigt. Daher ist eine fr\u00fchere Zertifizierung kein Garant f\u00fcr eine Erneuerung. Jedes von uns ausgestellte Zertifikat best\u00e4tigt, dass ein Betrieb nachgewiesen hat, dass er sicher, human und nachhaltig im Einklang mit den geltenden internationalen Standards und lokalen Gesetzen arbeitet. Scrollen Sie nach unten, um mehr \u00fcber den Erneuerungsprozess zu erfahren.<\/p>\n\n<div class=\"wp-block-theme-blocks-step theme-block appear-on-scroll no-image\"><div class=\"layout\"><div class=\"block-step\">1<\/div><div class=\"block-content\">\n<h3  class=\"appear-on-scroll wp-block-heading\" ><span class=\"text\">Die Einreichungsfrist beginnt<\/span><\/h3>\n\n<p class=\"appear-on-scroll\">Einrichtungen k\u00f6nnen bis zu 90 Tage vor dem Ablaufdatum ihres aktuellen Zertifikats eine Verl\u00e4ngerung ihrer Zertifizierung beantragen. <\/p>\n\n<p class=\"appear-on-scroll\">Wenn dieser Einreichungszeitraum beginnt, wird der Erneuerungsantrag Ihrer Einrichtung verf\u00fcgbar <a href=\"https:\/\/www.mywrapcompliance.org\/\" target=\"_blank\" rel=\"noreferrer noopener\">auf Ihrem Dashboard<\/a> auf der Benutzerplattform. Es kann jederzeit abgeschlossen werden. Sie werden auch per E-Mail benachrichtigt. Wenn das Ablaufdatum Ihres Zertifikats weniger als 90 Tage entfernt ist und Sie diese E-Mail nicht erhalten haben, wenden Sie sich bitte an uns unter <a href=\"mailto:info@wrapcompliance.org\">info@wrapcompliance.org<\/a>.<\/p>\n<\/div><\/div><\/div>\n\n<div class=\"wp-block-theme-blocks-step theme-block appear-on-scroll no-image\"><div class=\"layout\"><div class=\"block-step\">2<\/div><div class=\"block-content\">\n<h3  class=\"appear-on-scroll wp-block-heading\" ><span class=\"text\">\u00dcberpr\u00fcfen Sie die Werksinformationen<\/span><\/h3>\n\n<p class=\"appear-on-scroll\">Best\u00e4tigen Sie, dass sich der Name und die Adresse Ihrer Einrichtung seit der Einreichung des letzten Antrags nicht ge\u00e4ndert haben. <\/p>\n\n<p class=\"appear-on-scroll\">Wenn diese Informationen aktualisiert werden m\u00fcssen, f\u00fcllen Sie bitte die erforderlichen Formulare aus, die Sie finden k\u00f6nnen <a href=\"\/de\/certification\/certification-explained\/#companyinfoforms\">hier<\/a>. Wenn sich Ihre Einrichtung an einem neuen Standort befindet, wird eine neue WRAP-ID generiert. Sie k\u00f6nnen dann einen Verl\u00e4ngerungsantrag stellen. <\/p>\n<\/div><\/div><\/div>\n\n<div class=\"wp-block-theme-blocks-step theme-block appear-on-scroll no-image\"><div class=\"layout\"><div class=\"block-step\">3<\/div><div class=\"block-content\">\n<h3  class=\"appear-on-scroll wp-block-heading\" ><span class=\"text\">Aktualisieren Sie Produktions-, Personal- und Betriebsinformationen<\/span><\/h3>\n\n<p class=\"appear-on-scroll\">Aktualisieren Sie alle Informationen, die sich im Laufe eines Jahres \u00e4ndern k\u00f6nnen. Dazu geh\u00f6ren die aktuelle Anzahl der in Ihrer Einrichtung besch\u00e4ftigten Mitarbeiter, die Arten der von Ihnen hergestellten Produkte und die K\u00e4ufer, mit denen Sie zusammenarbeiten. <\/p>\n<\/div><\/div><\/div>\n\n<div class=\"wp-block-theme-blocks-step theme-block appear-on-scroll no-image\"><div class=\"layout\"><div class=\"block-step\">4<\/div><div class=\"block-content\">\n<h3  class=\"appear-on-scroll wp-block-heading\" ><span class=\"text\">Anmeldegeb\u00fchr bezahlen<\/span><\/h3>\n\n<p class=\"appear-on-scroll\">Sie werden aufgefordert, die Anmeldegeb\u00fchr zu entrichten. Sobald die Geb\u00fchr bezahlt ist, wird das auf dem Antrag angegebene \u00dcberwachungsunternehmen eine Pr\u00fcfung einleiten.<\/p>\n<\/div><\/div><\/div>\n\n<div class=\"wp-block-theme-blocks-step theme-block appear-on-scroll no-image\"><div class=\"layout\"><div class=\"block-step\">5<\/div><div class=\"block-content\">\n<h3  class=\"appear-on-scroll wp-block-heading\" ><span class=\"text\">Planen Sie eine vollst\u00e4ndige Pr\u00fcfung der Einrichtung<\/span><\/h3>\n\n<p class=\"appear-on-scroll\">Der Monitor wird sich mit Ihnen in Verbindung setzen, um weitere Informationen \u00fcber die Pr\u00fcfungsgeb\u00fchren zu erhalten und ein vierw\u00f6chiges Zeitfenster f\u00fcr die vollst\u00e4ndige Pr\u00fcfung der Einrichtung festzulegen. <\/p>\n<\/div><\/div><\/div>\n\n<div class=\"wp-block-theme-blocks-step theme-block appear-on-scroll no-image\"><div class=\"layout\"><div class=\"block-step\">6<\/div><div class=\"block-content\">\n<h3  class=\"appear-on-scroll wp-block-heading\" ><span class=\"text\">Vollst\u00e4ndige Pr\u00fcfung<\/span><\/h3>\n\n<p class=\"appear-on-scroll\">Ab hier ist der Vorgang identisch mit dem Original <a href=\"https:\/\/wrapcompliance.org\/de\/certification\/certification-explained\/\">Zertifizierung<\/a> Verfahren f\u00fcr neue Anlagen, einschlie\u00dflich des vollst\u00e4ndigen Werksaudits und der Auswertung des abschlie\u00dfenden Auditberichts durch WRAP-Mitarbeiter und ein unabh\u00e4ngiges Pr\u00fcfungsgremium. <\/p>\n<\/div><\/div><\/div>","protected":false},"excerpt":{"rendered":"<p>Renewing a WRAP certification Renewals are more streamlined than the original registration process, but each facility must still undergo a new audit to ensure continued compliance. All WRAP audits \u2014 including those conducted for the purposes of a renewal \u2014 take into account new, evolving, and prospective regulations. As such, prior certification does not ensure [&hellip;]<\/p>\n","protected":false},"author":31,"featured_media":0,"parent":24387,"menu_order":3,"comment_status":"closed","ping_status":"closed","template":"","meta":{"_acf_changed":false,"featured_image_background_position":"","footnotes":""},"class_list":["post-24725","page","type-page","status-publish","hentry"],"acf":[],"yoast_head":"<!-- This site is optimized with the Yoast SEO plugin v27.4 - https:\/\/yoast.com\/product\/yoast-seo-wordpress\/ -->\n<title>Renewal process - WRAP Compliance<\/title>\n<meta name=\"description\" content=\"Renewal process for WRAP certified facilities to confirm social compliance standards continue to be met in your facility\" \/>\n<meta name=\"robots\" content=\"index, follow, max-snippet:-1, max-image-preview:large, max-video-preview:-1\" \/>\n<link rel=\"canonical\" href=\"https:\/\/wrapcompliance.org\/de\/certification\/renew-status\/\" \/>\n<meta property=\"og:locale\" content=\"de_DE\" \/>\n<meta property=\"og:type\" content=\"article\" \/>\n<meta property=\"og:title\" content=\"Renewal process - WRAP Compliance\" \/>\n<meta property=\"og:description\" content=\"Renewal process for WRAP certified facilities to confirm social compliance standards continue to be met in your facility\" \/>\n<meta property=\"og:url\" content=\"https:\/\/wrapcompliance.org\/de\/certification\/renew-status\/\" \/>\n<meta property=\"og:site_name\" content=\"WRAP Compliance\" \/>\n<meta property=\"article:publisher\" content=\"https:\/\/www.facebook.com\/WRAPcompliance\/\" \/>\n<meta property=\"article:modified_time\" content=\"2026-04-24T12:55:42+00:00\" \/>\n<meta property=\"og:image\" content=\"https:\/\/wrapcompliance.org\/wp-content\/uploads\/2022\/10\/social-default-1200.jpg\" \/>\n\t<meta property=\"og:image:width\" content=\"1200\" \/>\n\t<meta property=\"og:image:height\" content=\"630\" \/>\n\t<meta property=\"og:image:type\" content=\"image\/jpeg\" \/>\n<meta name=\"twitter:card\" content=\"summary_large_image\" \/>\n<meta name=\"twitter:site\" content=\"@wrapcompliance\" \/>\n<meta name=\"twitter:label1\" content=\"Gesch\u00e4tzte Lesezeit\" \/>\n\t<meta name=\"twitter:data1\" content=\"2 Minuten\" \/>\n<script type=\"application\/ld+json\" class=\"yoast-schema-graph\">{\"@context\":\"https:\\\/\\\/schema.org\",\"@graph\":[{\"@type\":\"WebPage\",\"@id\":\"https:\\\/\\\/wrapcompliance.org\\\/certification\\\/renew-status\\\/\",\"url\":\"https:\\\/\\\/wrapcompliance.org\\\/certification\\\/renew-status\\\/\",\"name\":\"Renewal process - WRAP Compliance\",\"isPartOf\":{\"@id\":\"https:\\\/\\\/wrapcompliance.org\\\/en\\\/#website\"},\"datePublished\":\"2022-08-23T19:44:00+00:00\",\"dateModified\":\"2026-04-24T12:55:42+00:00\",\"description\":\"Renewal process for WRAP certified facilities to confirm social compliance standards continue to be met in your facility\",\"breadcrumb\":{\"@id\":\"https:\\\/\\\/wrapcompliance.org\\\/certification\\\/renew-status\\\/#breadcrumb\"},\"inLanguage\":\"de-DE\",\"potentialAction\":[{\"@type\":\"ReadAction\",\"target\":[\"https:\\\/\\\/wrapcompliance.org\\\/certification\\\/renew-status\\\/\"]}]},{\"@type\":\"BreadcrumbList\",\"@id\":\"https:\\\/\\\/wrapcompliance.org\\\/certification\\\/renew-status\\\/#breadcrumb\",\"itemListElement\":[{\"@type\":\"ListItem\",\"position\":1,\"name\":\"Home\",\"item\":\"https:\\\/\\\/wrapcompliance.org\\\/\"},{\"@type\":\"ListItem\",\"position\":2,\"name\":\"Certification Explained\",\"item\":\"https:\\\/\\\/wrapcompliance.org\\\/certification\\\/\"},{\"@type\":\"ListItem\",\"position\":3,\"name\":\"Renewal process\"}]},{\"@type\":\"WebSite\",\"@id\":\"https:\\\/\\\/wrapcompliance.org\\\/en\\\/#website\",\"url\":\"https:\\\/\\\/wrapcompliance.org\\\/en\\\/\",\"name\":\"WRAP Compliance\",\"description\":\"Ensuring production facilities operate in a safe, responsible, and ethical way. Through our 12 Principles, we promote lawful, humane manufacturing in facilities throughout the world via our Certification and Training programs.\",\"publisher\":{\"@id\":\"https:\\\/\\\/wrapcompliance.org\\\/en\\\/#organization\"},\"potentialAction\":[{\"@type\":\"SearchAction\",\"target\":{\"@type\":\"EntryPoint\",\"urlTemplate\":\"https:\\\/\\\/wrapcompliance.org\\\/en\\\/?s={search_term_string}\"},\"query-input\":{\"@type\":\"PropertyValueSpecification\",\"valueRequired\":true,\"valueName\":\"search_term_string\"}}],\"inLanguage\":\"de-DE\"},{\"@type\":\"Organization\",\"@id\":\"https:\\\/\\\/wrapcompliance.org\\\/en\\\/#organization\",\"name\":\"Worldwide Responsible Accredited Production\",\"alternateName\":\"WRAP Compliance\",\"url\":\"https:\\\/\\\/wrapcompliance.org\\\/en\\\/\",\"logo\":{\"@type\":\"ImageObject\",\"inLanguage\":\"de-DE\",\"@id\":\"https:\\\/\\\/wrapcompliance.org\\\/en\\\/#\\\/schema\\\/logo\\\/image\\\/\",\"url\":\"https:\\\/\\\/wrapcompliance.org\\\/wp-content\\\/uploads\\\/2022\\\/03\\\/WRAP_Logo_Update_Color_RGB.png\",\"contentUrl\":\"https:\\\/\\\/wrapcompliance.org\\\/wp-content\\\/uploads\\\/2022\\\/03\\\/WRAP_Logo_Update_Color_RGB.png\",\"width\":3601,\"height\":3451,\"caption\":\"Worldwide Responsible Accredited Production\"},\"image\":{\"@id\":\"https:\\\/\\\/wrapcompliance.org\\\/en\\\/#\\\/schema\\\/logo\\\/image\\\/\"},\"sameAs\":[\"https:\\\/\\\/www.facebook.com\\\/WRAPcompliance\\\/\",\"https:\\\/\\\/x.com\\\/wrapcompliance\",\"https:\\\/\\\/www.linkedin.com\\\/company\\\/wrapcompliance\"]}]}<\/script>\n<!-- \/ Yoast SEO plugin. -->","yoast_head_json":{"title":"Erneuerungsprozess \u2013 WRAP-Konformit\u00e4t","description":"Erneuerungsprozess f\u00fcr WRAP-zertifizierte Einrichtungen zur Best\u00e4tigung, dass die sozialen Compliance-Standards in Ihrer Einrichtung weiterhin eingehalten werden","robots":{"index":"index","follow":"follow","max-snippet":"max-snippet:-1","max-image-preview":"max-image-preview:large","max-video-preview":"max-video-preview:-1"},"canonical":"https:\/\/wrapcompliance.org\/de\/certification\/renew-status\/","og_locale":"de_DE","og_type":"article","og_title":"Renewal process - WRAP Compliance","og_description":"Renewal process for WRAP certified facilities to confirm social compliance standards continue to be met in your facility","og_url":"https:\/\/wrapcompliance.org\/de\/certification\/renew-status\/","og_site_name":"WRAP Compliance","article_publisher":"https:\/\/www.facebook.com\/WRAPcompliance\/","article_modified_time":"2026-04-24T12:55:42+00:00","og_image":[{"width":1200,"height":630,"url":"https:\/\/wrapcompliance.org\/wp-content\/uploads\/2022\/10\/social-default-1200.jpg","type":"image\/jpeg"}],"twitter_card":"summary_large_image","twitter_site":"@wrapcompliance","twitter_misc":{"Gesch\u00e4tzte Lesezeit":"2 Minuten"},"schema":{"@context":"https:\/\/schema.org","@graph":[{"@type":"WebPage","@id":"https:\/\/wrapcompliance.org\/certification\/renew-status\/","url":"https:\/\/wrapcompliance.org\/certification\/renew-status\/","name":"Erneuerungsprozess \u2013 WRAP-Konformit\u00e4t","isPartOf":{"@id":"https:\/\/wrapcompliance.org\/en\/#website"},"datePublished":"2022-08-23T19:44:00+00:00","dateModified":"2026-04-24T12:55:42+00:00","description":"Erneuerungsprozess f\u00fcr WRAP-zertifizierte Einrichtungen zur Best\u00e4tigung, dass die sozialen Compliance-Standards in Ihrer Einrichtung weiterhin eingehalten werden","breadcrumb":{"@id":"https:\/\/wrapcompliance.org\/certification\/renew-status\/#breadcrumb"},"inLanguage":"de-DE","potentialAction":[{"@type":"ReadAction","target":["https:\/\/wrapcompliance.org\/certification\/renew-status\/"]}]},{"@type":"BreadcrumbList","@id":"https:\/\/wrapcompliance.org\/certification\/renew-status\/#breadcrumb","itemListElement":[{"@type":"ListItem","position":1,"name":"Home","item":"https:\/\/wrapcompliance.org\/"},{"@type":"ListItem","position":2,"name":"Certification Explained","item":"https:\/\/wrapcompliance.org\/certification\/"},{"@type":"ListItem","position":3,"name":"Renewal process"}]},{"@type":"WebSite","@id":"https:\/\/wrapcompliance.org\/en\/#website","url":"https:\/\/wrapcompliance.org\/en\/","name":"WRAP-Konformit\u00e4t","description":"Gew\u00e4hrleistung eines sicheren, verantwortungsvollen und ethischen Betriebs der Produktionsanlagen. Durch unsere 12 Prinzipien f\u00f6rdern wir \u00fcber unsere Zertifizierungs- und Schulungsprogramme eine rechtm\u00e4\u00dfige, humane Herstellung in Anlagen auf der ganzen Welt.","publisher":{"@id":"https:\/\/wrapcompliance.org\/en\/#organization"},"potentialAction":[{"@type":"SearchAction","target":{"@type":"EntryPoint","urlTemplate":"https:\/\/wrapcompliance.org\/en\/?s={search_term_string}"},"query-input":{"@type":"PropertyValueSpecification","valueRequired":true,"valueName":"search_term_string"}}],"inLanguage":"de-DE"},{"@type":"Organization","@id":"https:\/\/wrapcompliance.org\/en\/#organization","name":"Weltweit verantwortungsvolle, akkreditierte Produktion","alternateName":"WRAP Compliance","url":"https:\/\/wrapcompliance.org\/en\/","logo":{"@type":"ImageObject","inLanguage":"de-DE","@id":"https:\/\/wrapcompliance.org\/en\/#\/schema\/logo\/image\/","url":"https:\/\/wrapcompliance.org\/wp-content\/uploads\/2022\/03\/WRAP_Logo_Update_Color_RGB.png","contentUrl":"https:\/\/wrapcompliance.org\/wp-content\/uploads\/2022\/03\/WRAP_Logo_Update_Color_RGB.png","width":3601,"height":3451,"caption":"Worldwide Responsible Accredited Production"},"image":{"@id":"https:\/\/wrapcompliance.org\/en\/#\/schema\/logo\/image\/"},"sameAs":["https:\/\/www.facebook.com\/WRAPcompliance\/","https:\/\/x.com\/wrapcompliance","https:\/\/www.linkedin.com\/company\/wrapcompliance"]}]}},"_links":{"self":[{"href":"https:\/\/wrapcompliance.org\/de\/wp-json\/wp\/v2\/pages\/24725","targetHints":{"allow":["GET"]}}],"collection":[{"href":"https:\/\/wrapcompliance.org\/de\/wp-json\/wp\/v2\/pages"}],"about":[{"href":"https:\/\/wrapcompliance.org\/de\/wp-json\/wp\/v2\/types\/page"}],"author":[{"embeddable":true,"href":"https:\/\/wrapcompliance.org\/de\/wp-json\/wp\/v2\/users\/31"}],"replies":[{"embeddable":true,"href":"https:\/\/wrapcompliance.org\/de\/wp-json\/wp\/v2\/comments?post=24725"}],"version-history":[{"count":2,"href":"https:\/\/wrapcompliance.org\/de\/wp-json\/wp\/v2\/pages\/24725\/revisions"}],"predecessor-version":[{"id":2345169,"href":"https:\/\/wrapcompliance.org\/de\/wp-json\/wp\/v2\/pages\/24725\/revisions\/2345169"}],"up":[{"embeddable":true,"href":"https:\/\/wrapcompliance.org\/de\/wp-json\/wp\/v2\/pages\/24387"}],"wp:attachment":[{"href":"https:\/\/wrapcompliance.org\/de\/wp-json\/wp\/v2\/media?parent=24725"}],"curies":[{"name":"wp","href":"https:\/\/api.w.org\/{rel}","templated":true}]}}