{"id":24787,"date":"2022-08-24T15:47:38","date_gmt":"2022-08-24T19:47:38","guid":{"rendered":"https:\/\/wrapcompliance.org\/?page_id=24787"},"modified":"2023-08-02T10:51:35","modified_gmt":"2023-08-02T14:51:35","slug":"green-button","status":"publish","type":"page","link":"https:\/\/wrapcompliance.org\/de\/collaboration\/green-button\/","title":{"rendered":""},"content":{"rendered":"<div role=\"banner\" class=\"theme-block wp-block-theme-blocks-page-banner full-width has-background no-image\"><div class=\"wrap\"><div class=\"layout\"><h1 class=\"block-title appear-on-scroll\"><\/h1><div class=\"block-content\">\n<figure  class=\"appear-on-scroll wp-block-image size-large\" ><img loading=\"lazy\" decoding=\"async\" width=\"1024\" height=\"942\" src=\"https:\/\/wrapcompliance.org\/wp-content\/uploads\/2022\/09\/Gruner_Knopf_Logo.svg-1024x942.png\" alt=\"Green Button\" class=\"wp-image-26124\" srcset=\"https:\/\/wrapcompliance.org\/wp-content\/uploads\/2022\/09\/Gruner_Knopf_Logo.svg-1024x942.png 1024w, https:\/\/wrapcompliance.org\/wp-content\/uploads\/2022\/09\/Gruner_Knopf_Logo.svg-300x276.png 300w, https:\/\/wrapcompliance.org\/wp-content\/uploads\/2022\/09\/Gruner_Knopf_Logo.svg-768x707.png 768w, https:\/\/wrapcompliance.org\/wp-content\/uploads\/2022\/09\/Gruner_Knopf_Logo.svg-13x12.png 13w, https:\/\/wrapcompliance.org\/wp-content\/uploads\/2022\/09\/Gruner_Knopf_Logo.svg-600x552.png 600w, https:\/\/wrapcompliance.org\/wp-content\/uploads\/2022\/09\/Gruner_Knopf_Logo.svg-1000x920.png 1000w, https:\/\/wrapcompliance.org\/wp-content\/uploads\/2022\/09\/Gruner_Knopf_Logo.svg.png 1200w\" sizes=\"auto, (max-width: 1024px) 100vw, 1024px\" \/><\/figure>\n<\/div><div class=\"block-background\" style=\"\"><\/div><\/div><\/div><\/div>\n\n<p class=\"appear-on-scroll\"><a href=\"http:\/\/gruener-knopf.de\/kriterien\" target=\"_blank\" rel=\"noreferrer noopener\">Gr\u00fcner Knopf<\/a>Das im September 2019 gegr\u00fcndete Label ist ein von der deutschen Bundesregierung ins Leben gerufenes Zertifizierungslabel, das eine verbesserte \u00f6kologische und soziale Sorgfaltspflicht in der Lieferkette der Bekleidungsindustrie f\u00f6rdern soll.<\/p>\n\n<p class=\"appear-on-scroll\">Ein N\u00e4hwarenprodukt, das einen Gr\u00fcnen Knopf besitzt, erf\u00fcllt die strengen Standards des Rahmens f\u00fcr Umwelt- und Sozialverantwortung. Dieses zukunftsorientierte Programm soll das Vertrauen der Verbraucher in das Engagement der Bekleidungslieferkette f\u00fcr Nachhaltigkeit st\u00e4rken. Ab 2021, <a href=\"https:\/\/www.gruener-knopf.de\/en\/press\/certification-label-worldwide-responsible-accredited-production-wrap-recognised-green-button\">Der Gr\u00fcne Knopf erkennt WRAP-Audits an<\/a> um seine produktbezogenen Social-Compliance-Anforderungen zu erf\u00fcllen.<\/p>\n\n<div  class=\"appear-on-scroll wp-block-buttons is-content-justification-left is-layout-flex wp-container-core-buttons-is-layout-fdcfc74e wp-block-buttons-is-layout-flex\" >\n<div class=\"wp-block-button\"><a class=\"wp-block-button__link wp-element-button\" href=\"https:\/\/www.gruener-knopf.de\/kriterien\" target=\"_blank\" rel=\"noreferrer noopener\"><span class=\"label\">Erfahren Sie mehr \u00fcber die gr\u00fcne Taste<\/span><\/a><\/div>\n<\/div>","protected":false},"excerpt":{"rendered":"<p>Gr\u00fcner Knopf, founded in September 2019, is a certification label established by the German federal government designed to promote enhanced environmental and social due diligence in the apparel supply chain. A sewn goods product that possesses a Gr\u00fcner Knopf has met the framework&#8217;s rigorous environmental and social responsibility standards. This forward-facing program is designed to [&hellip;]<\/p>\n","protected":false},"author":3,"featured_media":0,"parent":24702,"menu_order":6,"comment_status":"closed","ping_status":"closed","template":"","meta":{"_acf_changed":false,"featured_image_background_position":"","footnotes":""},"class_list":["post-24787","page","type-page","status-publish","hentry"],"acf":[],"yoast_head":"<!-- This site is optimized with the Yoast SEO plugin v27.3 - https:\/\/yoast.com\/product\/yoast-seo-wordpress\/ -->\n<title>- WRAP Compliance<\/title>\n<meta name=\"robots\" content=\"index, follow, max-snippet:-1, max-image-preview:large, max-video-preview:-1\" \/>\n<link rel=\"canonical\" href=\"https:\/\/wrapcompliance.org\/de\/collaboration\/green-button\/\" \/>\n<meta property=\"og:locale\" content=\"de_DE\" \/>\n<meta property=\"og:type\" content=\"article\" \/>\n<meta property=\"og:title\" content=\"- WRAP Compliance\" \/>\n<meta property=\"og:description\" content=\"Gr\u00fcner Knopf, founded in September 2019, is a certification label established by the German federal government designed to promote enhanced environmental and social due diligence in the apparel supply chain. A sewn goods product that possesses a Gr\u00fcner Knopf has met the framework&#8217;s rigorous environmental and social responsibility standards. This forward-facing program is designed to [&hellip;]\" \/>\n<meta property=\"og:url\" content=\"https:\/\/wrapcompliance.org\/de\/collaboration\/green-button\/\" \/>\n<meta property=\"og:site_name\" content=\"WRAP Compliance\" \/>\n<meta property=\"article:publisher\" content=\"https:\/\/www.facebook.com\/WRAPcompliance\/\" \/>\n<meta property=\"article:modified_time\" content=\"2023-08-02T14:51:35+00:00\" \/>\n<meta property=\"og:image\" content=\"https:\/\/wrapcompliance.org\/wp-content\/uploads\/2022\/09\/Gruner_Knopf_Logo.svg-1024x942.png\" \/>\n<meta name=\"twitter:card\" content=\"summary_large_image\" \/>\n<meta name=\"twitter:site\" content=\"@wrapcompliance\" \/>\n<meta name=\"twitter:label1\" content=\"Gesch\u00e4tzte Lesezeit\" \/>\n\t<meta name=\"twitter:data1\" content=\"1 Minute\" \/>\n<script type=\"application\/ld+json\" class=\"yoast-schema-graph\">{\"@context\":\"https:\\\/\\\/schema.org\",\"@graph\":[{\"@type\":\"WebPage\",\"@id\":\"https:\\\/\\\/wrapcompliance.org\\\/collaboration\\\/green-button\\\/\",\"url\":\"https:\\\/\\\/wrapcompliance.org\\\/collaboration\\\/green-button\\\/\",\"name\":\"- WRAP Compliance\",\"isPartOf\":{\"@id\":\"https:\\\/\\\/wrapcompliance.org\\\/en\\\/#website\"},\"primaryImageOfPage\":{\"@id\":\"https:\\\/\\\/wrapcompliance.org\\\/collaboration\\\/green-button\\\/#primaryimage\"},\"image\":{\"@id\":\"https:\\\/\\\/wrapcompliance.org\\\/collaboration\\\/green-button\\\/#primaryimage\"},\"thumbnailUrl\":\"https:\\\/\\\/wrapcompliance.org\\\/wp-content\\\/uploads\\\/2022\\\/09\\\/Gruner_Knopf_Logo.svg-1024x942.png\",\"datePublished\":\"2022-08-24T19:47:38+00:00\",\"dateModified\":\"2023-08-02T14:51:35+00:00\",\"breadcrumb\":{\"@id\":\"https:\\\/\\\/wrapcompliance.org\\\/collaboration\\\/green-button\\\/#breadcrumb\"},\"inLanguage\":\"de-DE\",\"potentialAction\":[{\"@type\":\"ReadAction\",\"target\":[\"https:\\\/\\\/wrapcompliance.org\\\/collaboration\\\/green-button\\\/\"]}]},{\"@type\":\"ImageObject\",\"inLanguage\":\"de-DE\",\"@id\":\"https:\\\/\\\/wrapcompliance.org\\\/collaboration\\\/green-button\\\/#primaryimage\",\"url\":\"https:\\\/\\\/wrapcompliance.org\\\/wp-content\\\/uploads\\\/2022\\\/09\\\/Gruner_Knopf_Logo.svg-1024x942.png\",\"contentUrl\":\"https:\\\/\\\/wrapcompliance.org\\\/wp-content\\\/uploads\\\/2022\\\/09\\\/Gruner_Knopf_Logo.svg-1024x942.png\"},{\"@type\":\"BreadcrumbList\",\"@id\":\"https:\\\/\\\/wrapcompliance.org\\\/collaboration\\\/green-button\\\/#breadcrumb\",\"itemListElement\":[{\"@type\":\"ListItem\",\"position\":1,\"name\":\"Home\",\"item\":\"https:\\\/\\\/wrapcompliance.org\\\/\"},{\"@type\":\"ListItem\",\"position\":2,\"name\":\"Collaboration\",\"item\":\"https:\\\/\\\/wrapcompliance.org\\\/en\\\/collaboration\\\/\"}]},{\"@type\":\"WebSite\",\"@id\":\"https:\\\/\\\/wrapcompliance.org\\\/en\\\/#website\",\"url\":\"https:\\\/\\\/wrapcompliance.org\\\/en\\\/\",\"name\":\"WRAP Compliance\",\"description\":\"Ensuring production facilities operate in a safe, responsible, and ethical way. Through our 12 Principles, we promote lawful, humane manufacturing in facilities throughout the world via our Certification and Training programs.\",\"publisher\":{\"@id\":\"https:\\\/\\\/wrapcompliance.org\\\/en\\\/#organization\"},\"potentialAction\":[{\"@type\":\"SearchAction\",\"target\":{\"@type\":\"EntryPoint\",\"urlTemplate\":\"https:\\\/\\\/wrapcompliance.org\\\/en\\\/?s={search_term_string}\"},\"query-input\":{\"@type\":\"PropertyValueSpecification\",\"valueRequired\":true,\"valueName\":\"search_term_string\"}}],\"inLanguage\":\"de-DE\"},{\"@type\":\"Organization\",\"@id\":\"https:\\\/\\\/wrapcompliance.org\\\/en\\\/#organization\",\"name\":\"Worldwide Responsible Accredited Production\",\"alternateName\":\"WRAP Compliance\",\"url\":\"https:\\\/\\\/wrapcompliance.org\\\/en\\\/\",\"logo\":{\"@type\":\"ImageObject\",\"inLanguage\":\"de-DE\",\"@id\":\"https:\\\/\\\/wrapcompliance.org\\\/en\\\/#\\\/schema\\\/logo\\\/image\\\/\",\"url\":\"https:\\\/\\\/wrapcompliance.org\\\/wp-content\\\/uploads\\\/2022\\\/03\\\/WRAP_Logo_Update_Color_RGB.png\",\"contentUrl\":\"https:\\\/\\\/wrapcompliance.org\\\/wp-content\\\/uploads\\\/2022\\\/03\\\/WRAP_Logo_Update_Color_RGB.png\",\"width\":3601,\"height\":3451,\"caption\":\"Worldwide Responsible Accredited Production\"},\"image\":{\"@id\":\"https:\\\/\\\/wrapcompliance.org\\\/en\\\/#\\\/schema\\\/logo\\\/image\\\/\"},\"sameAs\":[\"https:\\\/\\\/www.facebook.com\\\/WRAPcompliance\\\/\",\"https:\\\/\\\/x.com\\\/wrapcompliance\",\"https:\\\/\\\/www.linkedin.com\\\/company\\\/wrapcompliance\"]}]}<\/script>\n<!-- \/ Yoast SEO plugin. -->","yoast_head_json":{"title":"- WRAP-Konformit\u00e4t","robots":{"index":"index","follow":"follow","max-snippet":"max-snippet:-1","max-image-preview":"max-image-preview:large","max-video-preview":"max-video-preview:-1"},"canonical":"https:\/\/wrapcompliance.org\/de\/collaboration\/green-button\/","og_locale":"de_DE","og_type":"article","og_title":"- WRAP Compliance","og_description":"Gr\u00fcner Knopf, founded in September 2019, is a certification label established by the German federal government designed to promote enhanced environmental and social due diligence in the apparel supply chain. A sewn goods product that possesses a Gr\u00fcner Knopf has met the framework&#8217;s rigorous environmental and social responsibility standards. This forward-facing program is designed to [&hellip;]","og_url":"https:\/\/wrapcompliance.org\/de\/collaboration\/green-button\/","og_site_name":"WRAP Compliance","article_publisher":"https:\/\/www.facebook.com\/WRAPcompliance\/","article_modified_time":"2023-08-02T14:51:35+00:00","og_image":[{"url":"https:\/\/wrapcompliance.org\/wp-content\/uploads\/2022\/09\/Gruner_Knopf_Logo.svg-1024x942.png","type":"","width":"","height":""}],"twitter_card":"summary_large_image","twitter_site":"@wrapcompliance","twitter_misc":{"Gesch\u00e4tzte Lesezeit":"1 Minute"},"schema":{"@context":"https:\/\/schema.org","@graph":[{"@type":"WebPage","@id":"https:\/\/wrapcompliance.org\/collaboration\/green-button\/","url":"https:\/\/wrapcompliance.org\/collaboration\/green-button\/","name":"- WRAP-Konformit\u00e4t","isPartOf":{"@id":"https:\/\/wrapcompliance.org\/en\/#website"},"primaryImageOfPage":{"@id":"https:\/\/wrapcompliance.org\/collaboration\/green-button\/#primaryimage"},"image":{"@id":"https:\/\/wrapcompliance.org\/collaboration\/green-button\/#primaryimage"},"thumbnailUrl":"https:\/\/wrapcompliance.org\/wp-content\/uploads\/2022\/09\/Gruner_Knopf_Logo.svg-1024x942.png","datePublished":"2022-08-24T19:47:38+00:00","dateModified":"2023-08-02T14:51:35+00:00","breadcrumb":{"@id":"https:\/\/wrapcompliance.org\/collaboration\/green-button\/#breadcrumb"},"inLanguage":"de-DE","potentialAction":[{"@type":"ReadAction","target":["https:\/\/wrapcompliance.org\/collaboration\/green-button\/"]}]},{"@type":"ImageObject","inLanguage":"de-DE","@id":"https:\/\/wrapcompliance.org\/collaboration\/green-button\/#primaryimage","url":"https:\/\/wrapcompliance.org\/wp-content\/uploads\/2022\/09\/Gruner_Knopf_Logo.svg-1024x942.png","contentUrl":"https:\/\/wrapcompliance.org\/wp-content\/uploads\/2022\/09\/Gruner_Knopf_Logo.svg-1024x942.png"},{"@type":"BreadcrumbList","@id":"https:\/\/wrapcompliance.org\/collaboration\/green-button\/#breadcrumb","itemListElement":[{"@type":"ListItem","position":1,"name":"Home","item":"https:\/\/wrapcompliance.org\/"},{"@type":"ListItem","position":2,"name":"Collaboration","item":"https:\/\/wrapcompliance.org\/en\/collaboration\/"}]},{"@type":"WebSite","@id":"https:\/\/wrapcompliance.org\/en\/#website","url":"https:\/\/wrapcompliance.org\/en\/","name":"WRAP-Konformit\u00e4t","description":"Gew\u00e4hrleistung eines sicheren, verantwortungsvollen und ethischen Betriebs der Produktionsanlagen. Durch unsere 12 Prinzipien f\u00f6rdern wir \u00fcber unsere Zertifizierungs- und Schulungsprogramme eine rechtm\u00e4\u00dfige, humane Herstellung in Anlagen auf der ganzen Welt.","publisher":{"@id":"https:\/\/wrapcompliance.org\/en\/#organization"},"potentialAction":[{"@type":"SearchAction","target":{"@type":"EntryPoint","urlTemplate":"https:\/\/wrapcompliance.org\/en\/?s={search_term_string}"},"query-input":{"@type":"PropertyValueSpecification","valueRequired":true,"valueName":"search_term_string"}}],"inLanguage":"de-DE"},{"@type":"Organization","@id":"https:\/\/wrapcompliance.org\/en\/#organization","name":"Weltweit verantwortungsvolle, akkreditierte Produktion","alternateName":"WRAP Compliance","url":"https:\/\/wrapcompliance.org\/en\/","logo":{"@type":"ImageObject","inLanguage":"de-DE","@id":"https:\/\/wrapcompliance.org\/en\/#\/schema\/logo\/image\/","url":"https:\/\/wrapcompliance.org\/wp-content\/uploads\/2022\/03\/WRAP_Logo_Update_Color_RGB.png","contentUrl":"https:\/\/wrapcompliance.org\/wp-content\/uploads\/2022\/03\/WRAP_Logo_Update_Color_RGB.png","width":3601,"height":3451,"caption":"Worldwide Responsible Accredited Production"},"image":{"@id":"https:\/\/wrapcompliance.org\/en\/#\/schema\/logo\/image\/"},"sameAs":["https:\/\/www.facebook.com\/WRAPcompliance\/","https:\/\/x.com\/wrapcompliance","https:\/\/www.linkedin.com\/company\/wrapcompliance"]}]}},"_links":{"self":[{"href":"https:\/\/wrapcompliance.org\/de\/wp-json\/wp\/v2\/pages\/24787","targetHints":{"allow":["GET"]}}],"collection":[{"href":"https:\/\/wrapcompliance.org\/de\/wp-json\/wp\/v2\/pages"}],"about":[{"href":"https:\/\/wrapcompliance.org\/de\/wp-json\/wp\/v2\/types\/page"}],"author":[{"embeddable":true,"href":"https:\/\/wrapcompliance.org\/de\/wp-json\/wp\/v2\/users\/3"}],"replies":[{"embeddable":true,"href":"https:\/\/wrapcompliance.org\/de\/wp-json\/wp\/v2\/comments?post=24787"}],"version-history":[{"count":0,"href":"https:\/\/wrapcompliance.org\/de\/wp-json\/wp\/v2\/pages\/24787\/revisions"}],"up":[{"embeddable":true,"href":"https:\/\/wrapcompliance.org\/de\/wp-json\/wp\/v2\/pages\/24702"}],"wp:attachment":[{"href":"https:\/\/wrapcompliance.org\/de\/wp-json\/wp\/v2\/media?parent=24787"}],"curies":[{"name":"wp","href":"https:\/\/api.w.org\/{rel}","templated":true}]}}