{"id":24799,"date":"2022-08-24T16:07:08","date_gmt":"2022-08-24T20:07:08","guid":{"rendered":"https:\/\/wrapcompliance.org\/?page_id=24799"},"modified":"2026-04-17T14:50:29","modified_gmt":"2026-04-17T18:50:29","slug":"usfia","status":"publish","type":"page","link":"https:\/\/wrapcompliance.org\/de\/collaboration\/usfia\/","title":{"rendered":""},"content":{"rendered":"<div role=\"banner\" class=\"theme-block wp-block-theme-blocks-page-banner full-width has-background no-image\"><div class=\"wrap\"><div class=\"layout\"><h1 class=\"block-title appear-on-scroll\"><\/h1><div class=\"block-content\">\n<figure  class=\"appear-on-scroll wp-block-image size-full is-resized\" ><img loading=\"lazy\" decoding=\"async\" width=\"985\" height=\"256\" src=\"https:\/\/wrapcompliance.org\/wp-content\/uploads\/2021\/05\/USFIA_horizontal_logo_web.png\" alt=\"United States Fashion Industry Association\" class=\"wp-image-20352\" style=\"width:600px\" srcset=\"https:\/\/wrapcompliance.org\/wp-content\/uploads\/2021\/05\/USFIA_horizontal_logo_web.png 985w, https:\/\/wrapcompliance.org\/wp-content\/uploads\/2021\/05\/USFIA_horizontal_logo_web-600x156.png 600w\" sizes=\"auto, (max-width: 985px) 100vw, 985px\" \/><\/figure>\n<\/div><div class=\"block-background\" style=\"\"><\/div><\/div><\/div><\/div>\n\n<p class=\"appear-on-scroll\">Das <a href=\"https:\/\/www.usfashionindustry.com\/\" target=\"_blank\" rel=\"noreferrer noopener\">Verband der Modeindustrie der Vereinigten Staaten (USFIA)<\/a> widmet sich der Mode, die durch den globalen Handel erm\u00f6glicht wird. Vertritt Textil- und Bekleidungsmarken, Einzelh\u00e4ndler, Importeure und Gro\u00dfh\u00e4ndler mit Sitz in den Vereinigten Staaten, die weltweit Gesch\u00e4fte t\u00e4tigen. Wir arbeiten daran, tarif\u00e4re und nichttarif\u00e4re Handelshemmnisse zu beseitigen, die den freien Handel der Branche behindern, und wirtschaftliche Chancen in den Vereinigten Staaten und im Ausland zu schaffen, mit dem Ziel, alles in unserer Macht Stehende zu tun, um die Welt f\u00fcr unsere Kunden, unsere Kollegen und unsere Lieferanten zu einem besseren Ort zu machen.<\/p>\n\n<p class=\"appear-on-scroll\">Die 1989 gegr\u00fcndete USFIA arbeitet daran, tarif\u00e4re und nichttarif\u00e4re Handelshemmnisse zu beseitigen, die den freien Handel der Modebranche und die Schaffung von Arbeitspl\u00e4tzen in den Vereinigten Staaten behindern. Im Jahr 2022 <a href=\"https:\/\/www.usfashionindustry.com\/about\/partners\/usfia-corporate-social-responsibility-sponsor\">Die USFIA ernannte WRAP zu ihrem Corporate Social Responsibility Sponsor<\/a>, um die Zusammenarbeit und Kommunikation innerhalb der US-Bekleidungsbranche auszubauen.<\/p>\n\n<div  class=\"appear-on-scroll wp-block-buttons is-content-justification-left is-layout-flex wp-container-core-buttons-is-layout-fdcfc74e wp-block-buttons-is-layout-flex\" >\n<div class=\"wp-block-button\"><a class=\"wp-block-button__link wp-element-button\" href=\"\/de\/partners\/usfia\/\"><span class=\"label\">Sehen Sie sich Einblicke, Ressourcen und Veranstaltungen von USFIA Partnership an<\/span><\/a><\/div>\n<\/div>","protected":false},"excerpt":{"rendered":"<p>The United States Fashion Industry Association (USFIA) is dedicated to fashion made possible by global trade. represents textile and apparel brands, retailers, importers, and wholesalers based in the United States and doing business globally; working to eliminate tariff and non-tariff barriers that impede the industry\u2019s ability to trade freely and create economic opportunities in the [&hellip;]<\/p>\n","protected":false},"author":3,"featured_media":0,"parent":24779,"menu_order":4,"comment_status":"closed","ping_status":"closed","template":"","meta":{"_acf_changed":false,"featured_image_background_position":"","footnotes":""},"class_list":["post-24799","page","type-page","status-publish","hentry"],"acf":[],"yoast_head":"<!-- This site is optimized with the Yoast SEO plugin v27.4 - https:\/\/yoast.com\/product\/yoast-seo-wordpress\/ -->\n<title>- WRAP Compliance<\/title>\n<meta name=\"robots\" content=\"index, follow, max-snippet:-1, max-image-preview:large, max-video-preview:-1\" \/>\n<link rel=\"canonical\" href=\"https:\/\/wrapcompliance.org\/de\/collaboration\/usfia\/\" \/>\n<meta property=\"og:locale\" content=\"de_DE\" \/>\n<meta property=\"og:type\" content=\"article\" \/>\n<meta property=\"og:title\" content=\"- WRAP Compliance\" \/>\n<meta property=\"og:description\" content=\"The United States Fashion Industry Association (USFIA) is dedicated to fashion made possible by global trade. represents textile and apparel brands, retailers, importers, and wholesalers based in the United States and doing business globally; working to eliminate tariff and non-tariff barriers that impede the industry\u2019s ability to trade freely and create economic opportunities in the [&hellip;]\" \/>\n<meta property=\"og:url\" content=\"https:\/\/wrapcompliance.org\/de\/collaboration\/usfia\/\" \/>\n<meta property=\"og:site_name\" content=\"WRAP Compliance\" \/>\n<meta property=\"article:publisher\" content=\"https:\/\/www.facebook.com\/WRAPcompliance\/\" \/>\n<meta property=\"article:modified_time\" content=\"2026-04-17T18:50:29+00:00\" \/>\n<meta property=\"og:image\" content=\"https:\/\/wrapcompliance.org\/wp-content\/uploads\/2021\/05\/USFIA_horizontal_logo_web.png\" \/>\n\t<meta property=\"og:image:width\" content=\"985\" \/>\n\t<meta property=\"og:image:height\" content=\"256\" \/>\n\t<meta property=\"og:image:type\" content=\"image\/png\" \/>\n<meta name=\"twitter:card\" content=\"summary_large_image\" \/>\n<meta name=\"twitter:site\" content=\"@wrapcompliance\" \/>\n<meta name=\"twitter:label1\" content=\"Gesch\u00e4tzte Lesezeit\" \/>\n\t<meta name=\"twitter:data1\" content=\"1 Minute\" \/>\n<script type=\"application\/ld+json\" class=\"yoast-schema-graph\">{\"@context\":\"https:\\\/\\\/schema.org\",\"@graph\":[{\"@type\":\"WebPage\",\"@id\":\"https:\\\/\\\/wrapcompliance.org\\\/collaboration\\\/usfia\\\/\",\"url\":\"https:\\\/\\\/wrapcompliance.org\\\/collaboration\\\/usfia\\\/\",\"name\":\"- WRAP Compliance\",\"isPartOf\":{\"@id\":\"https:\\\/\\\/wrapcompliance.org\\\/en\\\/#website\"},\"primaryImageOfPage\":{\"@id\":\"https:\\\/\\\/wrapcompliance.org\\\/collaboration\\\/usfia\\\/#primaryimage\"},\"image\":{\"@id\":\"https:\\\/\\\/wrapcompliance.org\\\/collaboration\\\/usfia\\\/#primaryimage\"},\"thumbnailUrl\":\"https:\\\/\\\/wrapcompliance.org\\\/wp-content\\\/uploads\\\/2021\\\/05\\\/USFIA_horizontal_logo_web.png\",\"datePublished\":\"2022-08-24T20:07:08+00:00\",\"dateModified\":\"2026-04-17T18:50:29+00:00\",\"breadcrumb\":{\"@id\":\"https:\\\/\\\/wrapcompliance.org\\\/collaboration\\\/usfia\\\/#breadcrumb\"},\"inLanguage\":\"de-DE\",\"potentialAction\":[{\"@type\":\"ReadAction\",\"target\":[\"https:\\\/\\\/wrapcompliance.org\\\/collaboration\\\/usfia\\\/\"]}]},{\"@type\":\"ImageObject\",\"inLanguage\":\"de-DE\",\"@id\":\"https:\\\/\\\/wrapcompliance.org\\\/collaboration\\\/usfia\\\/#primaryimage\",\"url\":\"https:\\\/\\\/wrapcompliance.org\\\/wp-content\\\/uploads\\\/2021\\\/05\\\/USFIA_horizontal_logo_web.png\",\"contentUrl\":\"https:\\\/\\\/wrapcompliance.org\\\/wp-content\\\/uploads\\\/2021\\\/05\\\/USFIA_horizontal_logo_web.png\"},{\"@type\":\"BreadcrumbList\",\"@id\":\"https:\\\/\\\/wrapcompliance.org\\\/collaboration\\\/usfia\\\/#breadcrumb\",\"itemListElement\":[{\"@type\":\"ListItem\",\"position\":1,\"name\":\"Home\",\"item\":\"https:\\\/\\\/wrapcompliance.org\\\/\"},{\"@type\":\"ListItem\",\"position\":2,\"name\":\"Leadership in Action\",\"item\":\"https:\\\/\\\/wrapcompliance.org\\\/collaboration\\\/\"}]},{\"@type\":\"WebSite\",\"@id\":\"https:\\\/\\\/wrapcompliance.org\\\/en\\\/#website\",\"url\":\"https:\\\/\\\/wrapcompliance.org\\\/en\\\/\",\"name\":\"WRAP Compliance\",\"description\":\"Ensuring production facilities operate in a safe, responsible, and ethical way. Through our 12 Principles, we promote lawful, humane manufacturing in facilities throughout the world via our Certification and Training programs.\",\"publisher\":{\"@id\":\"https:\\\/\\\/wrapcompliance.org\\\/en\\\/#organization\"},\"potentialAction\":[{\"@type\":\"SearchAction\",\"target\":{\"@type\":\"EntryPoint\",\"urlTemplate\":\"https:\\\/\\\/wrapcompliance.org\\\/en\\\/?s={search_term_string}\"},\"query-input\":{\"@type\":\"PropertyValueSpecification\",\"valueRequired\":true,\"valueName\":\"search_term_string\"}}],\"inLanguage\":\"de-DE\"},{\"@type\":\"Organization\",\"@id\":\"https:\\\/\\\/wrapcompliance.org\\\/en\\\/#organization\",\"name\":\"Worldwide Responsible Accredited Production\",\"alternateName\":\"WRAP Compliance\",\"url\":\"https:\\\/\\\/wrapcompliance.org\\\/en\\\/\",\"logo\":{\"@type\":\"ImageObject\",\"inLanguage\":\"de-DE\",\"@id\":\"https:\\\/\\\/wrapcompliance.org\\\/en\\\/#\\\/schema\\\/logo\\\/image\\\/\",\"url\":\"https:\\\/\\\/wrapcompliance.org\\\/wp-content\\\/uploads\\\/2022\\\/03\\\/WRAP_Logo_Update_Color_RGB.png\",\"contentUrl\":\"https:\\\/\\\/wrapcompliance.org\\\/wp-content\\\/uploads\\\/2022\\\/03\\\/WRAP_Logo_Update_Color_RGB.png\",\"width\":3601,\"height\":3451,\"caption\":\"Worldwide Responsible Accredited Production\"},\"image\":{\"@id\":\"https:\\\/\\\/wrapcompliance.org\\\/en\\\/#\\\/schema\\\/logo\\\/image\\\/\"},\"sameAs\":[\"https:\\\/\\\/www.facebook.com\\\/WRAPcompliance\\\/\",\"https:\\\/\\\/x.com\\\/wrapcompliance\",\"https:\\\/\\\/www.linkedin.com\\\/company\\\/wrapcompliance\"]}]}<\/script>\n<!-- \/ Yoast SEO plugin. -->","yoast_head_json":{"title":"- WRAP-Konformit\u00e4t","robots":{"index":"index","follow":"follow","max-snippet":"max-snippet:-1","max-image-preview":"max-image-preview:large","max-video-preview":"max-video-preview:-1"},"canonical":"https:\/\/wrapcompliance.org\/de\/collaboration\/usfia\/","og_locale":"de_DE","og_type":"article","og_title":"- WRAP Compliance","og_description":"The United States Fashion Industry Association (USFIA) is dedicated to fashion made possible by global trade. represents textile and apparel brands, retailers, importers, and wholesalers based in the United States and doing business globally; working to eliminate tariff and non-tariff barriers that impede the industry\u2019s ability to trade freely and create economic opportunities in the [&hellip;]","og_url":"https:\/\/wrapcompliance.org\/de\/collaboration\/usfia\/","og_site_name":"WRAP Compliance","article_publisher":"https:\/\/www.facebook.com\/WRAPcompliance\/","article_modified_time":"2026-04-17T18:50:29+00:00","og_image":[{"width":985,"height":256,"url":"https:\/\/wrapcompliance.org\/wp-content\/uploads\/2021\/05\/USFIA_horizontal_logo_web.png","type":"image\/png"}],"twitter_card":"summary_large_image","twitter_site":"@wrapcompliance","twitter_misc":{"Gesch\u00e4tzte Lesezeit":"1 Minute"},"schema":{"@context":"https:\/\/schema.org","@graph":[{"@type":"WebPage","@id":"https:\/\/wrapcompliance.org\/collaboration\/usfia\/","url":"https:\/\/wrapcompliance.org\/collaboration\/usfia\/","name":"- WRAP-Konformit\u00e4t","isPartOf":{"@id":"https:\/\/wrapcompliance.org\/en\/#website"},"primaryImageOfPage":{"@id":"https:\/\/wrapcompliance.org\/collaboration\/usfia\/#primaryimage"},"image":{"@id":"https:\/\/wrapcompliance.org\/collaboration\/usfia\/#primaryimage"},"thumbnailUrl":"https:\/\/wrapcompliance.org\/wp-content\/uploads\/2021\/05\/USFIA_horizontal_logo_web.png","datePublished":"2022-08-24T20:07:08+00:00","dateModified":"2026-04-17T18:50:29+00:00","breadcrumb":{"@id":"https:\/\/wrapcompliance.org\/collaboration\/usfia\/#breadcrumb"},"inLanguage":"de-DE","potentialAction":[{"@type":"ReadAction","target":["https:\/\/wrapcompliance.org\/collaboration\/usfia\/"]}]},{"@type":"ImageObject","inLanguage":"de-DE","@id":"https:\/\/wrapcompliance.org\/collaboration\/usfia\/#primaryimage","url":"https:\/\/wrapcompliance.org\/wp-content\/uploads\/2021\/05\/USFIA_horizontal_logo_web.png","contentUrl":"https:\/\/wrapcompliance.org\/wp-content\/uploads\/2021\/05\/USFIA_horizontal_logo_web.png"},{"@type":"BreadcrumbList","@id":"https:\/\/wrapcompliance.org\/collaboration\/usfia\/#breadcrumb","itemListElement":[{"@type":"ListItem","position":1,"name":"Home","item":"https:\/\/wrapcompliance.org\/"},{"@type":"ListItem","position":2,"name":"Leadership in Action","item":"https:\/\/wrapcompliance.org\/collaboration\/"}]},{"@type":"WebSite","@id":"https:\/\/wrapcompliance.org\/en\/#website","url":"https:\/\/wrapcompliance.org\/en\/","name":"WRAP-Konformit\u00e4t","description":"Gew\u00e4hrleistung eines sicheren, verantwortungsvollen und ethischen Betriebs der Produktionsanlagen. Durch unsere 12 Prinzipien f\u00f6rdern wir \u00fcber unsere Zertifizierungs- und Schulungsprogramme eine rechtm\u00e4\u00dfige, humane Herstellung in Anlagen auf der ganzen Welt.","publisher":{"@id":"https:\/\/wrapcompliance.org\/en\/#organization"},"potentialAction":[{"@type":"SearchAction","target":{"@type":"EntryPoint","urlTemplate":"https:\/\/wrapcompliance.org\/en\/?s={search_term_string}"},"query-input":{"@type":"PropertyValueSpecification","valueRequired":true,"valueName":"search_term_string"}}],"inLanguage":"de-DE"},{"@type":"Organization","@id":"https:\/\/wrapcompliance.org\/en\/#organization","name":"Weltweit verantwortungsvolle, akkreditierte Produktion","alternateName":"WRAP Compliance","url":"https:\/\/wrapcompliance.org\/en\/","logo":{"@type":"ImageObject","inLanguage":"de-DE","@id":"https:\/\/wrapcompliance.org\/en\/#\/schema\/logo\/image\/","url":"https:\/\/wrapcompliance.org\/wp-content\/uploads\/2022\/03\/WRAP_Logo_Update_Color_RGB.png","contentUrl":"https:\/\/wrapcompliance.org\/wp-content\/uploads\/2022\/03\/WRAP_Logo_Update_Color_RGB.png","width":3601,"height":3451,"caption":"Worldwide Responsible Accredited Production"},"image":{"@id":"https:\/\/wrapcompliance.org\/en\/#\/schema\/logo\/image\/"},"sameAs":["https:\/\/www.facebook.com\/WRAPcompliance\/","https:\/\/x.com\/wrapcompliance","https:\/\/www.linkedin.com\/company\/wrapcompliance"]}]}},"_links":{"self":[{"href":"https:\/\/wrapcompliance.org\/de\/wp-json\/wp\/v2\/pages\/24799","targetHints":{"allow":["GET"]}}],"collection":[{"href":"https:\/\/wrapcompliance.org\/de\/wp-json\/wp\/v2\/pages"}],"about":[{"href":"https:\/\/wrapcompliance.org\/de\/wp-json\/wp\/v2\/types\/page"}],"author":[{"embeddable":true,"href":"https:\/\/wrapcompliance.org\/de\/wp-json\/wp\/v2\/users\/3"}],"replies":[{"embeddable":true,"href":"https:\/\/wrapcompliance.org\/de\/wp-json\/wp\/v2\/comments?post=24799"}],"version-history":[{"count":1,"href":"https:\/\/wrapcompliance.org\/de\/wp-json\/wp\/v2\/pages\/24799\/revisions"}],"predecessor-version":[{"id":2345013,"href":"https:\/\/wrapcompliance.org\/de\/wp-json\/wp\/v2\/pages\/24799\/revisions\/2345013"}],"up":[{"embeddable":true,"href":"https:\/\/wrapcompliance.org\/de\/wp-json\/wp\/v2\/pages\/24779"}],"wp:attachment":[{"href":"https:\/\/wrapcompliance.org\/de\/wp-json\/wp\/v2\/media?parent=24799"}],"curies":[{"name":"wp","href":"https:\/\/api.w.org\/{rel}","templated":true}]}}