{"id":24828,"date":"2022-08-24T16:02:49","date_gmt":"2022-08-24T20:02:49","guid":{"rendered":"https:\/\/wrapcompliance.org\/?page_id=24828"},"modified":"2023-08-29T12:34:44","modified_gmt":"2023-08-29T16:34:44","slug":"apsca","status":"publish","type":"page","link":"https:\/\/wrapcompliance.org\/de\/collaboration\/apsca\/","title":{"rendered":""},"content":{"rendered":"<div role=\"banner\" class=\"theme-block wp-block-theme-blocks-page-banner full-width has-background no-image\"><div class=\"wrap\"><div class=\"layout\"><h1 class=\"block-title appear-on-scroll\"><\/h1><div class=\"block-content\">\n<figure  class=\"appear-on-scroll wp-block-image size-large\" ><img loading=\"lazy\" decoding=\"async\" width=\"1024\" height=\"602\" src=\"https:\/\/wrapcompliance.org\/wp-content\/uploads\/2022\/09\/APSCA_Logo-1024x602.png\" alt=\"APSCA Logo\" class=\"wp-image-26132\" srcset=\"https:\/\/wrapcompliance.org\/wp-content\/uploads\/2022\/09\/APSCA_Logo-1024x602.png 1024w, https:\/\/wrapcompliance.org\/wp-content\/uploads\/2022\/09\/APSCA_Logo-300x176.png 300w, https:\/\/wrapcompliance.org\/wp-content\/uploads\/2022\/09\/APSCA_Logo-768x451.png 768w, https:\/\/wrapcompliance.org\/wp-content\/uploads\/2022\/09\/APSCA_Logo-18x12.png 18w, https:\/\/wrapcompliance.org\/wp-content\/uploads\/2022\/09\/APSCA_Logo-600x353.png 600w, https:\/\/wrapcompliance.org\/wp-content\/uploads\/2022\/09\/APSCA_Logo-1000x588.png 1000w, https:\/\/wrapcompliance.org\/wp-content\/uploads\/2022\/09\/APSCA_Logo.png 1392w\" sizes=\"auto, (max-width: 1024px) 100vw, 1024px\" \/><\/figure>\n<\/div><div class=\"block-background\" style=\"\"><\/div><\/div><\/div><\/div>\n\n<p class=\"appear-on-scroll\">Die 2015 gegr\u00fcndete <a href=\"http:\/\/theapsca.org\" target=\"_blank\" rel=\"noreferrer noopener\">Vereinigung professioneller Pr\u00fcfer f\u00fcr die Einhaltung sozialer Standards (APSCA)<\/a> ist ein Branchenverband, dessen Mitglieder einen Gro\u00dfteil der Social-Compliance-Audit-Branche repr\u00e4sentieren. <br><br>Die Mission von APSCA ist es, die Professionalit\u00e4t, Konsistenz und Glaubw\u00fcrdigkeit der Personen und Organisationen zu verbessern, die unabh\u00e4ngige Social-Compliance-Audits durchf\u00fchren. WRAP ist ein starker Unterst\u00fctzer und Mitwirkender der Arbeit von APSCA und verlangt, dass alle WRAP-akkreditierten \u00dcberwachungspartnerfirmen APSCA-Mitglieder sind.<\/p>\n\n<p class=\"appear-on-scroll\">APSCA verlangt von seinen Mitgliedspr\u00fcfern 48 Stunden\u00a0<a href=\"https:\/\/www.theapsca.org\/continuous-professional-development\/\">kontinuierliche berufliche Weiterbildung (CPD)<\/a>\u00a0Schulungen jedes Jahr. Zwei WRAP-Schulungen werden vom CPD-Programm des Verbandes anerkannt: die <a href=\"https:\/\/wrapcompliance.org\/de\/training\/training-overview\/two-day-bridge-training\/\">Zweit\u00e4giges Br\u00fcckentraining<\/a> und die <a href=\"https:\/\/wrapcompliance.org\/de\/training\/training-overview\/one-day-refresher-training\/\">Eint\u00e4gige Auffrischungsschulung<\/a>. Die zum Absolvieren dieser Kurse erforderlichen Stunden werden auf die Mindestanforderungen der APSCA an die berufliche Weiterbildung angerechnet.<\/p>\n\n<p  class=\"appear-on-scroll is-style-default has-light-gray-background-color has-background\" ><em>Worldwide Responsible Accredited Production (WRAP) unterst\u00fctzt die k\u00fcrzlich eingef\u00fchrte APSCA Social Compliance Audit Fee (g\u00fcltig ab 1. Juli 2023) uneingeschr\u00e4nkt. Weitere Informationen finden Sie unter <a href=\"https:\/\/www.theapsca.org\/strategy-and-mission\/\">APSCA-Website<\/a>. <\/em><br><br><em>Als langj\u00e4hriger Unterst\u00fctzer der APSCA unterst\u00fctzt WRAP deren strategische Initiative zur langfristigen beruflichen Weiterentwicklung von Auditoren f\u00fcr soziale Compliance, die f\u00fcr den Auditprozess unverzichtbar sind. WRAP freut sich, Teil der ersten Umsetzung zu sein und ermutigt alle akkreditierten \u00dcberwachungsunternehmen, die Weiterbildung und Entwicklung ihrer Auditoren zu unterst\u00fctzen.&nbsp;<\/em><\/p>\n\n<div  class=\"appear-on-scroll wp-block-buttons is-content-justification-left is-layout-flex wp-container-core-buttons-is-layout-fdcfc74e wp-block-buttons-is-layout-flex\" >\n<div class=\"wp-block-button\"><a class=\"wp-block-button__link wp-element-button\" href=\"https:\/\/www.theapsca.org\/\" target=\"_blank\" rel=\"noreferrer noopener\"><span class=\"label\">Erfahren Sie mehr \u00fcber Apsca<\/span><\/a><\/div>\n<\/div>","protected":false},"excerpt":{"rendered":"<p>Founded in 2015, the Association of Professional Social Compliance Auditors (APSCA) is an industry association, whose members represent a substantial majority of the social compliance audit industry. APSCA\u2019s mission is to enhance the professionalism, consistency, and credibility of the individuals and organizations performing independent social compliance audits. WRAP is a strong supporter of, and contributor [&hellip;]<\/p>\n","protected":false},"author":3,"featured_media":0,"parent":24702,"menu_order":7,"comment_status":"closed","ping_status":"closed","template":"","meta":{"_acf_changed":false,"featured_image_background_position":"","footnotes":""},"class_list":["post-24828","page","type-page","status-publish","hentry"],"acf":[],"yoast_head":"<!-- This site is optimized with the Yoast SEO plugin v27.3 - https:\/\/yoast.com\/product\/yoast-seo-wordpress\/ -->\n<title>- WRAP Compliance<\/title>\n<meta name=\"robots\" content=\"index, follow, max-snippet:-1, max-image-preview:large, max-video-preview:-1\" \/>\n<link rel=\"canonical\" href=\"https:\/\/wrapcompliance.org\/de\/collaboration\/apsca\/\" \/>\n<meta property=\"og:locale\" content=\"de_DE\" \/>\n<meta property=\"og:type\" content=\"article\" \/>\n<meta property=\"og:title\" content=\"- WRAP Compliance\" \/>\n<meta property=\"og:description\" content=\"Founded in 2015, the Association of Professional Social Compliance Auditors (APSCA) is an industry association, whose members represent a substantial majority of the social compliance audit industry. APSCA\u2019s mission is to enhance the professionalism, consistency, and credibility of the individuals and organizations performing independent social compliance audits. WRAP is a strong supporter of, and contributor [&hellip;]\" \/>\n<meta property=\"og:url\" content=\"https:\/\/wrapcompliance.org\/de\/collaboration\/apsca\/\" \/>\n<meta property=\"og:site_name\" content=\"WRAP Compliance\" \/>\n<meta property=\"article:publisher\" content=\"https:\/\/www.facebook.com\/WRAPcompliance\/\" \/>\n<meta property=\"article:modified_time\" content=\"2023-08-29T16:34:44+00:00\" \/>\n<meta property=\"og:image\" content=\"https:\/\/wrapcompliance.org\/wp-content\/uploads\/2022\/09\/APSCA_Logo-1024x602.png\" \/>\n<meta name=\"twitter:card\" content=\"summary_large_image\" \/>\n<meta name=\"twitter:site\" content=\"@wrapcompliance\" \/>\n<meta name=\"twitter:label1\" content=\"Gesch\u00e4tzte Lesezeit\" \/>\n\t<meta name=\"twitter:data1\" content=\"2 Minuten\" \/>\n<script type=\"application\/ld+json\" class=\"yoast-schema-graph\">{\"@context\":\"https:\\\/\\\/schema.org\",\"@graph\":[{\"@type\":\"WebPage\",\"@id\":\"https:\\\/\\\/wrapcompliance.org\\\/en\\\/collaboration\\\/apsca\\\/\",\"url\":\"https:\\\/\\\/wrapcompliance.org\\\/en\\\/collaboration\\\/apsca\\\/\",\"name\":\"- WRAP Compliance\",\"isPartOf\":{\"@id\":\"https:\\\/\\\/wrapcompliance.org\\\/en\\\/#website\"},\"primaryImageOfPage\":{\"@id\":\"https:\\\/\\\/wrapcompliance.org\\\/en\\\/collaboration\\\/apsca\\\/#primaryimage\"},\"image\":{\"@id\":\"https:\\\/\\\/wrapcompliance.org\\\/en\\\/collaboration\\\/apsca\\\/#primaryimage\"},\"thumbnailUrl\":\"https:\\\/\\\/wrapcompliance.org\\\/wp-content\\\/uploads\\\/2022\\\/09\\\/APSCA_Logo-1024x602.png\",\"datePublished\":\"2022-08-24T20:02:49+00:00\",\"dateModified\":\"2023-08-29T16:34:44+00:00\",\"breadcrumb\":{\"@id\":\"https:\\\/\\\/wrapcompliance.org\\\/en\\\/collaboration\\\/apsca\\\/#breadcrumb\"},\"inLanguage\":\"de-DE\",\"potentialAction\":[{\"@type\":\"ReadAction\",\"target\":[\"https:\\\/\\\/wrapcompliance.org\\\/en\\\/collaboration\\\/apsca\\\/\"]}]},{\"@type\":\"ImageObject\",\"inLanguage\":\"de-DE\",\"@id\":\"https:\\\/\\\/wrapcompliance.org\\\/en\\\/collaboration\\\/apsca\\\/#primaryimage\",\"url\":\"https:\\\/\\\/wrapcompliance.org\\\/wp-content\\\/uploads\\\/2022\\\/09\\\/APSCA_Logo-1024x602.png\",\"contentUrl\":\"https:\\\/\\\/wrapcompliance.org\\\/wp-content\\\/uploads\\\/2022\\\/09\\\/APSCA_Logo-1024x602.png\"},{\"@type\":\"BreadcrumbList\",\"@id\":\"https:\\\/\\\/wrapcompliance.org\\\/en\\\/collaboration\\\/apsca\\\/#breadcrumb\",\"itemListElement\":[{\"@type\":\"ListItem\",\"position\":1,\"name\":\"Home\",\"item\":\"https:\\\/\\\/wrapcompliance.org\\\/\"},{\"@type\":\"ListItem\",\"position\":2,\"name\":\"Collaboration\",\"item\":\"https:\\\/\\\/wrapcompliance.org\\\/en\\\/collaboration\\\/\"}]},{\"@type\":\"WebSite\",\"@id\":\"https:\\\/\\\/wrapcompliance.org\\\/en\\\/#website\",\"url\":\"https:\\\/\\\/wrapcompliance.org\\\/en\\\/\",\"name\":\"WRAP Compliance\",\"description\":\"Ensuring production facilities operate in a safe, responsible, and ethical way. Through our 12 Principles, we promote lawful, humane manufacturing in facilities throughout the world via our Certification and Training programs.\",\"publisher\":{\"@id\":\"https:\\\/\\\/wrapcompliance.org\\\/en\\\/#organization\"},\"potentialAction\":[{\"@type\":\"SearchAction\",\"target\":{\"@type\":\"EntryPoint\",\"urlTemplate\":\"https:\\\/\\\/wrapcompliance.org\\\/en\\\/?s={search_term_string}\"},\"query-input\":{\"@type\":\"PropertyValueSpecification\",\"valueRequired\":true,\"valueName\":\"search_term_string\"}}],\"inLanguage\":\"de-DE\"},{\"@type\":\"Organization\",\"@id\":\"https:\\\/\\\/wrapcompliance.org\\\/en\\\/#organization\",\"name\":\"Worldwide Responsible Accredited Production\",\"alternateName\":\"WRAP Compliance\",\"url\":\"https:\\\/\\\/wrapcompliance.org\\\/en\\\/\",\"logo\":{\"@type\":\"ImageObject\",\"inLanguage\":\"de-DE\",\"@id\":\"https:\\\/\\\/wrapcompliance.org\\\/en\\\/#\\\/schema\\\/logo\\\/image\\\/\",\"url\":\"https:\\\/\\\/wrapcompliance.org\\\/wp-content\\\/uploads\\\/2022\\\/03\\\/WRAP_Logo_Update_Color_RGB.png\",\"contentUrl\":\"https:\\\/\\\/wrapcompliance.org\\\/wp-content\\\/uploads\\\/2022\\\/03\\\/WRAP_Logo_Update_Color_RGB.png\",\"width\":3601,\"height\":3451,\"caption\":\"Worldwide Responsible Accredited Production\"},\"image\":{\"@id\":\"https:\\\/\\\/wrapcompliance.org\\\/en\\\/#\\\/schema\\\/logo\\\/image\\\/\"},\"sameAs\":[\"https:\\\/\\\/www.facebook.com\\\/WRAPcompliance\\\/\",\"https:\\\/\\\/x.com\\\/wrapcompliance\",\"https:\\\/\\\/www.linkedin.com\\\/company\\\/wrapcompliance\"]}]}<\/script>\n<!-- \/ Yoast SEO plugin. -->","yoast_head_json":{"title":"- WRAP-Konformit\u00e4t","robots":{"index":"index","follow":"follow","max-snippet":"max-snippet:-1","max-image-preview":"max-image-preview:large","max-video-preview":"max-video-preview:-1"},"canonical":"https:\/\/wrapcompliance.org\/de\/collaboration\/apsca\/","og_locale":"de_DE","og_type":"article","og_title":"- WRAP Compliance","og_description":"Founded in 2015, the Association of Professional Social Compliance Auditors (APSCA) is an industry association, whose members represent a substantial majority of the social compliance audit industry. APSCA\u2019s mission is to enhance the professionalism, consistency, and credibility of the individuals and organizations performing independent social compliance audits. WRAP is a strong supporter of, and contributor [&hellip;]","og_url":"https:\/\/wrapcompliance.org\/de\/collaboration\/apsca\/","og_site_name":"WRAP Compliance","article_publisher":"https:\/\/www.facebook.com\/WRAPcompliance\/","article_modified_time":"2023-08-29T16:34:44+00:00","og_image":[{"url":"https:\/\/wrapcompliance.org\/wp-content\/uploads\/2022\/09\/APSCA_Logo-1024x602.png","type":"","width":"","height":""}],"twitter_card":"summary_large_image","twitter_site":"@wrapcompliance","twitter_misc":{"Gesch\u00e4tzte Lesezeit":"2 Minuten"},"schema":{"@context":"https:\/\/schema.org","@graph":[{"@type":"WebPage","@id":"https:\/\/wrapcompliance.org\/en\/collaboration\/apsca\/","url":"https:\/\/wrapcompliance.org\/en\/collaboration\/apsca\/","name":"- WRAP-Konformit\u00e4t","isPartOf":{"@id":"https:\/\/wrapcompliance.org\/en\/#website"},"primaryImageOfPage":{"@id":"https:\/\/wrapcompliance.org\/en\/collaboration\/apsca\/#primaryimage"},"image":{"@id":"https:\/\/wrapcompliance.org\/en\/collaboration\/apsca\/#primaryimage"},"thumbnailUrl":"https:\/\/wrapcompliance.org\/wp-content\/uploads\/2022\/09\/APSCA_Logo-1024x602.png","datePublished":"2022-08-24T20:02:49+00:00","dateModified":"2023-08-29T16:34:44+00:00","breadcrumb":{"@id":"https:\/\/wrapcompliance.org\/en\/collaboration\/apsca\/#breadcrumb"},"inLanguage":"de-DE","potentialAction":[{"@type":"ReadAction","target":["https:\/\/wrapcompliance.org\/en\/collaboration\/apsca\/"]}]},{"@type":"ImageObject","inLanguage":"de-DE","@id":"https:\/\/wrapcompliance.org\/en\/collaboration\/apsca\/#primaryimage","url":"https:\/\/wrapcompliance.org\/wp-content\/uploads\/2022\/09\/APSCA_Logo-1024x602.png","contentUrl":"https:\/\/wrapcompliance.org\/wp-content\/uploads\/2022\/09\/APSCA_Logo-1024x602.png"},{"@type":"BreadcrumbList","@id":"https:\/\/wrapcompliance.org\/en\/collaboration\/apsca\/#breadcrumb","itemListElement":[{"@type":"ListItem","position":1,"name":"Home","item":"https:\/\/wrapcompliance.org\/"},{"@type":"ListItem","position":2,"name":"Collaboration","item":"https:\/\/wrapcompliance.org\/en\/collaboration\/"}]},{"@type":"WebSite","@id":"https:\/\/wrapcompliance.org\/en\/#website","url":"https:\/\/wrapcompliance.org\/en\/","name":"WRAP-Konformit\u00e4t","description":"Gew\u00e4hrleistung eines sicheren, verantwortungsvollen und ethischen Betriebs der Produktionsanlagen. Durch unsere 12 Prinzipien f\u00f6rdern wir \u00fcber unsere Zertifizierungs- und Schulungsprogramme eine rechtm\u00e4\u00dfige, humane Herstellung in Anlagen auf der ganzen Welt.","publisher":{"@id":"https:\/\/wrapcompliance.org\/en\/#organization"},"potentialAction":[{"@type":"SearchAction","target":{"@type":"EntryPoint","urlTemplate":"https:\/\/wrapcompliance.org\/en\/?s={search_term_string}"},"query-input":{"@type":"PropertyValueSpecification","valueRequired":true,"valueName":"search_term_string"}}],"inLanguage":"de-DE"},{"@type":"Organization","@id":"https:\/\/wrapcompliance.org\/en\/#organization","name":"Weltweit verantwortungsvolle, akkreditierte Produktion","alternateName":"WRAP Compliance","url":"https:\/\/wrapcompliance.org\/en\/","logo":{"@type":"ImageObject","inLanguage":"de-DE","@id":"https:\/\/wrapcompliance.org\/en\/#\/schema\/logo\/image\/","url":"https:\/\/wrapcompliance.org\/wp-content\/uploads\/2022\/03\/WRAP_Logo_Update_Color_RGB.png","contentUrl":"https:\/\/wrapcompliance.org\/wp-content\/uploads\/2022\/03\/WRAP_Logo_Update_Color_RGB.png","width":3601,"height":3451,"caption":"Worldwide Responsible Accredited Production"},"image":{"@id":"https:\/\/wrapcompliance.org\/en\/#\/schema\/logo\/image\/"},"sameAs":["https:\/\/www.facebook.com\/WRAPcompliance\/","https:\/\/x.com\/wrapcompliance","https:\/\/www.linkedin.com\/company\/wrapcompliance"]}]}},"_links":{"self":[{"href":"https:\/\/wrapcompliance.org\/de\/wp-json\/wp\/v2\/pages\/24828","targetHints":{"allow":["GET"]}}],"collection":[{"href":"https:\/\/wrapcompliance.org\/de\/wp-json\/wp\/v2\/pages"}],"about":[{"href":"https:\/\/wrapcompliance.org\/de\/wp-json\/wp\/v2\/types\/page"}],"author":[{"embeddable":true,"href":"https:\/\/wrapcompliance.org\/de\/wp-json\/wp\/v2\/users\/3"}],"replies":[{"embeddable":true,"href":"https:\/\/wrapcompliance.org\/de\/wp-json\/wp\/v2\/comments?post=24828"}],"version-history":[{"count":0,"href":"https:\/\/wrapcompliance.org\/de\/wp-json\/wp\/v2\/pages\/24828\/revisions"}],"up":[{"embeddable":true,"href":"https:\/\/wrapcompliance.org\/de\/wp-json\/wp\/v2\/pages\/24702"}],"wp:attachment":[{"href":"https:\/\/wrapcompliance.org\/de\/wp-json\/wp\/v2\/media?parent=24828"}],"curies":[{"name":"wp","href":"https:\/\/api.w.org\/{rel}","templated":true}]}}