{"id":25246,"date":"2022-08-25T10:33:03","date_gmt":"2022-08-25T14:33:03","guid":{"rendered":"https:\/\/wrapcompliance.org\/?page_id=25246"},"modified":"2026-03-11T15:05:36","modified_gmt":"2026-03-11T19:05:36","slug":"our-history","status":"publish","type":"page","link":"https:\/\/wrapcompliance.org\/de\/about\/our-team\/our-history\/","title":{"rendered":"Unsere Geschichte"},"content":{"rendered":"<div role=\"banner\" class=\"theme-block wp-block-theme-blocks-page-banner full-width has-background no-image\"><div class=\"wrap\"><div class=\"layout\"><h1 class=\"block-title appear-on-scroll\">Unsere Geschichte<\/h1><div class=\"block-content\">\n<p  class=\"appear-on-scroll is-style-intro has-max-width-800\" ><\/p>\n<\/div><div class=\"block-background\" style=\"\"><\/div><\/div><\/div><\/div>\n\n<p  class=\"appear-on-scroll has-max-width-700 has-auto-margin-horizontal is-style-intro\" >Over the past quarter century, more than 180 million lives around the world have been positively impacted by WRAP\u2019s enduring commitment to ensuring safe and ethical practices for the workers underpinning the sewn products and related industries.<\/p>\n\n\n<figure class=\"wp-block-boldblocks-youtube-block\"><div id=\"yb-video-n5url0a5E1Q\" class=\"yb-player\" data-video-id=\"n5url0a5E1Q\" data-title=\"Play\" style=\"background-image:url(https:\/\/img.youtube.com\/vi\/n5url0a5E1Q\/hqdefault.jpg)\"><button type=\"button\" class=\"yb-btn-play\"><span class=\"visually-hidden\">Spielen<\/span><\/button><\/div><figcaption class=\"yb-caption\">Courtesy of Oregon State University\u2019s Professional and Continuing Education (voiceover provided by Angela Wartes-Kahl)<\/figcaption><\/figure>\n\n\n<p class=\"appear-on-scroll\">In den 1990er Jahren sahen sich prominente Marken und Einzelh\u00e4ndler mit Bedenken hinsichtlich der Arbeitnehmerrechte konfrontiert, als es um Vorw\u00fcrfe von Ausbeutungsbedingungen in Produktionsst\u00e4tten auf der ganzen Welt ging. Es bestand Bedarf an einer glaubw\u00fcrdigen Einheit, die eine sichere und nachhaltige Herstellung f\u00f6rdern konnte, eine Einrichtung nach der anderen. Im Jahr 2000 wurde unsere Organisation gegr\u00fcndet, um genau das zu tun.<\/p>\n\n<p class=\"appear-on-scroll\">Unsere Urspr\u00fcnge gehen auf eine von der American Apparel and Manufacturers Association (AAMA; jetzt AAFA - American Apparel and Footwear Association) geleitete Multi-Stakeholder-Aktion zur\u00fcck. Sie beriefen einen Ausschuss ein, der umfangreiche Konsultationen mit Marken, Einzelh\u00e4ndlern, Lieferanten, Nichtregierungsorganisationen, Wissenschaftlern und Regierungsvertretern durchf\u00fchrte. Dies gipfelte in der Gr\u00fcndung von WRAP, einem Programm, das frei von Einflussnahme durch Sonderinteressen, Lobbyismus und Gewinnstreben ist.<\/p>\n\n<p class=\"appear-on-scroll\">Heute sind wir das gr\u00f6\u00dfte unabh\u00e4ngige Zertifizierungsprogramm f\u00fcr gen\u00e4hte Waren, Bekleidung, Textilien und verwandte Branchen. Unser Vorstand - der gem\u00e4\u00df unserer Satzung mehrheitlich branchenunabh\u00e4ngig sein muss, um sicherzustellen, dass unsere Organisation rechenschaftspflichtig und unsere Arbeit objektiv ist - und unsere Mitarbeiter auf der ganzen Welt arbeiten jeden Tag daran, Unternehmen zu unterst\u00fctzen, die sich um die Verbesserung ihrer Fabriken, Betriebsabl\u00e4ufe und die Langlebigkeit ihrer Marken bem\u00fchen.<\/p>\n\n<div class=\"wp-block-theme-blocks-timeline theme-block no-appear\"><div class=\"layout\"><div class=\"block-nav\"><ul class=\"labels\"><\/ul><div class=\"progress\"><div class=\"scroll-element_outer\"><div class=\"scroll-element_size\"><\/div><div class=\"scroll-element_track track\"><\/div><div class=\"scroll-bar\" draggable=\"true\"><\/div><div class=\"scroll-bar\"><\/div><span class=\"icon fa-solid fa-arrow-left left scroll-arrow scroll-arrow_less\"><\/span><span class=\"icon fa-solid fa-arrow-right right scroll-arrow scroll-arrow_more\"><\/span><\/div><\/div><\/div><div class=\"block-slides-wrap\"><div class=\"block-slides\" tabindex=\"0\"><div class=\"track\">\n<div class=\"wp-block-theme-blocks-timeline-group theme-block no-appear group\" data-label=\"1996-2000\">\n<div class=\"wp-block-theme-blocks-timeline-slide theme-block no-appear slide\" data-label=\"1996\"><div class=\"block-label\">1996<\/div><div class=\"block-entries\">\n<p class=\"appear-on-scroll\">Kathie Lee Gifford wurde vorgeworfen, Kleidung mithilfe von Kinderarbeit und Zwangsarbeit herzustellen. Die Arbeiter waren harten Bedingungen und extrem niedrigen L\u00f6hnen ausgesetzt. Der Vorfall erregte gro\u00dfe Aufmerksamkeit in den US-Medien und bei der US-Gesetzgebung.<\/p>\n<\/div><\/div>\n\n<div class=\"wp-block-theme-blocks-timeline-slide theme-block no-appear slide is-style-top\" data-label=\"1997\"><div class=\"block-label\">1997<\/div><div class=\"block-entries\">\n<p class=\"appear-on-scroll\">Pr\u00e4sident Clintons Apparel Industry Partnership wurde ins Leben gerufen, um Schulungen und Instrumente zur Verbesserung der Arbeitsbedingungen bereitzustellen.<\/p>\n<\/div><\/div>\n\n<div class=\"wp-block-theme-blocks-timeline-slide theme-block no-appear slide\" data-label=\"1998\"><div class=\"block-label\">1998<\/div><div class=\"block-entries\">\n<p class=\"appear-on-scroll\">Die American Apparel and Manufacturers Association (AAMA) bildet einen Ausschuss zur Bew\u00e4ltigung der Herausforderungen im Bereich der Einhaltung sozialer Standards; die Responsible Apparel Production Principles (RAPP) werden entworfen.<\/p>\n\n<p class=\"appear-on-scroll\">Erstes RAPP-Audit im Jockey-Werk in Costa Rica durchgef\u00fchrt.<\/p>\n<\/div><\/div>\n\n<div class=\"wp-block-theme-blocks-timeline-slide theme-block no-appear slide is-style-top\" data-label=\"1999\"><div class=\"block-label\">1999<\/div><div class=\"block-entries\">\n<p class=\"appear-on-scroll\">Das AAMA-Komitee empfiehlt die Gr\u00fcndung einer unabh\u00e4ngigen gemeinn\u00fctzigen Organisation, die in Worldwide Responsible Apparel Production (WRAP) umbenannt wird.<\/p>\n<\/div><\/div>\n\n<div class=\"wp-block-theme-blocks-timeline-slide theme-block no-appear slide\" data-label=\"2000\"><div class=\"block-label\">2000<\/div><div class=\"block-entries\">\n<p class=\"appear-on-scroll\">WRAP wurde als unabh\u00e4ngige gemeinn\u00fctzige Organisation gegr\u00fcndet, wobei Jack Otero zum ersten Vorstandsvorsitzenden und Lawrence Doherty zum ersten Gesch\u00e4ftsf\u00fchrer ernannt wurden.&nbsp;<\/p>\n\n<p class=\"appear-on-scroll\">AAMA fusioniert mit der Footwear Industries of America (FIA) und der Fashion Association zur American Apparel &amp; Footwear Association (AAFA).<\/p>\n<\/div><\/div>\n<\/div>\n\n<div class=\"wp-block-theme-blocks-timeline-group theme-block no-appear group\" data-label=\"2001-2011\">\n<div class=\"wp-block-theme-blocks-timeline-slide theme-block no-appear slide is-style-top\" data-label=\"2003\"><div class=\"block-label\">2003<\/div><div class=\"block-entries\">\n<p class=\"appear-on-scroll\">Charles Masten wurde zum Vorsitzenden des Vorstands von WRAP ernannt.<\/p>\n<\/div><\/div>\n\n<div class=\"wp-block-theme-blocks-timeline-slide theme-block no-appear slide is-style-default\" data-label=\"2007\"><div class=\"block-label\">2007<\/div><div class=\"block-entries\">\n<p class=\"appear-on-scroll\">WRAP aktualisiert seinen Namen in Worldwide Responsible Accredited Production.<\/p>\n<\/div><\/div>\n\n<div class=\"wp-block-theme-blocks-timeline-slide theme-block no-appear slide is-style-top\" data-label=\"2009\"><div class=\"block-label\">2009<\/div><div class=\"block-entries\">\n<p class=\"appear-on-scroll\">WRAP er\u00f6ffnet ein B\u00fcro in Hongkong, um vor Ort Zugang zu Einrichtungen im Gro\u00dfraum China zu erhalten.<\/p>\n<\/div><\/div>\n\n<div class=\"wp-block-theme-blocks-timeline-slide theme-block no-appear slide is-style-default\" data-label=\"2010\"><div class=\"block-label\">2010<\/div><div class=\"block-entries\">\n<p class=\"appear-on-scroll\">Kalifornien verabschiedet die <em>Kalifornisches Gesetz zur Transparenz in Lieferketten<\/em>, die von gro\u00dfen Einzelh\u00e4ndlern und Herstellern, die im Staat Gesch\u00e4fte machen, verlangt, ihre Bem\u00fchungen zur Ausrottung von Sklaverei und Menschenhandel aus ihren direkten Lieferketten offenzulegen.&nbsp;<\/p>\n<\/div><\/div>\n\n<div class=\"wp-block-theme-blocks-timeline-slide theme-block no-appear slide is-style-top\" data-label=\"2011\"><div class=\"block-label\">2011<\/div><div class=\"block-entries\">\n<p class=\"appear-on-scroll\">WRAP er\u00f6ffnet ein B\u00fcro in Dhaka und verst\u00e4rkt so die Unterst\u00fctzung in S\u00fcdasien.<\/p>\n<\/div><\/div>\n<\/div>\n\n<div class=\"wp-block-theme-blocks-timeline-group theme-block no-appear group\" data-label=\"2012-2020\">\n<div class=\"wp-block-theme-blocks-timeline-slide theme-block no-appear slide\" data-label=\"2012\"><div class=\"block-label\">2012<\/div><div class=\"block-entries\">\n<p class=\"appear-on-scroll\">Avedis Seferian zum Pr\u00e4sidenten und CEO von WRAP ernannt.<\/p>\n<\/div><\/div>\n\n<div class=\"wp-block-theme-blocks-timeline-slide theme-block no-appear slide is-style-top\" data-label=\"2013\"><div class=\"block-label\">2013<\/div><div class=\"block-entries\">\n<p class=\"appear-on-scroll\">Beim Einsturz des Rana Plaza-Geb\u00e4udes in Bangladesch kommen \u00fcber 1.100 Textilarbeiter ums Leben.<\/p>\n\n<p class=\"appear-on-scroll\">Das <em>Abkommen \u00fcber Brand- und Geb\u00e4udesicherheit in Bangladesch<\/em> wurde unterzeichnet und die Allianz f\u00fcr Arbeitssicherheit in Bangladesch gegr\u00fcndet. Avedis Seferian, Pr\u00e4sident und CEO von WRAP, wurde in den Beirat der Allianz berufen.<\/p>\n<\/div><\/div>\n\n<div class=\"wp-block-theme-blocks-timeline-slide theme-block no-appear slide\" data-label=\"2015\"><div class=\"block-label\">2015<\/div><div class=\"block-entries\">\n<p class=\"appear-on-scroll\">Gro\u00dfbritannien verabschiedet die <em>Gesetz zur modernen Sklaverei<\/em>, das darauf abzielt, moderne Sklaverei in Gesch\u00e4ftsabl\u00e4ufen und deren globalen Lieferketten zu regulieren und zu bek\u00e4mpfen.<\/p>\n<\/div><\/div>\n\n<div class=\"wp-block-theme-blocks-timeline-slide theme-block no-appear slide is-style-top\" data-label=\"2019\"><div class=\"block-label\">2019<\/div><div class=\"block-entries\">\n<p class=\"appear-on-scroll\">WRAP orientiert sich bei seinen Prinzipien 11 (Zollkonformit\u00e4t) und 12 (Sicherheit) an den Standards der Zoll- und Handelspartnerschaft gegen Terrorismus der US-Zoll- und Grenzschutzbeh\u00f6rde (CBP).<em> <\/em>(CTPAT)-Programm.<\/p>\n<\/div><\/div>\n\n<div class=\"wp-block-theme-blocks-timeline-slide theme-block no-appear slide is-style-default\" data-label=\"2020\"><div class=\"block-label\">2020<\/div><div class=\"block-entries\">\n<p class=\"appear-on-scroll\">Aufgrund der Auswirkungen von COVID f\u00fchrt WRAP f\u00fcr Einrichtungen, die ihre Zertifizierung erneuern m\u00f6chten, alternative Desktop-Assessments (ADA) ein. Diese ersetzen vor\u00fcbergehend die Vor-Ort-Erstpr\u00fcfungen an Orten, an denen der Reiseverkehr zum Erliegen kommt. Nach Bestehen des ADA erh\u00e4lt eine Einrichtung eine viermonatige Verl\u00e4ngerung ihres bestehenden Zertifikats.<\/p>\n<\/div><\/div>\n<\/div>\n\n<div class=\"wp-block-theme-blocks-timeline-group theme-block no-appear group has-half-margin-bottom\" data-label=\"2021-2024\">\n<div class=\"wp-block-theme-blocks-timeline-slide theme-block no-appear slide is-style-top\" data-label=\"2021\"><div class=\"block-label\">2021<\/div><div class=\"block-entries\">\n<p class=\"appear-on-scroll\">Die USA verabschieden <em>Gesetz zur Verhinderung uigurischer Zwangsarbeit<\/em> (UFLPA), das den Import von Waren aus der Autonomen Region Xinjiang der Uiguren in China verbietet, die unter Zwangsarbeit hergestellt wurden.<\/p>\n\n<p class=\"appear-on-scroll\">Holly Wise zur Vorstandsvorsitzenden von WRAP ernannt.<\/p>\n<\/div><\/div>\n\n<div class=\"wp-block-theme-blocks-timeline-slide theme-block no-appear slide is-style-default\" data-label=\"2023\"><div class=\"block-label\">2023<\/div><div class=\"block-entries\">\n<p class=\"appear-on-scroll\">Kanada-P\u00e4sse <em>Gesetz zur Bek\u00e4mpfung von Zwangsarbeit und Kinderarbeit in Lieferketten<\/em> Ziel ist es, die Transparenz und Verantwortlichkeit innerhalb der kanadischen Lieferketten zu erh\u00f6hen.<\/p>\n<\/div><\/div>\n\n<div class=\"wp-block-theme-blocks-timeline-slide theme-block no-appear slide is-style-top\" data-label=\"2024\"><div class=\"block-label\">2024<\/div><div class=\"block-entries\">\n<p class=\"appear-on-scroll\">Die EU verabschiedet die <em>Richtlinie zur unternehmerischen Nachhaltigkeitssorgfaltspflicht<\/em> (CSDDD), um negative Auswirkungen auf Menschenrechte und Umwelt entlang der gesamten Wertsch\u00f6pfungskette von Unternehmen zu verhindern und zu mildern, sowie die <em>Richtlinie zur Nachhaltigkeitsberichterstattung von Unternehmen<\/em> (CSRD) konzentrierte sich darauf, wie Unternehmen \u00fcber ihre Auswirkungen berichten und diese offenlegen.<\/p>\n<\/div><\/div>\n<\/div>\n<\/div><\/div><\/div><\/div><\/div>\n\n<div  class=\"appear-on-scroll wp-block-buttons is-layout-flex wp-block-buttons-is-layout-flex\" >\n<div class=\"wp-block-button\"><a class=\"wp-block-button__link wp-element-button\" href=\"https:\/\/wrapcompliance.org\/de\/SilverJubilee\/\"><span class=\"label\">Entdecken Sie die 25-j\u00e4hrige Geschichte und die Zukunftsaussichten von Wrap.<\/span><\/a><\/div>\n<\/div>","protected":false},"excerpt":{"rendered":"<p>Over the past quarter century, more than 180 million lives around the world have been positively impacted by WRAP\u2019s enduring commitment to ensuring safe and ethical practices for the workers underpinning the sewn products and related industries. In the 1990s, prominent brands and retailers found themselves grappling with concerns over workers\u2019 rights amid allegations of [&hellip;]<\/p>\n","protected":false},"author":3,"featured_media":0,"parent":24428,"menu_order":1,"comment_status":"closed","ping_status":"closed","template":"","meta":{"_acf_changed":false,"featured_image_background_position":"","footnotes":""},"class_list":["post-25246","page","type-page","status-publish","hentry"],"acf":[],"yoast_head":"<!-- This site is optimized with the Yoast SEO plugin v27.4 - https:\/\/yoast.com\/product\/yoast-seo-wordpress\/ -->\n<title>Our History - WRAP Compliance<\/title>\n<meta name=\"description\" content=\"Over two decades of promoting social compliance and ethical manufacturing through certification and training\" \/>\n<meta name=\"robots\" content=\"index, follow, max-snippet:-1, max-image-preview:large, max-video-preview:-1\" \/>\n<link rel=\"canonical\" href=\"https:\/\/wrapcompliance.org\/de\/about\/our-team\/our-history\/\" \/>\n<meta property=\"og:locale\" content=\"de_DE\" \/>\n<meta property=\"og:type\" content=\"article\" \/>\n<meta property=\"og:title\" content=\"Our History - WRAP Compliance\" \/>\n<meta property=\"og:description\" content=\"Over two decades of promoting social compliance and ethical manufacturing through certification and training\" \/>\n<meta property=\"og:url\" content=\"https:\/\/wrapcompliance.org\/de\/about\/our-team\/our-history\/\" \/>\n<meta property=\"og:site_name\" content=\"WRAP Compliance\" \/>\n<meta property=\"article:publisher\" content=\"https:\/\/www.facebook.com\/WRAPcompliance\/\" \/>\n<meta property=\"article:modified_time\" content=\"2026-03-11T19:05:36+00:00\" \/>\n<meta property=\"og:image\" content=\"https:\/\/wrapcompliance.org\/wp-content\/uploads\/2022\/10\/social-default-1200.jpg\" \/>\n\t<meta property=\"og:image:width\" content=\"1200\" \/>\n\t<meta property=\"og:image:height\" content=\"630\" \/>\n\t<meta property=\"og:image:type\" content=\"image\/jpeg\" \/>\n<meta name=\"twitter:card\" content=\"summary_large_image\" \/>\n<meta name=\"twitter:site\" content=\"@wrapcompliance\" \/>\n<script type=\"application\/ld+json\" class=\"yoast-schema-graph\">{\"@context\":\"https:\\\/\\\/schema.org\",\"@graph\":[{\"@type\":\"WebPage\",\"@id\":\"https:\\\/\\\/wrapcompliance.org\\\/about\\\/our-team\\\/our-history\\\/\",\"url\":\"https:\\\/\\\/wrapcompliance.org\\\/about\\\/our-team\\\/our-history\\\/\",\"name\":\"Our History - WRAP Compliance\",\"isPartOf\":{\"@id\":\"https:\\\/\\\/wrapcompliance.org\\\/en\\\/#website\"},\"datePublished\":\"2022-08-25T14:33:03+00:00\",\"dateModified\":\"2026-03-11T19:05:36+00:00\",\"description\":\"Over two decades of promoting social compliance and ethical manufacturing through certification and training\",\"breadcrumb\":{\"@id\":\"https:\\\/\\\/wrapcompliance.org\\\/about\\\/our-team\\\/our-history\\\/#breadcrumb\"},\"inLanguage\":\"de-DE\",\"potentialAction\":[{\"@type\":\"ReadAction\",\"target\":[\"https:\\\/\\\/wrapcompliance.org\\\/about\\\/our-team\\\/our-history\\\/\"]}]},{\"@type\":\"BreadcrumbList\",\"@id\":\"https:\\\/\\\/wrapcompliance.org\\\/about\\\/our-team\\\/our-history\\\/#breadcrumb\",\"itemListElement\":[{\"@type\":\"ListItem\",\"position\":1,\"name\":\"Home\",\"item\":\"https:\\\/\\\/wrapcompliance.org\\\/\"},{\"@type\":\"ListItem\",\"position\":2,\"name\":\"What We Do\",\"item\":\"https:\\\/\\\/wrapcompliance.org\\\/about\\\/\"},{\"@type\":\"ListItem\",\"position\":3,\"name\":\"Our Team\",\"item\":\"https:\\\/\\\/wrapcompliance.org\\\/about\\\/our-team\\\/\"},{\"@type\":\"ListItem\",\"position\":4,\"name\":\"Our History\"}]},{\"@type\":\"WebSite\",\"@id\":\"https:\\\/\\\/wrapcompliance.org\\\/en\\\/#website\",\"url\":\"https:\\\/\\\/wrapcompliance.org\\\/en\\\/\",\"name\":\"WRAP Compliance\",\"description\":\"Ensuring production facilities operate in a safe, responsible, and ethical way. Through our 12 Principles, we promote lawful, humane manufacturing in facilities throughout the world via our Certification and Training programs.\",\"publisher\":{\"@id\":\"https:\\\/\\\/wrapcompliance.org\\\/en\\\/#organization\"},\"potentialAction\":[{\"@type\":\"SearchAction\",\"target\":{\"@type\":\"EntryPoint\",\"urlTemplate\":\"https:\\\/\\\/wrapcompliance.org\\\/en\\\/?s={search_term_string}\"},\"query-input\":{\"@type\":\"PropertyValueSpecification\",\"valueRequired\":true,\"valueName\":\"search_term_string\"}}],\"inLanguage\":\"de-DE\"},{\"@type\":\"Organization\",\"@id\":\"https:\\\/\\\/wrapcompliance.org\\\/en\\\/#organization\",\"name\":\"Worldwide Responsible Accredited Production\",\"alternateName\":\"WRAP Compliance\",\"url\":\"https:\\\/\\\/wrapcompliance.org\\\/en\\\/\",\"logo\":{\"@type\":\"ImageObject\",\"inLanguage\":\"de-DE\",\"@id\":\"https:\\\/\\\/wrapcompliance.org\\\/en\\\/#\\\/schema\\\/logo\\\/image\\\/\",\"url\":\"https:\\\/\\\/wrapcompliance.org\\\/wp-content\\\/uploads\\\/2022\\\/03\\\/WRAP_Logo_Update_Color_RGB.png\",\"contentUrl\":\"https:\\\/\\\/wrapcompliance.org\\\/wp-content\\\/uploads\\\/2022\\\/03\\\/WRAP_Logo_Update_Color_RGB.png\",\"width\":3601,\"height\":3451,\"caption\":\"Worldwide Responsible Accredited Production\"},\"image\":{\"@id\":\"https:\\\/\\\/wrapcompliance.org\\\/en\\\/#\\\/schema\\\/logo\\\/image\\\/\"},\"sameAs\":[\"https:\\\/\\\/www.facebook.com\\\/WRAPcompliance\\\/\",\"https:\\\/\\\/x.com\\\/wrapcompliance\",\"https:\\\/\\\/www.linkedin.com\\\/company\\\/wrapcompliance\"]}]}<\/script>\n<!-- \/ Yoast SEO plugin. -->","yoast_head_json":{"title":"Our History - WRAP Compliance","description":"Seit \u00fcber zwei Jahrzehnten f\u00f6rdern wir soziale Konformit\u00e4t und ethische Produktion durch Zertifizierung und Schulung","robots":{"index":"index","follow":"follow","max-snippet":"max-snippet:-1","max-image-preview":"max-image-preview:large","max-video-preview":"max-video-preview:-1"},"canonical":"https:\/\/wrapcompliance.org\/de\/about\/our-team\/our-history\/","og_locale":"de_DE","og_type":"article","og_title":"Our History - WRAP Compliance","og_description":"Over two decades of promoting social compliance and ethical manufacturing through certification and training","og_url":"https:\/\/wrapcompliance.org\/de\/about\/our-team\/our-history\/","og_site_name":"WRAP Compliance","article_publisher":"https:\/\/www.facebook.com\/WRAPcompliance\/","article_modified_time":"2026-03-11T19:05:36+00:00","og_image":[{"width":1200,"height":630,"url":"https:\/\/wrapcompliance.org\/wp-content\/uploads\/2022\/10\/social-default-1200.jpg","type":"image\/jpeg"}],"twitter_card":"summary_large_image","twitter_site":"@wrapcompliance","schema":{"@context":"https:\/\/schema.org","@graph":[{"@type":"WebPage","@id":"https:\/\/wrapcompliance.org\/about\/our-team\/our-history\/","url":"https:\/\/wrapcompliance.org\/about\/our-team\/our-history\/","name":"Our History - WRAP Compliance","isPartOf":{"@id":"https:\/\/wrapcompliance.org\/en\/#website"},"datePublished":"2022-08-25T14:33:03+00:00","dateModified":"2026-03-11T19:05:36+00:00","description":"Seit \u00fcber zwei Jahrzehnten f\u00f6rdern wir soziale Konformit\u00e4t und ethische Produktion durch Zertifizierung und Schulung","breadcrumb":{"@id":"https:\/\/wrapcompliance.org\/about\/our-team\/our-history\/#breadcrumb"},"inLanguage":"de-DE","potentialAction":[{"@type":"ReadAction","target":["https:\/\/wrapcompliance.org\/about\/our-team\/our-history\/"]}]},{"@type":"BreadcrumbList","@id":"https:\/\/wrapcompliance.org\/about\/our-team\/our-history\/#breadcrumb","itemListElement":[{"@type":"ListItem","position":1,"name":"Home","item":"https:\/\/wrapcompliance.org\/"},{"@type":"ListItem","position":2,"name":"What We Do","item":"https:\/\/wrapcompliance.org\/about\/"},{"@type":"ListItem","position":3,"name":"Our Team","item":"https:\/\/wrapcompliance.org\/about\/our-team\/"},{"@type":"ListItem","position":4,"name":"Our History"}]},{"@type":"WebSite","@id":"https:\/\/wrapcompliance.org\/en\/#website","url":"https:\/\/wrapcompliance.org\/en\/","name":"WRAP-Konformit\u00e4t","description":"Gew\u00e4hrleistung eines sicheren, verantwortungsvollen und ethischen Betriebs der Produktionsanlagen. Durch unsere 12 Prinzipien f\u00f6rdern wir \u00fcber unsere Zertifizierungs- und Schulungsprogramme eine rechtm\u00e4\u00dfige, humane Herstellung in Anlagen auf der ganzen Welt.","publisher":{"@id":"https:\/\/wrapcompliance.org\/en\/#organization"},"potentialAction":[{"@type":"SearchAction","target":{"@type":"EntryPoint","urlTemplate":"https:\/\/wrapcompliance.org\/en\/?s={search_term_string}"},"query-input":{"@type":"PropertyValueSpecification","valueRequired":true,"valueName":"search_term_string"}}],"inLanguage":"de-DE"},{"@type":"Organization","@id":"https:\/\/wrapcompliance.org\/en\/#organization","name":"Weltweit verantwortungsvolle, akkreditierte Produktion","alternateName":"WRAP Compliance","url":"https:\/\/wrapcompliance.org\/en\/","logo":{"@type":"ImageObject","inLanguage":"de-DE","@id":"https:\/\/wrapcompliance.org\/en\/#\/schema\/logo\/image\/","url":"https:\/\/wrapcompliance.org\/wp-content\/uploads\/2022\/03\/WRAP_Logo_Update_Color_RGB.png","contentUrl":"https:\/\/wrapcompliance.org\/wp-content\/uploads\/2022\/03\/WRAP_Logo_Update_Color_RGB.png","width":3601,"height":3451,"caption":"Worldwide Responsible Accredited Production"},"image":{"@id":"https:\/\/wrapcompliance.org\/en\/#\/schema\/logo\/image\/"},"sameAs":["https:\/\/www.facebook.com\/WRAPcompliance\/","https:\/\/x.com\/wrapcompliance","https:\/\/www.linkedin.com\/company\/wrapcompliance"]}]}},"_links":{"self":[{"href":"https:\/\/wrapcompliance.org\/de\/wp-json\/wp\/v2\/pages\/25246","targetHints":{"allow":["GET"]}}],"collection":[{"href":"https:\/\/wrapcompliance.org\/de\/wp-json\/wp\/v2\/pages"}],"about":[{"href":"https:\/\/wrapcompliance.org\/de\/wp-json\/wp\/v2\/types\/page"}],"author":[{"embeddable":true,"href":"https:\/\/wrapcompliance.org\/de\/wp-json\/wp\/v2\/users\/3"}],"replies":[{"embeddable":true,"href":"https:\/\/wrapcompliance.org\/de\/wp-json\/wp\/v2\/comments?post=25246"}],"version-history":[{"count":6,"href":"https:\/\/wrapcompliance.org\/de\/wp-json\/wp\/v2\/pages\/25246\/revisions"}],"predecessor-version":[{"id":2344875,"href":"https:\/\/wrapcompliance.org\/de\/wp-json\/wp\/v2\/pages\/25246\/revisions\/2344875"}],"up":[{"embeddable":true,"href":"https:\/\/wrapcompliance.org\/de\/wp-json\/wp\/v2\/pages\/24428"}],"wp:attachment":[{"href":"https:\/\/wrapcompliance.org\/de\/wp-json\/wp\/v2\/media?parent=25246"}],"curies":[{"name":"wp","href":"https:\/\/api.w.org\/{rel}","templated":true}]}}