{"id":25319,"date":"2022-08-25T13:51:55","date_gmt":"2022-08-25T17:51:55","guid":{"rendered":"https:\/\/wrapcompliance.org\/?page_id=25319"},"modified":"2025-04-17T11:43:19","modified_gmt":"2025-04-17T15:43:19","slug":"social-audit-systems-training","status":"publish","type":"page","link":"https:\/\/wrapcompliance.org\/de\/training\/training-overview\/social-audit-systems-training\/","title":{"rendered":"Schulung zu Sozialauditsystemen"},"content":{"rendered":"<div role=\"banner\" class=\"theme-block wp-block-theme-blocks-page-banner full-width has-background no-image\"><div class=\"wrap\"><div class=\"layout\"><h1 class=\"block-title appear-on-scroll\">Schulung zu Sozialauditsystemen<\/h1><div class=\"block-content\">\n<p  class=\"appear-on-scroll is-style-intro has-max-width-800\" ><\/p>\n<\/div><div class=\"block-background\" style=\"\"><\/div><\/div><\/div><\/div>\n\n<p class=\"appear-on-scroll\">Dieser f\u00fcnft\u00e4gige Kurs richtet sich an alle, die ein umfassendes Verst\u00e4ndnis von Social Compliance Management-Systemen erlangen m\u00f6chten, und eignet sich insbesondere f\u00fcr Personen \u2013 ob intern oder selbstst\u00e4ndig \u2013, die Sozialaudits durchf\u00fchren. Die Schulung wird von erfahrenen Vollzeittrainern und Social Compliance Auditoren mit umfassendem Praxiswissen geleitet. Die Teilnehmer lernen Best Practices und relevante Richtlinien kennen. Sie nehmen au\u00dferdem an Fallstudien, interaktiven \u00dcbungen und einem virtuellen Werksrundgang teil.<\/p>\n\n<p class=\"appear-on-scroll\">APSCA verlangt von seinen Mitgliedspr\u00fcfern 48 Stunden <a href=\"https:\/\/www.theapsca.org\/continuous-professional-development\/\">kontinuierliche berufliche Weiterbildung (CPD)<\/a> Jedes Jahr findet eine Schulung statt. Dieser Kurs ist vom CPD-Programm des Verbandes anerkannt. Der Abschluss dieses Kurses tr\u00e4gt 40 Stunden zum CPD-Bedarf der Auditoren bei. Auditoren m\u00fcssen sich direkt an die APSCA wenden, um die CPD-Stunden aus diesem Kurs anrechnen zu lassen.<\/p>\n\n<h2  class=\"appear-on-scroll wp-block-heading\" ><span class=\"text\">Publikum <\/span><\/h2>\n\n<p class=\"appear-on-scroll\">Bei WRAP-akkreditierten \u00dcberwachungsunternehmen angestellte Pr\u00fcfer und andere Interessengruppen, darunter Berater, NGO-Vertreter und Markenvertreter.<\/p>\n\n<h2  class=\"appear-on-scroll wp-block-heading is-before-paragraph\" ><span class=\"text\">Zulassungsvoraussetzungen<\/span><\/h2>\n\n<ul  class=\"appear-on-scroll wp-block-list\" >\n<li><strong>Wirtschaftspr\u00fcfer:<\/strong> APSCA ASCA-Zertifizierung<\/li>\n\n\n\n<li><strong>Alle Teilnehmer:<\/strong> Bachelor-Abschluss (oder gleichwertig)&nbsp;<\/li>\n<\/ul>\n\n<h2  class=\"appear-on-scroll wp-block-heading is-before-paragraph\" ><span class=\"text\">Behandelten Themen<\/span><\/h2>\n\n<ul  class=\"appear-on-scroll wp-block-list\" >\n<li>Auditplanung und Programminitiierung&nbsp;<\/li>\n\n\n\n<li>Entwicklung sozialer Standards&nbsp;<\/li>\n\n\n\n<li>Bedeutung von Managementsystemen&nbsp;<\/li>\n\n\n\n<li>Grundlagen der Social Compliance Auditierung<\/li>\n\n\n\n<li>Relevante internationale Gesetze und Konventionen<\/li>\n\n\n\n<li>Die 12 Prinzipien und Anforderungen von WRAP<\/li>\n\n\n\n<li>Kontrolle und Aktionspl\u00e4ne f\u00fcr \u00fcberlange Arbeitszeiten<\/li>\n\n\n\n<li>Gesundheits- und Sicherheitsrichtlinien&nbsp;<\/li>\n\n\n\n<li>Risikomanagement<\/li>\n\n\n\n<li>Bew\u00e4hrte Umweltpraktiken<\/li>\n\n\n\n<li>\u00dcberpr\u00fcfung der Sicherheitsinfrastruktur (mit CTPAT als Modell)<\/li>\n\n\n\n<li>Berichterstattung \u00fcber Auditergebnisse und Umsetzung von Korrekturma\u00dfnahmenpl\u00e4nen<\/li>\n\n\n\n<li>Schlussfolgerungen und Empfehlungen der Pr\u00fcfung<\/li>\n\n\n\n<li>Interviews, Vertraulichkeit und Dokumentenpr\u00fcfungen<\/li>\n\n\n\n<li>Tipps zum Erkennen gef\u00e4lschter Dokumente<\/li>\n\n\n\n<li>Lohn- und Arbeitszeitberechnungen<\/li>\n\n\n\n<li>Dokumentationsanforderungen f\u00fcr Auditberichte<\/li>\n<\/ul>\n\n\n<div style=\"height:5px\" aria-hidden=\"true\" class=\"wp-block-spacer\"><\/div>","protected":false},"excerpt":{"rendered":"<p>This 5-day course is open to everyone seeking to obtain a comprehensive understanding of social compliance management systems and is particularly suited for individuals \u2013 whether in-house or independent \u2013 who conduct social audits. The training is led by full-time, experienced trainers and social compliance auditors with a wealth of practical knowledge. Attendees will learn [&hellip;]<\/p>\n","protected":false},"author":3,"featured_media":0,"parent":24464,"menu_order":7,"comment_status":"closed","ping_status":"closed","template":"","meta":{"_acf_changed":false,"featured_image_background_position":"","footnotes":""},"class_list":["post-25319","page","type-page","status-publish","hentry"],"acf":[],"yoast_head":"<!-- This site is optimized with the Yoast SEO plugin v27.2 - https:\/\/yoast.com\/product\/yoast-seo-wordpress\/ -->\n<title>Social Audit Systems Training - WRAP Compliance<\/title>\n<meta name=\"robots\" content=\"index, follow, max-snippet:-1, max-image-preview:large, max-video-preview:-1\" \/>\n<link rel=\"canonical\" href=\"https:\/\/wrapcompliance.org\/de\/training\/training-overview\/social-audit-systems-training\/\" \/>\n<meta property=\"og:locale\" content=\"de_DE\" \/>\n<meta property=\"og:type\" content=\"article\" \/>\n<meta property=\"og:title\" content=\"Social Audit Systems Training - WRAP Compliance\" \/>\n<meta property=\"og:description\" content=\"This 5-day course is open to everyone seeking to obtain a comprehensive understanding of social compliance management systems and is particularly suited for individuals \u2013 whether in-house or independent \u2013 who conduct social audits. The training is led by full-time, experienced trainers and social compliance auditors with a wealth of practical knowledge. Attendees will learn [&hellip;]\" \/>\n<meta property=\"og:url\" content=\"https:\/\/wrapcompliance.org\/de\/training\/training-overview\/social-audit-systems-training\/\" \/>\n<meta property=\"og:site_name\" content=\"WRAP Compliance\" \/>\n<meta property=\"article:publisher\" content=\"https:\/\/www.facebook.com\/WRAPcompliance\/\" \/>\n<meta property=\"article:modified_time\" content=\"2025-04-17T15:43:19+00:00\" \/>\n<meta property=\"og:image\" content=\"https:\/\/wrapcompliance.org\/wp-content\/uploads\/2022\/10\/social-default-1200.jpg\" \/>\n\t<meta property=\"og:image:width\" content=\"1200\" \/>\n\t<meta property=\"og:image:height\" content=\"630\" \/>\n\t<meta property=\"og:image:type\" content=\"image\/jpeg\" \/>\n<meta name=\"twitter:card\" content=\"summary_large_image\" \/>\n<meta name=\"twitter:site\" content=\"@wrapcompliance\" \/>\n<meta name=\"twitter:label1\" content=\"Gesch\u00e4tzte Lesezeit\" \/>\n\t<meta name=\"twitter:data1\" content=\"2 Minuten\" \/>\n<script type=\"application\/ld+json\" class=\"yoast-schema-graph\">{\"@context\":\"https:\/\/schema.org\",\"@graph\":[{\"@type\":\"WebPage\",\"@id\":\"https:\/\/wrapcompliance.org\/training\/training-overview\/social-audit-systems-training\/\",\"url\":\"https:\/\/wrapcompliance.org\/training\/training-overview\/social-audit-systems-training\/\",\"name\":\"Social Audit Systems Training - WRAP Compliance\",\"isPartOf\":{\"@id\":\"https:\/\/wrapcompliance.org\/en\/#website\"},\"datePublished\":\"2022-08-25T17:51:55+00:00\",\"dateModified\":\"2025-04-17T15:43:19+00:00\",\"breadcrumb\":{\"@id\":\"https:\/\/wrapcompliance.org\/training\/training-overview\/social-audit-systems-training\/#breadcrumb\"},\"inLanguage\":\"de-DE\",\"potentialAction\":[{\"@type\":\"ReadAction\",\"target\":[\"https:\/\/wrapcompliance.org\/training\/training-overview\/social-audit-systems-training\/\"]}]},{\"@type\":\"BreadcrumbList\",\"@id\":\"https:\/\/wrapcompliance.org\/training\/training-overview\/social-audit-systems-training\/#breadcrumb\",\"itemListElement\":[{\"@type\":\"ListItem\",\"position\":1,\"name\":\"Home\",\"item\":\"https:\/\/wrapcompliance.org\/\"},{\"@type\":\"ListItem\",\"position\":2,\"name\":\"Training\",\"item\":\"https:\/\/wrapcompliance.org\/training\/\"},{\"@type\":\"ListItem\",\"position\":3,\"name\":\"Training Overview\",\"item\":\"https:\/\/wrapcompliance.org\/training\/training-overview\/\"},{\"@type\":\"ListItem\",\"position\":4,\"name\":\"Social Audit Systems Training\"}]},{\"@type\":\"WebSite\",\"@id\":\"https:\/\/wrapcompliance.org\/en\/#website\",\"url\":\"https:\/\/wrapcompliance.org\/en\/\",\"name\":\"WRAP Compliance\",\"description\":\"Ensuring production facilities operate in a safe, responsible, and ethical way. Through our 12 Principles, we promote lawful, humane manufacturing in facilities throughout the world via our Certification and Training programs.\",\"publisher\":{\"@id\":\"https:\/\/wrapcompliance.org\/en\/#organization\"},\"potentialAction\":[{\"@type\":\"SearchAction\",\"target\":{\"@type\":\"EntryPoint\",\"urlTemplate\":\"https:\/\/wrapcompliance.org\/en\/?s={search_term_string}\"},\"query-input\":{\"@type\":\"PropertyValueSpecification\",\"valueRequired\":true,\"valueName\":\"search_term_string\"}}],\"inLanguage\":\"de-DE\"},{\"@type\":\"Organization\",\"@id\":\"https:\/\/wrapcompliance.org\/en\/#organization\",\"name\":\"Worldwide Responsible Accredited Production\",\"alternateName\":\"WRAP Compliance\",\"url\":\"https:\/\/wrapcompliance.org\/en\/\",\"logo\":{\"@type\":\"ImageObject\",\"inLanguage\":\"de-DE\",\"@id\":\"https:\/\/wrapcompliance.org\/en\/#\/schema\/logo\/image\/\",\"url\":\"https:\/\/wrapcompliance.org\/wp-content\/uploads\/2022\/03\/WRAP_Logo_Update_Color_RGB.png\",\"contentUrl\":\"https:\/\/wrapcompliance.org\/wp-content\/uploads\/2022\/03\/WRAP_Logo_Update_Color_RGB.png\",\"width\":3601,\"height\":3451,\"caption\":\"Worldwide Responsible Accredited Production\"},\"image\":{\"@id\":\"https:\/\/wrapcompliance.org\/en\/#\/schema\/logo\/image\/\"},\"sameAs\":[\"https:\/\/www.facebook.com\/WRAPcompliance\/\",\"https:\/\/x.com\/wrapcompliance\",\"https:\/\/www.linkedin.com\/company\/wrapcompliance\"]}]}<\/script>\n<!-- \/ Yoast SEO plugin. -->","yoast_head_json":{"title":"Schulung zu Sozialauditsystemen \u2013 WRAP-Konformit\u00e4t","robots":{"index":"index","follow":"follow","max-snippet":"max-snippet:-1","max-image-preview":"max-image-preview:large","max-video-preview":"max-video-preview:-1"},"canonical":"https:\/\/wrapcompliance.org\/de\/training\/training-overview\/social-audit-systems-training\/","og_locale":"de_DE","og_type":"article","og_title":"Social Audit Systems Training - WRAP Compliance","og_description":"This 5-day course is open to everyone seeking to obtain a comprehensive understanding of social compliance management systems and is particularly suited for individuals \u2013 whether in-house or independent \u2013 who conduct social audits. The training is led by full-time, experienced trainers and social compliance auditors with a wealth of practical knowledge. Attendees will learn [&hellip;]","og_url":"https:\/\/wrapcompliance.org\/de\/training\/training-overview\/social-audit-systems-training\/","og_site_name":"WRAP Compliance","article_publisher":"https:\/\/www.facebook.com\/WRAPcompliance\/","article_modified_time":"2025-04-17T15:43:19+00:00","og_image":[{"width":1200,"height":630,"url":"https:\/\/wrapcompliance.org\/wp-content\/uploads\/2022\/10\/social-default-1200.jpg","type":"image\/jpeg"}],"twitter_card":"summary_large_image","twitter_site":"@wrapcompliance","twitter_misc":{"Gesch\u00e4tzte Lesezeit":"2 Minuten"},"schema":{"@context":"https:\/\/schema.org","@graph":[{"@type":"WebPage","@id":"https:\/\/wrapcompliance.org\/training\/training-overview\/social-audit-systems-training\/","url":"https:\/\/wrapcompliance.org\/training\/training-overview\/social-audit-systems-training\/","name":"Schulung zu Sozialauditsystemen \u2013 WRAP-Konformit\u00e4t","isPartOf":{"@id":"https:\/\/wrapcompliance.org\/en\/#website"},"datePublished":"2022-08-25T17:51:55+00:00","dateModified":"2025-04-17T15:43:19+00:00","breadcrumb":{"@id":"https:\/\/wrapcompliance.org\/training\/training-overview\/social-audit-systems-training\/#breadcrumb"},"inLanguage":"de-DE","potentialAction":[{"@type":"ReadAction","target":["https:\/\/wrapcompliance.org\/training\/training-overview\/social-audit-systems-training\/"]}]},{"@type":"BreadcrumbList","@id":"https:\/\/wrapcompliance.org\/training\/training-overview\/social-audit-systems-training\/#breadcrumb","itemListElement":[{"@type":"ListItem","position":1,"name":"Home","item":"https:\/\/wrapcompliance.org\/"},{"@type":"ListItem","position":2,"name":"Training","item":"https:\/\/wrapcompliance.org\/training\/"},{"@type":"ListItem","position":3,"name":"Training Overview","item":"https:\/\/wrapcompliance.org\/training\/training-overview\/"},{"@type":"ListItem","position":4,"name":"Social Audit Systems Training"}]},{"@type":"WebSite","@id":"https:\/\/wrapcompliance.org\/en\/#website","url":"https:\/\/wrapcompliance.org\/en\/","name":"WRAP-Konformit\u00e4t","description":"Gew\u00e4hrleistung eines sicheren, verantwortungsvollen und ethischen Betriebs der Produktionsanlagen. Durch unsere 12 Prinzipien f\u00f6rdern wir \u00fcber unsere Zertifizierungs- und Schulungsprogramme eine rechtm\u00e4\u00dfige, humane Herstellung in Anlagen auf der ganzen Welt.","publisher":{"@id":"https:\/\/wrapcompliance.org\/en\/#organization"},"potentialAction":[{"@type":"SearchAction","target":{"@type":"EntryPoint","urlTemplate":"https:\/\/wrapcompliance.org\/en\/?s={search_term_string}"},"query-input":{"@type":"PropertyValueSpecification","valueRequired":true,"valueName":"search_term_string"}}],"inLanguage":"de-DE"},{"@type":"Organization","@id":"https:\/\/wrapcompliance.org\/en\/#organization","name":"Weltweit verantwortungsvolle, akkreditierte Produktion","alternateName":"WRAP Compliance","url":"https:\/\/wrapcompliance.org\/en\/","logo":{"@type":"ImageObject","inLanguage":"de-DE","@id":"https:\/\/wrapcompliance.org\/en\/#\/schema\/logo\/image\/","url":"https:\/\/wrapcompliance.org\/wp-content\/uploads\/2022\/03\/WRAP_Logo_Update_Color_RGB.png","contentUrl":"https:\/\/wrapcompliance.org\/wp-content\/uploads\/2022\/03\/WRAP_Logo_Update_Color_RGB.png","width":3601,"height":3451,"caption":"Worldwide Responsible Accredited Production"},"image":{"@id":"https:\/\/wrapcompliance.org\/en\/#\/schema\/logo\/image\/"},"sameAs":["https:\/\/www.facebook.com\/WRAPcompliance\/","https:\/\/x.com\/wrapcompliance","https:\/\/www.linkedin.com\/company\/wrapcompliance"]}]}},"_links":{"self":[{"href":"https:\/\/wrapcompliance.org\/de\/wp-json\/wp\/v2\/pages\/25319","targetHints":{"allow":["GET"]}}],"collection":[{"href":"https:\/\/wrapcompliance.org\/de\/wp-json\/wp\/v2\/pages"}],"about":[{"href":"https:\/\/wrapcompliance.org\/de\/wp-json\/wp\/v2\/types\/page"}],"author":[{"embeddable":true,"href":"https:\/\/wrapcompliance.org\/de\/wp-json\/wp\/v2\/users\/3"}],"replies":[{"embeddable":true,"href":"https:\/\/wrapcompliance.org\/de\/wp-json\/wp\/v2\/comments?post=25319"}],"version-history":[{"count":0,"href":"https:\/\/wrapcompliance.org\/de\/wp-json\/wp\/v2\/pages\/25319\/revisions"}],"up":[{"embeddable":true,"href":"https:\/\/wrapcompliance.org\/de\/wp-json\/wp\/v2\/pages\/24464"}],"wp:attachment":[{"href":"https:\/\/wrapcompliance.org\/de\/wp-json\/wp\/v2\/media?parent=25319"}],"curies":[{"name":"wp","href":"https:\/\/api.w.org\/{rel}","templated":true}]}}