{"id":25322,"date":"2022-08-25T13:52:06","date_gmt":"2022-08-25T17:52:06","guid":{"rendered":"https:\/\/wrapcompliance.org\/?page_id=25322"},"modified":"2025-04-25T16:08:25","modified_gmt":"2025-04-25T20:08:25","slug":"two-day-bridge-training","status":"publish","type":"page","link":"https:\/\/wrapcompliance.org\/de\/training\/training-overview\/two-day-bridge-training\/","title":{"rendered":"Br\u00fcckenkurs-Training"},"content":{"rendered":"<div role=\"banner\" class=\"theme-block wp-block-theme-blocks-page-banner full-width has-background no-image\"><div class=\"wrap\"><div class=\"layout\"><h1 class=\"block-title appear-on-scroll\">Br\u00fcckenkurs-Training<\/h1><div class=\"block-content\">\n<p  class=\"appear-on-scroll is-style-intro has-max-width-800\" ><\/p>\n<\/div><div class=\"block-background\" style=\"\"><\/div><\/div><\/div><\/div>\n\n<p class=\"appear-on-scroll\">Dieser zweit\u00e4gige Schulungskurs \u00fcberbr\u00fcckt die Kluft zwischen der APSCA CSCA und der WRAP-akkreditierten Lead Auditor-Zertifizierung. Er stellt unser Programm vor und bietet einen \u00dcberblick \u00fcber den Auditprozess und die relevanten Unterlagen. Au\u00dferdem werden die 12 WRAP-Prinzipien im Hinblick auf die jeweiligen Auditanforderungen erl\u00e4utert.&nbsp;<\/p>\n\n<p class=\"appear-on-scroll\">Teilnehmer, die diesen Kurs (einschlie\u00dflich Pr\u00fcfung) erfolgreich abschlie\u00dfen, erhalten ein zwei Jahre g\u00fcltiges WRAP-Zertifikat und sind w\u00e4hrend dieser Zeit berechtigt, WRAP-Audits durchzuf\u00fchren. Um diese Qualifikation aufrechtzuerhalten, m\u00fcssen Auditoren alle zwei Jahre an unserem Auffrischungskurs teilnehmen.<\/p>\n\n<p class=\"appear-on-scroll\">APSCA verlangt von seinen Mitgliedspr\u00fcfern 48 Stunden&nbsp;<a href=\"https:\/\/www.theapsca.org\/continuous-professional-development\/\">kontinuierliche berufliche Weiterbildung (CPD)<\/a>&nbsp;Jedes Jahr wird eine Schulung angeboten. Dieser Kurs wird vom CPD-Programm des Verbands anerkannt. Mit dem Abschluss dieses Kurses werden 16 Stunden der Mindestanforderungen der APSCA an die CPD erf\u00fcllt.<\/p>\n\n<h2  class=\"appear-on-scroll wp-block-heading\" ><span class=\"text\">Publikum<\/span><\/h2>\n\n<p class=\"appear-on-scroll\">Bei WRAP-akkreditierten \u00dcberwachungsunternehmen besch\u00e4ftigte Pr\u00fcfer.<\/p>\n\n<h2  class=\"appear-on-scroll wp-block-heading\" ><span class=\"text\">Zulassungsvoraussetzungen<\/span><\/h2>\n\n<p class=\"appear-on-scroll\">APSCA CSCA.<\/p>\n\n<h2  class=\"appear-on-scroll wp-block-heading is-before-paragraph\" ><span class=\"text\">Behandelten Themen<\/span><\/h2>\n\n<ul  class=\"appear-on-scroll wp-block-list\" >\n<li>Die 12 Prinzipien und Anforderungen von WRAP<\/li>\n\n\n\n<li>Auditplanung und Programminitiierung&nbsp;<\/li>\n\n\n\n<li>So f\u00fchren Sie Social-Compliance-Audits ethisch und effektiv durch<\/li>\n\n\n\n<li>Bedeutung von Managementsystemen&nbsp;<\/li>\n\n\n\n<li>Kontrolle und Aktionspl\u00e4ne f\u00fcr \u00fcberlange Arbeitszeiten<\/li>\n\n\n\n<li>Gesundheits- und Sicherheitsrichtlinien&nbsp;<\/li>\n\n\n\n<li>Risikomanagement<\/li>\n\n\n\n<li>Bew\u00e4hrte Umweltpraktiken<\/li>\n\n\n\n<li>\u00dcberpr\u00fcfung der Sicherheitsinfrastruktur (mit CTPAT als Modell)<\/li>\n\n\n\n<li>Berichterstattung \u00fcber Auditergebnisse und Umsetzung von Korrekturma\u00dfnahmenpl\u00e4nen<\/li>\n\n\n\n<li>Schlussfolgerungen und Empfehlungen der Pr\u00fcfung<\/li>\n\n\n\n<li>Vertraulichkeit und Dokumentation&nbsp;<\/li>\n\n\n\n<li>Tipps zum Erkennen gef\u00e4lschter Dokumente<\/li>\n\n\n\n<li>Best Practices zum \u00d6ffnen und Schlie\u00dfen von Meetings<\/li>\n\n\n\n<li>Fallstudienbeispiele<\/li>\n<\/ul>","protected":false},"excerpt":{"rendered":"<p>This two-day training course bridges the divide between being an APSCA CSCA and a WRAP-accredited Lead Auditor. It introduces our program, including an overview of the audit process and relevant documentation. It also breaks down WRAP\u2019s 12 Principles as they relate to distinct audit requirements.&nbsp; Participants who successfully complete this course (including an examination) will [&hellip;]<\/p>\n","protected":false},"author":3,"featured_media":0,"parent":24464,"menu_order":8,"comment_status":"closed","ping_status":"closed","template":"","meta":{"_acf_changed":false,"featured_image_background_position":"","footnotes":""},"class_list":["post-25322","page","type-page","status-publish","hentry"],"acf":[],"yoast_head":"<!-- This site is optimized with the Yoast SEO plugin v27.2 - https:\/\/yoast.com\/product\/yoast-seo-wordpress\/ -->\n<title>Bridge Course Training - WRAP Compliance<\/title>\n<meta name=\"robots\" content=\"index, follow, max-snippet:-1, max-image-preview:large, max-video-preview:-1\" \/>\n<link rel=\"canonical\" href=\"https:\/\/wrapcompliance.org\/de\/training\/training-overview\/two-day-bridge-training\/\" \/>\n<meta property=\"og:locale\" content=\"de_DE\" \/>\n<meta property=\"og:type\" content=\"article\" \/>\n<meta property=\"og:title\" content=\"Bridge Course Training - WRAP Compliance\" \/>\n<meta property=\"og:description\" content=\"This two-day training course bridges the divide between being an APSCA CSCA and a WRAP-accredited Lead Auditor. It introduces our program, including an overview of the audit process and relevant documentation. It also breaks down WRAP\u2019s 12 Principles as they relate to distinct audit requirements.&nbsp; Participants who successfully complete this course (including an examination) will [&hellip;]\" \/>\n<meta property=\"og:url\" content=\"https:\/\/wrapcompliance.org\/de\/training\/training-overview\/two-day-bridge-training\/\" \/>\n<meta property=\"og:site_name\" content=\"WRAP Compliance\" \/>\n<meta property=\"article:publisher\" content=\"https:\/\/www.facebook.com\/WRAPcompliance\/\" \/>\n<meta property=\"article:modified_time\" content=\"2025-04-25T20:08:25+00:00\" \/>\n<meta property=\"og:image\" content=\"https:\/\/wrapcompliance.org\/wp-content\/uploads\/2022\/10\/social-default-1200.jpg\" \/>\n\t<meta property=\"og:image:width\" content=\"1200\" \/>\n\t<meta property=\"og:image:height\" content=\"630\" \/>\n\t<meta property=\"og:image:type\" content=\"image\/jpeg\" \/>\n<meta name=\"twitter:card\" content=\"summary_large_image\" \/>\n<meta name=\"twitter:site\" content=\"@wrapcompliance\" \/>\n<meta name=\"twitter:label1\" content=\"Gesch\u00e4tzte Lesezeit\" \/>\n\t<meta name=\"twitter:data1\" content=\"1 Minute\" \/>\n<script type=\"application\/ld+json\" class=\"yoast-schema-graph\">{\"@context\":\"https:\/\/schema.org\",\"@graph\":[{\"@type\":\"WebPage\",\"@id\":\"https:\/\/wrapcompliance.org\/training\/training-overview\/two-day-bridge-training\/\",\"url\":\"https:\/\/wrapcompliance.org\/training\/training-overview\/two-day-bridge-training\/\",\"name\":\"Bridge Course Training - WRAP Compliance\",\"isPartOf\":{\"@id\":\"https:\/\/wrapcompliance.org\/en\/#website\"},\"datePublished\":\"2022-08-25T17:52:06+00:00\",\"dateModified\":\"2025-04-25T20:08:25+00:00\",\"breadcrumb\":{\"@id\":\"https:\/\/wrapcompliance.org\/training\/training-overview\/two-day-bridge-training\/#breadcrumb\"},\"inLanguage\":\"de-DE\",\"potentialAction\":[{\"@type\":\"ReadAction\",\"target\":[\"https:\/\/wrapcompliance.org\/training\/training-overview\/two-day-bridge-training\/\"]}]},{\"@type\":\"BreadcrumbList\",\"@id\":\"https:\/\/wrapcompliance.org\/training\/training-overview\/two-day-bridge-training\/#breadcrumb\",\"itemListElement\":[{\"@type\":\"ListItem\",\"position\":1,\"name\":\"Home\",\"item\":\"https:\/\/wrapcompliance.org\/\"},{\"@type\":\"ListItem\",\"position\":2,\"name\":\"Training\",\"item\":\"https:\/\/wrapcompliance.org\/training\/\"},{\"@type\":\"ListItem\",\"position\":3,\"name\":\"Training Overview\",\"item\":\"https:\/\/wrapcompliance.org\/training\/training-overview\/\"},{\"@type\":\"ListItem\",\"position\":4,\"name\":\"Bridge Course Training\"}]},{\"@type\":\"WebSite\",\"@id\":\"https:\/\/wrapcompliance.org\/en\/#website\",\"url\":\"https:\/\/wrapcompliance.org\/en\/\",\"name\":\"WRAP Compliance\",\"description\":\"Ensuring production facilities operate in a safe, responsible, and ethical way. Through our 12 Principles, we promote lawful, humane manufacturing in facilities throughout the world via our Certification and Training programs.\",\"publisher\":{\"@id\":\"https:\/\/wrapcompliance.org\/en\/#organization\"},\"potentialAction\":[{\"@type\":\"SearchAction\",\"target\":{\"@type\":\"EntryPoint\",\"urlTemplate\":\"https:\/\/wrapcompliance.org\/en\/?s={search_term_string}\"},\"query-input\":{\"@type\":\"PropertyValueSpecification\",\"valueRequired\":true,\"valueName\":\"search_term_string\"}}],\"inLanguage\":\"de-DE\"},{\"@type\":\"Organization\",\"@id\":\"https:\/\/wrapcompliance.org\/en\/#organization\",\"name\":\"Worldwide Responsible Accredited Production\",\"alternateName\":\"WRAP Compliance\",\"url\":\"https:\/\/wrapcompliance.org\/en\/\",\"logo\":{\"@type\":\"ImageObject\",\"inLanguage\":\"de-DE\",\"@id\":\"https:\/\/wrapcompliance.org\/en\/#\/schema\/logo\/image\/\",\"url\":\"https:\/\/wrapcompliance.org\/wp-content\/uploads\/2022\/03\/WRAP_Logo_Update_Color_RGB.png\",\"contentUrl\":\"https:\/\/wrapcompliance.org\/wp-content\/uploads\/2022\/03\/WRAP_Logo_Update_Color_RGB.png\",\"width\":3601,\"height\":3451,\"caption\":\"Worldwide Responsible Accredited Production\"},\"image\":{\"@id\":\"https:\/\/wrapcompliance.org\/en\/#\/schema\/logo\/image\/\"},\"sameAs\":[\"https:\/\/www.facebook.com\/WRAPcompliance\/\",\"https:\/\/x.com\/wrapcompliance\",\"https:\/\/www.linkedin.com\/company\/wrapcompliance\"]}]}<\/script>\n<!-- \/ Yoast SEO plugin. -->","yoast_head_json":{"title":"Bridge-Kurs-Schulung \u2013 WRAP-Konformit\u00e4t","robots":{"index":"index","follow":"follow","max-snippet":"max-snippet:-1","max-image-preview":"max-image-preview:large","max-video-preview":"max-video-preview:-1"},"canonical":"https:\/\/wrapcompliance.org\/de\/training\/training-overview\/two-day-bridge-training\/","og_locale":"de_DE","og_type":"article","og_title":"Bridge Course Training - WRAP Compliance","og_description":"This two-day training course bridges the divide between being an APSCA CSCA and a WRAP-accredited Lead Auditor. It introduces our program, including an overview of the audit process and relevant documentation. It also breaks down WRAP\u2019s 12 Principles as they relate to distinct audit requirements.&nbsp; Participants who successfully complete this course (including an examination) will [&hellip;]","og_url":"https:\/\/wrapcompliance.org\/de\/training\/training-overview\/two-day-bridge-training\/","og_site_name":"WRAP Compliance","article_publisher":"https:\/\/www.facebook.com\/WRAPcompliance\/","article_modified_time":"2025-04-25T20:08:25+00:00","og_image":[{"width":1200,"height":630,"url":"https:\/\/wrapcompliance.org\/wp-content\/uploads\/2022\/10\/social-default-1200.jpg","type":"image\/jpeg"}],"twitter_card":"summary_large_image","twitter_site":"@wrapcompliance","twitter_misc":{"Gesch\u00e4tzte Lesezeit":"1 Minute"},"schema":{"@context":"https:\/\/schema.org","@graph":[{"@type":"WebPage","@id":"https:\/\/wrapcompliance.org\/training\/training-overview\/two-day-bridge-training\/","url":"https:\/\/wrapcompliance.org\/training\/training-overview\/two-day-bridge-training\/","name":"Bridge-Kurs-Schulung \u2013 WRAP-Konformit\u00e4t","isPartOf":{"@id":"https:\/\/wrapcompliance.org\/en\/#website"},"datePublished":"2022-08-25T17:52:06+00:00","dateModified":"2025-04-25T20:08:25+00:00","breadcrumb":{"@id":"https:\/\/wrapcompliance.org\/training\/training-overview\/two-day-bridge-training\/#breadcrumb"},"inLanguage":"de-DE","potentialAction":[{"@type":"ReadAction","target":["https:\/\/wrapcompliance.org\/training\/training-overview\/two-day-bridge-training\/"]}]},{"@type":"BreadcrumbList","@id":"https:\/\/wrapcompliance.org\/training\/training-overview\/two-day-bridge-training\/#breadcrumb","itemListElement":[{"@type":"ListItem","position":1,"name":"Home","item":"https:\/\/wrapcompliance.org\/"},{"@type":"ListItem","position":2,"name":"Training","item":"https:\/\/wrapcompliance.org\/training\/"},{"@type":"ListItem","position":3,"name":"Training Overview","item":"https:\/\/wrapcompliance.org\/training\/training-overview\/"},{"@type":"ListItem","position":4,"name":"Bridge Course Training"}]},{"@type":"WebSite","@id":"https:\/\/wrapcompliance.org\/en\/#website","url":"https:\/\/wrapcompliance.org\/en\/","name":"WRAP-Konformit\u00e4t","description":"Gew\u00e4hrleistung eines sicheren, verantwortungsvollen und ethischen Betriebs der Produktionsanlagen. Durch unsere 12 Prinzipien f\u00f6rdern wir \u00fcber unsere Zertifizierungs- und Schulungsprogramme eine rechtm\u00e4\u00dfige, humane Herstellung in Anlagen auf der ganzen Welt.","publisher":{"@id":"https:\/\/wrapcompliance.org\/en\/#organization"},"potentialAction":[{"@type":"SearchAction","target":{"@type":"EntryPoint","urlTemplate":"https:\/\/wrapcompliance.org\/en\/?s={search_term_string}"},"query-input":{"@type":"PropertyValueSpecification","valueRequired":true,"valueName":"search_term_string"}}],"inLanguage":"de-DE"},{"@type":"Organization","@id":"https:\/\/wrapcompliance.org\/en\/#organization","name":"Weltweit verantwortungsvolle, akkreditierte Produktion","alternateName":"WRAP Compliance","url":"https:\/\/wrapcompliance.org\/en\/","logo":{"@type":"ImageObject","inLanguage":"de-DE","@id":"https:\/\/wrapcompliance.org\/en\/#\/schema\/logo\/image\/","url":"https:\/\/wrapcompliance.org\/wp-content\/uploads\/2022\/03\/WRAP_Logo_Update_Color_RGB.png","contentUrl":"https:\/\/wrapcompliance.org\/wp-content\/uploads\/2022\/03\/WRAP_Logo_Update_Color_RGB.png","width":3601,"height":3451,"caption":"Worldwide Responsible Accredited Production"},"image":{"@id":"https:\/\/wrapcompliance.org\/en\/#\/schema\/logo\/image\/"},"sameAs":["https:\/\/www.facebook.com\/WRAPcompliance\/","https:\/\/x.com\/wrapcompliance","https:\/\/www.linkedin.com\/company\/wrapcompliance"]}]}},"_links":{"self":[{"href":"https:\/\/wrapcompliance.org\/de\/wp-json\/wp\/v2\/pages\/25322","targetHints":{"allow":["GET"]}}],"collection":[{"href":"https:\/\/wrapcompliance.org\/de\/wp-json\/wp\/v2\/pages"}],"about":[{"href":"https:\/\/wrapcompliance.org\/de\/wp-json\/wp\/v2\/types\/page"}],"author":[{"embeddable":true,"href":"https:\/\/wrapcompliance.org\/de\/wp-json\/wp\/v2\/users\/3"}],"replies":[{"embeddable":true,"href":"https:\/\/wrapcompliance.org\/de\/wp-json\/wp\/v2\/comments?post=25322"}],"version-history":[{"count":0,"href":"https:\/\/wrapcompliance.org\/de\/wp-json\/wp\/v2\/pages\/25322\/revisions"}],"up":[{"embeddable":true,"href":"https:\/\/wrapcompliance.org\/de\/wp-json\/wp\/v2\/pages\/24464"}],"wp:attachment":[{"href":"https:\/\/wrapcompliance.org\/de\/wp-json\/wp\/v2\/media?parent=25322"}],"curies":[{"name":"wp","href":"https:\/\/api.w.org\/{rel}","templated":true}]}}