{"id":25460,"date":"2022-08-26T12:07:24","date_gmt":"2022-08-26T16:07:24","guid":{"rendered":"https:\/\/wrapcompliance.org\/?page_id=25460"},"modified":"2026-04-17T13:26:12","modified_gmt":"2026-04-17T17:26:12","slug":"buyers-manufacturers","status":"publish","type":"page","link":"https:\/\/wrapcompliance.org\/de\/training\/buyers-manufacturers\/","title":{"rendered":"K\u00e4ufer \/ Hersteller"},"content":{"rendered":"<div role=\"banner\" class=\"theme-block wp-block-theme-blocks-page-banner full-width has-background has-image\"><div class=\"wrap\"><div class=\"layout\"><h1 class=\"block-title appear-on-scroll\">K\u00e4ufer \/ Hersteller<\/h1><div class=\"block-content\">\n<p  class=\"appear-on-scroll is-style-intro has-max-width-800\" ><strong>Wir bieten eine Vielzahl von Schulungen f\u00fcr Compliance-Mitarbeiter von Herstellern und K\u00e4ufern, interne Auditoren und F\u00fchrungskr\u00e4fte mit Verantwortung f\u00fcr soziale Compliance an. Wir bieten auch Schulungen an, die sich auf die Lieferkette, Arbeiter und Vorgesetzte konzentrieren.&nbsp;<\/strong><\/p>\n<\/div><div class=\"block-image appear-on-scroll\"><div class=\"image\" style=\"\"><img decoding=\"async\" src=\"https:\/\/wrapcompliance.org\/wp-content\/uploads\/2026\/02\/WRAP_Illustration_Training_Buyers.svg\" class=\"attachment-banner-hero size-banner-hero\" alt=\"An illustration of a diverse group of three people sitting in a training session while a presenter stands by a whiteboard, with a large window in the background showing a factory setting and industrial machinery.\" \/><\/div><\/div><div class=\"block-background\" style=\"\"><\/div><\/div><\/div><\/div>\n\n<h2  class=\"appear-on-scroll wp-block-heading is-style-default\" ><span class=\"text\">Schulung zur internen \u00dcberwachung<\/span><\/h2>\n\n<p class=\"appear-on-scroll\">Dieser Kurs, dessen Dauer je nach Bedarf des Teilnehmers variieren kann, steht allen offen, die sich einen \u00dcberblick \u00fcber Social Compliance Management-Systeme verschaffen m\u00f6chten, und eignet sich insbesondere f\u00fcr Personen \u2013 ob in Einkaufsunternehmen oder Produktionsst\u00e4tten \u2013, die bei der Aufrechterhaltung der gesellschaftlichen Verantwortungsaktivit\u00e4ten ihrer Organisation eine Rolle spielen.<\/p>\n\n<div  class=\"appear-on-scroll wp-block-buttons is-layout-flex wp-block-buttons-is-layout-flex\" >\n<div class=\"wp-block-button\"><a class=\"wp-block-button__link wp-element-button\" href=\"https:\/\/wrapcompliance.org\/de\/training\/training-overview\/internal-monitoring-training\/\"><span class=\"label\">Erfahren Sie mehr \u00fcber die Schulung \u201eINTERNES MONITORING\u201c<\/span><\/a><\/div>\n<\/div>\n\n<div  class=\"theme-block wp-block-group has-light-purple-background-color has-background is-layout-flow wp-block-group-is-layout-flow\" ><div class=\"wp-block-group__inner-container\"><h2  class=\"appear-on-scroll wp-block-heading is-style-default\" ><span class=\"text\">CTPAT-Schulung<\/span><\/h2>\n\n<p class=\"appear-on-scroll\">Die Customs Trade Partnership Against Terrorism (CTPAT) ist ein Programm der US Customs and Border Protection (CBP) innerhalb des US Department of Homeland Security. WRAP unterst\u00fctzt die Einhaltung der Anforderungen des CTPAT-Programms durch Produktionsanlagen, die die Lieferkette sch\u00fctzen, Sicherheitsl\u00fccken identifizieren und die Umsetzung wirksamer Pr\u00e4ventivma\u00dfnahmen erleichtern.<\/p>\n\n<div  class=\"appear-on-scroll wp-block-buttons is-layout-flex wp-block-buttons-is-layout-flex\" >\n<div class=\"wp-block-button\"><a class=\"wp-block-button__link wp-element-button\" href=\"https:\/\/wrapcompliance.org\/de\/training\/training-overview\/ctpat-training\/\"><span class=\"label\">Erfahren Sie mehr \u00fcber das ctpat-Training<\/span><\/a><\/div>\n<\/div><\/div><\/div>\n\n<h2  class=\"appear-on-scroll wp-block-heading is-style-default\" ><span class=\"text\">CTPAT f\u00fcr Management<\/span><\/h2>\n\n<p class=\"appear-on-scroll\">Dies ist eine Ausf\u00fchrungsversion des ganzt\u00e4gigen CTPAT-Kurses. Es richtet sich an hochrangige Mitarbeiter, die mit der Sicherheit der Lieferkette arbeiten oder diese verwalten.<\/p>\n\n<div  class=\"appear-on-scroll wp-block-buttons is-layout-flex wp-block-buttons-is-layout-flex\" >\n<div class=\"wp-block-button\"><a class=\"wp-block-button__link wp-element-button\" href=\"https:\/\/wrapcompliance.org\/de\/training\/training-overview\/ctpat-for-management\/\"><span class=\"label\">Erfahren Sie mehr \u00fcber ctpat f\u00fcr das Management<\/span><\/a><\/div>\n<\/div>\n\n<div  class=\"theme-block wp-block-group has-light-purple-background-color has-background is-layout-flow wp-block-group-is-layout-flow\" ><div class=\"wp-block-group__inner-container\"><h2  class=\"appear-on-scroll wp-block-heading is-style-default\" ><span class=\"text\">Einf\u00fchrung in ESG<\/span><\/h2>\n\n<p class=\"appear-on-scroll\">Viele Unternehmen schreiten mit formellen Umwelt-, Sozial- und Governance-Initiativen (ESG) voran. Diese Programme legen in der Regel spezifische Ziele fest und verfolgen (und berichten in einigen F\u00e4llen dar\u00fcber) ihren Fortschritt.<\/p>\n\n<div  class=\"appear-on-scroll wp-block-buttons is-layout-flex wp-block-buttons-is-layout-flex\" >\n<div class=\"wp-block-button\"><a class=\"wp-block-button__link wp-element-button\" href=\"https:\/\/wrapcompliance.org\/de\/training\/training-overview\/introduction-to-esg\/\"><span class=\"label\">Erfahren Sie mehr \u00fcber die Einf\u00fchrung in esg<\/span><\/a><\/div>\n<\/div><\/div><\/div>\n\n<h2  class=\"appear-on-scroll wp-block-heading is-style-default\" ><span class=\"text\">WRAP-Bewusstseinsprogramme<\/span><\/h2>\n\n<p class=\"appear-on-scroll\">Unsere allgemeinen Sensibilisierungsschulungen f\u00fchren aktuelle und potenzielle Stakeholder in unser Social-Compliance-Programm ein.<\/p>\n\n<div  class=\"appear-on-scroll wp-block-buttons is-layout-flex wp-block-buttons-is-layout-flex\" >\n<div class=\"wp-block-button\"><a class=\"wp-block-button__link wp-element-button\" href=\"https:\/\/wrapcompliance.org\/de\/training\/training-overview\/wrap-awareness-programs\/\"><span class=\"label\">Erfahren Sie mehr \u00fcber Wrap-Awareness-Programme<\/span><\/a><\/div>\n<\/div>\n\n\n<div style=\"height:5px\" aria-hidden=\"true\" class=\"wp-block-spacer\"><\/div>","protected":false},"excerpt":{"rendered":"<p>Internal Monitoring Training This course, whose duration can vary depending on the needs of the audience, is open to everyone seeking to obtain an overview of social compliance management systems and is particularly suited for individuals \u2013 whether at buying companies or in manufacturing facilities \u2013 who have a role to play in maintaining their [&hellip;]<\/p>\n","protected":false},"author":3,"featured_media":2344695,"parent":24464,"menu_order":2,"comment_status":"closed","ping_status":"closed","template":"","meta":{"_acf_changed":false,"featured_image_background_position":"","footnotes":""},"class_list":["post-25460","page","type-page","status-publish","has-post-thumbnail","hentry"],"acf":[],"yoast_head":"<!-- This site is optimized with the Yoast SEO plugin v27.4 - https:\/\/yoast.com\/product\/yoast-seo-wordpress\/ -->\n<title>Buyers \/ Manufacturers - WRAP Compliance<\/title>\n<meta name=\"description\" content=\"WRAP provides training to social compliance staff, internal auditors, and management focused on the supply chain, workers, and supervisors\" \/>\n<meta name=\"robots\" content=\"index, follow, max-snippet:-1, max-image-preview:large, max-video-preview:-1\" \/>\n<link rel=\"canonical\" href=\"https:\/\/wrapcompliance.org\/de\/training\/buyers-manufacturers\/\" \/>\n<meta property=\"og:locale\" content=\"de_DE\" \/>\n<meta property=\"og:type\" content=\"article\" \/>\n<meta property=\"og:title\" content=\"Buyers \/ Manufacturers - WRAP Compliance\" \/>\n<meta property=\"og:description\" content=\"WRAP provides training to social compliance staff, internal auditors, and management focused on the supply chain, workers, and supervisors\" \/>\n<meta property=\"og:url\" content=\"https:\/\/wrapcompliance.org\/de\/training\/buyers-manufacturers\/\" \/>\n<meta property=\"og:site_name\" content=\"WRAP Compliance\" \/>\n<meta property=\"article:publisher\" content=\"https:\/\/www.facebook.com\/WRAPcompliance\/\" \/>\n<meta property=\"article:modified_time\" content=\"2026-04-17T17:26:12+00:00\" \/>\n<meta property=\"og:image\" content=\"https:\/\/wrapcompliance.org\/wp-content\/uploads\/2022\/10\/social-default-1200.jpg\" \/>\n\t<meta property=\"og:image:width\" content=\"1200\" \/>\n\t<meta property=\"og:image:height\" content=\"630\" \/>\n\t<meta property=\"og:image:type\" content=\"image\/jpeg\" \/>\n<meta name=\"twitter:card\" content=\"summary_large_image\" \/>\n<meta name=\"twitter:site\" content=\"@wrapcompliance\" \/>\n<meta name=\"twitter:label1\" content=\"Gesch\u00e4tzte Lesezeit\" \/>\n\t<meta name=\"twitter:data1\" content=\"2 Minuten\" \/>\n<script type=\"application\/ld+json\" class=\"yoast-schema-graph\">{\"@context\":\"https:\\\/\\\/schema.org\",\"@graph\":[{\"@type\":\"WebPage\",\"@id\":\"https:\\\/\\\/wrapcompliance.org\\\/training\\\/buyers-manufacturers\\\/\",\"url\":\"https:\\\/\\\/wrapcompliance.org\\\/training\\\/buyers-manufacturers\\\/\",\"name\":\"Buyers \\\/ Manufacturers - WRAP Compliance\",\"isPartOf\":{\"@id\":\"https:\\\/\\\/wrapcompliance.org\\\/en\\\/#website\"},\"primaryImageOfPage\":{\"@id\":\"https:\\\/\\\/wrapcompliance.org\\\/training\\\/buyers-manufacturers\\\/#primaryimage\"},\"image\":{\"@id\":\"https:\\\/\\\/wrapcompliance.org\\\/training\\\/buyers-manufacturers\\\/#primaryimage\"},\"thumbnailUrl\":\"https:\\\/\\\/wrapcompliance.org\\\/wp-content\\\/uploads\\\/2026\\\/02\\\/WRAP_Illustration_Training_Buyers.svg\",\"datePublished\":\"2022-08-26T16:07:24+00:00\",\"dateModified\":\"2026-04-17T17:26:12+00:00\",\"description\":\"WRAP provides training to social compliance staff, internal auditors, and management focused on the supply chain, workers, and supervisors\",\"breadcrumb\":{\"@id\":\"https:\\\/\\\/wrapcompliance.org\\\/training\\\/buyers-manufacturers\\\/#breadcrumb\"},\"inLanguage\":\"de-DE\",\"potentialAction\":[{\"@type\":\"ReadAction\",\"target\":[\"https:\\\/\\\/wrapcompliance.org\\\/training\\\/buyers-manufacturers\\\/\"]}]},{\"@type\":\"ImageObject\",\"inLanguage\":\"de-DE\",\"@id\":\"https:\\\/\\\/wrapcompliance.org\\\/training\\\/buyers-manufacturers\\\/#primaryimage\",\"url\":\"https:\\\/\\\/wrapcompliance.org\\\/wp-content\\\/uploads\\\/2026\\\/02\\\/WRAP_Illustration_Training_Buyers.svg\",\"contentUrl\":\"https:\\\/\\\/wrapcompliance.org\\\/wp-content\\\/uploads\\\/2026\\\/02\\\/WRAP_Illustration_Training_Buyers.svg\",\"caption\":\"An illustration of a diverse group of three people sitting in a training session while a presenter stands by a whiteboard, with a large window in the background showing a factory setting and industrial machinery.\"},{\"@type\":\"BreadcrumbList\",\"@id\":\"https:\\\/\\\/wrapcompliance.org\\\/training\\\/buyers-manufacturers\\\/#breadcrumb\",\"itemListElement\":[{\"@type\":\"ListItem\",\"position\":1,\"name\":\"Home\",\"item\":\"https:\\\/\\\/wrapcompliance.org\\\/\"},{\"@type\":\"ListItem\",\"position\":2,\"name\":\"Training Overview\",\"item\":\"https:\\\/\\\/wrapcompliance.org\\\/training\\\/\"},{\"@type\":\"ListItem\",\"position\":3,\"name\":\"Buyers \\\/ Manufacturers\"}]},{\"@type\":\"WebSite\",\"@id\":\"https:\\\/\\\/wrapcompliance.org\\\/en\\\/#website\",\"url\":\"https:\\\/\\\/wrapcompliance.org\\\/en\\\/\",\"name\":\"WRAP Compliance\",\"description\":\"Ensuring production facilities operate in a safe, responsible, and ethical way. Through our 12 Principles, we promote lawful, humane manufacturing in facilities throughout the world via our Certification and Training programs.\",\"publisher\":{\"@id\":\"https:\\\/\\\/wrapcompliance.org\\\/en\\\/#organization\"},\"potentialAction\":[{\"@type\":\"SearchAction\",\"target\":{\"@type\":\"EntryPoint\",\"urlTemplate\":\"https:\\\/\\\/wrapcompliance.org\\\/en\\\/?s={search_term_string}\"},\"query-input\":{\"@type\":\"PropertyValueSpecification\",\"valueRequired\":true,\"valueName\":\"search_term_string\"}}],\"inLanguage\":\"de-DE\"},{\"@type\":\"Organization\",\"@id\":\"https:\\\/\\\/wrapcompliance.org\\\/en\\\/#organization\",\"name\":\"Worldwide Responsible Accredited Production\",\"alternateName\":\"WRAP Compliance\",\"url\":\"https:\\\/\\\/wrapcompliance.org\\\/en\\\/\",\"logo\":{\"@type\":\"ImageObject\",\"inLanguage\":\"de-DE\",\"@id\":\"https:\\\/\\\/wrapcompliance.org\\\/en\\\/#\\\/schema\\\/logo\\\/image\\\/\",\"url\":\"https:\\\/\\\/wrapcompliance.org\\\/wp-content\\\/uploads\\\/2022\\\/03\\\/WRAP_Logo_Update_Color_RGB.png\",\"contentUrl\":\"https:\\\/\\\/wrapcompliance.org\\\/wp-content\\\/uploads\\\/2022\\\/03\\\/WRAP_Logo_Update_Color_RGB.png\",\"width\":3601,\"height\":3451,\"caption\":\"Worldwide Responsible Accredited Production\"},\"image\":{\"@id\":\"https:\\\/\\\/wrapcompliance.org\\\/en\\\/#\\\/schema\\\/logo\\\/image\\\/\"},\"sameAs\":[\"https:\\\/\\\/www.facebook.com\\\/WRAPcompliance\\\/\",\"https:\\\/\\\/x.com\\\/wrapcompliance\",\"https:\\\/\\\/www.linkedin.com\\\/company\\\/wrapcompliance\"]}]}<\/script>\n<!-- \/ Yoast SEO plugin. -->","yoast_head_json":{"title":"K\u00e4ufer\/Hersteller \u2013 WRAP-Konformit\u00e4t","description":"WRAP bietet Schulungen f\u00fcr Mitarbeiter im Bereich Soziale Compliance, interne Pr\u00fcfer und F\u00fchrungskr\u00e4fte mit Schwerpunkt auf der Lieferkette, den Arbeitern und Vorgesetzten an.","robots":{"index":"index","follow":"follow","max-snippet":"max-snippet:-1","max-image-preview":"max-image-preview:large","max-video-preview":"max-video-preview:-1"},"canonical":"https:\/\/wrapcompliance.org\/de\/training\/buyers-manufacturers\/","og_locale":"de_DE","og_type":"article","og_title":"Buyers \/ Manufacturers - WRAP Compliance","og_description":"WRAP provides training to social compliance staff, internal auditors, and management focused on the supply chain, workers, and supervisors","og_url":"https:\/\/wrapcompliance.org\/de\/training\/buyers-manufacturers\/","og_site_name":"WRAP Compliance","article_publisher":"https:\/\/www.facebook.com\/WRAPcompliance\/","article_modified_time":"2026-04-17T17:26:12+00:00","og_image":[{"width":1200,"height":630,"url":"https:\/\/wrapcompliance.org\/wp-content\/uploads\/2022\/10\/social-default-1200.jpg","type":"image\/jpeg"}],"twitter_card":"summary_large_image","twitter_site":"@wrapcompliance","twitter_misc":{"Gesch\u00e4tzte Lesezeit":"2 Minuten"},"schema":{"@context":"https:\/\/schema.org","@graph":[{"@type":"WebPage","@id":"https:\/\/wrapcompliance.org\/training\/buyers-manufacturers\/","url":"https:\/\/wrapcompliance.org\/training\/buyers-manufacturers\/","name":"K\u00e4ufer\/Hersteller \u2013 WRAP-Konformit\u00e4t","isPartOf":{"@id":"https:\/\/wrapcompliance.org\/en\/#website"},"primaryImageOfPage":{"@id":"https:\/\/wrapcompliance.org\/training\/buyers-manufacturers\/#primaryimage"},"image":{"@id":"https:\/\/wrapcompliance.org\/training\/buyers-manufacturers\/#primaryimage"},"thumbnailUrl":"https:\/\/wrapcompliance.org\/wp-content\/uploads\/2026\/02\/WRAP_Illustration_Training_Buyers.svg","datePublished":"2022-08-26T16:07:24+00:00","dateModified":"2026-04-17T17:26:12+00:00","description":"WRAP bietet Schulungen f\u00fcr Mitarbeiter im Bereich Soziale Compliance, interne Pr\u00fcfer und F\u00fchrungskr\u00e4fte mit Schwerpunkt auf der Lieferkette, den Arbeitern und Vorgesetzten an.","breadcrumb":{"@id":"https:\/\/wrapcompliance.org\/training\/buyers-manufacturers\/#breadcrumb"},"inLanguage":"de-DE","potentialAction":[{"@type":"ReadAction","target":["https:\/\/wrapcompliance.org\/training\/buyers-manufacturers\/"]}]},{"@type":"ImageObject","inLanguage":"de-DE","@id":"https:\/\/wrapcompliance.org\/training\/buyers-manufacturers\/#primaryimage","url":"https:\/\/wrapcompliance.org\/wp-content\/uploads\/2026\/02\/WRAP_Illustration_Training_Buyers.svg","contentUrl":"https:\/\/wrapcompliance.org\/wp-content\/uploads\/2026\/02\/WRAP_Illustration_Training_Buyers.svg","caption":"An illustration of a diverse group of three people sitting in a training session while a presenter stands by a whiteboard, with a large window in the background showing a factory setting and industrial machinery."},{"@type":"BreadcrumbList","@id":"https:\/\/wrapcompliance.org\/training\/buyers-manufacturers\/#breadcrumb","itemListElement":[{"@type":"ListItem","position":1,"name":"Home","item":"https:\/\/wrapcompliance.org\/"},{"@type":"ListItem","position":2,"name":"Training Overview","item":"https:\/\/wrapcompliance.org\/training\/"},{"@type":"ListItem","position":3,"name":"Buyers \/ Manufacturers"}]},{"@type":"WebSite","@id":"https:\/\/wrapcompliance.org\/en\/#website","url":"https:\/\/wrapcompliance.org\/en\/","name":"WRAP-Konformit\u00e4t","description":"Gew\u00e4hrleistung eines sicheren, verantwortungsvollen und ethischen Betriebs der Produktionsanlagen. Durch unsere 12 Prinzipien f\u00f6rdern wir \u00fcber unsere Zertifizierungs- und Schulungsprogramme eine rechtm\u00e4\u00dfige, humane Herstellung in Anlagen auf der ganzen Welt.","publisher":{"@id":"https:\/\/wrapcompliance.org\/en\/#organization"},"potentialAction":[{"@type":"SearchAction","target":{"@type":"EntryPoint","urlTemplate":"https:\/\/wrapcompliance.org\/en\/?s={search_term_string}"},"query-input":{"@type":"PropertyValueSpecification","valueRequired":true,"valueName":"search_term_string"}}],"inLanguage":"de-DE"},{"@type":"Organization","@id":"https:\/\/wrapcompliance.org\/en\/#organization","name":"Weltweit verantwortungsvolle, akkreditierte Produktion","alternateName":"WRAP Compliance","url":"https:\/\/wrapcompliance.org\/en\/","logo":{"@type":"ImageObject","inLanguage":"de-DE","@id":"https:\/\/wrapcompliance.org\/en\/#\/schema\/logo\/image\/","url":"https:\/\/wrapcompliance.org\/wp-content\/uploads\/2022\/03\/WRAP_Logo_Update_Color_RGB.png","contentUrl":"https:\/\/wrapcompliance.org\/wp-content\/uploads\/2022\/03\/WRAP_Logo_Update_Color_RGB.png","width":3601,"height":3451,"caption":"Worldwide Responsible Accredited Production"},"image":{"@id":"https:\/\/wrapcompliance.org\/en\/#\/schema\/logo\/image\/"},"sameAs":["https:\/\/www.facebook.com\/WRAPcompliance\/","https:\/\/x.com\/wrapcompliance","https:\/\/www.linkedin.com\/company\/wrapcompliance"]}]}},"_links":{"self":[{"href":"https:\/\/wrapcompliance.org\/de\/wp-json\/wp\/v2\/pages\/25460","targetHints":{"allow":["GET"]}}],"collection":[{"href":"https:\/\/wrapcompliance.org\/de\/wp-json\/wp\/v2\/pages"}],"about":[{"href":"https:\/\/wrapcompliance.org\/de\/wp-json\/wp\/v2\/types\/page"}],"author":[{"embeddable":true,"href":"https:\/\/wrapcompliance.org\/de\/wp-json\/wp\/v2\/users\/3"}],"replies":[{"embeddable":true,"href":"https:\/\/wrapcompliance.org\/de\/wp-json\/wp\/v2\/comments?post=25460"}],"version-history":[{"count":0,"href":"https:\/\/wrapcompliance.org\/de\/wp-json\/wp\/v2\/pages\/25460\/revisions"}],"up":[{"embeddable":true,"href":"https:\/\/wrapcompliance.org\/de\/wp-json\/wp\/v2\/pages\/24464"}],"wp:featuredmedia":[{"embeddable":true,"href":"https:\/\/wrapcompliance.org\/de\/wp-json\/wp\/v2\/media\/2344695"}],"wp:attachment":[{"href":"https:\/\/wrapcompliance.org\/de\/wp-json\/wp\/v2\/media?parent=25460"}],"curies":[{"name":"wp","href":"https:\/\/api.w.org\/{rel}","templated":true}]}}