{"id":25463,"date":"2022-08-26T12:07:33","date_gmt":"2022-08-26T16:07:33","guid":{"rendered":"https:\/\/wrapcompliance.org\/?page_id=25463"},"modified":"2026-04-17T13:26:21","modified_gmt":"2026-04-17T17:26:21","slug":"auditors-reviewers","status":"publish","type":"page","link":"https:\/\/wrapcompliance.org\/de\/training\/auditors-reviewers\/","title":{"rendered":"Wirtschaftspr\u00fcfer\/Gutachter"},"content":{"rendered":"<div role=\"banner\" class=\"theme-block wp-block-theme-blocks-page-banner full-width has-background has-image\"><div class=\"wrap\"><div class=\"layout\"><h1 class=\"block-title appear-on-scroll\">Wirtschaftspr\u00fcfer\/Gutachter<\/h1><div class=\"block-content\">\n<p  class=\"appear-on-scroll is-style-intro has-max-width-800\" ><strong>Wir setzen uns daf\u00fcr ein, die Gesamtqualit\u00e4t von Social-Compliance-Audits zu verbessern, und ein wichtiger Teil dieses Engagements besteht darin, sicherzustellen, dass unsere Auditoren mit h\u00f6chster Professionalit\u00e4t, Integrit\u00e4t und Fachkompetenz arbeiten.&nbsp;<\/strong><\/p>\n<\/div><div class=\"block-image appear-on-scroll\"><div class=\"image\" style=\"\"><img decoding=\"async\" src=\"https:\/\/wrapcompliance.org\/wp-content\/uploads\/2026\/02\/WRAP_Illustration_Training_Auditors.svg\" class=\"attachment-banner-hero size-banner-hero\" alt=\"An illustration of three professionals collaborating on a certification process, featuring a person climbing a series of stepped blocks toward a diploma while another uses a large pen to mark a checklist.\" \/><\/div><\/div><div class=\"block-background\" style=\"\"><\/div><\/div><\/div><\/div>\n\n<div  class=\"theme-block wp-block-group is-style-default has-max-width-700 has-text-align-center has-no-margin-top is-layout-flow wp-block-group-is-layout-flow\" ><div class=\"wp-block-group__inner-container\"><p  class=\"appear-on-scroll has-text-align-left is-style-default\" >Aus diesen Gr\u00fcnden haben wir unsere Anforderungen an akkreditierte Auditoren in die integriert&nbsp;<a href=\"https:\/\/www.theapsca.org\/about-us\/\">Vereinigung professioneller Pr\u00fcfer f\u00fcr die Einhaltung sozialer Standards (APSCA)<\/a>, das die Bef\u00e4higung der Auditoren durch das Lernen, Testen und Berechtigen von Auditoren f\u00fcr soziale Compliance sicherstellt. Alle unsere Auditoren sind APSCA-akkreditiert unter einem ihrer zwei Leistungsniveaus: <strong>Associate Social Compliance Auditor (ASCA)<\/strong> und <strong>Zertifizierter Social Compliance Auditor (CSCA)<\/strong>.<\/p>\n\n\n<div style=\"height:10px\" aria-hidden=\"true\" class=\"wp-block-spacer\"><\/div>\n\n\n<h3  class=\"appear-on-scroll wp-block-heading has-text-align-center\" ><span class=\"text\">Anforderungen an das WRAP-Training:<\/span><\/h3>\n\n<hr  class=\"appear-on-scroll wp-block-separator has-text-color has-light-purple-color has-alpha-channel-opacity has-light-purple-background-color has-background\" \/>\n\n\n<div class=\"wp-block-columns is-style-default is-layout-flex wp-container-core-columns-is-layout-9d6595d7 wp-block-columns-is-layout-flex\">\n<div class=\"wp-block-column has-no-margin-bottom is-layout-flow wp-block-column-is-layout-flow\"><h4  class=\"appear-on-scroll wp-block-heading has-text-align-left\" ><span class=\"text\">F\u00fcr CSCA<\/span><\/h4>\n\n<p  class=\"appear-on-scroll has-text-align-left\" >Um f\u00fcr die Durchf\u00fchrung von WRAP-Audits als leitender Auditor akkreditiert zu werden, muss ein Auditor in Vollzeit bei einer von WRAP akkreditierten \u00dcberwachungsfirma angestellt sein. Dar\u00fcber hinaus m\u00fcssen sie auch ein APSCA CSCA sein und den \u201eTwo-Day Bridge Training\u201c-Kurs von WRAP absolviert haben.<\/p><\/div>\n\n\n\n<div class=\"wp-block-column has-no-margin-top is-layout-flow wp-block-column-is-layout-flow\"><h4  class=\"appear-on-scroll wp-block-heading has-text-align-left\" ><span class=\"text\">F\u00fcr ASCA<\/span><\/h4>\n\n<p  class=\"appear-on-scroll has-text-align-left\" >Um f\u00fcr die Durchf\u00fchrung von WRAP-Audits als Mitglied des Audit-Teams akkreditiert zu werden, das mit einem leitenden Auditor zusammenarbeitet, muss ein Auditor Vollzeit bei einer WRAP-akkreditierten \u00dcberwachungsfirma angestellt und ein APSCA ASCA sein. Dar\u00fcber hinaus m\u00fcssen sie den WRAP-Kurs \u201eF\u00fcnft\u00e4gige Auditorenschulung\u201c erfolgreich absolvieren.<\/p><\/div>\n<\/div>\n<\/div><\/div>\n\n<div  class=\"theme-block wp-block-group has-light-purple-background-color has-background is-layout-flow wp-block-group-is-layout-flow\" ><div class=\"wp-block-group__inner-container\"><h2  class=\"appear-on-scroll wp-block-heading\" ><span class=\"text\">Schulung zu Sozialauditsystemen (SAST)<\/span><\/h2>\n\n<p class=\"appear-on-scroll\">Dieser 5-t\u00e4gige Kurs steht allen offen, die ein umfassendes Verst\u00e4ndnis von Social Compliance Management-Systemen erlangen m\u00f6chten, und eignet sich insbesondere f\u00fcr Einzelpersonen \u2013 ob intern oder unabh\u00e4ngig \u2013, die Sozialaudits durchf\u00fchren.<\/p>\n\n<div  class=\"appear-on-scroll wp-block-buttons is-layout-flex wp-block-buttons-is-layout-flex\" >\n<div class=\"wp-block-button\"><a class=\"wp-block-button__link wp-element-button\" href=\"https:\/\/wrapcompliance.org\/de\/training\/training-overview\/social-audit-systems-training\/\"><span class=\"label\">Erfahren Sie mehr \u00fcber die Schulung zu SOCIAL AUDIT SYSTEMS<\/span><\/a><\/div>\n<\/div><\/div><\/div>\n\n<h2  class=\"appear-on-scroll wp-block-heading\" ><span class=\"text\">Br\u00fcckentraining<\/span><\/h2>\n\n<p class=\"appear-on-scroll\">Dieser zweit\u00e4gige Kurs \u00fcberbr\u00fcckt die Kluft zwischen einem APSCA CSCA und einem WRAP-akkreditierten leitenden Auditor. Es stellt unser Programm vor, einschlie\u00dflich eines \u00dcberblicks \u00fcber den Pr\u00fcfungsprozess und der relevanten Dokumentation. Es schl\u00fcsselt auch die 12 Prinzipien von WRAP auf, da sie sich auf unterschiedliche Pr\u00fcfungsanforderungen beziehen.&nbsp;<\/p>\n\n<div  class=\"appear-on-scroll wp-block-buttons is-layout-flex wp-block-buttons-is-layout-flex\" >\n<div class=\"wp-block-button\"><a class=\"wp-block-button__link wp-element-button\" href=\"https:\/\/wrapcompliance.org\/de\/training\/training-overview\/two-day-bridge-training\/\"><span class=\"label\">mehr zum Bridge-Training erfahren<\/span><\/a><\/div>\n<\/div>\n\n<div  class=\"theme-block wp-block-group has-no-margin-bottom has-light-purple-background-color has-background is-layout-flow wp-block-group-is-layout-flow\" ><div class=\"wp-block-group__inner-container\"><h2  class=\"appear-on-scroll wp-block-heading\" ><span class=\"text\">Auffrischungsschulung<\/span><\/h2>\n\n<p class=\"appear-on-scroll\">Alle WRAP-akkreditierten Auditoren m\u00fcssen sich alle zwei Jahre einer Auffrischungsschulung unterziehen. Dieser halbt\u00e4gige Kurs \u00fcberpr\u00fcft Programmaktualisierungen und befasst sich mit aufkommenden Problemen der Einhaltung sozialer Standards.<\/p>\n\n<div  class=\"appear-on-scroll wp-block-buttons is-layout-flex wp-block-buttons-is-layout-flex\" >\n<div class=\"wp-block-button\"><a class=\"wp-block-button__link wp-element-button\" href=\"https:\/\/wrapcompliance.org\/de\/training\/training-overview\/one-day-refresher-training\/\"><span class=\"label\">mehr \u00fcber Auffrischungsschulungen erfahren<\/span><\/a><\/div>\n<\/div><\/div><\/div>\n\n<h2  class=\"appear-on-scroll wp-block-heading\" ><span class=\"text\">CTPAT-Schulung<\/span><\/h2>\n\n<p class=\"appear-on-scroll\">Die Customs Trade Partnership Against Terrorism (CTPAT) ist ein Programm der US Customs and Border Protection (CBP) innerhalb des US Department of Homeland Security. WRAP unterst\u00fctzt die Einhaltung der Anforderungen des CTPAT-Programms durch Produktionsanlagen, die die Lieferkette sch\u00fctzen, Sicherheitsl\u00fccken identifizieren und die Umsetzung wirksamer Pr\u00e4ventivma\u00dfnahmen erleichtern.<\/p>\n\n<div  class=\"appear-on-scroll wp-block-buttons is-layout-flex wp-block-buttons-is-layout-flex\" >\n<div class=\"wp-block-button\"><a class=\"wp-block-button__link wp-element-button\" href=\"https:\/\/wrapcompliance.org\/de\/training\/training-overview\/ctpat-training\/\"><span class=\"label\">Erfahren Sie mehr \u00fcber das ctpat-Training<\/span><\/a><\/div>\n<\/div>\n\n<div  class=\"theme-block wp-block-group has-light-purple-background-color has-background is-layout-flow wp-block-group-is-layout-flow\" ><div class=\"wp-block-group__inner-container\"><h2  class=\"appear-on-scroll wp-block-heading\" ><span class=\"text\">Einf\u00fchrung in ESG<\/span><\/h2>\n\n<p class=\"appear-on-scroll\">Viele Unternehmen schreiten mit formellen Umwelt-, Sozial- und Governance-Initiativen (ESG) voran. Diese Programme legen in der Regel spezifische Ziele fest und verfolgen (und berichten in einigen F\u00e4llen dar\u00fcber) ihren Fortschritt.<\/p>\n\n<div  class=\"appear-on-scroll wp-block-buttons is-layout-flex wp-block-buttons-is-layout-flex\" >\n<div class=\"wp-block-button\"><a class=\"wp-block-button__link wp-element-button\" href=\"https:\/\/wrapcompliance.org\/de\/training\/training-overview\/introduction-to-esg\/\"><span class=\"label\">Erfahren Sie mehr \u00fcber die Einf\u00fchrung in esg<\/span><\/a><\/div>\n<\/div><\/div><\/div>\n\n<h2  class=\"appear-on-scroll wp-block-heading\" ><span class=\"text\">WRAP-Bewusstseinsprogramme<\/span><\/h2>\n\n<p class=\"appear-on-scroll\">Unsere allgemeinen Sensibilisierungsschulungen f\u00fchren aktuelle und potenzielle Stakeholder in unser Social-Compliance-Programm ein.<\/p>\n\n<div  class=\"appear-on-scroll wp-block-buttons is-layout-flex wp-block-buttons-is-layout-flex\" >\n<div class=\"wp-block-button\"><a class=\"wp-block-button__link wp-element-button\" href=\"https:\/\/wrapcompliance.org\/de\/training\/training-overview\/wrap-awareness-programs\/\"><span class=\"label\">Erfahren Sie mehr \u00fcber Wrap-Awareness-Programme<\/span><\/a><\/div>\n<\/div>","protected":false},"excerpt":{"rendered":"<p>For these reasons, we have integrated our accredited auditor requirements with the&nbsp;Association of Professional Social Compliance Auditors (APSCA), which ensures auditor proficiency through the learning, testing, and credentialing of social compliance auditors. All of our auditors are APSCA accredited under one of its two proficiency levels: Associate Social Compliance Auditor (ASCA) and Certified Social Compliance [&hellip;]<\/p>\n","protected":false},"author":3,"featured_media":2344694,"parent":24464,"menu_order":3,"comment_status":"closed","ping_status":"closed","template":"","meta":{"_acf_changed":false,"featured_image_background_position":"","footnotes":""},"class_list":["post-25463","page","type-page","status-publish","has-post-thumbnail","hentry"],"acf":[],"yoast_head":"<!-- This site is optimized with the Yoast SEO plugin v27.5 - https:\/\/yoast.com\/product\/yoast-seo-wordpress\/ -->\n<title>Auditors\/Reviewers - WRAP Compliance<\/title>\n<meta name=\"description\" content=\"Quality social compliance training to raise the professionalism, integrity, and expertise of social compliance auditors\" \/>\n<meta name=\"robots\" content=\"index, follow, max-snippet:-1, max-image-preview:large, max-video-preview:-1\" \/>\n<link rel=\"canonical\" href=\"https:\/\/wrapcompliance.org\/de\/training\/auditors-reviewers\/\" \/>\n<meta property=\"og:locale\" content=\"de_DE\" \/>\n<meta property=\"og:type\" content=\"article\" \/>\n<meta property=\"og:title\" content=\"Auditors\/Reviewers - WRAP Compliance\" \/>\n<meta property=\"og:description\" content=\"Quality social compliance training to raise the professionalism, integrity, and expertise of social compliance auditors\" \/>\n<meta property=\"og:url\" content=\"https:\/\/wrapcompliance.org\/de\/training\/auditors-reviewers\/\" \/>\n<meta property=\"og:site_name\" content=\"WRAP Compliance\" \/>\n<meta property=\"article:publisher\" content=\"https:\/\/www.facebook.com\/WRAPcompliance\/\" \/>\n<meta property=\"article:modified_time\" content=\"2026-04-17T17:26:21+00:00\" \/>\n<meta property=\"og:image\" content=\"https:\/\/wrapcompliance.org\/wp-content\/uploads\/2022\/10\/social-default-1200.jpg\" \/>\n\t<meta property=\"og:image:width\" content=\"1200\" \/>\n\t<meta property=\"og:image:height\" content=\"630\" \/>\n\t<meta property=\"og:image:type\" content=\"image\/jpeg\" \/>\n<meta name=\"twitter:card\" content=\"summary_large_image\" \/>\n<meta name=\"twitter:site\" content=\"@wrapcompliance\" \/>\n<meta name=\"twitter:label1\" content=\"Gesch\u00e4tzte Lesezeit\" \/>\n\t<meta name=\"twitter:data1\" content=\"3 Minuten\" \/>\n<script type=\"application\/ld+json\" class=\"yoast-schema-graph\">{\"@context\":\"https:\\\/\\\/schema.org\",\"@graph\":[{\"@type\":\"WebPage\",\"@id\":\"https:\\\/\\\/wrapcompliance.org\\\/training\\\/auditors-reviewers\\\/\",\"url\":\"https:\\\/\\\/wrapcompliance.org\\\/training\\\/auditors-reviewers\\\/\",\"name\":\"Auditors\\\/Reviewers - WRAP Compliance\",\"isPartOf\":{\"@id\":\"https:\\\/\\\/wrapcompliance.org\\\/en\\\/#website\"},\"primaryImageOfPage\":{\"@id\":\"https:\\\/\\\/wrapcompliance.org\\\/training\\\/auditors-reviewers\\\/#primaryimage\"},\"image\":{\"@id\":\"https:\\\/\\\/wrapcompliance.org\\\/training\\\/auditors-reviewers\\\/#primaryimage\"},\"thumbnailUrl\":\"https:\\\/\\\/wrapcompliance.org\\\/wp-content\\\/uploads\\\/2026\\\/02\\\/WRAP_Illustration_Training_Auditors.svg\",\"datePublished\":\"2022-08-26T16:07:33+00:00\",\"dateModified\":\"2026-04-17T17:26:21+00:00\",\"description\":\"Quality social compliance training to raise the professionalism, integrity, and expertise of social compliance auditors\",\"breadcrumb\":{\"@id\":\"https:\\\/\\\/wrapcompliance.org\\\/training\\\/auditors-reviewers\\\/#breadcrumb\"},\"inLanguage\":\"de-DE\",\"potentialAction\":[{\"@type\":\"ReadAction\",\"target\":[\"https:\\\/\\\/wrapcompliance.org\\\/training\\\/auditors-reviewers\\\/\"]}]},{\"@type\":\"ImageObject\",\"inLanguage\":\"de-DE\",\"@id\":\"https:\\\/\\\/wrapcompliance.org\\\/training\\\/auditors-reviewers\\\/#primaryimage\",\"url\":\"https:\\\/\\\/wrapcompliance.org\\\/wp-content\\\/uploads\\\/2026\\\/02\\\/WRAP_Illustration_Training_Auditors.svg\",\"contentUrl\":\"https:\\\/\\\/wrapcompliance.org\\\/wp-content\\\/uploads\\\/2026\\\/02\\\/WRAP_Illustration_Training_Auditors.svg\",\"caption\":\"An illustration of three professionals collaborating on a certification process, featuring a person climbing a series of stepped blocks toward a diploma while another uses a large pen to mark a checklist.\"},{\"@type\":\"BreadcrumbList\",\"@id\":\"https:\\\/\\\/wrapcompliance.org\\\/training\\\/auditors-reviewers\\\/#breadcrumb\",\"itemListElement\":[{\"@type\":\"ListItem\",\"position\":1,\"name\":\"Home\",\"item\":\"https:\\\/\\\/wrapcompliance.org\\\/\"},{\"@type\":\"ListItem\",\"position\":2,\"name\":\"Training Overview\",\"item\":\"https:\\\/\\\/wrapcompliance.org\\\/training\\\/\"},{\"@type\":\"ListItem\",\"position\":3,\"name\":\"Auditors\\\/Reviewers\"}]},{\"@type\":\"WebSite\",\"@id\":\"https:\\\/\\\/wrapcompliance.org\\\/en\\\/#website\",\"url\":\"https:\\\/\\\/wrapcompliance.org\\\/en\\\/\",\"name\":\"WRAP Compliance\",\"description\":\"Ensuring production facilities operate in a safe, responsible, and ethical way. Through our 12 Principles, we promote lawful, humane manufacturing in facilities throughout the world via our Certification and Training programs.\",\"publisher\":{\"@id\":\"https:\\\/\\\/wrapcompliance.org\\\/en\\\/#organization\"},\"potentialAction\":[{\"@type\":\"SearchAction\",\"target\":{\"@type\":\"EntryPoint\",\"urlTemplate\":\"https:\\\/\\\/wrapcompliance.org\\\/en\\\/?s={search_term_string}\"},\"query-input\":{\"@type\":\"PropertyValueSpecification\",\"valueRequired\":true,\"valueName\":\"search_term_string\"}}],\"inLanguage\":\"de-DE\"},{\"@type\":\"Organization\",\"@id\":\"https:\\\/\\\/wrapcompliance.org\\\/en\\\/#organization\",\"name\":\"Worldwide Responsible Accredited Production\",\"alternateName\":\"WRAP Compliance\",\"url\":\"https:\\\/\\\/wrapcompliance.org\\\/en\\\/\",\"logo\":{\"@type\":\"ImageObject\",\"inLanguage\":\"de-DE\",\"@id\":\"https:\\\/\\\/wrapcompliance.org\\\/en\\\/#\\\/schema\\\/logo\\\/image\\\/\",\"url\":\"https:\\\/\\\/wrapcompliance.org\\\/wp-content\\\/uploads\\\/2022\\\/03\\\/WRAP_Logo_Update_Color_RGB.png\",\"contentUrl\":\"https:\\\/\\\/wrapcompliance.org\\\/wp-content\\\/uploads\\\/2022\\\/03\\\/WRAP_Logo_Update_Color_RGB.png\",\"width\":3601,\"height\":3451,\"caption\":\"Worldwide Responsible Accredited Production\"},\"image\":{\"@id\":\"https:\\\/\\\/wrapcompliance.org\\\/en\\\/#\\\/schema\\\/logo\\\/image\\\/\"},\"sameAs\":[\"https:\\\/\\\/www.facebook.com\\\/WRAPcompliance\\\/\",\"https:\\\/\\\/x.com\\\/wrapcompliance\",\"https:\\\/\\\/www.linkedin.com\\\/company\\\/wrapcompliance\"]}]}<\/script>\n<!-- \/ Yoast SEO plugin. -->","yoast_head_json":{"title":"Pr\u00fcfer\/Gutachter \u2013 WRAP-Konformit\u00e4t","description":"Qualitativ hochwertige Schulungen zur Einhaltung sozialer Standards, um die Professionalit\u00e4t, Integrit\u00e4t und Fachkompetenz der Auditoren f\u00fcr soziale Standards zu steigern","robots":{"index":"index","follow":"follow","max-snippet":"max-snippet:-1","max-image-preview":"max-image-preview:large","max-video-preview":"max-video-preview:-1"},"canonical":"https:\/\/wrapcompliance.org\/de\/training\/auditors-reviewers\/","og_locale":"de_DE","og_type":"article","og_title":"Auditors\/Reviewers - WRAP Compliance","og_description":"Quality social compliance training to raise the professionalism, integrity, and expertise of social compliance auditors","og_url":"https:\/\/wrapcompliance.org\/de\/training\/auditors-reviewers\/","og_site_name":"WRAP Compliance","article_publisher":"https:\/\/www.facebook.com\/WRAPcompliance\/","article_modified_time":"2026-04-17T17:26:21+00:00","og_image":[{"width":1200,"height":630,"url":"https:\/\/wrapcompliance.org\/wp-content\/uploads\/2022\/10\/social-default-1200.jpg","type":"image\/jpeg"}],"twitter_card":"summary_large_image","twitter_site":"@wrapcompliance","twitter_misc":{"Gesch\u00e4tzte Lesezeit":"3 Minuten"},"schema":{"@context":"https:\/\/schema.org","@graph":[{"@type":"WebPage","@id":"https:\/\/wrapcompliance.org\/training\/auditors-reviewers\/","url":"https:\/\/wrapcompliance.org\/training\/auditors-reviewers\/","name":"Pr\u00fcfer\/Gutachter \u2013 WRAP-Konformit\u00e4t","isPartOf":{"@id":"https:\/\/wrapcompliance.org\/en\/#website"},"primaryImageOfPage":{"@id":"https:\/\/wrapcompliance.org\/training\/auditors-reviewers\/#primaryimage"},"image":{"@id":"https:\/\/wrapcompliance.org\/training\/auditors-reviewers\/#primaryimage"},"thumbnailUrl":"https:\/\/wrapcompliance.org\/wp-content\/uploads\/2026\/02\/WRAP_Illustration_Training_Auditors.svg","datePublished":"2022-08-26T16:07:33+00:00","dateModified":"2026-04-17T17:26:21+00:00","description":"Qualitativ hochwertige Schulungen zur Einhaltung sozialer Standards, um die Professionalit\u00e4t, Integrit\u00e4t und Fachkompetenz der Auditoren f\u00fcr soziale Standards zu steigern","breadcrumb":{"@id":"https:\/\/wrapcompliance.org\/training\/auditors-reviewers\/#breadcrumb"},"inLanguage":"de-DE","potentialAction":[{"@type":"ReadAction","target":["https:\/\/wrapcompliance.org\/training\/auditors-reviewers\/"]}]},{"@type":"ImageObject","inLanguage":"de-DE","@id":"https:\/\/wrapcompliance.org\/training\/auditors-reviewers\/#primaryimage","url":"https:\/\/wrapcompliance.org\/wp-content\/uploads\/2026\/02\/WRAP_Illustration_Training_Auditors.svg","contentUrl":"https:\/\/wrapcompliance.org\/wp-content\/uploads\/2026\/02\/WRAP_Illustration_Training_Auditors.svg","caption":"An illustration of three professionals collaborating on a certification process, featuring a person climbing a series of stepped blocks toward a diploma while another uses a large pen to mark a checklist."},{"@type":"BreadcrumbList","@id":"https:\/\/wrapcompliance.org\/training\/auditors-reviewers\/#breadcrumb","itemListElement":[{"@type":"ListItem","position":1,"name":"Home","item":"https:\/\/wrapcompliance.org\/"},{"@type":"ListItem","position":2,"name":"Training Overview","item":"https:\/\/wrapcompliance.org\/training\/"},{"@type":"ListItem","position":3,"name":"Auditors\/Reviewers"}]},{"@type":"WebSite","@id":"https:\/\/wrapcompliance.org\/en\/#website","url":"https:\/\/wrapcompliance.org\/en\/","name":"WRAP-Konformit\u00e4t","description":"Gew\u00e4hrleistung eines sicheren, verantwortungsvollen und ethischen Betriebs der Produktionsanlagen. Durch unsere 12 Prinzipien f\u00f6rdern wir \u00fcber unsere Zertifizierungs- und Schulungsprogramme eine rechtm\u00e4\u00dfige, humane Herstellung in Anlagen auf der ganzen Welt.","publisher":{"@id":"https:\/\/wrapcompliance.org\/en\/#organization"},"potentialAction":[{"@type":"SearchAction","target":{"@type":"EntryPoint","urlTemplate":"https:\/\/wrapcompliance.org\/en\/?s={search_term_string}"},"query-input":{"@type":"PropertyValueSpecification","valueRequired":true,"valueName":"search_term_string"}}],"inLanguage":"de-DE"},{"@type":"Organization","@id":"https:\/\/wrapcompliance.org\/en\/#organization","name":"Weltweit verantwortungsvolle, akkreditierte Produktion","alternateName":"WRAP Compliance","url":"https:\/\/wrapcompliance.org\/en\/","logo":{"@type":"ImageObject","inLanguage":"de-DE","@id":"https:\/\/wrapcompliance.org\/en\/#\/schema\/logo\/image\/","url":"https:\/\/wrapcompliance.org\/wp-content\/uploads\/2022\/03\/WRAP_Logo_Update_Color_RGB.png","contentUrl":"https:\/\/wrapcompliance.org\/wp-content\/uploads\/2022\/03\/WRAP_Logo_Update_Color_RGB.png","width":3601,"height":3451,"caption":"Worldwide Responsible Accredited Production"},"image":{"@id":"https:\/\/wrapcompliance.org\/en\/#\/schema\/logo\/image\/"},"sameAs":["https:\/\/www.facebook.com\/WRAPcompliance\/","https:\/\/x.com\/wrapcompliance","https:\/\/www.linkedin.com\/company\/wrapcompliance"]}]}},"_links":{"self":[{"href":"https:\/\/wrapcompliance.org\/de\/wp-json\/wp\/v2\/pages\/25463","targetHints":{"allow":["GET"]}}],"collection":[{"href":"https:\/\/wrapcompliance.org\/de\/wp-json\/wp\/v2\/pages"}],"about":[{"href":"https:\/\/wrapcompliance.org\/de\/wp-json\/wp\/v2\/types\/page"}],"author":[{"embeddable":true,"href":"https:\/\/wrapcompliance.org\/de\/wp-json\/wp\/v2\/users\/3"}],"replies":[{"embeddable":true,"href":"https:\/\/wrapcompliance.org\/de\/wp-json\/wp\/v2\/comments?post=25463"}],"version-history":[{"count":0,"href":"https:\/\/wrapcompliance.org\/de\/wp-json\/wp\/v2\/pages\/25463\/revisions"}],"up":[{"embeddable":true,"href":"https:\/\/wrapcompliance.org\/de\/wp-json\/wp\/v2\/pages\/24464"}],"wp:featuredmedia":[{"embeddable":true,"href":"https:\/\/wrapcompliance.org\/de\/wp-json\/wp\/v2\/media\/2344694"}],"wp:attachment":[{"href":"https:\/\/wrapcompliance.org\/de\/wp-json\/wp\/v2\/media?parent=25463"}],"curies":[{"name":"wp","href":"https:\/\/api.w.org\/{rel}","templated":true}]}}