{"id":26753,"date":"2022-10-26T10:04:10","date_gmt":"2022-10-26T14:04:10","guid":{"rendered":"https:\/\/wrapcompliance.org\/?page_id=26753"},"modified":"2026-04-17T14:50:41","modified_gmt":"2026-04-17T18:50:41","slug":"iaf","status":"publish","type":"page","link":"https:\/\/wrapcompliance.org\/de\/collaboration\/iaf\/","title":{"rendered":""},"content":{"rendered":"<div role=\"banner\" class=\"theme-block wp-block-theme-blocks-page-banner full-width has-background no-image\"><div class=\"wrap\"><div class=\"layout\"><h1 class=\"block-title appear-on-scroll\"><\/h1><div class=\"block-content\">\n<figure  class=\"appear-on-scroll wp-block-image size-full\" ><img loading=\"lazy\" decoding=\"async\" width=\"463\" height=\"463\" src=\"https:\/\/wrapcompliance.org\/wp-content\/uploads\/2022\/11\/iaf.eEDnrfLRiNTWsZghY-edited.png\" alt=\"International Apparel Federation\" class=\"wp-image-27045\" srcset=\"https:\/\/wrapcompliance.org\/wp-content\/uploads\/2022\/11\/iaf.eEDnrfLRiNTWsZghY-edited.png 463w, https:\/\/wrapcompliance.org\/wp-content\/uploads\/2022\/11\/iaf.eEDnrfLRiNTWsZghY-edited-300x300.png 300w, https:\/\/wrapcompliance.org\/wp-content\/uploads\/2022\/11\/iaf.eEDnrfLRiNTWsZghY-edited-150x150.png 150w, https:\/\/wrapcompliance.org\/wp-content\/uploads\/2022\/11\/iaf.eEDnrfLRiNTWsZghY-edited-12x12.png 12w, https:\/\/wrapcompliance.org\/wp-content\/uploads\/2022\/11\/iaf.eEDnrfLRiNTWsZghY-edited-100x100.png 100w\" sizes=\"auto, (max-width: 463px) 100vw, 463px\" \/><\/figure>\n<\/div><div class=\"block-background\" style=\"\"><\/div><\/div><\/div><\/div>\n\n<p class=\"appear-on-scroll\">Das <a href=\"http:\/\/iafnet.com\" target=\"_blank\" rel=\"noreferrer noopener\">Internationaler Bekleidungsverband (IAF)<\/a> ist der weltweit f\u00fchrende Verband f\u00fcr Bekleidungshersteller, (KMU-)Marken, Verb\u00e4nde und die unterst\u00fctzende Industrie.<\/p>\n\n<p class=\"appear-on-scroll\">Zu den Mitgliedern der IAF geh\u00f6ren jetzt Bekleidungsverb\u00e4nde und Unternehmen aus mehr als 40 L\u00e4ndern \u2013 eine Mitgliedschaft, die direkt und indirekt \u00fcber 100.000 Unternehmen und mehr als 20 Millionen Mitarbeiter vertritt. IAF bringt seine Mitglieder zusammen, um gemeinsam st\u00e4rkere, intelligentere und nachhaltigere Lieferketten zu schaffen. Es bietet Mitgliedern wertvolle Informationen und Anleitungen und vertritt sie auf mehreren internationalen Plattformen, die Standardisierung, Harmonisierung, Zusammenarbeit und Inklusion in der gesamten Bekleidungsindustrie f\u00f6rdern. <\/p>\n\n<div  class=\"appear-on-scroll wp-block-buttons is-content-justification-left is-layout-flex wp-container-core-buttons-is-layout-fdcfc74e wp-block-buttons-is-layout-flex\" >\n<div class=\"wp-block-button\"><a class=\"wp-block-button__link wp-element-button\" href=\"https:\/\/www.iafnet.com\/\" target=\"_blank\" rel=\"noreferrer noopener\"><span class=\"label\">Erfahren Sie mehr \u00fcber IAF<\/span><\/a><\/div>\n<\/div>","protected":false},"excerpt":{"rendered":"<p>The International Apparel Federation (IAF) is the world\u2019s leading federation for apparel manufacturers, (SME) brands, associations, and the supporting industry. IAF\u2019s membership now includes apparel associations and companies from more than 40 countries \u2013 a membership that directly and indirectly represents over 100k companies and more than 20 million employees. IAF brings its members together [&hellip;]<\/p>\n","protected":false},"author":31,"featured_media":0,"parent":24779,"menu_order":5,"comment_status":"closed","ping_status":"closed","template":"","meta":{"_acf_changed":false,"featured_image_background_position":"","footnotes":""},"class_list":["post-26753","page","type-page","status-publish","hentry"],"acf":[],"yoast_head":"<!-- This site is optimized with the Yoast SEO plugin v27.3 - https:\/\/yoast.com\/product\/yoast-seo-wordpress\/ -->\n<title>- WRAP Compliance<\/title>\n<meta name=\"robots\" content=\"index, follow, max-snippet:-1, max-image-preview:large, max-video-preview:-1\" \/>\n<link rel=\"canonical\" href=\"https:\/\/wrapcompliance.org\/de\/collaboration\/iaf\/\" \/>\n<meta property=\"og:locale\" content=\"de_DE\" \/>\n<meta property=\"og:type\" content=\"article\" \/>\n<meta property=\"og:title\" content=\"- WRAP Compliance\" \/>\n<meta property=\"og:description\" content=\"The International Apparel Federation (IAF) is the world\u2019s leading federation for apparel manufacturers, (SME) brands, associations, and the supporting industry. IAF\u2019s membership now includes apparel associations and companies from more than 40 countries \u2013 a membership that directly and indirectly represents over 100k companies and more than 20 million employees. IAF brings its members together [&hellip;]\" \/>\n<meta property=\"og:url\" content=\"https:\/\/wrapcompliance.org\/de\/collaboration\/iaf\/\" \/>\n<meta property=\"og:site_name\" content=\"WRAP Compliance\" \/>\n<meta property=\"article:publisher\" content=\"https:\/\/www.facebook.com\/WRAPcompliance\/\" \/>\n<meta property=\"article:modified_time\" content=\"2026-04-17T18:50:41+00:00\" \/>\n<meta property=\"og:image\" content=\"https:\/\/wrapcompliance.org\/wp-content\/uploads\/2022\/11\/iaf.eEDnrfLRiNTWsZghY-edited.png\" \/>\n\t<meta property=\"og:image:width\" content=\"463\" \/>\n\t<meta property=\"og:image:height\" content=\"463\" \/>\n\t<meta property=\"og:image:type\" content=\"image\/png\" \/>\n<meta name=\"twitter:card\" content=\"summary_large_image\" \/>\n<meta name=\"twitter:site\" content=\"@wrapcompliance\" \/>\n<meta name=\"twitter:label1\" content=\"Gesch\u00e4tzte Lesezeit\" \/>\n\t<meta name=\"twitter:data1\" content=\"1 Minute\" \/>\n<script type=\"application\/ld+json\" class=\"yoast-schema-graph\">{\"@context\":\"https:\\\/\\\/schema.org\",\"@graph\":[{\"@type\":\"WebPage\",\"@id\":\"https:\\\/\\\/wrapcompliance.org\\\/collaboration\\\/iaf\\\/\",\"url\":\"https:\\\/\\\/wrapcompliance.org\\\/collaboration\\\/iaf\\\/\",\"name\":\"- WRAP Compliance\",\"isPartOf\":{\"@id\":\"https:\\\/\\\/wrapcompliance.org\\\/en\\\/#website\"},\"primaryImageOfPage\":{\"@id\":\"https:\\\/\\\/wrapcompliance.org\\\/collaboration\\\/iaf\\\/#primaryimage\"},\"image\":{\"@id\":\"https:\\\/\\\/wrapcompliance.org\\\/collaboration\\\/iaf\\\/#primaryimage\"},\"thumbnailUrl\":\"https:\\\/\\\/wrapcompliance.org\\\/wp-content\\\/uploads\\\/2022\\\/11\\\/iaf.eEDnrfLRiNTWsZghY-edited.png\",\"datePublished\":\"2022-10-26T14:04:10+00:00\",\"dateModified\":\"2026-04-17T18:50:41+00:00\",\"breadcrumb\":{\"@id\":\"https:\\\/\\\/wrapcompliance.org\\\/collaboration\\\/iaf\\\/#breadcrumb\"},\"inLanguage\":\"de-DE\",\"potentialAction\":[{\"@type\":\"ReadAction\",\"target\":[\"https:\\\/\\\/wrapcompliance.org\\\/collaboration\\\/iaf\\\/\"]}]},{\"@type\":\"ImageObject\",\"inLanguage\":\"de-DE\",\"@id\":\"https:\\\/\\\/wrapcompliance.org\\\/collaboration\\\/iaf\\\/#primaryimage\",\"url\":\"https:\\\/\\\/wrapcompliance.org\\\/wp-content\\\/uploads\\\/2022\\\/11\\\/iaf.eEDnrfLRiNTWsZghY-edited.png\",\"contentUrl\":\"https:\\\/\\\/wrapcompliance.org\\\/wp-content\\\/uploads\\\/2022\\\/11\\\/iaf.eEDnrfLRiNTWsZghY-edited.png\"},{\"@type\":\"BreadcrumbList\",\"@id\":\"https:\\\/\\\/wrapcompliance.org\\\/collaboration\\\/iaf\\\/#breadcrumb\",\"itemListElement\":[{\"@type\":\"ListItem\",\"position\":1,\"name\":\"Home\",\"item\":\"https:\\\/\\\/wrapcompliance.org\\\/\"},{\"@type\":\"ListItem\",\"position\":2,\"name\":\"Leadership in Action\",\"item\":\"https:\\\/\\\/wrapcompliance.org\\\/collaboration\\\/\"}]},{\"@type\":\"WebSite\",\"@id\":\"https:\\\/\\\/wrapcompliance.org\\\/en\\\/#website\",\"url\":\"https:\\\/\\\/wrapcompliance.org\\\/en\\\/\",\"name\":\"WRAP Compliance\",\"description\":\"Ensuring production facilities operate in a safe, responsible, and ethical way. Through our 12 Principles, we promote lawful, humane manufacturing in facilities throughout the world via our Certification and Training programs.\",\"publisher\":{\"@id\":\"https:\\\/\\\/wrapcompliance.org\\\/en\\\/#organization\"},\"potentialAction\":[{\"@type\":\"SearchAction\",\"target\":{\"@type\":\"EntryPoint\",\"urlTemplate\":\"https:\\\/\\\/wrapcompliance.org\\\/en\\\/?s={search_term_string}\"},\"query-input\":{\"@type\":\"PropertyValueSpecification\",\"valueRequired\":true,\"valueName\":\"search_term_string\"}}],\"inLanguage\":\"de-DE\"},{\"@type\":\"Organization\",\"@id\":\"https:\\\/\\\/wrapcompliance.org\\\/en\\\/#organization\",\"name\":\"Worldwide Responsible Accredited Production\",\"alternateName\":\"WRAP Compliance\",\"url\":\"https:\\\/\\\/wrapcompliance.org\\\/en\\\/\",\"logo\":{\"@type\":\"ImageObject\",\"inLanguage\":\"de-DE\",\"@id\":\"https:\\\/\\\/wrapcompliance.org\\\/en\\\/#\\\/schema\\\/logo\\\/image\\\/\",\"url\":\"https:\\\/\\\/wrapcompliance.org\\\/wp-content\\\/uploads\\\/2022\\\/03\\\/WRAP_Logo_Update_Color_RGB.png\",\"contentUrl\":\"https:\\\/\\\/wrapcompliance.org\\\/wp-content\\\/uploads\\\/2022\\\/03\\\/WRAP_Logo_Update_Color_RGB.png\",\"width\":3601,\"height\":3451,\"caption\":\"Worldwide Responsible Accredited Production\"},\"image\":{\"@id\":\"https:\\\/\\\/wrapcompliance.org\\\/en\\\/#\\\/schema\\\/logo\\\/image\\\/\"},\"sameAs\":[\"https:\\\/\\\/www.facebook.com\\\/WRAPcompliance\\\/\",\"https:\\\/\\\/x.com\\\/wrapcompliance\",\"https:\\\/\\\/www.linkedin.com\\\/company\\\/wrapcompliance\"]}]}<\/script>\n<!-- \/ Yoast SEO plugin. -->","yoast_head_json":{"title":"- WRAP-Konformit\u00e4t","robots":{"index":"index","follow":"follow","max-snippet":"max-snippet:-1","max-image-preview":"max-image-preview:large","max-video-preview":"max-video-preview:-1"},"canonical":"https:\/\/wrapcompliance.org\/de\/collaboration\/iaf\/","og_locale":"de_DE","og_type":"article","og_title":"- WRAP Compliance","og_description":"The International Apparel Federation (IAF) is the world\u2019s leading federation for apparel manufacturers, (SME) brands, associations, and the supporting industry. IAF\u2019s membership now includes apparel associations and companies from more than 40 countries \u2013 a membership that directly and indirectly represents over 100k companies and more than 20 million employees. IAF brings its members together [&hellip;]","og_url":"https:\/\/wrapcompliance.org\/de\/collaboration\/iaf\/","og_site_name":"WRAP Compliance","article_publisher":"https:\/\/www.facebook.com\/WRAPcompliance\/","article_modified_time":"2026-04-17T18:50:41+00:00","og_image":[{"width":463,"height":463,"url":"https:\/\/wrapcompliance.org\/wp-content\/uploads\/2022\/11\/iaf.eEDnrfLRiNTWsZghY-edited.png","type":"image\/png"}],"twitter_card":"summary_large_image","twitter_site":"@wrapcompliance","twitter_misc":{"Gesch\u00e4tzte Lesezeit":"1 Minute"},"schema":{"@context":"https:\/\/schema.org","@graph":[{"@type":"WebPage","@id":"https:\/\/wrapcompliance.org\/collaboration\/iaf\/","url":"https:\/\/wrapcompliance.org\/collaboration\/iaf\/","name":"- WRAP-Konformit\u00e4t","isPartOf":{"@id":"https:\/\/wrapcompliance.org\/en\/#website"},"primaryImageOfPage":{"@id":"https:\/\/wrapcompliance.org\/collaboration\/iaf\/#primaryimage"},"image":{"@id":"https:\/\/wrapcompliance.org\/collaboration\/iaf\/#primaryimage"},"thumbnailUrl":"https:\/\/wrapcompliance.org\/wp-content\/uploads\/2022\/11\/iaf.eEDnrfLRiNTWsZghY-edited.png","datePublished":"2022-10-26T14:04:10+00:00","dateModified":"2026-04-17T18:50:41+00:00","breadcrumb":{"@id":"https:\/\/wrapcompliance.org\/collaboration\/iaf\/#breadcrumb"},"inLanguage":"de-DE","potentialAction":[{"@type":"ReadAction","target":["https:\/\/wrapcompliance.org\/collaboration\/iaf\/"]}]},{"@type":"ImageObject","inLanguage":"de-DE","@id":"https:\/\/wrapcompliance.org\/collaboration\/iaf\/#primaryimage","url":"https:\/\/wrapcompliance.org\/wp-content\/uploads\/2022\/11\/iaf.eEDnrfLRiNTWsZghY-edited.png","contentUrl":"https:\/\/wrapcompliance.org\/wp-content\/uploads\/2022\/11\/iaf.eEDnrfLRiNTWsZghY-edited.png"},{"@type":"BreadcrumbList","@id":"https:\/\/wrapcompliance.org\/collaboration\/iaf\/#breadcrumb","itemListElement":[{"@type":"ListItem","position":1,"name":"Home","item":"https:\/\/wrapcompliance.org\/"},{"@type":"ListItem","position":2,"name":"Leadership in Action","item":"https:\/\/wrapcompliance.org\/collaboration\/"}]},{"@type":"WebSite","@id":"https:\/\/wrapcompliance.org\/en\/#website","url":"https:\/\/wrapcompliance.org\/en\/","name":"WRAP-Konformit\u00e4t","description":"Gew\u00e4hrleistung eines sicheren, verantwortungsvollen und ethischen Betriebs der Produktionsanlagen. Durch unsere 12 Prinzipien f\u00f6rdern wir \u00fcber unsere Zertifizierungs- und Schulungsprogramme eine rechtm\u00e4\u00dfige, humane Herstellung in Anlagen auf der ganzen Welt.","publisher":{"@id":"https:\/\/wrapcompliance.org\/en\/#organization"},"potentialAction":[{"@type":"SearchAction","target":{"@type":"EntryPoint","urlTemplate":"https:\/\/wrapcompliance.org\/en\/?s={search_term_string}"},"query-input":{"@type":"PropertyValueSpecification","valueRequired":true,"valueName":"search_term_string"}}],"inLanguage":"de-DE"},{"@type":"Organization","@id":"https:\/\/wrapcompliance.org\/en\/#organization","name":"Weltweit verantwortungsvolle, akkreditierte Produktion","alternateName":"WRAP Compliance","url":"https:\/\/wrapcompliance.org\/en\/","logo":{"@type":"ImageObject","inLanguage":"de-DE","@id":"https:\/\/wrapcompliance.org\/en\/#\/schema\/logo\/image\/","url":"https:\/\/wrapcompliance.org\/wp-content\/uploads\/2022\/03\/WRAP_Logo_Update_Color_RGB.png","contentUrl":"https:\/\/wrapcompliance.org\/wp-content\/uploads\/2022\/03\/WRAP_Logo_Update_Color_RGB.png","width":3601,"height":3451,"caption":"Worldwide Responsible Accredited Production"},"image":{"@id":"https:\/\/wrapcompliance.org\/en\/#\/schema\/logo\/image\/"},"sameAs":["https:\/\/www.facebook.com\/WRAPcompliance\/","https:\/\/x.com\/wrapcompliance","https:\/\/www.linkedin.com\/company\/wrapcompliance"]}]}},"_links":{"self":[{"href":"https:\/\/wrapcompliance.org\/de\/wp-json\/wp\/v2\/pages\/26753","targetHints":{"allow":["GET"]}}],"collection":[{"href":"https:\/\/wrapcompliance.org\/de\/wp-json\/wp\/v2\/pages"}],"about":[{"href":"https:\/\/wrapcompliance.org\/de\/wp-json\/wp\/v2\/types\/page"}],"author":[{"embeddable":true,"href":"https:\/\/wrapcompliance.org\/de\/wp-json\/wp\/v2\/users\/31"}],"replies":[{"embeddable":true,"href":"https:\/\/wrapcompliance.org\/de\/wp-json\/wp\/v2\/comments?post=26753"}],"version-history":[{"count":1,"href":"https:\/\/wrapcompliance.org\/de\/wp-json\/wp\/v2\/pages\/26753\/revisions"}],"predecessor-version":[{"id":2345014,"href":"https:\/\/wrapcompliance.org\/de\/wp-json\/wp\/v2\/pages\/26753\/revisions\/2345014"}],"up":[{"embeddable":true,"href":"https:\/\/wrapcompliance.org\/de\/wp-json\/wp\/v2\/pages\/24779"}],"wp:attachment":[{"href":"https:\/\/wrapcompliance.org\/de\/wp-json\/wp\/v2\/media?parent=26753"}],"curies":[{"name":"wp","href":"https:\/\/api.w.org\/{rel}","templated":true}]}}