{"id":29860,"date":"2023-06-22T11:39:40","date_gmt":"2023-06-22T15:39:40","guid":{"rendered":"https:\/\/wrapcompliance.org\/?page_id=29860"},"modified":"2023-08-02T10:56:42","modified_gmt":"2023-08-02T14:56:42","slug":"canaive","status":"publish","type":"page","link":"https:\/\/wrapcompliance.org\/de\/collaboration\/canaive\/","title":{"rendered":""},"content":{"rendered":"<div role=\"banner\" class=\"theme-block wp-block-theme-blocks-page-banner full-width has-background no-image\"><div class=\"wrap\"><div class=\"layout\"><h1 class=\"block-title appear-on-scroll\"><\/h1><div class=\"block-content\">\n<figure  class=\"appear-on-scroll wp-block-image size-full\" ><img loading=\"lazy\" decoding=\"async\" width=\"945\" height=\"895\" src=\"https:\/\/wrapcompliance.org\/wp-content\/uploads\/2023\/06\/Canaive-logo.png\" alt=\"\" class=\"wp-image-29861\" srcset=\"https:\/\/wrapcompliance.org\/wp-content\/uploads\/2023\/06\/Canaive-logo.png 945w, https:\/\/wrapcompliance.org\/wp-content\/uploads\/2023\/06\/Canaive-logo-300x284.png 300w, https:\/\/wrapcompliance.org\/wp-content\/uploads\/2023\/06\/Canaive-logo-768x727.png 768w, https:\/\/wrapcompliance.org\/wp-content\/uploads\/2023\/06\/Canaive-logo-13x12.png 13w, https:\/\/wrapcompliance.org\/wp-content\/uploads\/2023\/06\/Canaive-logo-600x568.png 600w\" sizes=\"auto, (max-width: 945px) 100vw, 945px\" \/><\/figure>\n<\/div><div class=\"block-background\" style=\"--background-color:#F1F1FF\"><\/div><\/div><\/div><\/div>\n\n<p  class=\"appear-on-scroll is-style-default\" ><a href=\"https:\/\/canaive.mx\/nosotros\" target=\"_blank\" rel=\"noreferrer noopener\">La C\u00e1mara Nacional de la Industria del Vestido (CANAIVE)<\/a> ist Mexikos nationale Kammer der Bekleidungsindustrie. Seit \u00fcber 75 Jahren vertritt CANAIVE die Interessen mexikanischer Bekleidungshersteller vor privaten und \u00f6ffentlichen Institutionen weltweit. Die Organisation hat neun Delegationen: Aguascalientes, Guanajuato, Gentleman, Jalisco, Lagoon, Morelos, New Lion, Puebla \u2013 Tlaxcala und Yucatan.<\/p>\n\n<p  class=\"appear-on-scroll is-style-default\" >Gemeinsam f\u00f6rdern CANAIVE und WRAP eine ethische Produktion und Beschaffung in Mexiko.<\/p>\n\n<div  class=\"appear-on-scroll wp-block-buttons is-content-justification-left is-layout-flex wp-container-core-buttons-is-layout-fdcfc74e wp-block-buttons-is-layout-flex\" >\n<div class=\"wp-block-button\"><a class=\"wp-block-button__link wp-element-button\" href=\"https:\/\/canaive.mx\/nosotros\" target=\"_blank\" rel=\"noreferrer noopener\"><span class=\"label\">Erfahren Sie mehr \u00fcber CANAIVE<\/span><\/a><\/div>\n<\/div>","protected":false},"excerpt":{"rendered":"<p>La C\u00e1mara Nacional de la Industria del Vestido (CANAIVE) is Mexico&#8217;s National Chamber of the Apparel Industry. For more than 75 years, CANAIVE has represented the interests of Mexican apparel manufacturers before private and public institutions across the globe. The organization has nine delegations: Aguascalientes, Guanajuato, Gentleman, Jalisco, Lagoon, Morelos, New Lion, Puebla &#8211; Tlaxcala, [&hellip;]<\/p>\n","protected":false},"author":3,"featured_media":0,"parent":24702,"menu_order":9,"comment_status":"closed","ping_status":"closed","template":"","meta":{"_acf_changed":false,"featured_image_background_position":"","footnotes":""},"class_list":["post-29860","page","type-page","status-publish","hentry"],"acf":[],"yoast_head":"<!-- This site is optimized with the Yoast SEO plugin v27.3 - https:\/\/yoast.com\/product\/yoast-seo-wordpress\/ -->\n<title>- WRAP Compliance<\/title>\n<meta name=\"robots\" content=\"index, follow, max-snippet:-1, max-image-preview:large, max-video-preview:-1\" \/>\n<link rel=\"canonical\" href=\"https:\/\/wrapcompliance.org\/de\/collaboration\/canaive\/\" \/>\n<meta property=\"og:locale\" content=\"de_DE\" \/>\n<meta property=\"og:type\" content=\"article\" \/>\n<meta property=\"og:title\" content=\"- WRAP Compliance\" \/>\n<meta property=\"og:description\" content=\"La C\u00e1mara Nacional de la Industria del Vestido (CANAIVE) is Mexico&#8217;s National Chamber of the Apparel Industry. For more than 75 years, CANAIVE has represented the interests of Mexican apparel manufacturers before private and public institutions across the globe. The organization has nine delegations: Aguascalientes, Guanajuato, Gentleman, Jalisco, Lagoon, Morelos, New Lion, Puebla &#8211; Tlaxcala, [&hellip;]\" \/>\n<meta property=\"og:url\" content=\"https:\/\/wrapcompliance.org\/de\/collaboration\/canaive\/\" \/>\n<meta property=\"og:site_name\" content=\"WRAP Compliance\" \/>\n<meta property=\"article:publisher\" content=\"https:\/\/www.facebook.com\/WRAPcompliance\/\" \/>\n<meta property=\"article:modified_time\" content=\"2023-08-02T14:56:42+00:00\" \/>\n<meta property=\"og:image\" content=\"https:\/\/wrapcompliance.org\/wp-content\/uploads\/2023\/06\/Canaive-logo.png\" \/>\n<meta name=\"twitter:card\" content=\"summary_large_image\" \/>\n<meta name=\"twitter:site\" content=\"@wrapcompliance\" \/>\n<meta name=\"twitter:label1\" content=\"Gesch\u00e4tzte Lesezeit\" \/>\n\t<meta name=\"twitter:data1\" content=\"1 Minute\" \/>\n<script type=\"application\/ld+json\" class=\"yoast-schema-graph\">{\"@context\":\"https:\\\/\\\/schema.org\",\"@graph\":[{\"@type\":\"WebPage\",\"@id\":\"https:\\\/\\\/wrapcompliance.org\\\/collaboration\\\/canaive\\\/\",\"url\":\"https:\\\/\\\/wrapcompliance.org\\\/collaboration\\\/canaive\\\/\",\"name\":\"- WRAP Compliance\",\"isPartOf\":{\"@id\":\"https:\\\/\\\/wrapcompliance.org\\\/en\\\/#website\"},\"primaryImageOfPage\":{\"@id\":\"https:\\\/\\\/wrapcompliance.org\\\/collaboration\\\/canaive\\\/#primaryimage\"},\"image\":{\"@id\":\"https:\\\/\\\/wrapcompliance.org\\\/collaboration\\\/canaive\\\/#primaryimage\"},\"thumbnailUrl\":\"https:\\\/\\\/wrapcompliance.org\\\/wp-content\\\/uploads\\\/2023\\\/06\\\/Canaive-logo.png\",\"datePublished\":\"2023-06-22T15:39:40+00:00\",\"dateModified\":\"2023-08-02T14:56:42+00:00\",\"breadcrumb\":{\"@id\":\"https:\\\/\\\/wrapcompliance.org\\\/collaboration\\\/canaive\\\/#breadcrumb\"},\"inLanguage\":\"de-DE\",\"potentialAction\":[{\"@type\":\"ReadAction\",\"target\":[\"https:\\\/\\\/wrapcompliance.org\\\/collaboration\\\/canaive\\\/\"]}]},{\"@type\":\"ImageObject\",\"inLanguage\":\"de-DE\",\"@id\":\"https:\\\/\\\/wrapcompliance.org\\\/collaboration\\\/canaive\\\/#primaryimage\",\"url\":\"https:\\\/\\\/wrapcompliance.org\\\/wp-content\\\/uploads\\\/2023\\\/06\\\/Canaive-logo.png\",\"contentUrl\":\"https:\\\/\\\/wrapcompliance.org\\\/wp-content\\\/uploads\\\/2023\\\/06\\\/Canaive-logo.png\"},{\"@type\":\"BreadcrumbList\",\"@id\":\"https:\\\/\\\/wrapcompliance.org\\\/collaboration\\\/canaive\\\/#breadcrumb\",\"itemListElement\":[{\"@type\":\"ListItem\",\"position\":1,\"name\":\"Home\",\"item\":\"https:\\\/\\\/wrapcompliance.org\\\/\"},{\"@type\":\"ListItem\",\"position\":2,\"name\":\"Collaboration\",\"item\":\"https:\\\/\\\/wrapcompliance.org\\\/en\\\/collaboration\\\/\"}]},{\"@type\":\"WebSite\",\"@id\":\"https:\\\/\\\/wrapcompliance.org\\\/en\\\/#website\",\"url\":\"https:\\\/\\\/wrapcompliance.org\\\/en\\\/\",\"name\":\"WRAP Compliance\",\"description\":\"Ensuring production facilities operate in a safe, responsible, and ethical way. Through our 12 Principles, we promote lawful, humane manufacturing in facilities throughout the world via our Certification and Training programs.\",\"publisher\":{\"@id\":\"https:\\\/\\\/wrapcompliance.org\\\/en\\\/#organization\"},\"potentialAction\":[{\"@type\":\"SearchAction\",\"target\":{\"@type\":\"EntryPoint\",\"urlTemplate\":\"https:\\\/\\\/wrapcompliance.org\\\/en\\\/?s={search_term_string}\"},\"query-input\":{\"@type\":\"PropertyValueSpecification\",\"valueRequired\":true,\"valueName\":\"search_term_string\"}}],\"inLanguage\":\"de-DE\"},{\"@type\":\"Organization\",\"@id\":\"https:\\\/\\\/wrapcompliance.org\\\/en\\\/#organization\",\"name\":\"Worldwide Responsible Accredited Production\",\"alternateName\":\"WRAP Compliance\",\"url\":\"https:\\\/\\\/wrapcompliance.org\\\/en\\\/\",\"logo\":{\"@type\":\"ImageObject\",\"inLanguage\":\"de-DE\",\"@id\":\"https:\\\/\\\/wrapcompliance.org\\\/en\\\/#\\\/schema\\\/logo\\\/image\\\/\",\"url\":\"https:\\\/\\\/wrapcompliance.org\\\/wp-content\\\/uploads\\\/2022\\\/03\\\/WRAP_Logo_Update_Color_RGB.png\",\"contentUrl\":\"https:\\\/\\\/wrapcompliance.org\\\/wp-content\\\/uploads\\\/2022\\\/03\\\/WRAP_Logo_Update_Color_RGB.png\",\"width\":3601,\"height\":3451,\"caption\":\"Worldwide Responsible Accredited Production\"},\"image\":{\"@id\":\"https:\\\/\\\/wrapcompliance.org\\\/en\\\/#\\\/schema\\\/logo\\\/image\\\/\"},\"sameAs\":[\"https:\\\/\\\/www.facebook.com\\\/WRAPcompliance\\\/\",\"https:\\\/\\\/x.com\\\/wrapcompliance\",\"https:\\\/\\\/www.linkedin.com\\\/company\\\/wrapcompliance\"]}]}<\/script>\n<!-- \/ Yoast SEO plugin. -->","yoast_head_json":{"title":"- WRAP-Konformit\u00e4t","robots":{"index":"index","follow":"follow","max-snippet":"max-snippet:-1","max-image-preview":"max-image-preview:large","max-video-preview":"max-video-preview:-1"},"canonical":"https:\/\/wrapcompliance.org\/de\/collaboration\/canaive\/","og_locale":"de_DE","og_type":"article","og_title":"- WRAP Compliance","og_description":"La C\u00e1mara Nacional de la Industria del Vestido (CANAIVE) is Mexico&#8217;s National Chamber of the Apparel Industry. For more than 75 years, CANAIVE has represented the interests of Mexican apparel manufacturers before private and public institutions across the globe. The organization has nine delegations: Aguascalientes, Guanajuato, Gentleman, Jalisco, Lagoon, Morelos, New Lion, Puebla &#8211; Tlaxcala, [&hellip;]","og_url":"https:\/\/wrapcompliance.org\/de\/collaboration\/canaive\/","og_site_name":"WRAP Compliance","article_publisher":"https:\/\/www.facebook.com\/WRAPcompliance\/","article_modified_time":"2023-08-02T14:56:42+00:00","og_image":[{"url":"https:\/\/wrapcompliance.org\/wp-content\/uploads\/2023\/06\/Canaive-logo.png","type":"","width":"","height":""}],"twitter_card":"summary_large_image","twitter_site":"@wrapcompliance","twitter_misc":{"Gesch\u00e4tzte Lesezeit":"1 Minute"},"schema":{"@context":"https:\/\/schema.org","@graph":[{"@type":"WebPage","@id":"https:\/\/wrapcompliance.org\/collaboration\/canaive\/","url":"https:\/\/wrapcompliance.org\/collaboration\/canaive\/","name":"- WRAP-Konformit\u00e4t","isPartOf":{"@id":"https:\/\/wrapcompliance.org\/en\/#website"},"primaryImageOfPage":{"@id":"https:\/\/wrapcompliance.org\/collaboration\/canaive\/#primaryimage"},"image":{"@id":"https:\/\/wrapcompliance.org\/collaboration\/canaive\/#primaryimage"},"thumbnailUrl":"https:\/\/wrapcompliance.org\/wp-content\/uploads\/2023\/06\/Canaive-logo.png","datePublished":"2023-06-22T15:39:40+00:00","dateModified":"2023-08-02T14:56:42+00:00","breadcrumb":{"@id":"https:\/\/wrapcompliance.org\/collaboration\/canaive\/#breadcrumb"},"inLanguage":"de-DE","potentialAction":[{"@type":"ReadAction","target":["https:\/\/wrapcompliance.org\/collaboration\/canaive\/"]}]},{"@type":"ImageObject","inLanguage":"de-DE","@id":"https:\/\/wrapcompliance.org\/collaboration\/canaive\/#primaryimage","url":"https:\/\/wrapcompliance.org\/wp-content\/uploads\/2023\/06\/Canaive-logo.png","contentUrl":"https:\/\/wrapcompliance.org\/wp-content\/uploads\/2023\/06\/Canaive-logo.png"},{"@type":"BreadcrumbList","@id":"https:\/\/wrapcompliance.org\/collaboration\/canaive\/#breadcrumb","itemListElement":[{"@type":"ListItem","position":1,"name":"Home","item":"https:\/\/wrapcompliance.org\/"},{"@type":"ListItem","position":2,"name":"Collaboration","item":"https:\/\/wrapcompliance.org\/en\/collaboration\/"}]},{"@type":"WebSite","@id":"https:\/\/wrapcompliance.org\/en\/#website","url":"https:\/\/wrapcompliance.org\/en\/","name":"WRAP-Konformit\u00e4t","description":"Gew\u00e4hrleistung eines sicheren, verantwortungsvollen und ethischen Betriebs der Produktionsanlagen. Durch unsere 12 Prinzipien f\u00f6rdern wir \u00fcber unsere Zertifizierungs- und Schulungsprogramme eine rechtm\u00e4\u00dfige, humane Herstellung in Anlagen auf der ganzen Welt.","publisher":{"@id":"https:\/\/wrapcompliance.org\/en\/#organization"},"potentialAction":[{"@type":"SearchAction","target":{"@type":"EntryPoint","urlTemplate":"https:\/\/wrapcompliance.org\/en\/?s={search_term_string}"},"query-input":{"@type":"PropertyValueSpecification","valueRequired":true,"valueName":"search_term_string"}}],"inLanguage":"de-DE"},{"@type":"Organization","@id":"https:\/\/wrapcompliance.org\/en\/#organization","name":"Weltweit verantwortungsvolle, akkreditierte Produktion","alternateName":"WRAP Compliance","url":"https:\/\/wrapcompliance.org\/en\/","logo":{"@type":"ImageObject","inLanguage":"de-DE","@id":"https:\/\/wrapcompliance.org\/en\/#\/schema\/logo\/image\/","url":"https:\/\/wrapcompliance.org\/wp-content\/uploads\/2022\/03\/WRAP_Logo_Update_Color_RGB.png","contentUrl":"https:\/\/wrapcompliance.org\/wp-content\/uploads\/2022\/03\/WRAP_Logo_Update_Color_RGB.png","width":3601,"height":3451,"caption":"Worldwide Responsible Accredited Production"},"image":{"@id":"https:\/\/wrapcompliance.org\/en\/#\/schema\/logo\/image\/"},"sameAs":["https:\/\/www.facebook.com\/WRAPcompliance\/","https:\/\/x.com\/wrapcompliance","https:\/\/www.linkedin.com\/company\/wrapcompliance"]}]}},"_links":{"self":[{"href":"https:\/\/wrapcompliance.org\/de\/wp-json\/wp\/v2\/pages\/29860","targetHints":{"allow":["GET"]}}],"collection":[{"href":"https:\/\/wrapcompliance.org\/de\/wp-json\/wp\/v2\/pages"}],"about":[{"href":"https:\/\/wrapcompliance.org\/de\/wp-json\/wp\/v2\/types\/page"}],"author":[{"embeddable":true,"href":"https:\/\/wrapcompliance.org\/de\/wp-json\/wp\/v2\/users\/3"}],"replies":[{"embeddable":true,"href":"https:\/\/wrapcompliance.org\/de\/wp-json\/wp\/v2\/comments?post=29860"}],"version-history":[{"count":0,"href":"https:\/\/wrapcompliance.org\/de\/wp-json\/wp\/v2\/pages\/29860\/revisions"}],"up":[{"embeddable":true,"href":"https:\/\/wrapcompliance.org\/de\/wp-json\/wp\/v2\/pages\/24702"}],"wp:attachment":[{"href":"https:\/\/wrapcompliance.org\/de\/wp-json\/wp\/v2\/media?parent=29860"}],"curies":[{"name":"wp","href":"https:\/\/api.w.org\/{rel}","templated":true}]}}