{"id":29879,"date":"2023-06-22T14:43:38","date_gmt":"2023-06-22T18:43:38","guid":{"rendered":"https:\/\/wrapcompliance.org\/?page_id=29879"},"modified":"2026-04-17T14:51:35","modified_gmt":"2026-04-17T18:51:35","slug":"uzts","status":"publish","type":"page","link":"https:\/\/wrapcompliance.org\/de\/collaboration\/uzts\/","title":{"rendered":""},"content":{"rendered":"<div role=\"banner\" class=\"theme-block wp-block-theme-blocks-page-banner full-width has-background no-image\"><div class=\"wrap\"><div class=\"layout\"><h1 class=\"block-title appear-on-scroll\"><\/h1><div class=\"block-content\">\n<figure  class=\"appear-on-scroll wp-block-image size-large\" ><img loading=\"lazy\" decoding=\"async\" width=\"1024\" height=\"576\" src=\"https:\/\/wrapcompliance.org\/wp-content\/uploads\/2023\/06\/uzts-big-logo-1024x576.png\" alt=\"\" class=\"wp-image-29880\" srcset=\"https:\/\/wrapcompliance.org\/wp-content\/uploads\/2023\/06\/uzts-big-logo-1024x576.png 1024w, https:\/\/wrapcompliance.org\/wp-content\/uploads\/2023\/06\/uzts-big-logo-300x169.png 300w, https:\/\/wrapcompliance.org\/wp-content\/uploads\/2023\/06\/uzts-big-logo-768x432.png 768w, https:\/\/wrapcompliance.org\/wp-content\/uploads\/2023\/06\/uzts-big-logo-1536x864.png 1536w, https:\/\/wrapcompliance.org\/wp-content\/uploads\/2023\/06\/uzts-big-logo.png 2048w, https:\/\/wrapcompliance.org\/wp-content\/uploads\/2023\/06\/uzts-big-logo-18x10.png 18w, https:\/\/wrapcompliance.org\/wp-content\/uploads\/2023\/06\/uzts-big-logo-2000x1125.png 2000w, https:\/\/wrapcompliance.org\/wp-content\/uploads\/2023\/06\/uzts-big-logo-600x338.png 600w, https:\/\/wrapcompliance.org\/wp-content\/uploads\/2023\/06\/uzts-big-logo-1000x563.png 1000w\" sizes=\"auto, (max-width: 1024px) 100vw, 1024px\" \/><\/figure>\n<\/div><div class=\"block-background\" style=\"--background-color:#F1F1FF\"><\/div><\/div><\/div><\/div>\n\n<p class=\"appear-on-scroll\">Das <a href=\"https:\/\/uzts.uz\/en\/\" target=\"_blank\" rel=\"noreferrer noopener\">Verband der usbekischen Textil- und Bekleidungsindustrie (\u201eUztekstilprom\u201c oder \u201eUZTS\u201c)<\/a> Die UZTS fungiert als Bindeglied zwischen usbekischen Herstellern und Investoren, K\u00e4ufern und Importeuren weltweit. Zu ihren Mitgliedern z\u00e4hlen rund 2.000 Betriebe, die haupts\u00e4chlich N\u00e4hwaren, Strickwaren, Textilien und zugeh\u00f6rige Maschinen herstellen. Die UZTS organisiert Foren, Konferenzen, Seminare, Diskussionsrunden, Schulungen und Ausstellungen mit internationalen Marken und Einzelh\u00e4ndlern, Experten f\u00fcr soziale Compliance, Lieferkettenspezialisten und Unternehmensvertretern.<\/p>\n\n<p class=\"appear-on-scroll\">Lieferanten im ganzen Land arbeiten daran, Usbekistan als bevorzugtes Ziel f\u00fcr verantwortungsvolle Beschaffung zu positionieren, und <a href=\"https:\/\/uzts.uz\/en\/new-horizons-in-the-presentation-of-certified-domestic-textiles\/\" target=\"_blank\" rel=\"noreferrer noopener\">WRAP ist stolz darauf, eine Ressource f\u00fcr sie zu sein<\/a>. Wir arbeiten mit der UZTS-F\u00fchrung zusammen, um den Partnereinrichtungen Schulungen und eine objektive \u00dcberpr\u00fcfung der sozialen Konformit\u00e4t durch Dritte anzubieten. <\/p>\n\n<div  class=\"appear-on-scroll wp-block-buttons is-content-justification-left is-layout-flex wp-container-core-buttons-is-layout-fdcfc74e wp-block-buttons-is-layout-flex\" >\n<div class=\"wp-block-button\"><a class=\"wp-block-button__link wp-element-button\" href=\"https:\/\/uzts.uz\/en\/\" target=\"_blank\" rel=\"noreferrer noopener\"><span class=\"label\">mehr \u00fcber uzts erfahren<\/span><\/a><\/div>\n<\/div>","protected":false},"excerpt":{"rendered":"<p>The Uzbekistan Textile and Garment Industry Association (&#8220;Uztekstilprom&#8221; or &#8220;UZTS&#8221;) serves as a conduit between Uzbek manufacturers and investors, buyers, and importers around the world. Its membership consists of approximately 2,000 facilities that primarily manufacture sewn goods, knitwear, textiles, and related machinery. UZTS organizes forums, conferences, seminars, roundtables, trainings, and exhibitions involving international brands and [&hellip;]<\/p>\n","protected":false},"author":3,"featured_media":0,"parent":24779,"menu_order":10,"comment_status":"closed","ping_status":"closed","template":"","meta":{"_acf_changed":false,"featured_image_background_position":"","footnotes":""},"class_list":["post-29879","page","type-page","status-publish","hentry"],"acf":[],"yoast_head":"<!-- This site is optimized with the Yoast SEO plugin v27.4 - https:\/\/yoast.com\/product\/yoast-seo-wordpress\/ -->\n<title>- WRAP Compliance<\/title>\n<meta name=\"robots\" content=\"index, follow, max-snippet:-1, max-image-preview:large, max-video-preview:-1\" \/>\n<link rel=\"canonical\" href=\"https:\/\/wrapcompliance.org\/de\/collaboration\/uzts\/\" \/>\n<meta property=\"og:locale\" content=\"de_DE\" \/>\n<meta property=\"og:type\" content=\"article\" \/>\n<meta property=\"og:title\" content=\"- WRAP Compliance\" \/>\n<meta property=\"og:description\" content=\"The Uzbekistan Textile and Garment Industry Association (&#8220;Uztekstilprom&#8221; or &#8220;UZTS&#8221;) serves as a conduit between Uzbek manufacturers and investors, buyers, and importers around the world. Its membership consists of approximately 2,000 facilities that primarily manufacture sewn goods, knitwear, textiles, and related machinery. UZTS organizes forums, conferences, seminars, roundtables, trainings, and exhibitions involving international brands and [&hellip;]\" \/>\n<meta property=\"og:url\" content=\"https:\/\/wrapcompliance.org\/de\/collaboration\/uzts\/\" \/>\n<meta property=\"og:site_name\" content=\"WRAP Compliance\" \/>\n<meta property=\"article:publisher\" content=\"https:\/\/www.facebook.com\/WRAPcompliance\/\" \/>\n<meta property=\"article:modified_time\" content=\"2026-04-17T18:51:35+00:00\" \/>\n<meta property=\"og:image\" content=\"https:\/\/wrapcompliance.org\/wp-content\/uploads\/2023\/06\/uzts-big-logo.png\" \/>\n\t<meta property=\"og:image:width\" content=\"2048\" \/>\n\t<meta property=\"og:image:height\" content=\"1152\" \/>\n\t<meta property=\"og:image:type\" content=\"image\/png\" \/>\n<meta name=\"twitter:card\" content=\"summary_large_image\" \/>\n<meta name=\"twitter:site\" content=\"@wrapcompliance\" \/>\n<meta name=\"twitter:label1\" content=\"Gesch\u00e4tzte Lesezeit\" \/>\n\t<meta name=\"twitter:data1\" content=\"1 Minute\" \/>\n<script type=\"application\/ld+json\" class=\"yoast-schema-graph\">{\"@context\":\"https:\\\/\\\/schema.org\",\"@graph\":[{\"@type\":\"WebPage\",\"@id\":\"https:\\\/\\\/wrapcompliance.org\\\/collaboration\\\/uzts\\\/\",\"url\":\"https:\\\/\\\/wrapcompliance.org\\\/collaboration\\\/uzts\\\/\",\"name\":\"- WRAP Compliance\",\"isPartOf\":{\"@id\":\"https:\\\/\\\/wrapcompliance.org\\\/en\\\/#website\"},\"primaryImageOfPage\":{\"@id\":\"https:\\\/\\\/wrapcompliance.org\\\/collaboration\\\/uzts\\\/#primaryimage\"},\"image\":{\"@id\":\"https:\\\/\\\/wrapcompliance.org\\\/collaboration\\\/uzts\\\/#primaryimage\"},\"thumbnailUrl\":\"https:\\\/\\\/wrapcompliance.org\\\/wp-content\\\/uploads\\\/2023\\\/06\\\/uzts-big-logo-1024x576.png\",\"datePublished\":\"2023-06-22T18:43:38+00:00\",\"dateModified\":\"2026-04-17T18:51:35+00:00\",\"breadcrumb\":{\"@id\":\"https:\\\/\\\/wrapcompliance.org\\\/collaboration\\\/uzts\\\/#breadcrumb\"},\"inLanguage\":\"de-DE\",\"potentialAction\":[{\"@type\":\"ReadAction\",\"target\":[\"https:\\\/\\\/wrapcompliance.org\\\/collaboration\\\/uzts\\\/\"]}]},{\"@type\":\"ImageObject\",\"inLanguage\":\"de-DE\",\"@id\":\"https:\\\/\\\/wrapcompliance.org\\\/collaboration\\\/uzts\\\/#primaryimage\",\"url\":\"https:\\\/\\\/wrapcompliance.org\\\/wp-content\\\/uploads\\\/2023\\\/06\\\/uzts-big-logo-1024x576.png\",\"contentUrl\":\"https:\\\/\\\/wrapcompliance.org\\\/wp-content\\\/uploads\\\/2023\\\/06\\\/uzts-big-logo-1024x576.png\"},{\"@type\":\"BreadcrumbList\",\"@id\":\"https:\\\/\\\/wrapcompliance.org\\\/collaboration\\\/uzts\\\/#breadcrumb\",\"itemListElement\":[{\"@type\":\"ListItem\",\"position\":1,\"name\":\"Home\",\"item\":\"https:\\\/\\\/wrapcompliance.org\\\/\"},{\"@type\":\"ListItem\",\"position\":2,\"name\":\"Leadership in Action\",\"item\":\"https:\\\/\\\/wrapcompliance.org\\\/collaboration\\\/\"}]},{\"@type\":\"WebSite\",\"@id\":\"https:\\\/\\\/wrapcompliance.org\\\/en\\\/#website\",\"url\":\"https:\\\/\\\/wrapcompliance.org\\\/en\\\/\",\"name\":\"WRAP Compliance\",\"description\":\"Ensuring production facilities operate in a safe, responsible, and ethical way. Through our 12 Principles, we promote lawful, humane manufacturing in facilities throughout the world via our Certification and Training programs.\",\"publisher\":{\"@id\":\"https:\\\/\\\/wrapcompliance.org\\\/en\\\/#organization\"},\"potentialAction\":[{\"@type\":\"SearchAction\",\"target\":{\"@type\":\"EntryPoint\",\"urlTemplate\":\"https:\\\/\\\/wrapcompliance.org\\\/en\\\/?s={search_term_string}\"},\"query-input\":{\"@type\":\"PropertyValueSpecification\",\"valueRequired\":true,\"valueName\":\"search_term_string\"}}],\"inLanguage\":\"de-DE\"},{\"@type\":\"Organization\",\"@id\":\"https:\\\/\\\/wrapcompliance.org\\\/en\\\/#organization\",\"name\":\"Worldwide Responsible Accredited Production\",\"alternateName\":\"WRAP Compliance\",\"url\":\"https:\\\/\\\/wrapcompliance.org\\\/en\\\/\",\"logo\":{\"@type\":\"ImageObject\",\"inLanguage\":\"de-DE\",\"@id\":\"https:\\\/\\\/wrapcompliance.org\\\/en\\\/#\\\/schema\\\/logo\\\/image\\\/\",\"url\":\"https:\\\/\\\/wrapcompliance.org\\\/wp-content\\\/uploads\\\/2022\\\/03\\\/WRAP_Logo_Update_Color_RGB.png\",\"contentUrl\":\"https:\\\/\\\/wrapcompliance.org\\\/wp-content\\\/uploads\\\/2022\\\/03\\\/WRAP_Logo_Update_Color_RGB.png\",\"width\":3601,\"height\":3451,\"caption\":\"Worldwide Responsible Accredited Production\"},\"image\":{\"@id\":\"https:\\\/\\\/wrapcompliance.org\\\/en\\\/#\\\/schema\\\/logo\\\/image\\\/\"},\"sameAs\":[\"https:\\\/\\\/www.facebook.com\\\/WRAPcompliance\\\/\",\"https:\\\/\\\/x.com\\\/wrapcompliance\",\"https:\\\/\\\/www.linkedin.com\\\/company\\\/wrapcompliance\"]}]}<\/script>\n<!-- \/ Yoast SEO plugin. -->","yoast_head_json":{"title":"- WRAP-Konformit\u00e4t","robots":{"index":"index","follow":"follow","max-snippet":"max-snippet:-1","max-image-preview":"max-image-preview:large","max-video-preview":"max-video-preview:-1"},"canonical":"https:\/\/wrapcompliance.org\/de\/collaboration\/uzts\/","og_locale":"de_DE","og_type":"article","og_title":"- WRAP Compliance","og_description":"The Uzbekistan Textile and Garment Industry Association (&#8220;Uztekstilprom&#8221; or &#8220;UZTS&#8221;) serves as a conduit between Uzbek manufacturers and investors, buyers, and importers around the world. Its membership consists of approximately 2,000 facilities that primarily manufacture sewn goods, knitwear, textiles, and related machinery. UZTS organizes forums, conferences, seminars, roundtables, trainings, and exhibitions involving international brands and [&hellip;]","og_url":"https:\/\/wrapcompliance.org\/de\/collaboration\/uzts\/","og_site_name":"WRAP Compliance","article_publisher":"https:\/\/www.facebook.com\/WRAPcompliance\/","article_modified_time":"2026-04-17T18:51:35+00:00","og_image":[{"width":2048,"height":1152,"url":"https:\/\/wrapcompliance.org\/wp-content\/uploads\/2023\/06\/uzts-big-logo.png","type":"image\/png"}],"twitter_card":"summary_large_image","twitter_site":"@wrapcompliance","twitter_misc":{"Gesch\u00e4tzte Lesezeit":"1 Minute"},"schema":{"@context":"https:\/\/schema.org","@graph":[{"@type":"WebPage","@id":"https:\/\/wrapcompliance.org\/collaboration\/uzts\/","url":"https:\/\/wrapcompliance.org\/collaboration\/uzts\/","name":"- WRAP-Konformit\u00e4t","isPartOf":{"@id":"https:\/\/wrapcompliance.org\/en\/#website"},"primaryImageOfPage":{"@id":"https:\/\/wrapcompliance.org\/collaboration\/uzts\/#primaryimage"},"image":{"@id":"https:\/\/wrapcompliance.org\/collaboration\/uzts\/#primaryimage"},"thumbnailUrl":"https:\/\/wrapcompliance.org\/wp-content\/uploads\/2023\/06\/uzts-big-logo-1024x576.png","datePublished":"2023-06-22T18:43:38+00:00","dateModified":"2026-04-17T18:51:35+00:00","breadcrumb":{"@id":"https:\/\/wrapcompliance.org\/collaboration\/uzts\/#breadcrumb"},"inLanguage":"de-DE","potentialAction":[{"@type":"ReadAction","target":["https:\/\/wrapcompliance.org\/collaboration\/uzts\/"]}]},{"@type":"ImageObject","inLanguage":"de-DE","@id":"https:\/\/wrapcompliance.org\/collaboration\/uzts\/#primaryimage","url":"https:\/\/wrapcompliance.org\/wp-content\/uploads\/2023\/06\/uzts-big-logo-1024x576.png","contentUrl":"https:\/\/wrapcompliance.org\/wp-content\/uploads\/2023\/06\/uzts-big-logo-1024x576.png"},{"@type":"BreadcrumbList","@id":"https:\/\/wrapcompliance.org\/collaboration\/uzts\/#breadcrumb","itemListElement":[{"@type":"ListItem","position":1,"name":"Home","item":"https:\/\/wrapcompliance.org\/"},{"@type":"ListItem","position":2,"name":"Leadership in Action","item":"https:\/\/wrapcompliance.org\/collaboration\/"}]},{"@type":"WebSite","@id":"https:\/\/wrapcompliance.org\/en\/#website","url":"https:\/\/wrapcompliance.org\/en\/","name":"WRAP-Konformit\u00e4t","description":"Gew\u00e4hrleistung eines sicheren, verantwortungsvollen und ethischen Betriebs der Produktionsanlagen. Durch unsere 12 Prinzipien f\u00f6rdern wir \u00fcber unsere Zertifizierungs- und Schulungsprogramme eine rechtm\u00e4\u00dfige, humane Herstellung in Anlagen auf der ganzen Welt.","publisher":{"@id":"https:\/\/wrapcompliance.org\/en\/#organization"},"potentialAction":[{"@type":"SearchAction","target":{"@type":"EntryPoint","urlTemplate":"https:\/\/wrapcompliance.org\/en\/?s={search_term_string}"},"query-input":{"@type":"PropertyValueSpecification","valueRequired":true,"valueName":"search_term_string"}}],"inLanguage":"de-DE"},{"@type":"Organization","@id":"https:\/\/wrapcompliance.org\/en\/#organization","name":"Weltweit verantwortungsvolle, akkreditierte Produktion","alternateName":"WRAP Compliance","url":"https:\/\/wrapcompliance.org\/en\/","logo":{"@type":"ImageObject","inLanguage":"de-DE","@id":"https:\/\/wrapcompliance.org\/en\/#\/schema\/logo\/image\/","url":"https:\/\/wrapcompliance.org\/wp-content\/uploads\/2022\/03\/WRAP_Logo_Update_Color_RGB.png","contentUrl":"https:\/\/wrapcompliance.org\/wp-content\/uploads\/2022\/03\/WRAP_Logo_Update_Color_RGB.png","width":3601,"height":3451,"caption":"Worldwide Responsible Accredited Production"},"image":{"@id":"https:\/\/wrapcompliance.org\/en\/#\/schema\/logo\/image\/"},"sameAs":["https:\/\/www.facebook.com\/WRAPcompliance\/","https:\/\/x.com\/wrapcompliance","https:\/\/www.linkedin.com\/company\/wrapcompliance"]}]}},"_links":{"self":[{"href":"https:\/\/wrapcompliance.org\/de\/wp-json\/wp\/v2\/pages\/29879","targetHints":{"allow":["GET"]}}],"collection":[{"href":"https:\/\/wrapcompliance.org\/de\/wp-json\/wp\/v2\/pages"}],"about":[{"href":"https:\/\/wrapcompliance.org\/de\/wp-json\/wp\/v2\/types\/page"}],"author":[{"embeddable":true,"href":"https:\/\/wrapcompliance.org\/de\/wp-json\/wp\/v2\/users\/3"}],"replies":[{"embeddable":true,"href":"https:\/\/wrapcompliance.org\/de\/wp-json\/wp\/v2\/comments?post=29879"}],"version-history":[{"count":1,"href":"https:\/\/wrapcompliance.org\/de\/wp-json\/wp\/v2\/pages\/29879\/revisions"}],"predecessor-version":[{"id":2345020,"href":"https:\/\/wrapcompliance.org\/de\/wp-json\/wp\/v2\/pages\/29879\/revisions\/2345020"}],"up":[{"embeddable":true,"href":"https:\/\/wrapcompliance.org\/de\/wp-json\/wp\/v2\/pages\/24779"}],"wp:attachment":[{"href":"https:\/\/wrapcompliance.org\/de\/wp-json\/wp\/v2\/media?parent=29879"}],"curies":[{"name":"wp","href":"https:\/\/api.w.org\/{rel}","templated":true}]}}