{"id":2341549,"date":"2025-08-19T10:41:44","date_gmt":"2025-08-19T14:41:44","guid":{"rendered":"https:\/\/wrapcompliance.org\/?page_id=2341549"},"modified":"2026-04-17T14:49:19","modified_gmt":"2026-04-17T18:49:19","slug":"medline","status":"publish","type":"page","link":"https:\/\/wrapcompliance.org\/es\/collaboration\/medline\/","title":{"rendered":""},"content":{"rendered":"<div role=\"banner\" class=\"theme-block wp-block-theme-blocks-page-banner full-width has-background no-image\"><div class=\"wrap\"><div class=\"layout\"><h1 class=\"block-title appear-on-scroll\"><\/h1><div class=\"block-content\">\n<figure  class=\"appear-on-scroll wp-block-image aligncenter size-full is-resized\" ><img loading=\"lazy\" decoding=\"async\" width=\"671\" height=\"671\" src=\"https:\/\/wrapcompliance.org\/wp-content\/uploads\/2025\/08\/LOG_Medline_RGB.jpg\" alt=\"\" class=\"wp-image-2341550\" style=\"object-fit:cover;width:150px;height:150px\" srcset=\"https:\/\/wrapcompliance.org\/wp-content\/uploads\/2025\/08\/LOG_Medline_RGB.jpg 671w, https:\/\/wrapcompliance.org\/wp-content\/uploads\/2025\/08\/LOG_Medline_RGB-300x300.jpg 300w, https:\/\/wrapcompliance.org\/wp-content\/uploads\/2025\/08\/LOG_Medline_RGB-150x150.jpg 150w, https:\/\/wrapcompliance.org\/wp-content\/uploads\/2025\/08\/LOG_Medline_RGB-12x12.jpg 12w, https:\/\/wrapcompliance.org\/wp-content\/uploads\/2025\/08\/LOG_Medline_RGB-100x100.jpg 100w, https:\/\/wrapcompliance.org\/wp-content\/uploads\/2025\/08\/LOG_Medline_RGB-600x600.jpg 600w\" sizes=\"auto, (max-width: 671px) 100vw, 671px\" \/><\/figure>\n<\/div><div class=\"block-background\" style=\"--background-color:#F1F1FF\"><\/div><\/div><\/div><\/div>\n\n<p class=\"appear-on-scroll\">Con ra\u00edces que se remontan a 1910, <a href=\"https:\/\/www.medline.eu\/\">Medline<\/a> es un fabricante y distribuidor l\u00edder de productos m\u00e9dicos. Ofrece una amplia gama de consumibles m\u00e9dicos, incluyendo guantes, kits quir\u00fargicos, campos y batas, ropa de protecci\u00f3n, gesti\u00f3n de fluidos, art\u00edculos esenciales para quir\u00f3fano y unidad de cuidados intensivos, y productos para el cuidado del paciente.<\/p>\n\n<p  class=\"appear-on-scroll is-style-default\" >los <a href=\"https:\/\/www.medline.eu\/news\/medline-and-wraps-impact-on-responsible-production-in-medical-devices\">Asociaci\u00f3n Medline-WRAP<\/a> Surgi\u00f3 en 2016 a partir de la participaci\u00f3n de Medline en una pr\u00e1ctica de abastecimiento \u00e9tico liderada por WRAP, lo que dio lugar a una solicitud formal a WRAP para que revisara su C\u00f3digo de Conducta para Proveedores. En 2019, la divisi\u00f3n de guantes quir\u00fargicos de Medline se convirti\u00f3 en la primera en someterse al proceso de certificaci\u00f3n de WRAP. Esto result\u00f3 en que una planta en Indonesia, que fabrica guantes Medline, se convirtiera en la primera de la industria de guantes m\u00e9dicos en obtener la certificaci\u00f3n WRAP. En 2022, la misma planta obtuvo la certificaci\u00f3n platino de WRAP, el m\u00e1ximo reconocimiento posible. Hoy en d\u00eda, esa planta sigue siendo el \u00fanico proveedor de guantes a nivel mundial con esta certificaci\u00f3n de primer nivel.<\/p>\n\n<div  class=\"appear-on-scroll wp-block-buttons is-content-justification-left is-layout-flex wp-container-core-buttons-is-layout-fdcfc74e wp-block-buttons-is-layout-flex\" >\n<div class=\"wp-block-button\"><a class=\"wp-block-button__link wp-element-button\" href=\"\/es\/partners\/medline\/\"><span class=\"label\">Vea informaci\u00f3n, recursos y eventos de MEDLINE Partnership<\/span><\/a><\/div>\n<\/div>","protected":false},"excerpt":{"rendered":"<p>With roots dating back to 1910, Medline is a leading manufacturer and distributor of medical products. It offers a comprehensive range of medical consumables, including gloves, surgical kits, drapes and gowns, protective apparel, fluid management, essentials for the operating theatre and critical care unit, and patient care products. The Medline-WRAP partnership originated in 2016 from [&hellip;]<\/p>\n","protected":false},"author":5016,"featured_media":0,"parent":24779,"menu_order":0,"comment_status":"closed","ping_status":"closed","template":"","meta":{"_acf_changed":false,"featured_image_background_position":"","footnotes":""},"class_list":["post-2341549","page","type-page","status-publish","hentry"],"acf":[],"yoast_head":"<!-- This site is optimized with the Yoast SEO plugin v27.4 - https:\/\/yoast.com\/product\/yoast-seo-wordpress\/ -->\n<title>- WRAP Compliance<\/title>\n<meta name=\"robots\" content=\"index, follow, max-snippet:-1, max-image-preview:large, max-video-preview:-1\" \/>\n<link rel=\"canonical\" href=\"https:\/\/wrapcompliance.org\/es\/collaboration\/medline\/\" \/>\n<meta property=\"og:locale\" content=\"es_ES\" \/>\n<meta property=\"og:type\" content=\"article\" \/>\n<meta property=\"og:title\" content=\"- WRAP Compliance\" \/>\n<meta property=\"og:description\" content=\"With roots dating back to 1910, Medline is a leading manufacturer and distributor of medical products. It offers a comprehensive range of medical consumables, including gloves, surgical kits, drapes and gowns, protective apparel, fluid management, essentials for the operating theatre and critical care unit, and patient care products. The Medline-WRAP partnership originated in 2016 from [&hellip;]\" \/>\n<meta property=\"og:url\" content=\"https:\/\/wrapcompliance.org\/es\/collaboration\/medline\/\" \/>\n<meta property=\"og:site_name\" content=\"WRAP Compliance\" \/>\n<meta property=\"article:publisher\" content=\"https:\/\/www.facebook.com\/WRAPcompliance\/\" \/>\n<meta property=\"article:modified_time\" content=\"2026-04-17T18:49:19+00:00\" \/>\n<meta property=\"og:image\" content=\"https:\/\/wrapcompliance.org\/wp-content\/uploads\/2025\/08\/LOG_Medline_RGB.jpg\" \/>\n\t<meta property=\"og:image:width\" content=\"671\" \/>\n\t<meta property=\"og:image:height\" content=\"671\" \/>\n\t<meta property=\"og:image:type\" content=\"image\/jpeg\" \/>\n<meta name=\"twitter:card\" content=\"summary_large_image\" \/>\n<meta name=\"twitter:site\" content=\"@wrapcompliance\" \/>\n<meta name=\"twitter:label1\" content=\"Tiempo de lectura\" \/>\n\t<meta name=\"twitter:data1\" content=\"1 minuto\" \/>\n<script type=\"application\/ld+json\" class=\"yoast-schema-graph\">{\"@context\":\"https:\\\/\\\/schema.org\",\"@graph\":[{\"@type\":\"WebPage\",\"@id\":\"https:\\\/\\\/wrapcompliance.org\\\/collaboration\\\/medline\\\/\",\"url\":\"https:\\\/\\\/wrapcompliance.org\\\/collaboration\\\/medline\\\/\",\"name\":\"- WRAP Compliance\",\"isPartOf\":{\"@id\":\"https:\\\/\\\/wrapcompliance.org\\\/en\\\/#website\"},\"primaryImageOfPage\":{\"@id\":\"https:\\\/\\\/wrapcompliance.org\\\/collaboration\\\/medline\\\/#primaryimage\"},\"image\":{\"@id\":\"https:\\\/\\\/wrapcompliance.org\\\/collaboration\\\/medline\\\/#primaryimage\"},\"thumbnailUrl\":\"https:\\\/\\\/wrapcompliance.org\\\/wp-content\\\/uploads\\\/2025\\\/08\\\/LOG_Medline_RGB.jpg\",\"datePublished\":\"2025-08-19T14:41:44+00:00\",\"dateModified\":\"2026-04-17T18:49:19+00:00\",\"breadcrumb\":{\"@id\":\"https:\\\/\\\/wrapcompliance.org\\\/collaboration\\\/medline\\\/#breadcrumb\"},\"inLanguage\":\"es\",\"potentialAction\":[{\"@type\":\"ReadAction\",\"target\":[\"https:\\\/\\\/wrapcompliance.org\\\/collaboration\\\/medline\\\/\"]}]},{\"@type\":\"ImageObject\",\"inLanguage\":\"es\",\"@id\":\"https:\\\/\\\/wrapcompliance.org\\\/collaboration\\\/medline\\\/#primaryimage\",\"url\":\"https:\\\/\\\/wrapcompliance.org\\\/wp-content\\\/uploads\\\/2025\\\/08\\\/LOG_Medline_RGB.jpg\",\"contentUrl\":\"https:\\\/\\\/wrapcompliance.org\\\/wp-content\\\/uploads\\\/2025\\\/08\\\/LOG_Medline_RGB.jpg\"},{\"@type\":\"BreadcrumbList\",\"@id\":\"https:\\\/\\\/wrapcompliance.org\\\/collaboration\\\/medline\\\/#breadcrumb\",\"itemListElement\":[{\"@type\":\"ListItem\",\"position\":1,\"name\":\"Home\",\"item\":\"https:\\\/\\\/wrapcompliance.org\\\/\"},{\"@type\":\"ListItem\",\"position\":2,\"name\":\"Leadership in Action\",\"item\":\"https:\\\/\\\/wrapcompliance.org\\\/collaboration\\\/\"}]},{\"@type\":\"WebSite\",\"@id\":\"https:\\\/\\\/wrapcompliance.org\\\/en\\\/#website\",\"url\":\"https:\\\/\\\/wrapcompliance.org\\\/en\\\/\",\"name\":\"WRAP Compliance\",\"description\":\"Ensuring production facilities operate in a safe, responsible, and ethical way. Through our 12 Principles, we promote lawful, humane manufacturing in facilities throughout the world via our Certification and Training programs.\",\"publisher\":{\"@id\":\"https:\\\/\\\/wrapcompliance.org\\\/en\\\/#organization\"},\"potentialAction\":[{\"@type\":\"SearchAction\",\"target\":{\"@type\":\"EntryPoint\",\"urlTemplate\":\"https:\\\/\\\/wrapcompliance.org\\\/en\\\/?s={search_term_string}\"},\"query-input\":{\"@type\":\"PropertyValueSpecification\",\"valueRequired\":true,\"valueName\":\"search_term_string\"}}],\"inLanguage\":\"es\"},{\"@type\":\"Organization\",\"@id\":\"https:\\\/\\\/wrapcompliance.org\\\/en\\\/#organization\",\"name\":\"Worldwide Responsible Accredited Production\",\"alternateName\":\"WRAP Compliance\",\"url\":\"https:\\\/\\\/wrapcompliance.org\\\/en\\\/\",\"logo\":{\"@type\":\"ImageObject\",\"inLanguage\":\"es\",\"@id\":\"https:\\\/\\\/wrapcompliance.org\\\/en\\\/#\\\/schema\\\/logo\\\/image\\\/\",\"url\":\"https:\\\/\\\/wrapcompliance.org\\\/wp-content\\\/uploads\\\/2022\\\/03\\\/WRAP_Logo_Update_Color_RGB.png\",\"contentUrl\":\"https:\\\/\\\/wrapcompliance.org\\\/wp-content\\\/uploads\\\/2022\\\/03\\\/WRAP_Logo_Update_Color_RGB.png\",\"width\":3601,\"height\":3451,\"caption\":\"Worldwide Responsible Accredited Production\"},\"image\":{\"@id\":\"https:\\\/\\\/wrapcompliance.org\\\/en\\\/#\\\/schema\\\/logo\\\/image\\\/\"},\"sameAs\":[\"https:\\\/\\\/www.facebook.com\\\/WRAPcompliance\\\/\",\"https:\\\/\\\/x.com\\\/wrapcompliance\",\"https:\\\/\\\/www.linkedin.com\\\/company\\\/wrapcompliance\"]}]}<\/script>\n<!-- \/ Yoast SEO plugin. -->","yoast_head_json":{"title":"- Cumplimiento de WRAP","robots":{"index":"index","follow":"follow","max-snippet":"max-snippet:-1","max-image-preview":"max-image-preview:large","max-video-preview":"max-video-preview:-1"},"canonical":"https:\/\/wrapcompliance.org\/es\/collaboration\/medline\/","og_locale":"es_ES","og_type":"article","og_title":"- WRAP Compliance","og_description":"With roots dating back to 1910, Medline is a leading manufacturer and distributor of medical products. It offers a comprehensive range of medical consumables, including gloves, surgical kits, drapes and gowns, protective apparel, fluid management, essentials for the operating theatre and critical care unit, and patient care products. The Medline-WRAP partnership originated in 2016 from [&hellip;]","og_url":"https:\/\/wrapcompliance.org\/es\/collaboration\/medline\/","og_site_name":"WRAP Compliance","article_publisher":"https:\/\/www.facebook.com\/WRAPcompliance\/","article_modified_time":"2026-04-17T18:49:19+00:00","og_image":[{"width":671,"height":671,"url":"https:\/\/wrapcompliance.org\/wp-content\/uploads\/2025\/08\/LOG_Medline_RGB.jpg","type":"image\/jpeg"}],"twitter_card":"summary_large_image","twitter_site":"@wrapcompliance","twitter_misc":{"Tiempo de lectura":"1 minuto"},"schema":{"@context":"https:\/\/schema.org","@graph":[{"@type":"WebPage","@id":"https:\/\/wrapcompliance.org\/collaboration\/medline\/","url":"https:\/\/wrapcompliance.org\/collaboration\/medline\/","name":"- Cumplimiento de WRAP","isPartOf":{"@id":"https:\/\/wrapcompliance.org\/en\/#website"},"primaryImageOfPage":{"@id":"https:\/\/wrapcompliance.org\/collaboration\/medline\/#primaryimage"},"image":{"@id":"https:\/\/wrapcompliance.org\/collaboration\/medline\/#primaryimage"},"thumbnailUrl":"https:\/\/wrapcompliance.org\/wp-content\/uploads\/2025\/08\/LOG_Medline_RGB.jpg","datePublished":"2025-08-19T14:41:44+00:00","dateModified":"2026-04-17T18:49:19+00:00","breadcrumb":{"@id":"https:\/\/wrapcompliance.org\/collaboration\/medline\/#breadcrumb"},"inLanguage":"es","potentialAction":[{"@type":"ReadAction","target":["https:\/\/wrapcompliance.org\/collaboration\/medline\/"]}]},{"@type":"ImageObject","inLanguage":"es","@id":"https:\/\/wrapcompliance.org\/collaboration\/medline\/#primaryimage","url":"https:\/\/wrapcompliance.org\/wp-content\/uploads\/2025\/08\/LOG_Medline_RGB.jpg","contentUrl":"https:\/\/wrapcompliance.org\/wp-content\/uploads\/2025\/08\/LOG_Medline_RGB.jpg"},{"@type":"BreadcrumbList","@id":"https:\/\/wrapcompliance.org\/collaboration\/medline\/#breadcrumb","itemListElement":[{"@type":"ListItem","position":1,"name":"Home","item":"https:\/\/wrapcompliance.org\/"},{"@type":"ListItem","position":2,"name":"Leadership in Action","item":"https:\/\/wrapcompliance.org\/collaboration\/"}]},{"@type":"WebSite","@id":"https:\/\/wrapcompliance.org\/en\/#website","url":"https:\/\/wrapcompliance.org\/en\/","name":"Cumplimiento de WRAP","description":"Garantizar que las instalaciones de producci\u00f3n operen de manera segura, responsable y \u00e9tica. A trav\u00e9s de nuestros 12 Principios, promovemos la fabricaci\u00f3n humana y legal en instalaciones de todo el mundo a trav\u00e9s de nuestros programas de Certificaci\u00f3n y Capacitaci\u00f3n.","publisher":{"@id":"https:\/\/wrapcompliance.org\/en\/#organization"},"potentialAction":[{"@type":"SearchAction","target":{"@type":"EntryPoint","urlTemplate":"https:\/\/wrapcompliance.org\/en\/?s={search_term_string}"},"query-input":{"@type":"PropertyValueSpecification","valueRequired":true,"valueName":"search_term_string"}}],"inLanguage":"es"},{"@type":"Organization","@id":"https:\/\/wrapcompliance.org\/en\/#organization","name":"Producci\u00f3n Acreditada Responsable a Nivel Mundial","alternateName":"WRAP Compliance","url":"https:\/\/wrapcompliance.org\/en\/","logo":{"@type":"ImageObject","inLanguage":"es","@id":"https:\/\/wrapcompliance.org\/en\/#\/schema\/logo\/image\/","url":"https:\/\/wrapcompliance.org\/wp-content\/uploads\/2022\/03\/WRAP_Logo_Update_Color_RGB.png","contentUrl":"https:\/\/wrapcompliance.org\/wp-content\/uploads\/2022\/03\/WRAP_Logo_Update_Color_RGB.png","width":3601,"height":3451,"caption":"Worldwide Responsible Accredited Production"},"image":{"@id":"https:\/\/wrapcompliance.org\/en\/#\/schema\/logo\/image\/"},"sameAs":["https:\/\/www.facebook.com\/WRAPcompliance\/","https:\/\/x.com\/wrapcompliance","https:\/\/www.linkedin.com\/company\/wrapcompliance"]}]}},"_links":{"self":[{"href":"https:\/\/wrapcompliance.org\/es\/wp-json\/wp\/v2\/pages\/2341549","targetHints":{"allow":["GET"]}}],"collection":[{"href":"https:\/\/wrapcompliance.org\/es\/wp-json\/wp\/v2\/pages"}],"about":[{"href":"https:\/\/wrapcompliance.org\/es\/wp-json\/wp\/v2\/types\/page"}],"author":[{"embeddable":true,"href":"https:\/\/wrapcompliance.org\/es\/wp-json\/wp\/v2\/users\/5016"}],"replies":[{"embeddable":true,"href":"https:\/\/wrapcompliance.org\/es\/wp-json\/wp\/v2\/comments?post=2341549"}],"version-history":[{"count":1,"href":"https:\/\/wrapcompliance.org\/es\/wp-json\/wp\/v2\/pages\/2341549\/revisions"}],"predecessor-version":[{"id":2345009,"href":"https:\/\/wrapcompliance.org\/es\/wp-json\/wp\/v2\/pages\/2341549\/revisions\/2345009"}],"up":[{"embeddable":true,"href":"https:\/\/wrapcompliance.org\/es\/wp-json\/wp\/v2\/pages\/24779"}],"wp:attachment":[{"href":"https:\/\/wrapcompliance.org\/es\/wp-json\/wp\/v2\/media?parent=2341549"}],"curies":[{"name":"wp","href":"https:\/\/api.w.org\/{rel}","templated":true}]}}