{"id":24447,"date":"2022-06-15T14:07:46","date_gmt":"2022-06-15T18:07:46","guid":{"rendered":"https:\/\/wrapcompliance.org\/?page_id=24447"},"modified":"2026-03-31T11:23:22","modified_gmt":"2026-03-31T15:23:22","slug":"facility-monitor-list","status":"publish","type":"page","link":"https:\/\/wrapcompliance.org\/es\/certification\/facility-monitor-list\/","title":{"rendered":"F\u00e1bricas y Firmas de Monitoreo"},"content":{"rendered":"<div role=\"banner\" class=\"theme-block wp-block-theme-blocks-page-banner full-width has-background is-style-flat no-image\"><div class=\"wrap\"><div class=\"layout\"><h1 class=\"block-title appear-on-scroll\">F\u00e1bricas y Firmas de Monitoreo<\/h1><div class=\"block-content\">\n<p  class=\"appear-on-scroll is-style-intro\" ><strong>Encuentre firmas de monitoreo acreditadas por WRAP y f\u00e1bricas certificadas<\/strong><\/p>\n<\/div><div class=\"block-background\" style=\"\"><\/div><\/div><\/div><\/div>\n\n<div class=\"wp-block-theme-blocks-tabs theme-block appear-on-scroll\"><div class=\"layout\"><div class=\"block-tabs\">\n<a href=\"#certified-facilities\" class=\"tab selected\">F\u00e1bricas certificadas<\/a>\n\n<a href=\"#monitoring-firm\" class=\"tab\">Firmas de Monitoreo<\/a>\n<\/div><\/div><\/div>\n\n<div class=\"wp-block-theme-blocks-tabbed-content theme-block appear-on-scroll\"><div class=\"layout\"><div class=\"block-contents\">\n<div id=\"certified-facilities-content\" class=\"block-slide selected\">\n<h3  class=\"appear-on-scroll wp-block-heading\" ><span class=\"text\">Encuentre una f\u00e1brica con certificaci\u00f3n WRAP&nbsp;<\/span><\/h3>\n\n<p class=\"appear-on-scroll\">Hay miles de f\u00e1bricas certificadas WRAP en todo el mundo. Los compradores pueden verificar aqu\u00ed la certificaci\u00f3n de una f\u00e1brica determinada, as\u00ed como encontrar fabricantes certificados con quienes asociarse para la producci\u00f3n de prendas de vestir, calzado, art\u00edculos de costura y cuero, textiles y otros productos relacionados. <\/p>\n\n<div   class=\"theme-block full-width theme-block wp-block-group is-style-full-width is-layout-flow wp-block-group-is-layout-flow\"  ><div class=\"wp-block-group__inner-container\">\n<iframe loading=\"lazy\" title=\"WRAP Certified MAP\" width=\"100%\" height=\"740\" src=\"https:\/\/app.powerbi.com\/view?r=eyJrIjoiZGRlZDFjMzItZGRiNS00NzU2LTg5NGQtMDlhZDMzYWMyNTcxIiwidCI6IjQzNWUxYTgwLTRhZjUtNDZjMi1iNDI1LWMxMDIxOThmYzZjZiIsImMiOjF9\" frameborder=\"0\" allowfullscreen=\"true\"><\/iframe>\n<\/div><\/div>\n\n<div  class=\"appear-on-scroll wp-block-buttons is-content-justification-center is-layout-flex wp-container-core-buttons-is-layout-16018d1d wp-block-buttons-is-layout-flex\" >\n<div class=\"wp-block-button\"><a class=\"wp-block-button__link wp-element-button\" href=\"https:\/\/app.powerbi.com\/view?r=eyJrIjoiZjVhZjJiY2UtODY3Mi00N2ZlLTg1OGYtMGE3MWMxNDk4ZDAxIiwidCI6IjZiY2NiNTZkLWI1YTQtNDkzOC05MGRhLTNhNDE4ZjA0MDJjYyIsImMiOjF9\" target=\"_blank\" rel=\"noreferrer noopener\"><span class=\"label\">Abrir en pantalla completa<\/span><\/a><\/div>\n<\/div>\n<\/div>\n\n<div id=\"monitoring-firm-content\" class=\"block-slide\">\n<h3  class=\"appear-on-scroll wp-block-heading\" ><span class=\"text\">Encuentre una firma de monitoreo&nbsp;<\/span><\/h3>\n\n<p class=\"appear-on-scroll\">El cumplimiento de las f\u00e1bricas se examina a trav\u00e9s de auditor\u00edas realizadas por firmas de monitoreo de terceros acreditadas por WRAP. Los auditores individuales deben cumplir con rigurosos requisitos de acreditaci\u00f3n y realizar un curso de capacitaci\u00f3n realizado por un miembro de nuestro equipo. Tambi\u00e9n deben asistir a capacitaciones de actualizaci\u00f3n cada dos a\u00f1os. Nuestros socios de monitoreo en todo el mundo operan con el m\u00e1ximo profesionalismo, integridad y experiencia. En esta p\u00e1gina, las f\u00e1bricas pueden obtener m\u00e1s informaci\u00f3n sobre los monitores acreditados por WRAP y determinar cu\u00e1l solicitar en sus aplicaciones. <\/p>\n\n<div   class=\"theme-block full-width theme-block wp-block-group is-style-full-width is-layout-flow wp-block-group-is-layout-flow\"  ><div class=\"wp-block-group__inner-container\">\n<iframe loading=\"lazy\" title=\"Monitoring Firms MAP NEW\" width=\"100%\" height=\"740\" align=\"center\" src=\"https:\/\/app.powerbi.com\/view?r=eyJrIjoiZDdlOWVlM2EtN2FkZC00NWYwLWEwZjItMDE4NGExM2IwNWZhIiwidCI6IjQzNWUxYTgwLTRhZjUtNDZjMi1iNDI1LWMxMDIxOThmYzZjZiIsImMiOjF9\" frameborder=\"0\" allowfullscreen=\"true\"><\/iframe>\n<\/div><\/div>\n\n<div  class=\"appear-on-scroll wp-block-buttons is-content-justification-center is-layout-flex wp-container-core-buttons-is-layout-16018d1d wp-block-buttons-is-layout-flex\" >\n<div class=\"wp-block-button is-style-fill\"><a class=\"wp-block-button__link wp-element-button\" href=\"https:\/\/app.powerbi.com\/view?r=eyJrIjoiNTUzNWFkYjMtMGFmMy00YzBiLWEwOGItNDQzMThkNzE1NDVmIiwidCI6IjZiY2NiNTZkLWI1YTQtNDkzOC05MGRhLTNhNDE4ZjA0MDJjYyIsImMiOjF9\" target=\"_blank\" rel=\"noreferrer noopener\"><span class=\"label\">Abrir en pantalla completa<\/span><\/a><\/div>\n<\/div>\n\n<div  class=\"appear-on-scroll wp-block-buttons is-content-justification-center is-layout-flex wp-container-core-buttons-is-layout-16018d1d wp-block-buttons-is-layout-flex\" >\n<div class=\"wp-block-button is-style-text-link\"><a class=\"wp-block-button__link wp-element-button\" href=\"\/es\/monitor-contact-information-form\/\"><span class=\"label\">Actualice la informaci\u00f3n de contacto de su firma de monitoreo<\/span><span class=\"i\"><svg class=\"icon svg-icon icon-arrow-right\"><use xlink:href=\"https:\/\/wrapcompliance.org\/wp-content\/themes\/wrapcompliance\/images\/icons.svg#icon-arrow-right\"><\/use><\/svg><\/span><\/a><\/div>\n<\/div>\n<\/div>\n<\/div><\/div><\/div>","protected":false},"excerpt":{"rendered":"","protected":false},"author":3,"featured_media":0,"parent":21,"menu_order":4,"comment_status":"closed","ping_status":"closed","template":"","meta":{"_acf_changed":false,"featured_image_background_position":"","footnotes":""},"class_list":["post-24447","page","type-page","status-publish","hentry"],"acf":[],"yoast_head":"<!-- This site is optimized with the Yoast SEO plugin v27.2 - https:\/\/yoast.com\/product\/yoast-seo-wordpress\/ -->\n<title>Facilities and monitors - WRAP Compliance<\/title>\n<meta name=\"description\" content=\"Connect with thousands of WRAP-certified facilities around the world and request a WRAP-accredited monitoring firm\" \/>\n<meta name=\"robots\" content=\"index, follow, max-snippet:-1, max-image-preview:large, max-video-preview:-1\" \/>\n<link rel=\"canonical\" href=\"https:\/\/wrapcompliance.org\/es\/certification\/facility-monitor-list\/\" \/>\n<meta property=\"og:locale\" content=\"es_ES\" \/>\n<meta property=\"og:type\" content=\"article\" \/>\n<meta property=\"og:title\" content=\"Facilities and monitors - WRAP Compliance\" \/>\n<meta property=\"og:description\" content=\"Connect with thousands of WRAP-certified facilities around the world and request a WRAP-accredited monitoring firm\" \/>\n<meta property=\"og:url\" content=\"https:\/\/wrapcompliance.org\/es\/certification\/facility-monitor-list\/\" \/>\n<meta property=\"og:site_name\" content=\"WRAP Compliance\" \/>\n<meta property=\"article:publisher\" content=\"https:\/\/www.facebook.com\/WRAPcompliance\/\" \/>\n<meta property=\"article:modified_time\" content=\"2026-03-31T15:23:22+00:00\" \/>\n<meta property=\"og:image\" content=\"https:\/\/wrapcompliance.org\/wp-content\/uploads\/2022\/10\/social-default-1200.jpg\" \/>\n\t<meta property=\"og:image:width\" content=\"1200\" \/>\n\t<meta property=\"og:image:height\" content=\"630\" \/>\n\t<meta property=\"og:image:type\" content=\"image\/jpeg\" \/>\n<meta name=\"twitter:card\" content=\"summary_large_image\" \/>\n<meta name=\"twitter:site\" content=\"@wrapcompliance\" \/>\n<meta name=\"twitter:label1\" content=\"Tiempo de lectura\" \/>\n\t<meta name=\"twitter:data1\" content=\"1 minuto\" \/>\n<script type=\"application\/ld+json\" class=\"yoast-schema-graph\">{\"@context\":\"https:\/\/schema.org\",\"@graph\":[{\"@type\":\"WebPage\",\"@id\":\"https:\/\/wrapcompliance.org\/certification\/facility-monitor-list\/\",\"url\":\"https:\/\/wrapcompliance.org\/certification\/facility-monitor-list\/\",\"name\":\"Facilities and monitors - WRAP Compliance\",\"isPartOf\":{\"@id\":\"https:\/\/wrapcompliance.org\/en\/#website\"},\"datePublished\":\"2022-06-15T18:07:46+00:00\",\"dateModified\":\"2026-03-31T15:23:22+00:00\",\"description\":\"Connect with thousands of WRAP-certified facilities around the world and request a WRAP-accredited monitoring firm\",\"breadcrumb\":{\"@id\":\"https:\/\/wrapcompliance.org\/certification\/facility-monitor-list\/#breadcrumb\"},\"inLanguage\":\"es\",\"potentialAction\":[{\"@type\":\"ReadAction\",\"target\":[\"https:\/\/wrapcompliance.org\/certification\/facility-monitor-list\/\"]}]},{\"@type\":\"BreadcrumbList\",\"@id\":\"https:\/\/wrapcompliance.org\/certification\/facility-monitor-list\/#breadcrumb\",\"itemListElement\":[{\"@type\":\"ListItem\",\"position\":1,\"name\":\"Home\",\"item\":\"https:\/\/wrapcompliance.org\/\"},{\"@type\":\"ListItem\",\"position\":2,\"name\":\"Certification\",\"item\":\"https:\/\/wrapcompliance.org\/en\/certification\/\"},{\"@type\":\"ListItem\",\"position\":3,\"name\":\"Facilities and monitors\"}]},{\"@type\":\"WebSite\",\"@id\":\"https:\/\/wrapcompliance.org\/en\/#website\",\"url\":\"https:\/\/wrapcompliance.org\/en\/\",\"name\":\"WRAP Compliance\",\"description\":\"Ensuring production facilities operate in a safe, responsible, and ethical way. Through our 12 Principles, we promote lawful, humane manufacturing in facilities throughout the world via our Certification and Training programs.\",\"publisher\":{\"@id\":\"https:\/\/wrapcompliance.org\/en\/#organization\"},\"potentialAction\":[{\"@type\":\"SearchAction\",\"target\":{\"@type\":\"EntryPoint\",\"urlTemplate\":\"https:\/\/wrapcompliance.org\/en\/?s={search_term_string}\"},\"query-input\":{\"@type\":\"PropertyValueSpecification\",\"valueRequired\":true,\"valueName\":\"search_term_string\"}}],\"inLanguage\":\"es\"},{\"@type\":\"Organization\",\"@id\":\"https:\/\/wrapcompliance.org\/en\/#organization\",\"name\":\"Worldwide Responsible Accredited Production\",\"alternateName\":\"WRAP Compliance\",\"url\":\"https:\/\/wrapcompliance.org\/en\/\",\"logo\":{\"@type\":\"ImageObject\",\"inLanguage\":\"es\",\"@id\":\"https:\/\/wrapcompliance.org\/en\/#\/schema\/logo\/image\/\",\"url\":\"https:\/\/wrapcompliance.org\/wp-content\/uploads\/2022\/03\/WRAP_Logo_Update_Color_RGB.png\",\"contentUrl\":\"https:\/\/wrapcompliance.org\/wp-content\/uploads\/2022\/03\/WRAP_Logo_Update_Color_RGB.png\",\"width\":3601,\"height\":3451,\"caption\":\"Worldwide Responsible Accredited Production\"},\"image\":{\"@id\":\"https:\/\/wrapcompliance.org\/en\/#\/schema\/logo\/image\/\"},\"sameAs\":[\"https:\/\/www.facebook.com\/WRAPcompliance\/\",\"https:\/\/x.com\/wrapcompliance\",\"https:\/\/www.linkedin.com\/company\/wrapcompliance\"]}]}<\/script>\n<!-- \/ Yoast SEO plugin. -->","yoast_head_json":{"title":"Instalaciones y monitores - Cumplimiento de WRAP","description":"Con\u00e9ctese con miles de instalaciones certificadas por WRAP en todo el mundo y solicite una empresa de monitoreo acreditada por WRAP","robots":{"index":"index","follow":"follow","max-snippet":"max-snippet:-1","max-image-preview":"max-image-preview:large","max-video-preview":"max-video-preview:-1"},"canonical":"https:\/\/wrapcompliance.org\/es\/certification\/facility-monitor-list\/","og_locale":"es_ES","og_type":"article","og_title":"Facilities and monitors - WRAP Compliance","og_description":"Connect with thousands of WRAP-certified facilities around the world and request a WRAP-accredited monitoring firm","og_url":"https:\/\/wrapcompliance.org\/es\/certification\/facility-monitor-list\/","og_site_name":"WRAP Compliance","article_publisher":"https:\/\/www.facebook.com\/WRAPcompliance\/","article_modified_time":"2026-03-31T15:23:22+00:00","og_image":[{"width":1200,"height":630,"url":"https:\/\/wrapcompliance.org\/wp-content\/uploads\/2022\/10\/social-default-1200.jpg","type":"image\/jpeg"}],"twitter_card":"summary_large_image","twitter_site":"@wrapcompliance","twitter_misc":{"Tiempo de lectura":"1 minuto"},"schema":{"@context":"https:\/\/schema.org","@graph":[{"@type":"WebPage","@id":"https:\/\/wrapcompliance.org\/certification\/facility-monitor-list\/","url":"https:\/\/wrapcompliance.org\/certification\/facility-monitor-list\/","name":"Instalaciones y monitores - Cumplimiento de WRAP","isPartOf":{"@id":"https:\/\/wrapcompliance.org\/en\/#website"},"datePublished":"2022-06-15T18:07:46+00:00","dateModified":"2026-03-31T15:23:22+00:00","description":"Con\u00e9ctese con miles de instalaciones certificadas por WRAP en todo el mundo y solicite una empresa de monitoreo acreditada por WRAP","breadcrumb":{"@id":"https:\/\/wrapcompliance.org\/certification\/facility-monitor-list\/#breadcrumb"},"inLanguage":"es","potentialAction":[{"@type":"ReadAction","target":["https:\/\/wrapcompliance.org\/certification\/facility-monitor-list\/"]}]},{"@type":"BreadcrumbList","@id":"https:\/\/wrapcompliance.org\/certification\/facility-monitor-list\/#breadcrumb","itemListElement":[{"@type":"ListItem","position":1,"name":"Home","item":"https:\/\/wrapcompliance.org\/"},{"@type":"ListItem","position":2,"name":"Certification","item":"https:\/\/wrapcompliance.org\/en\/certification\/"},{"@type":"ListItem","position":3,"name":"Facilities and monitors"}]},{"@type":"WebSite","@id":"https:\/\/wrapcompliance.org\/en\/#website","url":"https:\/\/wrapcompliance.org\/en\/","name":"Cumplimiento de WRAP","description":"Garantizar que las instalaciones de producci\u00f3n operen de manera segura, responsable y \u00e9tica. A trav\u00e9s de nuestros 12 Principios, promovemos la fabricaci\u00f3n humana y legal en instalaciones de todo el mundo a trav\u00e9s de nuestros programas de Certificaci\u00f3n y Capacitaci\u00f3n.","publisher":{"@id":"https:\/\/wrapcompliance.org\/en\/#organization"},"potentialAction":[{"@type":"SearchAction","target":{"@type":"EntryPoint","urlTemplate":"https:\/\/wrapcompliance.org\/en\/?s={search_term_string}"},"query-input":{"@type":"PropertyValueSpecification","valueRequired":true,"valueName":"search_term_string"}}],"inLanguage":"es"},{"@type":"Organization","@id":"https:\/\/wrapcompliance.org\/en\/#organization","name":"Producci\u00f3n Acreditada Responsable a Nivel Mundial","alternateName":"WRAP Compliance","url":"https:\/\/wrapcompliance.org\/en\/","logo":{"@type":"ImageObject","inLanguage":"es","@id":"https:\/\/wrapcompliance.org\/en\/#\/schema\/logo\/image\/","url":"https:\/\/wrapcompliance.org\/wp-content\/uploads\/2022\/03\/WRAP_Logo_Update_Color_RGB.png","contentUrl":"https:\/\/wrapcompliance.org\/wp-content\/uploads\/2022\/03\/WRAP_Logo_Update_Color_RGB.png","width":3601,"height":3451,"caption":"Worldwide Responsible Accredited Production"},"image":{"@id":"https:\/\/wrapcompliance.org\/en\/#\/schema\/logo\/image\/"},"sameAs":["https:\/\/www.facebook.com\/WRAPcompliance\/","https:\/\/x.com\/wrapcompliance","https:\/\/www.linkedin.com\/company\/wrapcompliance"]}]}},"_links":{"self":[{"href":"https:\/\/wrapcompliance.org\/es\/wp-json\/wp\/v2\/pages\/24447","targetHints":{"allow":["GET"]}}],"collection":[{"href":"https:\/\/wrapcompliance.org\/es\/wp-json\/wp\/v2\/pages"}],"about":[{"href":"https:\/\/wrapcompliance.org\/es\/wp-json\/wp\/v2\/types\/page"}],"author":[{"embeddable":true,"href":"https:\/\/wrapcompliance.org\/es\/wp-json\/wp\/v2\/users\/3"}],"replies":[{"embeddable":true,"href":"https:\/\/wrapcompliance.org\/es\/wp-json\/wp\/v2\/comments?post=24447"}],"version-history":[{"count":2,"href":"https:\/\/wrapcompliance.org\/es\/wp-json\/wp\/v2\/pages\/24447\/revisions"}],"predecessor-version":[{"id":2344947,"href":"https:\/\/wrapcompliance.org\/es\/wp-json\/wp\/v2\/pages\/24447\/revisions\/2344947"}],"up":[{"embeddable":true,"href":"https:\/\/wrapcompliance.org\/es\/wp-json\/wp\/v2\/pages\/21"}],"wp:attachment":[{"href":"https:\/\/wrapcompliance.org\/es\/wp-json\/wp\/v2\/media?parent=24447"}],"curies":[{"name":"wp","href":"https:\/\/api.w.org\/{rel}","templated":true}]}}