{"id":24450,"date":"2022-06-15T14:07:55","date_gmt":"2022-06-15T18:07:55","guid":{"rendered":"https:\/\/wrapcompliance.org\/?page_id=24450"},"modified":"2026-04-10T10:07:34","modified_gmt":"2026-04-10T14:07:34","slug":"faq","status":"publish","type":"page","link":"https:\/\/wrapcompliance.org\/es\/certification\/faq\/","title":{"rendered":"Preguntas Frecuentes"},"content":{"rendered":"<div role=\"banner\" class=\"theme-block wp-block-theme-blocks-page-banner full-width has-background no-image\"><div class=\"wrap\"><div class=\"layout\"><h1 class=\"block-title appear-on-scroll\">Preguntas Frecuentes<\/h1><div class=\"block-content\">\n<p  class=\"appear-on-scroll is-style-intro has-max-width-800\" ><\/p>\n<\/div><div class=\"block-background\" style=\"\"><\/div><\/div><\/div><\/div>\n\n<div  class=\"theme-block wp-block-group contact-info is-layout-flow wp-block-group-is-layout-flow\" ><div class=\"wp-block-group__inner-container\"><h4  class=\"appear-on-scroll wp-block-heading has-arrow-down is-style-expandable\" ><span class=\"text\">\u00bfCu\u00e1nto cuesta obtener la certificaci\u00f3n WRAP?<\/span><svg class=\"icon svg-icon icon-arrow-right\"><use xlink:href=\"https:\/\/wrapcompliance.org\/wp-content\/themes\/wrapcompliance\/images\/icons.svg#icon-arrow-right\"><\/use><\/svg><\/h4>\n\n<figure  class=\"appear-on-scroll wp-block-image aligncenter size-large is-resized has-no-margin-bottom has-no-margin-top\" ><img loading=\"lazy\" decoding=\"async\" width=\"1024\" height=\"658\" src=\"https:\/\/wrapcompliance.org\/wp-content\/uploads\/2024\/01\/Pricing-Structure-Chart-1-1024x658.png\" alt=\"\" class=\"wp-image-2333006\" style=\"width:600px\" srcset=\"https:\/\/wrapcompliance.org\/wp-content\/uploads\/2024\/01\/Pricing-Structure-Chart-1-1024x658.png 1024w, https:\/\/wrapcompliance.org\/wp-content\/uploads\/2024\/01\/Pricing-Structure-Chart-1-300x193.png 300w, https:\/\/wrapcompliance.org\/wp-content\/uploads\/2024\/01\/Pricing-Structure-Chart-1-768x493.png 768w, https:\/\/wrapcompliance.org\/wp-content\/uploads\/2024\/01\/Pricing-Structure-Chart-1-18x12.png 18w, https:\/\/wrapcompliance.org\/wp-content\/uploads\/2024\/01\/Pricing-Structure-Chart-1-600x386.png 600w, https:\/\/wrapcompliance.org\/wp-content\/uploads\/2024\/01\/Pricing-Structure-Chart-1-1000x643.png 1000w, https:\/\/wrapcompliance.org\/wp-content\/uploads\/2024\/01\/Pricing-Structure-Chart-1.png 1449w\" sizes=\"auto, (max-width: 1024px) 100vw, 1024px\" \/><\/figure>\n\n\n<div style=\"height:25px\" aria-hidden=\"true\" class=\"wp-block-spacer\"><\/div>\n\n\n<p class=\"appear-on-scroll\">Producci\u00f3n Responsable Acreditada Mundialmente (WRAP) es una organizaci\u00f3n sin fines de lucro que verifica el cumplimiento social. Nuestro modelo de financiaci\u00f3n es completamente de pago por servicio; no cobramos cuotas de membres\u00eda, no solicitamos subvenciones gubernamentales ni recurrimos a fundaciones ni donaciones ben\u00e9ficas. Todos nuestros gastos operativos se cubren con los ingresos generados por nuestros servicios. Nos esforzamos por ofrecer valor manteniendo bajos costos y tarifas. Para seguir ofreciendo el alto valor que nos caracteriza, debemos realizar inversiones que faciliten el crecimiento, incluyendo la actualizaci\u00f3n de los sistemas inform\u00e1ticos y la contrataci\u00f3n de nuevo personal en las regiones que requieren m\u00e1s recursos.<\/p>\n\n<p class=\"appear-on-scroll\">The application fee is paid based on the number of workers that are reported at the time of application. However, WRAP will compare the number of workers reported on the application against the number of workers recorded at the time of the audit and if the difference impacts the facility\u2019s fee category, WRAP reserves the right to withhold certification until the correct fee (based on the audited worker count) is paid.<\/p>\n\n<p class=\"appear-on-scroll\"><strong>La tarifa de registro no incluye el precio de la auditor\u00eda, que es fijado por las empresas de monitoreo individuales y pagado directamente a ellas por la instalaci\u00f3n que busca la certificaci\u00f3n.&nbsp;<a href=\"https:\/\/wrapcompliance.org\/es\/certification\/certification-explained\/\">Consulta nuestra p\u00e1gina de certificaci\u00f3n para obtener m\u00e1s informaci\u00f3n.<\/a>.<\/strong><\/p>\n\n<p class=\"appear-on-scroll\">Las instalaciones con 100 trabajadores o menos pagan $650; las instalaciones con 101 a 200 trabajadores pagan $950; las instalaciones con 201 a 1000 trabajadores pagan $1350; y las instalaciones con 1001 o m\u00e1s trabajadores pagan $1550.<br><\/p>\n\n<h4  class=\"appear-on-scroll wp-block-heading is-style-expandable has-arrow-down\" ><span class=\"text\">\u00bfQui\u00e9n puede buscar la certificaci\u00f3n WRAP?<\/span><svg class=\"icon svg-icon icon-arrow-right\"><use xlink:href=\"https:\/\/wrapcompliance.org\/wp-content\/themes\/wrapcompliance\/images\/icons.svg#icon-arrow-right\"><\/use><\/svg><\/h4>\n\n<p class=\"appear-on-scroll\">Los certificados WRAP s\u00f3lo se pueden otorgar a unidades de producci\u00f3n individuales. Las sociedades holding, las marcas y los minoristas no son elegibles para postularse. Adem\u00e1s, nuestro programa de certificaci\u00f3n se centra principalmente en productos de costura, prendas de vestir, calzado e industrias relacionadas.<\/p>\n\n<h4  class=\"appear-on-scroll wp-block-heading is-style-expandable has-arrow-down\" ><span class=\"text\">\u00bfC\u00f3mo obtiene una planta de producci\u00f3n la certificaci\u00f3n WRAP?<\/span><svg class=\"icon svg-icon icon-arrow-right\"><use xlink:href=\"https:\/\/wrapcompliance.org\/wp-content\/themes\/wrapcompliance\/images\/icons.svg#icon-arrow-right\"><\/use><\/svg><\/h4>\n\n<p class=\"appear-on-scroll\">Obtener un certificado WRAP implica <a href=\"\/es\/certification\/certification-explained\/\">un proceso de cinco pasos<\/a>Comienza con la presentaci\u00f3n de la solicitud inicial ante WRAP por parte de la planta de producci\u00f3n y el pago de la tarifa de registro. Posteriormente, la planta realiza una autoevaluaci\u00f3n previa a la auditor\u00eda (PASA) para verificar su cumplimiento con las normas de WRAP. <a href=\"https:\/\/wrapcompliance.org\/es\/about\/what-we-do\/12-principles\/\">12 Principios<\/a>, seguida de una auditor\u00eda realizada por una de nuestras empresas de monitoreo acreditadas. El informe de dicha auditor\u00eda se env\u00eda a WRAP para su revisi\u00f3n por nuestro equipo de cumplimiento. Un comit\u00e9 de revisi\u00f3n independiente decidir\u00e1 entonces si se emite un certificado. <a href=\"https:\/\/my.wrapcompliance.org\/Pages\/User-Registration.aspx\" target=\"_blank\" rel=\"noreferrer noopener\">Registrar una nueva instalaci\u00f3n<\/a> \u00a1Para empezar!<\/p>\n\n<h4  class=\"appear-on-scroll wp-block-heading is-style-expandable has-arrow-down\" ><span class=\"text\">\u00bfCu\u00e1nto tiempo lleva obtener la certificaci\u00f3n WRAP?<\/span><svg class=\"icon svg-icon icon-arrow-right\"><use xlink:href=\"https:\/\/wrapcompliance.org\/wp-content\/themes\/wrapcompliance\/images\/icons.svg#icon-arrow-right\"><\/use><\/svg><\/h4>\n\n<p class=\"appear-on-scroll\">Dependiendo de la preparaci\u00f3n de la instalaci\u00f3n al momento de la solicitud, la certificaci\u00f3n puede tardar tan solo seis semanas. Sin embargo, puede tardar entre dos y seis meses, o en casos excepcionales incluso m\u00e1s, desde la presentaci\u00f3n de la solicitud hasta la concesi\u00f3n del certificado.&nbsp;&nbsp;<a href=\"\/es\/certification\/certification-explained\/\">Consulta nuestra p\u00e1gina de certificaci\u00f3n para obtener m\u00e1s informaci\u00f3n.<\/a>.<\/p>\n\n<h4  class=\"appear-on-scroll wp-block-heading is-style-expandable has-arrow-down\" ><span class=\"text\">\u00bfC\u00f3mo puedo saber si una f\u00e1brica cuenta con la certificaci\u00f3n WRAP?<\/span><svg class=\"icon svg-icon icon-arrow-right\"><use xlink:href=\"https:\/\/wrapcompliance.org\/wp-content\/themes\/wrapcompliance\/images\/icons.svg#icon-arrow-right\"><\/use><\/svg><\/h4>\n\n<p class=\"appear-on-scroll\">Puede encontrar una lista de f\u00e1bricas actualmente certificadas en nuestro <a href=\"\/es\/certification\/facility-monitor-list\/\">mapa del mundo<\/a>Para que su instalaci\u00f3n aparezca en el mapa, env\u00ede un correo electr\u00f3nico a nuestro <a href=\"\/es\/contact-us\/\">Departamento de Administraci\u00f3n de Cumplimiento<\/a>.<\/p>\n\n<h4  class=\"appear-on-scroll wp-block-heading is-style-expandable has-arrow-down\" ><span class=\"text\">\u00bfPuedo obtener un solo certificado WRAP para varias f\u00e1bricas?<\/span><svg class=\"icon svg-icon icon-arrow-right\"><use xlink:href=\"https:\/\/wrapcompliance.org\/wp-content\/themes\/wrapcompliance\/images\/icons.svg#icon-arrow-right\"><\/use><\/svg><\/h4>\n\n<p class=\"appear-on-scroll\">No. Cada unidad debe realizar el proceso por separado.<\/p>\n\n<h4  class=\"appear-on-scroll wp-block-heading is-style-expandable has-arrow-down\" ><span class=\"text\">Cierta marca afirma tener la certificaci\u00f3n WRAP. \u00bfEs esto cierto?<\/span><svg class=\"icon svg-icon icon-arrow-right\"><use xlink:href=\"https:\/\/wrapcompliance.org\/wp-content\/themes\/wrapcompliance\/images\/icons.svg#icon-arrow-right\"><\/use><\/svg><\/h4>\n\n<p class=\"appear-on-scroll\">No. Las marcas y los minoristas no pueden obtener la certificaci\u00f3n WRAP. S\u00f3lo auditamos y certificamos unidades de producci\u00f3n individuales.<\/p>\n\n<h4  class=\"appear-on-scroll wp-block-heading is-style-expandable has-arrow-down\" ><span class=\"text\">\u00bfC\u00f3mo s\u00e9 si mi ropa se confeccion\u00f3 en una f\u00e1brica certificada por WRAP?<\/span><svg class=\"icon svg-icon icon-arrow-right\"><use xlink:href=\"https:\/\/wrapcompliance.org\/wp-content\/themes\/wrapcompliance\/images\/icons.svg#icon-arrow-right\"><\/use><\/svg><\/h4>\n\n<p class=\"appear-on-scroll\">Las cadenas de suministro de prendas de vestir y calzado son largas y complejas, lo que dificulta determinar si se fabrican \u00edntegramente en instalaciones con certificaci\u00f3n WRAP. Por ejemplo, si bien el ensamblaje final de una camisa puede haberse realizado en una instalaci\u00f3n con certificaci\u00f3n WRAP, la tela, los botones u otros componentes podr\u00edan haberse fabricado en una instalaci\u00f3n sin certificaci\u00f3n WRAP. WRAP no es una organizaci\u00f3n de cara al consumidor; no contamos con un sistema para etiquetar las prendas y el calzado fabricados en nuestras instalaciones certificadas. Sin embargo, varias marcas y minoristas han optado por indicar en sus sitios web si se abastecen de instalaciones con certificaci\u00f3n WRAP.<\/p>\n\n<h4  class=\"appear-on-scroll wp-block-heading is-style-expandable has-arrow-down\" ><span class=\"text\">Qu\u00e9 compa\u00f1\u00edas aceptan los certificados de WRAP<\/span><svg class=\"icon svg-icon icon-arrow-right\"><use xlink:href=\"https:\/\/wrapcompliance.org\/wp-content\/themes\/wrapcompliance\/images\/icons.svg#icon-arrow-right\"><\/use><\/svg><\/h4>\n\n<p class=\"appear-on-scroll\"><a href=\"\/es\/about\/why-wrap\/#buyers\">M\u00e1s de 700 compradores, marcas y minoristas de todo el mundo aceptan nuestra certificaci\u00f3n<\/a>Aunque cada una lo hace de diferentes maneras seg\u00fan sus propios programas de cumplimiento social. WRAP sigue siendo la certificaci\u00f3n independiente m\u00e1s aceptada en la industria de productos de costura. Algunas empresas optan por aceptar una certificaci\u00f3n WRAP en lugar de sus propias auditor\u00edas, mientras que otras prefieren aceptar certificaciones WRAP solo para instalaciones donde han realizado la inspecci\u00f3n inicial. Algunas empresas tambi\u00e9n han optado por aceptar certificados WRAP solo en pa\u00edses espec\u00edficos, o \u00fanicamente para sus licenciatarios, o solo en instalaciones que han sido auditadas por una empresa en particular. Si usted es un proveedor que busca m\u00e1s informaci\u00f3n sobre c\u00f3mo una marca espec\u00edfica utiliza WRAP, por favor...&nbsp;<a href=\"\/es\/contact-us\/\">Cont\u00e1ctanos.<\/a><\/p><\/div><\/div>","protected":false},"excerpt":{"rendered":"<p>How much does it cost to get WRAP-certified? Worldwide Responsible Accredited Production (WRAP) is a non-profit social compliance verification organization. Our funding model is entirely fee-for-service; we do not charge membership dues, solicit government grants, or turn to foundations or charitable donations for funds. All of our operational expenses are covered by revenues generated from [&hellip;]<\/p>\n","protected":false},"author":3,"featured_media":0,"parent":24387,"menu_order":5,"comment_status":"closed","ping_status":"closed","template":"","meta":{"_acf_changed":false,"featured_image_background_position":"","footnotes":""},"class_list":["post-24450","page","type-page","status-publish","hentry"],"acf":[],"yoast_head":"<!-- This site is optimized with the Yoast SEO plugin v27.4 - https:\/\/yoast.com\/product\/yoast-seo-wordpress\/ -->\n<title>FAQ - WRAP Compliance<\/title>\n<meta name=\"robots\" content=\"index, follow, max-snippet:-1, max-image-preview:large, max-video-preview:-1\" \/>\n<link rel=\"canonical\" href=\"https:\/\/wrapcompliance.org\/es\/certification\/faq\/\" \/>\n<meta property=\"og:locale\" content=\"es_ES\" \/>\n<meta property=\"og:type\" content=\"article\" \/>\n<meta property=\"og:title\" content=\"FAQ - WRAP Compliance\" \/>\n<meta property=\"og:description\" content=\"How much does it cost to get WRAP-certified? Worldwide Responsible Accredited Production (WRAP) is a non-profit social compliance verification organization. Our funding model is entirely fee-for-service; we do not charge membership dues, solicit government grants, or turn to foundations or charitable donations for funds. All of our operational expenses are covered by revenues generated from [&hellip;]\" \/>\n<meta property=\"og:url\" content=\"https:\/\/wrapcompliance.org\/es\/certification\/faq\/\" \/>\n<meta property=\"og:site_name\" content=\"WRAP Compliance\" \/>\n<meta property=\"article:publisher\" content=\"https:\/\/www.facebook.com\/WRAPcompliance\/\" \/>\n<meta property=\"article:modified_time\" content=\"2026-04-10T14:07:34+00:00\" \/>\n<meta property=\"og:image\" content=\"https:\/\/wrapcompliance.org\/wp-content\/uploads\/2024\/01\/Pricing-Structure-Chart-1.png\" \/>\n\t<meta property=\"og:image:width\" content=\"1449\" \/>\n\t<meta property=\"og:image:height\" content=\"931\" \/>\n\t<meta property=\"og:image:type\" content=\"image\/png\" \/>\n<meta name=\"twitter:card\" content=\"summary_large_image\" \/>\n<meta name=\"twitter:site\" content=\"@wrapcompliance\" \/>\n<meta name=\"twitter:label1\" content=\"Tiempo de lectura\" \/>\n\t<meta name=\"twitter:data1\" content=\"4 minutos\" \/>\n<script type=\"application\/ld+json\" class=\"yoast-schema-graph\">{\"@context\":\"https:\\\/\\\/schema.org\",\"@graph\":[{\"@type\":\"WebPage\",\"@id\":\"https:\\\/\\\/wrapcompliance.org\\\/certification\\\/faq\\\/\",\"url\":\"https:\\\/\\\/wrapcompliance.org\\\/certification\\\/faq\\\/\",\"name\":\"FAQ - WRAP Compliance\",\"isPartOf\":{\"@id\":\"https:\\\/\\\/wrapcompliance.org\\\/en\\\/#website\"},\"primaryImageOfPage\":{\"@id\":\"https:\\\/\\\/wrapcompliance.org\\\/certification\\\/faq\\\/#primaryimage\"},\"image\":{\"@id\":\"https:\\\/\\\/wrapcompliance.org\\\/certification\\\/faq\\\/#primaryimage\"},\"thumbnailUrl\":\"https:\\\/\\\/wrapcompliance.org\\\/wp-content\\\/uploads\\\/2024\\\/01\\\/Pricing-Structure-Chart-1-1024x658.png\",\"datePublished\":\"2022-06-15T18:07:55+00:00\",\"dateModified\":\"2026-04-10T14:07:34+00:00\",\"breadcrumb\":{\"@id\":\"https:\\\/\\\/wrapcompliance.org\\\/certification\\\/faq\\\/#breadcrumb\"},\"inLanguage\":\"es\",\"potentialAction\":[{\"@type\":\"ReadAction\",\"target\":[\"https:\\\/\\\/wrapcompliance.org\\\/certification\\\/faq\\\/\"]}]},{\"@type\":\"ImageObject\",\"inLanguage\":\"es\",\"@id\":\"https:\\\/\\\/wrapcompliance.org\\\/certification\\\/faq\\\/#primaryimage\",\"url\":\"https:\\\/\\\/wrapcompliance.org\\\/wp-content\\\/uploads\\\/2024\\\/01\\\/Pricing-Structure-Chart-1-1024x658.png\",\"contentUrl\":\"https:\\\/\\\/wrapcompliance.org\\\/wp-content\\\/uploads\\\/2024\\\/01\\\/Pricing-Structure-Chart-1-1024x658.png\"},{\"@type\":\"BreadcrumbList\",\"@id\":\"https:\\\/\\\/wrapcompliance.org\\\/certification\\\/faq\\\/#breadcrumb\",\"itemListElement\":[{\"@type\":\"ListItem\",\"position\":1,\"name\":\"Home\",\"item\":\"https:\\\/\\\/wrapcompliance.org\\\/\"},{\"@type\":\"ListItem\",\"position\":2,\"name\":\"Certification Explained\",\"item\":\"https:\\\/\\\/wrapcompliance.org\\\/certification\\\/\"},{\"@type\":\"ListItem\",\"position\":3,\"name\":\"FAQ\"}]},{\"@type\":\"WebSite\",\"@id\":\"https:\\\/\\\/wrapcompliance.org\\\/en\\\/#website\",\"url\":\"https:\\\/\\\/wrapcompliance.org\\\/en\\\/\",\"name\":\"WRAP Compliance\",\"description\":\"Ensuring production facilities operate in a safe, responsible, and ethical way. Through our 12 Principles, we promote lawful, humane manufacturing in facilities throughout the world via our Certification and Training programs.\",\"publisher\":{\"@id\":\"https:\\\/\\\/wrapcompliance.org\\\/en\\\/#organization\"},\"potentialAction\":[{\"@type\":\"SearchAction\",\"target\":{\"@type\":\"EntryPoint\",\"urlTemplate\":\"https:\\\/\\\/wrapcompliance.org\\\/en\\\/?s={search_term_string}\"},\"query-input\":{\"@type\":\"PropertyValueSpecification\",\"valueRequired\":true,\"valueName\":\"search_term_string\"}}],\"inLanguage\":\"es\"},{\"@type\":\"Organization\",\"@id\":\"https:\\\/\\\/wrapcompliance.org\\\/en\\\/#organization\",\"name\":\"Worldwide Responsible Accredited Production\",\"alternateName\":\"WRAP Compliance\",\"url\":\"https:\\\/\\\/wrapcompliance.org\\\/en\\\/\",\"logo\":{\"@type\":\"ImageObject\",\"inLanguage\":\"es\",\"@id\":\"https:\\\/\\\/wrapcompliance.org\\\/en\\\/#\\\/schema\\\/logo\\\/image\\\/\",\"url\":\"https:\\\/\\\/wrapcompliance.org\\\/wp-content\\\/uploads\\\/2022\\\/03\\\/WRAP_Logo_Update_Color_RGB.png\",\"contentUrl\":\"https:\\\/\\\/wrapcompliance.org\\\/wp-content\\\/uploads\\\/2022\\\/03\\\/WRAP_Logo_Update_Color_RGB.png\",\"width\":3601,\"height\":3451,\"caption\":\"Worldwide Responsible Accredited Production\"},\"image\":{\"@id\":\"https:\\\/\\\/wrapcompliance.org\\\/en\\\/#\\\/schema\\\/logo\\\/image\\\/\"},\"sameAs\":[\"https:\\\/\\\/www.facebook.com\\\/WRAPcompliance\\\/\",\"https:\\\/\\\/x.com\\\/wrapcompliance\",\"https:\\\/\\\/www.linkedin.com\\\/company\\\/wrapcompliance\"]}]}<\/script>\n<!-- \/ Yoast SEO plugin. -->","yoast_head_json":{"title":"Preguntas frecuentes - Cumplimiento de WRAP","robots":{"index":"index","follow":"follow","max-snippet":"max-snippet:-1","max-image-preview":"max-image-preview:large","max-video-preview":"max-video-preview:-1"},"canonical":"https:\/\/wrapcompliance.org\/es\/certification\/faq\/","og_locale":"es_ES","og_type":"article","og_title":"FAQ - WRAP Compliance","og_description":"How much does it cost to get WRAP-certified? Worldwide Responsible Accredited Production (WRAP) is a non-profit social compliance verification organization. Our funding model is entirely fee-for-service; we do not charge membership dues, solicit government grants, or turn to foundations or charitable donations for funds. All of our operational expenses are covered by revenues generated from [&hellip;]","og_url":"https:\/\/wrapcompliance.org\/es\/certification\/faq\/","og_site_name":"WRAP Compliance","article_publisher":"https:\/\/www.facebook.com\/WRAPcompliance\/","article_modified_time":"2026-04-10T14:07:34+00:00","og_image":[{"width":1449,"height":931,"url":"https:\/\/wrapcompliance.org\/wp-content\/uploads\/2024\/01\/Pricing-Structure-Chart-1.png","type":"image\/png"}],"twitter_card":"summary_large_image","twitter_site":"@wrapcompliance","twitter_misc":{"Tiempo de lectura":"4 minutos"},"schema":{"@context":"https:\/\/schema.org","@graph":[{"@type":"WebPage","@id":"https:\/\/wrapcompliance.org\/certification\/faq\/","url":"https:\/\/wrapcompliance.org\/certification\/faq\/","name":"Preguntas frecuentes - Cumplimiento de WRAP","isPartOf":{"@id":"https:\/\/wrapcompliance.org\/en\/#website"},"primaryImageOfPage":{"@id":"https:\/\/wrapcompliance.org\/certification\/faq\/#primaryimage"},"image":{"@id":"https:\/\/wrapcompliance.org\/certification\/faq\/#primaryimage"},"thumbnailUrl":"https:\/\/wrapcompliance.org\/wp-content\/uploads\/2024\/01\/Pricing-Structure-Chart-1-1024x658.png","datePublished":"2022-06-15T18:07:55+00:00","dateModified":"2026-04-10T14:07:34+00:00","breadcrumb":{"@id":"https:\/\/wrapcompliance.org\/certification\/faq\/#breadcrumb"},"inLanguage":"es","potentialAction":[{"@type":"ReadAction","target":["https:\/\/wrapcompliance.org\/certification\/faq\/"]}]},{"@type":"ImageObject","inLanguage":"es","@id":"https:\/\/wrapcompliance.org\/certification\/faq\/#primaryimage","url":"https:\/\/wrapcompliance.org\/wp-content\/uploads\/2024\/01\/Pricing-Structure-Chart-1-1024x658.png","contentUrl":"https:\/\/wrapcompliance.org\/wp-content\/uploads\/2024\/01\/Pricing-Structure-Chart-1-1024x658.png"},{"@type":"BreadcrumbList","@id":"https:\/\/wrapcompliance.org\/certification\/faq\/#breadcrumb","itemListElement":[{"@type":"ListItem","position":1,"name":"Home","item":"https:\/\/wrapcompliance.org\/"},{"@type":"ListItem","position":2,"name":"Certification Explained","item":"https:\/\/wrapcompliance.org\/certification\/"},{"@type":"ListItem","position":3,"name":"FAQ"}]},{"@type":"WebSite","@id":"https:\/\/wrapcompliance.org\/en\/#website","url":"https:\/\/wrapcompliance.org\/en\/","name":"Cumplimiento de WRAP","description":"Garantizar que las instalaciones de producci\u00f3n operen de manera segura, responsable y \u00e9tica. A trav\u00e9s de nuestros 12 Principios, promovemos la fabricaci\u00f3n humana y legal en instalaciones de todo el mundo a trav\u00e9s de nuestros programas de Certificaci\u00f3n y Capacitaci\u00f3n.","publisher":{"@id":"https:\/\/wrapcompliance.org\/en\/#organization"},"potentialAction":[{"@type":"SearchAction","target":{"@type":"EntryPoint","urlTemplate":"https:\/\/wrapcompliance.org\/en\/?s={search_term_string}"},"query-input":{"@type":"PropertyValueSpecification","valueRequired":true,"valueName":"search_term_string"}}],"inLanguage":"es"},{"@type":"Organization","@id":"https:\/\/wrapcompliance.org\/en\/#organization","name":"Producci\u00f3n Acreditada Responsable a Nivel Mundial","alternateName":"WRAP Compliance","url":"https:\/\/wrapcompliance.org\/en\/","logo":{"@type":"ImageObject","inLanguage":"es","@id":"https:\/\/wrapcompliance.org\/en\/#\/schema\/logo\/image\/","url":"https:\/\/wrapcompliance.org\/wp-content\/uploads\/2022\/03\/WRAP_Logo_Update_Color_RGB.png","contentUrl":"https:\/\/wrapcompliance.org\/wp-content\/uploads\/2022\/03\/WRAP_Logo_Update_Color_RGB.png","width":3601,"height":3451,"caption":"Worldwide Responsible Accredited Production"},"image":{"@id":"https:\/\/wrapcompliance.org\/en\/#\/schema\/logo\/image\/"},"sameAs":["https:\/\/www.facebook.com\/WRAPcompliance\/","https:\/\/x.com\/wrapcompliance","https:\/\/www.linkedin.com\/company\/wrapcompliance"]}]}},"_links":{"self":[{"href":"https:\/\/wrapcompliance.org\/es\/wp-json\/wp\/v2\/pages\/24450","targetHints":{"allow":["GET"]}}],"collection":[{"href":"https:\/\/wrapcompliance.org\/es\/wp-json\/wp\/v2\/pages"}],"about":[{"href":"https:\/\/wrapcompliance.org\/es\/wp-json\/wp\/v2\/types\/page"}],"author":[{"embeddable":true,"href":"https:\/\/wrapcompliance.org\/es\/wp-json\/wp\/v2\/users\/3"}],"replies":[{"embeddable":true,"href":"https:\/\/wrapcompliance.org\/es\/wp-json\/wp\/v2\/comments?post=24450"}],"version-history":[{"count":0,"href":"https:\/\/wrapcompliance.org\/es\/wp-json\/wp\/v2\/pages\/24450\/revisions"}],"up":[{"embeddable":true,"href":"https:\/\/wrapcompliance.org\/es\/wp-json\/wp\/v2\/pages\/24387"}],"wp:attachment":[{"href":"https:\/\/wrapcompliance.org\/es\/wp-json\/wp\/v2\/media?parent=24450"}],"curies":[{"name":"wp","href":"https:\/\/api.w.org\/{rel}","templated":true}]}}