{"id":24725,"date":"2022-08-23T15:44:00","date_gmt":"2022-08-23T19:44:00","guid":{"rendered":"https:\/\/wrapcompliance.org\/?page_id=24725"},"modified":"2026-04-24T08:55:42","modified_gmt":"2026-04-24T12:55:42","slug":"renew-status","status":"publish","type":"page","link":"https:\/\/wrapcompliance.org\/es\/certification\/renew-status\/","title":{"rendered":"Renovaciones"},"content":{"rendered":"<div role=\"banner\" class=\"theme-block wp-block-theme-blocks-page-banner full-width has-background no-image\"><div class=\"wrap\"><div class=\"layout\"><h1 class=\"block-title appear-on-scroll\">Renovaciones<\/h1><div class=\"block-content\">\n<p  class=\"appear-on-scroll is-style-intro has-max-width-800\" ><\/p>\n<\/div><div class=\"block-background\" style=\"\"><\/div><\/div><\/div><\/div>\n\n<h3  class=\"appear-on-scroll wp-block-heading\" ><span class=\"text\">Renovaci\u00f3n de una certificaci\u00f3n WRAP<\/span><\/h3>\n\n\n\n<p class=\"appear-on-scroll\">Las renovaciones son m\u00e1s simplificadas que el proceso de registro original, pero cada f\u00e1brica a\u00fan debe someterse a una nueva auditor\u00eda para garantizar el cumplimiento continuo.<\/p>\n\n<p class=\"appear-on-scroll\">Todas las auditor\u00edas del WRAP -incluidas las realizadas a efectos de una renovaci\u00f3n- tienen en cuenta las normativas nuevas, en evoluci\u00f3n y futuras. Por lo tanto, la certificaci\u00f3n anterior no garantiza la renovaci\u00f3n. Cada certificado que emitimos afirma que una f\u00e1brica ha demostrado que sus operaciones son seguras, humanas y sostenibles de acuerdo con las normas internacionales vigentes y las leyes locales. Despl\u00e1cese hacia abajo para obtener m\u00e1s informaci\u00f3n sobre el proceso de renovaci\u00f3n.<\/p>\n\n<div class=\"wp-block-theme-blocks-step theme-block appear-on-scroll no-image\"><div class=\"layout\"><div class=\"block-step\">1<\/div><div class=\"block-content\">\n<h3  class=\"appear-on-scroll wp-block-heading\" ><span class=\"text\">Comienza el per\u00edodo de presentaci\u00f3n<\/span><\/h3>\n\n<p class=\"appear-on-scroll\">Las f\u00e1bricas pueden solicitar la renovaci\u00f3n de su certificaci\u00f3n hasta 90 d\u00edas antes de la fecha de vencimiento de su certificado actual. <\/p>\n\n<p class=\"appear-on-scroll\">Cuando comience este per\u00edodo de presentaci\u00f3n, la solicitud de renovaci\u00f3n de su f\u00e1brica estar\u00e1 disponible <a href=\"https:\/\/www.mywrapcompliance.org\/\" target=\"_blank\" rel=\"noreferrer noopener\">en tu tablero<\/a> en la plataforma de usuario. Se puede completar en cualquier momento. Tambi\u00e9n se le notificar\u00e1 por correo electr\u00f3nico. Si faltan menos de 90 d\u00edas para la fecha de vencimiento de su certificado y no ha recibido este correo electr\u00f3nico, comun\u00edquese con nosotros a <a href=\"mailto:info@wrapcompliance.org\">info@wrapcompliance.org<\/a>.<\/p>\n<\/div><\/div><\/div>\n\n<div class=\"wp-block-theme-blocks-step theme-block appear-on-scroll no-image\"><div class=\"layout\"><div class=\"block-step\">2<\/div><div class=\"block-content\">\n<h3  class=\"appear-on-scroll wp-block-heading\" ><span class=\"text\">Verifique dos veces la informaci\u00f3n de f\u00e1brica<\/span><\/h3>\n\n<p class=\"appear-on-scroll\">Confirme que el nombre y la direcci\u00f3n de su centro no han cambiado desde que se envi\u00f3 la solicitud anterior. <\/p>\n\n<p class=\"appear-on-scroll\">Si esta informaci\u00f3n necesita ser actualizada, complete los formularios necesarios, que puede encontrar <a href=\"\/es\/certification\/certification-explained\/#companyinfoforms\">aqu\u00ed<\/a>Se generar\u00e1 un nuevo n\u00famero de registro WRAP si su f\u00e1brica est\u00e1 en una nueva ubicaci\u00f3n. A continuaci\u00f3n, puede enviar una solicitud de renovaci\u00f3n. <\/p>\n<\/div><\/div><\/div>\n\n<div class=\"wp-block-theme-blocks-step theme-block appear-on-scroll no-image\"><div class=\"layout\"><div class=\"block-step\">3<\/div><div class=\"block-content\">\n<h3  class=\"appear-on-scroll wp-block-heading\" ><span class=\"text\">Actualice la informaci\u00f3n de producci\u00f3n, personal y operaciones.<\/span><\/h3>\n\n<p class=\"appear-on-scroll\">Actualice cualquier informaci\u00f3n que est\u00e9 sujeta a cambios en el transcurso de un a\u00f1o determinado. Esto incluye la cantidad actual de trabajadores empleados en sus f\u00e1bricas, los tipos de productos que fabrica y los compradores con los que trabaja. <\/p>\n<\/div><\/div><\/div>\n\n<div class=\"wp-block-theme-blocks-step theme-block appear-on-scroll no-image\"><div class=\"layout\"><div class=\"block-step\">4<\/div><div class=\"block-content\">\n<h3  class=\"appear-on-scroll wp-block-heading\" ><span class=\"text\">Pagar cuota de registro<\/span><\/h3>\n\n<p class=\"appear-on-scroll\">Se le pedir\u00e1 que pague la cuota de registro. Una vez pagado, la firma de monitoreo identificada en la solicitud iniciar\u00e1 una auditor\u00eda.<\/p>\n<\/div><\/div><\/div>\n\n<div class=\"wp-block-theme-blocks-step theme-block appear-on-scroll no-image\"><div class=\"layout\"><div class=\"block-step\">5<\/div><div class=\"block-content\">\n<h3  class=\"appear-on-scroll wp-block-heading\" ><span class=\"text\">Programe una auditor\u00eda completa de las f\u00e1bricas<\/span><\/h3>\n\n<p class=\"appear-on-scroll\">El monitor se comunicar\u00e1 para compartir m\u00e1s informaci\u00f3n sobre sus tarifas de auditor\u00eda y programar\u00e1 una ventana de cuatro semanas para la auditor\u00eda completa de las f\u00e1bricas. <\/p>\n<\/div><\/div><\/div>\n\n<div class=\"wp-block-theme-blocks-step theme-block appear-on-scroll no-image\"><div class=\"layout\"><div class=\"block-step\">6<\/div><div class=\"block-content\">\n<h3  class=\"appear-on-scroll wp-block-heading\" ><span class=\"text\">Auditor\u00eda completa<\/span><\/h3>\n\n<p class=\"appear-on-scroll\">A partir de aqu\u00ed, el proceso es id\u00e9ntico al original. <a href=\"https:\/\/wrapcompliance.org\/es\/certification\/certification-explained\/\">Certificaci\u00f3n<\/a> procedimientos para nuevas f\u00e1bricas, incluida la auditor\u00eda completa de la f\u00e1brica y las evaluaciones del informe de auditor\u00eda final por parte del personal de WRAP y una junta de revisi\u00f3n independiente. <\/p>\n<\/div><\/div><\/div>","protected":false},"excerpt":{"rendered":"<p>Renewing a WRAP certification Renewals are more streamlined than the original registration process, but each facility must still undergo a new audit to ensure continued compliance. All WRAP audits \u2014 including those conducted for the purposes of a renewal \u2014 take into account new, evolving, and prospective regulations. As such, prior certification does not ensure [&hellip;]<\/p>\n","protected":false},"author":31,"featured_media":0,"parent":24387,"menu_order":3,"comment_status":"closed","ping_status":"closed","template":"","meta":{"_acf_changed":false,"featured_image_background_position":"","footnotes":""},"class_list":["post-24725","page","type-page","status-publish","hentry"],"acf":[],"yoast_head":"<!-- This site is optimized with the Yoast SEO plugin v27.4 - https:\/\/yoast.com\/product\/yoast-seo-wordpress\/ -->\n<title>Renewal process - WRAP Compliance<\/title>\n<meta name=\"description\" content=\"Renewal process for WRAP certified facilities to confirm social compliance standards continue to be met in your facility\" \/>\n<meta name=\"robots\" content=\"index, follow, max-snippet:-1, max-image-preview:large, max-video-preview:-1\" \/>\n<link rel=\"canonical\" href=\"https:\/\/wrapcompliance.org\/es\/certification\/renew-status\/\" \/>\n<meta property=\"og:locale\" content=\"es_ES\" \/>\n<meta property=\"og:type\" content=\"article\" \/>\n<meta property=\"og:title\" content=\"Renewal process - WRAP Compliance\" \/>\n<meta property=\"og:description\" content=\"Renewal process for WRAP certified facilities to confirm social compliance standards continue to be met in your facility\" \/>\n<meta property=\"og:url\" content=\"https:\/\/wrapcompliance.org\/es\/certification\/renew-status\/\" \/>\n<meta property=\"og:site_name\" content=\"WRAP Compliance\" \/>\n<meta property=\"article:publisher\" content=\"https:\/\/www.facebook.com\/WRAPcompliance\/\" \/>\n<meta property=\"article:modified_time\" content=\"2026-04-24T12:55:42+00:00\" \/>\n<meta property=\"og:image\" content=\"https:\/\/wrapcompliance.org\/wp-content\/uploads\/2022\/10\/social-default-1200.jpg\" \/>\n\t<meta property=\"og:image:width\" content=\"1200\" \/>\n\t<meta property=\"og:image:height\" content=\"630\" \/>\n\t<meta property=\"og:image:type\" content=\"image\/jpeg\" \/>\n<meta name=\"twitter:card\" content=\"summary_large_image\" \/>\n<meta name=\"twitter:site\" content=\"@wrapcompliance\" \/>\n<meta name=\"twitter:label1\" content=\"Tiempo de lectura\" \/>\n\t<meta name=\"twitter:data1\" content=\"2 minutos\" \/>\n<script type=\"application\/ld+json\" class=\"yoast-schema-graph\">{\"@context\":\"https:\\\/\\\/schema.org\",\"@graph\":[{\"@type\":\"WebPage\",\"@id\":\"https:\\\/\\\/wrapcompliance.org\\\/certification\\\/renew-status\\\/\",\"url\":\"https:\\\/\\\/wrapcompliance.org\\\/certification\\\/renew-status\\\/\",\"name\":\"Renewal process - WRAP Compliance\",\"isPartOf\":{\"@id\":\"https:\\\/\\\/wrapcompliance.org\\\/en\\\/#website\"},\"datePublished\":\"2022-08-23T19:44:00+00:00\",\"dateModified\":\"2026-04-24T12:55:42+00:00\",\"description\":\"Renewal process for WRAP certified facilities to confirm social compliance standards continue to be met in your facility\",\"breadcrumb\":{\"@id\":\"https:\\\/\\\/wrapcompliance.org\\\/certification\\\/renew-status\\\/#breadcrumb\"},\"inLanguage\":\"es\",\"potentialAction\":[{\"@type\":\"ReadAction\",\"target\":[\"https:\\\/\\\/wrapcompliance.org\\\/certification\\\/renew-status\\\/\"]}]},{\"@type\":\"BreadcrumbList\",\"@id\":\"https:\\\/\\\/wrapcompliance.org\\\/certification\\\/renew-status\\\/#breadcrumb\",\"itemListElement\":[{\"@type\":\"ListItem\",\"position\":1,\"name\":\"Home\",\"item\":\"https:\\\/\\\/wrapcompliance.org\\\/\"},{\"@type\":\"ListItem\",\"position\":2,\"name\":\"Certification Explained\",\"item\":\"https:\\\/\\\/wrapcompliance.org\\\/certification\\\/\"},{\"@type\":\"ListItem\",\"position\":3,\"name\":\"Renewal process\"}]},{\"@type\":\"WebSite\",\"@id\":\"https:\\\/\\\/wrapcompliance.org\\\/en\\\/#website\",\"url\":\"https:\\\/\\\/wrapcompliance.org\\\/en\\\/\",\"name\":\"WRAP Compliance\",\"description\":\"Ensuring production facilities operate in a safe, responsible, and ethical way. Through our 12 Principles, we promote lawful, humane manufacturing in facilities throughout the world via our Certification and Training programs.\",\"publisher\":{\"@id\":\"https:\\\/\\\/wrapcompliance.org\\\/en\\\/#organization\"},\"potentialAction\":[{\"@type\":\"SearchAction\",\"target\":{\"@type\":\"EntryPoint\",\"urlTemplate\":\"https:\\\/\\\/wrapcompliance.org\\\/en\\\/?s={search_term_string}\"},\"query-input\":{\"@type\":\"PropertyValueSpecification\",\"valueRequired\":true,\"valueName\":\"search_term_string\"}}],\"inLanguage\":\"es\"},{\"@type\":\"Organization\",\"@id\":\"https:\\\/\\\/wrapcompliance.org\\\/en\\\/#organization\",\"name\":\"Worldwide Responsible Accredited Production\",\"alternateName\":\"WRAP Compliance\",\"url\":\"https:\\\/\\\/wrapcompliance.org\\\/en\\\/\",\"logo\":{\"@type\":\"ImageObject\",\"inLanguage\":\"es\",\"@id\":\"https:\\\/\\\/wrapcompliance.org\\\/en\\\/#\\\/schema\\\/logo\\\/image\\\/\",\"url\":\"https:\\\/\\\/wrapcompliance.org\\\/wp-content\\\/uploads\\\/2022\\\/03\\\/WRAP_Logo_Update_Color_RGB.png\",\"contentUrl\":\"https:\\\/\\\/wrapcompliance.org\\\/wp-content\\\/uploads\\\/2022\\\/03\\\/WRAP_Logo_Update_Color_RGB.png\",\"width\":3601,\"height\":3451,\"caption\":\"Worldwide Responsible Accredited Production\"},\"image\":{\"@id\":\"https:\\\/\\\/wrapcompliance.org\\\/en\\\/#\\\/schema\\\/logo\\\/image\\\/\"},\"sameAs\":[\"https:\\\/\\\/www.facebook.com\\\/WRAPcompliance\\\/\",\"https:\\\/\\\/x.com\\\/wrapcompliance\",\"https:\\\/\\\/www.linkedin.com\\\/company\\\/wrapcompliance\"]}]}<\/script>\n<!-- \/ Yoast SEO plugin. -->","yoast_head_json":{"title":"Proceso de renovaci\u00f3n - Cumplimiento de WRAP","description":"Proceso de renovaci\u00f3n para instalaciones certificadas por WRAP para confirmar que se siguen cumpliendo los est\u00e1ndares de cumplimiento social en sus instalaciones","robots":{"index":"index","follow":"follow","max-snippet":"max-snippet:-1","max-image-preview":"max-image-preview:large","max-video-preview":"max-video-preview:-1"},"canonical":"https:\/\/wrapcompliance.org\/es\/certification\/renew-status\/","og_locale":"es_ES","og_type":"article","og_title":"Renewal process - WRAP Compliance","og_description":"Renewal process for WRAP certified facilities to confirm social compliance standards continue to be met in your facility","og_url":"https:\/\/wrapcompliance.org\/es\/certification\/renew-status\/","og_site_name":"WRAP Compliance","article_publisher":"https:\/\/www.facebook.com\/WRAPcompliance\/","article_modified_time":"2026-04-24T12:55:42+00:00","og_image":[{"width":1200,"height":630,"url":"https:\/\/wrapcompliance.org\/wp-content\/uploads\/2022\/10\/social-default-1200.jpg","type":"image\/jpeg"}],"twitter_card":"summary_large_image","twitter_site":"@wrapcompliance","twitter_misc":{"Tiempo de lectura":"2 minutos"},"schema":{"@context":"https:\/\/schema.org","@graph":[{"@type":"WebPage","@id":"https:\/\/wrapcompliance.org\/certification\/renew-status\/","url":"https:\/\/wrapcompliance.org\/certification\/renew-status\/","name":"Proceso de renovaci\u00f3n - Cumplimiento de WRAP","isPartOf":{"@id":"https:\/\/wrapcompliance.org\/en\/#website"},"datePublished":"2022-08-23T19:44:00+00:00","dateModified":"2026-04-24T12:55:42+00:00","description":"Proceso de renovaci\u00f3n para instalaciones certificadas por WRAP para confirmar que se siguen cumpliendo los est\u00e1ndares de cumplimiento social en sus instalaciones","breadcrumb":{"@id":"https:\/\/wrapcompliance.org\/certification\/renew-status\/#breadcrumb"},"inLanguage":"es","potentialAction":[{"@type":"ReadAction","target":["https:\/\/wrapcompliance.org\/certification\/renew-status\/"]}]},{"@type":"BreadcrumbList","@id":"https:\/\/wrapcompliance.org\/certification\/renew-status\/#breadcrumb","itemListElement":[{"@type":"ListItem","position":1,"name":"Home","item":"https:\/\/wrapcompliance.org\/"},{"@type":"ListItem","position":2,"name":"Certification Explained","item":"https:\/\/wrapcompliance.org\/certification\/"},{"@type":"ListItem","position":3,"name":"Renewal process"}]},{"@type":"WebSite","@id":"https:\/\/wrapcompliance.org\/en\/#website","url":"https:\/\/wrapcompliance.org\/en\/","name":"Cumplimiento de WRAP","description":"Garantizar que las instalaciones de producci\u00f3n operen de manera segura, responsable y \u00e9tica. A trav\u00e9s de nuestros 12 Principios, promovemos la fabricaci\u00f3n humana y legal en instalaciones de todo el mundo a trav\u00e9s de nuestros programas de Certificaci\u00f3n y Capacitaci\u00f3n.","publisher":{"@id":"https:\/\/wrapcompliance.org\/en\/#organization"},"potentialAction":[{"@type":"SearchAction","target":{"@type":"EntryPoint","urlTemplate":"https:\/\/wrapcompliance.org\/en\/?s={search_term_string}"},"query-input":{"@type":"PropertyValueSpecification","valueRequired":true,"valueName":"search_term_string"}}],"inLanguage":"es"},{"@type":"Organization","@id":"https:\/\/wrapcompliance.org\/en\/#organization","name":"Producci\u00f3n Acreditada Responsable a Nivel Mundial","alternateName":"WRAP Compliance","url":"https:\/\/wrapcompliance.org\/en\/","logo":{"@type":"ImageObject","inLanguage":"es","@id":"https:\/\/wrapcompliance.org\/en\/#\/schema\/logo\/image\/","url":"https:\/\/wrapcompliance.org\/wp-content\/uploads\/2022\/03\/WRAP_Logo_Update_Color_RGB.png","contentUrl":"https:\/\/wrapcompliance.org\/wp-content\/uploads\/2022\/03\/WRAP_Logo_Update_Color_RGB.png","width":3601,"height":3451,"caption":"Worldwide Responsible Accredited Production"},"image":{"@id":"https:\/\/wrapcompliance.org\/en\/#\/schema\/logo\/image\/"},"sameAs":["https:\/\/www.facebook.com\/WRAPcompliance\/","https:\/\/x.com\/wrapcompliance","https:\/\/www.linkedin.com\/company\/wrapcompliance"]}]}},"_links":{"self":[{"href":"https:\/\/wrapcompliance.org\/es\/wp-json\/wp\/v2\/pages\/24725","targetHints":{"allow":["GET"]}}],"collection":[{"href":"https:\/\/wrapcompliance.org\/es\/wp-json\/wp\/v2\/pages"}],"about":[{"href":"https:\/\/wrapcompliance.org\/es\/wp-json\/wp\/v2\/types\/page"}],"author":[{"embeddable":true,"href":"https:\/\/wrapcompliance.org\/es\/wp-json\/wp\/v2\/users\/31"}],"replies":[{"embeddable":true,"href":"https:\/\/wrapcompliance.org\/es\/wp-json\/wp\/v2\/comments?post=24725"}],"version-history":[{"count":2,"href":"https:\/\/wrapcompliance.org\/es\/wp-json\/wp\/v2\/pages\/24725\/revisions"}],"predecessor-version":[{"id":2345169,"href":"https:\/\/wrapcompliance.org\/es\/wp-json\/wp\/v2\/pages\/24725\/revisions\/2345169"}],"up":[{"embeddable":true,"href":"https:\/\/wrapcompliance.org\/es\/wp-json\/wp\/v2\/pages\/24387"}],"wp:attachment":[{"href":"https:\/\/wrapcompliance.org\/es\/wp-json\/wp\/v2\/media?parent=24725"}],"curies":[{"name":"wp","href":"https:\/\/api.w.org\/{rel}","templated":true}]}}