{"id":24799,"date":"2022-08-24T16:07:08","date_gmt":"2022-08-24T20:07:08","guid":{"rendered":"https:\/\/wrapcompliance.org\/?page_id=24799"},"modified":"2026-04-17T14:50:29","modified_gmt":"2026-04-17T18:50:29","slug":"usfia","status":"publish","type":"page","link":"https:\/\/wrapcompliance.org\/es\/collaboration\/usfia\/","title":{"rendered":""},"content":{"rendered":"<div role=\"banner\" class=\"theme-block wp-block-theme-blocks-page-banner full-width has-background no-image\"><div class=\"wrap\"><div class=\"layout\"><h1 class=\"block-title appear-on-scroll\"><\/h1><div class=\"block-content\">\n<figure  class=\"appear-on-scroll wp-block-image size-full is-resized\" ><img loading=\"lazy\" decoding=\"async\" width=\"985\" height=\"256\" src=\"https:\/\/wrapcompliance.org\/wp-content\/uploads\/2021\/05\/USFIA_horizontal_logo_web.png\" alt=\"United States Fashion Industry Association\" class=\"wp-image-20352\" style=\"width:600px\" srcset=\"https:\/\/wrapcompliance.org\/wp-content\/uploads\/2021\/05\/USFIA_horizontal_logo_web.png 985w, https:\/\/wrapcompliance.org\/wp-content\/uploads\/2021\/05\/USFIA_horizontal_logo_web-600x156.png 600w\" sizes=\"auto, (max-width: 985px) 100vw, 985px\" \/><\/figure>\n<\/div><div class=\"block-background\" style=\"\"><\/div><\/div><\/div><\/div>\n\n<p class=\"appear-on-scroll\">los <a href=\"https:\/\/www.usfashionindustry.com\/\" target=\"_blank\" rel=\"noreferrer noopener\">Asociaci\u00f3n de la Industria de la Moda de los Estados Unidos (USFIA)<\/a> se dedica a la moda hecha posible por el comercio global. representa marcas textiles y de indumentaria, minoristas, importadores y mayoristas con sede en los Estados Unidos y que hacen negocios a nivel mundial; trabajando para eliminar las barreras arancelarias y no arancelarias que impiden la capacidad de la industria para comerciar libremente y crear oportunidades econ\u00f3micas en los Estados Unidos y en el extranjero con el objetivo de hacer lo que podamos para hacer del mundo un lugar mejor para nuestros clientes, nuestros colegas y nuestros proveedores.<\/p>\n\n<p class=\"appear-on-scroll\">Fundada en 1989, la USFIA trabaja para eliminar las barreras arancelarias y no arancelarias que impiden que la industria de la moda pueda comerciar libremente y crear empleos en Estados Unidos. En 2022, <a href=\"https:\/\/www.usfashionindustry.com\/about\/partners\/usfia-corporate-social-responsibility-sponsor\">la USFIA nombr\u00f3 a WRAP su Patrocinador de Responsabilidad Social Corporativa<\/a>, que busca expandir la cooperaci\u00f3n y la comunicaci\u00f3n dentro del espacio de la indumentaria de EE. UU.<\/p>\n\n<div  class=\"appear-on-scroll wp-block-buttons is-content-justification-left is-layout-flex wp-container-core-buttons-is-layout-fdcfc74e wp-block-buttons-is-layout-flex\" >\n<div class=\"wp-block-button\"><a class=\"wp-block-button__link wp-element-button\" href=\"\/es\/partners\/usfia\/\"><span class=\"label\">Ver informaci\u00f3n, recursos y eventos de la asociaci\u00f3n USFIA<\/span><\/a><\/div>\n<\/div>","protected":false},"excerpt":{"rendered":"<p>The United States Fashion Industry Association (USFIA) is dedicated to fashion made possible by global trade. represents textile and apparel brands, retailers, importers, and wholesalers based in the United States and doing business globally; working to eliminate tariff and non-tariff barriers that impede the industry\u2019s ability to trade freely and create economic opportunities in the [&hellip;]<\/p>\n","protected":false},"author":3,"featured_media":0,"parent":24779,"menu_order":4,"comment_status":"closed","ping_status":"closed","template":"","meta":{"_acf_changed":false,"featured_image_background_position":"","footnotes":""},"class_list":["post-24799","page","type-page","status-publish","hentry"],"acf":[],"yoast_head":"<!-- This site is optimized with the Yoast SEO plugin v27.3 - https:\/\/yoast.com\/product\/yoast-seo-wordpress\/ -->\n<title>- WRAP Compliance<\/title>\n<meta name=\"robots\" content=\"index, follow, max-snippet:-1, max-image-preview:large, max-video-preview:-1\" \/>\n<link rel=\"canonical\" href=\"https:\/\/wrapcompliance.org\/es\/collaboration\/usfia\/\" \/>\n<meta property=\"og:locale\" content=\"es_ES\" \/>\n<meta property=\"og:type\" content=\"article\" \/>\n<meta property=\"og:title\" content=\"- WRAP Compliance\" \/>\n<meta property=\"og:description\" content=\"The United States Fashion Industry Association (USFIA) is dedicated to fashion made possible by global trade. represents textile and apparel brands, retailers, importers, and wholesalers based in the United States and doing business globally; working to eliminate tariff and non-tariff barriers that impede the industry\u2019s ability to trade freely and create economic opportunities in the [&hellip;]\" \/>\n<meta property=\"og:url\" content=\"https:\/\/wrapcompliance.org\/es\/collaboration\/usfia\/\" \/>\n<meta property=\"og:site_name\" content=\"WRAP Compliance\" \/>\n<meta property=\"article:publisher\" content=\"https:\/\/www.facebook.com\/WRAPcompliance\/\" \/>\n<meta property=\"article:modified_time\" content=\"2026-04-17T18:50:29+00:00\" \/>\n<meta property=\"og:image\" content=\"https:\/\/wrapcompliance.org\/wp-content\/uploads\/2021\/05\/USFIA_horizontal_logo_web.png\" \/>\n\t<meta property=\"og:image:width\" content=\"985\" \/>\n\t<meta property=\"og:image:height\" content=\"256\" \/>\n\t<meta property=\"og:image:type\" content=\"image\/png\" \/>\n<meta name=\"twitter:card\" content=\"summary_large_image\" \/>\n<meta name=\"twitter:site\" content=\"@wrapcompliance\" \/>\n<meta name=\"twitter:label1\" content=\"Tiempo de lectura\" \/>\n\t<meta name=\"twitter:data1\" content=\"1 minuto\" \/>\n<script type=\"application\/ld+json\" class=\"yoast-schema-graph\">{\"@context\":\"https:\\\/\\\/schema.org\",\"@graph\":[{\"@type\":\"WebPage\",\"@id\":\"https:\\\/\\\/wrapcompliance.org\\\/collaboration\\\/usfia\\\/\",\"url\":\"https:\\\/\\\/wrapcompliance.org\\\/collaboration\\\/usfia\\\/\",\"name\":\"- WRAP Compliance\",\"isPartOf\":{\"@id\":\"https:\\\/\\\/wrapcompliance.org\\\/en\\\/#website\"},\"primaryImageOfPage\":{\"@id\":\"https:\\\/\\\/wrapcompliance.org\\\/collaboration\\\/usfia\\\/#primaryimage\"},\"image\":{\"@id\":\"https:\\\/\\\/wrapcompliance.org\\\/collaboration\\\/usfia\\\/#primaryimage\"},\"thumbnailUrl\":\"https:\\\/\\\/wrapcompliance.org\\\/wp-content\\\/uploads\\\/2021\\\/05\\\/USFIA_horizontal_logo_web.png\",\"datePublished\":\"2022-08-24T20:07:08+00:00\",\"dateModified\":\"2026-04-17T18:50:29+00:00\",\"breadcrumb\":{\"@id\":\"https:\\\/\\\/wrapcompliance.org\\\/collaboration\\\/usfia\\\/#breadcrumb\"},\"inLanguage\":\"es\",\"potentialAction\":[{\"@type\":\"ReadAction\",\"target\":[\"https:\\\/\\\/wrapcompliance.org\\\/collaboration\\\/usfia\\\/\"]}]},{\"@type\":\"ImageObject\",\"inLanguage\":\"es\",\"@id\":\"https:\\\/\\\/wrapcompliance.org\\\/collaboration\\\/usfia\\\/#primaryimage\",\"url\":\"https:\\\/\\\/wrapcompliance.org\\\/wp-content\\\/uploads\\\/2021\\\/05\\\/USFIA_horizontal_logo_web.png\",\"contentUrl\":\"https:\\\/\\\/wrapcompliance.org\\\/wp-content\\\/uploads\\\/2021\\\/05\\\/USFIA_horizontal_logo_web.png\"},{\"@type\":\"BreadcrumbList\",\"@id\":\"https:\\\/\\\/wrapcompliance.org\\\/collaboration\\\/usfia\\\/#breadcrumb\",\"itemListElement\":[{\"@type\":\"ListItem\",\"position\":1,\"name\":\"Home\",\"item\":\"https:\\\/\\\/wrapcompliance.org\\\/\"},{\"@type\":\"ListItem\",\"position\":2,\"name\":\"Leadership in Action\",\"item\":\"https:\\\/\\\/wrapcompliance.org\\\/collaboration\\\/\"}]},{\"@type\":\"WebSite\",\"@id\":\"https:\\\/\\\/wrapcompliance.org\\\/en\\\/#website\",\"url\":\"https:\\\/\\\/wrapcompliance.org\\\/en\\\/\",\"name\":\"WRAP Compliance\",\"description\":\"Ensuring production facilities operate in a safe, responsible, and ethical way. Through our 12 Principles, we promote lawful, humane manufacturing in facilities throughout the world via our Certification and Training programs.\",\"publisher\":{\"@id\":\"https:\\\/\\\/wrapcompliance.org\\\/en\\\/#organization\"},\"potentialAction\":[{\"@type\":\"SearchAction\",\"target\":{\"@type\":\"EntryPoint\",\"urlTemplate\":\"https:\\\/\\\/wrapcompliance.org\\\/en\\\/?s={search_term_string}\"},\"query-input\":{\"@type\":\"PropertyValueSpecification\",\"valueRequired\":true,\"valueName\":\"search_term_string\"}}],\"inLanguage\":\"es\"},{\"@type\":\"Organization\",\"@id\":\"https:\\\/\\\/wrapcompliance.org\\\/en\\\/#organization\",\"name\":\"Worldwide Responsible Accredited Production\",\"alternateName\":\"WRAP Compliance\",\"url\":\"https:\\\/\\\/wrapcompliance.org\\\/en\\\/\",\"logo\":{\"@type\":\"ImageObject\",\"inLanguage\":\"es\",\"@id\":\"https:\\\/\\\/wrapcompliance.org\\\/en\\\/#\\\/schema\\\/logo\\\/image\\\/\",\"url\":\"https:\\\/\\\/wrapcompliance.org\\\/wp-content\\\/uploads\\\/2022\\\/03\\\/WRAP_Logo_Update_Color_RGB.png\",\"contentUrl\":\"https:\\\/\\\/wrapcompliance.org\\\/wp-content\\\/uploads\\\/2022\\\/03\\\/WRAP_Logo_Update_Color_RGB.png\",\"width\":3601,\"height\":3451,\"caption\":\"Worldwide Responsible Accredited Production\"},\"image\":{\"@id\":\"https:\\\/\\\/wrapcompliance.org\\\/en\\\/#\\\/schema\\\/logo\\\/image\\\/\"},\"sameAs\":[\"https:\\\/\\\/www.facebook.com\\\/WRAPcompliance\\\/\",\"https:\\\/\\\/x.com\\\/wrapcompliance\",\"https:\\\/\\\/www.linkedin.com\\\/company\\\/wrapcompliance\"]}]}<\/script>\n<!-- \/ Yoast SEO plugin. -->","yoast_head_json":{"title":"- Cumplimiento de WRAP","robots":{"index":"index","follow":"follow","max-snippet":"max-snippet:-1","max-image-preview":"max-image-preview:large","max-video-preview":"max-video-preview:-1"},"canonical":"https:\/\/wrapcompliance.org\/es\/collaboration\/usfia\/","og_locale":"es_ES","og_type":"article","og_title":"- WRAP Compliance","og_description":"The United States Fashion Industry Association (USFIA) is dedicated to fashion made possible by global trade. represents textile and apparel brands, retailers, importers, and wholesalers based in the United States and doing business globally; working to eliminate tariff and non-tariff barriers that impede the industry\u2019s ability to trade freely and create economic opportunities in the [&hellip;]","og_url":"https:\/\/wrapcompliance.org\/es\/collaboration\/usfia\/","og_site_name":"WRAP Compliance","article_publisher":"https:\/\/www.facebook.com\/WRAPcompliance\/","article_modified_time":"2026-04-17T18:50:29+00:00","og_image":[{"width":985,"height":256,"url":"https:\/\/wrapcompliance.org\/wp-content\/uploads\/2021\/05\/USFIA_horizontal_logo_web.png","type":"image\/png"}],"twitter_card":"summary_large_image","twitter_site":"@wrapcompliance","twitter_misc":{"Tiempo de lectura":"1 minuto"},"schema":{"@context":"https:\/\/schema.org","@graph":[{"@type":"WebPage","@id":"https:\/\/wrapcompliance.org\/collaboration\/usfia\/","url":"https:\/\/wrapcompliance.org\/collaboration\/usfia\/","name":"- Cumplimiento de WRAP","isPartOf":{"@id":"https:\/\/wrapcompliance.org\/en\/#website"},"primaryImageOfPage":{"@id":"https:\/\/wrapcompliance.org\/collaboration\/usfia\/#primaryimage"},"image":{"@id":"https:\/\/wrapcompliance.org\/collaboration\/usfia\/#primaryimage"},"thumbnailUrl":"https:\/\/wrapcompliance.org\/wp-content\/uploads\/2021\/05\/USFIA_horizontal_logo_web.png","datePublished":"2022-08-24T20:07:08+00:00","dateModified":"2026-04-17T18:50:29+00:00","breadcrumb":{"@id":"https:\/\/wrapcompliance.org\/collaboration\/usfia\/#breadcrumb"},"inLanguage":"es","potentialAction":[{"@type":"ReadAction","target":["https:\/\/wrapcompliance.org\/collaboration\/usfia\/"]}]},{"@type":"ImageObject","inLanguage":"es","@id":"https:\/\/wrapcompliance.org\/collaboration\/usfia\/#primaryimage","url":"https:\/\/wrapcompliance.org\/wp-content\/uploads\/2021\/05\/USFIA_horizontal_logo_web.png","contentUrl":"https:\/\/wrapcompliance.org\/wp-content\/uploads\/2021\/05\/USFIA_horizontal_logo_web.png"},{"@type":"BreadcrumbList","@id":"https:\/\/wrapcompliance.org\/collaboration\/usfia\/#breadcrumb","itemListElement":[{"@type":"ListItem","position":1,"name":"Home","item":"https:\/\/wrapcompliance.org\/"},{"@type":"ListItem","position":2,"name":"Leadership in Action","item":"https:\/\/wrapcompliance.org\/collaboration\/"}]},{"@type":"WebSite","@id":"https:\/\/wrapcompliance.org\/en\/#website","url":"https:\/\/wrapcompliance.org\/en\/","name":"Cumplimiento de WRAP","description":"Garantizar que las instalaciones de producci\u00f3n operen de manera segura, responsable y \u00e9tica. A trav\u00e9s de nuestros 12 Principios, promovemos la fabricaci\u00f3n humana y legal en instalaciones de todo el mundo a trav\u00e9s de nuestros programas de Certificaci\u00f3n y Capacitaci\u00f3n.","publisher":{"@id":"https:\/\/wrapcompliance.org\/en\/#organization"},"potentialAction":[{"@type":"SearchAction","target":{"@type":"EntryPoint","urlTemplate":"https:\/\/wrapcompliance.org\/en\/?s={search_term_string}"},"query-input":{"@type":"PropertyValueSpecification","valueRequired":true,"valueName":"search_term_string"}}],"inLanguage":"es"},{"@type":"Organization","@id":"https:\/\/wrapcompliance.org\/en\/#organization","name":"Producci\u00f3n Acreditada Responsable a Nivel Mundial","alternateName":"WRAP Compliance","url":"https:\/\/wrapcompliance.org\/en\/","logo":{"@type":"ImageObject","inLanguage":"es","@id":"https:\/\/wrapcompliance.org\/en\/#\/schema\/logo\/image\/","url":"https:\/\/wrapcompliance.org\/wp-content\/uploads\/2022\/03\/WRAP_Logo_Update_Color_RGB.png","contentUrl":"https:\/\/wrapcompliance.org\/wp-content\/uploads\/2022\/03\/WRAP_Logo_Update_Color_RGB.png","width":3601,"height":3451,"caption":"Worldwide Responsible Accredited Production"},"image":{"@id":"https:\/\/wrapcompliance.org\/en\/#\/schema\/logo\/image\/"},"sameAs":["https:\/\/www.facebook.com\/WRAPcompliance\/","https:\/\/x.com\/wrapcompliance","https:\/\/www.linkedin.com\/company\/wrapcompliance"]}]}},"_links":{"self":[{"href":"https:\/\/wrapcompliance.org\/es\/wp-json\/wp\/v2\/pages\/24799","targetHints":{"allow":["GET"]}}],"collection":[{"href":"https:\/\/wrapcompliance.org\/es\/wp-json\/wp\/v2\/pages"}],"about":[{"href":"https:\/\/wrapcompliance.org\/es\/wp-json\/wp\/v2\/types\/page"}],"author":[{"embeddable":true,"href":"https:\/\/wrapcompliance.org\/es\/wp-json\/wp\/v2\/users\/3"}],"replies":[{"embeddable":true,"href":"https:\/\/wrapcompliance.org\/es\/wp-json\/wp\/v2\/comments?post=24799"}],"version-history":[{"count":1,"href":"https:\/\/wrapcompliance.org\/es\/wp-json\/wp\/v2\/pages\/24799\/revisions"}],"predecessor-version":[{"id":2345013,"href":"https:\/\/wrapcompliance.org\/es\/wp-json\/wp\/v2\/pages\/24799\/revisions\/2345013"}],"up":[{"embeddable":true,"href":"https:\/\/wrapcompliance.org\/es\/wp-json\/wp\/v2\/pages\/24779"}],"wp:attachment":[{"href":"https:\/\/wrapcompliance.org\/es\/wp-json\/wp\/v2\/media?parent=24799"}],"curies":[{"name":"wp","href":"https:\/\/api.w.org\/{rel}","templated":true}]}}