{"id":24825,"date":"2022-08-24T16:02:28","date_gmt":"2022-08-24T20:02:28","guid":{"rendered":"https:\/\/wrapcompliance.org\/?page_id=24825"},"modified":"2023-08-02T10:45:01","modified_gmt":"2023-08-02T14:45:01","slug":"caf","status":"publish","type":"page","link":"https:\/\/wrapcompliance.org\/es\/collaboration\/caf\/","title":{"rendered":""},"content":{"rendered":"<div role=\"banner\" class=\"theme-block wp-block-theme-blocks-page-banner full-width has-background no-image\"><div class=\"wrap\"><div class=\"layout\"><h1 class=\"block-title appear-on-scroll\"><\/h1><div class=\"block-content\">\n<figure  class=\"appear-on-scroll wp-block-image size-full\" ><img loading=\"lazy\" decoding=\"async\" width=\"553\" height=\"135\" src=\"https:\/\/wrapcompliance.org\/wp-content\/uploads\/2022\/09\/CAF_Logo.jpg\" alt=\"CAF Logo\" class=\"wp-image-26128\" srcset=\"https:\/\/wrapcompliance.org\/wp-content\/uploads\/2022\/09\/CAF_Logo.jpg 553w, https:\/\/wrapcompliance.org\/wp-content\/uploads\/2022\/09\/CAF_Logo-300x73.jpg 300w, https:\/\/wrapcompliance.org\/wp-content\/uploads\/2022\/09\/CAF_Logo-18x4.jpg 18w\" sizes=\"auto, (max-width: 553px) 100vw, 553px\" \/><\/figure>\n<\/div><div class=\"block-background\" style=\"\"><\/div><\/div><\/div><\/div>\n\n<p class=\"appear-on-scroll\">los <a href=\"https:\/\/www.apparel.ca\/\" target=\"_blank\" rel=\"noreferrer noopener\">Federaci\u00f3n Canadiense de la Confecci\u00f3n (CAF)<\/a> Es la asociaci\u00f3n nacional de la industria textil de Canad\u00e1. CAF re\u00fane y presta servicios a empresas de todo el pa\u00eds. La organizaci\u00f3n aborda temas como el comercio internacional, los aranceles, la pol\u00edtica de competencia y la seguridad de los productos, adem\u00e1s de una amplia gama de otros temas.<\/p>\n\n<p class=\"appear-on-scroll\">WRAP renov\u00f3 su colaboraci\u00f3n con la CAF en 2022 mediante un Memorando de Entendimiento (MdE) revisado. El nuevo acuerdo enfatiza el compromiso compartido de ambas organizaciones de organizar eventos que mantengan a las partes interesadas informadas y preparadas para los desaf\u00edos cambiantes que enfrentan sus cadenas de suministro. WRAP se enorgullece de apoyar la labor de la CAF en el sector textil canadiense y se complace en seguir siendo su socio en materia de responsabilidad social corporativa (RSC) en 2022.<\/p>\n\n<div  class=\"appear-on-scroll wp-block-buttons is-content-justification-left is-layout-flex wp-container-core-buttons-is-layout-fdcfc74e wp-block-buttons-is-layout-flex\" >\n<div class=\"wp-block-button\"><a class=\"wp-block-button__link wp-element-button\" href=\"\/es\/partners\/caf\/\"><span class=\"label\">Ver informaci\u00f3n, recursos y eventos de la asociaci\u00f3n CAF<\/span><\/a><\/div>\n<\/div>","protected":false},"excerpt":{"rendered":"<p>The Canadian Apparel Federation (CAF) is the national association for Canada&#8217;s apparel industry. CAF brings together and provides services to firms from across the country. The organization engages on issues such as international trade, tariffs, competition policy, and product safety plus a wide range of other issues. WRAP renewed its partnership with the CAF in [&hellip;]<\/p>\n","protected":false},"author":3,"featured_media":0,"parent":24702,"menu_order":3,"comment_status":"closed","ping_status":"closed","template":"","meta":{"_acf_changed":false,"featured_image_background_position":"","footnotes":""},"class_list":["post-24825","page","type-page","status-publish","hentry"],"acf":[],"yoast_head":"<!-- This site is optimized with the Yoast SEO plugin v27.3 - https:\/\/yoast.com\/product\/yoast-seo-wordpress\/ -->\n<title>- WRAP Compliance<\/title>\n<meta name=\"robots\" content=\"index, follow, max-snippet:-1, max-image-preview:large, max-video-preview:-1\" \/>\n<link rel=\"canonical\" href=\"https:\/\/wrapcompliance.org\/es\/collaboration\/caf\/\" \/>\n<meta property=\"og:locale\" content=\"es_ES\" \/>\n<meta property=\"og:type\" content=\"article\" \/>\n<meta property=\"og:title\" content=\"- WRAP Compliance\" \/>\n<meta property=\"og:description\" content=\"The Canadian Apparel Federation (CAF) is the national association for Canada&#8217;s apparel industry. CAF brings together and provides services to firms from across the country. The organization engages on issues such as international trade, tariffs, competition policy, and product safety plus a wide range of other issues. WRAP renewed its partnership with the CAF in [&hellip;]\" \/>\n<meta property=\"og:url\" content=\"https:\/\/wrapcompliance.org\/es\/collaboration\/caf\/\" \/>\n<meta property=\"og:site_name\" content=\"WRAP Compliance\" \/>\n<meta property=\"article:publisher\" content=\"https:\/\/www.facebook.com\/WRAPcompliance\/\" \/>\n<meta property=\"article:modified_time\" content=\"2023-08-02T14:45:01+00:00\" \/>\n<meta property=\"og:image\" content=\"https:\/\/wrapcompliance.org\/wp-content\/uploads\/2022\/09\/CAF_Logo.jpg\" \/>\n<meta name=\"twitter:card\" content=\"summary_large_image\" \/>\n<meta name=\"twitter:site\" content=\"@wrapcompliance\" \/>\n<meta name=\"twitter:label1\" content=\"Tiempo de lectura\" \/>\n\t<meta name=\"twitter:data1\" content=\"1 minuto\" \/>\n<script type=\"application\/ld+json\" class=\"yoast-schema-graph\">{\"@context\":\"https:\\\/\\\/schema.org\",\"@graph\":[{\"@type\":\"WebPage\",\"@id\":\"https:\\\/\\\/wrapcompliance.org\\\/collaboration\\\/caf\\\/\",\"url\":\"https:\\\/\\\/wrapcompliance.org\\\/collaboration\\\/caf\\\/\",\"name\":\"- WRAP Compliance\",\"isPartOf\":{\"@id\":\"https:\\\/\\\/wrapcompliance.org\\\/en\\\/#website\"},\"primaryImageOfPage\":{\"@id\":\"https:\\\/\\\/wrapcompliance.org\\\/collaboration\\\/caf\\\/#primaryimage\"},\"image\":{\"@id\":\"https:\\\/\\\/wrapcompliance.org\\\/collaboration\\\/caf\\\/#primaryimage\"},\"thumbnailUrl\":\"https:\\\/\\\/wrapcompliance.org\\\/wp-content\\\/uploads\\\/2022\\\/09\\\/CAF_Logo.jpg\",\"datePublished\":\"2022-08-24T20:02:28+00:00\",\"dateModified\":\"2023-08-02T14:45:01+00:00\",\"breadcrumb\":{\"@id\":\"https:\\\/\\\/wrapcompliance.org\\\/collaboration\\\/caf\\\/#breadcrumb\"},\"inLanguage\":\"es\",\"potentialAction\":[{\"@type\":\"ReadAction\",\"target\":[\"https:\\\/\\\/wrapcompliance.org\\\/collaboration\\\/caf\\\/\"]}]},{\"@type\":\"ImageObject\",\"inLanguage\":\"es\",\"@id\":\"https:\\\/\\\/wrapcompliance.org\\\/collaboration\\\/caf\\\/#primaryimage\",\"url\":\"https:\\\/\\\/wrapcompliance.org\\\/wp-content\\\/uploads\\\/2022\\\/09\\\/CAF_Logo.jpg\",\"contentUrl\":\"https:\\\/\\\/wrapcompliance.org\\\/wp-content\\\/uploads\\\/2022\\\/09\\\/CAF_Logo.jpg\"},{\"@type\":\"BreadcrumbList\",\"@id\":\"https:\\\/\\\/wrapcompliance.org\\\/collaboration\\\/caf\\\/#breadcrumb\",\"itemListElement\":[{\"@type\":\"ListItem\",\"position\":1,\"name\":\"Home\",\"item\":\"https:\\\/\\\/wrapcompliance.org\\\/\"},{\"@type\":\"ListItem\",\"position\":2,\"name\":\"Collaboration\",\"item\":\"https:\\\/\\\/wrapcompliance.org\\\/en\\\/collaboration\\\/\"}]},{\"@type\":\"WebSite\",\"@id\":\"https:\\\/\\\/wrapcompliance.org\\\/en\\\/#website\",\"url\":\"https:\\\/\\\/wrapcompliance.org\\\/en\\\/\",\"name\":\"WRAP Compliance\",\"description\":\"Ensuring production facilities operate in a safe, responsible, and ethical way. Through our 12 Principles, we promote lawful, humane manufacturing in facilities throughout the world via our Certification and Training programs.\",\"publisher\":{\"@id\":\"https:\\\/\\\/wrapcompliance.org\\\/en\\\/#organization\"},\"potentialAction\":[{\"@type\":\"SearchAction\",\"target\":{\"@type\":\"EntryPoint\",\"urlTemplate\":\"https:\\\/\\\/wrapcompliance.org\\\/en\\\/?s={search_term_string}\"},\"query-input\":{\"@type\":\"PropertyValueSpecification\",\"valueRequired\":true,\"valueName\":\"search_term_string\"}}],\"inLanguage\":\"es\"},{\"@type\":\"Organization\",\"@id\":\"https:\\\/\\\/wrapcompliance.org\\\/en\\\/#organization\",\"name\":\"Worldwide Responsible Accredited Production\",\"alternateName\":\"WRAP Compliance\",\"url\":\"https:\\\/\\\/wrapcompliance.org\\\/en\\\/\",\"logo\":{\"@type\":\"ImageObject\",\"inLanguage\":\"es\",\"@id\":\"https:\\\/\\\/wrapcompliance.org\\\/en\\\/#\\\/schema\\\/logo\\\/image\\\/\",\"url\":\"https:\\\/\\\/wrapcompliance.org\\\/wp-content\\\/uploads\\\/2022\\\/03\\\/WRAP_Logo_Update_Color_RGB.png\",\"contentUrl\":\"https:\\\/\\\/wrapcompliance.org\\\/wp-content\\\/uploads\\\/2022\\\/03\\\/WRAP_Logo_Update_Color_RGB.png\",\"width\":3601,\"height\":3451,\"caption\":\"Worldwide Responsible Accredited Production\"},\"image\":{\"@id\":\"https:\\\/\\\/wrapcompliance.org\\\/en\\\/#\\\/schema\\\/logo\\\/image\\\/\"},\"sameAs\":[\"https:\\\/\\\/www.facebook.com\\\/WRAPcompliance\\\/\",\"https:\\\/\\\/x.com\\\/wrapcompliance\",\"https:\\\/\\\/www.linkedin.com\\\/company\\\/wrapcompliance\"]}]}<\/script>\n<!-- \/ Yoast SEO plugin. -->","yoast_head_json":{"title":"- Cumplimiento de WRAP","robots":{"index":"index","follow":"follow","max-snippet":"max-snippet:-1","max-image-preview":"max-image-preview:large","max-video-preview":"max-video-preview:-1"},"canonical":"https:\/\/wrapcompliance.org\/es\/collaboration\/caf\/","og_locale":"es_ES","og_type":"article","og_title":"- WRAP Compliance","og_description":"The Canadian Apparel Federation (CAF) is the national association for Canada&#8217;s apparel industry. CAF brings together and provides services to firms from across the country. The organization engages on issues such as international trade, tariffs, competition policy, and product safety plus a wide range of other issues. WRAP renewed its partnership with the CAF in [&hellip;]","og_url":"https:\/\/wrapcompliance.org\/es\/collaboration\/caf\/","og_site_name":"WRAP Compliance","article_publisher":"https:\/\/www.facebook.com\/WRAPcompliance\/","article_modified_time":"2023-08-02T14:45:01+00:00","og_image":[{"url":"https:\/\/wrapcompliance.org\/wp-content\/uploads\/2022\/09\/CAF_Logo.jpg","type":"","width":"","height":""}],"twitter_card":"summary_large_image","twitter_site":"@wrapcompliance","twitter_misc":{"Tiempo de lectura":"1 minuto"},"schema":{"@context":"https:\/\/schema.org","@graph":[{"@type":"WebPage","@id":"https:\/\/wrapcompliance.org\/collaboration\/caf\/","url":"https:\/\/wrapcompliance.org\/collaboration\/caf\/","name":"- Cumplimiento de WRAP","isPartOf":{"@id":"https:\/\/wrapcompliance.org\/en\/#website"},"primaryImageOfPage":{"@id":"https:\/\/wrapcompliance.org\/collaboration\/caf\/#primaryimage"},"image":{"@id":"https:\/\/wrapcompliance.org\/collaboration\/caf\/#primaryimage"},"thumbnailUrl":"https:\/\/wrapcompliance.org\/wp-content\/uploads\/2022\/09\/CAF_Logo.jpg","datePublished":"2022-08-24T20:02:28+00:00","dateModified":"2023-08-02T14:45:01+00:00","breadcrumb":{"@id":"https:\/\/wrapcompliance.org\/collaboration\/caf\/#breadcrumb"},"inLanguage":"es","potentialAction":[{"@type":"ReadAction","target":["https:\/\/wrapcompliance.org\/collaboration\/caf\/"]}]},{"@type":"ImageObject","inLanguage":"es","@id":"https:\/\/wrapcompliance.org\/collaboration\/caf\/#primaryimage","url":"https:\/\/wrapcompliance.org\/wp-content\/uploads\/2022\/09\/CAF_Logo.jpg","contentUrl":"https:\/\/wrapcompliance.org\/wp-content\/uploads\/2022\/09\/CAF_Logo.jpg"},{"@type":"BreadcrumbList","@id":"https:\/\/wrapcompliance.org\/collaboration\/caf\/#breadcrumb","itemListElement":[{"@type":"ListItem","position":1,"name":"Home","item":"https:\/\/wrapcompliance.org\/"},{"@type":"ListItem","position":2,"name":"Collaboration","item":"https:\/\/wrapcompliance.org\/en\/collaboration\/"}]},{"@type":"WebSite","@id":"https:\/\/wrapcompliance.org\/en\/#website","url":"https:\/\/wrapcompliance.org\/en\/","name":"Cumplimiento de WRAP","description":"Garantizar que las instalaciones de producci\u00f3n operen de manera segura, responsable y \u00e9tica. A trav\u00e9s de nuestros 12 Principios, promovemos la fabricaci\u00f3n humana y legal en instalaciones de todo el mundo a trav\u00e9s de nuestros programas de Certificaci\u00f3n y Capacitaci\u00f3n.","publisher":{"@id":"https:\/\/wrapcompliance.org\/en\/#organization"},"potentialAction":[{"@type":"SearchAction","target":{"@type":"EntryPoint","urlTemplate":"https:\/\/wrapcompliance.org\/en\/?s={search_term_string}"},"query-input":{"@type":"PropertyValueSpecification","valueRequired":true,"valueName":"search_term_string"}}],"inLanguage":"es"},{"@type":"Organization","@id":"https:\/\/wrapcompliance.org\/en\/#organization","name":"Producci\u00f3n Acreditada Responsable a Nivel Mundial","alternateName":"WRAP Compliance","url":"https:\/\/wrapcompliance.org\/en\/","logo":{"@type":"ImageObject","inLanguage":"es","@id":"https:\/\/wrapcompliance.org\/en\/#\/schema\/logo\/image\/","url":"https:\/\/wrapcompliance.org\/wp-content\/uploads\/2022\/03\/WRAP_Logo_Update_Color_RGB.png","contentUrl":"https:\/\/wrapcompliance.org\/wp-content\/uploads\/2022\/03\/WRAP_Logo_Update_Color_RGB.png","width":3601,"height":3451,"caption":"Worldwide Responsible Accredited Production"},"image":{"@id":"https:\/\/wrapcompliance.org\/en\/#\/schema\/logo\/image\/"},"sameAs":["https:\/\/www.facebook.com\/WRAPcompliance\/","https:\/\/x.com\/wrapcompliance","https:\/\/www.linkedin.com\/company\/wrapcompliance"]}]}},"_links":{"self":[{"href":"https:\/\/wrapcompliance.org\/es\/wp-json\/wp\/v2\/pages\/24825","targetHints":{"allow":["GET"]}}],"collection":[{"href":"https:\/\/wrapcompliance.org\/es\/wp-json\/wp\/v2\/pages"}],"about":[{"href":"https:\/\/wrapcompliance.org\/es\/wp-json\/wp\/v2\/types\/page"}],"author":[{"embeddable":true,"href":"https:\/\/wrapcompliance.org\/es\/wp-json\/wp\/v2\/users\/3"}],"replies":[{"embeddable":true,"href":"https:\/\/wrapcompliance.org\/es\/wp-json\/wp\/v2\/comments?post=24825"}],"version-history":[{"count":0,"href":"https:\/\/wrapcompliance.org\/es\/wp-json\/wp\/v2\/pages\/24825\/revisions"}],"up":[{"embeddable":true,"href":"https:\/\/wrapcompliance.org\/es\/wp-json\/wp\/v2\/pages\/24702"}],"wp:attachment":[{"href":"https:\/\/wrapcompliance.org\/es\/wp-json\/wp\/v2\/media?parent=24825"}],"curies":[{"name":"wp","href":"https:\/\/api.w.org\/{rel}","templated":true}]}}