{"id":24828,"date":"2022-08-24T16:02:49","date_gmt":"2022-08-24T20:02:49","guid":{"rendered":"https:\/\/wrapcompliance.org\/?page_id=24828"},"modified":"2023-08-29T12:34:44","modified_gmt":"2023-08-29T16:34:44","slug":"apsca","status":"publish","type":"page","link":"https:\/\/wrapcompliance.org\/es\/collaboration\/apsca\/","title":{"rendered":""},"content":{"rendered":"<div role=\"banner\" class=\"theme-block wp-block-theme-blocks-page-banner full-width has-background no-image\"><div class=\"wrap\"><div class=\"layout\"><h1 class=\"block-title appear-on-scroll\"><\/h1><div class=\"block-content\">\n<figure  class=\"appear-on-scroll wp-block-image size-large\" ><img loading=\"lazy\" decoding=\"async\" width=\"1024\" height=\"602\" src=\"https:\/\/wrapcompliance.org\/wp-content\/uploads\/2022\/09\/APSCA_Logo-1024x602.png\" alt=\"APSCA Logo\" class=\"wp-image-26132\" srcset=\"https:\/\/wrapcompliance.org\/wp-content\/uploads\/2022\/09\/APSCA_Logo-1024x602.png 1024w, https:\/\/wrapcompliance.org\/wp-content\/uploads\/2022\/09\/APSCA_Logo-300x176.png 300w, https:\/\/wrapcompliance.org\/wp-content\/uploads\/2022\/09\/APSCA_Logo-768x451.png 768w, https:\/\/wrapcompliance.org\/wp-content\/uploads\/2022\/09\/APSCA_Logo-18x12.png 18w, https:\/\/wrapcompliance.org\/wp-content\/uploads\/2022\/09\/APSCA_Logo-600x353.png 600w, https:\/\/wrapcompliance.org\/wp-content\/uploads\/2022\/09\/APSCA_Logo-1000x588.png 1000w, https:\/\/wrapcompliance.org\/wp-content\/uploads\/2022\/09\/APSCA_Logo.png 1392w\" sizes=\"auto, (max-width: 1024px) 100vw, 1024px\" \/><\/figure>\n<\/div><div class=\"block-background\" style=\"\"><\/div><\/div><\/div><\/div>\n\n<p class=\"appear-on-scroll\">Fundada en 2015, la <a href=\"http:\/\/theapsca.org\" target=\"_blank\" rel=\"noreferrer noopener\">Asociaci\u00f3n de Auditores Profesionales de Cumplimiento Social (APSCA)<\/a> es una asociaci\u00f3n industrial, cuyos miembros representan una mayor\u00eda sustancial de la industria de auditor\u00eda de cumplimiento social. <br><br>La misi\u00f3n de APSCA es mejorar el profesionalismo, la coherencia y la credibilidad de las personas y organizaciones que realizan auditor\u00edas independientes de cumplimiento social. WRAP es un firme partidario y colaborador del trabajo de APSCA, y exige que todas las empresas socias de monitoreo acreditadas por WRAP sean miembros de APSCA.<\/p>\n\n<p class=\"appear-on-scroll\">APSCA requiere que sus auditores miembros completen 48 horas de\u00a0<a href=\"https:\/\/www.theapsca.org\/continuous-professional-development\/\">desarrollo profesional continuo (DPC)<\/a>\u00a0formaci\u00f3n cada a\u00f1o. Dos cursos de formaci\u00f3n WRAP est\u00e1n reconocidos por el programa CPD de la asociaci\u00f3n: el <a href=\"https:\/\/wrapcompliance.org\/es\/training\/training-overview\/two-day-bridge-training\/\">Entrenamiento de puente de dos d\u00edas<\/a> y el <a href=\"https:\/\/wrapcompliance.org\/es\/training\/training-overview\/one-day-refresher-training\/\">Capacitaci\u00f3n de actualizaci\u00f3n de un d\u00eda<\/a>. Las horas requeridas para completar estos cursos cuentan para los requisitos m\u00ednimos de CPD de APSCA.<\/p>\n\n<p  class=\"appear-on-scroll is-style-default has-light-gray-background-color has-background\" ><em>Worldwide Responsible Accredited Production (WRAP) respalda plenamente la tarifa de auditor\u00eda de cumplimiento social de APSCA que se implement\u00f3 recientemente (a partir del 1 de julio de 2023). Para m\u00e1s informaci\u00f3n, por favor consulte <a href=\"https:\/\/www.theapsca.org\/strategy-and-mission\/\">Sitio web de APSCA<\/a>. <\/em><br><br><em>Como partidario de APSCA desde hace mucho tiempo, WRAP est\u00e1 de acuerdo con su iniciativa estrat\u00e9gica para apoyar el desarrollo profesional a largo plazo de los auditores de cumplimiento social, que son esenciales para el proceso de auditor\u00eda. WRAP se complace en ser parte de la implementaci\u00f3n inicial y alienta a todas sus firmas de monitoreo acreditadas a apoyar la educaci\u00f3n y el crecimiento continuo de sus auditores.&nbsp;<\/em><\/p>\n\n<div  class=\"appear-on-scroll wp-block-buttons is-content-justification-left is-layout-flex wp-container-core-buttons-is-layout-fdcfc74e wp-block-buttons-is-layout-flex\" >\n<div class=\"wp-block-button\"><a class=\"wp-block-button__link wp-element-button\" href=\"https:\/\/www.theapsca.org\/\" target=\"_blank\" rel=\"noreferrer noopener\"><span class=\"label\">aprender m\u00e1s sobre apsca<\/span><\/a><\/div>\n<\/div>","protected":false},"excerpt":{"rendered":"<p>Founded in 2015, the Association of Professional Social Compliance Auditors (APSCA) is an industry association, whose members represent a substantial majority of the social compliance audit industry. APSCA\u2019s mission is to enhance the professionalism, consistency, and credibility of the individuals and organizations performing independent social compliance audits. WRAP is a strong supporter of, and contributor [&hellip;]<\/p>\n","protected":false},"author":3,"featured_media":0,"parent":24702,"menu_order":7,"comment_status":"closed","ping_status":"closed","template":"","meta":{"_acf_changed":false,"featured_image_background_position":"","footnotes":""},"class_list":["post-24828","page","type-page","status-publish","hentry"],"acf":[],"yoast_head":"<!-- This site is optimized with the Yoast SEO plugin v27.3 - https:\/\/yoast.com\/product\/yoast-seo-wordpress\/ -->\n<title>- WRAP Compliance<\/title>\n<meta name=\"robots\" content=\"index, follow, max-snippet:-1, max-image-preview:large, max-video-preview:-1\" \/>\n<link rel=\"canonical\" href=\"https:\/\/wrapcompliance.org\/es\/collaboration\/apsca\/\" \/>\n<meta property=\"og:locale\" content=\"es_ES\" \/>\n<meta property=\"og:type\" content=\"article\" \/>\n<meta property=\"og:title\" content=\"- WRAP Compliance\" \/>\n<meta property=\"og:description\" content=\"Founded in 2015, the Association of Professional Social Compliance Auditors (APSCA) is an industry association, whose members represent a substantial majority of the social compliance audit industry. APSCA\u2019s mission is to enhance the professionalism, consistency, and credibility of the individuals and organizations performing independent social compliance audits. WRAP is a strong supporter of, and contributor [&hellip;]\" \/>\n<meta property=\"og:url\" content=\"https:\/\/wrapcompliance.org\/es\/collaboration\/apsca\/\" \/>\n<meta property=\"og:site_name\" content=\"WRAP Compliance\" \/>\n<meta property=\"article:publisher\" content=\"https:\/\/www.facebook.com\/WRAPcompliance\/\" \/>\n<meta property=\"article:modified_time\" content=\"2023-08-29T16:34:44+00:00\" \/>\n<meta property=\"og:image\" content=\"https:\/\/wrapcompliance.org\/wp-content\/uploads\/2022\/09\/APSCA_Logo-1024x602.png\" \/>\n<meta name=\"twitter:card\" content=\"summary_large_image\" \/>\n<meta name=\"twitter:site\" content=\"@wrapcompliance\" \/>\n<meta name=\"twitter:label1\" content=\"Tiempo de lectura\" \/>\n\t<meta name=\"twitter:data1\" content=\"2 minutos\" \/>\n<script type=\"application\/ld+json\" class=\"yoast-schema-graph\">{\"@context\":\"https:\\\/\\\/schema.org\",\"@graph\":[{\"@type\":\"WebPage\",\"@id\":\"https:\\\/\\\/wrapcompliance.org\\\/en\\\/collaboration\\\/apsca\\\/\",\"url\":\"https:\\\/\\\/wrapcompliance.org\\\/en\\\/collaboration\\\/apsca\\\/\",\"name\":\"- WRAP Compliance\",\"isPartOf\":{\"@id\":\"https:\\\/\\\/wrapcompliance.org\\\/en\\\/#website\"},\"primaryImageOfPage\":{\"@id\":\"https:\\\/\\\/wrapcompliance.org\\\/en\\\/collaboration\\\/apsca\\\/#primaryimage\"},\"image\":{\"@id\":\"https:\\\/\\\/wrapcompliance.org\\\/en\\\/collaboration\\\/apsca\\\/#primaryimage\"},\"thumbnailUrl\":\"https:\\\/\\\/wrapcompliance.org\\\/wp-content\\\/uploads\\\/2022\\\/09\\\/APSCA_Logo-1024x602.png\",\"datePublished\":\"2022-08-24T20:02:49+00:00\",\"dateModified\":\"2023-08-29T16:34:44+00:00\",\"breadcrumb\":{\"@id\":\"https:\\\/\\\/wrapcompliance.org\\\/en\\\/collaboration\\\/apsca\\\/#breadcrumb\"},\"inLanguage\":\"es\",\"potentialAction\":[{\"@type\":\"ReadAction\",\"target\":[\"https:\\\/\\\/wrapcompliance.org\\\/en\\\/collaboration\\\/apsca\\\/\"]}]},{\"@type\":\"ImageObject\",\"inLanguage\":\"es\",\"@id\":\"https:\\\/\\\/wrapcompliance.org\\\/en\\\/collaboration\\\/apsca\\\/#primaryimage\",\"url\":\"https:\\\/\\\/wrapcompliance.org\\\/wp-content\\\/uploads\\\/2022\\\/09\\\/APSCA_Logo-1024x602.png\",\"contentUrl\":\"https:\\\/\\\/wrapcompliance.org\\\/wp-content\\\/uploads\\\/2022\\\/09\\\/APSCA_Logo-1024x602.png\"},{\"@type\":\"BreadcrumbList\",\"@id\":\"https:\\\/\\\/wrapcompliance.org\\\/en\\\/collaboration\\\/apsca\\\/#breadcrumb\",\"itemListElement\":[{\"@type\":\"ListItem\",\"position\":1,\"name\":\"Home\",\"item\":\"https:\\\/\\\/wrapcompliance.org\\\/\"},{\"@type\":\"ListItem\",\"position\":2,\"name\":\"Collaboration\",\"item\":\"https:\\\/\\\/wrapcompliance.org\\\/en\\\/collaboration\\\/\"}]},{\"@type\":\"WebSite\",\"@id\":\"https:\\\/\\\/wrapcompliance.org\\\/en\\\/#website\",\"url\":\"https:\\\/\\\/wrapcompliance.org\\\/en\\\/\",\"name\":\"WRAP Compliance\",\"description\":\"Ensuring production facilities operate in a safe, responsible, and ethical way. Through our 12 Principles, we promote lawful, humane manufacturing in facilities throughout the world via our Certification and Training programs.\",\"publisher\":{\"@id\":\"https:\\\/\\\/wrapcompliance.org\\\/en\\\/#organization\"},\"potentialAction\":[{\"@type\":\"SearchAction\",\"target\":{\"@type\":\"EntryPoint\",\"urlTemplate\":\"https:\\\/\\\/wrapcompliance.org\\\/en\\\/?s={search_term_string}\"},\"query-input\":{\"@type\":\"PropertyValueSpecification\",\"valueRequired\":true,\"valueName\":\"search_term_string\"}}],\"inLanguage\":\"es\"},{\"@type\":\"Organization\",\"@id\":\"https:\\\/\\\/wrapcompliance.org\\\/en\\\/#organization\",\"name\":\"Worldwide Responsible Accredited Production\",\"alternateName\":\"WRAP Compliance\",\"url\":\"https:\\\/\\\/wrapcompliance.org\\\/en\\\/\",\"logo\":{\"@type\":\"ImageObject\",\"inLanguage\":\"es\",\"@id\":\"https:\\\/\\\/wrapcompliance.org\\\/en\\\/#\\\/schema\\\/logo\\\/image\\\/\",\"url\":\"https:\\\/\\\/wrapcompliance.org\\\/wp-content\\\/uploads\\\/2022\\\/03\\\/WRAP_Logo_Update_Color_RGB.png\",\"contentUrl\":\"https:\\\/\\\/wrapcompliance.org\\\/wp-content\\\/uploads\\\/2022\\\/03\\\/WRAP_Logo_Update_Color_RGB.png\",\"width\":3601,\"height\":3451,\"caption\":\"Worldwide Responsible Accredited Production\"},\"image\":{\"@id\":\"https:\\\/\\\/wrapcompliance.org\\\/en\\\/#\\\/schema\\\/logo\\\/image\\\/\"},\"sameAs\":[\"https:\\\/\\\/www.facebook.com\\\/WRAPcompliance\\\/\",\"https:\\\/\\\/x.com\\\/wrapcompliance\",\"https:\\\/\\\/www.linkedin.com\\\/company\\\/wrapcompliance\"]}]}<\/script>\n<!-- \/ Yoast SEO plugin. -->","yoast_head_json":{"title":"- Cumplimiento de WRAP","robots":{"index":"index","follow":"follow","max-snippet":"max-snippet:-1","max-image-preview":"max-image-preview:large","max-video-preview":"max-video-preview:-1"},"canonical":"https:\/\/wrapcompliance.org\/es\/collaboration\/apsca\/","og_locale":"es_ES","og_type":"article","og_title":"- WRAP Compliance","og_description":"Founded in 2015, the Association of Professional Social Compliance Auditors (APSCA) is an industry association, whose members represent a substantial majority of the social compliance audit industry. APSCA\u2019s mission is to enhance the professionalism, consistency, and credibility of the individuals and organizations performing independent social compliance audits. WRAP is a strong supporter of, and contributor [&hellip;]","og_url":"https:\/\/wrapcompliance.org\/es\/collaboration\/apsca\/","og_site_name":"WRAP Compliance","article_publisher":"https:\/\/www.facebook.com\/WRAPcompliance\/","article_modified_time":"2023-08-29T16:34:44+00:00","og_image":[{"url":"https:\/\/wrapcompliance.org\/wp-content\/uploads\/2022\/09\/APSCA_Logo-1024x602.png","type":"","width":"","height":""}],"twitter_card":"summary_large_image","twitter_site":"@wrapcompliance","twitter_misc":{"Tiempo de lectura":"2 minutos"},"schema":{"@context":"https:\/\/schema.org","@graph":[{"@type":"WebPage","@id":"https:\/\/wrapcompliance.org\/en\/collaboration\/apsca\/","url":"https:\/\/wrapcompliance.org\/en\/collaboration\/apsca\/","name":"- Cumplimiento de WRAP","isPartOf":{"@id":"https:\/\/wrapcompliance.org\/en\/#website"},"primaryImageOfPage":{"@id":"https:\/\/wrapcompliance.org\/en\/collaboration\/apsca\/#primaryimage"},"image":{"@id":"https:\/\/wrapcompliance.org\/en\/collaboration\/apsca\/#primaryimage"},"thumbnailUrl":"https:\/\/wrapcompliance.org\/wp-content\/uploads\/2022\/09\/APSCA_Logo-1024x602.png","datePublished":"2022-08-24T20:02:49+00:00","dateModified":"2023-08-29T16:34:44+00:00","breadcrumb":{"@id":"https:\/\/wrapcompliance.org\/en\/collaboration\/apsca\/#breadcrumb"},"inLanguage":"es","potentialAction":[{"@type":"ReadAction","target":["https:\/\/wrapcompliance.org\/en\/collaboration\/apsca\/"]}]},{"@type":"ImageObject","inLanguage":"es","@id":"https:\/\/wrapcompliance.org\/en\/collaboration\/apsca\/#primaryimage","url":"https:\/\/wrapcompliance.org\/wp-content\/uploads\/2022\/09\/APSCA_Logo-1024x602.png","contentUrl":"https:\/\/wrapcompliance.org\/wp-content\/uploads\/2022\/09\/APSCA_Logo-1024x602.png"},{"@type":"BreadcrumbList","@id":"https:\/\/wrapcompliance.org\/en\/collaboration\/apsca\/#breadcrumb","itemListElement":[{"@type":"ListItem","position":1,"name":"Home","item":"https:\/\/wrapcompliance.org\/"},{"@type":"ListItem","position":2,"name":"Collaboration","item":"https:\/\/wrapcompliance.org\/en\/collaboration\/"}]},{"@type":"WebSite","@id":"https:\/\/wrapcompliance.org\/en\/#website","url":"https:\/\/wrapcompliance.org\/en\/","name":"Cumplimiento de WRAP","description":"Garantizar que las instalaciones de producci\u00f3n operen de manera segura, responsable y \u00e9tica. A trav\u00e9s de nuestros 12 Principios, promovemos la fabricaci\u00f3n humana y legal en instalaciones de todo el mundo a trav\u00e9s de nuestros programas de Certificaci\u00f3n y Capacitaci\u00f3n.","publisher":{"@id":"https:\/\/wrapcompliance.org\/en\/#organization"},"potentialAction":[{"@type":"SearchAction","target":{"@type":"EntryPoint","urlTemplate":"https:\/\/wrapcompliance.org\/en\/?s={search_term_string}"},"query-input":{"@type":"PropertyValueSpecification","valueRequired":true,"valueName":"search_term_string"}}],"inLanguage":"es"},{"@type":"Organization","@id":"https:\/\/wrapcompliance.org\/en\/#organization","name":"Producci\u00f3n Acreditada Responsable a Nivel Mundial","alternateName":"WRAP Compliance","url":"https:\/\/wrapcompliance.org\/en\/","logo":{"@type":"ImageObject","inLanguage":"es","@id":"https:\/\/wrapcompliance.org\/en\/#\/schema\/logo\/image\/","url":"https:\/\/wrapcompliance.org\/wp-content\/uploads\/2022\/03\/WRAP_Logo_Update_Color_RGB.png","contentUrl":"https:\/\/wrapcompliance.org\/wp-content\/uploads\/2022\/03\/WRAP_Logo_Update_Color_RGB.png","width":3601,"height":3451,"caption":"Worldwide Responsible Accredited Production"},"image":{"@id":"https:\/\/wrapcompliance.org\/en\/#\/schema\/logo\/image\/"},"sameAs":["https:\/\/www.facebook.com\/WRAPcompliance\/","https:\/\/x.com\/wrapcompliance","https:\/\/www.linkedin.com\/company\/wrapcompliance"]}]}},"_links":{"self":[{"href":"https:\/\/wrapcompliance.org\/es\/wp-json\/wp\/v2\/pages\/24828","targetHints":{"allow":["GET"]}}],"collection":[{"href":"https:\/\/wrapcompliance.org\/es\/wp-json\/wp\/v2\/pages"}],"about":[{"href":"https:\/\/wrapcompliance.org\/es\/wp-json\/wp\/v2\/types\/page"}],"author":[{"embeddable":true,"href":"https:\/\/wrapcompliance.org\/es\/wp-json\/wp\/v2\/users\/3"}],"replies":[{"embeddable":true,"href":"https:\/\/wrapcompliance.org\/es\/wp-json\/wp\/v2\/comments?post=24828"}],"version-history":[{"count":0,"href":"https:\/\/wrapcompliance.org\/es\/wp-json\/wp\/v2\/pages\/24828\/revisions"}],"up":[{"embeddable":true,"href":"https:\/\/wrapcompliance.org\/es\/wp-json\/wp\/v2\/pages\/24702"}],"wp:attachment":[{"href":"https:\/\/wrapcompliance.org\/es\/wp-json\/wp\/v2\/media?parent=24828"}],"curies":[{"name":"wp","href":"https:\/\/api.w.org\/{rel}","templated":true}]}}