{"id":25246,"date":"2022-08-25T10:33:03","date_gmt":"2022-08-25T14:33:03","guid":{"rendered":"https:\/\/wrapcompliance.org\/?page_id=25246"},"modified":"2026-03-11T15:05:36","modified_gmt":"2026-03-11T19:05:36","slug":"our-history","status":"publish","type":"page","link":"https:\/\/wrapcompliance.org\/es\/about\/our-team\/our-history\/","title":{"rendered":"Nuestra historia"},"content":{"rendered":"<div role=\"banner\" class=\"theme-block wp-block-theme-blocks-page-banner full-width has-background no-image\"><div class=\"wrap\"><div class=\"layout\"><h1 class=\"block-title appear-on-scroll\">Nuestra historia<\/h1><div class=\"block-content\">\n<p  class=\"appear-on-scroll is-style-intro has-max-width-800\" ><\/p>\n<\/div><div class=\"block-background\" style=\"\"><\/div><\/div><\/div><\/div>\n\n<p  class=\"appear-on-scroll has-max-width-700 has-auto-margin-horizontal is-style-intro\" >Over the past quarter century, more than 180 million lives around the world have been positively impacted by WRAP\u2019s enduring commitment to ensuring safe and ethical practices for the workers underpinning the sewn products and related industries.<\/p>\n\n\n<figure class=\"wp-block-boldblocks-youtube-block\"><div id=\"yb-video-n5url0a5E1Q\" class=\"yb-player\" data-video-id=\"n5url0a5E1Q\" data-title=\"Play\" style=\"background-image:url(https:\/\/img.youtube.com\/vi\/n5url0a5E1Q\/hqdefault.jpg)\"><button type=\"button\" class=\"yb-btn-play\"><span class=\"visually-hidden\">Jugar<\/span><\/button><\/div><figcaption class=\"yb-caption\">Courtesy of Oregon State University\u2019s Professional and Continuing Education (voiceover provided by Angela Wartes-Kahl)<\/figcaption><\/figure>\n\n\n<p class=\"appear-on-scroll\">En la d\u00e9cada de 1990, las principales marcas y minoristas se encontraron lidiando con preocupaciones sobre los derechos de los trabajadores en medio de denuncias de condiciones de explotaci\u00f3n en las unidades de fabricaci\u00f3n de todo el mundo. Hab\u00eda una necesidad de una entidad cre\u00edble que pudiera promover la fabricaci\u00f3n segura y sostenible, una instalaci\u00f3n a la vez. En 2000, nuestra organizaci\u00f3n fue fundada para hacer precisamente eso.<\/p>\n\n<p class=\"appear-on-scroll\">Nuestros or\u00edgenes se remontan a un ejercicio de m\u00faltiples partes interesadas dirigido por la Asociaci\u00f3n Americana de Ropa y Fabricantes (AAMA; ahora AAFA - Asociaci\u00f3n Americana de Ropa y Calzado). Convocaron un comit\u00e9 que realiz\u00f3 amplias consultas con marcas, minoristas, proveedores, ONG, acad\u00e9micos y funcionarios p\u00fablicos. Esto culmin\u00f3 en la formaci\u00f3n del WRAP, un programa libre de influencias de intereses especiales, grupos de presi\u00f3n y motivos de lucro.<\/p>\n\n<p class=\"appear-on-scroll\">En la actualidad, somos el mayor programa de certificaci\u00f3n independiente para productos de costura, prendas de vestir, textiles e industrias relacionadas. Nuestro Consejo de Administraci\u00f3n -que, seg\u00fan nuestros estatutos, debe ser mayoritariamente ajeno a la industria, lo que garantiza la responsabilidad de nuestra organizaci\u00f3n y la objetividad de nuestro trabajo- y el personal de todo el mundo trabajan cada d\u00eda para apoyar a las empresas que se esfuerzan por mejorar sus f\u00e1bricas, sus operaciones y la longevidad de sus marcas.<\/p>\n\n<div class=\"wp-block-theme-blocks-timeline theme-block no-appear\"><div class=\"layout\"><div class=\"block-nav\"><ul class=\"labels\"><\/ul><div class=\"progress\"><div class=\"scroll-element_outer\"><div class=\"scroll-element_size\"><\/div><div class=\"scroll-element_track track\"><\/div><div class=\"scroll-bar\" draggable=\"true\"><\/div><div class=\"scroll-bar\"><\/div><span class=\"icon fa-solid fa-arrow-left left scroll-arrow scroll-arrow_less\"><\/span><span class=\"icon fa-solid fa-arrow-right right scroll-arrow scroll-arrow_more\"><\/span><\/div><\/div><\/div><div class=\"block-slides-wrap\"><div class=\"block-slides\" tabindex=\"0\"><div class=\"track\">\n<div class=\"wp-block-theme-blocks-timeline-group theme-block no-appear group\" data-label=\"1996-2000\">\n<div class=\"wp-block-theme-blocks-timeline-slide theme-block no-appear slide\" data-label=\"1996\"><div class=\"block-label\">1996<\/div><div class=\"block-entries\">\n<p class=\"appear-on-scroll\">Kathie Lee Gifford fue acusada de fabricar ropa utilizando trabajo infantil y trabajo forzado, donde los trabajadores eran sometidos a duras condiciones y salarios extremadamente bajos. El incidente atrajo considerable atenci\u00f3n de los medios de comunicaci\u00f3n y los legisladores estadounidenses.<\/p>\n<\/div><\/div>\n\n<div class=\"wp-block-theme-blocks-timeline-slide theme-block no-appear slide is-style-top\" data-label=\"1997\"><div class=\"block-label\">1997<\/div><div class=\"block-entries\">\n<p class=\"appear-on-scroll\">La iniciativa de colaboraci\u00f3n entre la industria de la confecci\u00f3n del presidente Clinton se puso en marcha para proporcionar formaci\u00f3n y herramientas que mejoren las condiciones laborales.<\/p>\n<\/div><\/div>\n\n<div class=\"wp-block-theme-blocks-timeline-slide theme-block no-appear slide\" data-label=\"1998\"><div class=\"block-label\">1998<\/div><div class=\"block-entries\">\n<p class=\"appear-on-scroll\">La Asociaci\u00f3n Estadounidense de Fabricantes y Confeccionistas (AAMA) forma un comit\u00e9 para abordar los desaf\u00edos del cumplimiento social; se redactan los Principios de Producci\u00f3n Responsable de Indumentaria (RAPP).<\/p>\n\n<p class=\"appear-on-scroll\">Primera auditor\u00eda RAPP realizada en las instalaciones de Jockey en Costa Rica.<\/p>\n<\/div><\/div>\n\n<div class=\"wp-block-theme-blocks-timeline-slide theme-block no-appear slide is-style-top\" data-label=\"1999\"><div class=\"block-label\">1999<\/div><div class=\"block-entries\">\n<p class=\"appear-on-scroll\">El Comit\u00e9 de la AAMA recomienda la formaci\u00f3n de una organizaci\u00f3n independiente sin fines de lucro, que pasar\u00e1 a llamarse Producci\u00f3n Mundial Responsable de Indumentaria (WRAP).<\/p>\n<\/div><\/div>\n\n<div class=\"wp-block-theme-blocks-timeline-slide theme-block no-appear slide\" data-label=\"2000\"><div class=\"block-label\">2000<\/div><div class=\"block-entries\">\n<p class=\"appear-on-scroll\">WRAP se constituy\u00f3 como una organizaci\u00f3n independiente sin fines de lucro, con Jack Otero nombrado primer presidente de la junta directiva y Lawrence Doherty nombrado primer director ejecutivo.&nbsp;<\/p>\n\n<p class=\"appear-on-scroll\">AAMA se fusiona con Footwear Industries of America (FIA) y The Fashion Association para formar American Apparel &amp; Footwear Association (AAFA).<\/p>\n<\/div><\/div>\n<\/div>\n\n<div class=\"wp-block-theme-blocks-timeline-group theme-block no-appear group\" data-label=\"2001-2011\">\n<div class=\"wp-block-theme-blocks-timeline-slide theme-block no-appear slide is-style-top\" data-label=\"2003\"><div class=\"block-label\">2003<\/div><div class=\"block-entries\">\n<p class=\"appear-on-scroll\">Charles Masten nombrado Presidente del Consejo de WRAP.<\/p>\n<\/div><\/div>\n\n<div class=\"wp-block-theme-blocks-timeline-slide theme-block no-appear slide is-style-default\" data-label=\"2007\"><div class=\"block-label\">2007<\/div><div class=\"block-entries\">\n<p class=\"appear-on-scroll\">WRAP cambia su nombre a Producci\u00f3n Acreditada Responsable Mundial.<\/p>\n<\/div><\/div>\n\n<div class=\"wp-block-theme-blocks-timeline-slide theme-block no-appear slide is-style-top\" data-label=\"2009\"><div class=\"block-label\">2009<\/div><div class=\"block-entries\">\n<p class=\"appear-on-scroll\">WRAP abre una oficina en Hong Kong para tener acceso directo a las instalaciones en la Gran China.<\/p>\n<\/div><\/div>\n\n<div class=\"wp-block-theme-blocks-timeline-slide theme-block no-appear slide is-style-default\" data-label=\"2010\"><div class=\"block-label\">2010<\/div><div class=\"block-entries\">\n<p class=\"appear-on-scroll\">California aprueba el <em>Ley de Transparencia en las Cadenas de Suministro de California<\/em>, exigiendo a los grandes vendedores minoristas y fabricantes que operan en el estado que divulguen sus esfuerzos para erradicar la esclavitud y la trata de personas de sus cadenas de suministro directas.&nbsp;<\/p>\n<\/div><\/div>\n\n<div class=\"wp-block-theme-blocks-timeline-slide theme-block no-appear slide is-style-top\" data-label=\"2011\"><div class=\"block-label\">2011<\/div><div class=\"block-entries\">\n<p class=\"appear-on-scroll\">WRAP abre una oficina en Dhaka, aumentando as\u00ed su apoyo en el sur de Asia.<\/p>\n<\/div><\/div>\n<\/div>\n\n<div class=\"wp-block-theme-blocks-timeline-group theme-block no-appear group\" data-label=\"2012-2020\">\n<div class=\"wp-block-theme-blocks-timeline-slide theme-block no-appear slide\" data-label=\"2012\"><div class=\"block-label\">2012<\/div><div class=\"block-entries\">\n<p class=\"appear-on-scroll\">Avedis Seferian nombrado Presidente y Director Ejecutivo de WRAP.<\/p>\n<\/div><\/div>\n\n<div class=\"wp-block-theme-blocks-timeline-slide theme-block no-appear slide is-style-top\" data-label=\"2013\"><div class=\"block-label\">2013<\/div><div class=\"block-entries\">\n<p class=\"appear-on-scroll\">El derrumbe del edificio Rana Plaza causa la muerte de m\u00e1s de 1.100 trabajadores textiles en Bangladesh.<\/p>\n\n<p class=\"appear-on-scroll\">los <em>Acuerdo sobre seguridad contra incendios y en edificios en Bangladesh<\/em> Se firm\u00f3 el acuerdo y se form\u00f3 la Alianza para la Seguridad de los Trabajadores de Bangladesh. Avedis Seferian, presidente y director ejecutivo de WRAP, fue nombrado miembro del Consejo Asesor de la Alianza.<\/p>\n<\/div><\/div>\n\n<div class=\"wp-block-theme-blocks-timeline-slide theme-block no-appear slide\" data-label=\"2015\"><div class=\"block-label\">2015<\/div><div class=\"block-entries\">\n<p class=\"appear-on-scroll\">El Reino Unido aprueba el <em>Ley de Esclavitud Moderna<\/em>, que busca regular y abordar la esclavitud moderna en las operaciones comerciales y sus cadenas de suministro globales.<\/p>\n<\/div><\/div>\n\n<div class=\"wp-block-theme-blocks-timeline-slide theme-block no-appear slide is-style-top\" data-label=\"2019\"><div class=\"block-label\">2019<\/div><div class=\"block-entries\">\n<p class=\"appear-on-scroll\">WRAP compara sus Principios 11 (Cumplimiento Aduanero) y 12 (Seguridad) con los est\u00e1ndares de la Asociaci\u00f3n Aduanera-Comercial contra el Terrorismo de la CBP.<em> <\/em>Programa (CTPAT).<\/p>\n<\/div><\/div>\n\n<div class=\"wp-block-theme-blocks-timeline-slide theme-block no-appear slide is-style-default\" data-label=\"2020\"><div class=\"block-label\">2020<\/div><div class=\"block-entries\">\n<p class=\"appear-on-scroll\">Debido al impacto de la COVID-19, WRAP comienza a implementar Evaluaciones Alternativas de Escritorio (EAE) para los centros que buscan renovar su certificaci\u00f3n, reemplazando temporalmente las auditor\u00edas iniciales presenciales en lugares donde se suspenden los viajes. Tras superar la EAE, el centro obtiene una pr\u00f3rroga de cuatro meses para su certificado vigente.<\/p>\n<\/div><\/div>\n<\/div>\n\n<div class=\"wp-block-theme-blocks-timeline-group theme-block no-appear group has-half-margin-bottom\" data-label=\"2021-2024\">\n<div class=\"wp-block-theme-blocks-timeline-slide theme-block no-appear slide is-style-top\" data-label=\"2021\"><div class=\"block-label\">2021<\/div><div class=\"block-entries\">\n<p class=\"appear-on-scroll\">Estados Unidos aprueba el <em>Ley de prevenci\u00f3n del trabajo forzoso uigur<\/em> (UFLPA), que proh\u00edbe la importaci\u00f3n de bienes fabricados con trabajo forzado procedentes de la regi\u00f3n aut\u00f3noma uigur de Xinjiang, en China.<\/p>\n\n<p class=\"appear-on-scroll\">Holly Wise nombrada presidenta del consejo de administraci\u00f3n de WRAP.<\/p>\n<\/div><\/div>\n\n<div class=\"wp-block-theme-blocks-timeline-slide theme-block no-appear slide is-style-default\" data-label=\"2023\"><div class=\"block-label\">2023<\/div><div class=\"block-entries\">\n<p class=\"appear-on-scroll\">Canad\u00e1 pasa <em>Ley de lucha contra el trabajo forzoso y el trabajo infantil en las cadenas de suministro<\/em> Con el objetivo de aumentar la transparencia y la rendici\u00f3n de cuentas dentro de las cadenas de suministro canadienses.<\/p>\n<\/div><\/div>\n\n<div class=\"wp-block-theme-blocks-timeline-slide theme-block no-appear slide is-style-top\" data-label=\"2024\"><div class=\"block-label\">2024<\/div><div class=\"block-entries\">\n<p class=\"appear-on-scroll\">La UE aprueba el <em>Directiva de diligencia debida en materia de sostenibilidad corporativa<\/em> (CSDDD), para prevenir y mitigar los impactos adversos sobre los derechos humanos y el medio ambiente a lo largo de las cadenas de valor de las empresas, as\u00ed como <em>Directiva sobre la presentaci\u00f3n de informes de sostenibilidad corporativa<\/em> (CSRD) se centr\u00f3 en c\u00f3mo las empresas informan y divulgan sus impactos.<\/p>\n<\/div><\/div>\n<\/div>\n<\/div><\/div><\/div><\/div><\/div>\n\n<div  class=\"appear-on-scroll wp-block-buttons is-layout-flex wp-block-buttons-is-layout-flex\" >\n<div class=\"wp-block-button\"><a class=\"wp-block-button__link wp-element-button\" href=\"https:\/\/wrapcompliance.org\/es\/SilverJubilee\/\"><span class=\"label\">Explora los 25 a\u00f1os de historia y perspectivas de Wrap<\/span><\/a><\/div>\n<\/div>","protected":false},"excerpt":{"rendered":"<p>Over the past quarter century, more than 180 million lives around the world have been positively impacted by WRAP\u2019s enduring commitment to ensuring safe and ethical practices for the workers underpinning the sewn products and related industries. In the 1990s, prominent brands and retailers found themselves grappling with concerns over workers\u2019 rights amid allegations of [&hellip;]<\/p>\n","protected":false},"author":3,"featured_media":0,"parent":24428,"menu_order":1,"comment_status":"closed","ping_status":"closed","template":"","meta":{"_acf_changed":false,"featured_image_background_position":"","footnotes":""},"class_list":["post-25246","page","type-page","status-publish","hentry"],"acf":[],"yoast_head":"<!-- This site is optimized with the Yoast SEO plugin v27.3 - https:\/\/yoast.com\/product\/yoast-seo-wordpress\/ -->\n<title>Our History - WRAP Compliance<\/title>\n<meta name=\"description\" content=\"Over two decades of promoting social compliance and ethical manufacturing through certification and training\" \/>\n<meta name=\"robots\" content=\"index, follow, max-snippet:-1, max-image-preview:large, max-video-preview:-1\" \/>\n<link rel=\"canonical\" href=\"https:\/\/wrapcompliance.org\/es\/about\/our-team\/our-history\/\" \/>\n<meta property=\"og:locale\" content=\"es_ES\" \/>\n<meta property=\"og:type\" content=\"article\" \/>\n<meta property=\"og:title\" content=\"Our History - WRAP Compliance\" \/>\n<meta property=\"og:description\" content=\"Over two decades of promoting social compliance and ethical manufacturing through certification and training\" \/>\n<meta property=\"og:url\" content=\"https:\/\/wrapcompliance.org\/es\/about\/our-team\/our-history\/\" \/>\n<meta property=\"og:site_name\" content=\"WRAP Compliance\" \/>\n<meta property=\"article:publisher\" content=\"https:\/\/www.facebook.com\/WRAPcompliance\/\" \/>\n<meta property=\"article:modified_time\" content=\"2026-03-11T19:05:36+00:00\" \/>\n<meta property=\"og:image\" content=\"https:\/\/wrapcompliance.org\/wp-content\/uploads\/2022\/10\/social-default-1200.jpg\" \/>\n\t<meta property=\"og:image:width\" content=\"1200\" \/>\n\t<meta property=\"og:image:height\" content=\"630\" \/>\n\t<meta property=\"og:image:type\" content=\"image\/jpeg\" \/>\n<meta name=\"twitter:card\" content=\"summary_large_image\" \/>\n<meta name=\"twitter:site\" content=\"@wrapcompliance\" \/>\n<script type=\"application\/ld+json\" class=\"yoast-schema-graph\">{\"@context\":\"https:\\\/\\\/schema.org\",\"@graph\":[{\"@type\":\"WebPage\",\"@id\":\"https:\\\/\\\/wrapcompliance.org\\\/about\\\/our-team\\\/our-history\\\/\",\"url\":\"https:\\\/\\\/wrapcompliance.org\\\/about\\\/our-team\\\/our-history\\\/\",\"name\":\"Our History - WRAP Compliance\",\"isPartOf\":{\"@id\":\"https:\\\/\\\/wrapcompliance.org\\\/en\\\/#website\"},\"datePublished\":\"2022-08-25T14:33:03+00:00\",\"dateModified\":\"2026-03-11T19:05:36+00:00\",\"description\":\"Over two decades of promoting social compliance and ethical manufacturing through certification and training\",\"breadcrumb\":{\"@id\":\"https:\\\/\\\/wrapcompliance.org\\\/about\\\/our-team\\\/our-history\\\/#breadcrumb\"},\"inLanguage\":\"es\",\"potentialAction\":[{\"@type\":\"ReadAction\",\"target\":[\"https:\\\/\\\/wrapcompliance.org\\\/about\\\/our-team\\\/our-history\\\/\"]}]},{\"@type\":\"BreadcrumbList\",\"@id\":\"https:\\\/\\\/wrapcompliance.org\\\/about\\\/our-team\\\/our-history\\\/#breadcrumb\",\"itemListElement\":[{\"@type\":\"ListItem\",\"position\":1,\"name\":\"Home\",\"item\":\"https:\\\/\\\/wrapcompliance.org\\\/\"},{\"@type\":\"ListItem\",\"position\":2,\"name\":\"What We Do\",\"item\":\"https:\\\/\\\/wrapcompliance.org\\\/about\\\/\"},{\"@type\":\"ListItem\",\"position\":3,\"name\":\"Our Team\",\"item\":\"https:\\\/\\\/wrapcompliance.org\\\/about\\\/our-team\\\/\"},{\"@type\":\"ListItem\",\"position\":4,\"name\":\"Our History\"}]},{\"@type\":\"WebSite\",\"@id\":\"https:\\\/\\\/wrapcompliance.org\\\/en\\\/#website\",\"url\":\"https:\\\/\\\/wrapcompliance.org\\\/en\\\/\",\"name\":\"WRAP Compliance\",\"description\":\"Ensuring production facilities operate in a safe, responsible, and ethical way. Through our 12 Principles, we promote lawful, humane manufacturing in facilities throughout the world via our Certification and Training programs.\",\"publisher\":{\"@id\":\"https:\\\/\\\/wrapcompliance.org\\\/en\\\/#organization\"},\"potentialAction\":[{\"@type\":\"SearchAction\",\"target\":{\"@type\":\"EntryPoint\",\"urlTemplate\":\"https:\\\/\\\/wrapcompliance.org\\\/en\\\/?s={search_term_string}\"},\"query-input\":{\"@type\":\"PropertyValueSpecification\",\"valueRequired\":true,\"valueName\":\"search_term_string\"}}],\"inLanguage\":\"es\"},{\"@type\":\"Organization\",\"@id\":\"https:\\\/\\\/wrapcompliance.org\\\/en\\\/#organization\",\"name\":\"Worldwide Responsible Accredited Production\",\"alternateName\":\"WRAP Compliance\",\"url\":\"https:\\\/\\\/wrapcompliance.org\\\/en\\\/\",\"logo\":{\"@type\":\"ImageObject\",\"inLanguage\":\"es\",\"@id\":\"https:\\\/\\\/wrapcompliance.org\\\/en\\\/#\\\/schema\\\/logo\\\/image\\\/\",\"url\":\"https:\\\/\\\/wrapcompliance.org\\\/wp-content\\\/uploads\\\/2022\\\/03\\\/WRAP_Logo_Update_Color_RGB.png\",\"contentUrl\":\"https:\\\/\\\/wrapcompliance.org\\\/wp-content\\\/uploads\\\/2022\\\/03\\\/WRAP_Logo_Update_Color_RGB.png\",\"width\":3601,\"height\":3451,\"caption\":\"Worldwide Responsible Accredited Production\"},\"image\":{\"@id\":\"https:\\\/\\\/wrapcompliance.org\\\/en\\\/#\\\/schema\\\/logo\\\/image\\\/\"},\"sameAs\":[\"https:\\\/\\\/www.facebook.com\\\/WRAPcompliance\\\/\",\"https:\\\/\\\/x.com\\\/wrapcompliance\",\"https:\\\/\\\/www.linkedin.com\\\/company\\\/wrapcompliance\"]}]}<\/script>\n<!-- \/ Yoast SEO plugin. -->","yoast_head_json":{"title":"Our History - WRAP Compliance","description":"M\u00e1s de dos d\u00e9cadas promoviendo el cumplimiento social y la fabricaci\u00f3n \u00e9tica a trav\u00e9s de la certificaci\u00f3n y la capacitaci\u00f3n.","robots":{"index":"index","follow":"follow","max-snippet":"max-snippet:-1","max-image-preview":"max-image-preview:large","max-video-preview":"max-video-preview:-1"},"canonical":"https:\/\/wrapcompliance.org\/es\/about\/our-team\/our-history\/","og_locale":"es_ES","og_type":"article","og_title":"Our History - WRAP Compliance","og_description":"Over two decades of promoting social compliance and ethical manufacturing through certification and training","og_url":"https:\/\/wrapcompliance.org\/es\/about\/our-team\/our-history\/","og_site_name":"WRAP Compliance","article_publisher":"https:\/\/www.facebook.com\/WRAPcompliance\/","article_modified_time":"2026-03-11T19:05:36+00:00","og_image":[{"width":1200,"height":630,"url":"https:\/\/wrapcompliance.org\/wp-content\/uploads\/2022\/10\/social-default-1200.jpg","type":"image\/jpeg"}],"twitter_card":"summary_large_image","twitter_site":"@wrapcompliance","schema":{"@context":"https:\/\/schema.org","@graph":[{"@type":"WebPage","@id":"https:\/\/wrapcompliance.org\/about\/our-team\/our-history\/","url":"https:\/\/wrapcompliance.org\/about\/our-team\/our-history\/","name":"Our History - WRAP Compliance","isPartOf":{"@id":"https:\/\/wrapcompliance.org\/en\/#website"},"datePublished":"2022-08-25T14:33:03+00:00","dateModified":"2026-03-11T19:05:36+00:00","description":"M\u00e1s de dos d\u00e9cadas promoviendo el cumplimiento social y la fabricaci\u00f3n \u00e9tica a trav\u00e9s de la certificaci\u00f3n y la capacitaci\u00f3n.","breadcrumb":{"@id":"https:\/\/wrapcompliance.org\/about\/our-team\/our-history\/#breadcrumb"},"inLanguage":"es","potentialAction":[{"@type":"ReadAction","target":["https:\/\/wrapcompliance.org\/about\/our-team\/our-history\/"]}]},{"@type":"BreadcrumbList","@id":"https:\/\/wrapcompliance.org\/about\/our-team\/our-history\/#breadcrumb","itemListElement":[{"@type":"ListItem","position":1,"name":"Home","item":"https:\/\/wrapcompliance.org\/"},{"@type":"ListItem","position":2,"name":"What We Do","item":"https:\/\/wrapcompliance.org\/about\/"},{"@type":"ListItem","position":3,"name":"Our Team","item":"https:\/\/wrapcompliance.org\/about\/our-team\/"},{"@type":"ListItem","position":4,"name":"Our History"}]},{"@type":"WebSite","@id":"https:\/\/wrapcompliance.org\/en\/#website","url":"https:\/\/wrapcompliance.org\/en\/","name":"Cumplimiento de WRAP","description":"Garantizar que las instalaciones de producci\u00f3n operen de manera segura, responsable y \u00e9tica. A trav\u00e9s de nuestros 12 Principios, promovemos la fabricaci\u00f3n humana y legal en instalaciones de todo el mundo a trav\u00e9s de nuestros programas de Certificaci\u00f3n y Capacitaci\u00f3n.","publisher":{"@id":"https:\/\/wrapcompliance.org\/en\/#organization"},"potentialAction":[{"@type":"SearchAction","target":{"@type":"EntryPoint","urlTemplate":"https:\/\/wrapcompliance.org\/en\/?s={search_term_string}"},"query-input":{"@type":"PropertyValueSpecification","valueRequired":true,"valueName":"search_term_string"}}],"inLanguage":"es"},{"@type":"Organization","@id":"https:\/\/wrapcompliance.org\/en\/#organization","name":"Producci\u00f3n Acreditada Responsable a Nivel Mundial","alternateName":"WRAP Compliance","url":"https:\/\/wrapcompliance.org\/en\/","logo":{"@type":"ImageObject","inLanguage":"es","@id":"https:\/\/wrapcompliance.org\/en\/#\/schema\/logo\/image\/","url":"https:\/\/wrapcompliance.org\/wp-content\/uploads\/2022\/03\/WRAP_Logo_Update_Color_RGB.png","contentUrl":"https:\/\/wrapcompliance.org\/wp-content\/uploads\/2022\/03\/WRAP_Logo_Update_Color_RGB.png","width":3601,"height":3451,"caption":"Worldwide Responsible Accredited Production"},"image":{"@id":"https:\/\/wrapcompliance.org\/en\/#\/schema\/logo\/image\/"},"sameAs":["https:\/\/www.facebook.com\/WRAPcompliance\/","https:\/\/x.com\/wrapcompliance","https:\/\/www.linkedin.com\/company\/wrapcompliance"]}]}},"_links":{"self":[{"href":"https:\/\/wrapcompliance.org\/es\/wp-json\/wp\/v2\/pages\/25246","targetHints":{"allow":["GET"]}}],"collection":[{"href":"https:\/\/wrapcompliance.org\/es\/wp-json\/wp\/v2\/pages"}],"about":[{"href":"https:\/\/wrapcompliance.org\/es\/wp-json\/wp\/v2\/types\/page"}],"author":[{"embeddable":true,"href":"https:\/\/wrapcompliance.org\/es\/wp-json\/wp\/v2\/users\/3"}],"replies":[{"embeddable":true,"href":"https:\/\/wrapcompliance.org\/es\/wp-json\/wp\/v2\/comments?post=25246"}],"version-history":[{"count":12,"href":"https:\/\/wrapcompliance.org\/es\/wp-json\/wp\/v2\/pages\/25246\/revisions"}],"predecessor-version":[{"id":2344875,"href":"https:\/\/wrapcompliance.org\/es\/wp-json\/wp\/v2\/pages\/25246\/revisions\/2344875"}],"up":[{"embeddable":true,"href":"https:\/\/wrapcompliance.org\/es\/wp-json\/wp\/v2\/pages\/24428"}],"wp:attachment":[{"href":"https:\/\/wrapcompliance.org\/es\/wp-json\/wp\/v2\/media?parent=25246"}],"curies":[{"name":"wp","href":"https:\/\/api.w.org\/{rel}","templated":true}]}}