{"id":25322,"date":"2022-08-25T13:52:06","date_gmt":"2022-08-25T17:52:06","guid":{"rendered":"https:\/\/wrapcompliance.org\/?page_id=25322"},"modified":"2025-04-25T16:08:25","modified_gmt":"2025-04-25T20:08:25","slug":"two-day-bridge-training","status":"publish","type":"page","link":"https:\/\/wrapcompliance.org\/es\/training\/training-overview\/two-day-bridge-training\/","title":{"rendered":"Formaci\u00f3n del curso Bridge"},"content":{"rendered":"<div role=\"banner\" class=\"theme-block wp-block-theme-blocks-page-banner full-width has-background no-image\"><div class=\"wrap\"><div class=\"layout\"><h1 class=\"block-title appear-on-scroll\">Formaci\u00f3n del curso Bridge<\/h1><div class=\"block-content\">\n<p  class=\"appear-on-scroll is-style-intro has-max-width-800\" ><\/p>\n<\/div><div class=\"block-background\" style=\"\"><\/div><\/div><\/div><\/div>\n\n<p class=\"appear-on-scroll\">Este curso de capacitaci\u00f3n de dos d\u00edas simplifica la formaci\u00f3n de un CSCA de APSCA y un Auditor L\u00edder acreditado por WRAP. Presenta nuestro programa, incluyendo una descripci\u00f3n general del proceso de auditor\u00eda y la documentaci\u00f3n pertinente. Tambi\u00e9n detalla los 12 Principios de WRAP en relaci\u00f3n con los distintos requisitos de auditor\u00eda.&nbsp;<\/p>\n\n<p class=\"appear-on-scroll\">Los participantes que completen este curso (incluido un examen) recibir\u00e1n un certificado WRAP con una validez de dos a\u00f1os y estar\u00e1n capacitados para dirigir auditor\u00edas WRAP durante ese per\u00edodo. Para mantener esta certificaci\u00f3n, los auditores deben realizar nuestro curso de actualizaci\u00f3n cada dos a\u00f1os.<\/p>\n\n<p class=\"appear-on-scroll\">APSCA requiere que sus auditores miembros completen 48 horas de&nbsp;<a href=\"https:\/\/www.theapsca.org\/continuous-professional-development\/\">desarrollo profesional continuo (DPC)<\/a>&nbsp;Este curso cuenta con el reconocimiento del programa de Desarrollo Profesional Continuo (DPC) de la asociaci\u00f3n. Al completarlo, se completan 16 horas de capacitaci\u00f3n para cumplir con los requisitos m\u00ednimos de DPC de la APSCA.<\/p>\n\n<h2  class=\"appear-on-scroll wp-block-heading\" ><span class=\"text\">Audiencia<\/span><\/h2>\n\n<p class=\"appear-on-scroll\">Auditores empleados por firmas de monitoreo acreditadas por WRAP.<\/p>\n\n<h2  class=\"appear-on-scroll wp-block-heading\" ><span class=\"text\">Requisitos de admisi\u00f3n<\/span><\/h2>\n\n<p class=\"appear-on-scroll\">APSCA CSCA.<\/p>\n\n<h2  class=\"appear-on-scroll wp-block-heading is-before-paragraph\" ><span class=\"text\">T\u00f3picos cubiertos<\/span><\/h2>\n\n<ul  class=\"appear-on-scroll wp-block-list\" >\n<li>Los 12 principios y requisitos de WRAP<\/li>\n\n\n\n<li>Planificaci\u00f3n de auditor\u00edas e inicio de programas&nbsp;<\/li>\n\n\n\n<li>C\u00f3mo realizar auditor\u00edas de cumplimiento social de forma \u00e9tica y eficaz<\/li>\n\n\n\n<li>Importancia de los sistemas de gesti\u00f3n&nbsp;<\/li>\n\n\n\n<li>Control de jornada laboral excesiva y planes de acci\u00f3n<\/li>\n\n\n\n<li>Pol\u00edticas de salud y seguridad&nbsp;<\/li>\n\n\n\n<li>Gesti\u00f3n de riesgos<\/li>\n\n\n\n<li>Mejores pr\u00e1cticas ambientales<\/li>\n\n\n\n<li>Verificaci\u00f3n de la infraestructura de seguridad (con CTPAT como modelo)<\/li>\n\n\n\n<li>Informar los hallazgos de la auditor\u00eda e implementar planes de acci\u00f3n correctiva<\/li>\n\n\n\n<li>Conclusiones y recomendaciones de auditor\u00eda<\/li>\n\n\n\n<li>Confidencialidad y documentaci\u00f3n&nbsp;<\/li>\n\n\n\n<li>Consejos para identificar documentos falsos<\/li>\n\n\n\n<li>Mejores pr\u00e1cticas para abrir y cerrar reuniones<\/li>\n\n\n\n<li>Ejemplos de estudios de caso<\/li>\n<\/ul>","protected":false},"excerpt":{"rendered":"<p>This two-day training course bridges the divide between being an APSCA CSCA and a WRAP-accredited Lead Auditor. It introduces our program, including an overview of the audit process and relevant documentation. It also breaks down WRAP\u2019s 12 Principles as they relate to distinct audit requirements.&nbsp; Participants who successfully complete this course (including an examination) will [&hellip;]<\/p>\n","protected":false},"author":3,"featured_media":0,"parent":24464,"menu_order":8,"comment_status":"closed","ping_status":"closed","template":"","meta":{"_acf_changed":false,"featured_image_background_position":"","footnotes":""},"class_list":["post-25322","page","type-page","status-publish","hentry"],"acf":[],"yoast_head":"<!-- This site is optimized with the Yoast SEO plugin v27.3 - https:\/\/yoast.com\/product\/yoast-seo-wordpress\/ -->\n<title>Bridge Course Training - WRAP Compliance<\/title>\n<meta name=\"robots\" content=\"index, follow, max-snippet:-1, max-image-preview:large, max-video-preview:-1\" \/>\n<link rel=\"canonical\" href=\"https:\/\/wrapcompliance.org\/es\/training\/training-overview\/two-day-bridge-training\/\" \/>\n<meta property=\"og:locale\" content=\"es_ES\" \/>\n<meta property=\"og:type\" content=\"article\" \/>\n<meta property=\"og:title\" content=\"Bridge Course Training - WRAP Compliance\" \/>\n<meta property=\"og:description\" content=\"This two-day training course bridges the divide between being an APSCA CSCA and a WRAP-accredited Lead Auditor. It introduces our program, including an overview of the audit process and relevant documentation. It also breaks down WRAP\u2019s 12 Principles as they relate to distinct audit requirements.&nbsp; Participants who successfully complete this course (including an examination) will [&hellip;]\" \/>\n<meta property=\"og:url\" content=\"https:\/\/wrapcompliance.org\/es\/training\/training-overview\/two-day-bridge-training\/\" \/>\n<meta property=\"og:site_name\" content=\"WRAP Compliance\" \/>\n<meta property=\"article:publisher\" content=\"https:\/\/www.facebook.com\/WRAPcompliance\/\" \/>\n<meta property=\"article:modified_time\" content=\"2025-04-25T20:08:25+00:00\" \/>\n<meta property=\"og:image\" content=\"https:\/\/wrapcompliance.org\/wp-content\/uploads\/2022\/10\/social-default-1200.jpg\" \/>\n\t<meta property=\"og:image:width\" content=\"1200\" \/>\n\t<meta property=\"og:image:height\" content=\"630\" \/>\n\t<meta property=\"og:image:type\" content=\"image\/jpeg\" \/>\n<meta name=\"twitter:card\" content=\"summary_large_image\" \/>\n<meta name=\"twitter:site\" content=\"@wrapcompliance\" \/>\n<meta name=\"twitter:label1\" content=\"Tiempo de lectura\" \/>\n\t<meta name=\"twitter:data1\" content=\"1 minuto\" \/>\n<script type=\"application\/ld+json\" class=\"yoast-schema-graph\">{\"@context\":\"https:\\\/\\\/schema.org\",\"@graph\":[{\"@type\":\"WebPage\",\"@id\":\"https:\\\/\\\/wrapcompliance.org\\\/training\\\/training-overview\\\/two-day-bridge-training\\\/\",\"url\":\"https:\\\/\\\/wrapcompliance.org\\\/training\\\/training-overview\\\/two-day-bridge-training\\\/\",\"name\":\"Bridge Course Training - WRAP Compliance\",\"isPartOf\":{\"@id\":\"https:\\\/\\\/wrapcompliance.org\\\/en\\\/#website\"},\"datePublished\":\"2022-08-25T17:52:06+00:00\",\"dateModified\":\"2025-04-25T20:08:25+00:00\",\"breadcrumb\":{\"@id\":\"https:\\\/\\\/wrapcompliance.org\\\/training\\\/training-overview\\\/two-day-bridge-training\\\/#breadcrumb\"},\"inLanguage\":\"es\",\"potentialAction\":[{\"@type\":\"ReadAction\",\"target\":[\"https:\\\/\\\/wrapcompliance.org\\\/training\\\/training-overview\\\/two-day-bridge-training\\\/\"]}]},{\"@type\":\"BreadcrumbList\",\"@id\":\"https:\\\/\\\/wrapcompliance.org\\\/training\\\/training-overview\\\/two-day-bridge-training\\\/#breadcrumb\",\"itemListElement\":[{\"@type\":\"ListItem\",\"position\":1,\"name\":\"Home\",\"item\":\"https:\\\/\\\/wrapcompliance.org\\\/\"},{\"@type\":\"ListItem\",\"position\":2,\"name\":\"Training\",\"item\":\"https:\\\/\\\/wrapcompliance.org\\\/training\\\/\"},{\"@type\":\"ListItem\",\"position\":3,\"name\":\"Training Overview\",\"item\":\"https:\\\/\\\/wrapcompliance.org\\\/training\\\/training-overview\\\/\"},{\"@type\":\"ListItem\",\"position\":4,\"name\":\"Bridge Course Training\"}]},{\"@type\":\"WebSite\",\"@id\":\"https:\\\/\\\/wrapcompliance.org\\\/en\\\/#website\",\"url\":\"https:\\\/\\\/wrapcompliance.org\\\/en\\\/\",\"name\":\"WRAP Compliance\",\"description\":\"Ensuring production facilities operate in a safe, responsible, and ethical way. Through our 12 Principles, we promote lawful, humane manufacturing in facilities throughout the world via our Certification and Training programs.\",\"publisher\":{\"@id\":\"https:\\\/\\\/wrapcompliance.org\\\/en\\\/#organization\"},\"potentialAction\":[{\"@type\":\"SearchAction\",\"target\":{\"@type\":\"EntryPoint\",\"urlTemplate\":\"https:\\\/\\\/wrapcompliance.org\\\/en\\\/?s={search_term_string}\"},\"query-input\":{\"@type\":\"PropertyValueSpecification\",\"valueRequired\":true,\"valueName\":\"search_term_string\"}}],\"inLanguage\":\"es\"},{\"@type\":\"Organization\",\"@id\":\"https:\\\/\\\/wrapcompliance.org\\\/en\\\/#organization\",\"name\":\"Worldwide Responsible Accredited Production\",\"alternateName\":\"WRAP Compliance\",\"url\":\"https:\\\/\\\/wrapcompliance.org\\\/en\\\/\",\"logo\":{\"@type\":\"ImageObject\",\"inLanguage\":\"es\",\"@id\":\"https:\\\/\\\/wrapcompliance.org\\\/en\\\/#\\\/schema\\\/logo\\\/image\\\/\",\"url\":\"https:\\\/\\\/wrapcompliance.org\\\/wp-content\\\/uploads\\\/2022\\\/03\\\/WRAP_Logo_Update_Color_RGB.png\",\"contentUrl\":\"https:\\\/\\\/wrapcompliance.org\\\/wp-content\\\/uploads\\\/2022\\\/03\\\/WRAP_Logo_Update_Color_RGB.png\",\"width\":3601,\"height\":3451,\"caption\":\"Worldwide Responsible Accredited Production\"},\"image\":{\"@id\":\"https:\\\/\\\/wrapcompliance.org\\\/en\\\/#\\\/schema\\\/logo\\\/image\\\/\"},\"sameAs\":[\"https:\\\/\\\/www.facebook.com\\\/WRAPcompliance\\\/\",\"https:\\\/\\\/x.com\\\/wrapcompliance\",\"https:\\\/\\\/www.linkedin.com\\\/company\\\/wrapcompliance\"]}]}<\/script>\n<!-- \/ Yoast SEO plugin. -->","yoast_head_json":{"title":"Capacitaci\u00f3n del curso puente - Cumplimiento de WRAP","robots":{"index":"index","follow":"follow","max-snippet":"max-snippet:-1","max-image-preview":"max-image-preview:large","max-video-preview":"max-video-preview:-1"},"canonical":"https:\/\/wrapcompliance.org\/es\/training\/training-overview\/two-day-bridge-training\/","og_locale":"es_ES","og_type":"article","og_title":"Bridge Course Training - WRAP Compliance","og_description":"This two-day training course bridges the divide between being an APSCA CSCA and a WRAP-accredited Lead Auditor. It introduces our program, including an overview of the audit process and relevant documentation. It also breaks down WRAP\u2019s 12 Principles as they relate to distinct audit requirements.&nbsp; Participants who successfully complete this course (including an examination) will [&hellip;]","og_url":"https:\/\/wrapcompliance.org\/es\/training\/training-overview\/two-day-bridge-training\/","og_site_name":"WRAP Compliance","article_publisher":"https:\/\/www.facebook.com\/WRAPcompliance\/","article_modified_time":"2025-04-25T20:08:25+00:00","og_image":[{"width":1200,"height":630,"url":"https:\/\/wrapcompliance.org\/wp-content\/uploads\/2022\/10\/social-default-1200.jpg","type":"image\/jpeg"}],"twitter_card":"summary_large_image","twitter_site":"@wrapcompliance","twitter_misc":{"Tiempo de lectura":"1 minuto"},"schema":{"@context":"https:\/\/schema.org","@graph":[{"@type":"WebPage","@id":"https:\/\/wrapcompliance.org\/training\/training-overview\/two-day-bridge-training\/","url":"https:\/\/wrapcompliance.org\/training\/training-overview\/two-day-bridge-training\/","name":"Capacitaci\u00f3n del curso puente - Cumplimiento de WRAP","isPartOf":{"@id":"https:\/\/wrapcompliance.org\/en\/#website"},"datePublished":"2022-08-25T17:52:06+00:00","dateModified":"2025-04-25T20:08:25+00:00","breadcrumb":{"@id":"https:\/\/wrapcompliance.org\/training\/training-overview\/two-day-bridge-training\/#breadcrumb"},"inLanguage":"es","potentialAction":[{"@type":"ReadAction","target":["https:\/\/wrapcompliance.org\/training\/training-overview\/two-day-bridge-training\/"]}]},{"@type":"BreadcrumbList","@id":"https:\/\/wrapcompliance.org\/training\/training-overview\/two-day-bridge-training\/#breadcrumb","itemListElement":[{"@type":"ListItem","position":1,"name":"Home","item":"https:\/\/wrapcompliance.org\/"},{"@type":"ListItem","position":2,"name":"Training","item":"https:\/\/wrapcompliance.org\/training\/"},{"@type":"ListItem","position":3,"name":"Training Overview","item":"https:\/\/wrapcompliance.org\/training\/training-overview\/"},{"@type":"ListItem","position":4,"name":"Bridge Course Training"}]},{"@type":"WebSite","@id":"https:\/\/wrapcompliance.org\/en\/#website","url":"https:\/\/wrapcompliance.org\/en\/","name":"Cumplimiento de WRAP","description":"Garantizar que las instalaciones de producci\u00f3n operen de manera segura, responsable y \u00e9tica. A trav\u00e9s de nuestros 12 Principios, promovemos la fabricaci\u00f3n humana y legal en instalaciones de todo el mundo a trav\u00e9s de nuestros programas de Certificaci\u00f3n y Capacitaci\u00f3n.","publisher":{"@id":"https:\/\/wrapcompliance.org\/en\/#organization"},"potentialAction":[{"@type":"SearchAction","target":{"@type":"EntryPoint","urlTemplate":"https:\/\/wrapcompliance.org\/en\/?s={search_term_string}"},"query-input":{"@type":"PropertyValueSpecification","valueRequired":true,"valueName":"search_term_string"}}],"inLanguage":"es"},{"@type":"Organization","@id":"https:\/\/wrapcompliance.org\/en\/#organization","name":"Producci\u00f3n Acreditada Responsable a Nivel Mundial","alternateName":"WRAP Compliance","url":"https:\/\/wrapcompliance.org\/en\/","logo":{"@type":"ImageObject","inLanguage":"es","@id":"https:\/\/wrapcompliance.org\/en\/#\/schema\/logo\/image\/","url":"https:\/\/wrapcompliance.org\/wp-content\/uploads\/2022\/03\/WRAP_Logo_Update_Color_RGB.png","contentUrl":"https:\/\/wrapcompliance.org\/wp-content\/uploads\/2022\/03\/WRAP_Logo_Update_Color_RGB.png","width":3601,"height":3451,"caption":"Worldwide Responsible Accredited Production"},"image":{"@id":"https:\/\/wrapcompliance.org\/en\/#\/schema\/logo\/image\/"},"sameAs":["https:\/\/www.facebook.com\/WRAPcompliance\/","https:\/\/x.com\/wrapcompliance","https:\/\/www.linkedin.com\/company\/wrapcompliance"]}]}},"_links":{"self":[{"href":"https:\/\/wrapcompliance.org\/es\/wp-json\/wp\/v2\/pages\/25322","targetHints":{"allow":["GET"]}}],"collection":[{"href":"https:\/\/wrapcompliance.org\/es\/wp-json\/wp\/v2\/pages"}],"about":[{"href":"https:\/\/wrapcompliance.org\/es\/wp-json\/wp\/v2\/types\/page"}],"author":[{"embeddable":true,"href":"https:\/\/wrapcompliance.org\/es\/wp-json\/wp\/v2\/users\/3"}],"replies":[{"embeddable":true,"href":"https:\/\/wrapcompliance.org\/es\/wp-json\/wp\/v2\/comments?post=25322"}],"version-history":[{"count":0,"href":"https:\/\/wrapcompliance.org\/es\/wp-json\/wp\/v2\/pages\/25322\/revisions"}],"up":[{"embeddable":true,"href":"https:\/\/wrapcompliance.org\/es\/wp-json\/wp\/v2\/pages\/24464"}],"wp:attachment":[{"href":"https:\/\/wrapcompliance.org\/es\/wp-json\/wp\/v2\/media?parent=25322"}],"curies":[{"name":"wp","href":"https:\/\/api.w.org\/{rel}","templated":true}]}}