{"id":25463,"date":"2022-08-26T12:07:33","date_gmt":"2022-08-26T16:07:33","guid":{"rendered":"https:\/\/wrapcompliance.org\/?page_id=25463"},"modified":"2026-02-25T11:43:13","modified_gmt":"2026-02-25T16:43:13","slug":"auditors-reviewers","status":"publish","type":"page","link":"https:\/\/wrapcompliance.org\/es\/training\/auditors-reviewers\/","title":{"rendered":"Auditores\/Revisores"},"content":{"rendered":"<div role=\"banner\" class=\"theme-block wp-block-theme-blocks-page-banner full-width has-background has-image\"><div class=\"wrap\"><div class=\"layout\"><h1 class=\"block-title appear-on-scroll\">Auditores\/Revisores<\/h1><div class=\"block-content\">\n<p  class=\"appear-on-scroll is-style-intro has-max-width-800\" ><strong>Estamos comprometidos a elevar la calidad general de las auditor\u00edas de cumplimiento social y una parte clave de ese compromiso es garantizar que nuestros auditores operen con la m\u00e1xima profesionalidad, integridad y experiencia.&nbsp;<\/strong><\/p>\n<\/div><div class=\"block-image appear-on-scroll\"><div class=\"image\" style=\"\"><img decoding=\"async\" src=\"https:\/\/wrapcompliance.org\/wp-content\/uploads\/2026\/02\/WRAP_Illustration_Training_Auditors.svg\" class=\"attachment-banner-hero size-banner-hero\" alt=\"An illustration of three professionals collaborating on a certification process, featuring a person climbing a series of stepped blocks toward a diploma while another uses a large pen to mark a checklist.\" \/><\/div><\/div><div class=\"block-background\" style=\"\"><\/div><\/div><\/div><\/div>\n\n<div  class=\"theme-block wp-block-group is-style-default has-max-width-700 has-text-align-center has-no-margin-top is-layout-flow wp-block-group-is-layout-flow\" ><div class=\"wp-block-group__inner-container\"><p  class=\"appear-on-scroll has-text-align-left is-style-default\" >Por estas razones, hemos integrado nuestros requisitos de auditor acreditado con el&nbsp;<a href=\"https:\/\/www.theapsca.org\/about-us\/\">Asociaci\u00f3n de Auditores Profesionales de Cumplimiento Social (APSCA)<\/a>, que garantiza la competencia del auditor a trav\u00e9s del aprendizaje, las pruebas y la acreditaci\u00f3n de los auditores de cumplimiento social. Todos nuestros auditores est\u00e1n acreditados por APSCA bajo uno de sus dos niveles de competencia: <strong>Auditor Asociado de Cumplimiento Social (ASCA)<\/strong> y <strong>Auditor Certificado de Cumplimiento Social (CSCA)<\/strong>.<\/p>\n\n\n<div style=\"height:10px\" aria-hidden=\"true\" class=\"wp-block-spacer\"><\/div>\n\n\n<h3  class=\"appear-on-scroll wp-block-heading has-text-align-center\" ><span class=\"text\">Requisitos de capacitaci\u00f3n WRAP:<\/span><\/h3>\n\n<hr  class=\"appear-on-scroll wp-block-separator has-text-color has-light-purple-color has-alpha-channel-opacity has-light-purple-background-color has-background\" \/>\n\n\n<div class=\"wp-block-columns is-style-default is-layout-flex wp-container-core-columns-is-layout-9d6595d7 wp-block-columns-is-layout-flex\">\n<div class=\"wp-block-column has-no-margin-bottom is-layout-flow wp-block-column-is-layout-flow\"><h4  class=\"appear-on-scroll wp-block-heading has-text-align-left\" ><span class=\"text\">Para CSCA<\/span><\/h4>\n\n<p  class=\"appear-on-scroll has-text-align-left\" >Para estar acreditado para realizar auditor\u00edas WRAP como auditor l\u00edder, un auditor debe estar empleado a tiempo completo por una firma de monitoreo acreditada por WRAP. Adem\u00e1s, tambi\u00e9n deben ser APSCA CSCA y haber completado el curso de &quot;Entrenamiento puente de dos d\u00edas&quot; de WRAP.<\/p><\/div>\n\n\n\n<div class=\"wp-block-column has-no-margin-top is-layout-flow wp-block-column-is-layout-flow\"><h4  class=\"appear-on-scroll wp-block-heading has-text-align-left\" ><span class=\"text\">Para ASCA<\/span><\/h4>\n\n<p  class=\"appear-on-scroll has-text-align-left\" >Para estar acreditado para realizar auditor\u00edas WRAP como miembro del equipo de auditor\u00eda que trabaja con un auditor l\u00edder, un auditor debe estar empleado a tiempo completo por una firma de monitoreo acreditada por WRAP y debe ser un APSCA ASCA. Adem\u00e1s, deben completar con \u00e9xito el curso de &quot;Capacitaci\u00f3n de auditores de cinco d\u00edas&quot; de WRAP.<\/p><\/div>\n<\/div>\n<\/div><\/div>\n\n<div  class=\"theme-block wp-block-group has-light-purple-background-color has-background is-layout-flow wp-block-group-is-layout-flow\" ><div class=\"wp-block-group__inner-container\"><h2  class=\"appear-on-scroll wp-block-heading\" ><span class=\"text\">Capacitaci\u00f3n en Sistemas de Auditor\u00eda Social (SAST)<\/span><\/h2>\n\n<p class=\"appear-on-scroll\">Este curso de 5 d\u00edas est\u00e1 abierto a todos aquellos que buscan obtener una comprensi\u00f3n integral de los sistemas de gesti\u00f3n de cumplimiento social y es especialmente adecuado para personas, ya sean internas o independientes, que realizan auditor\u00edas sociales.<\/p>\n\n<div  class=\"appear-on-scroll wp-block-buttons is-layout-flex wp-block-buttons-is-layout-flex\" >\n<div class=\"wp-block-button\"><a class=\"wp-block-button__link wp-element-button\" href=\"https:\/\/wrapcompliance.org\/es\/training\/training-overview\/social-audit-systems-training\/\"><span class=\"label\">Conozca m\u00e1s sobre la capacitaci\u00f3n en SISTEMAS DE AUDITOR\u00cdA SOCIAL<\/span><\/a><\/div>\n<\/div><\/div><\/div>\n\n<h2  class=\"appear-on-scroll wp-block-heading\" ><span class=\"text\">Entrenamiento de puente<\/span><\/h2>\n\n<p class=\"appear-on-scroll\">Este curso de dos d\u00edas cierra la brecha entre ser un CSCA APSCA y un auditor l\u00edder acreditado por WRAP. Presenta nuestro programa, incluida una descripci\u00f3n general del proceso de auditor\u00eda y la documentaci\u00f3n relevante. Tambi\u00e9n desglosa los 12 Principios de WRAP en lo que se refiere a distintos requisitos de auditor\u00eda.&nbsp;<\/p>\n\n<div  class=\"appear-on-scroll wp-block-buttons is-layout-flex wp-block-buttons-is-layout-flex\" >\n<div class=\"wp-block-button\"><a class=\"wp-block-button__link wp-element-button\" href=\"https:\/\/wrapcompliance.org\/es\/training\/training-overview\/two-day-bridge-training\/\"><span class=\"label\">Obtenga m\u00e1s informaci\u00f3n sobre el entrenamiento de bridge<\/span><\/a><\/div>\n<\/div>\n\n<div  class=\"theme-block wp-block-group has-no-margin-bottom has-light-purple-background-color has-background is-layout-flow wp-block-group-is-layout-flow\" ><div class=\"wp-block-group__inner-container\"><h2  class=\"appear-on-scroll wp-block-heading\" ><span class=\"text\">Capacitaci\u00f3n de actualizaci\u00f3n<\/span><\/h2>\n\n<p class=\"appear-on-scroll\">Todos los auditores acreditados por WRAP deben realizar una capacitaci\u00f3n de actualizaci\u00f3n cada dos a\u00f1os. Este curso de medio d\u00eda revisa las actualizaciones del programa y aborda los problemas emergentes de cumplimiento social.<\/p>\n\n<div  class=\"appear-on-scroll wp-block-buttons is-layout-flex wp-block-buttons-is-layout-flex\" >\n<div class=\"wp-block-button\"><a class=\"wp-block-button__link wp-element-button\" href=\"https:\/\/wrapcompliance.org\/es\/training\/training-overview\/one-day-refresher-training\/\"><span class=\"label\">Obtenga m\u00e1s informaci\u00f3n sobre la capacitaci\u00f3n de actualizaci\u00f3n<\/span><\/a><\/div>\n<\/div><\/div><\/div>\n\n<h2  class=\"appear-on-scroll wp-block-heading\" ><span class=\"text\">Capacitaci\u00f3n CTPAT<\/span><\/h2>\n\n<p class=\"appear-on-scroll\">La Asociaci\u00f3n de Aduanas y Comercio contra el Terrorismo (CTPAT) es un programa de la Oficina de Aduanas y Protecci\u00f3n Fronteriza (CBP) de los EE. UU. dentro del Departamento de Seguridad Nacional de los EE. UU. WRAP respalda el cumplimiento de las f\u00e1bricas de producci\u00f3n con los requisitos del programa CTPAT que protegen la cadena de suministro, identifican brechas de seguridad y facilitan la implementaci\u00f3n de medidas preventivas efectivas.<\/p>\n\n<div  class=\"appear-on-scroll wp-block-buttons is-layout-flex wp-block-buttons-is-layout-flex\" >\n<div class=\"wp-block-button\"><a class=\"wp-block-button__link wp-element-button\" href=\"https:\/\/wrapcompliance.org\/es\/training\/training-overview\/ctpat-training\/\"><span class=\"label\">Obtenga m\u00e1s informaci\u00f3n sobre la capacitaci\u00f3n de ctpat<\/span><\/a><\/div>\n<\/div>\n\n<div  class=\"theme-block wp-block-group has-light-purple-background-color has-background is-layout-flow wp-block-group-is-layout-flow\" ><div class=\"wp-block-group__inner-container\"><h2  class=\"appear-on-scroll wp-block-heading\" ><span class=\"text\">Introducci\u00f3n a ESG<\/span><\/h2>\n\n<p class=\"appear-on-scroll\">Muchas empresas est\u00e1n avanzando con iniciativas ambientales, sociales y de gobierno (ESG) formales. Estos programas generalmente identifican objetivos espec\u00edficos y hacen un seguimiento (y en algunos casos informan sobre) su progreso.<\/p>\n\n<div  class=\"appear-on-scroll wp-block-buttons is-layout-flex wp-block-buttons-is-layout-flex\" >\n<div class=\"wp-block-button\"><a class=\"wp-block-button__link wp-element-button\" href=\"https:\/\/wrapcompliance.org\/es\/training\/training-overview\/introduction-to-esg\/\"><span class=\"label\">aprender m\u00e1s sobre introducci\u00f3n a esg<\/span><\/a><\/div>\n<\/div><\/div><\/div>\n\n<h2  class=\"appear-on-scroll wp-block-heading\" ><span class=\"text\">Programas de Concientizaci\u00f3n WRAP<\/span><\/h2>\n\n<p class=\"appear-on-scroll\">Nuestras capacitaciones de concientizaci\u00f3n general introducen a las partes interesadas actuales y potenciales a nuestro programa de cumplimiento social.<\/p>\n\n<div  class=\"appear-on-scroll wp-block-buttons is-layout-flex wp-block-buttons-is-layout-flex\" >\n<div class=\"wp-block-button\"><a class=\"wp-block-button__link wp-element-button\" href=\"https:\/\/wrapcompliance.org\/es\/training\/training-overview\/wrap-awareness-programs\/\"><span class=\"label\">Obtenga m\u00e1s informaci\u00f3n sobre los programas de concientizaci\u00f3n sobre WRAP.<\/span><\/a><\/div>\n<\/div>","protected":false},"excerpt":{"rendered":"<p>For these reasons, we have integrated our accredited auditor requirements with the&nbsp;Association of Professional Social Compliance Auditors (APSCA), which ensures auditor proficiency through the learning, testing, and credentialing of social compliance auditors. All of our auditors are APSCA accredited under one of its two proficiency levels: Associate Social Compliance Auditor (ASCA) and Certified Social Compliance [&hellip;]<\/p>\n","protected":false},"author":3,"featured_media":2344694,"parent":245,"menu_order":3,"comment_status":"closed","ping_status":"closed","template":"","meta":{"_acf_changed":false,"featured_image_background_position":"","footnotes":""},"class_list":["post-25463","page","type-page","status-publish","has-post-thumbnail","hentry"],"acf":[],"yoast_head":"<!-- This site is optimized with the Yoast SEO plugin v27.2 - https:\/\/yoast.com\/product\/yoast-seo-wordpress\/ -->\n<title>Auditors\/Reviewers - WRAP Compliance<\/title>\n<meta name=\"description\" content=\"Quality social compliance training to raise the professionalism, integrity, and expertise of social compliance auditors\" \/>\n<meta name=\"robots\" content=\"index, follow, max-snippet:-1, max-image-preview:large, max-video-preview:-1\" \/>\n<link rel=\"canonical\" href=\"https:\/\/wrapcompliance.org\/es\/training\/auditors-reviewers\/\" \/>\n<meta property=\"og:locale\" content=\"es_ES\" \/>\n<meta property=\"og:type\" content=\"article\" \/>\n<meta property=\"og:title\" content=\"Auditors\/Reviewers - WRAP Compliance\" \/>\n<meta property=\"og:description\" content=\"Quality social compliance training to raise the professionalism, integrity, and expertise of social compliance auditors\" \/>\n<meta property=\"og:url\" content=\"https:\/\/wrapcompliance.org\/es\/training\/auditors-reviewers\/\" \/>\n<meta property=\"og:site_name\" content=\"WRAP Compliance\" \/>\n<meta property=\"article:publisher\" content=\"https:\/\/www.facebook.com\/WRAPcompliance\/\" \/>\n<meta property=\"article:modified_time\" content=\"2026-02-25T16:43:13+00:00\" \/>\n<meta property=\"og:image\" content=\"https:\/\/wrapcompliance.org\/wp-content\/uploads\/2022\/10\/social-default-1200.jpg\" \/>\n\t<meta property=\"og:image:width\" content=\"1200\" \/>\n\t<meta property=\"og:image:height\" content=\"630\" \/>\n\t<meta property=\"og:image:type\" content=\"image\/jpeg\" \/>\n<meta name=\"twitter:card\" content=\"summary_large_image\" \/>\n<meta name=\"twitter:site\" content=\"@wrapcompliance\" \/>\n<meta name=\"twitter:label1\" content=\"Tiempo de lectura\" \/>\n\t<meta name=\"twitter:data1\" content=\"3 minutos\" \/>\n<script type=\"application\/ld+json\" class=\"yoast-schema-graph\">{\"@context\":\"https:\/\/schema.org\",\"@graph\":[{\"@type\":\"WebPage\",\"@id\":\"https:\/\/wrapcompliance.org\/training\/auditors-reviewers\/\",\"url\":\"https:\/\/wrapcompliance.org\/training\/auditors-reviewers\/\",\"name\":\"Auditors\/Reviewers - WRAP Compliance\",\"isPartOf\":{\"@id\":\"https:\/\/wrapcompliance.org\/en\/#website\"},\"primaryImageOfPage\":{\"@id\":\"https:\/\/wrapcompliance.org\/training\/auditors-reviewers\/#primaryimage\"},\"image\":{\"@id\":\"https:\/\/wrapcompliance.org\/training\/auditors-reviewers\/#primaryimage\"},\"thumbnailUrl\":\"https:\/\/wrapcompliance.org\/wp-content\/uploads\/2026\/02\/WRAP_Illustration_Training_Auditors.svg\",\"datePublished\":\"2022-08-26T16:07:33+00:00\",\"dateModified\":\"2026-02-25T16:43:13+00:00\",\"description\":\"Quality social compliance training to raise the professionalism, integrity, and expertise of social compliance auditors\",\"breadcrumb\":{\"@id\":\"https:\/\/wrapcompliance.org\/training\/auditors-reviewers\/#breadcrumb\"},\"inLanguage\":\"es\",\"potentialAction\":[{\"@type\":\"ReadAction\",\"target\":[\"https:\/\/wrapcompliance.org\/training\/auditors-reviewers\/\"]}]},{\"@type\":\"ImageObject\",\"inLanguage\":\"es\",\"@id\":\"https:\/\/wrapcompliance.org\/training\/auditors-reviewers\/#primaryimage\",\"url\":\"https:\/\/wrapcompliance.org\/wp-content\/uploads\/2026\/02\/WRAP_Illustration_Training_Auditors.svg\",\"contentUrl\":\"https:\/\/wrapcompliance.org\/wp-content\/uploads\/2026\/02\/WRAP_Illustration_Training_Auditors.svg\",\"caption\":\"An illustration of three professionals collaborating on a certification process, featuring a person climbing a series of stepped blocks toward a diploma while another uses a large pen to mark a checklist.\"},{\"@type\":\"BreadcrumbList\",\"@id\":\"https:\/\/wrapcompliance.org\/training\/auditors-reviewers\/#breadcrumb\",\"itemListElement\":[{\"@type\":\"ListItem\",\"position\":1,\"name\":\"Home\",\"item\":\"https:\/\/wrapcompliance.org\/\"},{\"@type\":\"ListItem\",\"position\":2,\"name\":\"Training\",\"item\":\"https:\/\/wrapcompliance.org\/training\/\"},{\"@type\":\"ListItem\",\"position\":3,\"name\":\"Auditors\/Reviewers\"}]},{\"@type\":\"WebSite\",\"@id\":\"https:\/\/wrapcompliance.org\/en\/#website\",\"url\":\"https:\/\/wrapcompliance.org\/en\/\",\"name\":\"WRAP Compliance\",\"description\":\"Ensuring production facilities operate in a safe, responsible, and ethical way. Through our 12 Principles, we promote lawful, humane manufacturing in facilities throughout the world via our Certification and Training programs.\",\"publisher\":{\"@id\":\"https:\/\/wrapcompliance.org\/en\/#organization\"},\"potentialAction\":[{\"@type\":\"SearchAction\",\"target\":{\"@type\":\"EntryPoint\",\"urlTemplate\":\"https:\/\/wrapcompliance.org\/en\/?s={search_term_string}\"},\"query-input\":{\"@type\":\"PropertyValueSpecification\",\"valueRequired\":true,\"valueName\":\"search_term_string\"}}],\"inLanguage\":\"es\"},{\"@type\":\"Organization\",\"@id\":\"https:\/\/wrapcompliance.org\/en\/#organization\",\"name\":\"Worldwide Responsible Accredited Production\",\"alternateName\":\"WRAP Compliance\",\"url\":\"https:\/\/wrapcompliance.org\/en\/\",\"logo\":{\"@type\":\"ImageObject\",\"inLanguage\":\"es\",\"@id\":\"https:\/\/wrapcompliance.org\/en\/#\/schema\/logo\/image\/\",\"url\":\"https:\/\/wrapcompliance.org\/wp-content\/uploads\/2022\/03\/WRAP_Logo_Update_Color_RGB.png\",\"contentUrl\":\"https:\/\/wrapcompliance.org\/wp-content\/uploads\/2022\/03\/WRAP_Logo_Update_Color_RGB.png\",\"width\":3601,\"height\":3451,\"caption\":\"Worldwide Responsible Accredited Production\"},\"image\":{\"@id\":\"https:\/\/wrapcompliance.org\/en\/#\/schema\/logo\/image\/\"},\"sameAs\":[\"https:\/\/www.facebook.com\/WRAPcompliance\/\",\"https:\/\/x.com\/wrapcompliance\",\"https:\/\/www.linkedin.com\/company\/wrapcompliance\"]}]}<\/script>\n<!-- \/ Yoast SEO plugin. -->","yoast_head_json":{"title":"Auditores\/Revisores - Cumplimiento de WRAP","description":"Capacitaci\u00f3n de calidad en cumplimiento social para aumentar la profesionalidad, la integridad y la experiencia de los auditores de cumplimiento social","robots":{"index":"index","follow":"follow","max-snippet":"max-snippet:-1","max-image-preview":"max-image-preview:large","max-video-preview":"max-video-preview:-1"},"canonical":"https:\/\/wrapcompliance.org\/es\/training\/auditors-reviewers\/","og_locale":"es_ES","og_type":"article","og_title":"Auditors\/Reviewers - WRAP Compliance","og_description":"Quality social compliance training to raise the professionalism, integrity, and expertise of social compliance auditors","og_url":"https:\/\/wrapcompliance.org\/es\/training\/auditors-reviewers\/","og_site_name":"WRAP Compliance","article_publisher":"https:\/\/www.facebook.com\/WRAPcompliance\/","article_modified_time":"2026-02-25T16:43:13+00:00","og_image":[{"width":1200,"height":630,"url":"https:\/\/wrapcompliance.org\/wp-content\/uploads\/2022\/10\/social-default-1200.jpg","type":"image\/jpeg"}],"twitter_card":"summary_large_image","twitter_site":"@wrapcompliance","twitter_misc":{"Tiempo de lectura":"3 minutos"},"schema":{"@context":"https:\/\/schema.org","@graph":[{"@type":"WebPage","@id":"https:\/\/wrapcompliance.org\/training\/auditors-reviewers\/","url":"https:\/\/wrapcompliance.org\/training\/auditors-reviewers\/","name":"Auditores\/Revisores - Cumplimiento de WRAP","isPartOf":{"@id":"https:\/\/wrapcompliance.org\/en\/#website"},"primaryImageOfPage":{"@id":"https:\/\/wrapcompliance.org\/training\/auditors-reviewers\/#primaryimage"},"image":{"@id":"https:\/\/wrapcompliance.org\/training\/auditors-reviewers\/#primaryimage"},"thumbnailUrl":"https:\/\/wrapcompliance.org\/wp-content\/uploads\/2026\/02\/WRAP_Illustration_Training_Auditors.svg","datePublished":"2022-08-26T16:07:33+00:00","dateModified":"2026-02-25T16:43:13+00:00","description":"Capacitaci\u00f3n de calidad en cumplimiento social para aumentar la profesionalidad, la integridad y la experiencia de los auditores de cumplimiento social","breadcrumb":{"@id":"https:\/\/wrapcompliance.org\/training\/auditors-reviewers\/#breadcrumb"},"inLanguage":"es","potentialAction":[{"@type":"ReadAction","target":["https:\/\/wrapcompliance.org\/training\/auditors-reviewers\/"]}]},{"@type":"ImageObject","inLanguage":"es","@id":"https:\/\/wrapcompliance.org\/training\/auditors-reviewers\/#primaryimage","url":"https:\/\/wrapcompliance.org\/wp-content\/uploads\/2026\/02\/WRAP_Illustration_Training_Auditors.svg","contentUrl":"https:\/\/wrapcompliance.org\/wp-content\/uploads\/2026\/02\/WRAP_Illustration_Training_Auditors.svg","caption":"An illustration of three professionals collaborating on a certification process, featuring a person climbing a series of stepped blocks toward a diploma while another uses a large pen to mark a checklist."},{"@type":"BreadcrumbList","@id":"https:\/\/wrapcompliance.org\/training\/auditors-reviewers\/#breadcrumb","itemListElement":[{"@type":"ListItem","position":1,"name":"Home","item":"https:\/\/wrapcompliance.org\/"},{"@type":"ListItem","position":2,"name":"Training","item":"https:\/\/wrapcompliance.org\/training\/"},{"@type":"ListItem","position":3,"name":"Auditors\/Reviewers"}]},{"@type":"WebSite","@id":"https:\/\/wrapcompliance.org\/en\/#website","url":"https:\/\/wrapcompliance.org\/en\/","name":"Cumplimiento de WRAP","description":"Garantizar que las instalaciones de producci\u00f3n operen de manera segura, responsable y \u00e9tica. A trav\u00e9s de nuestros 12 Principios, promovemos la fabricaci\u00f3n humana y legal en instalaciones de todo el mundo a trav\u00e9s de nuestros programas de Certificaci\u00f3n y Capacitaci\u00f3n.","publisher":{"@id":"https:\/\/wrapcompliance.org\/en\/#organization"},"potentialAction":[{"@type":"SearchAction","target":{"@type":"EntryPoint","urlTemplate":"https:\/\/wrapcompliance.org\/en\/?s={search_term_string}"},"query-input":{"@type":"PropertyValueSpecification","valueRequired":true,"valueName":"search_term_string"}}],"inLanguage":"es"},{"@type":"Organization","@id":"https:\/\/wrapcompliance.org\/en\/#organization","name":"Producci\u00f3n Acreditada Responsable a Nivel Mundial","alternateName":"WRAP Compliance","url":"https:\/\/wrapcompliance.org\/en\/","logo":{"@type":"ImageObject","inLanguage":"es","@id":"https:\/\/wrapcompliance.org\/en\/#\/schema\/logo\/image\/","url":"https:\/\/wrapcompliance.org\/wp-content\/uploads\/2022\/03\/WRAP_Logo_Update_Color_RGB.png","contentUrl":"https:\/\/wrapcompliance.org\/wp-content\/uploads\/2022\/03\/WRAP_Logo_Update_Color_RGB.png","width":3601,"height":3451,"caption":"Worldwide Responsible Accredited Production"},"image":{"@id":"https:\/\/wrapcompliance.org\/en\/#\/schema\/logo\/image\/"},"sameAs":["https:\/\/www.facebook.com\/WRAPcompliance\/","https:\/\/x.com\/wrapcompliance","https:\/\/www.linkedin.com\/company\/wrapcompliance"]}]}},"_links":{"self":[{"href":"https:\/\/wrapcompliance.org\/es\/wp-json\/wp\/v2\/pages\/25463","targetHints":{"allow":["GET"]}}],"collection":[{"href":"https:\/\/wrapcompliance.org\/es\/wp-json\/wp\/v2\/pages"}],"about":[{"href":"https:\/\/wrapcompliance.org\/es\/wp-json\/wp\/v2\/types\/page"}],"author":[{"embeddable":true,"href":"https:\/\/wrapcompliance.org\/es\/wp-json\/wp\/v2\/users\/3"}],"replies":[{"embeddable":true,"href":"https:\/\/wrapcompliance.org\/es\/wp-json\/wp\/v2\/comments?post=25463"}],"version-history":[{"count":1,"href":"https:\/\/wrapcompliance.org\/es\/wp-json\/wp\/v2\/pages\/25463\/revisions"}],"predecessor-version":[{"id":2344699,"href":"https:\/\/wrapcompliance.org\/es\/wp-json\/wp\/v2\/pages\/25463\/revisions\/2344699"}],"up":[{"embeddable":true,"href":"https:\/\/wrapcompliance.org\/es\/wp-json\/wp\/v2\/pages\/245"}],"wp:featuredmedia":[{"embeddable":true,"href":"https:\/\/wrapcompliance.org\/es\/wp-json\/wp\/v2\/media\/2344694"}],"wp:attachment":[{"href":"https:\/\/wrapcompliance.org\/es\/wp-json\/wp\/v2\/media?parent=25463"}],"curies":[{"name":"wp","href":"https:\/\/api.w.org\/{rel}","templated":true}]}}