{"id":26804,"date":"2022-11-01T15:55:24","date_gmt":"2022-11-01T19:55:24","guid":{"rendered":"https:\/\/wrapcompliance.org\/?page_id=26804"},"modified":"2026-04-10T10:07:54","modified_gmt":"2026-04-10T14:07:54","slug":"wrap-facility-relocation-address-change-form","status":"publish","type":"page","link":"https:\/\/wrapcompliance.org\/es\/certification\/wrap-facility-relocation-address-change-form\/","title":{"rendered":"Formulario de cambio de direcci\u00f3n de la f\u00e1brica"},"content":{"rendered":"<div role=\"banner\" class=\"theme-block wp-block-theme-blocks-page-banner full-width has-background no-image\"><div class=\"wrap\"><div class=\"layout\"><h1 class=\"block-title appear-on-scroll\">Formulario de cambio de direcci\u00f3n de la f\u00e1brica<\/h1><div class=\"block-content\">\n<p  class=\"appear-on-scroll is-style-intro\" >Cualquier f\u00e1brica cuya ubicaci\u00f3n f\u00edsica haya cambiado en el \u00faltimo a\u00f1o debe presentar este formulario para renovar su certificaci\u00f3n. Tambi\u00e9n se debe proporcionar una licencia comercial v\u00e1lida que refleje la nueva direcci\u00f3n.<\/p>\n<\/div><div class=\"block-background\" style=\"\"><\/div><\/div><\/div><\/div>\n\n<p class=\"appear-on-scroll\">Tenga en cuenta que si una f\u00e1brica se muda a una nueva ubicaci\u00f3n, su certificado actual caducar\u00e1 y deber\u00e1 registrarse como una nueva f\u00e1brica con nuevo ID de WRAP.<\/p>\n\n<p class=\"appear-on-scroll\">Si una f\u00e1brica est\u00e1 experimentando un cambio de direcci\u00f3n iniciado por el gobierno (un cambio de direcci\u00f3n requerido por un gobierno local que no implica reubicaci\u00f3n), se le emitir\u00e1 un nuevo certificado una vez aprobado.<\/p>\n\n<div  class=\"theme-block wp-block-group has-half-margin-top has-no-margin-bottom has-light-purple-background-color has-background is-layout-flow wp-block-group-is-layout-flow\" ><div class=\"wp-block-group__inner-container\"><\/div><\/div>\n\n\n<div style=\"height:10px\" aria-hidden=\"true\" class=\"wp-block-spacer\"><\/div>","protected":false},"excerpt":{"rendered":"<p>Note that if a facility is moving to a new location, its current certificate will expire and it will have to register as a new facility with a new WRAP ID. If a facility is undergoing a government-initiated address change (an address change required by a local government that does not involve relocation), they will [&hellip;]<\/p>\n","protected":false},"author":31,"featured_media":0,"parent":24387,"menu_order":7,"comment_status":"closed","ping_status":"closed","template":"","meta":{"_acf_changed":false,"featured_image_background_position":"","footnotes":""},"class_list":["post-26804","page","type-page","status-publish","hentry"],"acf":[],"yoast_head":"<!-- This site is optimized with the Yoast SEO plugin v27.5 - https:\/\/yoast.com\/product\/yoast-seo-wordpress\/ -->\n<title>Facility Address Change Form - WRAP Compliance<\/title>\n<meta name=\"robots\" content=\"index, follow, max-snippet:-1, max-image-preview:large, max-video-preview:-1\" \/>\n<link rel=\"canonical\" href=\"https:\/\/wrapcompliance.org\/es\/certification\/wrap-facility-relocation-address-change-form\/\" \/>\n<meta property=\"og:locale\" content=\"es_ES\" \/>\n<meta property=\"og:type\" content=\"article\" \/>\n<meta property=\"og:title\" content=\"Facility Address Change Form - WRAP Compliance\" \/>\n<meta property=\"og:description\" content=\"Note that if a facility is moving to a new location, its current certificate will expire and it will have to register as a new facility with a new WRAP ID. If a facility is undergoing a government-initiated address change (an address change required by a local government that does not involve relocation), they will [&hellip;]\" \/>\n<meta property=\"og:url\" content=\"https:\/\/wrapcompliance.org\/es\/certification\/wrap-facility-relocation-address-change-form\/\" \/>\n<meta property=\"og:site_name\" content=\"WRAP Compliance\" \/>\n<meta property=\"article:publisher\" content=\"https:\/\/www.facebook.com\/WRAPcompliance\/\" \/>\n<meta property=\"article:modified_time\" content=\"2026-04-10T14:07:54+00:00\" \/>\n<meta property=\"og:image\" content=\"https:\/\/wrapcompliance.org\/wp-content\/uploads\/2022\/10\/social-default-1200.jpg\" \/>\n\t<meta property=\"og:image:width\" content=\"1200\" \/>\n\t<meta property=\"og:image:height\" content=\"630\" \/>\n\t<meta property=\"og:image:type\" content=\"image\/jpeg\" \/>\n<meta name=\"twitter:card\" content=\"summary_large_image\" \/>\n<meta name=\"twitter:site\" content=\"@wrapcompliance\" \/>\n<meta name=\"twitter:label1\" content=\"Tiempo de lectura\" \/>\n\t<meta name=\"twitter:data1\" content=\"1 minuto\" \/>\n<script type=\"application\/ld+json\" class=\"yoast-schema-graph\">{\"@context\":\"https:\\\/\\\/schema.org\",\"@graph\":[{\"@type\":\"WebPage\",\"@id\":\"https:\\\/\\\/wrapcompliance.org\\\/certification\\\/wrap-facility-relocation-address-change-form\\\/\",\"url\":\"https:\\\/\\\/wrapcompliance.org\\\/certification\\\/wrap-facility-relocation-address-change-form\\\/\",\"name\":\"Facility Address Change Form - WRAP Compliance\",\"isPartOf\":{\"@id\":\"https:\\\/\\\/wrapcompliance.org\\\/en\\\/#website\"},\"datePublished\":\"2022-11-01T19:55:24+00:00\",\"dateModified\":\"2026-04-10T14:07:54+00:00\",\"breadcrumb\":{\"@id\":\"https:\\\/\\\/wrapcompliance.org\\\/certification\\\/wrap-facility-relocation-address-change-form\\\/#breadcrumb\"},\"inLanguage\":\"es\",\"potentialAction\":[{\"@type\":\"ReadAction\",\"target\":[\"https:\\\/\\\/wrapcompliance.org\\\/certification\\\/wrap-facility-relocation-address-change-form\\\/\"]}]},{\"@type\":\"BreadcrumbList\",\"@id\":\"https:\\\/\\\/wrapcompliance.org\\\/certification\\\/wrap-facility-relocation-address-change-form\\\/#breadcrumb\",\"itemListElement\":[{\"@type\":\"ListItem\",\"position\":1,\"name\":\"Home\",\"item\":\"https:\\\/\\\/wrapcompliance.org\\\/\"},{\"@type\":\"ListItem\",\"position\":2,\"name\":\"Certification Explained\",\"item\":\"https:\\\/\\\/wrapcompliance.org\\\/certification\\\/\"},{\"@type\":\"ListItem\",\"position\":3,\"name\":\"Facility Address Change Form\"}]},{\"@type\":\"WebSite\",\"@id\":\"https:\\\/\\\/wrapcompliance.org\\\/en\\\/#website\",\"url\":\"https:\\\/\\\/wrapcompliance.org\\\/en\\\/\",\"name\":\"WRAP Compliance\",\"description\":\"Ensuring production facilities operate in a safe, responsible, and ethical way. Through our 12 Principles, we promote lawful, humane manufacturing in facilities throughout the world via our Certification and Training programs.\",\"publisher\":{\"@id\":\"https:\\\/\\\/wrapcompliance.org\\\/en\\\/#organization\"},\"potentialAction\":[{\"@type\":\"SearchAction\",\"target\":{\"@type\":\"EntryPoint\",\"urlTemplate\":\"https:\\\/\\\/wrapcompliance.org\\\/en\\\/?s={search_term_string}\"},\"query-input\":{\"@type\":\"PropertyValueSpecification\",\"valueRequired\":true,\"valueName\":\"search_term_string\"}}],\"inLanguage\":\"es\"},{\"@type\":\"Organization\",\"@id\":\"https:\\\/\\\/wrapcompliance.org\\\/en\\\/#organization\",\"name\":\"Worldwide Responsible Accredited Production\",\"alternateName\":\"WRAP Compliance\",\"url\":\"https:\\\/\\\/wrapcompliance.org\\\/en\\\/\",\"logo\":{\"@type\":\"ImageObject\",\"inLanguage\":\"es\",\"@id\":\"https:\\\/\\\/wrapcompliance.org\\\/en\\\/#\\\/schema\\\/logo\\\/image\\\/\",\"url\":\"https:\\\/\\\/wrapcompliance.org\\\/wp-content\\\/uploads\\\/2022\\\/03\\\/WRAP_Logo_Update_Color_RGB.png\",\"contentUrl\":\"https:\\\/\\\/wrapcompliance.org\\\/wp-content\\\/uploads\\\/2022\\\/03\\\/WRAP_Logo_Update_Color_RGB.png\",\"width\":3601,\"height\":3451,\"caption\":\"Worldwide Responsible Accredited Production\"},\"image\":{\"@id\":\"https:\\\/\\\/wrapcompliance.org\\\/en\\\/#\\\/schema\\\/logo\\\/image\\\/\"},\"sameAs\":[\"https:\\\/\\\/www.facebook.com\\\/WRAPcompliance\\\/\",\"https:\\\/\\\/x.com\\\/wrapcompliance\",\"https:\\\/\\\/www.linkedin.com\\\/company\\\/wrapcompliance\"]}]}<\/script>\n<!-- \/ Yoast SEO plugin. -->","yoast_head_json":{"title":"Formulario de cambio de direcci\u00f3n de las instalaciones - Cumplimiento de WRAP","robots":{"index":"index","follow":"follow","max-snippet":"max-snippet:-1","max-image-preview":"max-image-preview:large","max-video-preview":"max-video-preview:-1"},"canonical":"https:\/\/wrapcompliance.org\/es\/certification\/wrap-facility-relocation-address-change-form\/","og_locale":"es_ES","og_type":"article","og_title":"Facility Address Change Form - WRAP Compliance","og_description":"Note that if a facility is moving to a new location, its current certificate will expire and it will have to register as a new facility with a new WRAP ID. If a facility is undergoing a government-initiated address change (an address change required by a local government that does not involve relocation), they will [&hellip;]","og_url":"https:\/\/wrapcompliance.org\/es\/certification\/wrap-facility-relocation-address-change-form\/","og_site_name":"WRAP Compliance","article_publisher":"https:\/\/www.facebook.com\/WRAPcompliance\/","article_modified_time":"2026-04-10T14:07:54+00:00","og_image":[{"width":1200,"height":630,"url":"https:\/\/wrapcompliance.org\/wp-content\/uploads\/2022\/10\/social-default-1200.jpg","type":"image\/jpeg"}],"twitter_card":"summary_large_image","twitter_site":"@wrapcompliance","twitter_misc":{"Tiempo de lectura":"1 minuto"},"schema":{"@context":"https:\/\/schema.org","@graph":[{"@type":"WebPage","@id":"https:\/\/wrapcompliance.org\/certification\/wrap-facility-relocation-address-change-form\/","url":"https:\/\/wrapcompliance.org\/certification\/wrap-facility-relocation-address-change-form\/","name":"Formulario de cambio de direcci\u00f3n de las instalaciones - Cumplimiento de WRAP","isPartOf":{"@id":"https:\/\/wrapcompliance.org\/en\/#website"},"datePublished":"2022-11-01T19:55:24+00:00","dateModified":"2026-04-10T14:07:54+00:00","breadcrumb":{"@id":"https:\/\/wrapcompliance.org\/certification\/wrap-facility-relocation-address-change-form\/#breadcrumb"},"inLanguage":"es","potentialAction":[{"@type":"ReadAction","target":["https:\/\/wrapcompliance.org\/certification\/wrap-facility-relocation-address-change-form\/"]}]},{"@type":"BreadcrumbList","@id":"https:\/\/wrapcompliance.org\/certification\/wrap-facility-relocation-address-change-form\/#breadcrumb","itemListElement":[{"@type":"ListItem","position":1,"name":"Home","item":"https:\/\/wrapcompliance.org\/"},{"@type":"ListItem","position":2,"name":"Certification Explained","item":"https:\/\/wrapcompliance.org\/certification\/"},{"@type":"ListItem","position":3,"name":"Facility Address Change Form"}]},{"@type":"WebSite","@id":"https:\/\/wrapcompliance.org\/en\/#website","url":"https:\/\/wrapcompliance.org\/en\/","name":"Cumplimiento de WRAP","description":"Garantizar que las instalaciones de producci\u00f3n operen de manera segura, responsable y \u00e9tica. A trav\u00e9s de nuestros 12 Principios, promovemos la fabricaci\u00f3n humana y legal en instalaciones de todo el mundo a trav\u00e9s de nuestros programas de Certificaci\u00f3n y Capacitaci\u00f3n.","publisher":{"@id":"https:\/\/wrapcompliance.org\/en\/#organization"},"potentialAction":[{"@type":"SearchAction","target":{"@type":"EntryPoint","urlTemplate":"https:\/\/wrapcompliance.org\/en\/?s={search_term_string}"},"query-input":{"@type":"PropertyValueSpecification","valueRequired":true,"valueName":"search_term_string"}}],"inLanguage":"es"},{"@type":"Organization","@id":"https:\/\/wrapcompliance.org\/en\/#organization","name":"Producci\u00f3n Acreditada Responsable a Nivel Mundial","alternateName":"WRAP Compliance","url":"https:\/\/wrapcompliance.org\/en\/","logo":{"@type":"ImageObject","inLanguage":"es","@id":"https:\/\/wrapcompliance.org\/en\/#\/schema\/logo\/image\/","url":"https:\/\/wrapcompliance.org\/wp-content\/uploads\/2022\/03\/WRAP_Logo_Update_Color_RGB.png","contentUrl":"https:\/\/wrapcompliance.org\/wp-content\/uploads\/2022\/03\/WRAP_Logo_Update_Color_RGB.png","width":3601,"height":3451,"caption":"Worldwide Responsible Accredited Production"},"image":{"@id":"https:\/\/wrapcompliance.org\/en\/#\/schema\/logo\/image\/"},"sameAs":["https:\/\/www.facebook.com\/WRAPcompliance\/","https:\/\/x.com\/wrapcompliance","https:\/\/www.linkedin.com\/company\/wrapcompliance"]}]}},"_links":{"self":[{"href":"https:\/\/wrapcompliance.org\/es\/wp-json\/wp\/v2\/pages\/26804","targetHints":{"allow":["GET"]}}],"collection":[{"href":"https:\/\/wrapcompliance.org\/es\/wp-json\/wp\/v2\/pages"}],"about":[{"href":"https:\/\/wrapcompliance.org\/es\/wp-json\/wp\/v2\/types\/page"}],"author":[{"embeddable":true,"href":"https:\/\/wrapcompliance.org\/es\/wp-json\/wp\/v2\/users\/31"}],"replies":[{"embeddable":true,"href":"https:\/\/wrapcompliance.org\/es\/wp-json\/wp\/v2\/comments?post=26804"}],"version-history":[{"count":1,"href":"https:\/\/wrapcompliance.org\/es\/wp-json\/wp\/v2\/pages\/26804\/revisions"}],"predecessor-version":[{"id":2344970,"href":"https:\/\/wrapcompliance.org\/es\/wp-json\/wp\/v2\/pages\/26804\/revisions\/2344970"}],"up":[{"embeddable":true,"href":"https:\/\/wrapcompliance.org\/es\/wp-json\/wp\/v2\/pages\/24387"}],"wp:attachment":[{"href":"https:\/\/wrapcompliance.org\/es\/wp-json\/wp\/v2\/media?parent=26804"}],"curies":[{"name":"wp","href":"https:\/\/api.w.org\/{rel}","templated":true}]}}