{"id":20461,"date":"2021-06-11T12:32:24","date_gmt":"2021-06-11T16:32:24","guid":{"rendered":"https:\/\/wrapcompliance.org\/wrap-aafa-partnership\/"},"modified":"2026-04-17T14:50:11","modified_gmt":"2026-04-17T18:50:11","slug":"wrap-aafa-partnership","status":"publish","type":"page","link":"https:\/\/wrapcompliance.org\/vi\/collaboration\/wrap-aafa-partnership\/","title":{"rendered":""},"content":{"rendered":"<div role=\"banner\" class=\"theme-block wp-block-theme-blocks-page-banner full-width has-background no-image\"><div class=\"wrap\"><div class=\"layout\"><h1 class=\"block-title appear-on-scroll\"><\/h1><div class=\"block-content\">\n<figure  class=\"appear-on-scroll wp-block-image size-large is-resized\" ><img loading=\"lazy\" decoding=\"async\" width=\"1024\" height=\"479\" src=\"https:\/\/wrapcompliance.org\/wp-content\/uploads\/2022\/09\/AAFA_MemberLogo_CMYK-1024x479.png\" alt=\"AAFA Logo\" class=\"wp-image-26130\" style=\"width:400px\" srcset=\"https:\/\/wrapcompliance.org\/wp-content\/uploads\/2022\/09\/AAFA_MemberLogo_CMYK-1024x479.png 1024w, https:\/\/wrapcompliance.org\/wp-content\/uploads\/2022\/09\/AAFA_MemberLogo_CMYK-300x140.png 300w, https:\/\/wrapcompliance.org\/wp-content\/uploads\/2022\/09\/AAFA_MemberLogo_CMYK-768x359.png 768w, https:\/\/wrapcompliance.org\/wp-content\/uploads\/2022\/09\/AAFA_MemberLogo_CMYK-1536x719.png 1536w, https:\/\/wrapcompliance.org\/wp-content\/uploads\/2022\/09\/AAFA_MemberLogo_CMYK-18x8.png 18w, https:\/\/wrapcompliance.org\/wp-content\/uploads\/2022\/09\/AAFA_MemberLogo_CMYK-600x281.png 600w, https:\/\/wrapcompliance.org\/wp-content\/uploads\/2022\/09\/AAFA_MemberLogo_CMYK-1000x468.png 1000w, https:\/\/wrapcompliance.org\/wp-content\/uploads\/2022\/09\/AAFA_MemberLogo_CMYK.png 1857w\" sizes=\"auto, (max-width: 1024px) 100vw, 1024px\" \/><\/figure>\n<\/div><div class=\"block-background\" style=\"--background-color:#F1F1FF\"><\/div><\/div><\/div><\/div>\n\n<p class=\"appear-on-scroll\">C\u00e1c <a href=\"https:\/\/www.aafaglobal.org\/\" target=\"_blank\" rel=\"noreferrer noopener\">Hi\u1ec7p h\u1ed9i gi\u00e0y d\u00e9p &amp; qu\u1ea7n \u00e1o Hoa K\u1ef3 (AAFA)<\/a> l\u00e0 hi\u1ec7p h\u1ed9i th\u01b0\u01a1ng m\u1ea1i qu\u1ed1c gia \u0111\u1ea1i di\u1ec7n cho c\u00e1c c\u00f4ng ty may m\u1eb7c, gi\u00e0y d\u00e9p v\u00e0 c\u00e1c s\u1ea3n ph\u1ea9m may kh\u00e1c, c\u00f9ng c\u00e1c nh\u00e0 cung c\u1ea5p c\u1ee7a h\u1ecd, nh\u1eefng c\u00f4ng ty c\u1ea1nh tranh tr\u00ean th\u1ecb tr\u01b0\u1eddng to\u00e0n c\u1ea7u.<\/p>\n\n<p  class=\"appear-on-scroll is-style-default\" >AAFA l\u00e0 ti\u1ebfng n\u00f3i ch\u00ednh tr\u1ecb v\u00e0 ch\u00ednh s\u00e1ch c\u00f4ng cho ng\u00e0nh may m\u1eb7c v\u00e0 gi\u00e0y d\u00e9p t\u1ea1i Hoa K\u1ef3 v\u00e0 tr\u00ean to\u00e0n th\u1ebf gi\u1edbi, \u0111\u1ea1i di\u1ec7n cho h\u01a1n 1.000 th\u01b0\u01a1ng hi\u1ec7u, nh\u00e0 b\u00e1n l\u1ebb v\u00e0 nh\u00e0 s\u1ea3n xu\u1ea5t n\u1ed5i ti\u1ebfng th\u1ebf gi\u1edbi. AAFA l\u00e0 t\u1ed5 ch\u1ee9c d\u1eabn \u0111\u1ea7u \u0111\u01b0\u1ee3c c\u00f4ng nh\u1eadn v\u1ec1 nhi\u1ec1u v\u1ea5n \u0111\u1ec1 quan tr\u1ecdng \u0111\u1ed1i v\u1edbi c\u00e1c th\u00e0nh vi\u00ean, bao g\u1ed3m b\u1ea3o v\u1ec7 th\u01b0\u01a1ng hi\u1ec7u, chu\u1ed7i cung \u1ee9ng v\u00e0 ngu\u1ed3n cung \u1ee9ng, th\u01b0\u01a1ng m\u1ea1i, h\u1eadu c\u1ea7n v\u00e0 s\u1ea3n xu\u1ea5t. <\/p>\n\n<p  class=\"appear-on-scroll is-style-default\" >AAFA h\u1ee3p t\u00e1c ch\u1eb7t ch\u1ebd v\u1edbi WRAP, ch\u00ednh th\u1ee9c c\u1ee7a n\u00f3 <a href=\"https:\/\/www.aafaglobal.org\/AAFA\/Solutions_Pages\/WRAP_Partnership.aspx\">\u0110\u1ed1i t\u00e1c Tr\u00e1ch nhi\u1ec7m X\u00e3 h\u1ed9i c\u1ee7a Doanh nghi\u1ec7p (CSR)<\/a>, \u0111\u1ec3 gi\u00fap c\u00e1c th\u00e0nh vi\u00ean c\u1ee7a n\u00f3 th\u00fac \u0111\u1ea9y h\u01a1n n\u1eefa s\u1ea3n xu\u1ea5t c\u00f3 tr\u00e1ch nhi\u1ec7m v\u1edbi x\u00e3 h\u1ed9i.<\/p>\n\n<div  class=\"appear-on-scroll wp-block-buttons is-content-justification-left is-layout-flex wp-container-core-buttons-is-layout-fdcfc74e wp-block-buttons-is-layout-flex\" >\n<div class=\"wp-block-button\"><a class=\"wp-block-button__link wp-element-button\" href=\"\/vi\/partners\/aafa\/\"><span class=\"label\">Xem th\u00f4ng tin chi ti\u1ebft, t\u00e0i nguy\u00ean v\u00e0 s\u1ef1 ki\u1ec7n t\u1eeb \u0110\u1ed1i t\u00e1c AAFA<\/span><\/a><\/div>\n<\/div>","protected":false},"excerpt":{"rendered":"<p>The American Apparel &amp; Footwear Association (AAFA) is the national trade association representing apparel, footwear, and other sewn products companies, and their suppliers, which compete in the global market. AAFA is the public policy and political voice for the apparel and footwear industries in the U.S. and around the world, representing over 1,000 world-famous brands, [&hellip;]<\/p>\n","protected":false},"author":3,"featured_media":0,"parent":24779,"menu_order":2,"comment_status":"closed","ping_status":"closed","template":"","meta":{"_acf_changed":false,"featured_image_background_position":"","footnotes":""},"class_list":["post-20461","page","type-page","status-publish","hentry"],"acf":[],"yoast_head":"<!-- This site is optimized with the Yoast SEO plugin v27.4 - https:\/\/yoast.com\/product\/yoast-seo-wordpress\/ -->\n<title>- WRAP Compliance<\/title>\n<meta name=\"robots\" content=\"index, follow, max-snippet:-1, max-image-preview:large, max-video-preview:-1\" \/>\n<link rel=\"canonical\" href=\"https:\/\/wrapcompliance.org\/vi\/collaboration\/wrap-aafa-partnership\/\" \/>\n<meta property=\"og:locale\" content=\"vi_VN\" \/>\n<meta property=\"og:type\" content=\"article\" \/>\n<meta property=\"og:title\" content=\"- WRAP Compliance\" \/>\n<meta property=\"og:description\" content=\"The American Apparel &amp; Footwear Association (AAFA) is the national trade association representing apparel, footwear, and other sewn products companies, and their suppliers, which compete in the global market. AAFA is the public policy and political voice for the apparel and footwear industries in the U.S. and around the world, representing over 1,000 world-famous brands, [&hellip;]\" \/>\n<meta property=\"og:url\" content=\"https:\/\/wrapcompliance.org\/vi\/collaboration\/wrap-aafa-partnership\/\" \/>\n<meta property=\"og:site_name\" content=\"WRAP Compliance\" \/>\n<meta property=\"article:publisher\" content=\"https:\/\/www.facebook.com\/WRAPcompliance\/\" \/>\n<meta property=\"article:modified_time\" content=\"2026-04-17T18:50:11+00:00\" \/>\n<meta property=\"og:image\" content=\"https:\/\/wrapcompliance.org\/wp-content\/uploads\/2022\/09\/AAFA_MemberLogo_CMYK.png\" \/>\n\t<meta property=\"og:image:width\" content=\"1857\" \/>\n\t<meta property=\"og:image:height\" content=\"869\" \/>\n\t<meta property=\"og:image:type\" content=\"image\/png\" \/>\n<meta name=\"twitter:card\" content=\"summary_large_image\" \/>\n<meta name=\"twitter:site\" content=\"@wrapcompliance\" \/>\n<meta name=\"twitter:label1\" content=\"\u01af\u1edbc t\u00ednh th\u1eddi gian \u0111\u1ecdc\" \/>\n\t<meta name=\"twitter:data1\" content=\"1 ph\u00fat\" \/>\n<script type=\"application\/ld+json\" class=\"yoast-schema-graph\">{\"@context\":\"https:\\\/\\\/schema.org\",\"@graph\":[{\"@type\":\"WebPage\",\"@id\":\"https:\\\/\\\/wrapcompliance.org\\\/collaboration\\\/wrap-aafa-partnership\\\/\",\"url\":\"https:\\\/\\\/wrapcompliance.org\\\/collaboration\\\/wrap-aafa-partnership\\\/\",\"name\":\"- WRAP Compliance\",\"isPartOf\":{\"@id\":\"https:\\\/\\\/wrapcompliance.org\\\/en\\\/#website\"},\"primaryImageOfPage\":{\"@id\":\"https:\\\/\\\/wrapcompliance.org\\\/collaboration\\\/wrap-aafa-partnership\\\/#primaryimage\"},\"image\":{\"@id\":\"https:\\\/\\\/wrapcompliance.org\\\/collaboration\\\/wrap-aafa-partnership\\\/#primaryimage\"},\"thumbnailUrl\":\"https:\\\/\\\/wrapcompliance.org\\\/wp-content\\\/uploads\\\/2022\\\/09\\\/AAFA_MemberLogo_CMYK-1024x479.png\",\"datePublished\":\"2021-06-11T16:32:24+00:00\",\"dateModified\":\"2026-04-17T18:50:11+00:00\",\"breadcrumb\":{\"@id\":\"https:\\\/\\\/wrapcompliance.org\\\/collaboration\\\/wrap-aafa-partnership\\\/#breadcrumb\"},\"inLanguage\":\"vi\",\"potentialAction\":[{\"@type\":\"ReadAction\",\"target\":[\"https:\\\/\\\/wrapcompliance.org\\\/collaboration\\\/wrap-aafa-partnership\\\/\"]}]},{\"@type\":\"ImageObject\",\"inLanguage\":\"vi\",\"@id\":\"https:\\\/\\\/wrapcompliance.org\\\/collaboration\\\/wrap-aafa-partnership\\\/#primaryimage\",\"url\":\"https:\\\/\\\/wrapcompliance.org\\\/wp-content\\\/uploads\\\/2022\\\/09\\\/AAFA_MemberLogo_CMYK-1024x479.png\",\"contentUrl\":\"https:\\\/\\\/wrapcompliance.org\\\/wp-content\\\/uploads\\\/2022\\\/09\\\/AAFA_MemberLogo_CMYK-1024x479.png\"},{\"@type\":\"BreadcrumbList\",\"@id\":\"https:\\\/\\\/wrapcompliance.org\\\/collaboration\\\/wrap-aafa-partnership\\\/#breadcrumb\",\"itemListElement\":[{\"@type\":\"ListItem\",\"position\":1,\"name\":\"Home\",\"item\":\"https:\\\/\\\/wrapcompliance.org\\\/\"},{\"@type\":\"ListItem\",\"position\":2,\"name\":\"Leadership in Action\",\"item\":\"https:\\\/\\\/wrapcompliance.org\\\/collaboration\\\/\"}]},{\"@type\":\"WebSite\",\"@id\":\"https:\\\/\\\/wrapcompliance.org\\\/en\\\/#website\",\"url\":\"https:\\\/\\\/wrapcompliance.org\\\/en\\\/\",\"name\":\"WRAP Compliance\",\"description\":\"Ensuring production facilities operate in a safe, responsible, and ethical way. Through our 12 Principles, we promote lawful, humane manufacturing in facilities throughout the world via our Certification and Training programs.\",\"publisher\":{\"@id\":\"https:\\\/\\\/wrapcompliance.org\\\/en\\\/#organization\"},\"potentialAction\":[{\"@type\":\"SearchAction\",\"target\":{\"@type\":\"EntryPoint\",\"urlTemplate\":\"https:\\\/\\\/wrapcompliance.org\\\/en\\\/?s={search_term_string}\"},\"query-input\":{\"@type\":\"PropertyValueSpecification\",\"valueRequired\":true,\"valueName\":\"search_term_string\"}}],\"inLanguage\":\"vi\"},{\"@type\":\"Organization\",\"@id\":\"https:\\\/\\\/wrapcompliance.org\\\/en\\\/#organization\",\"name\":\"Worldwide Responsible Accredited Production\",\"alternateName\":\"WRAP Compliance\",\"url\":\"https:\\\/\\\/wrapcompliance.org\\\/en\\\/\",\"logo\":{\"@type\":\"ImageObject\",\"inLanguage\":\"vi\",\"@id\":\"https:\\\/\\\/wrapcompliance.org\\\/en\\\/#\\\/schema\\\/logo\\\/image\\\/\",\"url\":\"https:\\\/\\\/wrapcompliance.org\\\/wp-content\\\/uploads\\\/2022\\\/03\\\/WRAP_Logo_Update_Color_RGB.png\",\"contentUrl\":\"https:\\\/\\\/wrapcompliance.org\\\/wp-content\\\/uploads\\\/2022\\\/03\\\/WRAP_Logo_Update_Color_RGB.png\",\"width\":3601,\"height\":3451,\"caption\":\"Worldwide Responsible Accredited Production\"},\"image\":{\"@id\":\"https:\\\/\\\/wrapcompliance.org\\\/en\\\/#\\\/schema\\\/logo\\\/image\\\/\"},\"sameAs\":[\"https:\\\/\\\/www.facebook.com\\\/WRAPcompliance\\\/\",\"https:\\\/\\\/x.com\\\/wrapcompliance\",\"https:\\\/\\\/www.linkedin.com\\\/company\\\/wrapcompliance\"]}]}<\/script>\n<!-- \/ Yoast SEO plugin. -->","yoast_head_json":{"title":"- Tu\u00e2n th\u1ee7 WRAP","robots":{"index":"index","follow":"follow","max-snippet":"max-snippet:-1","max-image-preview":"max-image-preview:large","max-video-preview":"max-video-preview:-1"},"canonical":"https:\/\/wrapcompliance.org\/vi\/collaboration\/wrap-aafa-partnership\/","og_locale":"vi_VN","og_type":"article","og_title":"- WRAP Compliance","og_description":"The American Apparel &amp; Footwear Association (AAFA) is the national trade association representing apparel, footwear, and other sewn products companies, and their suppliers, which compete in the global market. AAFA is the public policy and political voice for the apparel and footwear industries in the U.S. and around the world, representing over 1,000 world-famous brands, [&hellip;]","og_url":"https:\/\/wrapcompliance.org\/vi\/collaboration\/wrap-aafa-partnership\/","og_site_name":"WRAP Compliance","article_publisher":"https:\/\/www.facebook.com\/WRAPcompliance\/","article_modified_time":"2026-04-17T18:50:11+00:00","og_image":[{"width":1857,"height":869,"url":"https:\/\/wrapcompliance.org\/wp-content\/uploads\/2022\/09\/AAFA_MemberLogo_CMYK.png","type":"image\/png"}],"twitter_card":"summary_large_image","twitter_site":"@wrapcompliance","twitter_misc":{"\u01af\u1edbc t\u00ednh th\u1eddi gian \u0111\u1ecdc":"1 ph\u00fat"},"schema":{"@context":"https:\/\/schema.org","@graph":[{"@type":"WebPage","@id":"https:\/\/wrapcompliance.org\/collaboration\/wrap-aafa-partnership\/","url":"https:\/\/wrapcompliance.org\/collaboration\/wrap-aafa-partnership\/","name":"- Tu\u00e2n th\u1ee7 WRAP","isPartOf":{"@id":"https:\/\/wrapcompliance.org\/en\/#website"},"primaryImageOfPage":{"@id":"https:\/\/wrapcompliance.org\/collaboration\/wrap-aafa-partnership\/#primaryimage"},"image":{"@id":"https:\/\/wrapcompliance.org\/collaboration\/wrap-aafa-partnership\/#primaryimage"},"thumbnailUrl":"https:\/\/wrapcompliance.org\/wp-content\/uploads\/2022\/09\/AAFA_MemberLogo_CMYK-1024x479.png","datePublished":"2021-06-11T16:32:24+00:00","dateModified":"2026-04-17T18:50:11+00:00","breadcrumb":{"@id":"https:\/\/wrapcompliance.org\/collaboration\/wrap-aafa-partnership\/#breadcrumb"},"inLanguage":"vi","potentialAction":[{"@type":"ReadAction","target":["https:\/\/wrapcompliance.org\/collaboration\/wrap-aafa-partnership\/"]}]},{"@type":"ImageObject","inLanguage":"vi","@id":"https:\/\/wrapcompliance.org\/collaboration\/wrap-aafa-partnership\/#primaryimage","url":"https:\/\/wrapcompliance.org\/wp-content\/uploads\/2022\/09\/AAFA_MemberLogo_CMYK-1024x479.png","contentUrl":"https:\/\/wrapcompliance.org\/wp-content\/uploads\/2022\/09\/AAFA_MemberLogo_CMYK-1024x479.png"},{"@type":"BreadcrumbList","@id":"https:\/\/wrapcompliance.org\/collaboration\/wrap-aafa-partnership\/#breadcrumb","itemListElement":[{"@type":"ListItem","position":1,"name":"Home","item":"https:\/\/wrapcompliance.org\/"},{"@type":"ListItem","position":2,"name":"Leadership in Action","item":"https:\/\/wrapcompliance.org\/collaboration\/"}]},{"@type":"WebSite","@id":"https:\/\/wrapcompliance.org\/en\/#website","url":"https:\/\/wrapcompliance.org\/en\/","name":"Tu\u00e2n th\u1ee7 WRAP","description":"\u0110\u1ea3m b\u1ea3o c\u00e1c c\u01a1 s\u1edf s\u1ea3n xu\u1ea5t ho\u1ea1t \u0111\u1ed9ng m\u1ed9t c\u00e1ch an to\u00e0n, c\u00f3 tr\u00e1ch nhi\u1ec7m v\u00e0 \u0111\u1ea1o \u0111\u1ee9c. Th\u00f4ng qua 12 Nguy\u00ean t\u1eafc c\u1ee7a m\u00ecnh, ch\u00fang t\u00f4i th\u00fac \u0111\u1ea9y ho\u1ea1t \u0111\u1ed9ng s\u1ea3n xu\u1ea5t h\u1ee3p ph\u00e1p, nh\u00e2n \u0111\u1ea1o t\u1ea1i c\u00e1c c\u01a1 s\u1edf tr\u00ean to\u00e0n th\u1ebf gi\u1edbi th\u00f4ng qua c\u00e1c ch\u01b0\u01a1ng tr\u00ecnh Ch\u1ee9ng nh\u1eadn v\u00e0 \u0110\u00e0o t\u1ea1o c\u1ee7a m\u00ecnh.","publisher":{"@id":"https:\/\/wrapcompliance.org\/en\/#organization"},"potentialAction":[{"@type":"SearchAction","target":{"@type":"EntryPoint","urlTemplate":"https:\/\/wrapcompliance.org\/en\/?s={search_term_string}"},"query-input":{"@type":"PropertyValueSpecification","valueRequired":true,"valueName":"search_term_string"}}],"inLanguage":"vi"},{"@type":"Organization","@id":"https:\/\/wrapcompliance.org\/en\/#organization","name":"S\u1ea3n xu\u1ea5t \u0111\u01b0\u1ee3c c\u00f4ng nh\u1eadn c\u00f3 tr\u00e1ch nhi\u1ec7m tr\u00ean to\u00e0n th\u1ebf gi\u1edbi","alternateName":"WRAP Compliance","url":"https:\/\/wrapcompliance.org\/en\/","logo":{"@type":"ImageObject","inLanguage":"vi","@id":"https:\/\/wrapcompliance.org\/en\/#\/schema\/logo\/image\/","url":"https:\/\/wrapcompliance.org\/wp-content\/uploads\/2022\/03\/WRAP_Logo_Update_Color_RGB.png","contentUrl":"https:\/\/wrapcompliance.org\/wp-content\/uploads\/2022\/03\/WRAP_Logo_Update_Color_RGB.png","width":3601,"height":3451,"caption":"Worldwide Responsible Accredited Production"},"image":{"@id":"https:\/\/wrapcompliance.org\/en\/#\/schema\/logo\/image\/"},"sameAs":["https:\/\/www.facebook.com\/WRAPcompliance\/","https:\/\/x.com\/wrapcompliance","https:\/\/www.linkedin.com\/company\/wrapcompliance"]}]}},"_links":{"self":[{"href":"https:\/\/wrapcompliance.org\/vi\/wp-json\/wp\/v2\/pages\/20461","targetHints":{"allow":["GET"]}}],"collection":[{"href":"https:\/\/wrapcompliance.org\/vi\/wp-json\/wp\/v2\/pages"}],"about":[{"href":"https:\/\/wrapcompliance.org\/vi\/wp-json\/wp\/v2\/types\/page"}],"author":[{"embeddable":true,"href":"https:\/\/wrapcompliance.org\/vi\/wp-json\/wp\/v2\/users\/3"}],"replies":[{"embeddable":true,"href":"https:\/\/wrapcompliance.org\/vi\/wp-json\/wp\/v2\/comments?post=20461"}],"version-history":[{"count":1,"href":"https:\/\/wrapcompliance.org\/vi\/wp-json\/wp\/v2\/pages\/20461\/revisions"}],"predecessor-version":[{"id":2345011,"href":"https:\/\/wrapcompliance.org\/vi\/wp-json\/wp\/v2\/pages\/20461\/revisions\/2345011"}],"up":[{"embeddable":true,"href":"https:\/\/wrapcompliance.org\/vi\/wp-json\/wp\/v2\/pages\/24779"}],"wp:attachment":[{"href":"https:\/\/wrapcompliance.org\/vi\/wp-json\/wp\/v2\/media?parent=20461"}],"curies":[{"name":"wp","href":"https:\/\/api.w.org\/{rel}","templated":true}]}}