{"id":2331441,"date":"2023-10-10T18:08:42","date_gmt":"2023-10-10T22:08:42","guid":{"rendered":"https:\/\/wrapcompliance.org\/?page_id=2331441"},"modified":"2025-03-03T10:10:07","modified_gmt":"2025-03-03T15:10:07","slug":"verify","status":"publish","type":"page","link":"https:\/\/wrapcompliance.org\/vi\/verify\/","title":{"rendered":"X\u00e1c minh"},"content":{"rendered":"","protected":false},"excerpt":{"rendered":"","protected":false},"author":43,"featured_media":0,"parent":0,"menu_order":0,"comment_status":"closed","ping_status":"closed","template":"newcompanydetails-page.php","meta":{"_acf_changed":false,"featured_image_background_position":"","footnotes":""},"class_list":["post-2331441","page","type-page","status-publish","hentry"],"acf":[],"yoast_head":"<!-- This site is optimized with the Yoast SEO plugin v27.2 - https:\/\/yoast.com\/product\/yoast-seo-wordpress\/ -->\n<title>Verify - WRAP Compliance<\/title>\n<meta name=\"robots\" content=\"index, follow, max-snippet:-1, max-image-preview:large, max-video-preview:-1\" \/>\n<link rel=\"canonical\" href=\"https:\/\/wrapcompliance.org\/vi\/verify\/\" \/>\n<meta property=\"og:locale\" content=\"vi_VN\" \/>\n<meta property=\"og:type\" content=\"article\" \/>\n<meta property=\"og:title\" content=\"Verify - WRAP Compliance\" \/>\n<meta property=\"og:url\" content=\"https:\/\/wrapcompliance.org\/vi\/verify\/\" \/>\n<meta property=\"og:site_name\" content=\"WRAP Compliance\" \/>\n<meta property=\"article:publisher\" content=\"https:\/\/www.facebook.com\/WRAPcompliance\/\" \/>\n<meta property=\"article:modified_time\" content=\"2025-03-03T15:10:07+00:00\" \/>\n<meta property=\"og:image\" content=\"https:\/\/wrapcompliance.org\/wp-content\/uploads\/2022\/10\/social-default-1200.jpg\" \/>\n\t<meta property=\"og:image:width\" content=\"1200\" \/>\n\t<meta property=\"og:image:height\" content=\"630\" \/>\n\t<meta property=\"og:image:type\" content=\"image\/jpeg\" \/>\n<meta name=\"twitter:card\" content=\"summary_large_image\" \/>\n<meta name=\"twitter:site\" content=\"@wrapcompliance\" \/>\n<script type=\"application\/ld+json\" class=\"yoast-schema-graph\">{\"@context\":\"https:\/\/schema.org\",\"@graph\":[{\"@type\":\"WebPage\",\"@id\":\"https:\/\/wrapcompliance.org\/verify\/\",\"url\":\"https:\/\/wrapcompliance.org\/verify\/\",\"name\":\"Verify - WRAP Compliance\",\"isPartOf\":{\"@id\":\"https:\/\/wrapcompliance.org\/en\/#website\"},\"datePublished\":\"2023-10-10T22:08:42+00:00\",\"dateModified\":\"2025-03-03T15:10:07+00:00\",\"breadcrumb\":{\"@id\":\"https:\/\/wrapcompliance.org\/verify\/#breadcrumb\"},\"inLanguage\":\"vi\",\"potentialAction\":[{\"@type\":\"ReadAction\",\"target\":[\"https:\/\/wrapcompliance.org\/verify\/\"]}]},{\"@type\":\"BreadcrumbList\",\"@id\":\"https:\/\/wrapcompliance.org\/verify\/#breadcrumb\",\"itemListElement\":[{\"@type\":\"ListItem\",\"position\":1,\"name\":\"Home\",\"item\":\"https:\/\/wrapcompliance.org\/\"},{\"@type\":\"ListItem\",\"position\":2,\"name\":\"Verify\"}]},{\"@type\":\"WebSite\",\"@id\":\"https:\/\/wrapcompliance.org\/en\/#website\",\"url\":\"https:\/\/wrapcompliance.org\/en\/\",\"name\":\"WRAP Compliance\",\"description\":\"Ensuring production facilities operate in a safe, responsible, and ethical way. Through our 12 Principles, we promote lawful, humane manufacturing in facilities throughout the world via our Certification and Training programs.\",\"publisher\":{\"@id\":\"https:\/\/wrapcompliance.org\/en\/#organization\"},\"potentialAction\":[{\"@type\":\"SearchAction\",\"target\":{\"@type\":\"EntryPoint\",\"urlTemplate\":\"https:\/\/wrapcompliance.org\/en\/?s={search_term_string}\"},\"query-input\":{\"@type\":\"PropertyValueSpecification\",\"valueRequired\":true,\"valueName\":\"search_term_string\"}}],\"inLanguage\":\"vi\"},{\"@type\":\"Organization\",\"@id\":\"https:\/\/wrapcompliance.org\/en\/#organization\",\"name\":\"Worldwide Responsible Accredited Production\",\"alternateName\":\"WRAP Compliance\",\"url\":\"https:\/\/wrapcompliance.org\/en\/\",\"logo\":{\"@type\":\"ImageObject\",\"inLanguage\":\"vi\",\"@id\":\"https:\/\/wrapcompliance.org\/en\/#\/schema\/logo\/image\/\",\"url\":\"https:\/\/wrapcompliance.org\/wp-content\/uploads\/2022\/03\/WRAP_Logo_Update_Color_RGB.png\",\"contentUrl\":\"https:\/\/wrapcompliance.org\/wp-content\/uploads\/2022\/03\/WRAP_Logo_Update_Color_RGB.png\",\"width\":3601,\"height\":3451,\"caption\":\"Worldwide Responsible Accredited Production\"},\"image\":{\"@id\":\"https:\/\/wrapcompliance.org\/en\/#\/schema\/logo\/image\/\"},\"sameAs\":[\"https:\/\/www.facebook.com\/WRAPcompliance\/\",\"https:\/\/x.com\/wrapcompliance\",\"https:\/\/www.linkedin.com\/company\/wrapcompliance\"]}]}<\/script>\n<!-- \/ Yoast SEO plugin. -->","yoast_head_json":{"title":"Verify - WRAP Compliance","robots":{"index":"index","follow":"follow","max-snippet":"max-snippet:-1","max-image-preview":"max-image-preview:large","max-video-preview":"max-video-preview:-1"},"canonical":"https:\/\/wrapcompliance.org\/vi\/verify\/","og_locale":"vi_VN","og_type":"article","og_title":"Verify - WRAP Compliance","og_url":"https:\/\/wrapcompliance.org\/vi\/verify\/","og_site_name":"WRAP Compliance","article_publisher":"https:\/\/www.facebook.com\/WRAPcompliance\/","article_modified_time":"2025-03-03T15:10:07+00:00","og_image":[{"width":1200,"height":630,"url":"https:\/\/wrapcompliance.org\/wp-content\/uploads\/2022\/10\/social-default-1200.jpg","type":"image\/jpeg"}],"twitter_card":"summary_large_image","twitter_site":"@wrapcompliance","schema":{"@context":"https:\/\/schema.org","@graph":[{"@type":"WebPage","@id":"https:\/\/wrapcompliance.org\/verify\/","url":"https:\/\/wrapcompliance.org\/verify\/","name":"Verify - WRAP Compliance","isPartOf":{"@id":"https:\/\/wrapcompliance.org\/en\/#website"},"datePublished":"2023-10-10T22:08:42+00:00","dateModified":"2025-03-03T15:10:07+00:00","breadcrumb":{"@id":"https:\/\/wrapcompliance.org\/verify\/#breadcrumb"},"inLanguage":"vi","potentialAction":[{"@type":"ReadAction","target":["https:\/\/wrapcompliance.org\/verify\/"]}]},{"@type":"BreadcrumbList","@id":"https:\/\/wrapcompliance.org\/verify\/#breadcrumb","itemListElement":[{"@type":"ListItem","position":1,"name":"Home","item":"https:\/\/wrapcompliance.org\/"},{"@type":"ListItem","position":2,"name":"Verify"}]},{"@type":"WebSite","@id":"https:\/\/wrapcompliance.org\/en\/#website","url":"https:\/\/wrapcompliance.org\/en\/","name":"Tu\u00e2n th\u1ee7 WRAP","description":"\u0110\u1ea3m b\u1ea3o c\u00e1c c\u01a1 s\u1edf s\u1ea3n xu\u1ea5t ho\u1ea1t \u0111\u1ed9ng m\u1ed9t c\u00e1ch an to\u00e0n, c\u00f3 tr\u00e1ch nhi\u1ec7m v\u00e0 \u0111\u1ea1o \u0111\u1ee9c. Th\u00f4ng qua 12 Nguy\u00ean t\u1eafc c\u1ee7a m\u00ecnh, ch\u00fang t\u00f4i th\u00fac \u0111\u1ea9y ho\u1ea1t \u0111\u1ed9ng s\u1ea3n xu\u1ea5t h\u1ee3p ph\u00e1p, nh\u00e2n \u0111\u1ea1o t\u1ea1i c\u00e1c c\u01a1 s\u1edf tr\u00ean to\u00e0n th\u1ebf gi\u1edbi th\u00f4ng qua c\u00e1c ch\u01b0\u01a1ng tr\u00ecnh Ch\u1ee9ng nh\u1eadn v\u00e0 \u0110\u00e0o t\u1ea1o c\u1ee7a m\u00ecnh.","publisher":{"@id":"https:\/\/wrapcompliance.org\/en\/#organization"},"potentialAction":[{"@type":"SearchAction","target":{"@type":"EntryPoint","urlTemplate":"https:\/\/wrapcompliance.org\/en\/?s={search_term_string}"},"query-input":{"@type":"PropertyValueSpecification","valueRequired":true,"valueName":"search_term_string"}}],"inLanguage":"vi"},{"@type":"Organization","@id":"https:\/\/wrapcompliance.org\/en\/#organization","name":"S\u1ea3n xu\u1ea5t \u0111\u01b0\u1ee3c c\u00f4ng nh\u1eadn c\u00f3 tr\u00e1ch nhi\u1ec7m tr\u00ean to\u00e0n th\u1ebf gi\u1edbi","alternateName":"WRAP Compliance","url":"https:\/\/wrapcompliance.org\/en\/","logo":{"@type":"ImageObject","inLanguage":"vi","@id":"https:\/\/wrapcompliance.org\/en\/#\/schema\/logo\/image\/","url":"https:\/\/wrapcompliance.org\/wp-content\/uploads\/2022\/03\/WRAP_Logo_Update_Color_RGB.png","contentUrl":"https:\/\/wrapcompliance.org\/wp-content\/uploads\/2022\/03\/WRAP_Logo_Update_Color_RGB.png","width":3601,"height":3451,"caption":"Worldwide Responsible Accredited Production"},"image":{"@id":"https:\/\/wrapcompliance.org\/en\/#\/schema\/logo\/image\/"},"sameAs":["https:\/\/www.facebook.com\/WRAPcompliance\/","https:\/\/x.com\/wrapcompliance","https:\/\/www.linkedin.com\/company\/wrapcompliance"]}]}},"_links":{"self":[{"href":"https:\/\/wrapcompliance.org\/vi\/wp-json\/wp\/v2\/pages\/2331441","targetHints":{"allow":["GET"]}}],"collection":[{"href":"https:\/\/wrapcompliance.org\/vi\/wp-json\/wp\/v2\/pages"}],"about":[{"href":"https:\/\/wrapcompliance.org\/vi\/wp-json\/wp\/v2\/types\/page"}],"author":[{"embeddable":true,"href":"https:\/\/wrapcompliance.org\/vi\/wp-json\/wp\/v2\/users\/43"}],"replies":[{"embeddable":true,"href":"https:\/\/wrapcompliance.org\/vi\/wp-json\/wp\/v2\/comments?post=2331441"}],"version-history":[{"count":0,"href":"https:\/\/wrapcompliance.org\/vi\/wp-json\/wp\/v2\/pages\/2331441\/revisions"}],"wp:attachment":[{"href":"https:\/\/wrapcompliance.org\/vi\/wp-json\/wp\/v2\/media?parent=2331441"}],"curies":[{"name":"wp","href":"https:\/\/api.w.org\/{rel}","templated":true}]}}