{"id":2333740,"date":"2024-03-19T14:21:39","date_gmt":"2024-03-19T18:21:39","guid":{"rendered":"https:\/\/wrapcompliance.org\/?page_id=2333740"},"modified":"2026-04-17T14:51:45","modified_gmt":"2026-04-17T18:51:45","slug":"ihkib","status":"publish","type":"page","link":"https:\/\/wrapcompliance.org\/vi\/collaboration\/ihkib\/","title":{"rendered":""},"content":{"rendered":"<div role=\"banner\" class=\"theme-block wp-block-theme-blocks-page-banner full-width has-background no-image\"><div class=\"wrap\"><div class=\"layout\"><h1 class=\"block-title appear-on-scroll\"><\/h1><div class=\"block-content\">\n<figure  class=\"appear-on-scroll wp-block-image size-full\" ><img loading=\"lazy\" decoding=\"async\" width=\"800\" height=\"400\" src=\"https:\/\/wrapcompliance.org\/wp-content\/uploads\/2024\/03\/ihkib-logo.png\" alt=\"\" class=\"wp-image-2333751\" srcset=\"https:\/\/wrapcompliance.org\/wp-content\/uploads\/2024\/03\/ihkib-logo.png 800w, https:\/\/wrapcompliance.org\/wp-content\/uploads\/2024\/03\/ihkib-logo-300x150.png 300w, https:\/\/wrapcompliance.org\/wp-content\/uploads\/2024\/03\/ihkib-logo-768x384.png 768w, https:\/\/wrapcompliance.org\/wp-content\/uploads\/2024\/03\/ihkib-logo-18x9.png 18w, https:\/\/wrapcompliance.org\/wp-content\/uploads\/2024\/03\/ihkib-logo-600x300.png 600w\" sizes=\"auto, (max-width: 800px) 100vw, 800px\" \/><\/figure>\n<\/div><div class=\"block-background\" style=\"\"><\/div><\/div><\/div><\/div>\n\n<p class=\"appear-on-scroll\">C\u00e1c <a href=\"https:\/\/www.ihkib.org.tr\/en\" target=\"_blank\" rel=\"noreferrer noopener\">Hi\u1ec7p h\u1ed9i xu\u1ea5t kh\u1ea9u h\u00e0ng may m\u1eb7c Istanbul (\u201cIHKIB\u201d)<\/a> \u0110\u1ea1i di\u1ec7n cho h\u01a1n 9.000 nh\u00e0 s\u1ea3n xu\u1ea5t v\u00e0 xu\u1ea5t kh\u1ea9u h\u00e0ng may m\u1eb7c Th\u1ed5 Nh\u0129 K\u1ef3 tr\u00ean c\u1ea3 th\u1ecb tr\u01b0\u1eddng trong n\u01b0\u1edbc v\u00e0 qu\u1ed1c t\u1ebf. IHKIB h\u1ed7 tr\u1ee3 t\u1ed5 ch\u1ee9c c\u00e1c h\u1ed9i ch\u1ee3 qu\u1ed1c t\u1ebf, h\u1ed9i th\u1ea3o \u0111\u00e0o t\u1ea1o v\u00e0 c\u00e1c c\u01a1 h\u1ed9i ph\u00e1t tri\u1ec3n t\u00e0i n\u0103ng tr\u1ebb t\u1ea1i Th\u1ed5 Nh\u0129 K\u1ef3. H\u1ecd c\u0169ng cung c\u1ea5p d\u1ecbch v\u1ee5 truy\u1ec1n th\u00f4ng doanh nghi\u1ec7p v\u00e0 t\u01b0 v\u1ea5n cho c\u00e1c th\u00e0nh vi\u00ean.<br><br><a href=\"https:\/\/www.just-style.com\/news\/turkiye-apparel-exporters-eye-us-boost-on-wrap-partnership\/\" target=\"_blank\" rel=\"noreferrer noopener\">WRAP t\u1ef1 h\u00e0o \u0111\u01b0\u1ee3c ho\u1ea1t \u0111\u1ed9ng nh\u01b0 m\u1ed9t ngu\u1ed3n l\u1ef1c<\/a> d\u00e0nh cho c\u00e1c nh\u00e0 cung c\u1ea5p t\u1ea1i Th\u1ed5 Nh\u0129 K\u1ef3 khi ch\u00fang t\u00f4i h\u1ee3p t\u00e1c v\u1edbi IHKIB \u0111\u1ec3 cung c\u1ea5p \u0111\u00e0o t\u1ea1o v\u00e0 x\u00e1c minh tu\u00e2n th\u1ee7 x\u00e3 h\u1ed9i c\u1ee7a b\u00ean th\u1ee9 ba m\u1ed9t c\u00e1ch kh\u00e1ch quan cho c\u00e1c c\u01a1 s\u1edf \u0111\u1ed1i t\u00e1c.<\/p>\n\n<div  class=\"appear-on-scroll wp-block-buttons is-layout-flex wp-block-buttons-is-layout-flex\" >\n<div class=\"wp-block-button\"><a class=\"wp-block-button__link wp-element-button\" href=\"\/vi\/partners\/iHKiB\/\"><span class=\"label\">Xem th\u00f4ng tin chi ti\u1ebft, t\u00e0i nguy\u00ean v\u00e0 s\u1ef1 ki\u1ec7n t\u1eeb iHKiB Partnership<\/span><\/a><\/div>\n<\/div>","protected":false},"excerpt":{"rendered":"<p>The Istanbul Apparel Exporters&#8217; Association (&#8220;IHKIB&#8221;) represents over 9,000 Turkish apparel manufacturers and exporters on both the domestic and international stage. IHKIB helps organize international fairs, training seminars, and opportunities to develop young talent in Turkey. They also provide corporate communication and consulting services for their members. WRAP is proud to act as a resource [&hellip;]<\/p>\n","protected":false},"author":3,"featured_media":0,"parent":24779,"menu_order":10,"comment_status":"closed","ping_status":"closed","template":"","meta":{"_acf_changed":false,"featured_image_background_position":"","footnotes":""},"class_list":["post-2333740","page","type-page","status-publish","hentry"],"acf":[],"yoast_head":"<!-- This site is optimized with the Yoast SEO plugin v27.3 - https:\/\/yoast.com\/product\/yoast-seo-wordpress\/ -->\n<title>- WRAP Compliance<\/title>\n<meta name=\"robots\" content=\"index, follow, max-snippet:-1, max-image-preview:large, max-video-preview:-1\" \/>\n<link rel=\"canonical\" href=\"https:\/\/wrapcompliance.org\/vi\/collaboration\/ihkib\/\" \/>\n<meta property=\"og:locale\" content=\"vi_VN\" \/>\n<meta property=\"og:type\" content=\"article\" \/>\n<meta property=\"og:title\" content=\"- WRAP Compliance\" \/>\n<meta property=\"og:description\" content=\"The Istanbul Apparel Exporters&#8217; Association (&#8220;IHKIB&#8221;) represents over 9,000 Turkish apparel manufacturers and exporters on both the domestic and international stage. IHKIB helps organize international fairs, training seminars, and opportunities to develop young talent in Turkey. They also provide corporate communication and consulting services for their members. WRAP is proud to act as a resource [&hellip;]\" \/>\n<meta property=\"og:url\" content=\"https:\/\/wrapcompliance.org\/vi\/collaboration\/ihkib\/\" \/>\n<meta property=\"og:site_name\" content=\"WRAP Compliance\" \/>\n<meta property=\"article:publisher\" content=\"https:\/\/www.facebook.com\/WRAPcompliance\/\" \/>\n<meta property=\"article:modified_time\" content=\"2026-04-17T18:51:45+00:00\" \/>\n<meta property=\"og:image\" content=\"https:\/\/wrapcompliance.org\/wp-content\/uploads\/2024\/03\/ihkib-logo.png\" \/>\n\t<meta property=\"og:image:width\" content=\"800\" \/>\n\t<meta property=\"og:image:height\" content=\"400\" \/>\n\t<meta property=\"og:image:type\" content=\"image\/png\" \/>\n<meta name=\"twitter:card\" content=\"summary_large_image\" \/>\n<meta name=\"twitter:site\" content=\"@wrapcompliance\" \/>\n<meta name=\"twitter:label1\" content=\"\u01af\u1edbc t\u00ednh th\u1eddi gian \u0111\u1ecdc\" \/>\n\t<meta name=\"twitter:data1\" content=\"1 ph\u00fat\" \/>\n<script type=\"application\/ld+json\" class=\"yoast-schema-graph\">{\"@context\":\"https:\\\/\\\/schema.org\",\"@graph\":[{\"@type\":\"WebPage\",\"@id\":\"https:\\\/\\\/wrapcompliance.org\\\/collaboration\\\/ihkib\\\/\",\"url\":\"https:\\\/\\\/wrapcompliance.org\\\/collaboration\\\/ihkib\\\/\",\"name\":\"- WRAP Compliance\",\"isPartOf\":{\"@id\":\"https:\\\/\\\/wrapcompliance.org\\\/en\\\/#website\"},\"primaryImageOfPage\":{\"@id\":\"https:\\\/\\\/wrapcompliance.org\\\/collaboration\\\/ihkib\\\/#primaryimage\"},\"image\":{\"@id\":\"https:\\\/\\\/wrapcompliance.org\\\/collaboration\\\/ihkib\\\/#primaryimage\"},\"thumbnailUrl\":\"https:\\\/\\\/wrapcompliance.org\\\/wp-content\\\/uploads\\\/2024\\\/03\\\/ihkib-logo.png\",\"datePublished\":\"2024-03-19T18:21:39+00:00\",\"dateModified\":\"2026-04-17T18:51:45+00:00\",\"breadcrumb\":{\"@id\":\"https:\\\/\\\/wrapcompliance.org\\\/collaboration\\\/ihkib\\\/#breadcrumb\"},\"inLanguage\":\"vi\",\"potentialAction\":[{\"@type\":\"ReadAction\",\"target\":[\"https:\\\/\\\/wrapcompliance.org\\\/collaboration\\\/ihkib\\\/\"]}]},{\"@type\":\"ImageObject\",\"inLanguage\":\"vi\",\"@id\":\"https:\\\/\\\/wrapcompliance.org\\\/collaboration\\\/ihkib\\\/#primaryimage\",\"url\":\"https:\\\/\\\/wrapcompliance.org\\\/wp-content\\\/uploads\\\/2024\\\/03\\\/ihkib-logo.png\",\"contentUrl\":\"https:\\\/\\\/wrapcompliance.org\\\/wp-content\\\/uploads\\\/2024\\\/03\\\/ihkib-logo.png\"},{\"@type\":\"BreadcrumbList\",\"@id\":\"https:\\\/\\\/wrapcompliance.org\\\/collaboration\\\/ihkib\\\/#breadcrumb\",\"itemListElement\":[{\"@type\":\"ListItem\",\"position\":1,\"name\":\"Home\",\"item\":\"https:\\\/\\\/wrapcompliance.org\\\/\"},{\"@type\":\"ListItem\",\"position\":2,\"name\":\"Leadership in Action\",\"item\":\"https:\\\/\\\/wrapcompliance.org\\\/collaboration\\\/\"}]},{\"@type\":\"WebSite\",\"@id\":\"https:\\\/\\\/wrapcompliance.org\\\/en\\\/#website\",\"url\":\"https:\\\/\\\/wrapcompliance.org\\\/en\\\/\",\"name\":\"WRAP Compliance\",\"description\":\"Ensuring production facilities operate in a safe, responsible, and ethical way. Through our 12 Principles, we promote lawful, humane manufacturing in facilities throughout the world via our Certification and Training programs.\",\"publisher\":{\"@id\":\"https:\\\/\\\/wrapcompliance.org\\\/en\\\/#organization\"},\"potentialAction\":[{\"@type\":\"SearchAction\",\"target\":{\"@type\":\"EntryPoint\",\"urlTemplate\":\"https:\\\/\\\/wrapcompliance.org\\\/en\\\/?s={search_term_string}\"},\"query-input\":{\"@type\":\"PropertyValueSpecification\",\"valueRequired\":true,\"valueName\":\"search_term_string\"}}],\"inLanguage\":\"vi\"},{\"@type\":\"Organization\",\"@id\":\"https:\\\/\\\/wrapcompliance.org\\\/en\\\/#organization\",\"name\":\"Worldwide Responsible Accredited Production\",\"alternateName\":\"WRAP Compliance\",\"url\":\"https:\\\/\\\/wrapcompliance.org\\\/en\\\/\",\"logo\":{\"@type\":\"ImageObject\",\"inLanguage\":\"vi\",\"@id\":\"https:\\\/\\\/wrapcompliance.org\\\/en\\\/#\\\/schema\\\/logo\\\/image\\\/\",\"url\":\"https:\\\/\\\/wrapcompliance.org\\\/wp-content\\\/uploads\\\/2022\\\/03\\\/WRAP_Logo_Update_Color_RGB.png\",\"contentUrl\":\"https:\\\/\\\/wrapcompliance.org\\\/wp-content\\\/uploads\\\/2022\\\/03\\\/WRAP_Logo_Update_Color_RGB.png\",\"width\":3601,\"height\":3451,\"caption\":\"Worldwide Responsible Accredited Production\"},\"image\":{\"@id\":\"https:\\\/\\\/wrapcompliance.org\\\/en\\\/#\\\/schema\\\/logo\\\/image\\\/\"},\"sameAs\":[\"https:\\\/\\\/www.facebook.com\\\/WRAPcompliance\\\/\",\"https:\\\/\\\/x.com\\\/wrapcompliance\",\"https:\\\/\\\/www.linkedin.com\\\/company\\\/wrapcompliance\"]}]}<\/script>\n<!-- \/ Yoast SEO plugin. -->","yoast_head_json":{"title":"- Tu\u00e2n th\u1ee7 WRAP","robots":{"index":"index","follow":"follow","max-snippet":"max-snippet:-1","max-image-preview":"max-image-preview:large","max-video-preview":"max-video-preview:-1"},"canonical":"https:\/\/wrapcompliance.org\/vi\/collaboration\/ihkib\/","og_locale":"vi_VN","og_type":"article","og_title":"- WRAP Compliance","og_description":"The Istanbul Apparel Exporters&#8217; Association (&#8220;IHKIB&#8221;) represents over 9,000 Turkish apparel manufacturers and exporters on both the domestic and international stage. IHKIB helps organize international fairs, training seminars, and opportunities to develop young talent in Turkey. They also provide corporate communication and consulting services for their members. WRAP is proud to act as a resource [&hellip;]","og_url":"https:\/\/wrapcompliance.org\/vi\/collaboration\/ihkib\/","og_site_name":"WRAP Compliance","article_publisher":"https:\/\/www.facebook.com\/WRAPcompliance\/","article_modified_time":"2026-04-17T18:51:45+00:00","og_image":[{"width":800,"height":400,"url":"https:\/\/wrapcompliance.org\/wp-content\/uploads\/2024\/03\/ihkib-logo.png","type":"image\/png"}],"twitter_card":"summary_large_image","twitter_site":"@wrapcompliance","twitter_misc":{"\u01af\u1edbc t\u00ednh th\u1eddi gian \u0111\u1ecdc":"1 ph\u00fat"},"schema":{"@context":"https:\/\/schema.org","@graph":[{"@type":"WebPage","@id":"https:\/\/wrapcompliance.org\/collaboration\/ihkib\/","url":"https:\/\/wrapcompliance.org\/collaboration\/ihkib\/","name":"- Tu\u00e2n th\u1ee7 WRAP","isPartOf":{"@id":"https:\/\/wrapcompliance.org\/en\/#website"},"primaryImageOfPage":{"@id":"https:\/\/wrapcompliance.org\/collaboration\/ihkib\/#primaryimage"},"image":{"@id":"https:\/\/wrapcompliance.org\/collaboration\/ihkib\/#primaryimage"},"thumbnailUrl":"https:\/\/wrapcompliance.org\/wp-content\/uploads\/2024\/03\/ihkib-logo.png","datePublished":"2024-03-19T18:21:39+00:00","dateModified":"2026-04-17T18:51:45+00:00","breadcrumb":{"@id":"https:\/\/wrapcompliance.org\/collaboration\/ihkib\/#breadcrumb"},"inLanguage":"vi","potentialAction":[{"@type":"ReadAction","target":["https:\/\/wrapcompliance.org\/collaboration\/ihkib\/"]}]},{"@type":"ImageObject","inLanguage":"vi","@id":"https:\/\/wrapcompliance.org\/collaboration\/ihkib\/#primaryimage","url":"https:\/\/wrapcompliance.org\/wp-content\/uploads\/2024\/03\/ihkib-logo.png","contentUrl":"https:\/\/wrapcompliance.org\/wp-content\/uploads\/2024\/03\/ihkib-logo.png"},{"@type":"BreadcrumbList","@id":"https:\/\/wrapcompliance.org\/collaboration\/ihkib\/#breadcrumb","itemListElement":[{"@type":"ListItem","position":1,"name":"Home","item":"https:\/\/wrapcompliance.org\/"},{"@type":"ListItem","position":2,"name":"Leadership in Action","item":"https:\/\/wrapcompliance.org\/collaboration\/"}]},{"@type":"WebSite","@id":"https:\/\/wrapcompliance.org\/en\/#website","url":"https:\/\/wrapcompliance.org\/en\/","name":"Tu\u00e2n th\u1ee7 WRAP","description":"\u0110\u1ea3m b\u1ea3o c\u00e1c c\u01a1 s\u1edf s\u1ea3n xu\u1ea5t ho\u1ea1t \u0111\u1ed9ng m\u1ed9t c\u00e1ch an to\u00e0n, c\u00f3 tr\u00e1ch nhi\u1ec7m v\u00e0 \u0111\u1ea1o \u0111\u1ee9c. Th\u00f4ng qua 12 Nguy\u00ean t\u1eafc c\u1ee7a m\u00ecnh, ch\u00fang t\u00f4i th\u00fac \u0111\u1ea9y ho\u1ea1t \u0111\u1ed9ng s\u1ea3n xu\u1ea5t h\u1ee3p ph\u00e1p, nh\u00e2n \u0111\u1ea1o t\u1ea1i c\u00e1c c\u01a1 s\u1edf tr\u00ean to\u00e0n th\u1ebf gi\u1edbi th\u00f4ng qua c\u00e1c ch\u01b0\u01a1ng tr\u00ecnh Ch\u1ee9ng nh\u1eadn v\u00e0 \u0110\u00e0o t\u1ea1o c\u1ee7a m\u00ecnh.","publisher":{"@id":"https:\/\/wrapcompliance.org\/en\/#organization"},"potentialAction":[{"@type":"SearchAction","target":{"@type":"EntryPoint","urlTemplate":"https:\/\/wrapcompliance.org\/en\/?s={search_term_string}"},"query-input":{"@type":"PropertyValueSpecification","valueRequired":true,"valueName":"search_term_string"}}],"inLanguage":"vi"},{"@type":"Organization","@id":"https:\/\/wrapcompliance.org\/en\/#organization","name":"S\u1ea3n xu\u1ea5t \u0111\u01b0\u1ee3c c\u00f4ng nh\u1eadn c\u00f3 tr\u00e1ch nhi\u1ec7m tr\u00ean to\u00e0n th\u1ebf gi\u1edbi","alternateName":"WRAP Compliance","url":"https:\/\/wrapcompliance.org\/en\/","logo":{"@type":"ImageObject","inLanguage":"vi","@id":"https:\/\/wrapcompliance.org\/en\/#\/schema\/logo\/image\/","url":"https:\/\/wrapcompliance.org\/wp-content\/uploads\/2022\/03\/WRAP_Logo_Update_Color_RGB.png","contentUrl":"https:\/\/wrapcompliance.org\/wp-content\/uploads\/2022\/03\/WRAP_Logo_Update_Color_RGB.png","width":3601,"height":3451,"caption":"Worldwide Responsible Accredited Production"},"image":{"@id":"https:\/\/wrapcompliance.org\/en\/#\/schema\/logo\/image\/"},"sameAs":["https:\/\/www.facebook.com\/WRAPcompliance\/","https:\/\/x.com\/wrapcompliance","https:\/\/www.linkedin.com\/company\/wrapcompliance"]}]}},"_links":{"self":[{"href":"https:\/\/wrapcompliance.org\/vi\/wp-json\/wp\/v2\/pages\/2333740","targetHints":{"allow":["GET"]}}],"collection":[{"href":"https:\/\/wrapcompliance.org\/vi\/wp-json\/wp\/v2\/pages"}],"about":[{"href":"https:\/\/wrapcompliance.org\/vi\/wp-json\/wp\/v2\/types\/page"}],"author":[{"embeddable":true,"href":"https:\/\/wrapcompliance.org\/vi\/wp-json\/wp\/v2\/users\/3"}],"replies":[{"embeddable":true,"href":"https:\/\/wrapcompliance.org\/vi\/wp-json\/wp\/v2\/comments?post=2333740"}],"version-history":[{"count":1,"href":"https:\/\/wrapcompliance.org\/vi\/wp-json\/wp\/v2\/pages\/2333740\/revisions"}],"predecessor-version":[{"id":2345021,"href":"https:\/\/wrapcompliance.org\/vi\/wp-json\/wp\/v2\/pages\/2333740\/revisions\/2345021"}],"up":[{"embeddable":true,"href":"https:\/\/wrapcompliance.org\/vi\/wp-json\/wp\/v2\/pages\/24779"}],"wp:attachment":[{"href":"https:\/\/wrapcompliance.org\/vi\/wp-json\/wp\/v2\/media?parent=2333740"}],"curies":[{"name":"wp","href":"https:\/\/api.w.org\/{rel}","templated":true}]}}