{"id":2341256,"date":"2025-07-31T10:59:03","date_gmt":"2025-07-31T14:59:03","guid":{"rendered":"https:\/\/wrapcompliance.org\/?page_id=2341256"},"modified":"2025-07-31T13:54:39","modified_gmt":"2025-07-31T17:54:39","slug":"wrap-escp-partnership","status":"publish","type":"page","link":"https:\/\/wrapcompliance.org\/vi\/collaboration\/wrap-escp-partnership\/","title":{"rendered":""},"content":{"rendered":"<div role=\"banner\" class=\"theme-block wp-block-theme-blocks-page-banner full-width has-background no-image\"><div class=\"wrap\"><div class=\"layout\"><h1 class=\"block-title appear-on-scroll\"><\/h1><div class=\"block-content\">\n<figure  class=\"appear-on-scroll wp-block-image size-full\" ><img loading=\"lazy\" decoding=\"async\" width=\"2000\" height=\"1000\" src=\"https:\/\/wrapcompliance.org\/wp-content\/uploads\/2025\/07\/ESCP_LOGO_Colour.png\" alt=\"Ethical Supply Chain Program\" class=\"wp-image-2341278\" srcset=\"https:\/\/wrapcompliance.org\/wp-content\/uploads\/2025\/07\/ESCP_LOGO_Colour.png 2000w, https:\/\/wrapcompliance.org\/wp-content\/uploads\/2025\/07\/ESCP_LOGO_Colour-300x150.png 300w, https:\/\/wrapcompliance.org\/wp-content\/uploads\/2025\/07\/ESCP_LOGO_Colour-1024x512.png 1024w, https:\/\/wrapcompliance.org\/wp-content\/uploads\/2025\/07\/ESCP_LOGO_Colour-768x384.png 768w, https:\/\/wrapcompliance.org\/wp-content\/uploads\/2025\/07\/ESCP_LOGO_Colour-1536x768.png 1536w, https:\/\/wrapcompliance.org\/wp-content\/uploads\/2025\/07\/ESCP_LOGO_Colour-18x9.png 18w, https:\/\/wrapcompliance.org\/wp-content\/uploads\/2025\/07\/ESCP_LOGO_Colour-600x300.png 600w, https:\/\/wrapcompliance.org\/wp-content\/uploads\/2025\/07\/ESCP_LOGO_Colour-1000x500.png 1000w\" sizes=\"auto, (max-width: 2000px) 100vw, 2000px\" \/><\/figure>\n<\/div><div class=\"block-background\" style=\"\"><\/div><\/div><\/div><\/div>\n\n<p class=\"appear-on-scroll\">C\u00e1c&nbsp;<a href=\"https:\/\/www.ethicalsupplychain.org\/\" target=\"_blank\" rel=\"noreferrer noopener\">Ch\u01b0\u01a1ng tr\u00ecnh chu\u1ed7i cung \u1ee9ng c\u00f3 \u0111\u1ea1o \u0111\u1ee9c<\/a>&nbsp;(ESCP) l\u00e0 m\u1ed9t ch\u01b0\u01a1ng tr\u00ecnh chuy\u00ean bi\u1ec7t v\u1ec1 t\u00ecm ngu\u1ed3n cung \u1ee9ng c\u00f3 tr\u00e1ch nhi\u1ec7m. Ban \u0111\u1ea7u \u0111\u01b0\u1ee3c thi\u1ebft k\u1ebf \u0111\u1ec3 \u0111\u00e1p \u1ee9ng nhu c\u1ea7u c\u1ee7a ng\u00e0nh c\u00f4ng nghi\u1ec7p \u0111\u1ed3 ch\u01a1i to\u00e0n c\u1ea7u, ch\u01b0\u01a1ng tr\u00ecnh hi\u1ec7n \u0111\u00e3 \u0111\u01b0\u1ee3c tri\u1ec3n khai trong nhi\u1ec1u l\u0129nh v\u1ef1c, v\u1edbi t\u1ea5t c\u1ea3 c\u00e1c ch\u01b0\u01a1ng tr\u00ecnh \u0111\u1ec1u \u00e1p d\u1ee5ng cho m\u1ecdi ng\u00e0nh. V\u1edbi 20 n\u0103m kinh nghi\u1ec7m, ESCP h\u1ed7 tr\u1ee3 c\u00e1c doanh nghi\u1ec7p \u0111o l\u01b0\u1eddng v\u00e0 \u0111\u1ea1t \u0111\u01b0\u1ee3c c\u00e1c m\u1ee5c ti\u00eau M\u00f4i tr\u01b0\u1eddng, X\u00e3 h\u1ed9i v\u00e0 Qu\u1ea3n tr\u1ecb (ESG), gi\u1ea3m thi\u1ec3u r\u1ee7i ro lao \u0111\u1ed9ng v\u00e0 x\u00e2y d\u1ef1ng m\u1ed9t m\u00f4i tr\u01b0\u1eddng l\u00e0m vi\u1ec7c an to\u00e0n v\u00e0 \u0111\u1ea1o \u0111\u1ee9c cho ng\u01b0\u1eddi lao \u0111\u1ed9ng.&nbsp;<\/p>\n\n<p class=\"appear-on-scroll\"><a href=\"https:\/\/www.ethicalsupplychain.org\/news-events\/ethical-supply-chain-program-escp-and-worldwide-responsible-accredited-production-wrap-announce-strategic-partnership\" target=\"_blank\" rel=\"noreferrer noopener\">WRAP h\u1ee3p t\u00e1c v\u1edbi ESCP<\/a>&nbsp;nh\u1eb1m n\u00e2ng cao \u0111\u1ea1o \u0111\u1ee9c ngh\u1ec1 nghi\u1ec7p t\u1ea1i c\u00e1c c\u01a1 s\u1edf s\u1ea3n xu\u1ea5t tr\u00ean to\u00e0n c\u1ea7u. C\u00e1c t\u1ed5 ch\u1ee9c h\u1ee3p t\u00e1c ch\u1eb7t ch\u1ebd \u0111\u1ec3 h\u1ed7 tr\u1ee3 c\u00e1c nh\u00e0 cung c\u1ea5p c\u1ea3i thi\u1ec7n ti\u00eau chu\u1ea9n lao \u0111\u1ed9ng, \u0111\u1ea3m b\u1ea3o m\u00f4i tr\u01b0\u1eddng l\u00e0m vi\u1ec7c an to\u00e0n v\u00e0 c\u00f4ng b\u1eb1ng cho t\u1ea5t c\u1ea3 nh\u00e2n vi\u00ean. Ngo\u00e0i ra, WRAP s\u1ebd th\u00ed \u0111i\u1ec3m \u0110\u01b0\u1eddng d\u00e2y Tr\u1ee3 gi\u00fap Ng\u01b0\u1eddi lao \u0111\u1ed9ng ESCP, tri\u1ec3n khai \u0111\u01b0\u1eddng d\u00e2y tr\u1ee3 gi\u00fap \u0111\u1ed3ng th\u01b0\u01a1ng hi\u1ec7u t\u1ea1i 40 nh\u00e0 m\u00e1y may m\u1eb7c \u1edf nhi\u1ec1u qu\u1ed1c gia, b\u1eaft \u0111\u1ea7u t\u1eeb Vi\u1ec7t Nam. \u0110\u01b0\u1eddng d\u00e2y tr\u1ee3 gi\u00fap n\u00e0y s\u1ebd cung c\u1ea5p cho ng\u01b0\u1eddi lao \u0111\u1ed9ng m\u1ed9t ngu\u1ed3n th\u00f4ng tin b\u1ea3o m\u1eadt \u0111\u1ec3 b\u00e0y t\u1ecf m\u1ed1i quan t\u00e2m v\u00e0 t\u00ecm ki\u1ebfm s\u1ef1 h\u1ed7 tr\u1ee3, qua \u0111\u00f3 n\u00e2ng cao h\u01a1n n\u1eefa ti\u00eau chu\u1ea9n lao \u0111\u1ed9ng v\u00e0 quy\u1ec1n l\u1ee3i c\u1ee7a ng\u01b0\u1eddi lao \u0111\u1ed9ng trong ng\u00e0nh.&nbsp;<\/p>\n\n<div  class=\"appear-on-scroll wp-block-buttons is-layout-flex wp-block-buttons-is-layout-flex\" >\n<div class=\"wp-block-button\"><a class=\"wp-block-button__link wp-element-button\" href=\"\/vi\/partners\/escp\/\"><span class=\"label\">Xem th\u00f4ng tin chi ti\u1ebft, t\u00e0i nguy\u00ean v\u00e0 s\u1ef1 ki\u1ec7n t\u1eeb ESCP Partnership<\/span><\/a><\/div>\n<\/div>","protected":false},"excerpt":{"rendered":"<p>The&nbsp;Ethical Supply Chain Program&nbsp;(ESCP) is a specialist responsible sourcing program. Originally designed for the needs of the global toy industry, it is now deployed in many sectors with all programs applicable to any industry. With 20 years\u2019 experience, ESCP supports businesses to measure and achieve their Environmental, Social, and Governance (ESG) objectives, mitigate labor risks [&hellip;]<\/p>\n","protected":false},"author":31,"featured_media":0,"parent":24702,"menu_order":0,"comment_status":"closed","ping_status":"closed","template":"","meta":{"_acf_changed":false,"featured_image_background_position":"","footnotes":""},"class_list":["post-2341256","page","type-page","status-publish","hentry"],"acf":[],"yoast_head":"<!-- This site is optimized with the Yoast SEO plugin v27.3 - https:\/\/yoast.com\/product\/yoast-seo-wordpress\/ -->\n<title>- WRAP Compliance<\/title>\n<meta name=\"robots\" content=\"index, follow, max-snippet:-1, max-image-preview:large, max-video-preview:-1\" \/>\n<link rel=\"canonical\" href=\"https:\/\/wrapcompliance.org\/vi\/collaboration\/wrap-escp-partnership\/\" \/>\n<meta property=\"og:locale\" content=\"vi_VN\" \/>\n<meta property=\"og:type\" content=\"article\" \/>\n<meta property=\"og:title\" content=\"- WRAP Compliance\" \/>\n<meta property=\"og:description\" content=\"The&nbsp;Ethical Supply Chain Program&nbsp;(ESCP) is a specialist responsible sourcing program. Originally designed for the needs of the global toy industry, it is now deployed in many sectors with all programs applicable to any industry. With 20 years\u2019 experience, ESCP supports businesses to measure and achieve their Environmental, Social, and Governance (ESG) objectives, mitigate labor risks [&hellip;]\" \/>\n<meta property=\"og:url\" content=\"https:\/\/wrapcompliance.org\/vi\/collaboration\/wrap-escp-partnership\/\" \/>\n<meta property=\"og:site_name\" content=\"WRAP Compliance\" \/>\n<meta property=\"article:publisher\" content=\"https:\/\/www.facebook.com\/WRAPcompliance\/\" \/>\n<meta property=\"article:modified_time\" content=\"2025-07-31T17:54:39+00:00\" \/>\n<meta property=\"og:image\" content=\"https:\/\/wrapcompliance.org\/wp-content\/uploads\/2025\/07\/ESCP_LOGO_Colour.png\" \/>\n\t<meta property=\"og:image:width\" content=\"2000\" \/>\n\t<meta property=\"og:image:height\" content=\"1000\" \/>\n\t<meta property=\"og:image:type\" content=\"image\/png\" \/>\n<meta name=\"twitter:card\" content=\"summary_large_image\" \/>\n<meta name=\"twitter:site\" content=\"@wrapcompliance\" \/>\n<meta name=\"twitter:label1\" content=\"\u01af\u1edbc t\u00ednh th\u1eddi gian \u0111\u1ecdc\" \/>\n\t<meta name=\"twitter:data1\" content=\"1 ph\u00fat\" \/>\n<script type=\"application\/ld+json\" class=\"yoast-schema-graph\">{\"@context\":\"https:\\\/\\\/schema.org\",\"@graph\":[{\"@type\":\"WebPage\",\"@id\":\"https:\\\/\\\/wrapcompliance.org\\\/collaboration\\\/wrap-escp-partnership\\\/\",\"url\":\"https:\\\/\\\/wrapcompliance.org\\\/collaboration\\\/wrap-escp-partnership\\\/\",\"name\":\"- WRAP Compliance\",\"isPartOf\":{\"@id\":\"https:\\\/\\\/wrapcompliance.org\\\/en\\\/#website\"},\"primaryImageOfPage\":{\"@id\":\"https:\\\/\\\/wrapcompliance.org\\\/collaboration\\\/wrap-escp-partnership\\\/#primaryimage\"},\"image\":{\"@id\":\"https:\\\/\\\/wrapcompliance.org\\\/collaboration\\\/wrap-escp-partnership\\\/#primaryimage\"},\"thumbnailUrl\":\"https:\\\/\\\/wrapcompliance.org\\\/wp-content\\\/uploads\\\/2025\\\/07\\\/ESCP_LOGO_Colour.png\",\"datePublished\":\"2025-07-31T14:59:03+00:00\",\"dateModified\":\"2025-07-31T17:54:39+00:00\",\"breadcrumb\":{\"@id\":\"https:\\\/\\\/wrapcompliance.org\\\/collaboration\\\/wrap-escp-partnership\\\/#breadcrumb\"},\"inLanguage\":\"vi\",\"potentialAction\":[{\"@type\":\"ReadAction\",\"target\":[\"https:\\\/\\\/wrapcompliance.org\\\/collaboration\\\/wrap-escp-partnership\\\/\"]}]},{\"@type\":\"ImageObject\",\"inLanguage\":\"vi\",\"@id\":\"https:\\\/\\\/wrapcompliance.org\\\/collaboration\\\/wrap-escp-partnership\\\/#primaryimage\",\"url\":\"https:\\\/\\\/wrapcompliance.org\\\/wp-content\\\/uploads\\\/2025\\\/07\\\/ESCP_LOGO_Colour.png\",\"contentUrl\":\"https:\\\/\\\/wrapcompliance.org\\\/wp-content\\\/uploads\\\/2025\\\/07\\\/ESCP_LOGO_Colour.png\"},{\"@type\":\"BreadcrumbList\",\"@id\":\"https:\\\/\\\/wrapcompliance.org\\\/collaboration\\\/wrap-escp-partnership\\\/#breadcrumb\",\"itemListElement\":[{\"@type\":\"ListItem\",\"position\":1,\"name\":\"Home\",\"item\":\"https:\\\/\\\/wrapcompliance.org\\\/\"},{\"@type\":\"ListItem\",\"position\":2,\"name\":\"Collaboration\",\"item\":\"https:\\\/\\\/wrapcompliance.org\\\/en\\\/collaboration\\\/\"}]},{\"@type\":\"WebSite\",\"@id\":\"https:\\\/\\\/wrapcompliance.org\\\/en\\\/#website\",\"url\":\"https:\\\/\\\/wrapcompliance.org\\\/en\\\/\",\"name\":\"WRAP Compliance\",\"description\":\"Ensuring production facilities operate in a safe, responsible, and ethical way. Through our 12 Principles, we promote lawful, humane manufacturing in facilities throughout the world via our Certification and Training programs.\",\"publisher\":{\"@id\":\"https:\\\/\\\/wrapcompliance.org\\\/en\\\/#organization\"},\"potentialAction\":[{\"@type\":\"SearchAction\",\"target\":{\"@type\":\"EntryPoint\",\"urlTemplate\":\"https:\\\/\\\/wrapcompliance.org\\\/en\\\/?s={search_term_string}\"},\"query-input\":{\"@type\":\"PropertyValueSpecification\",\"valueRequired\":true,\"valueName\":\"search_term_string\"}}],\"inLanguage\":\"vi\"},{\"@type\":\"Organization\",\"@id\":\"https:\\\/\\\/wrapcompliance.org\\\/en\\\/#organization\",\"name\":\"Worldwide Responsible Accredited Production\",\"alternateName\":\"WRAP Compliance\",\"url\":\"https:\\\/\\\/wrapcompliance.org\\\/en\\\/\",\"logo\":{\"@type\":\"ImageObject\",\"inLanguage\":\"vi\",\"@id\":\"https:\\\/\\\/wrapcompliance.org\\\/en\\\/#\\\/schema\\\/logo\\\/image\\\/\",\"url\":\"https:\\\/\\\/wrapcompliance.org\\\/wp-content\\\/uploads\\\/2022\\\/03\\\/WRAP_Logo_Update_Color_RGB.png\",\"contentUrl\":\"https:\\\/\\\/wrapcompliance.org\\\/wp-content\\\/uploads\\\/2022\\\/03\\\/WRAP_Logo_Update_Color_RGB.png\",\"width\":3601,\"height\":3451,\"caption\":\"Worldwide Responsible Accredited Production\"},\"image\":{\"@id\":\"https:\\\/\\\/wrapcompliance.org\\\/en\\\/#\\\/schema\\\/logo\\\/image\\\/\"},\"sameAs\":[\"https:\\\/\\\/www.facebook.com\\\/WRAPcompliance\\\/\",\"https:\\\/\\\/x.com\\\/wrapcompliance\",\"https:\\\/\\\/www.linkedin.com\\\/company\\\/wrapcompliance\"]}]}<\/script>\n<!-- \/ Yoast SEO plugin. -->","yoast_head_json":{"title":"- Tu\u00e2n th\u1ee7 WRAP","robots":{"index":"index","follow":"follow","max-snippet":"max-snippet:-1","max-image-preview":"max-image-preview:large","max-video-preview":"max-video-preview:-1"},"canonical":"https:\/\/wrapcompliance.org\/vi\/collaboration\/wrap-escp-partnership\/","og_locale":"vi_VN","og_type":"article","og_title":"- WRAP Compliance","og_description":"The&nbsp;Ethical Supply Chain Program&nbsp;(ESCP) is a specialist responsible sourcing program. Originally designed for the needs of the global toy industry, it is now deployed in many sectors with all programs applicable to any industry. With 20 years\u2019 experience, ESCP supports businesses to measure and achieve their Environmental, Social, and Governance (ESG) objectives, mitigate labor risks [&hellip;]","og_url":"https:\/\/wrapcompliance.org\/vi\/collaboration\/wrap-escp-partnership\/","og_site_name":"WRAP Compliance","article_publisher":"https:\/\/www.facebook.com\/WRAPcompliance\/","article_modified_time":"2025-07-31T17:54:39+00:00","og_image":[{"width":2000,"height":1000,"url":"https:\/\/wrapcompliance.org\/wp-content\/uploads\/2025\/07\/ESCP_LOGO_Colour.png","type":"image\/png"}],"twitter_card":"summary_large_image","twitter_site":"@wrapcompliance","twitter_misc":{"\u01af\u1edbc t\u00ednh th\u1eddi gian \u0111\u1ecdc":"1 ph\u00fat"},"schema":{"@context":"https:\/\/schema.org","@graph":[{"@type":"WebPage","@id":"https:\/\/wrapcompliance.org\/collaboration\/wrap-escp-partnership\/","url":"https:\/\/wrapcompliance.org\/collaboration\/wrap-escp-partnership\/","name":"- Tu\u00e2n th\u1ee7 WRAP","isPartOf":{"@id":"https:\/\/wrapcompliance.org\/en\/#website"},"primaryImageOfPage":{"@id":"https:\/\/wrapcompliance.org\/collaboration\/wrap-escp-partnership\/#primaryimage"},"image":{"@id":"https:\/\/wrapcompliance.org\/collaboration\/wrap-escp-partnership\/#primaryimage"},"thumbnailUrl":"https:\/\/wrapcompliance.org\/wp-content\/uploads\/2025\/07\/ESCP_LOGO_Colour.png","datePublished":"2025-07-31T14:59:03+00:00","dateModified":"2025-07-31T17:54:39+00:00","breadcrumb":{"@id":"https:\/\/wrapcompliance.org\/collaboration\/wrap-escp-partnership\/#breadcrumb"},"inLanguage":"vi","potentialAction":[{"@type":"ReadAction","target":["https:\/\/wrapcompliance.org\/collaboration\/wrap-escp-partnership\/"]}]},{"@type":"ImageObject","inLanguage":"vi","@id":"https:\/\/wrapcompliance.org\/collaboration\/wrap-escp-partnership\/#primaryimage","url":"https:\/\/wrapcompliance.org\/wp-content\/uploads\/2025\/07\/ESCP_LOGO_Colour.png","contentUrl":"https:\/\/wrapcompliance.org\/wp-content\/uploads\/2025\/07\/ESCP_LOGO_Colour.png"},{"@type":"BreadcrumbList","@id":"https:\/\/wrapcompliance.org\/collaboration\/wrap-escp-partnership\/#breadcrumb","itemListElement":[{"@type":"ListItem","position":1,"name":"Home","item":"https:\/\/wrapcompliance.org\/"},{"@type":"ListItem","position":2,"name":"Collaboration","item":"https:\/\/wrapcompliance.org\/en\/collaboration\/"}]},{"@type":"WebSite","@id":"https:\/\/wrapcompliance.org\/en\/#website","url":"https:\/\/wrapcompliance.org\/en\/","name":"Tu\u00e2n th\u1ee7 WRAP","description":"\u0110\u1ea3m b\u1ea3o c\u00e1c c\u01a1 s\u1edf s\u1ea3n xu\u1ea5t ho\u1ea1t \u0111\u1ed9ng m\u1ed9t c\u00e1ch an to\u00e0n, c\u00f3 tr\u00e1ch nhi\u1ec7m v\u00e0 \u0111\u1ea1o \u0111\u1ee9c. Th\u00f4ng qua 12 Nguy\u00ean t\u1eafc c\u1ee7a m\u00ecnh, ch\u00fang t\u00f4i th\u00fac \u0111\u1ea9y ho\u1ea1t \u0111\u1ed9ng s\u1ea3n xu\u1ea5t h\u1ee3p ph\u00e1p, nh\u00e2n \u0111\u1ea1o t\u1ea1i c\u00e1c c\u01a1 s\u1edf tr\u00ean to\u00e0n th\u1ebf gi\u1edbi th\u00f4ng qua c\u00e1c ch\u01b0\u01a1ng tr\u00ecnh Ch\u1ee9ng nh\u1eadn v\u00e0 \u0110\u00e0o t\u1ea1o c\u1ee7a m\u00ecnh.","publisher":{"@id":"https:\/\/wrapcompliance.org\/en\/#organization"},"potentialAction":[{"@type":"SearchAction","target":{"@type":"EntryPoint","urlTemplate":"https:\/\/wrapcompliance.org\/en\/?s={search_term_string}"},"query-input":{"@type":"PropertyValueSpecification","valueRequired":true,"valueName":"search_term_string"}}],"inLanguage":"vi"},{"@type":"Organization","@id":"https:\/\/wrapcompliance.org\/en\/#organization","name":"S\u1ea3n xu\u1ea5t \u0111\u01b0\u1ee3c c\u00f4ng nh\u1eadn c\u00f3 tr\u00e1ch nhi\u1ec7m tr\u00ean to\u00e0n th\u1ebf gi\u1edbi","alternateName":"WRAP Compliance","url":"https:\/\/wrapcompliance.org\/en\/","logo":{"@type":"ImageObject","inLanguage":"vi","@id":"https:\/\/wrapcompliance.org\/en\/#\/schema\/logo\/image\/","url":"https:\/\/wrapcompliance.org\/wp-content\/uploads\/2022\/03\/WRAP_Logo_Update_Color_RGB.png","contentUrl":"https:\/\/wrapcompliance.org\/wp-content\/uploads\/2022\/03\/WRAP_Logo_Update_Color_RGB.png","width":3601,"height":3451,"caption":"Worldwide Responsible Accredited Production"},"image":{"@id":"https:\/\/wrapcompliance.org\/en\/#\/schema\/logo\/image\/"},"sameAs":["https:\/\/www.facebook.com\/WRAPcompliance\/","https:\/\/x.com\/wrapcompliance","https:\/\/www.linkedin.com\/company\/wrapcompliance"]}]}},"_links":{"self":[{"href":"https:\/\/wrapcompliance.org\/vi\/wp-json\/wp\/v2\/pages\/2341256","targetHints":{"allow":["GET"]}}],"collection":[{"href":"https:\/\/wrapcompliance.org\/vi\/wp-json\/wp\/v2\/pages"}],"about":[{"href":"https:\/\/wrapcompliance.org\/vi\/wp-json\/wp\/v2\/types\/page"}],"author":[{"embeddable":true,"href":"https:\/\/wrapcompliance.org\/vi\/wp-json\/wp\/v2\/users\/31"}],"replies":[{"embeddable":true,"href":"https:\/\/wrapcompliance.org\/vi\/wp-json\/wp\/v2\/comments?post=2341256"}],"version-history":[{"count":0,"href":"https:\/\/wrapcompliance.org\/vi\/wp-json\/wp\/v2\/pages\/2341256\/revisions"}],"up":[{"embeddable":true,"href":"https:\/\/wrapcompliance.org\/vi\/wp-json\/wp\/v2\/pages\/24702"}],"wp:attachment":[{"href":"https:\/\/wrapcompliance.org\/vi\/wp-json\/wp\/v2\/media?parent=2341256"}],"curies":[{"name":"wp","href":"https:\/\/api.w.org\/{rel}","templated":true}]}}