{"id":24447,"date":"2022-06-15T14:07:46","date_gmt":"2022-06-15T18:07:46","guid":{"rendered":"https:\/\/wrapcompliance.org\/?page_id=24447"},"modified":"2026-04-27T13:39:21","modified_gmt":"2026-04-27T17:39:21","slug":"facility-monitor-list","status":"publish","type":"page","link":"https:\/\/wrapcompliance.org\/vi\/certification\/facility-monitor-list\/","title":{"rendered":"C\u01a1 s\u1edf v\u1eadt ch\u1ea5t v\u00e0 m\u00e0n h\u00ecnh"},"content":{"rendered":"<div role=\"banner\" class=\"theme-block wp-block-theme-blocks-page-banner full-width has-background is-style-flat no-image\"><div class=\"wrap\"><div class=\"layout\"><h1 class=\"block-title appear-on-scroll\">C\u01a1 s\u1edf v\u1eadt ch\u1ea5t v\u00e0 m\u00e0n h\u00ecnh<\/h1><div class=\"block-content\">\n<p  class=\"appear-on-scroll is-style-intro\" ><strong>T\u00ecm c\u00e1c c\u00f4ng ty gi\u00e1m s\u00e1t \u0111\u01b0\u1ee3c WRAP c\u00f4ng nh\u1eadn v\u00e0 c\u00e1c c\u01a1 s\u1edf \u0111\u01b0\u1ee3c ch\u1ee9ng nh\u1eadn<\/strong><\/p>\n<\/div><div class=\"block-background\" style=\"\"><\/div><\/div><\/div><\/div>\n\n<div class=\"wp-block-theme-blocks-tabs theme-block appear-on-scroll\"><div class=\"layout\"><div class=\"block-tabs\">\n<a href=\"#certified-facilities\" class=\"tab selected\">C\u01a1 s\u1edf v\u1eadt ch\u1ea5t \u0111\u01b0\u1ee3c ch\u1ee9ng nh\u1eadn<\/a>\n\n<a href=\"#monitoring-firm\" class=\"tab\">Gi\u00e1m s\u00e1t c\u00e1c c\u00f4ng ty<\/a>\n<\/div><\/div><\/div>\n\n<div class=\"wp-block-theme-blocks-tabbed-content theme-block appear-on-scroll\"><div class=\"layout\"><div class=\"block-contents\">\n<div id=\"certified-facilities-content\" class=\"block-slide selected\">\n<h3  class=\"appear-on-scroll wp-block-heading\" ><span class=\"text\">T\u00ecm m\u1ed9t c\u01a1 s\u1edf \u0111\u01b0\u1ee3c ch\u1ee9ng nh\u1eadn WRAP&nbsp;<\/span><\/h3>\n\n<p class=\"appear-on-scroll\">C\u00f3 h\u00e0ng ng\u00e0n c\u01a1 s\u1edf \u0111\u01b0\u1ee3c ch\u1ee9ng nh\u1eadn WRAP tr\u00ean kh\u1eafp th\u1ebf gi\u1edbi. Ng\u01b0\u1eddi mua c\u00f3 th\u1ec3 x\u00e1c minh ch\u1ee9ng nh\u1eadn c\u1ee7a m\u1ed9t nh\u00e0 m\u00e1y nh\u1ea5t \u0111\u1ecbnh t\u1ea1i \u0111\u00e2y, c\u0169ng nh\u01b0 t\u00ecm c\u00e1c nh\u00e0 s\u1ea3n xu\u1ea5t \u0111\u01b0\u1ee3c ch\u1ee9ng nh\u1eadn \u0111\u1ec3 h\u1ee3p t\u00e1c s\u1ea3n xu\u1ea5t qu\u1ea7n \u00e1o, gi\u00e0y d\u00e9p, \u0111\u1ed3 may v\u00e0 \u0111\u1ed3 da, d\u1ec7t may v\u00e0 c\u00e1c s\u1ea3n ph\u1ea9m li\u00ean quan kh\u00e1c. <\/p>\n\n<div   class=\"theme-block full-width theme-block wp-block-group is-style-full-width is-layout-flow wp-block-group-is-layout-flow\"  ><div class=\"wp-block-group__inner-container\">\n<iframe loading=\"lazy\" title=\"WRAP Certified MAP\" width=\"100%\" height=\"740\" align=\"center\" src=\"https:\/\/app.powerbi.com\/view?r=eyJrIjoiNjEzY2E5YjAtNmExZi00ZGQ1LWJiYTQtNjRiMjI1ZDNmNjNlIiwidCI6IjQzNWUxYTgwLTRhZjUtNDZjMi1iNDI1LWMxMDIxOThmYzZjZiIsImMiOjF9\" frameborder=\"0\" allowfullscreen=\"true\"><\/iframe>\n<\/div><\/div>\n\n<div  class=\"appear-on-scroll wp-block-buttons is-content-justification-center is-layout-flex wp-container-core-buttons-is-layout-16018d1d wp-block-buttons-is-layout-flex\" >\n<div class=\"wp-block-button\"><a class=\"wp-block-button__link wp-element-button\" href=\"https:\/\/app.powerbi.com\/view?r=eyJrIjoiZjVhZjJiY2UtODY3Mi00N2ZlLTg1OGYtMGE3MWMxNDk4ZDAxIiwidCI6IjZiY2NiNTZkLWI1YTQtNDkzOC05MGRhLTNhNDE4ZjA0MDJjYyIsImMiOjF9\" target=\"_blank\" rel=\"noreferrer noopener\"><span class=\"label\">M\u1edf to\u00e0n m\u00e0n h\u00ecnh<\/span><\/a><\/div>\n<\/div>\n<\/div>\n\n<div id=\"monitoring-firm-content\" class=\"block-slide\">\n<h3  class=\"appear-on-scroll wp-block-heading\" ><span class=\"text\">T\u00ecm m\u1ed9t c\u00f4ng ty gi\u00e1m s\u00e1t&nbsp;<\/span><\/h3>\n\n<p class=\"appear-on-scroll\">S\u1ef1 tu\u00e2n th\u1ee7 c\u1ee7a c\u01a1 s\u1edf \u0111\u01b0\u1ee3c ki\u1ec3m tra th\u00f4ng qua c\u00e1c cu\u1ed9c \u0111\u00e1nh gi\u00e1 \u0111\u01b0\u1ee3c th\u1ef1c hi\u1ec7n b\u1edfi c\u00e1c c\u00f4ng ty gi\u00e1m s\u00e1t b\u00ean th\u1ee9 ba \u0111\u01b0\u1ee3c WRAP c\u00f4ng nh\u1eadn. C\u00e1c \u0111\u00e1nh gi\u00e1 vi\u00ean c\u00e1 nh\u00e2n ph\u1ea3i \u0111\u00e1p \u1ee9ng c\u00e1c y\u00eau c\u1ea7u c\u00f4ng nh\u1eadn nghi\u00eam ng\u1eb7t v\u00e0 tr\u1ea3i qua m\u1ed9t kh\u00f3a \u0111\u00e0o t\u1ea1o do m\u1ed9t th\u00e0nh vi\u00ean trong nh\u00f3m c\u1ee7a ch\u00fang t\u00f4i th\u1ef1c hi\u1ec7n. H\u1ecd c\u0169ng ph\u1ea3i tham gia c\u00e1c kh\u00f3a \u0111\u00e0o t\u1ea1o b\u1ed3i d\u01b0\u1ee1ng hai n\u0103m m\u1ed9t l\u1ea7n. C\u00e1c \u0111\u1ed1i t\u00e1c gi\u00e1m s\u00e1t c\u1ee7a ch\u00fang t\u00f4i tr\u00ean kh\u1eafp th\u1ebf gi\u1edbi ho\u1ea1t \u0111\u1ed9ng v\u1edbi t\u00ednh chuy\u00ean nghi\u1ec7p, ch\u00ednh tr\u1ef1c v\u00e0 chuy\u00ean m\u00f4n cao nh\u1ea5t. Tr\u00ean trang n\u00e0y, c\u00e1c c\u01a1 s\u1edf c\u00f3 th\u1ec3 t\u00ecm hi\u1ec3u th\u00eam v\u1ec1 c\u00e1c m\u00e0n h\u00ecnh \u0111\u01b0\u1ee3c WRAP c\u00f4ng nh\u1eadn v\u00e0 x\u00e1c \u0111\u1ecbnh c\u00e1i n\u00e0o c\u1ea7n y\u00eau c\u1ea7u trong \u1ee9ng d\u1ee5ng c\u1ee7a h\u1ecd. <\/p>\n\n<div   class=\"theme-block full-width theme-block wp-block-group is-style-full-width is-layout-flow wp-block-group-is-layout-flow\"  ><div class=\"wp-block-group__inner-container\">\n<iframe loading=\"lazy\" title=\"Monitoring Firms MAP NEW\" width=\"100%\" height=\"740\" align=\"center\" src=\"https:\/\/app.powerbi.com\/view?r=eyJrIjoiMGM2NmQ3ZTctMTViMy00MTNlLWI2NDQtZTBiYzk1NzhhNzk0IiwidCI6IjQzNWUxYTgwLTRhZjUtNDZjMi1iNDI1LWMxMDIxOThmYzZjZiIsImMiOjF9\" frameborder=\"0\" allowfullscreen=\"true\"><\/iframe>\n<\/div><\/div>\n\n<div  class=\"appear-on-scroll wp-block-buttons is-content-justification-center is-layout-flex wp-container-core-buttons-is-layout-16018d1d wp-block-buttons-is-layout-flex\" >\n<div class=\"wp-block-button is-style-fill\"><a class=\"wp-block-button__link wp-element-button\" href=\"https:\/\/app.powerbi.com\/view?r=eyJrIjoiNTUzNWFkYjMtMGFmMy00YzBiLWEwOGItNDQzMThkNzE1NDVmIiwidCI6IjZiY2NiNTZkLWI1YTQtNDkzOC05MGRhLTNhNDE4ZjA0MDJjYyIsImMiOjF9\" target=\"_blank\" rel=\"noreferrer noopener\"><span class=\"label\">M\u1edf to\u00e0n m\u00e0n h\u00ecnh<\/span><\/a><\/div>\n<\/div>\n\n<div  class=\"appear-on-scroll wp-block-buttons is-content-justification-center is-layout-flex wp-container-core-buttons-is-layout-16018d1d wp-block-buttons-is-layout-flex\" >\n<div class=\"wp-block-button is-style-text-link\"><a class=\"wp-block-button__link wp-element-button\" href=\"\/vi\/monitor-contact-information-form\/\"><span class=\"label\">C\u1eadp nh\u1eadt th\u00f4ng tin li\u00ean h\u1ec7 c\u1ee7a C\u00f4ng ty gi\u00e1m s\u00e1t c\u1ee7a b\u1ea1n<\/span><span class=\"i\"><svg class=\"icon svg-icon icon-arrow-right\"><use xlink:href=\"https:\/\/wrapcompliance.org\/wp-content\/themes\/wrapcompliance\/images\/icons.svg#icon-arrow-right\"><\/use><\/svg><\/span><\/a><\/div>\n<\/div>\n<\/div>\n<\/div><\/div><\/div>","protected":false},"excerpt":{"rendered":"","protected":false},"author":3,"featured_media":0,"parent":24387,"menu_order":4,"comment_status":"closed","ping_status":"closed","template":"","meta":{"_acf_changed":false,"featured_image_background_position":"","footnotes":""},"class_list":["post-24447","page","type-page","status-publish","hentry"],"acf":[],"yoast_head":"<!-- This site is optimized with the Yoast SEO plugin v27.4 - https:\/\/yoast.com\/product\/yoast-seo-wordpress\/ -->\n<title>Facilities and monitors - WRAP Compliance<\/title>\n<meta name=\"description\" content=\"Connect with thousands of WRAP-certified facilities around the world and request a WRAP-accredited monitoring firm\" \/>\n<meta name=\"robots\" content=\"index, follow, max-snippet:-1, max-image-preview:large, max-video-preview:-1\" \/>\n<link rel=\"canonical\" href=\"https:\/\/wrapcompliance.org\/vi\/certification\/facility-monitor-list\/\" \/>\n<meta property=\"og:locale\" content=\"vi_VN\" \/>\n<meta property=\"og:type\" content=\"article\" \/>\n<meta property=\"og:title\" content=\"Facilities and monitors - WRAP Compliance\" \/>\n<meta property=\"og:description\" content=\"Connect with thousands of WRAP-certified facilities around the world and request a WRAP-accredited monitoring firm\" \/>\n<meta property=\"og:url\" content=\"https:\/\/wrapcompliance.org\/vi\/certification\/facility-monitor-list\/\" \/>\n<meta property=\"og:site_name\" content=\"WRAP Compliance\" \/>\n<meta property=\"article:publisher\" content=\"https:\/\/www.facebook.com\/WRAPcompliance\/\" \/>\n<meta property=\"article:modified_time\" content=\"2026-04-27T17:39:21+00:00\" \/>\n<meta property=\"og:image\" content=\"https:\/\/wrapcompliance.org\/wp-content\/uploads\/2022\/10\/social-default-1200.jpg\" \/>\n\t<meta property=\"og:image:width\" content=\"1200\" \/>\n\t<meta property=\"og:image:height\" content=\"630\" \/>\n\t<meta property=\"og:image:type\" content=\"image\/jpeg\" \/>\n<meta name=\"twitter:card\" content=\"summary_large_image\" \/>\n<meta name=\"twitter:site\" content=\"@wrapcompliance\" \/>\n<meta name=\"twitter:label1\" content=\"\u01af\u1edbc t\u00ednh th\u1eddi gian \u0111\u1ecdc\" \/>\n\t<meta name=\"twitter:data1\" content=\"1 ph\u00fat\" \/>\n<script type=\"application\/ld+json\" class=\"yoast-schema-graph\">{\"@context\":\"https:\\\/\\\/schema.org\",\"@graph\":[{\"@type\":\"WebPage\",\"@id\":\"https:\\\/\\\/wrapcompliance.org\\\/certification\\\/facility-monitor-list\\\/\",\"url\":\"https:\\\/\\\/wrapcompliance.org\\\/certification\\\/facility-monitor-list\\\/\",\"name\":\"Facilities and monitors - WRAP Compliance\",\"isPartOf\":{\"@id\":\"https:\\\/\\\/wrapcompliance.org\\\/en\\\/#website\"},\"datePublished\":\"2022-06-15T18:07:46+00:00\",\"dateModified\":\"2026-04-27T17:39:21+00:00\",\"description\":\"Connect with thousands of WRAP-certified facilities around the world and request a WRAP-accredited monitoring firm\",\"breadcrumb\":{\"@id\":\"https:\\\/\\\/wrapcompliance.org\\\/certification\\\/facility-monitor-list\\\/#breadcrumb\"},\"inLanguage\":\"vi\",\"potentialAction\":[{\"@type\":\"ReadAction\",\"target\":[\"https:\\\/\\\/wrapcompliance.org\\\/certification\\\/facility-monitor-list\\\/\"]}]},{\"@type\":\"BreadcrumbList\",\"@id\":\"https:\\\/\\\/wrapcompliance.org\\\/certification\\\/facility-monitor-list\\\/#breadcrumb\",\"itemListElement\":[{\"@type\":\"ListItem\",\"position\":1,\"name\":\"Home\",\"item\":\"https:\\\/\\\/wrapcompliance.org\\\/\"},{\"@type\":\"ListItem\",\"position\":2,\"name\":\"Certification Explained\",\"item\":\"https:\\\/\\\/wrapcompliance.org\\\/certification\\\/\"},{\"@type\":\"ListItem\",\"position\":3,\"name\":\"Facilities and monitors\"}]},{\"@type\":\"WebSite\",\"@id\":\"https:\\\/\\\/wrapcompliance.org\\\/en\\\/#website\",\"url\":\"https:\\\/\\\/wrapcompliance.org\\\/en\\\/\",\"name\":\"WRAP Compliance\",\"description\":\"Ensuring production facilities operate in a safe, responsible, and ethical way. Through our 12 Principles, we promote lawful, humane manufacturing in facilities throughout the world via our Certification and Training programs.\",\"publisher\":{\"@id\":\"https:\\\/\\\/wrapcompliance.org\\\/en\\\/#organization\"},\"potentialAction\":[{\"@type\":\"SearchAction\",\"target\":{\"@type\":\"EntryPoint\",\"urlTemplate\":\"https:\\\/\\\/wrapcompliance.org\\\/en\\\/?s={search_term_string}\"},\"query-input\":{\"@type\":\"PropertyValueSpecification\",\"valueRequired\":true,\"valueName\":\"search_term_string\"}}],\"inLanguage\":\"vi\"},{\"@type\":\"Organization\",\"@id\":\"https:\\\/\\\/wrapcompliance.org\\\/en\\\/#organization\",\"name\":\"Worldwide Responsible Accredited Production\",\"alternateName\":\"WRAP Compliance\",\"url\":\"https:\\\/\\\/wrapcompliance.org\\\/en\\\/\",\"logo\":{\"@type\":\"ImageObject\",\"inLanguage\":\"vi\",\"@id\":\"https:\\\/\\\/wrapcompliance.org\\\/en\\\/#\\\/schema\\\/logo\\\/image\\\/\",\"url\":\"https:\\\/\\\/wrapcompliance.org\\\/wp-content\\\/uploads\\\/2022\\\/03\\\/WRAP_Logo_Update_Color_RGB.png\",\"contentUrl\":\"https:\\\/\\\/wrapcompliance.org\\\/wp-content\\\/uploads\\\/2022\\\/03\\\/WRAP_Logo_Update_Color_RGB.png\",\"width\":3601,\"height\":3451,\"caption\":\"Worldwide Responsible Accredited Production\"},\"image\":{\"@id\":\"https:\\\/\\\/wrapcompliance.org\\\/en\\\/#\\\/schema\\\/logo\\\/image\\\/\"},\"sameAs\":[\"https:\\\/\\\/www.facebook.com\\\/WRAPcompliance\\\/\",\"https:\\\/\\\/x.com\\\/wrapcompliance\",\"https:\\\/\\\/www.linkedin.com\\\/company\\\/wrapcompliance\"]}]}<\/script>\n<!-- \/ Yoast SEO plugin. -->","yoast_head_json":{"title":"C\u01a1 s\u1edf v\u1eadt ch\u1ea5t v\u00e0 m\u00e0n h\u00ecnh - Tu\u00e2n th\u1ee7 WRAP","description":"K\u1ebft n\u1ed1i v\u1edbi h\u00e0ng ng\u00e0n c\u01a1 s\u1edf \u0111\u01b0\u1ee3c ch\u1ee9ng nh\u1eadn WRAP tr\u00ean to\u00e0n th\u1ebf gi\u1edbi v\u00e0 y\u00eau c\u1ea7u m\u1ed9t c\u00f4ng ty gi\u00e1m s\u00e1t \u0111\u01b0\u1ee3c ch\u1ee9ng nh\u1eadn WRAP","robots":{"index":"index","follow":"follow","max-snippet":"max-snippet:-1","max-image-preview":"max-image-preview:large","max-video-preview":"max-video-preview:-1"},"canonical":"https:\/\/wrapcompliance.org\/vi\/certification\/facility-monitor-list\/","og_locale":"vi_VN","og_type":"article","og_title":"Facilities and monitors - WRAP Compliance","og_description":"Connect with thousands of WRAP-certified facilities around the world and request a WRAP-accredited monitoring firm","og_url":"https:\/\/wrapcompliance.org\/vi\/certification\/facility-monitor-list\/","og_site_name":"WRAP Compliance","article_publisher":"https:\/\/www.facebook.com\/WRAPcompliance\/","article_modified_time":"2026-04-27T17:39:21+00:00","og_image":[{"width":1200,"height":630,"url":"https:\/\/wrapcompliance.org\/wp-content\/uploads\/2022\/10\/social-default-1200.jpg","type":"image\/jpeg"}],"twitter_card":"summary_large_image","twitter_site":"@wrapcompliance","twitter_misc":{"\u01af\u1edbc t\u00ednh th\u1eddi gian \u0111\u1ecdc":"1 ph\u00fat"},"schema":{"@context":"https:\/\/schema.org","@graph":[{"@type":"WebPage","@id":"https:\/\/wrapcompliance.org\/certification\/facility-monitor-list\/","url":"https:\/\/wrapcompliance.org\/certification\/facility-monitor-list\/","name":"C\u01a1 s\u1edf v\u1eadt ch\u1ea5t v\u00e0 m\u00e0n h\u00ecnh - Tu\u00e2n th\u1ee7 WRAP","isPartOf":{"@id":"https:\/\/wrapcompliance.org\/en\/#website"},"datePublished":"2022-06-15T18:07:46+00:00","dateModified":"2026-04-27T17:39:21+00:00","description":"K\u1ebft n\u1ed1i v\u1edbi h\u00e0ng ng\u00e0n c\u01a1 s\u1edf \u0111\u01b0\u1ee3c ch\u1ee9ng nh\u1eadn WRAP tr\u00ean to\u00e0n th\u1ebf gi\u1edbi v\u00e0 y\u00eau c\u1ea7u m\u1ed9t c\u00f4ng ty gi\u00e1m s\u00e1t \u0111\u01b0\u1ee3c ch\u1ee9ng nh\u1eadn WRAP","breadcrumb":{"@id":"https:\/\/wrapcompliance.org\/certification\/facility-monitor-list\/#breadcrumb"},"inLanguage":"vi","potentialAction":[{"@type":"ReadAction","target":["https:\/\/wrapcompliance.org\/certification\/facility-monitor-list\/"]}]},{"@type":"BreadcrumbList","@id":"https:\/\/wrapcompliance.org\/certification\/facility-monitor-list\/#breadcrumb","itemListElement":[{"@type":"ListItem","position":1,"name":"Home","item":"https:\/\/wrapcompliance.org\/"},{"@type":"ListItem","position":2,"name":"Certification Explained","item":"https:\/\/wrapcompliance.org\/certification\/"},{"@type":"ListItem","position":3,"name":"Facilities and monitors"}]},{"@type":"WebSite","@id":"https:\/\/wrapcompliance.org\/en\/#website","url":"https:\/\/wrapcompliance.org\/en\/","name":"Tu\u00e2n th\u1ee7 WRAP","description":"\u0110\u1ea3m b\u1ea3o c\u00e1c c\u01a1 s\u1edf s\u1ea3n xu\u1ea5t ho\u1ea1t \u0111\u1ed9ng m\u1ed9t c\u00e1ch an to\u00e0n, c\u00f3 tr\u00e1ch nhi\u1ec7m v\u00e0 \u0111\u1ea1o \u0111\u1ee9c. Th\u00f4ng qua 12 Nguy\u00ean t\u1eafc c\u1ee7a m\u00ecnh, ch\u00fang t\u00f4i th\u00fac \u0111\u1ea9y ho\u1ea1t \u0111\u1ed9ng s\u1ea3n xu\u1ea5t h\u1ee3p ph\u00e1p, nh\u00e2n \u0111\u1ea1o t\u1ea1i c\u00e1c c\u01a1 s\u1edf tr\u00ean to\u00e0n th\u1ebf gi\u1edbi th\u00f4ng qua c\u00e1c ch\u01b0\u01a1ng tr\u00ecnh Ch\u1ee9ng nh\u1eadn v\u00e0 \u0110\u00e0o t\u1ea1o c\u1ee7a m\u00ecnh.","publisher":{"@id":"https:\/\/wrapcompliance.org\/en\/#organization"},"potentialAction":[{"@type":"SearchAction","target":{"@type":"EntryPoint","urlTemplate":"https:\/\/wrapcompliance.org\/en\/?s={search_term_string}"},"query-input":{"@type":"PropertyValueSpecification","valueRequired":true,"valueName":"search_term_string"}}],"inLanguage":"vi"},{"@type":"Organization","@id":"https:\/\/wrapcompliance.org\/en\/#organization","name":"S\u1ea3n xu\u1ea5t \u0111\u01b0\u1ee3c c\u00f4ng nh\u1eadn c\u00f3 tr\u00e1ch nhi\u1ec7m tr\u00ean to\u00e0n th\u1ebf gi\u1edbi","alternateName":"WRAP Compliance","url":"https:\/\/wrapcompliance.org\/en\/","logo":{"@type":"ImageObject","inLanguage":"vi","@id":"https:\/\/wrapcompliance.org\/en\/#\/schema\/logo\/image\/","url":"https:\/\/wrapcompliance.org\/wp-content\/uploads\/2022\/03\/WRAP_Logo_Update_Color_RGB.png","contentUrl":"https:\/\/wrapcompliance.org\/wp-content\/uploads\/2022\/03\/WRAP_Logo_Update_Color_RGB.png","width":3601,"height":3451,"caption":"Worldwide Responsible Accredited Production"},"image":{"@id":"https:\/\/wrapcompliance.org\/en\/#\/schema\/logo\/image\/"},"sameAs":["https:\/\/www.facebook.com\/WRAPcompliance\/","https:\/\/x.com\/wrapcompliance","https:\/\/www.linkedin.com\/company\/wrapcompliance"]}]}},"_links":{"self":[{"href":"https:\/\/wrapcompliance.org\/vi\/wp-json\/wp\/v2\/pages\/24447","targetHints":{"allow":["GET"]}}],"collection":[{"href":"https:\/\/wrapcompliance.org\/vi\/wp-json\/wp\/v2\/pages"}],"about":[{"href":"https:\/\/wrapcompliance.org\/vi\/wp-json\/wp\/v2\/types\/page"}],"author":[{"embeddable":true,"href":"https:\/\/wrapcompliance.org\/vi\/wp-json\/wp\/v2\/users\/3"}],"replies":[{"embeddable":true,"href":"https:\/\/wrapcompliance.org\/vi\/wp-json\/wp\/v2\/comments?post=24447"}],"version-history":[{"count":3,"href":"https:\/\/wrapcompliance.org\/vi\/wp-json\/wp\/v2\/pages\/24447\/revisions"}],"predecessor-version":[{"id":2345182,"href":"https:\/\/wrapcompliance.org\/vi\/wp-json\/wp\/v2\/pages\/24447\/revisions\/2345182"}],"up":[{"embeddable":true,"href":"https:\/\/wrapcompliance.org\/vi\/wp-json\/wp\/v2\/pages\/24387"}],"wp:attachment":[{"href":"https:\/\/wrapcompliance.org\/vi\/wp-json\/wp\/v2\/media?parent=24447"}],"curies":[{"name":"wp","href":"https:\/\/api.w.org\/{rel}","templated":true}]}}