{"id":24453,"date":"2022-06-15T14:08:31","date_gmt":"2022-06-15T18:08:31","guid":{"rendered":"https:\/\/wrapcompliance.org\/?page_id=24453"},"modified":"2025-11-12T11:39:08","modified_gmt":"2025-11-12T16:39:08","slug":"resources","status":"publish","type":"page","link":"https:\/\/wrapcompliance.org\/vi\/certification\/resources\/","title":{"rendered":"T\u00e0i nguy\u00ean ch\u1ee9ng nh\u1eadn"},"content":{"rendered":"<div role=\"banner\" class=\"theme-block wp-block-theme-blocks-page-banner full-width has-background no-image\"><div class=\"wrap\"><div class=\"layout\"><h1 class=\"block-title appear-on-scroll\">Certification resources<\/h1><div class=\"block-content\">\n<p  class=\"appear-on-scroll is-style-intro\" ><strong>We work to keep facilities around the world informed about developments that may impact their compliance standing.<\/strong><\/p>\n<\/div><div class=\"block-background\" style=\"\"><\/div><\/div><\/div><\/div>\n\n<div class=\"theme-block wp-block-theme-blocks-posts section admin\"><div class=\"wrap2\"><div class=\"query-posts one-across\" id=\"query-posts\"><div class=\"excerpt clickable post-2344957 post type-post status-publish format-standard has-post-thumbnail hentry category-news topic-certification\" data-href=\"https:\/\/wrapcompliance.org\/vi\/update-to-wrap-certification-program\/\">\n<a href=\"https:\/\/wrapcompliance.org\/vi\/update-to-wrap-certification-program\/\" aria-label=\"Update to WRAP Certification Program\" class=\"thumbnail\"><img loading=\"lazy\" decoding=\"async\" width=\"600\" height=\"600\" src=\"https:\/\/wrapcompliance.org\/wp-content\/uploads\/2026\/04\/Certified-Logo-600x600.png\" class=\"attachment-post-thumb size-post-thumb\" alt=\"\" style=\"object-position:50% 41%;\" srcset=\"https:\/\/wrapcompliance.org\/wp-content\/uploads\/2026\/04\/Certified-Logo-600x600.png 600w, https:\/\/wrapcompliance.org\/wp-content\/uploads\/2026\/04\/Certified-Logo-300x300.png 300w, https:\/\/wrapcompliance.org\/wp-content\/uploads\/2026\/04\/Certified-Logo-1024x1024.png 1024w, https:\/\/wrapcompliance.org\/wp-content\/uploads\/2026\/04\/Certified-Logo-150x150.png 150w, https:\/\/wrapcompliance.org\/wp-content\/uploads\/2026\/04\/Certified-Logo-768x768.png 768w, https:\/\/wrapcompliance.org\/wp-content\/uploads\/2026\/04\/Certified-Logo-1536x1536.png 1536w, https:\/\/wrapcompliance.org\/wp-content\/uploads\/2026\/04\/Certified-Logo-scaled.png 2048w, https:\/\/wrapcompliance.org\/wp-content\/uploads\/2026\/04\/Certified-Logo-12x12.png 12w, https:\/\/wrapcompliance.org\/wp-content\/uploads\/2026\/04\/Certified-Logo-100x100.png 100w, https:\/\/wrapcompliance.org\/wp-content\/uploads\/2026\/04\/Certified-Logo-2000x2000.png 2000w, https:\/\/wrapcompliance.org\/wp-content\/uploads\/2026\/04\/Certified-Logo-1000x1000.png 1000w\" sizes=\"auto, (max-width: 600px) 100vw, 600px\" \/><\/a>\n<h3 class=\"title\"><a href=\"https:\/\/wrapcompliance.org\/vi\/update-to-wrap-certification-program\/\">Update to WRAP Certification Program<\/a><\/h3>\n<div class=\"content\"><p>Around the world, there is a growing trend of legislation covering supply chains leading to an annual cadence becoming standard for social audits and due diligence reporting. As regulatory requirements grow and buyer expectations evolve, many brands and stakeholders now require facilities to undergo social audits on a yearly basis. WRAP is committed to ensuring [&hellip;]<\/p>\n<\/div><a href=\"https:\/\/wrapcompliance.org\/vi\/update-to-wrap-certification-program\/\" class=\"more\" aria-label=\"Read More\"><svg class=\"icon svg-icon icon-arrow-right \"><use xlink:href=\"https:\/\/wrapcompliance.org\/wp-content\/themes\/wrapcompliance\/images\/icons.svg#icon-arrow-right\"><\/use><\/svg><\/a>\n<\/div><div class=\"excerpt clickable post-2334713 post type-post status-publish format-standard has-post-thumbnail hentry category-resources partner-aafa topic-audits topic-certification topic-due-diligence taxonomy-author-avedis-h-seferian\" data-href=\"https:\/\/wrapcompliance.org\/vi\/aafa-industry-chat-on-how-you-should-view-audits\/\">\n<a href=\"https:\/\/wrapcompliance.org\/vi\/aafa-industry-chat-on-how-you-should-view-audits\/\" aria-label=\"AAFA Industry Chat on How You Should View Audits\" class=\"thumbnail\"><img loading=\"lazy\" decoding=\"async\" width=\"600\" height=\"274\" src=\"https:\/\/wrapcompliance.org\/wp-content\/uploads\/2024\/05\/Screenshot-2024-05-30-101746-600x274.png\" class=\"attachment-post-thumb size-post-thumb\" alt=\"Avedis and Nate side-by-side on a video call\" style=\"object-position:50% 50%;\" srcset=\"https:\/\/wrapcompliance.org\/wp-content\/uploads\/2024\/05\/Screenshot-2024-05-30-101746-600x274.png 600w, https:\/\/wrapcompliance.org\/wp-content\/uploads\/2024\/05\/Screenshot-2024-05-30-101746-300x137.png 300w, https:\/\/wrapcompliance.org\/wp-content\/uploads\/2024\/05\/Screenshot-2024-05-30-101746-1024x468.png 1024w, https:\/\/wrapcompliance.org\/wp-content\/uploads\/2024\/05\/Screenshot-2024-05-30-101746-768x351.png 768w, https:\/\/wrapcompliance.org\/wp-content\/uploads\/2024\/05\/Screenshot-2024-05-30-101746-1536x702.png 1536w, https:\/\/wrapcompliance.org\/wp-content\/uploads\/2024\/05\/Screenshot-2024-05-30-101746-18x8.png 18w, https:\/\/wrapcompliance.org\/wp-content\/uploads\/2024\/05\/Screenshot-2024-05-30-101746-1000x457.png 1000w, https:\/\/wrapcompliance.org\/wp-content\/uploads\/2024\/05\/Screenshot-2024-05-30-101746.png 1920w\" sizes=\"auto, (max-width: 600px) 100vw, 600px\" \/><\/a>\n<h3 class=\"title\"><a href=\"https:\/\/wrapcompliance.org\/vi\/aafa-industry-chat-on-how-you-should-view-audits\/\">AAFA Industry Chat on How You Should View Audits<\/a><\/h3>\n<div class=\"content\"><p>Not all audits are the same. Learn how when done right, audits are important due diligence tools to ensure responsible supply chain practices.<\/p>\n<\/div><a href=\"https:\/\/wrapcompliance.org\/vi\/aafa-industry-chat-on-how-you-should-view-audits\/\" class=\"more\" aria-label=\"Read More\"><svg class=\"icon svg-icon icon-arrow-right \"><use xlink:href=\"https:\/\/wrapcompliance.org\/wp-content\/themes\/wrapcompliance\/images\/icons.svg#icon-arrow-right\"><\/use><\/svg><\/a>\n<\/div><div class=\"excerpt clickable post-2331570 post type-post status-publish format-standard has-post-thumbnail hentry category-resources topic-audits topic-certification topic-facilities taxonomy-author-markjaeger\" data-href=\"https:\/\/wrapcompliance.org\/vi\/how-many-social-audits-are-enough\/\">\n<a href=\"https:\/\/wrapcompliance.org\/vi\/how-many-social-audits-are-enough\/\" aria-label=\"How many social audits are enough?\" class=\"thumbnail\"><img loading=\"lazy\" decoding=\"async\" width=\"600\" height=\"400\" src=\"https:\/\/wrapcompliance.org\/wp-content\/uploads\/2023\/10\/Office-business-meeting-795471-600x400.jpg\" class=\"attachment-post-thumb size-post-thumb\" alt=\"Person seated filling out a form with a pen\" style=\"\" srcset=\"https:\/\/wrapcompliance.org\/wp-content\/uploads\/2023\/10\/Office-business-meeting-795471-600x400.jpg 600w, https:\/\/wrapcompliance.org\/wp-content\/uploads\/2023\/10\/Office-business-meeting-795471-300x200.jpg 300w, https:\/\/wrapcompliance.org\/wp-content\/uploads\/2023\/10\/Office-business-meeting-795471-1024x683.jpg 1024w, https:\/\/wrapcompliance.org\/wp-content\/uploads\/2023\/10\/Office-business-meeting-795471-768x512.jpg 768w, https:\/\/wrapcompliance.org\/wp-content\/uploads\/2023\/10\/Office-business-meeting-795471-1536x1024.jpg 1536w, https:\/\/wrapcompliance.org\/wp-content\/uploads\/2023\/10\/Office-business-meeting-795471-scaled.jpg 2048w, https:\/\/wrapcompliance.org\/wp-content\/uploads\/2023\/10\/Office-business-meeting-795471-18x12.jpg 18w, https:\/\/wrapcompliance.org\/wp-content\/uploads\/2023\/10\/Office-business-meeting-795471-2000x1333.jpg 2000w, https:\/\/wrapcompliance.org\/wp-content\/uploads\/2023\/10\/Office-business-meeting-795471-1000x667.jpg 1000w\" sizes=\"auto, (max-width: 600px) 100vw, 600px\" \/><\/a>\n<h3 class=\"title\"><a href=\"https:\/\/wrapcompliance.org\/vi\/how-many-social-audits-are-enough\/\">How many social audits are enough?<\/a><\/h3>\n<div class=\"content\"><p>Explore findings from WRAP&#8217;s survey of hundreds of manufacturers around the world about social compliance audits conducted in their facilities.<\/p>\n<\/div><a href=\"https:\/\/wrapcompliance.org\/vi\/how-many-social-audits-are-enough\/\" class=\"more\" aria-label=\"Read More\"><svg class=\"icon svg-icon icon-arrow-right \"><use xlink:href=\"https:\/\/wrapcompliance.org\/wp-content\/themes\/wrapcompliance\/images\/icons.svg#icon-arrow-right\"><\/use><\/svg><\/a>\n<\/div><div class=\"excerpt clickable post-30911 post type-post status-publish format-standard hentry category-resources topic-audits topic-certification topic-due-diligence taxonomy-author-avedis-h-seferian\" data-href=\"https:\/\/wrapcompliance.org\/vi\/driving-due-diligence-better-practices-for-audits-and-certifications-webinar\/\">\n\n<h3 class=\"title\"><a href=\"https:\/\/wrapcompliance.org\/vi\/driving-due-diligence-better-practices-for-audits-and-certifications-webinar\/\">Driving Due Diligence: Better Practices for Audits and Certifications (webinar)<\/a><\/h3>\n<div class=\"content\"><p>Companies are facing higher costs created by mounting inefficiencies, confusion, and audit fatigue from new supply chain laws. Learn how to leverage industry standards for maximum efficiency and use real-time data and knowledge sharing.<\/p>\n<\/div><a href=\"https:\/\/wrapcompliance.org\/vi\/driving-due-diligence-better-practices-for-audits-and-certifications-webinar\/\" class=\"more\" aria-label=\"Read More\"><svg class=\"icon svg-icon icon-arrow-right \"><use xlink:href=\"https:\/\/wrapcompliance.org\/wp-content\/themes\/wrapcompliance\/images\/icons.svg#icon-arrow-right\"><\/use><\/svg><\/a>\n<\/div><div class=\"excerpt clickable post-30626 post type-post status-publish format-standard has-post-thumbnail hentry category-events topic-audits topic-certification topic-facilities taxonomy-author-gerwin-leppink\" data-href=\"https:\/\/wrapcompliance.org\/vi\/best-of-bangladesh-2023\/\">\n<a href=\"https:\/\/wrapcompliance.org\/vi\/best-of-bangladesh-2023\/\" aria-label=\"Best of Bangladesh 2023\" class=\"thumbnail\"><img loading=\"lazy\" decoding=\"async\" width=\"600\" height=\"593\" src=\"https:\/\/wrapcompliance.org\/wp-content\/uploads\/2023\/08\/Gerwin-best-of-BD-in-EU-600x593.jpg\" class=\"attachment-post-thumb size-post-thumb\" alt=\"Ad for Plenary Session about safety and well-being for garment workers in Bangladesh with Gerwin from WRAP\" style=\"\" srcset=\"https:\/\/wrapcompliance.org\/wp-content\/uploads\/2023\/08\/Gerwin-best-of-BD-in-EU-600x593.jpg 600w, https:\/\/wrapcompliance.org\/wp-content\/uploads\/2023\/08\/Gerwin-best-of-BD-in-EU-300x297.jpg 300w, https:\/\/wrapcompliance.org\/wp-content\/uploads\/2023\/08\/Gerwin-best-of-BD-in-EU-1024x1012.jpg 1024w, https:\/\/wrapcompliance.org\/wp-content\/uploads\/2023\/08\/Gerwin-best-of-BD-in-EU-768x759.jpg 768w, https:\/\/wrapcompliance.org\/wp-content\/uploads\/2023\/08\/Gerwin-best-of-BD-in-EU-12x12.jpg 12w, https:\/\/wrapcompliance.org\/wp-content\/uploads\/2023\/08\/Gerwin-best-of-BD-in-EU-100x100.jpg 100w, https:\/\/wrapcompliance.org\/wp-content\/uploads\/2023\/08\/Gerwin-best-of-BD-in-EU-1000x989.jpg 1000w, https:\/\/wrapcompliance.org\/wp-content\/uploads\/2023\/08\/Gerwin-best-of-BD-in-EU.jpg 1057w\" sizes=\"auto, (max-width: 600px) 100vw, 600px\" \/><\/a>\n<h3 class=\"title\"><a href=\"https:\/\/wrapcompliance.org\/vi\/best-of-bangladesh-2023\/\">Best of Bangladesh 2023<\/a><\/h3>\n<div class=\"content\"><p>Join WRAP&#8217;s Europe Representative in discussing strategies for strengthening Bangladesh&#8217;s appeal as a sourcing destination<\/p>\n<\/div><a href=\"https:\/\/wrapcompliance.org\/vi\/best-of-bangladesh-2023\/\" class=\"more\" aria-label=\"Read More\"><svg class=\"icon svg-icon icon-arrow-right \"><use xlink:href=\"https:\/\/wrapcompliance.org\/wp-content\/themes\/wrapcompliance\/images\/icons.svg#icon-arrow-right\"><\/use><\/svg><\/a>\n<\/div><div class=\"hentry static empty\"><\/div><div class=\"hentry static empty\"><\/div><div class=\"hentry static empty\"><\/div><\/div><\/div><\/div>","protected":false},"excerpt":{"rendered":"","protected":false},"author":3,"featured_media":0,"parent":21,"menu_order":6,"comment_status":"closed","ping_status":"closed","template":"","meta":{"_acf_changed":false,"featured_image_background_position":"","footnotes":""},"class_list":["post-24453","page","type-page","status-publish","hentry"],"acf":[],"yoast_head":"<!-- This site is optimized with the Yoast SEO plugin v27.3 - https:\/\/yoast.com\/product\/yoast-seo-wordpress\/ -->\n<title>Certification resources - WRAP Compliance<\/title>\n<meta name=\"robots\" content=\"index, follow, max-snippet:-1, max-image-preview:large, max-video-preview:-1\" \/>\n<link rel=\"canonical\" href=\"https:\/\/wrapcompliance.org\/vi\/certification\/resources\/\" \/>\n<meta property=\"og:locale\" content=\"vi_VN\" \/>\n<meta property=\"og:type\" content=\"article\" \/>\n<meta property=\"og:title\" content=\"Certification resources - WRAP Compliance\" \/>\n<meta property=\"og:url\" content=\"https:\/\/wrapcompliance.org\/vi\/certification\/resources\/\" \/>\n<meta property=\"og:site_name\" content=\"WRAP Compliance\" \/>\n<meta property=\"article:publisher\" content=\"https:\/\/www.facebook.com\/WRAPcompliance\/\" \/>\n<meta property=\"article:modified_time\" content=\"2025-11-12T16:39:08+00:00\" \/>\n<meta property=\"og:image\" content=\"https:\/\/wrapcompliance.org\/wp-content\/uploads\/2022\/10\/social-default-1200.jpg\" \/>\n\t<meta property=\"og:image:width\" content=\"1200\" \/>\n\t<meta property=\"og:image:height\" content=\"630\" \/>\n\t<meta property=\"og:image:type\" content=\"image\/jpeg\" \/>\n<meta name=\"twitter:card\" content=\"summary_large_image\" \/>\n<meta name=\"twitter:site\" content=\"@wrapcompliance\" \/>\n<meta name=\"twitter:label1\" content=\"\u01af\u1edbc t\u00ednh th\u1eddi gian \u0111\u1ecdc\" \/>\n\t<meta name=\"twitter:data1\" content=\"1 ph\u00fat\" \/>\n<script type=\"application\/ld+json\" class=\"yoast-schema-graph\">{\"@context\":\"https:\\\/\\\/schema.org\",\"@graph\":[{\"@type\":\"WebPage\",\"@id\":\"https:\\\/\\\/wrapcompliance.org\\\/certification\\\/resources\\\/\",\"url\":\"https:\\\/\\\/wrapcompliance.org\\\/certification\\\/resources\\\/\",\"name\":\"Certification resources - WRAP Compliance\",\"isPartOf\":{\"@id\":\"https:\\\/\\\/wrapcompliance.org\\\/en\\\/#website\"},\"datePublished\":\"2022-06-15T18:08:31+00:00\",\"dateModified\":\"2025-11-12T16:39:08+00:00\",\"breadcrumb\":{\"@id\":\"https:\\\/\\\/wrapcompliance.org\\\/certification\\\/resources\\\/#breadcrumb\"},\"inLanguage\":\"vi\",\"potentialAction\":[{\"@type\":\"ReadAction\",\"target\":[\"https:\\\/\\\/wrapcompliance.org\\\/certification\\\/resources\\\/\"]}]},{\"@type\":\"BreadcrumbList\",\"@id\":\"https:\\\/\\\/wrapcompliance.org\\\/certification\\\/resources\\\/#breadcrumb\",\"itemListElement\":[{\"@type\":\"ListItem\",\"position\":1,\"name\":\"Home\",\"item\":\"https:\\\/\\\/wrapcompliance.org\\\/\"},{\"@type\":\"ListItem\",\"position\":2,\"name\":\"Certification\",\"item\":\"https:\\\/\\\/wrapcompliance.org\\\/en\\\/certification\\\/\"},{\"@type\":\"ListItem\",\"position\":3,\"name\":\"Certification resources\"}]},{\"@type\":\"WebSite\",\"@id\":\"https:\\\/\\\/wrapcompliance.org\\\/en\\\/#website\",\"url\":\"https:\\\/\\\/wrapcompliance.org\\\/en\\\/\",\"name\":\"WRAP Compliance\",\"description\":\"Ensuring production facilities operate in a safe, responsible, and ethical way. Through our 12 Principles, we promote lawful, humane manufacturing in facilities throughout the world via our Certification and Training programs.\",\"publisher\":{\"@id\":\"https:\\\/\\\/wrapcompliance.org\\\/en\\\/#organization\"},\"potentialAction\":[{\"@type\":\"SearchAction\",\"target\":{\"@type\":\"EntryPoint\",\"urlTemplate\":\"https:\\\/\\\/wrapcompliance.org\\\/en\\\/?s={search_term_string}\"},\"query-input\":{\"@type\":\"PropertyValueSpecification\",\"valueRequired\":true,\"valueName\":\"search_term_string\"}}],\"inLanguage\":\"vi\"},{\"@type\":\"Organization\",\"@id\":\"https:\\\/\\\/wrapcompliance.org\\\/en\\\/#organization\",\"name\":\"Worldwide Responsible Accredited Production\",\"alternateName\":\"WRAP Compliance\",\"url\":\"https:\\\/\\\/wrapcompliance.org\\\/en\\\/\",\"logo\":{\"@type\":\"ImageObject\",\"inLanguage\":\"vi\",\"@id\":\"https:\\\/\\\/wrapcompliance.org\\\/en\\\/#\\\/schema\\\/logo\\\/image\\\/\",\"url\":\"https:\\\/\\\/wrapcompliance.org\\\/wp-content\\\/uploads\\\/2022\\\/03\\\/WRAP_Logo_Update_Color_RGB.png\",\"contentUrl\":\"https:\\\/\\\/wrapcompliance.org\\\/wp-content\\\/uploads\\\/2022\\\/03\\\/WRAP_Logo_Update_Color_RGB.png\",\"width\":3601,\"height\":3451,\"caption\":\"Worldwide Responsible Accredited Production\"},\"image\":{\"@id\":\"https:\\\/\\\/wrapcompliance.org\\\/en\\\/#\\\/schema\\\/logo\\\/image\\\/\"},\"sameAs\":[\"https:\\\/\\\/www.facebook.com\\\/WRAPcompliance\\\/\",\"https:\\\/\\\/x.com\\\/wrapcompliance\",\"https:\\\/\\\/www.linkedin.com\\\/company\\\/wrapcompliance\"]}]}<\/script>\n<!-- \/ Yoast SEO plugin. -->","yoast_head_json":{"title":"T\u00e0i nguy\u00ean ch\u1ee9ng nh\u1eadn - Tu\u00e2n th\u1ee7 WRAP","robots":{"index":"index","follow":"follow","max-snippet":"max-snippet:-1","max-image-preview":"max-image-preview:large","max-video-preview":"max-video-preview:-1"},"canonical":"https:\/\/wrapcompliance.org\/vi\/certification\/resources\/","og_locale":"vi_VN","og_type":"article","og_title":"Certification resources - WRAP Compliance","og_url":"https:\/\/wrapcompliance.org\/vi\/certification\/resources\/","og_site_name":"WRAP Compliance","article_publisher":"https:\/\/www.facebook.com\/WRAPcompliance\/","article_modified_time":"2025-11-12T16:39:08+00:00","og_image":[{"width":1200,"height":630,"url":"https:\/\/wrapcompliance.org\/wp-content\/uploads\/2022\/10\/social-default-1200.jpg","type":"image\/jpeg"}],"twitter_card":"summary_large_image","twitter_site":"@wrapcompliance","twitter_misc":{"\u01af\u1edbc t\u00ednh th\u1eddi gian \u0111\u1ecdc":"1 ph\u00fat"},"schema":{"@context":"https:\/\/schema.org","@graph":[{"@type":"WebPage","@id":"https:\/\/wrapcompliance.org\/certification\/resources\/","url":"https:\/\/wrapcompliance.org\/certification\/resources\/","name":"T\u00e0i nguy\u00ean ch\u1ee9ng nh\u1eadn - Tu\u00e2n th\u1ee7 WRAP","isPartOf":{"@id":"https:\/\/wrapcompliance.org\/en\/#website"},"datePublished":"2022-06-15T18:08:31+00:00","dateModified":"2025-11-12T16:39:08+00:00","breadcrumb":{"@id":"https:\/\/wrapcompliance.org\/certification\/resources\/#breadcrumb"},"inLanguage":"vi","potentialAction":[{"@type":"ReadAction","target":["https:\/\/wrapcompliance.org\/certification\/resources\/"]}]},{"@type":"BreadcrumbList","@id":"https:\/\/wrapcompliance.org\/certification\/resources\/#breadcrumb","itemListElement":[{"@type":"ListItem","position":1,"name":"Home","item":"https:\/\/wrapcompliance.org\/"},{"@type":"ListItem","position":2,"name":"Certification","item":"https:\/\/wrapcompliance.org\/en\/certification\/"},{"@type":"ListItem","position":3,"name":"Certification resources"}]},{"@type":"WebSite","@id":"https:\/\/wrapcompliance.org\/en\/#website","url":"https:\/\/wrapcompliance.org\/en\/","name":"Tu\u00e2n th\u1ee7 WRAP","description":"\u0110\u1ea3m b\u1ea3o c\u00e1c c\u01a1 s\u1edf s\u1ea3n xu\u1ea5t ho\u1ea1t \u0111\u1ed9ng m\u1ed9t c\u00e1ch an to\u00e0n, c\u00f3 tr\u00e1ch nhi\u1ec7m v\u00e0 \u0111\u1ea1o \u0111\u1ee9c. Th\u00f4ng qua 12 Nguy\u00ean t\u1eafc c\u1ee7a m\u00ecnh, ch\u00fang t\u00f4i th\u00fac \u0111\u1ea9y ho\u1ea1t \u0111\u1ed9ng s\u1ea3n xu\u1ea5t h\u1ee3p ph\u00e1p, nh\u00e2n \u0111\u1ea1o t\u1ea1i c\u00e1c c\u01a1 s\u1edf tr\u00ean to\u00e0n th\u1ebf gi\u1edbi th\u00f4ng qua c\u00e1c ch\u01b0\u01a1ng tr\u00ecnh Ch\u1ee9ng nh\u1eadn v\u00e0 \u0110\u00e0o t\u1ea1o c\u1ee7a m\u00ecnh.","publisher":{"@id":"https:\/\/wrapcompliance.org\/en\/#organization"},"potentialAction":[{"@type":"SearchAction","target":{"@type":"EntryPoint","urlTemplate":"https:\/\/wrapcompliance.org\/en\/?s={search_term_string}"},"query-input":{"@type":"PropertyValueSpecification","valueRequired":true,"valueName":"search_term_string"}}],"inLanguage":"vi"},{"@type":"Organization","@id":"https:\/\/wrapcompliance.org\/en\/#organization","name":"S\u1ea3n xu\u1ea5t \u0111\u01b0\u1ee3c c\u00f4ng nh\u1eadn c\u00f3 tr\u00e1ch nhi\u1ec7m tr\u00ean to\u00e0n th\u1ebf gi\u1edbi","alternateName":"WRAP Compliance","url":"https:\/\/wrapcompliance.org\/en\/","logo":{"@type":"ImageObject","inLanguage":"vi","@id":"https:\/\/wrapcompliance.org\/en\/#\/schema\/logo\/image\/","url":"https:\/\/wrapcompliance.org\/wp-content\/uploads\/2022\/03\/WRAP_Logo_Update_Color_RGB.png","contentUrl":"https:\/\/wrapcompliance.org\/wp-content\/uploads\/2022\/03\/WRAP_Logo_Update_Color_RGB.png","width":3601,"height":3451,"caption":"Worldwide Responsible Accredited Production"},"image":{"@id":"https:\/\/wrapcompliance.org\/en\/#\/schema\/logo\/image\/"},"sameAs":["https:\/\/www.facebook.com\/WRAPcompliance\/","https:\/\/x.com\/wrapcompliance","https:\/\/www.linkedin.com\/company\/wrapcompliance"]}]}},"_links":{"self":[{"href":"https:\/\/wrapcompliance.org\/vi\/wp-json\/wp\/v2\/pages\/24453","targetHints":{"allow":["GET"]}}],"collection":[{"href":"https:\/\/wrapcompliance.org\/vi\/wp-json\/wp\/v2\/pages"}],"about":[{"href":"https:\/\/wrapcompliance.org\/vi\/wp-json\/wp\/v2\/types\/page"}],"author":[{"embeddable":true,"href":"https:\/\/wrapcompliance.org\/vi\/wp-json\/wp\/v2\/users\/3"}],"replies":[{"embeddable":true,"href":"https:\/\/wrapcompliance.org\/vi\/wp-json\/wp\/v2\/comments?post=24453"}],"version-history":[{"count":0,"href":"https:\/\/wrapcompliance.org\/vi\/wp-json\/wp\/v2\/pages\/24453\/revisions"}],"up":[{"embeddable":true,"href":"https:\/\/wrapcompliance.org\/vi\/wp-json\/wp\/v2\/pages\/21"}],"wp:attachment":[{"href":"https:\/\/wrapcompliance.org\/vi\/wp-json\/wp\/v2\/media?parent=24453"}],"curies":[{"name":"wp","href":"https:\/\/api.w.org\/{rel}","templated":true}]}}