{"id":24725,"date":"2022-08-23T15:44:00","date_gmt":"2022-08-23T19:44:00","guid":{"rendered":"https:\/\/wrapcompliance.org\/?page_id=24725"},"modified":"2026-04-10T10:07:09","modified_gmt":"2026-04-10T14:07:09","slug":"renew-status","status":"publish","type":"page","link":"https:\/\/wrapcompliance.org\/vi\/certification\/renew-status\/","title":{"rendered":"Quy tr\u00ecnh gia h\u1ea1n"},"content":{"rendered":"<div role=\"banner\" class=\"theme-block wp-block-theme-blocks-page-banner full-width has-background no-image\"><div class=\"wrap\"><div class=\"layout\"><h1 class=\"block-title appear-on-scroll\">Quy tr\u00ecnh gia h\u1ea1n<\/h1><div class=\"block-content\">\n<p  class=\"appear-on-scroll is-style-intro has-max-width-800\" ><\/p>\n<\/div><div class=\"block-background\" style=\"\"><\/div><\/div><\/div><\/div>\n\n<h3  class=\"appear-on-scroll wp-block-heading\" ><span class=\"text\">Gia h\u1ea1n ch\u1ee9ng nh\u1eadn WRAP<\/span><\/h3>\n\n\n\n<p class=\"appear-on-scroll\">Vi\u1ec7c gia h\u1ea1n \u0111\u01b0\u1ee3c s\u1eafp x\u1ebfp h\u1ee3p l\u00fd h\u01a1n so v\u1edbi quy tr\u00ecnh \u0111\u0103ng k\u00fd ban \u0111\u1ea7u, nh\u01b0ng m\u1ed7i c\u01a1 s\u1edf v\u1eabn ph\u1ea3i tr\u1ea3i qua m\u1ed9t cu\u1ed9c \u0111\u00e1nh gi\u00e1 m\u1edbi \u0111\u1ec3 \u0111\u1ea3m b\u1ea3o tu\u00e2n th\u1ee7 li\u00ean t\u1ee5c.<\/p>\n\n<p class=\"appear-on-scroll\">T\u1ea5t c\u1ea3 c\u00e1c cu\u1ed9c \u0111\u00e1nh gi\u00e1 WRAP - bao g\u1ed3m c\u1ea3 nh\u1eefng cu\u1ed9c \u0111\u00e1nh gi\u00e1 \u0111\u01b0\u1ee3c th\u1ef1c hi\u1ec7n v\u1edbi m\u1ee5c \u0111\u00edch \u0111\u1ed5i m\u1edbi - \u0111\u1ec1u t\u00ednh \u0111\u1ebfn c\u00e1c quy \u0111\u1ecbnh m\u1edbi, \u0111ang ph\u00e1t tri\u1ec3n v\u00e0 t\u01b0\u01a1ng lai. Nh\u01b0 v\u1eady, ch\u1ee9ng nh\u1eadn tr\u01b0\u1edbc kh\u00f4ng \u0111\u1ea3m b\u1ea3o vi\u1ec7c gia h\u1ea1n. M\u1ecdi ch\u1ee9ng ch\u1ec9 m\u00e0 ch\u00fang t\u00f4i c\u1ea5p \u0111\u1ec1u kh\u1eb3ng \u0111\u1ecbnh r\u1eb1ng m\u1ed9t c\u01a1 s\u1edf \u0111\u00e3 ch\u1ee9ng minh \u0111\u01b0\u1ee3c ho\u1ea1t \u0111\u1ed9ng c\u1ee7a m\u00ecnh l\u00e0 an to\u00e0n, nh\u00e2n \u0111\u1ea1o v\u00e0 b\u1ec1n v\u1eefng ph\u00f9 h\u1ee3p v\u1edbi c\u00e1c ti\u00eau chu\u1ea9n qu\u1ed1c t\u1ebf hi\u1ec7n h\u00e0nh v\u00e0 lu\u1eadt ph\u00e1p \u0111\u1ecba ph\u01b0\u01a1ng. Cu\u1ed9n xu\u1ed1ng \u0111\u1ec3 t\u00ecm hi\u1ec3u th\u00eam v\u1ec1 quy tr\u00ecnh gia h\u1ea1n.<\/p>\n\n<div class=\"wp-block-theme-blocks-step theme-block appear-on-scroll no-image\"><div class=\"layout\"><div class=\"block-step\">1<\/div><div class=\"block-content\">\n<h3  class=\"appear-on-scroll wp-block-heading\" ><span class=\"text\">Th\u1eddi gian g\u1eedi b\u1eaft \u0111\u1ea7u<\/span><\/h3>\n\n<p class=\"appear-on-scroll\">C\u00e1c c\u01a1 s\u1edf c\u00f3 th\u1ec3 \u0111\u0103ng k\u00fd gia h\u1ea1n ch\u1ee9ng nh\u1eadn c\u1ee7a h\u1ecd t\u1ed1i \u0111a 90 ng\u00e0y tr\u01b0\u1edbc ng\u00e0y h\u1ebft h\u1ea1n c\u1ee7a ch\u1ee9ng ch\u1ec9 hi\u1ec7n t\u1ea1i. <\/p>\n\n<p class=\"appear-on-scroll\">Khi giai \u0111o\u1ea1n n\u1ed9p n\u00e0y b\u1eaft \u0111\u1ea7u, \u0111\u01a1n xin gia h\u1ea1n c\u1ee7a c\u01a1 s\u1edf c\u1ee7a b\u1ea1n s\u1ebd c\u00f3 s\u1eb5n <a href=\"https:\/\/my.wrapcompliance.org\/Pages\/My-Dashboard.aspx\" target=\"_blank\" rel=\"noreferrer noopener\">tr\u00ean Trang t\u1ed5ng quan c\u1ee7a b\u1ea1n<\/a> trong n\u1ec1n t\u1ea3ng ng\u01b0\u1eddi d\u00f9ng. N\u00f3 c\u00f3 th\u1ec3 \u0111\u01b0\u1ee3c ho\u00e0n th\u00e0nh b\u1ea5t c\u1ee9 l\u00fac n\u00e0o. B\u1ea1n c\u0169ng s\u1ebd \u0111\u01b0\u1ee3c th\u00f4ng b\u00e1o qua email. N\u1ebfu ng\u00e0y h\u1ebft h\u1ea1n ch\u1ee9ng ch\u1ec9 c\u1ee7a b\u1ea1n c\u00f2n ch\u01b0a \u0111\u1ea7y 90 ng\u00e0y n\u1eefa v\u00e0 b\u1ea1n ch\u01b0a nh\u1eadn \u0111\u01b0\u1ee3c email n\u00e0y, vui l\u00f2ng li\u00ean h\u1ec7 v\u1edbi ch\u00fang t\u00f4i theo \u0111\u1ecba ch\u1ec9 <a href=\"mailto:info@wrapcompliance.org\">info@wrapcompliance.org<\/a>.<\/p>\n<\/div><\/div><\/div>\n\n<div class=\"wp-block-theme-blocks-step theme-block appear-on-scroll no-image\"><div class=\"layout\"><div class=\"block-step\">2<\/div><div class=\"block-content\">\n<h3  class=\"appear-on-scroll wp-block-heading\" ><span class=\"text\">Ki\u1ec3m tra k\u1ef9 th\u00f4ng tin nh\u00e0 m\u00e1y<\/span><\/h3>\n\n<p class=\"appear-on-scroll\">X\u00e1c nh\u1eadn r\u1eb1ng t\u00ean v\u00e0 \u0111\u1ecba ch\u1ec9 c\u1ee7a c\u01a1 s\u1edf c\u1ee7a b\u1ea1n kh\u00f4ng thay \u0111\u1ed5i k\u1ec3 t\u1eeb khi \u0111\u01a1n \u0111\u0103ng k\u00fd tr\u01b0\u1edbc \u0111\u00f3 \u0111\u01b0\u1ee3c g\u1eedi. <\/p>\n\n<p class=\"appear-on-scroll\">N\u1ebfu th\u00f4ng tin n\u00e0y c\u1ea7n \u0111\u01b0\u1ee3c c\u1eadp nh\u1eadt, vui l\u00f2ng \u0111i\u1ec1n v\u00e0o c\u00e1c bi\u1ec3u m\u1eabu c\u1ea7n thi\u1ebft m\u00e0 b\u1ea1n c\u00f3 th\u1ec3 t\u00ecm th\u1ea5y <a href=\"\/vi\/certification\/certification-explained\/#companyinfoforms\">n\u01a1i \u0111\u00e2y<\/a>. M\u1ed9t ID WRAP m\u1edbi s\u1ebd \u0111\u01b0\u1ee3c t\u1ea1o n\u1ebfu c\u01a1 s\u1edf c\u1ee7a b\u1ea1n \u1edf \u0111\u1ecba \u0111i\u1ec3m m\u1edbi. Sau \u0111\u00f3, b\u1ea1n c\u00f3 th\u1ec3 n\u1ed9p \u0111\u01a1n xin gia h\u1ea1n. <\/p>\n<\/div><\/div><\/div>\n\n<div class=\"wp-block-theme-blocks-step theme-block appear-on-scroll no-image\"><div class=\"layout\"><div class=\"block-step\">3<\/div><div class=\"block-content\">\n<h3  class=\"appear-on-scroll wp-block-heading\" ><span class=\"text\">C\u1eadp nh\u1eadt th\u00f4ng tin s\u1ea3n xu\u1ea5t, nh\u00e2n vi\u00ean v\u00e0 ho\u1ea1t \u0111\u1ed9ng<\/span><\/h3>\n\n<p class=\"appear-on-scroll\">C\u1eadp nh\u1eadt b\u1ea5t k\u1ef3 th\u00f4ng tin n\u00e0o c\u00f3 th\u1ec3 thay \u0111\u1ed5i trong qu\u00e1 tr\u00ecnh c\u1ee7a m\u1ed9t n\u0103m nh\u1ea5t \u0111\u1ecbnh. \u0110i\u1ec1u n\u00e0y bao g\u1ed3m s\u1ed1 l\u01b0\u1ee3ng c\u00f4ng nh\u00e2n hi\u1ec7n t\u1ea1i \u0111ang l\u00e0m vi\u1ec7c t\u1ea1i c\u01a1 s\u1edf c\u1ee7a b\u1ea1n, c\u00e1c lo\u1ea1i s\u1ea3n ph\u1ea9m b\u1ea1n s\u1ea3n xu\u1ea5t v\u00e0 nh\u1eefng ng\u01b0\u1eddi mua m\u00e0 b\u1ea1n l\u00e0m vi\u1ec7c c\u00f9ng. <\/p>\n<\/div><\/div><\/div>\n\n<div class=\"wp-block-theme-blocks-step theme-block appear-on-scroll no-image\"><div class=\"layout\"><div class=\"block-step\">4<\/div><div class=\"block-content\">\n<h3  class=\"appear-on-scroll wp-block-heading\" ><span class=\"text\">Thanh to\u00e1n ph\u00ed \u0111\u0103ng k\u00fd<\/span><\/h3>\n\n<p class=\"appear-on-scroll\">B\u1ea1n s\u1ebd \u0111\u01b0\u1ee3c nh\u1eafc thanh to\u00e1n ph\u00ed \u0111\u0103ng k\u00fd. Sau khi thanh to\u00e1n, c\u00f4ng ty gi\u00e1m s\u00e1t \u0111\u01b0\u1ee3c x\u00e1c \u0111\u1ecbnh tr\u00ean \u1ee9ng d\u1ee5ng s\u1ebd b\u1eaft \u0111\u1ea7u \u0111\u00e1nh gi\u00e1.<\/p>\n<\/div><\/div><\/div>\n\n<div class=\"wp-block-theme-blocks-step theme-block appear-on-scroll no-image\"><div class=\"layout\"><div class=\"block-step\">5<\/div><div class=\"block-content\">\n<h3  class=\"appear-on-scroll wp-block-heading\" ><span class=\"text\">L\u00ean l\u1ecbch \u0111\u00e1nh gi\u00e1 to\u00e0n b\u1ed9 c\u01a1 s\u1edf<\/span><\/h3>\n\n<p class=\"appear-on-scroll\">Ng\u01b0\u1eddi gi\u00e1m s\u00e1t s\u1ebd li\u00ean h\u1ec7 \u0111\u1ec3 chia s\u1ebb th\u00eam th\u00f4ng tin v\u1ec1 ph\u00ed \u0111\u00e1nh gi\u00e1 c\u1ee7a h\u1ecd v\u00e0 l\u00ean l\u1ecbch th\u1eddi h\u1ea1n b\u1ed1n tu\u1ea7n \u0111\u1ec3 \u0111\u00e1nh gi\u00e1 to\u00e0n b\u1ed9 c\u01a1 s\u1edf. <\/p>\n<\/div><\/div><\/div>\n\n<div class=\"wp-block-theme-blocks-step theme-block appear-on-scroll no-image\"><div class=\"layout\"><div class=\"block-step\">6<\/div><div class=\"block-content\">\n<h3  class=\"appear-on-scroll wp-block-heading\" ><span class=\"text\">Ho\u00e0n th\u00e0nh ki\u1ec3m to\u00e1n<\/span><\/h3>\n\n<p class=\"appear-on-scroll\">T\u1eeb \u0111\u00e2y, quy tr\u00ecnh gi\u1ed1ng h\u1ec7t nh\u01b0 ban \u0111\u1ea7u <a href=\"https:\/\/wrapcompliance.org\/vi\/certification\/certification-explained\/\">ch\u1ee9ng nh\u1eadn<\/a> c\u00e1c th\u1ee7 t\u1ee5c cho c\u00e1c c\u01a1 s\u1edf m\u1edbi, bao g\u1ed3m \u0111\u00e1nh gi\u00e1 to\u00e0n b\u1ed9 nh\u00e0 m\u00e1y v\u00e0 \u0111\u00e1nh gi\u00e1 b\u00e1o c\u00e1o \u0111\u00e1nh gi\u00e1 cu\u1ed1i c\u00f9ng c\u1ee7a nh\u00e2n vi\u00ean WRAP v\u00e0 h\u1ed9i \u0111\u1ed3ng \u0111\u00e1nh gi\u00e1 \u0111\u1ed9c l\u1eadp. <\/p>\n<\/div><\/div><\/div>","protected":false},"excerpt":{"rendered":"<p>Renewing a WRAP certification Renewals are more streamlined than the original registration process, but each facility must still undergo a new audit to ensure continued compliance. All WRAP audits \u2014 including those conducted for the purposes of a renewal \u2014 take into account new, evolving, and prospective regulations. As such, prior certification does not ensure [&hellip;]<\/p>\n","protected":false},"author":31,"featured_media":0,"parent":24387,"menu_order":3,"comment_status":"closed","ping_status":"closed","template":"","meta":{"_acf_changed":false,"featured_image_background_position":"","footnotes":""},"class_list":["post-24725","page","type-page","status-publish","hentry"],"acf":[],"yoast_head":"<!-- This site is optimized with the Yoast SEO plugin v27.3 - https:\/\/yoast.com\/product\/yoast-seo-wordpress\/ -->\n<title>Renewal process - WRAP Compliance<\/title>\n<meta name=\"description\" content=\"Renewal process for WRAP certified facilities to confirm social compliance standards continue to be met in your facility\" \/>\n<meta name=\"robots\" content=\"index, follow, max-snippet:-1, max-image-preview:large, max-video-preview:-1\" \/>\n<link rel=\"canonical\" href=\"https:\/\/wrapcompliance.org\/vi\/certification\/renew-status\/\" \/>\n<meta property=\"og:locale\" content=\"vi_VN\" \/>\n<meta property=\"og:type\" content=\"article\" \/>\n<meta property=\"og:title\" content=\"Renewal process - WRAP Compliance\" \/>\n<meta property=\"og:description\" content=\"Renewal process for WRAP certified facilities to confirm social compliance standards continue to be met in your facility\" \/>\n<meta property=\"og:url\" content=\"https:\/\/wrapcompliance.org\/vi\/certification\/renew-status\/\" \/>\n<meta property=\"og:site_name\" content=\"WRAP Compliance\" \/>\n<meta property=\"article:publisher\" content=\"https:\/\/www.facebook.com\/WRAPcompliance\/\" \/>\n<meta property=\"article:modified_time\" content=\"2026-04-10T14:07:09+00:00\" \/>\n<meta property=\"og:image\" content=\"https:\/\/wrapcompliance.org\/wp-content\/uploads\/2022\/10\/social-default-1200.jpg\" \/>\n\t<meta property=\"og:image:width\" content=\"1200\" \/>\n\t<meta property=\"og:image:height\" content=\"630\" \/>\n\t<meta property=\"og:image:type\" content=\"image\/jpeg\" \/>\n<meta name=\"twitter:card\" content=\"summary_large_image\" \/>\n<meta name=\"twitter:site\" content=\"@wrapcompliance\" \/>\n<meta name=\"twitter:label1\" content=\"\u01af\u1edbc t\u00ednh th\u1eddi gian \u0111\u1ecdc\" \/>\n\t<meta name=\"twitter:data1\" content=\"2 ph\u00fat\" \/>\n<script type=\"application\/ld+json\" class=\"yoast-schema-graph\">{\"@context\":\"https:\\\/\\\/schema.org\",\"@graph\":[{\"@type\":\"WebPage\",\"@id\":\"https:\\\/\\\/wrapcompliance.org\\\/certification\\\/renew-status\\\/\",\"url\":\"https:\\\/\\\/wrapcompliance.org\\\/certification\\\/renew-status\\\/\",\"name\":\"Renewal process - WRAP Compliance\",\"isPartOf\":{\"@id\":\"https:\\\/\\\/wrapcompliance.org\\\/en\\\/#website\"},\"datePublished\":\"2022-08-23T19:44:00+00:00\",\"dateModified\":\"2026-04-10T14:07:09+00:00\",\"description\":\"Renewal process for WRAP certified facilities to confirm social compliance standards continue to be met in your facility\",\"breadcrumb\":{\"@id\":\"https:\\\/\\\/wrapcompliance.org\\\/certification\\\/renew-status\\\/#breadcrumb\"},\"inLanguage\":\"vi\",\"potentialAction\":[{\"@type\":\"ReadAction\",\"target\":[\"https:\\\/\\\/wrapcompliance.org\\\/certification\\\/renew-status\\\/\"]}]},{\"@type\":\"BreadcrumbList\",\"@id\":\"https:\\\/\\\/wrapcompliance.org\\\/certification\\\/renew-status\\\/#breadcrumb\",\"itemListElement\":[{\"@type\":\"ListItem\",\"position\":1,\"name\":\"Home\",\"item\":\"https:\\\/\\\/wrapcompliance.org\\\/\"},{\"@type\":\"ListItem\",\"position\":2,\"name\":\"Certification Explained\",\"item\":\"https:\\\/\\\/wrapcompliance.org\\\/certification\\\/\"},{\"@type\":\"ListItem\",\"position\":3,\"name\":\"Renewal process\"}]},{\"@type\":\"WebSite\",\"@id\":\"https:\\\/\\\/wrapcompliance.org\\\/en\\\/#website\",\"url\":\"https:\\\/\\\/wrapcompliance.org\\\/en\\\/\",\"name\":\"WRAP Compliance\",\"description\":\"Ensuring production facilities operate in a safe, responsible, and ethical way. Through our 12 Principles, we promote lawful, humane manufacturing in facilities throughout the world via our Certification and Training programs.\",\"publisher\":{\"@id\":\"https:\\\/\\\/wrapcompliance.org\\\/en\\\/#organization\"},\"potentialAction\":[{\"@type\":\"SearchAction\",\"target\":{\"@type\":\"EntryPoint\",\"urlTemplate\":\"https:\\\/\\\/wrapcompliance.org\\\/en\\\/?s={search_term_string}\"},\"query-input\":{\"@type\":\"PropertyValueSpecification\",\"valueRequired\":true,\"valueName\":\"search_term_string\"}}],\"inLanguage\":\"vi\"},{\"@type\":\"Organization\",\"@id\":\"https:\\\/\\\/wrapcompliance.org\\\/en\\\/#organization\",\"name\":\"Worldwide Responsible Accredited Production\",\"alternateName\":\"WRAP Compliance\",\"url\":\"https:\\\/\\\/wrapcompliance.org\\\/en\\\/\",\"logo\":{\"@type\":\"ImageObject\",\"inLanguage\":\"vi\",\"@id\":\"https:\\\/\\\/wrapcompliance.org\\\/en\\\/#\\\/schema\\\/logo\\\/image\\\/\",\"url\":\"https:\\\/\\\/wrapcompliance.org\\\/wp-content\\\/uploads\\\/2022\\\/03\\\/WRAP_Logo_Update_Color_RGB.png\",\"contentUrl\":\"https:\\\/\\\/wrapcompliance.org\\\/wp-content\\\/uploads\\\/2022\\\/03\\\/WRAP_Logo_Update_Color_RGB.png\",\"width\":3601,\"height\":3451,\"caption\":\"Worldwide Responsible Accredited Production\"},\"image\":{\"@id\":\"https:\\\/\\\/wrapcompliance.org\\\/en\\\/#\\\/schema\\\/logo\\\/image\\\/\"},\"sameAs\":[\"https:\\\/\\\/www.facebook.com\\\/WRAPcompliance\\\/\",\"https:\\\/\\\/x.com\\\/wrapcompliance\",\"https:\\\/\\\/www.linkedin.com\\\/company\\\/wrapcompliance\"]}]}<\/script>\n<!-- \/ Yoast SEO plugin. -->","yoast_head_json":{"title":"Quy tr\u00ecnh gia h\u1ea1n - Tu\u00e2n th\u1ee7 WRAP","description":"Quy tr\u00ecnh gia h\u1ea1n cho c\u00e1c c\u01a1 s\u1edf \u0111\u01b0\u1ee3c ch\u1ee9ng nh\u1eadn WRAP \u0111\u1ec3 x\u00e1c nh\u1eadn c\u00e1c ti\u00eau chu\u1ea9n tu\u00e2n th\u1ee7 x\u00e3 h\u1ed9i v\u1eabn ti\u1ebfp t\u1ee5c \u0111\u01b0\u1ee3c \u0111\u00e1p \u1ee9ng t\u1ea1i c\u01a1 s\u1edf c\u1ee7a b\u1ea1n","robots":{"index":"index","follow":"follow","max-snippet":"max-snippet:-1","max-image-preview":"max-image-preview:large","max-video-preview":"max-video-preview:-1"},"canonical":"https:\/\/wrapcompliance.org\/vi\/certification\/renew-status\/","og_locale":"vi_VN","og_type":"article","og_title":"Renewal process - WRAP Compliance","og_description":"Renewal process for WRAP certified facilities to confirm social compliance standards continue to be met in your facility","og_url":"https:\/\/wrapcompliance.org\/vi\/certification\/renew-status\/","og_site_name":"WRAP Compliance","article_publisher":"https:\/\/www.facebook.com\/WRAPcompliance\/","article_modified_time":"2026-04-10T14:07:09+00:00","og_image":[{"width":1200,"height":630,"url":"https:\/\/wrapcompliance.org\/wp-content\/uploads\/2022\/10\/social-default-1200.jpg","type":"image\/jpeg"}],"twitter_card":"summary_large_image","twitter_site":"@wrapcompliance","twitter_misc":{"\u01af\u1edbc t\u00ednh th\u1eddi gian \u0111\u1ecdc":"2 ph\u00fat"},"schema":{"@context":"https:\/\/schema.org","@graph":[{"@type":"WebPage","@id":"https:\/\/wrapcompliance.org\/certification\/renew-status\/","url":"https:\/\/wrapcompliance.org\/certification\/renew-status\/","name":"Quy tr\u00ecnh gia h\u1ea1n - Tu\u00e2n th\u1ee7 WRAP","isPartOf":{"@id":"https:\/\/wrapcompliance.org\/en\/#website"},"datePublished":"2022-08-23T19:44:00+00:00","dateModified":"2026-04-10T14:07:09+00:00","description":"Quy tr\u00ecnh gia h\u1ea1n cho c\u00e1c c\u01a1 s\u1edf \u0111\u01b0\u1ee3c ch\u1ee9ng nh\u1eadn WRAP \u0111\u1ec3 x\u00e1c nh\u1eadn c\u00e1c ti\u00eau chu\u1ea9n tu\u00e2n th\u1ee7 x\u00e3 h\u1ed9i v\u1eabn ti\u1ebfp t\u1ee5c \u0111\u01b0\u1ee3c \u0111\u00e1p \u1ee9ng t\u1ea1i c\u01a1 s\u1edf c\u1ee7a b\u1ea1n","breadcrumb":{"@id":"https:\/\/wrapcompliance.org\/certification\/renew-status\/#breadcrumb"},"inLanguage":"vi","potentialAction":[{"@type":"ReadAction","target":["https:\/\/wrapcompliance.org\/certification\/renew-status\/"]}]},{"@type":"BreadcrumbList","@id":"https:\/\/wrapcompliance.org\/certification\/renew-status\/#breadcrumb","itemListElement":[{"@type":"ListItem","position":1,"name":"Home","item":"https:\/\/wrapcompliance.org\/"},{"@type":"ListItem","position":2,"name":"Certification Explained","item":"https:\/\/wrapcompliance.org\/certification\/"},{"@type":"ListItem","position":3,"name":"Renewal process"}]},{"@type":"WebSite","@id":"https:\/\/wrapcompliance.org\/en\/#website","url":"https:\/\/wrapcompliance.org\/en\/","name":"Tu\u00e2n th\u1ee7 WRAP","description":"\u0110\u1ea3m b\u1ea3o c\u00e1c c\u01a1 s\u1edf s\u1ea3n xu\u1ea5t ho\u1ea1t \u0111\u1ed9ng m\u1ed9t c\u00e1ch an to\u00e0n, c\u00f3 tr\u00e1ch nhi\u1ec7m v\u00e0 \u0111\u1ea1o \u0111\u1ee9c. Th\u00f4ng qua 12 Nguy\u00ean t\u1eafc c\u1ee7a m\u00ecnh, ch\u00fang t\u00f4i th\u00fac \u0111\u1ea9y ho\u1ea1t \u0111\u1ed9ng s\u1ea3n xu\u1ea5t h\u1ee3p ph\u00e1p, nh\u00e2n \u0111\u1ea1o t\u1ea1i c\u00e1c c\u01a1 s\u1edf tr\u00ean to\u00e0n th\u1ebf gi\u1edbi th\u00f4ng qua c\u00e1c ch\u01b0\u01a1ng tr\u00ecnh Ch\u1ee9ng nh\u1eadn v\u00e0 \u0110\u00e0o t\u1ea1o c\u1ee7a m\u00ecnh.","publisher":{"@id":"https:\/\/wrapcompliance.org\/en\/#organization"},"potentialAction":[{"@type":"SearchAction","target":{"@type":"EntryPoint","urlTemplate":"https:\/\/wrapcompliance.org\/en\/?s={search_term_string}"},"query-input":{"@type":"PropertyValueSpecification","valueRequired":true,"valueName":"search_term_string"}}],"inLanguage":"vi"},{"@type":"Organization","@id":"https:\/\/wrapcompliance.org\/en\/#organization","name":"S\u1ea3n xu\u1ea5t \u0111\u01b0\u1ee3c c\u00f4ng nh\u1eadn c\u00f3 tr\u00e1ch nhi\u1ec7m tr\u00ean to\u00e0n th\u1ebf gi\u1edbi","alternateName":"WRAP Compliance","url":"https:\/\/wrapcompliance.org\/en\/","logo":{"@type":"ImageObject","inLanguage":"vi","@id":"https:\/\/wrapcompliance.org\/en\/#\/schema\/logo\/image\/","url":"https:\/\/wrapcompliance.org\/wp-content\/uploads\/2022\/03\/WRAP_Logo_Update_Color_RGB.png","contentUrl":"https:\/\/wrapcompliance.org\/wp-content\/uploads\/2022\/03\/WRAP_Logo_Update_Color_RGB.png","width":3601,"height":3451,"caption":"Worldwide Responsible Accredited Production"},"image":{"@id":"https:\/\/wrapcompliance.org\/en\/#\/schema\/logo\/image\/"},"sameAs":["https:\/\/www.facebook.com\/WRAPcompliance\/","https:\/\/x.com\/wrapcompliance","https:\/\/www.linkedin.com\/company\/wrapcompliance"]}]}},"_links":{"self":[{"href":"https:\/\/wrapcompliance.org\/vi\/wp-json\/wp\/v2\/pages\/24725","targetHints":{"allow":["GET"]}}],"collection":[{"href":"https:\/\/wrapcompliance.org\/vi\/wp-json\/wp\/v2\/pages"}],"about":[{"href":"https:\/\/wrapcompliance.org\/vi\/wp-json\/wp\/v2\/types\/page"}],"author":[{"embeddable":true,"href":"https:\/\/wrapcompliance.org\/vi\/wp-json\/wp\/v2\/users\/31"}],"replies":[{"embeddable":true,"href":"https:\/\/wrapcompliance.org\/vi\/wp-json\/wp\/v2\/comments?post=24725"}],"version-history":[{"count":1,"href":"https:\/\/wrapcompliance.org\/vi\/wp-json\/wp\/v2\/pages\/24725\/revisions"}],"predecessor-version":[{"id":2344968,"href":"https:\/\/wrapcompliance.org\/vi\/wp-json\/wp\/v2\/pages\/24725\/revisions\/2344968"}],"up":[{"embeddable":true,"href":"https:\/\/wrapcompliance.org\/vi\/wp-json\/wp\/v2\/pages\/24387"}],"wp:attachment":[{"href":"https:\/\/wrapcompliance.org\/vi\/wp-json\/wp\/v2\/media?parent=24725"}],"curies":[{"name":"wp","href":"https:\/\/api.w.org\/{rel}","templated":true}]}}