{"id":24799,"date":"2022-08-24T16:07:08","date_gmt":"2022-08-24T20:07:08","guid":{"rendered":"https:\/\/wrapcompliance.org\/?page_id=24799"},"modified":"2025-07-31T12:07:29","modified_gmt":"2025-07-31T16:07:29","slug":"usfia","status":"publish","type":"page","link":"https:\/\/wrapcompliance.org\/vi\/collaboration\/usfia\/","title":{"rendered":""},"content":{"rendered":"<div role=\"banner\" class=\"theme-block wp-block-theme-blocks-page-banner full-width has-background no-image\"><div class=\"wrap\"><div class=\"layout\"><h1 class=\"block-title appear-on-scroll\"><\/h1><div class=\"block-content\">\n<figure  class=\"appear-on-scroll wp-block-image size-full is-resized\" ><img loading=\"lazy\" decoding=\"async\" width=\"985\" height=\"256\" src=\"https:\/\/wrapcompliance.org\/wp-content\/uploads\/2021\/05\/USFIA_horizontal_logo_web.png\" alt=\"United States Fashion Industry Association\" class=\"wp-image-20352\" style=\"width:600px\" srcset=\"https:\/\/wrapcompliance.org\/wp-content\/uploads\/2021\/05\/USFIA_horizontal_logo_web.png 985w, https:\/\/wrapcompliance.org\/wp-content\/uploads\/2021\/05\/USFIA_horizontal_logo_web-600x156.png 600w\" sizes=\"auto, (max-width: 985px) 100vw, 985px\" \/><\/figure>\n<\/div><div class=\"block-background\" style=\"\"><\/div><\/div><\/div><\/div>\n\n<p class=\"appear-on-scroll\">C\u00e1c <a href=\"https:\/\/www.usfashionindustry.com\/\" target=\"_blank\" rel=\"noreferrer noopener\">Hi\u1ec7p h\u1ed9i C\u00f4ng nghi\u1ec7p Th\u1eddi trang Hoa K\u1ef3 (USFIA)<\/a> chuy\u00ean v\u1ec1 th\u1eddi trang \u0111\u01b0\u1ee3c t\u1ea1o n\u00ean b\u1edfi th\u01b0\u01a1ng m\u1ea1i to\u00e0n c\u1ea7u. \u0111\u1ea1i di\u1ec7n cho c\u00e1c th\u01b0\u01a1ng hi\u1ec7u d\u1ec7t may, nh\u00e0 b\u00e1n l\u1ebb, nh\u00e0 nh\u1eadp kh\u1ea9u v\u00e0 nh\u00e0 b\u00e1n bu\u00f4n c\u00f3 tr\u1ee5 s\u1edf t\u1ea1i Hoa K\u1ef3 v\u00e0 ho\u1ea1t \u0111\u1ed9ng kinh doanh tr\u00ean to\u00e0n c\u1ea7u; n\u1ed7 l\u1ef1c x\u00f3a b\u1ecf c\u00e1c r\u00e0o c\u1ea3n thu\u1ebf quan v\u00e0 phi thu\u1ebf quan c\u1ea3n tr\u1edf kh\u1ea3 n\u0103ng th\u01b0\u01a1ng m\u1ea1i t\u1ef1 do c\u1ee7a ng\u00e0nh v\u00e0 t\u1ea1o ra c\u00e1c c\u01a1 h\u1ed9i kinh t\u1ebf t\u1ea1i Hoa K\u1ef3 v\u00e0 n\u01b0\u1edbc ngo\u00e0i v\u1edbi m\u1ee5c ti\u00eau l\u00e0m nh\u1eefng g\u00ec c\u00f3 th\u1ec3 \u0111\u1ec3 bi\u1ebfn th\u1ebf gi\u1edbi th\u00e0nh m\u1ed9t n\u01a1i t\u1ed1t \u0111\u1eb9p h\u01a1n cho kh\u00e1ch h\u00e0ng, \u0111\u1ed3ng nghi\u1ec7p v\u00e0 nh\u00e0 cung c\u1ea5p c\u1ee7a ch\u00fang t\u00f4i.<\/p>\n\n<p class=\"appear-on-scroll\">\u0110\u01b0\u1ee3c th\u00e0nh l\u1eadp v\u00e0o n\u0103m 1989, USFIA ho\u1ea1t \u0111\u1ed9ng nh\u1eb1m x\u00f3a b\u1ecf c\u00e1c r\u00e0o c\u1ea3n thu\u1ebf quan v\u00e0 phi thu\u1ebf quan \u0111ang c\u1ea3n tr\u1edf kh\u1ea3 n\u0103ng giao th\u01b0\u01a1ng t\u1ef1 do v\u00e0 t\u1ea1o vi\u1ec7c l\u00e0m c\u1ee7a ng\u00e0nh th\u1eddi trang t\u1ea1i Hoa K\u1ef3. N\u0103m 2022, <a href=\"https:\/\/www.usfashionindustry.com\/about\/partners\/usfia-corporate-social-responsibility-sponsor\">USFIA \u0111\u1eb7t t\u00ean cho WRAP l\u00e0 Nh\u00e0 t\u00e0i tr\u1ee3 Tr\u00e1ch nhi\u1ec7m X\u00e3 h\u1ed9i Doanh nghi\u1ec7p c\u1ee7a m\u00ecnh<\/a>, t\u00ecm c\u00e1ch m\u1edf r\u1ed9ng h\u1ee3p t\u00e1c v\u00e0 giao ti\u1ebfp trong kh\u00f4ng gian may m\u1eb7c c\u1ee7a Hoa K\u1ef3.<\/p>\n\n<div  class=\"appear-on-scroll wp-block-buttons is-content-justification-left is-layout-flex wp-container-core-buttons-is-layout-fdcfc74e wp-block-buttons-is-layout-flex\" >\n<div class=\"wp-block-button\"><a class=\"wp-block-button__link wp-element-button\" href=\"\/vi\/partners\/usfia\/\"><span class=\"label\">Xem th\u00f4ng tin chi ti\u1ebft, t\u00e0i nguy\u00ean v\u00e0 s\u1ef1 ki\u1ec7n t\u1eeb USFIA Partnership<\/span><\/a><\/div>\n<\/div>","protected":false},"excerpt":{"rendered":"<p>The United States Fashion Industry Association (USFIA) is dedicated to fashion made possible by global trade. represents textile and apparel brands, retailers, importers, and wholesalers based in the United States and doing business globally; working to eliminate tariff and non-tariff barriers that impede the industry\u2019s ability to trade freely and create economic opportunities in the [&hellip;]<\/p>\n","protected":false},"author":3,"featured_media":0,"parent":24702,"menu_order":4,"comment_status":"closed","ping_status":"closed","template":"","meta":{"_acf_changed":false,"featured_image_background_position":"","footnotes":""},"class_list":["post-24799","page","type-page","status-publish","hentry"],"acf":[],"yoast_head":"<!-- This site is optimized with the Yoast SEO plugin v27.2 - https:\/\/yoast.com\/product\/yoast-seo-wordpress\/ -->\n<title>- WRAP Compliance<\/title>\n<meta name=\"robots\" content=\"index, follow, max-snippet:-1, max-image-preview:large, max-video-preview:-1\" \/>\n<link rel=\"canonical\" href=\"https:\/\/wrapcompliance.org\/vi\/collaboration\/usfia\/\" \/>\n<meta property=\"og:locale\" content=\"vi_VN\" \/>\n<meta property=\"og:type\" content=\"article\" \/>\n<meta property=\"og:title\" content=\"- WRAP Compliance\" \/>\n<meta property=\"og:description\" content=\"The United States Fashion Industry Association (USFIA) is dedicated to fashion made possible by global trade. represents textile and apparel brands, retailers, importers, and wholesalers based in the United States and doing business globally; working to eliminate tariff and non-tariff barriers that impede the industry\u2019s ability to trade freely and create economic opportunities in the [&hellip;]\" \/>\n<meta property=\"og:url\" content=\"https:\/\/wrapcompliance.org\/vi\/collaboration\/usfia\/\" \/>\n<meta property=\"og:site_name\" content=\"WRAP Compliance\" \/>\n<meta property=\"article:publisher\" content=\"https:\/\/www.facebook.com\/WRAPcompliance\/\" \/>\n<meta property=\"article:modified_time\" content=\"2025-07-31T16:07:29+00:00\" \/>\n<meta property=\"og:image\" content=\"https:\/\/wrapcompliance.org\/wp-content\/uploads\/2021\/05\/USFIA_horizontal_logo_web.png\" \/>\n\t<meta property=\"og:image:width\" content=\"985\" \/>\n\t<meta property=\"og:image:height\" content=\"256\" \/>\n\t<meta property=\"og:image:type\" content=\"image\/png\" \/>\n<meta name=\"twitter:card\" content=\"summary_large_image\" \/>\n<meta name=\"twitter:site\" content=\"@wrapcompliance\" \/>\n<meta name=\"twitter:label1\" content=\"\u01af\u1edbc t\u00ednh th\u1eddi gian \u0111\u1ecdc\" \/>\n\t<meta name=\"twitter:data1\" content=\"1 ph\u00fat\" \/>\n<script type=\"application\/ld+json\" class=\"yoast-schema-graph\">{\"@context\":\"https:\/\/schema.org\",\"@graph\":[{\"@type\":\"WebPage\",\"@id\":\"https:\/\/wrapcompliance.org\/collaboration\/usfia\/\",\"url\":\"https:\/\/wrapcompliance.org\/collaboration\/usfia\/\",\"name\":\"- WRAP Compliance\",\"isPartOf\":{\"@id\":\"https:\/\/wrapcompliance.org\/en\/#website\"},\"primaryImageOfPage\":{\"@id\":\"https:\/\/wrapcompliance.org\/collaboration\/usfia\/#primaryimage\"},\"image\":{\"@id\":\"https:\/\/wrapcompliance.org\/collaboration\/usfia\/#primaryimage\"},\"thumbnailUrl\":\"https:\/\/wrapcompliance.org\/wp-content\/uploads\/2021\/05\/USFIA_horizontal_logo_web.png\",\"datePublished\":\"2022-08-24T20:07:08+00:00\",\"dateModified\":\"2025-07-31T16:07:29+00:00\",\"breadcrumb\":{\"@id\":\"https:\/\/wrapcompliance.org\/collaboration\/usfia\/#breadcrumb\"},\"inLanguage\":\"vi\",\"potentialAction\":[{\"@type\":\"ReadAction\",\"target\":[\"https:\/\/wrapcompliance.org\/collaboration\/usfia\/\"]}]},{\"@type\":\"ImageObject\",\"inLanguage\":\"vi\",\"@id\":\"https:\/\/wrapcompliance.org\/collaboration\/usfia\/#primaryimage\",\"url\":\"https:\/\/wrapcompliance.org\/wp-content\/uploads\/2021\/05\/USFIA_horizontal_logo_web.png\",\"contentUrl\":\"https:\/\/wrapcompliance.org\/wp-content\/uploads\/2021\/05\/USFIA_horizontal_logo_web.png\"},{\"@type\":\"BreadcrumbList\",\"@id\":\"https:\/\/wrapcompliance.org\/collaboration\/usfia\/#breadcrumb\",\"itemListElement\":[{\"@type\":\"ListItem\",\"position\":1,\"name\":\"Home\",\"item\":\"https:\/\/wrapcompliance.org\/\"},{\"@type\":\"ListItem\",\"position\":2,\"name\":\"Collaboration\",\"item\":\"https:\/\/wrapcompliance.org\/en\/collaboration\/\"}]},{\"@type\":\"WebSite\",\"@id\":\"https:\/\/wrapcompliance.org\/en\/#website\",\"url\":\"https:\/\/wrapcompliance.org\/en\/\",\"name\":\"WRAP Compliance\",\"description\":\"Ensuring production facilities operate in a safe, responsible, and ethical way. Through our 12 Principles, we promote lawful, humane manufacturing in facilities throughout the world via our Certification and Training programs.\",\"publisher\":{\"@id\":\"https:\/\/wrapcompliance.org\/en\/#organization\"},\"potentialAction\":[{\"@type\":\"SearchAction\",\"target\":{\"@type\":\"EntryPoint\",\"urlTemplate\":\"https:\/\/wrapcompliance.org\/en\/?s={search_term_string}\"},\"query-input\":{\"@type\":\"PropertyValueSpecification\",\"valueRequired\":true,\"valueName\":\"search_term_string\"}}],\"inLanguage\":\"vi\"},{\"@type\":\"Organization\",\"@id\":\"https:\/\/wrapcompliance.org\/en\/#organization\",\"name\":\"Worldwide Responsible Accredited Production\",\"alternateName\":\"WRAP Compliance\",\"url\":\"https:\/\/wrapcompliance.org\/en\/\",\"logo\":{\"@type\":\"ImageObject\",\"inLanguage\":\"vi\",\"@id\":\"https:\/\/wrapcompliance.org\/en\/#\/schema\/logo\/image\/\",\"url\":\"https:\/\/wrapcompliance.org\/wp-content\/uploads\/2022\/03\/WRAP_Logo_Update_Color_RGB.png\",\"contentUrl\":\"https:\/\/wrapcompliance.org\/wp-content\/uploads\/2022\/03\/WRAP_Logo_Update_Color_RGB.png\",\"width\":3601,\"height\":3451,\"caption\":\"Worldwide Responsible Accredited Production\"},\"image\":{\"@id\":\"https:\/\/wrapcompliance.org\/en\/#\/schema\/logo\/image\/\"},\"sameAs\":[\"https:\/\/www.facebook.com\/WRAPcompliance\/\",\"https:\/\/x.com\/wrapcompliance\",\"https:\/\/www.linkedin.com\/company\/wrapcompliance\"]}]}<\/script>\n<!-- \/ Yoast SEO plugin. -->","yoast_head_json":{"title":"- Tu\u00e2n th\u1ee7 WRAP","robots":{"index":"index","follow":"follow","max-snippet":"max-snippet:-1","max-image-preview":"max-image-preview:large","max-video-preview":"max-video-preview:-1"},"canonical":"https:\/\/wrapcompliance.org\/vi\/collaboration\/usfia\/","og_locale":"vi_VN","og_type":"article","og_title":"- WRAP Compliance","og_description":"The United States Fashion Industry Association (USFIA) is dedicated to fashion made possible by global trade. represents textile and apparel brands, retailers, importers, and wholesalers based in the United States and doing business globally; working to eliminate tariff and non-tariff barriers that impede the industry\u2019s ability to trade freely and create economic opportunities in the [&hellip;]","og_url":"https:\/\/wrapcompliance.org\/vi\/collaboration\/usfia\/","og_site_name":"WRAP Compliance","article_publisher":"https:\/\/www.facebook.com\/WRAPcompliance\/","article_modified_time":"2025-07-31T16:07:29+00:00","og_image":[{"width":985,"height":256,"url":"https:\/\/wrapcompliance.org\/wp-content\/uploads\/2021\/05\/USFIA_horizontal_logo_web.png","type":"image\/png"}],"twitter_card":"summary_large_image","twitter_site":"@wrapcompliance","twitter_misc":{"\u01af\u1edbc t\u00ednh th\u1eddi gian \u0111\u1ecdc":"1 ph\u00fat"},"schema":{"@context":"https:\/\/schema.org","@graph":[{"@type":"WebPage","@id":"https:\/\/wrapcompliance.org\/collaboration\/usfia\/","url":"https:\/\/wrapcompliance.org\/collaboration\/usfia\/","name":"- Tu\u00e2n th\u1ee7 WRAP","isPartOf":{"@id":"https:\/\/wrapcompliance.org\/en\/#website"},"primaryImageOfPage":{"@id":"https:\/\/wrapcompliance.org\/collaboration\/usfia\/#primaryimage"},"image":{"@id":"https:\/\/wrapcompliance.org\/collaboration\/usfia\/#primaryimage"},"thumbnailUrl":"https:\/\/wrapcompliance.org\/wp-content\/uploads\/2021\/05\/USFIA_horizontal_logo_web.png","datePublished":"2022-08-24T20:07:08+00:00","dateModified":"2025-07-31T16:07:29+00:00","breadcrumb":{"@id":"https:\/\/wrapcompliance.org\/collaboration\/usfia\/#breadcrumb"},"inLanguage":"vi","potentialAction":[{"@type":"ReadAction","target":["https:\/\/wrapcompliance.org\/collaboration\/usfia\/"]}]},{"@type":"ImageObject","inLanguage":"vi","@id":"https:\/\/wrapcompliance.org\/collaboration\/usfia\/#primaryimage","url":"https:\/\/wrapcompliance.org\/wp-content\/uploads\/2021\/05\/USFIA_horizontal_logo_web.png","contentUrl":"https:\/\/wrapcompliance.org\/wp-content\/uploads\/2021\/05\/USFIA_horizontal_logo_web.png"},{"@type":"BreadcrumbList","@id":"https:\/\/wrapcompliance.org\/collaboration\/usfia\/#breadcrumb","itemListElement":[{"@type":"ListItem","position":1,"name":"Home","item":"https:\/\/wrapcompliance.org\/"},{"@type":"ListItem","position":2,"name":"Collaboration","item":"https:\/\/wrapcompliance.org\/en\/collaboration\/"}]},{"@type":"WebSite","@id":"https:\/\/wrapcompliance.org\/en\/#website","url":"https:\/\/wrapcompliance.org\/en\/","name":"Tu\u00e2n th\u1ee7 WRAP","description":"\u0110\u1ea3m b\u1ea3o c\u00e1c c\u01a1 s\u1edf s\u1ea3n xu\u1ea5t ho\u1ea1t \u0111\u1ed9ng m\u1ed9t c\u00e1ch an to\u00e0n, c\u00f3 tr\u00e1ch nhi\u1ec7m v\u00e0 \u0111\u1ea1o \u0111\u1ee9c. Th\u00f4ng qua 12 Nguy\u00ean t\u1eafc c\u1ee7a m\u00ecnh, ch\u00fang t\u00f4i th\u00fac \u0111\u1ea9y ho\u1ea1t \u0111\u1ed9ng s\u1ea3n xu\u1ea5t h\u1ee3p ph\u00e1p, nh\u00e2n \u0111\u1ea1o t\u1ea1i c\u00e1c c\u01a1 s\u1edf tr\u00ean to\u00e0n th\u1ebf gi\u1edbi th\u00f4ng qua c\u00e1c ch\u01b0\u01a1ng tr\u00ecnh Ch\u1ee9ng nh\u1eadn v\u00e0 \u0110\u00e0o t\u1ea1o c\u1ee7a m\u00ecnh.","publisher":{"@id":"https:\/\/wrapcompliance.org\/en\/#organization"},"potentialAction":[{"@type":"SearchAction","target":{"@type":"EntryPoint","urlTemplate":"https:\/\/wrapcompliance.org\/en\/?s={search_term_string}"},"query-input":{"@type":"PropertyValueSpecification","valueRequired":true,"valueName":"search_term_string"}}],"inLanguage":"vi"},{"@type":"Organization","@id":"https:\/\/wrapcompliance.org\/en\/#organization","name":"S\u1ea3n xu\u1ea5t \u0111\u01b0\u1ee3c c\u00f4ng nh\u1eadn c\u00f3 tr\u00e1ch nhi\u1ec7m tr\u00ean to\u00e0n th\u1ebf gi\u1edbi","alternateName":"WRAP Compliance","url":"https:\/\/wrapcompliance.org\/en\/","logo":{"@type":"ImageObject","inLanguage":"vi","@id":"https:\/\/wrapcompliance.org\/en\/#\/schema\/logo\/image\/","url":"https:\/\/wrapcompliance.org\/wp-content\/uploads\/2022\/03\/WRAP_Logo_Update_Color_RGB.png","contentUrl":"https:\/\/wrapcompliance.org\/wp-content\/uploads\/2022\/03\/WRAP_Logo_Update_Color_RGB.png","width":3601,"height":3451,"caption":"Worldwide Responsible Accredited Production"},"image":{"@id":"https:\/\/wrapcompliance.org\/en\/#\/schema\/logo\/image\/"},"sameAs":["https:\/\/www.facebook.com\/WRAPcompliance\/","https:\/\/x.com\/wrapcompliance","https:\/\/www.linkedin.com\/company\/wrapcompliance"]}]}},"_links":{"self":[{"href":"https:\/\/wrapcompliance.org\/vi\/wp-json\/wp\/v2\/pages\/24799","targetHints":{"allow":["GET"]}}],"collection":[{"href":"https:\/\/wrapcompliance.org\/vi\/wp-json\/wp\/v2\/pages"}],"about":[{"href":"https:\/\/wrapcompliance.org\/vi\/wp-json\/wp\/v2\/types\/page"}],"author":[{"embeddable":true,"href":"https:\/\/wrapcompliance.org\/vi\/wp-json\/wp\/v2\/users\/3"}],"replies":[{"embeddable":true,"href":"https:\/\/wrapcompliance.org\/vi\/wp-json\/wp\/v2\/comments?post=24799"}],"version-history":[{"count":0,"href":"https:\/\/wrapcompliance.org\/vi\/wp-json\/wp\/v2\/pages\/24799\/revisions"}],"up":[{"embeddable":true,"href":"https:\/\/wrapcompliance.org\/vi\/wp-json\/wp\/v2\/pages\/24702"}],"wp:attachment":[{"href":"https:\/\/wrapcompliance.org\/vi\/wp-json\/wp\/v2\/media?parent=24799"}],"curies":[{"name":"wp","href":"https:\/\/api.w.org\/{rel}","templated":true}]}}