{"id":25322,"date":"2022-08-25T13:52:06","date_gmt":"2022-08-25T17:52:06","guid":{"rendered":"https:\/\/wrapcompliance.org\/?page_id=25322"},"modified":"2025-04-25T16:08:25","modified_gmt":"2025-04-25T20:08:25","slug":"two-day-bridge-training","status":"publish","type":"page","link":"https:\/\/wrapcompliance.org\/vi\/training\/two-day-bridge-training\/","title":{"rendered":"\u0110\u00e0o t\u1ea1o kh\u00f3a h\u1ecdc Bridge"},"content":{"rendered":"<div role=\"banner\" class=\"theme-block wp-block-theme-blocks-page-banner full-width has-background no-image\"><div class=\"wrap\"><div class=\"layout\"><h1 class=\"block-title appear-on-scroll\">\u0110\u00e0o t\u1ea1o kh\u00f3a h\u1ecdc Bridge<\/h1><div class=\"block-content\">\n<p  class=\"appear-on-scroll is-style-intro has-max-width-800\" ><\/p>\n<\/div><div class=\"block-background\" style=\"\"><\/div><\/div><\/div><\/div>\n\n<p class=\"appear-on-scroll\">Kh\u00f3a \u0111\u00e0o t\u1ea1o hai ng\u00e0y n\u00e0y gi\u00fap thu h\u1eb9p kho\u1ea3ng c\u00e1ch gi\u1eefa vi\u1ec7c tr\u1edf th\u00e0nh Ki\u1ec3m to\u00e1n vi\u00ean Ch\u00ednh (CSCA) c\u1ee7a APSCA v\u00e0 Ki\u1ec3m to\u00e1n vi\u00ean Ch\u00ednh \u0111\u01b0\u1ee3c ch\u1ee9ng nh\u1eadn WRAP. Kh\u00f3a h\u1ecdc gi\u1edbi thi\u1ec7u ch\u01b0\u01a1ng tr\u00ecnh c\u1ee7a ch\u00fang t\u00f4i, bao g\u1ed3m t\u1ed5ng quan v\u1ec1 quy tr\u00ecnh ki\u1ec3m to\u00e1n v\u00e0 c\u00e1c t\u00e0i li\u1ec7u li\u00ean quan. Kh\u00f3a h\u1ecdc c\u0169ng ph\u00e2n t\u00edch 12 Nguy\u00ean t\u1eafc c\u1ee7a WRAP li\u00ean quan \u0111\u1ebfn c\u00e1c y\u00eau c\u1ea7u ki\u1ec3m to\u00e1n ri\u00eang bi\u1ec7t.&nbsp;<\/p>\n\n<p class=\"appear-on-scroll\">Nh\u1eefng ng\u01b0\u1eddi tham gia ho\u00e0n th\u00e0nh kh\u00f3a h\u1ecdc n\u00e0y (bao g\u1ed3m c\u1ea3 k\u1ef3 thi) s\u1ebd \u0111\u01b0\u1ee3c c\u1ea5p ch\u1ee9ng ch\u1ec9 WRAP, c\u00f3 gi\u00e1 tr\u1ecb trong hai n\u0103m v\u00e0 \u0111\u1ee7 \u0111i\u1ec1u ki\u1ec7n \u0111\u1ec3 th\u1ef1c hi\u1ec7n ki\u1ec3m to\u00e1n WRAP trong th\u1eddi gian \u0111\u00f3. \u0110\u1ec3 duy tr\u00ec ch\u1ee9ng ch\u1ec9 n\u00e0y, c\u00e1c ki\u1ec3m to\u00e1n vi\u00ean ph\u1ea3i tham gia kh\u00f3a \u0110\u00e0o t\u1ea1o B\u1ed3i d\u01b0\u1ee1ng c\u1ee7a ch\u00fang t\u00f4i hai n\u0103m m\u1ed9t l\u1ea7n.<\/p>\n\n<p class=\"appear-on-scroll\">APSCA y\u00eau c\u1ea7u c\u00e1c ki\u1ec3m to\u00e1n vi\u00ean th\u00e0nh vi\u00ean c\u1ee7a m\u00ecnh ph\u1ea3i ho\u00e0n th\u00e0nh 48 gi\u1edd&nbsp;<a href=\"https:\/\/www.theapsca.org\/continuous-professional-development\/\">ph\u00e1t tri\u1ec3n chuy\u00ean m\u00f4n li\u00ean t\u1ee5c (CPD)<\/a>&nbsp;Kh\u00f3a \u0111\u00e0o t\u1ea1o n\u00e0y \u0111\u01b0\u1ee3c t\u1ed5 ch\u1ee9c h\u00e0ng n\u0103m v\u00e0 \u0111\u01b0\u1ee3c c\u00f4ng nh\u1eadn b\u1edfi ch\u01b0\u01a1ng tr\u00ecnh CPD c\u1ee7a hi\u1ec7p h\u1ed9i. Ho\u00e0n th\u00e0nh kh\u00f3a h\u1ecdc n\u00e0y s\u1ebd \u0111\u00e1p \u1ee9ng 16 gi\u1edd theo y\u00eau c\u1ea7u CPD t\u1ed1i thi\u1ec3u c\u1ee7a APSCA.<\/p>\n\n<h2  class=\"appear-on-scroll wp-block-heading\" ><span class=\"text\">S\u1ef1 ti\u1ebfp ki\u1ebfn<\/span><\/h2>\n\n<p class=\"appear-on-scroll\">Ki\u1ec3m to\u00e1n vi\u00ean \u0111\u01b0\u1ee3c tuy\u1ec3n d\u1ee5ng b\u1edfi c\u00e1c c\u00f4ng ty gi\u00e1m s\u00e1t \u0111\u01b0\u1ee3c WRAP c\u00f4ng nh\u1eadn.<\/p>\n\n<h2  class=\"appear-on-scroll wp-block-heading\" ><span class=\"text\">Y\u00eau c\u1ea7u nh\u1eadp h\u1ecdc<\/span><\/h2>\n\n<p class=\"appear-on-scroll\">APSCA CSCA.<\/p>\n\n<h2  class=\"appear-on-scroll wp-block-heading is-before-paragraph\" ><span class=\"text\">ch\u1ee7 \u0111\u1ec1 bao g\u1ed3m<\/span><\/h2>\n\n<ul  class=\"appear-on-scroll wp-block-list\" >\n<li>12 nguy\u00ean t\u1eafc v\u00e0 y\u00eau c\u1ea7u c\u1ee7a WRAP<\/li>\n\n\n\n<li>L\u1eadp k\u1ebf ho\u1ea1ch ki\u1ec3m to\u00e1n v\u00e0 kh\u1edfi x\u01b0\u1edbng ch\u01b0\u01a1ng tr\u00ecnh&nbsp;<\/li>\n\n\n\n<li>L\u00e0m th\u1ebf n\u00e0o \u0111\u1ec3 ti\u1ebfn h\u00e0nh ki\u1ec3m to\u00e1n tu\u00e2n th\u1ee7 x\u00e3 h\u1ed9i m\u1ed9t c\u00e1ch c\u00f3 \u0111\u1ea1o \u0111\u1ee9c v\u00e0 hi\u1ec7u qu\u1ea3<\/li>\n\n\n\n<li>T\u1ea7m quan tr\u1ecdng c\u1ee7a h\u1ec7 th\u1ed1ng qu\u1ea3n l\u00fd&nbsp;<\/li>\n\n\n\n<li>Ki\u1ec3m so\u00e1t gi\u1edd l\u00e0m vi\u1ec7c qu\u00e1 m\u1ee9c v\u00e0 k\u1ebf ho\u1ea1ch h\u00e0nh \u0111\u1ed9ng<\/li>\n\n\n\n<li>Ch\u00ednh s\u00e1ch v\u1ec1 s\u1ee9c kh\u1ecfe v\u00e0 an to\u00e0n&nbsp;<\/li>\n\n\n\n<li>Qu\u1ea3n l\u00fd r\u1ee7i ro<\/li>\n\n\n\n<li>Th\u1ef1c h\u00e0nh t\u1ed1t nh\u1ea5t v\u1ec1 m\u00f4i tr\u01b0\u1eddng<\/li>\n\n\n\n<li>X\u00e1c minh c\u01a1 s\u1edf h\u1ea1 t\u1ea7ng b\u1ea3o m\u1eadt (v\u1edbi CTPAT l\u00e0m m\u00f4 h\u00ecnh)<\/li>\n\n\n\n<li>B\u00e1o c\u00e1o ph\u00e1t hi\u1ec7n ki\u1ec3m to\u00e1n v\u00e0 th\u1ef1c hi\u1ec7n k\u1ebf ho\u1ea1ch h\u00e0nh \u0111\u1ed9ng kh\u1eafc ph\u1ee5c<\/li>\n\n\n\n<li>K\u1ebft lu\u1eadn v\u00e0 khuy\u1ebfn ngh\u1ecb ki\u1ec3m to\u00e1n<\/li>\n\n\n\n<li>B\u1ea3o m\u1eadt v\u00e0 l\u01b0u tr\u1eef t\u00e0i li\u1ec7u&nbsp;<\/li>\n\n\n\n<li>M\u1eb9o \u0111\u1ec3 nh\u1eadn bi\u1ebft t\u00e0i li\u1ec7u gi\u1ea3<\/li>\n\n\n\n<li>Th\u1ef1c h\u00e0nh t\u1ed1t nh\u1ea5t \u0111\u1ec3 m\u1edf v\u00e0 k\u1ebft th\u00fac cu\u1ed9c h\u1ecdp<\/li>\n\n\n\n<li>V\u00ed d\u1ee5 nghi\u00ean c\u1ee9u \u0111i\u1ec3n h\u00ecnh<\/li>\n<\/ul>","protected":false},"excerpt":{"rendered":"<p>This two-day training course bridges the divide between being an APSCA CSCA and a WRAP-accredited Lead Auditor. It introduces our program, including an overview of the audit process and relevant documentation. It also breaks down WRAP\u2019s 12 Principles as they relate to distinct audit requirements.&nbsp; Participants who successfully complete this course (including an examination) will [&hellip;]<\/p>\n","protected":false},"author":3,"featured_media":0,"parent":24464,"menu_order":8,"comment_status":"closed","ping_status":"closed","template":"","meta":{"_acf_changed":false,"featured_image_background_position":"","footnotes":""},"class_list":["post-25322","page","type-page","status-publish","hentry"],"acf":[],"yoast_head":"<!-- This site is optimized with the Yoast SEO plugin v27.4 - https:\/\/yoast.com\/product\/yoast-seo-wordpress\/ -->\n<title>Bridge Course Training - WRAP Compliance<\/title>\n<meta name=\"robots\" content=\"index, follow, max-snippet:-1, max-image-preview:large, max-video-preview:-1\" \/>\n<link rel=\"canonical\" href=\"https:\/\/wrapcompliance.org\/vi\/training\/two-day-bridge-training\/\" \/>\n<meta property=\"og:locale\" content=\"vi_VN\" \/>\n<meta property=\"og:type\" content=\"article\" \/>\n<meta property=\"og:title\" content=\"Bridge Course Training - WRAP Compliance\" \/>\n<meta property=\"og:description\" content=\"This two-day training course bridges the divide between being an APSCA CSCA and a WRAP-accredited Lead Auditor. It introduces our program, including an overview of the audit process and relevant documentation. It also breaks down WRAP\u2019s 12 Principles as they relate to distinct audit requirements.&nbsp; Participants who successfully complete this course (including an examination) will [&hellip;]\" \/>\n<meta property=\"og:url\" content=\"https:\/\/wrapcompliance.org\/vi\/training\/two-day-bridge-training\/\" \/>\n<meta property=\"og:site_name\" content=\"WRAP Compliance\" \/>\n<meta property=\"article:publisher\" content=\"https:\/\/www.facebook.com\/WRAPcompliance\/\" \/>\n<meta property=\"article:modified_time\" content=\"2025-04-25T20:08:25+00:00\" \/>\n<meta property=\"og:image\" content=\"https:\/\/wrapcompliance.org\/wp-content\/uploads\/2022\/10\/social-default-1200.jpg\" \/>\n\t<meta property=\"og:image:width\" content=\"1200\" \/>\n\t<meta property=\"og:image:height\" content=\"630\" \/>\n\t<meta property=\"og:image:type\" content=\"image\/jpeg\" \/>\n<meta name=\"twitter:card\" content=\"summary_large_image\" \/>\n<meta name=\"twitter:site\" content=\"@wrapcompliance\" \/>\n<meta name=\"twitter:label1\" content=\"\u01af\u1edbc t\u00ednh th\u1eddi gian \u0111\u1ecdc\" \/>\n\t<meta name=\"twitter:data1\" content=\"1 ph\u00fat\" \/>\n<script type=\"application\/ld+json\" class=\"yoast-schema-graph\">{\"@context\":\"https:\\\/\\\/schema.org\",\"@graph\":[{\"@type\":\"WebPage\",\"@id\":\"https:\\\/\\\/wrapcompliance.org\\\/training\\\/two-day-bridge-training\\\/\",\"url\":\"https:\\\/\\\/wrapcompliance.org\\\/training\\\/two-day-bridge-training\\\/\",\"name\":\"Bridge Course Training - WRAP Compliance\",\"isPartOf\":{\"@id\":\"https:\\\/\\\/wrapcompliance.org\\\/en\\\/#website\"},\"datePublished\":\"2022-08-25T17:52:06+00:00\",\"dateModified\":\"2025-04-25T20:08:25+00:00\",\"breadcrumb\":{\"@id\":\"https:\\\/\\\/wrapcompliance.org\\\/training\\\/two-day-bridge-training\\\/#breadcrumb\"},\"inLanguage\":\"vi\",\"potentialAction\":[{\"@type\":\"ReadAction\",\"target\":[\"https:\\\/\\\/wrapcompliance.org\\\/training\\\/two-day-bridge-training\\\/\"]}]},{\"@type\":\"BreadcrumbList\",\"@id\":\"https:\\\/\\\/wrapcompliance.org\\\/training\\\/two-day-bridge-training\\\/#breadcrumb\",\"itemListElement\":[{\"@type\":\"ListItem\",\"position\":1,\"name\":\"Home\",\"item\":\"https:\\\/\\\/wrapcompliance.org\\\/\"},{\"@type\":\"ListItem\",\"position\":2,\"name\":\"Training Overview\",\"item\":\"https:\\\/\\\/wrapcompliance.org\\\/training\\\/\"},{\"@type\":\"ListItem\",\"position\":3,\"name\":\"Bridge Course Training\"}]},{\"@type\":\"WebSite\",\"@id\":\"https:\\\/\\\/wrapcompliance.org\\\/en\\\/#website\",\"url\":\"https:\\\/\\\/wrapcompliance.org\\\/en\\\/\",\"name\":\"WRAP Compliance\",\"description\":\"Ensuring production facilities operate in a safe, responsible, and ethical way. Through our 12 Principles, we promote lawful, humane manufacturing in facilities throughout the world via our Certification and Training programs.\",\"publisher\":{\"@id\":\"https:\\\/\\\/wrapcompliance.org\\\/en\\\/#organization\"},\"potentialAction\":[{\"@type\":\"SearchAction\",\"target\":{\"@type\":\"EntryPoint\",\"urlTemplate\":\"https:\\\/\\\/wrapcompliance.org\\\/en\\\/?s={search_term_string}\"},\"query-input\":{\"@type\":\"PropertyValueSpecification\",\"valueRequired\":true,\"valueName\":\"search_term_string\"}}],\"inLanguage\":\"vi\"},{\"@type\":\"Organization\",\"@id\":\"https:\\\/\\\/wrapcompliance.org\\\/en\\\/#organization\",\"name\":\"Worldwide Responsible Accredited Production\",\"alternateName\":\"WRAP Compliance\",\"url\":\"https:\\\/\\\/wrapcompliance.org\\\/en\\\/\",\"logo\":{\"@type\":\"ImageObject\",\"inLanguage\":\"vi\",\"@id\":\"https:\\\/\\\/wrapcompliance.org\\\/en\\\/#\\\/schema\\\/logo\\\/image\\\/\",\"url\":\"https:\\\/\\\/wrapcompliance.org\\\/wp-content\\\/uploads\\\/2022\\\/03\\\/WRAP_Logo_Update_Color_RGB.png\",\"contentUrl\":\"https:\\\/\\\/wrapcompliance.org\\\/wp-content\\\/uploads\\\/2022\\\/03\\\/WRAP_Logo_Update_Color_RGB.png\",\"width\":3601,\"height\":3451,\"caption\":\"Worldwide Responsible Accredited Production\"},\"image\":{\"@id\":\"https:\\\/\\\/wrapcompliance.org\\\/en\\\/#\\\/schema\\\/logo\\\/image\\\/\"},\"sameAs\":[\"https:\\\/\\\/www.facebook.com\\\/WRAPcompliance\\\/\",\"https:\\\/\\\/x.com\\\/wrapcompliance\",\"https:\\\/\\\/www.linkedin.com\\\/company\\\/wrapcompliance\"]}]}<\/script>\n<!-- \/ Yoast SEO plugin. -->","yoast_head_json":{"title":"\u0110\u00e0o t\u1ea1o kh\u00f3a h\u1ecdc Bridge - Tu\u00e2n th\u1ee7 WRAP","robots":{"index":"index","follow":"follow","max-snippet":"max-snippet:-1","max-image-preview":"max-image-preview:large","max-video-preview":"max-video-preview:-1"},"canonical":"https:\/\/wrapcompliance.org\/vi\/training\/two-day-bridge-training\/","og_locale":"vi_VN","og_type":"article","og_title":"Bridge Course Training - WRAP Compliance","og_description":"This two-day training course bridges the divide between being an APSCA CSCA and a WRAP-accredited Lead Auditor. It introduces our program, including an overview of the audit process and relevant documentation. It also breaks down WRAP\u2019s 12 Principles as they relate to distinct audit requirements.&nbsp; Participants who successfully complete this course (including an examination) will [&hellip;]","og_url":"https:\/\/wrapcompliance.org\/vi\/training\/two-day-bridge-training\/","og_site_name":"WRAP Compliance","article_publisher":"https:\/\/www.facebook.com\/WRAPcompliance\/","article_modified_time":"2025-04-25T20:08:25+00:00","og_image":[{"width":1200,"height":630,"url":"https:\/\/wrapcompliance.org\/wp-content\/uploads\/2022\/10\/social-default-1200.jpg","type":"image\/jpeg"}],"twitter_card":"summary_large_image","twitter_site":"@wrapcompliance","twitter_misc":{"\u01af\u1edbc t\u00ednh th\u1eddi gian \u0111\u1ecdc":"1 ph\u00fat"},"schema":{"@context":"https:\/\/schema.org","@graph":[{"@type":"WebPage","@id":"https:\/\/wrapcompliance.org\/training\/two-day-bridge-training\/","url":"https:\/\/wrapcompliance.org\/training\/two-day-bridge-training\/","name":"\u0110\u00e0o t\u1ea1o kh\u00f3a h\u1ecdc Bridge - Tu\u00e2n th\u1ee7 WRAP","isPartOf":{"@id":"https:\/\/wrapcompliance.org\/en\/#website"},"datePublished":"2022-08-25T17:52:06+00:00","dateModified":"2025-04-25T20:08:25+00:00","breadcrumb":{"@id":"https:\/\/wrapcompliance.org\/training\/two-day-bridge-training\/#breadcrumb"},"inLanguage":"vi","potentialAction":[{"@type":"ReadAction","target":["https:\/\/wrapcompliance.org\/training\/two-day-bridge-training\/"]}]},{"@type":"BreadcrumbList","@id":"https:\/\/wrapcompliance.org\/training\/two-day-bridge-training\/#breadcrumb","itemListElement":[{"@type":"ListItem","position":1,"name":"Home","item":"https:\/\/wrapcompliance.org\/"},{"@type":"ListItem","position":2,"name":"Training Overview","item":"https:\/\/wrapcompliance.org\/training\/"},{"@type":"ListItem","position":3,"name":"Bridge Course Training"}]},{"@type":"WebSite","@id":"https:\/\/wrapcompliance.org\/en\/#website","url":"https:\/\/wrapcompliance.org\/en\/","name":"Tu\u00e2n th\u1ee7 WRAP","description":"\u0110\u1ea3m b\u1ea3o c\u00e1c c\u01a1 s\u1edf s\u1ea3n xu\u1ea5t ho\u1ea1t \u0111\u1ed9ng m\u1ed9t c\u00e1ch an to\u00e0n, c\u00f3 tr\u00e1ch nhi\u1ec7m v\u00e0 \u0111\u1ea1o \u0111\u1ee9c. Th\u00f4ng qua 12 Nguy\u00ean t\u1eafc c\u1ee7a m\u00ecnh, ch\u00fang t\u00f4i th\u00fac \u0111\u1ea9y ho\u1ea1t \u0111\u1ed9ng s\u1ea3n xu\u1ea5t h\u1ee3p ph\u00e1p, nh\u00e2n \u0111\u1ea1o t\u1ea1i c\u00e1c c\u01a1 s\u1edf tr\u00ean to\u00e0n th\u1ebf gi\u1edbi th\u00f4ng qua c\u00e1c ch\u01b0\u01a1ng tr\u00ecnh Ch\u1ee9ng nh\u1eadn v\u00e0 \u0110\u00e0o t\u1ea1o c\u1ee7a m\u00ecnh.","publisher":{"@id":"https:\/\/wrapcompliance.org\/en\/#organization"},"potentialAction":[{"@type":"SearchAction","target":{"@type":"EntryPoint","urlTemplate":"https:\/\/wrapcompliance.org\/en\/?s={search_term_string}"},"query-input":{"@type":"PropertyValueSpecification","valueRequired":true,"valueName":"search_term_string"}}],"inLanguage":"vi"},{"@type":"Organization","@id":"https:\/\/wrapcompliance.org\/en\/#organization","name":"S\u1ea3n xu\u1ea5t \u0111\u01b0\u1ee3c c\u00f4ng nh\u1eadn c\u00f3 tr\u00e1ch nhi\u1ec7m tr\u00ean to\u00e0n th\u1ebf gi\u1edbi","alternateName":"WRAP Compliance","url":"https:\/\/wrapcompliance.org\/en\/","logo":{"@type":"ImageObject","inLanguage":"vi","@id":"https:\/\/wrapcompliance.org\/en\/#\/schema\/logo\/image\/","url":"https:\/\/wrapcompliance.org\/wp-content\/uploads\/2022\/03\/WRAP_Logo_Update_Color_RGB.png","contentUrl":"https:\/\/wrapcompliance.org\/wp-content\/uploads\/2022\/03\/WRAP_Logo_Update_Color_RGB.png","width":3601,"height":3451,"caption":"Worldwide Responsible Accredited Production"},"image":{"@id":"https:\/\/wrapcompliance.org\/en\/#\/schema\/logo\/image\/"},"sameAs":["https:\/\/www.facebook.com\/WRAPcompliance\/","https:\/\/x.com\/wrapcompliance","https:\/\/www.linkedin.com\/company\/wrapcompliance"]}]}},"_links":{"self":[{"href":"https:\/\/wrapcompliance.org\/vi\/wp-json\/wp\/v2\/pages\/25322","targetHints":{"allow":["GET"]}}],"collection":[{"href":"https:\/\/wrapcompliance.org\/vi\/wp-json\/wp\/v2\/pages"}],"about":[{"href":"https:\/\/wrapcompliance.org\/vi\/wp-json\/wp\/v2\/types\/page"}],"author":[{"embeddable":true,"href":"https:\/\/wrapcompliance.org\/vi\/wp-json\/wp\/v2\/users\/3"}],"replies":[{"embeddable":true,"href":"https:\/\/wrapcompliance.org\/vi\/wp-json\/wp\/v2\/comments?post=25322"}],"version-history":[{"count":0,"href":"https:\/\/wrapcompliance.org\/vi\/wp-json\/wp\/v2\/pages\/25322\/revisions"}],"up":[{"embeddable":true,"href":"https:\/\/wrapcompliance.org\/vi\/wp-json\/wp\/v2\/pages\/24464"}],"wp:attachment":[{"href":"https:\/\/wrapcompliance.org\/vi\/wp-json\/wp\/v2\/media?parent=25322"}],"curies":[{"name":"wp","href":"https:\/\/api.w.org\/{rel}","templated":true}]}}