{"id":25325,"date":"2022-08-25T13:52:20","date_gmt":"2022-08-25T17:52:20","guid":{"rendered":"https:\/\/wrapcompliance.org\/?page_id=25325"},"modified":"2025-04-17T11:35:14","modified_gmt":"2025-04-17T15:35:14","slug":"one-day-refresher-training","status":"publish","type":"page","link":"https:\/\/wrapcompliance.org\/vi\/training\/one-day-refresher-training\/","title":{"rendered":"\u0110\u00e0o t\u1ea1o b\u1ed3i d\u01b0\u1ee1ng"},"content":{"rendered":"<div role=\"banner\" class=\"theme-block wp-block-theme-blocks-page-banner full-width has-background no-image\"><div class=\"wrap\"><div class=\"layout\"><h1 class=\"block-title appear-on-scroll\">\u0110\u00e0o t\u1ea1o b\u1ed3i d\u01b0\u1ee1ng<\/h1><div class=\"block-content\">\n<p  class=\"appear-on-scroll is-style-intro has-max-width-800\" ><\/p>\n\n\n<\/div><div class=\"block-background\" style=\"\"><\/div><\/div><\/div><\/div>\n\n<p class=\"appear-on-scroll\">T\u1ea5t c\u1ea3 ki\u1ec3m to\u00e1n vi\u00ean \u0111\u01b0\u1ee3c ch\u1ee9ng nh\u1eadn WRAP \u0111\u1ec1u ph\u1ea3i tham gia kh\u00f3a \u0111\u00e0o t\u1ea1o b\u1ed3i d\u01b0\u1ee1ng hai n\u0103m m\u1ed9t l\u1ea7n. Kh\u00f3a h\u1ecdc n\u1eeda ng\u00e0y n\u00e0y xem x\u00e9t c\u00e1c c\u1eadp nh\u1eadt ch\u01b0\u01a1ng tr\u00ecnh v\u00e0 gi\u1ea3i quy\u1ebft c\u00e1c v\u1ea5n \u0111\u1ec1 tu\u00e2n th\u1ee7 x\u00e3 h\u1ed9i m\u1edbi n\u1ed5i. Kh\u00f3a h\u1ecdc th\u01b0\u1eddng \u0111\u01b0\u1ee3c t\u1ed5 ch\u1ee9c v\u00e0o qu\u00fd \u0111\u1ea7u ti\u00ean c\u1ee7a m\u1ed7i n\u0103m.<\/p>\n\n<p class=\"appear-on-scroll\">APSCA y\u00eau c\u1ea7u c\u00e1c ki\u1ec3m to\u00e1n vi\u00ean th\u00e0nh vi\u00ean c\u1ee7a m\u00ecnh ph\u1ea3i ho\u00e0n th\u00e0nh 48 gi\u1edd <a href=\"https:\/\/www.theapsca.org\/continuous-professional-development\/\">ph\u00e1t tri\u1ec3n chuy\u00ean m\u00f4n li\u00ean t\u1ee5c (CPD)<\/a> Kh\u00f3a \u0111\u00e0o t\u1ea1o n\u00e0y \u0111\u01b0\u1ee3c t\u1ed5 ch\u1ee9c h\u00e0ng n\u0103m v\u00e0 \u0111\u01b0\u1ee3c c\u00f4ng nh\u1eadn b\u1edfi ch\u01b0\u01a1ng tr\u00ecnh CPD c\u1ee7a hi\u1ec7p h\u1ed9i. Ho\u00e0n th\u00e0nh kh\u00f3a h\u1ecdc n\u00e0y s\u1ebd \u0111\u00e1p \u1ee9ng b\u1ed1n (4) gi\u1edd theo y\u00eau c\u1ea7u CPD t\u1ed1i thi\u1ec3u c\u1ee7a APSCA.<\/p>\n\n<h2  class=\"appear-on-scroll wp-block-heading\" ><span class=\"text\">S\u1ef1 ti\u1ebfp ki\u1ebfn <\/span><\/h2>\n\n<p class=\"appear-on-scroll\">Ki\u1ec3m to\u00e1n vi\u00ean \u0111\u01b0\u1ee3c tuy\u1ec3n d\u1ee5ng b\u1edfi c\u00e1c c\u00f4ng ty gi\u00e1m s\u00e1t \u0111\u01b0\u1ee3c WRAP c\u00f4ng nh\u1eadn.<\/p>\n\n<h2  class=\"appear-on-scroll wp-block-heading\" ><span class=\"text\">Y\u00eau c\u1ea7u nh\u1eadp h\u1ecdc<\/span><\/h2>\n\n<p class=\"appear-on-scroll\">APSCA CSCA ho\u1eb7c ASCA.<\/p>\n\n<h2  class=\"appear-on-scroll wp-block-heading is-before-paragraph\" ><span class=\"text\">ch\u1ee7 \u0111\u1ec1 bao g\u1ed3m<\/span><\/h2>\n\n<ul  class=\"appear-on-scroll wp-block-list\" >\n<li>C\u1eadp nh\u1eadt g\u1ea7n \u0111\u00e2y cho ch\u01b0\u01a1ng tr\u00ecnh WRAP&nbsp;<\/li>\n\n\n\n<li>T\u00e0i li\u1ec7u v\u00e0 m\u1eabu \u0111ang ph\u00e1t tri\u1ec3n<\/li>\n\n\n\n<li>B\u1ea3n ghi nh\u1edb<\/li>\n\n\n\n<li>C\u00e1c nghi\u00ean c\u1ee9u \u0111i\u1ec3n h\u00ecnh v\u00e0 b\u00e0i t\u1eadp t\u01b0\u01a1ng t\u00e1c<\/li>\n<\/ul>","protected":false},"excerpt":{"rendered":"<p>All WRAP-accredited auditors must undergo a refresher training every two years. This half-day course reviews program updates and addresses emerging social compliance issues. It is typically conducted in the first quarter of each year. APSCA requires its member auditors to complete 48 hours of continuous professional development (CPD) training each year, and this course is [&hellip;]<\/p>\n","protected":false},"author":3,"featured_media":0,"parent":24464,"menu_order":9,"comment_status":"closed","ping_status":"closed","template":"","meta":{"_acf_changed":false,"featured_image_background_position":"","footnotes":""},"class_list":["post-25325","page","type-page","status-publish","hentry"],"acf":[],"yoast_head":"<!-- This site is optimized with the Yoast SEO plugin v27.3 - https:\/\/yoast.com\/product\/yoast-seo-wordpress\/ -->\n<title>Refresher Training - WRAP Compliance<\/title>\n<meta name=\"robots\" content=\"index, follow, max-snippet:-1, max-image-preview:large, max-video-preview:-1\" \/>\n<link rel=\"canonical\" href=\"https:\/\/wrapcompliance.org\/vi\/training\/one-day-refresher-training\/\" \/>\n<meta property=\"og:locale\" content=\"vi_VN\" \/>\n<meta property=\"og:type\" content=\"article\" \/>\n<meta property=\"og:title\" content=\"Refresher Training - WRAP Compliance\" \/>\n<meta property=\"og:description\" content=\"All WRAP-accredited auditors must undergo a refresher training every two years. This half-day course reviews program updates and addresses emerging social compliance issues. It is typically conducted in the first quarter of each year. APSCA requires its member auditors to complete 48 hours of continuous professional development (CPD) training each year, and this course is [&hellip;]\" \/>\n<meta property=\"og:url\" content=\"https:\/\/wrapcompliance.org\/vi\/training\/one-day-refresher-training\/\" \/>\n<meta property=\"og:site_name\" content=\"WRAP Compliance\" \/>\n<meta property=\"article:publisher\" content=\"https:\/\/www.facebook.com\/WRAPcompliance\/\" \/>\n<meta property=\"article:modified_time\" content=\"2025-04-17T15:35:14+00:00\" \/>\n<meta property=\"og:image\" content=\"https:\/\/wrapcompliance.org\/wp-content\/uploads\/2022\/10\/social-default-1200.jpg\" \/>\n\t<meta property=\"og:image:width\" content=\"1200\" \/>\n\t<meta property=\"og:image:height\" content=\"630\" \/>\n\t<meta property=\"og:image:type\" content=\"image\/jpeg\" \/>\n<meta name=\"twitter:card\" content=\"summary_large_image\" \/>\n<meta name=\"twitter:site\" content=\"@wrapcompliance\" \/>\n<meta name=\"twitter:label1\" content=\"\u01af\u1edbc t\u00ednh th\u1eddi gian \u0111\u1ecdc\" \/>\n\t<meta name=\"twitter:data1\" content=\"1 ph\u00fat\" \/>\n<script type=\"application\/ld+json\" class=\"yoast-schema-graph\">{\"@context\":\"https:\\\/\\\/schema.org\",\"@graph\":[{\"@type\":\"WebPage\",\"@id\":\"https:\\\/\\\/wrapcompliance.org\\\/training\\\/one-day-refresher-training\\\/\",\"url\":\"https:\\\/\\\/wrapcompliance.org\\\/training\\\/one-day-refresher-training\\\/\",\"name\":\"Refresher Training - WRAP Compliance\",\"isPartOf\":{\"@id\":\"https:\\\/\\\/wrapcompliance.org\\\/en\\\/#website\"},\"datePublished\":\"2022-08-25T17:52:20+00:00\",\"dateModified\":\"2025-04-17T15:35:14+00:00\",\"breadcrumb\":{\"@id\":\"https:\\\/\\\/wrapcompliance.org\\\/training\\\/one-day-refresher-training\\\/#breadcrumb\"},\"inLanguage\":\"vi\",\"potentialAction\":[{\"@type\":\"ReadAction\",\"target\":[\"https:\\\/\\\/wrapcompliance.org\\\/training\\\/one-day-refresher-training\\\/\"]}]},{\"@type\":\"BreadcrumbList\",\"@id\":\"https:\\\/\\\/wrapcompliance.org\\\/training\\\/one-day-refresher-training\\\/#breadcrumb\",\"itemListElement\":[{\"@type\":\"ListItem\",\"position\":1,\"name\":\"Home\",\"item\":\"https:\\\/\\\/wrapcompliance.org\\\/\"},{\"@type\":\"ListItem\",\"position\":2,\"name\":\"Training Overview\",\"item\":\"https:\\\/\\\/wrapcompliance.org\\\/training\\\/\"},{\"@type\":\"ListItem\",\"position\":3,\"name\":\"Refresher Training\"}]},{\"@type\":\"WebSite\",\"@id\":\"https:\\\/\\\/wrapcompliance.org\\\/en\\\/#website\",\"url\":\"https:\\\/\\\/wrapcompliance.org\\\/en\\\/\",\"name\":\"WRAP Compliance\",\"description\":\"Ensuring production facilities operate in a safe, responsible, and ethical way. Through our 12 Principles, we promote lawful, humane manufacturing in facilities throughout the world via our Certification and Training programs.\",\"publisher\":{\"@id\":\"https:\\\/\\\/wrapcompliance.org\\\/en\\\/#organization\"},\"potentialAction\":[{\"@type\":\"SearchAction\",\"target\":{\"@type\":\"EntryPoint\",\"urlTemplate\":\"https:\\\/\\\/wrapcompliance.org\\\/en\\\/?s={search_term_string}\"},\"query-input\":{\"@type\":\"PropertyValueSpecification\",\"valueRequired\":true,\"valueName\":\"search_term_string\"}}],\"inLanguage\":\"vi\"},{\"@type\":\"Organization\",\"@id\":\"https:\\\/\\\/wrapcompliance.org\\\/en\\\/#organization\",\"name\":\"Worldwide Responsible Accredited Production\",\"alternateName\":\"WRAP Compliance\",\"url\":\"https:\\\/\\\/wrapcompliance.org\\\/en\\\/\",\"logo\":{\"@type\":\"ImageObject\",\"inLanguage\":\"vi\",\"@id\":\"https:\\\/\\\/wrapcompliance.org\\\/en\\\/#\\\/schema\\\/logo\\\/image\\\/\",\"url\":\"https:\\\/\\\/wrapcompliance.org\\\/wp-content\\\/uploads\\\/2022\\\/03\\\/WRAP_Logo_Update_Color_RGB.png\",\"contentUrl\":\"https:\\\/\\\/wrapcompliance.org\\\/wp-content\\\/uploads\\\/2022\\\/03\\\/WRAP_Logo_Update_Color_RGB.png\",\"width\":3601,\"height\":3451,\"caption\":\"Worldwide Responsible Accredited Production\"},\"image\":{\"@id\":\"https:\\\/\\\/wrapcompliance.org\\\/en\\\/#\\\/schema\\\/logo\\\/image\\\/\"},\"sameAs\":[\"https:\\\/\\\/www.facebook.com\\\/WRAPcompliance\\\/\",\"https:\\\/\\\/x.com\\\/wrapcompliance\",\"https:\\\/\\\/www.linkedin.com\\\/company\\\/wrapcompliance\"]}]}<\/script>\n<!-- \/ Yoast SEO plugin. -->","yoast_head_json":{"title":"\u0110\u00e0o t\u1ea1o b\u1ed5 sung - Tu\u00e2n th\u1ee7 WRAP","robots":{"index":"index","follow":"follow","max-snippet":"max-snippet:-1","max-image-preview":"max-image-preview:large","max-video-preview":"max-video-preview:-1"},"canonical":"https:\/\/wrapcompliance.org\/vi\/training\/one-day-refresher-training\/","og_locale":"vi_VN","og_type":"article","og_title":"Refresher Training - WRAP Compliance","og_description":"All WRAP-accredited auditors must undergo a refresher training every two years. This half-day course reviews program updates and addresses emerging social compliance issues. It is typically conducted in the first quarter of each year. APSCA requires its member auditors to complete 48 hours of continuous professional development (CPD) training each year, and this course is [&hellip;]","og_url":"https:\/\/wrapcompliance.org\/vi\/training\/one-day-refresher-training\/","og_site_name":"WRAP Compliance","article_publisher":"https:\/\/www.facebook.com\/WRAPcompliance\/","article_modified_time":"2025-04-17T15:35:14+00:00","og_image":[{"width":1200,"height":630,"url":"https:\/\/wrapcompliance.org\/wp-content\/uploads\/2022\/10\/social-default-1200.jpg","type":"image\/jpeg"}],"twitter_card":"summary_large_image","twitter_site":"@wrapcompliance","twitter_misc":{"\u01af\u1edbc t\u00ednh th\u1eddi gian \u0111\u1ecdc":"1 ph\u00fat"},"schema":{"@context":"https:\/\/schema.org","@graph":[{"@type":"WebPage","@id":"https:\/\/wrapcompliance.org\/training\/one-day-refresher-training\/","url":"https:\/\/wrapcompliance.org\/training\/one-day-refresher-training\/","name":"\u0110\u00e0o t\u1ea1o b\u1ed5 sung - Tu\u00e2n th\u1ee7 WRAP","isPartOf":{"@id":"https:\/\/wrapcompliance.org\/en\/#website"},"datePublished":"2022-08-25T17:52:20+00:00","dateModified":"2025-04-17T15:35:14+00:00","breadcrumb":{"@id":"https:\/\/wrapcompliance.org\/training\/one-day-refresher-training\/#breadcrumb"},"inLanguage":"vi","potentialAction":[{"@type":"ReadAction","target":["https:\/\/wrapcompliance.org\/training\/one-day-refresher-training\/"]}]},{"@type":"BreadcrumbList","@id":"https:\/\/wrapcompliance.org\/training\/one-day-refresher-training\/#breadcrumb","itemListElement":[{"@type":"ListItem","position":1,"name":"Home","item":"https:\/\/wrapcompliance.org\/"},{"@type":"ListItem","position":2,"name":"Training Overview","item":"https:\/\/wrapcompliance.org\/training\/"},{"@type":"ListItem","position":3,"name":"Refresher Training"}]},{"@type":"WebSite","@id":"https:\/\/wrapcompliance.org\/en\/#website","url":"https:\/\/wrapcompliance.org\/en\/","name":"Tu\u00e2n th\u1ee7 WRAP","description":"\u0110\u1ea3m b\u1ea3o c\u00e1c c\u01a1 s\u1edf s\u1ea3n xu\u1ea5t ho\u1ea1t \u0111\u1ed9ng m\u1ed9t c\u00e1ch an to\u00e0n, c\u00f3 tr\u00e1ch nhi\u1ec7m v\u00e0 \u0111\u1ea1o \u0111\u1ee9c. Th\u00f4ng qua 12 Nguy\u00ean t\u1eafc c\u1ee7a m\u00ecnh, ch\u00fang t\u00f4i th\u00fac \u0111\u1ea9y ho\u1ea1t \u0111\u1ed9ng s\u1ea3n xu\u1ea5t h\u1ee3p ph\u00e1p, nh\u00e2n \u0111\u1ea1o t\u1ea1i c\u00e1c c\u01a1 s\u1edf tr\u00ean to\u00e0n th\u1ebf gi\u1edbi th\u00f4ng qua c\u00e1c ch\u01b0\u01a1ng tr\u00ecnh Ch\u1ee9ng nh\u1eadn v\u00e0 \u0110\u00e0o t\u1ea1o c\u1ee7a m\u00ecnh.","publisher":{"@id":"https:\/\/wrapcompliance.org\/en\/#organization"},"potentialAction":[{"@type":"SearchAction","target":{"@type":"EntryPoint","urlTemplate":"https:\/\/wrapcompliance.org\/en\/?s={search_term_string}"},"query-input":{"@type":"PropertyValueSpecification","valueRequired":true,"valueName":"search_term_string"}}],"inLanguage":"vi"},{"@type":"Organization","@id":"https:\/\/wrapcompliance.org\/en\/#organization","name":"S\u1ea3n xu\u1ea5t \u0111\u01b0\u1ee3c c\u00f4ng nh\u1eadn c\u00f3 tr\u00e1ch nhi\u1ec7m tr\u00ean to\u00e0n th\u1ebf gi\u1edbi","alternateName":"WRAP Compliance","url":"https:\/\/wrapcompliance.org\/en\/","logo":{"@type":"ImageObject","inLanguage":"vi","@id":"https:\/\/wrapcompliance.org\/en\/#\/schema\/logo\/image\/","url":"https:\/\/wrapcompliance.org\/wp-content\/uploads\/2022\/03\/WRAP_Logo_Update_Color_RGB.png","contentUrl":"https:\/\/wrapcompliance.org\/wp-content\/uploads\/2022\/03\/WRAP_Logo_Update_Color_RGB.png","width":3601,"height":3451,"caption":"Worldwide Responsible Accredited Production"},"image":{"@id":"https:\/\/wrapcompliance.org\/en\/#\/schema\/logo\/image\/"},"sameAs":["https:\/\/www.facebook.com\/WRAPcompliance\/","https:\/\/x.com\/wrapcompliance","https:\/\/www.linkedin.com\/company\/wrapcompliance"]}]}},"_links":{"self":[{"href":"https:\/\/wrapcompliance.org\/vi\/wp-json\/wp\/v2\/pages\/25325","targetHints":{"allow":["GET"]}}],"collection":[{"href":"https:\/\/wrapcompliance.org\/vi\/wp-json\/wp\/v2\/pages"}],"about":[{"href":"https:\/\/wrapcompliance.org\/vi\/wp-json\/wp\/v2\/types\/page"}],"author":[{"embeddable":true,"href":"https:\/\/wrapcompliance.org\/vi\/wp-json\/wp\/v2\/users\/3"}],"replies":[{"embeddable":true,"href":"https:\/\/wrapcompliance.org\/vi\/wp-json\/wp\/v2\/comments?post=25325"}],"version-history":[{"count":0,"href":"https:\/\/wrapcompliance.org\/vi\/wp-json\/wp\/v2\/pages\/25325\/revisions"}],"up":[{"embeddable":true,"href":"https:\/\/wrapcompliance.org\/vi\/wp-json\/wp\/v2\/pages\/24464"}],"wp:attachment":[{"href":"https:\/\/wrapcompliance.org\/vi\/wp-json\/wp\/v2\/media?parent=25325"}],"curies":[{"name":"wp","href":"https:\/\/api.w.org\/{rel}","templated":true}]}}