{"id":25463,"date":"2022-08-26T12:07:33","date_gmt":"2022-08-26T16:07:33","guid":{"rendered":"https:\/\/wrapcompliance.org\/?page_id=25463"},"modified":"2026-04-17T13:26:21","modified_gmt":"2026-04-17T17:26:21","slug":"auditors-reviewers","status":"publish","type":"page","link":"https:\/\/wrapcompliance.org\/vi\/training\/auditors-reviewers\/","title":{"rendered":"Ki\u1ec3m to\u00e1n vi\u00ean \/ Ng\u01b0\u1eddi \u0111\u00e1nh gi\u00e1"},"content":{"rendered":"<div role=\"banner\" class=\"theme-block wp-block-theme-blocks-page-banner full-width has-background has-image\"><div class=\"wrap\"><div class=\"layout\"><h1 class=\"block-title appear-on-scroll\">Ki\u1ec3m to\u00e1n vi\u00ean \/ Ng\u01b0\u1eddi \u0111\u00e1nh gi\u00e1<\/h1><div class=\"block-content\">\n<p  class=\"appear-on-scroll is-style-intro has-max-width-800\" ><strong>Ch\u00fang t\u00f4i cam k\u1ebft n\u00e2ng cao ch\u1ea5t l\u01b0\u1ee3ng t\u1ed5ng th\u1ec3 c\u1ee7a c\u00e1c cu\u1ed9c ki\u1ec3m to\u00e1n tu\u00e2n th\u1ee7 x\u00e3 h\u1ed9i v\u00e0 m\u1ed9t ph\u1ea7n quan tr\u1ecdng c\u1ee7a cam k\u1ebft \u0111\u00f3 l\u00e0 \u0111\u1ea3m b\u1ea3o c\u00e1c ki\u1ec3m to\u00e1n vi\u00ean c\u1ee7a ch\u00fang t\u00f4i ho\u1ea1t \u0111\u1ed9ng v\u1edbi s\u1ef1 chuy\u00ean nghi\u1ec7p, li\u00eam ch\u00ednh v\u00e0 chuy\u00ean m\u00f4n cao nh\u1ea5t.&nbsp;<\/strong><\/p>\n<\/div><div class=\"block-image appear-on-scroll\"><div class=\"image\" style=\"\"><img decoding=\"async\" src=\"https:\/\/wrapcompliance.org\/wp-content\/uploads\/2026\/02\/WRAP_Illustration_Training_Auditors.svg\" class=\"attachment-banner-hero size-banner-hero\" alt=\"An illustration of three professionals collaborating on a certification process, featuring a person climbing a series of stepped blocks toward a diploma while another uses a large pen to mark a checklist.\" \/><\/div><\/div><div class=\"block-background\" style=\"\"><\/div><\/div><\/div><\/div>\n\n<div  class=\"theme-block wp-block-group is-style-default has-max-width-700 has-text-align-center has-no-margin-top is-layout-flow wp-block-group-is-layout-flow\" ><div class=\"wp-block-group__inner-container\"><p  class=\"appear-on-scroll has-text-align-left is-style-default\" >V\u00ec nh\u1eefng l\u00fd do n\u00e0y, ch\u00fang t\u00f4i \u0111\u00e3 t\u00edch h\u1ee3p c\u00e1c y\u00eau c\u1ea7u ki\u1ec3m to\u00e1n vi\u00ean \u0111\u01b0\u1ee3c c\u00f4ng nh\u1eadn c\u1ee7a m\u00ecnh v\u1edbi&nbsp;<a href=\"https:\/\/www.theapsca.org\/about-us\/\">Hi\u1ec7p h\u1ed9i Ki\u1ec3m to\u00e1n vi\u00ean Tu\u00e2n th\u1ee7 X\u00e3 h\u1ed9i Ngh\u1ec1 nghi\u1ec7p (APSCA)<\/a>, \u0111\u1ea3m b\u1ea3o tr\u00ecnh \u0111\u1ed9 \u0111\u00e1nh gi\u00e1 vi\u00ean th\u00f4ng qua vi\u1ec7c h\u1ecdc t\u1eadp, ki\u1ec3m tra v\u00e0 c\u1ea5p ch\u1ee9ng ch\u1ec9 c\u1ee7a c\u00e1c \u0111\u00e1nh gi\u00e1 vi\u00ean tu\u00e2n th\u1ee7 x\u00e3 h\u1ed9i. T\u1ea5t c\u1ea3 c\u00e1c \u0111\u00e1nh gi\u00e1 vi\u00ean c\u1ee7a ch\u00fang t\u00f4i \u0111\u1ec1u \u0111\u01b0\u1ee3c APSCA c\u00f4ng nh\u1eadn theo m\u1ed9t trong hai c\u1ea5p \u0111\u1ed9 th\u00e0nh th\u1ea1o: <strong>Li\u00ean k\u1ebft Ki\u1ec3m to\u00e1n Tu\u00e2n th\u1ee7 X\u00e3 h\u1ed9i (ASCA)<\/strong> v\u00e0 <strong>Ki\u1ec3m to\u00e1n vi\u00ean Tu\u00e2n th\u1ee7 X\u00e3 h\u1ed9i \u0111\u01b0\u1ee3c Ch\u1ee9ng nh\u1eadn (CSCA)<\/strong>.<\/p>\n\n\n<div style=\"height:10px\" aria-hidden=\"true\" class=\"wp-block-spacer\"><\/div>\n\n\n<h3  class=\"appear-on-scroll wp-block-heading has-text-align-center\" ><span class=\"text\">Y\u00eau c\u1ea7u \u0111\u00e0o t\u1ea1o WRAP:<\/span><\/h3>\n\n<hr  class=\"appear-on-scroll wp-block-separator has-text-color has-light-purple-color has-alpha-channel-opacity has-light-purple-background-color has-background\" \/>\n\n\n<div class=\"wp-block-columns is-style-default is-layout-flex wp-container-core-columns-is-layout-9d6595d7 wp-block-columns-is-layout-flex\">\n<div class=\"wp-block-column has-no-margin-bottom is-layout-flow wp-block-column-is-layout-flow\"><h4  class=\"appear-on-scroll wp-block-heading has-text-align-left\" ><span class=\"text\">\u0110\u1ed1i v\u1edbi CSCA<\/span><\/h4>\n\n<p  class=\"appear-on-scroll has-text-align-left\" >\u0110\u1ec3 \u0111\u01b0\u1ee3c c\u00f4ng nh\u1eadn th\u1ef1c hi\u1ec7n \u0111\u00e1nh gi\u00e1 WRAP v\u1edbi t\u01b0 c\u00e1ch l\u00e0 \u0111\u00e1nh gi\u00e1 vi\u00ean ch\u00ednh, \u0111\u00e1nh gi\u00e1 vi\u00ean ph\u1ea3i \u0111\u01b0\u1ee3c c\u00f4ng ty gi\u00e1m s\u00e1t \u0111\u01b0\u1ee3c WRAP c\u00f4ng nh\u1eadn l\u00e0m vi\u1ec7c to\u00e0n th\u1eddi gian. Ngo\u00e0i ra, h\u1ecd c\u0169ng ph\u1ea3i l\u00e0 APSCA CSCA v\u00e0 \u0111\u00e3 ho\u00e0n th\u00e0nh kh\u00f3a h\u1ecdc \u201c\u0110\u00e0o t\u1ea1o C\u1ea7u n\u1ed1i hai ng\u00e0y\u201d c\u1ee7a WRAP.<\/p><\/div>\n\n\n\n<div class=\"wp-block-column has-no-margin-top is-layout-flow wp-block-column-is-layout-flow\"><h4  class=\"appear-on-scroll wp-block-heading has-text-align-left\" ><span class=\"text\">\u0110\u1ed1i v\u1edbi ASCA<\/span><\/h4>\n\n<p  class=\"appear-on-scroll has-text-align-left\" >\u0110\u1ec3 \u0111\u01b0\u1ee3c c\u00f4ng nh\u1eadn th\u1ef1c hi\u1ec7n \u0111\u00e1nh gi\u00e1 WRAP v\u1edbi t\u01b0 c\u00e1ch l\u00e0 th\u00e0nh vi\u00ean nh\u00f3m \u0111\u00e1nh gi\u00e1 l\u00e0m vi\u1ec7c v\u1edbi \u0111\u00e1nh gi\u00e1 vi\u00ean ch\u00ednh, \u0111\u00e1nh gi\u00e1 vi\u00ean ph\u1ea3i \u0111\u01b0\u1ee3c c\u00f4ng ty gi\u00e1m s\u00e1t \u0111\u01b0\u1ee3c WRAP c\u00f4ng nh\u1eadn l\u00e0m vi\u1ec7c to\u00e0n th\u1eddi gian v\u00e0 h\u1ecd ph\u1ea3i l\u00e0 APSCA ASCA. Ngo\u00e0i ra, h\u1ecd ph\u1ea3i ho\u00e0n th\u00e0nh th\u00e0nh c\u00f4ng kh\u00f3a h\u1ecdc \u201c\u0110\u00e0o t\u1ea1o \u0111\u00e1nh gi\u00e1 vi\u00ean 5 ng\u00e0y\u201d c\u1ee7a WRAP.<\/p><\/div>\n<\/div>\n<\/div><\/div>\n\n<div  class=\"theme-block wp-block-group has-light-purple-background-color has-background is-layout-flow wp-block-group-is-layout-flow\" ><div class=\"wp-block-group__inner-container\"><h2  class=\"appear-on-scroll wp-block-heading\" ><span class=\"text\">\u0110\u00e0o t\u1ea1o H\u1ec7 th\u1ed1ng Ki\u1ec3m to\u00e1n X\u00e3 h\u1ed9i (SAST)<\/span><\/h2>\n\n<p class=\"appear-on-scroll\">Kh\u00f3a h\u1ecdc k\u00e9o d\u00e0i 5 ng\u00e0y n\u00e0y d\u00e0nh cho t\u1ea5t c\u1ea3 nh\u1eefng ai mu\u1ed1n c\u00f3 \u0111\u01b0\u1ee3c s\u1ef1 hi\u1ec3u bi\u1ebft to\u00e0n di\u1ec7n v\u1ec1 h\u1ec7 th\u1ed1ng qu\u1ea3n l\u00fd tu\u00e2n th\u1ee7 x\u00e3 h\u1ed9i v\u00e0 \u0111\u1eb7c bi\u1ec7t ph\u00f9 h\u1ee3p v\u1edbi c\u00e1c c\u00e1 nh\u00e2n - d\u00f9 l\u00e0 nh\u00e2n vi\u00ean n\u1ed9i b\u1ed9 hay \u0111\u1ed9c l\u1eadp - th\u1ef1c hi\u1ec7n ki\u1ec3m to\u00e1n x\u00e3 h\u1ed9i.<\/p>\n\n<div  class=\"appear-on-scroll wp-block-buttons is-layout-flex wp-block-buttons-is-layout-flex\" >\n<div class=\"wp-block-button\"><a class=\"wp-block-button__link wp-element-button\" href=\"https:\/\/wrapcompliance.org\/vi\/training\/training-overview\/social-audit-systems-training\/\"><span class=\"label\">t\u00ecm hi\u1ec3u th\u00eam v\u1ec1 kh\u00f3a \u0111\u00e0o t\u1ea1o H\u1ec6 TH\u1ed0NG KI\u1ec2M TO\u00c1N X\u00c3 H\u1ed8I<\/span><\/a><\/div>\n<\/div><\/div><\/div>\n\n<h2  class=\"appear-on-scroll wp-block-heading\" ><span class=\"text\">\u0110\u00e0o t\u1ea1o c\u1ea7u<\/span><\/h2>\n\n<p class=\"appear-on-scroll\">Kh\u00f3a h\u1ecdc hai ng\u00e0y n\u00e0y l\u00e0 c\u1ea7u n\u1ed1i gi\u1eefa vi\u1ec7c tr\u1edf th\u00e0nh m\u1ed9t CSCA c\u1ee7a APSCA v\u00e0 m\u1ed9t \u0111\u00e1nh gi\u00e1 vi\u00ean ch\u00ednh \u0111\u01b0\u1ee3c WRAP c\u00f4ng nh\u1eadn. N\u00f3 gi\u1edbi thi\u1ec7u ch\u01b0\u01a1ng tr\u00ecnh c\u1ee7a ch\u00fang t\u00f4i, bao g\u1ed3m t\u1ed5ng quan v\u1ec1 quy tr\u00ecnh \u0111\u00e1nh gi\u00e1 v\u00e0 t\u00e0i li\u1ec7u li\u00ean quan. N\u00f3 c\u0169ng ph\u00e1 v\u1ee1 12 Nguy\u00ean t\u1eafc c\u1ee7a WRAP v\u00ec ch\u00fang li\u00ean quan \u0111\u1ebfn c\u00e1c y\u00eau c\u1ea7u ki\u1ec3m to\u00e1n ri\u00eang bi\u1ec7t.&nbsp;<\/p>\n\n<div  class=\"appear-on-scroll wp-block-buttons is-layout-flex wp-block-buttons-is-layout-flex\" >\n<div class=\"wp-block-button\"><a class=\"wp-block-button__link wp-element-button\" href=\"https:\/\/wrapcompliance.org\/vi\/training\/training-overview\/two-day-bridge-training\/\"><span class=\"label\">t\u00ecm hi\u1ec3u th\u00eam v\u1ec1 \u0111\u00e0o t\u1ea1o c\u1ea7u<\/span><\/a><\/div>\n<\/div>\n\n<div  class=\"theme-block wp-block-group has-no-margin-bottom has-light-purple-background-color has-background is-layout-flow wp-block-group-is-layout-flow\" ><div class=\"wp-block-group__inner-container\"><h2  class=\"appear-on-scroll wp-block-heading\" ><span class=\"text\">\u0110\u00e0o t\u1ea1o b\u1ed3i d\u01b0\u1ee1ng<\/span><\/h2>\n\n<p class=\"appear-on-scroll\">T\u1ea5t c\u1ea3 c\u00e1c \u0111\u00e1nh gi\u00e1 vi\u00ean \u0111\u01b0\u1ee3c WRAP c\u00f4ng nh\u1eadn ph\u1ea3i tr\u1ea3i qua kh\u00f3a \u0111\u00e0o t\u1ea1o b\u1ed3i d\u01b0\u1ee1ng hai n\u0103m m\u1ed9t l\u1ea7n. Kh\u00f3a h\u1ecdc n\u1eeda ng\u00e0y n\u00e0y \u0111\u00e1nh gi\u00e1 c\u00e1c c\u1eadp nh\u1eadt c\u1ee7a ch\u01b0\u01a1ng tr\u00ecnh v\u00e0 gi\u1ea3i quy\u1ebft c\u00e1c v\u1ea5n \u0111\u1ec1 tu\u00e2n th\u1ee7 x\u00e3 h\u1ed9i \u0111ang n\u1ed5i l\u00ean.<\/p>\n\n<div  class=\"appear-on-scroll wp-block-buttons is-layout-flex wp-block-buttons-is-layout-flex\" >\n<div class=\"wp-block-button\"><a class=\"wp-block-button__link wp-element-button\" href=\"https:\/\/wrapcompliance.org\/vi\/training\/training-overview\/one-day-refresher-training\/\"><span class=\"label\">t\u00ecm hi\u1ec3u th\u00eam v\u1ec1 \u0111\u00e0o t\u1ea1o b\u1ed3i d\u01b0\u1ee1ng<\/span><\/a><\/div>\n<\/div><\/div><\/div>\n\n<h2  class=\"appear-on-scroll wp-block-heading\" ><span class=\"text\">\u0110\u00e0o t\u1ea1o CTPAT<\/span><\/h2>\n\n<p class=\"appear-on-scroll\">\u0110\u1ed1i t\u00e1c Th\u01b0\u01a1ng m\u1ea1i H\u1ea3i quan Ch\u1ed1ng Kh\u1ee7ng b\u1ed1 (CTPAT) l\u00e0 m\u1ed9t ch\u01b0\u01a1ng tr\u00ecnh c\u1ee7a C\u01a1 quan H\u1ea3i quan v\u00e0 B\u1ea3o v\u1ec7 Bi\u00ean gi\u1edbi Hoa K\u1ef3 (CBP) trong B\u1ed9 An ninh N\u1ed9i \u0111\u1ecba Hoa K\u1ef3. WRAP h\u1ed7 tr\u1ee3 c\u01a1 s\u1edf s\u1ea3n xu\u1ea5t tu\u00e2n th\u1ee7 c\u00e1c y\u00eau c\u1ea7u c\u1ee7a ch\u01b0\u01a1ng tr\u00ecnh CTPAT nh\u1eb1m b\u1ea3o v\u1ec7 chu\u1ed7i cung \u1ee9ng, x\u00e1c \u0111\u1ecbnh c\u00e1c l\u1ed7 h\u1ed5ng b\u1ea3o m\u1eadt v\u00e0 t\u1ea1o \u0111i\u1ec1u ki\u1ec7n th\u1ef1c hi\u1ec7n c\u00e1c bi\u1ec7n ph\u00e1p ph\u00f2ng ng\u1eeba hi\u1ec7u qu\u1ea3.<\/p>\n\n<div  class=\"appear-on-scroll wp-block-buttons is-layout-flex wp-block-buttons-is-layout-flex\" >\n<div class=\"wp-block-button\"><a class=\"wp-block-button__link wp-element-button\" href=\"https:\/\/wrapcompliance.org\/vi\/training\/training-overview\/ctpat-training\/\"><span class=\"label\">t\u00ecm hi\u1ec3u th\u00eam v\u1ec1 \u0111\u00e0o t\u1ea1o ctpat<\/span><\/a><\/div>\n<\/div>\n\n<div  class=\"theme-block wp-block-group has-light-purple-background-color has-background is-layout-flow wp-block-group-is-layout-flow\" ><div class=\"wp-block-group__inner-container\"><h2  class=\"appear-on-scroll wp-block-heading\" ><span class=\"text\">Gi\u1edbi thi\u1ec7u v\u1ec1 ESG<\/span><\/h2>\n\n<p class=\"appear-on-scroll\">Nhi\u1ec1u c\u00f4ng ty \u0111ang ti\u1ebfn v\u1ec1 ph\u00eda tr\u01b0\u1edbc v\u1edbi c\u00e1c s\u00e1ng ki\u1ebfn ch\u00ednh th\u1ee9c v\u1ec1 m\u00f4i tr\u01b0\u1eddng, x\u00e3 h\u1ed9i v\u00e0 qu\u1ea3n tr\u1ecb (ESG). C\u00e1c ch\u01b0\u01a1ng tr\u00ecnh n\u00e0y th\u01b0\u1eddng x\u00e1c \u0111\u1ecbnh c\u00e1c m\u1ee5c ti\u00eau c\u1ee5 th\u1ec3 v\u00e0 theo d\u00f5i (v\u00e0 trong m\u1ed9t s\u1ed1 tr\u01b0\u1eddng h\u1ee3p l\u00e0 b\u00e1o c\u00e1o) ti\u1ebfn tr\u00ecnh c\u1ee7a ch\u00fang.<\/p>\n\n<div  class=\"appear-on-scroll wp-block-buttons is-layout-flex wp-block-buttons-is-layout-flex\" >\n<div class=\"wp-block-button\"><a class=\"wp-block-button__link wp-element-button\" href=\"https:\/\/wrapcompliance.org\/vi\/training\/training-overview\/introduction-to-esg\/\"><span class=\"label\">t\u00ecm hi\u1ec3u th\u00eam v\u1ec1 gi\u1edbi thi\u1ec7u v\u1ec1 esg<\/span><\/a><\/div>\n<\/div><\/div><\/div>\n\n<h2  class=\"appear-on-scroll wp-block-heading\" ><span class=\"text\">Ch\u01b0\u01a1ng tr\u00ecnh n\u00e2ng cao nh\u1eadn th\u1ee9c v\u1ec1 WRAP<\/span><\/h2>\n\n<p class=\"appear-on-scroll\">C\u00e1c kh\u00f3a \u0111\u00e0o t\u1ea1o n\u00e2ng cao nh\u1eadn th\u1ee9c chung c\u1ee7a ch\u00fang t\u00f4i gi\u1edbi thi\u1ec7u c\u00e1c b\u00ean li\u00ean quan hi\u1ec7n t\u1ea1i v\u00e0 t\u01b0\u01a1ng lai tham gia ch\u01b0\u01a1ng tr\u00ecnh tu\u00e2n th\u1ee7 x\u00e3 h\u1ed9i c\u1ee7a ch\u00fang t\u00f4i.<\/p>\n\n<div  class=\"appear-on-scroll wp-block-buttons is-layout-flex wp-block-buttons-is-layout-flex\" >\n<div class=\"wp-block-button\"><a class=\"wp-block-button__link wp-element-button\" href=\"https:\/\/wrapcompliance.org\/vi\/training\/training-overview\/wrap-awareness-programs\/\"><span class=\"label\">t\u00ecm hi\u1ec3u th\u00eam v\u1ec1 c\u00e1c ch\u01b0\u01a1ng tr\u00ecnh n\u00e2ng cao nh\u1eadn th\u1ee9c v\u1ec1 b\u1ecdc<\/span><\/a><\/div>\n<\/div>","protected":false},"excerpt":{"rendered":"<p>For these reasons, we have integrated our accredited auditor requirements with the&nbsp;Association of Professional Social Compliance Auditors (APSCA), which ensures auditor proficiency through the learning, testing, and credentialing of social compliance auditors. All of our auditors are APSCA accredited under one of its two proficiency levels: Associate Social Compliance Auditor (ASCA) and Certified Social Compliance [&hellip;]<\/p>\n","protected":false},"author":3,"featured_media":2344694,"parent":24464,"menu_order":3,"comment_status":"closed","ping_status":"closed","template":"","meta":{"_acf_changed":false,"featured_image_background_position":"","footnotes":""},"class_list":["post-25463","page","type-page","status-publish","has-post-thumbnail","hentry"],"acf":[],"yoast_head":"<!-- This site is optimized with the Yoast SEO plugin v27.3 - https:\/\/yoast.com\/product\/yoast-seo-wordpress\/ -->\n<title>Auditors\/Reviewers - WRAP Compliance<\/title>\n<meta name=\"description\" content=\"Quality social compliance training to raise the professionalism, integrity, and expertise of social compliance auditors\" \/>\n<meta name=\"robots\" content=\"index, follow, max-snippet:-1, max-image-preview:large, max-video-preview:-1\" \/>\n<link rel=\"canonical\" href=\"https:\/\/wrapcompliance.org\/vi\/training\/auditors-reviewers\/\" \/>\n<meta property=\"og:locale\" content=\"vi_VN\" \/>\n<meta property=\"og:type\" content=\"article\" \/>\n<meta property=\"og:title\" content=\"Auditors\/Reviewers - WRAP Compliance\" \/>\n<meta property=\"og:description\" content=\"Quality social compliance training to raise the professionalism, integrity, and expertise of social compliance auditors\" \/>\n<meta property=\"og:url\" content=\"https:\/\/wrapcompliance.org\/vi\/training\/auditors-reviewers\/\" \/>\n<meta property=\"og:site_name\" content=\"WRAP Compliance\" \/>\n<meta property=\"article:publisher\" content=\"https:\/\/www.facebook.com\/WRAPcompliance\/\" \/>\n<meta property=\"article:modified_time\" content=\"2026-04-17T17:26:21+00:00\" \/>\n<meta property=\"og:image\" content=\"https:\/\/wrapcompliance.org\/wp-content\/uploads\/2022\/10\/social-default-1200.jpg\" \/>\n\t<meta property=\"og:image:width\" content=\"1200\" \/>\n\t<meta property=\"og:image:height\" content=\"630\" \/>\n\t<meta property=\"og:image:type\" content=\"image\/jpeg\" \/>\n<meta name=\"twitter:card\" content=\"summary_large_image\" \/>\n<meta name=\"twitter:site\" content=\"@wrapcompliance\" \/>\n<meta name=\"twitter:label1\" content=\"\u01af\u1edbc t\u00ednh th\u1eddi gian \u0111\u1ecdc\" \/>\n\t<meta name=\"twitter:data1\" content=\"3 ph\u00fat\" \/>\n<script type=\"application\/ld+json\" class=\"yoast-schema-graph\">{\"@context\":\"https:\\\/\\\/schema.org\",\"@graph\":[{\"@type\":\"WebPage\",\"@id\":\"https:\\\/\\\/wrapcompliance.org\\\/training\\\/auditors-reviewers\\\/\",\"url\":\"https:\\\/\\\/wrapcompliance.org\\\/training\\\/auditors-reviewers\\\/\",\"name\":\"Auditors\\\/Reviewers - WRAP Compliance\",\"isPartOf\":{\"@id\":\"https:\\\/\\\/wrapcompliance.org\\\/en\\\/#website\"},\"primaryImageOfPage\":{\"@id\":\"https:\\\/\\\/wrapcompliance.org\\\/training\\\/auditors-reviewers\\\/#primaryimage\"},\"image\":{\"@id\":\"https:\\\/\\\/wrapcompliance.org\\\/training\\\/auditors-reviewers\\\/#primaryimage\"},\"thumbnailUrl\":\"https:\\\/\\\/wrapcompliance.org\\\/wp-content\\\/uploads\\\/2026\\\/02\\\/WRAP_Illustration_Training_Auditors.svg\",\"datePublished\":\"2022-08-26T16:07:33+00:00\",\"dateModified\":\"2026-04-17T17:26:21+00:00\",\"description\":\"Quality social compliance training to raise the professionalism, integrity, and expertise of social compliance auditors\",\"breadcrumb\":{\"@id\":\"https:\\\/\\\/wrapcompliance.org\\\/training\\\/auditors-reviewers\\\/#breadcrumb\"},\"inLanguage\":\"vi\",\"potentialAction\":[{\"@type\":\"ReadAction\",\"target\":[\"https:\\\/\\\/wrapcompliance.org\\\/training\\\/auditors-reviewers\\\/\"]}]},{\"@type\":\"ImageObject\",\"inLanguage\":\"vi\",\"@id\":\"https:\\\/\\\/wrapcompliance.org\\\/training\\\/auditors-reviewers\\\/#primaryimage\",\"url\":\"https:\\\/\\\/wrapcompliance.org\\\/wp-content\\\/uploads\\\/2026\\\/02\\\/WRAP_Illustration_Training_Auditors.svg\",\"contentUrl\":\"https:\\\/\\\/wrapcompliance.org\\\/wp-content\\\/uploads\\\/2026\\\/02\\\/WRAP_Illustration_Training_Auditors.svg\",\"caption\":\"An illustration of three professionals collaborating on a certification process, featuring a person climbing a series of stepped blocks toward a diploma while another uses a large pen to mark a checklist.\"},{\"@type\":\"BreadcrumbList\",\"@id\":\"https:\\\/\\\/wrapcompliance.org\\\/training\\\/auditors-reviewers\\\/#breadcrumb\",\"itemListElement\":[{\"@type\":\"ListItem\",\"position\":1,\"name\":\"Home\",\"item\":\"https:\\\/\\\/wrapcompliance.org\\\/\"},{\"@type\":\"ListItem\",\"position\":2,\"name\":\"Training Overview\",\"item\":\"https:\\\/\\\/wrapcompliance.org\\\/training\\\/\"},{\"@type\":\"ListItem\",\"position\":3,\"name\":\"Auditors\\\/Reviewers\"}]},{\"@type\":\"WebSite\",\"@id\":\"https:\\\/\\\/wrapcompliance.org\\\/en\\\/#website\",\"url\":\"https:\\\/\\\/wrapcompliance.org\\\/en\\\/\",\"name\":\"WRAP Compliance\",\"description\":\"Ensuring production facilities operate in a safe, responsible, and ethical way. Through our 12 Principles, we promote lawful, humane manufacturing in facilities throughout the world via our Certification and Training programs.\",\"publisher\":{\"@id\":\"https:\\\/\\\/wrapcompliance.org\\\/en\\\/#organization\"},\"potentialAction\":[{\"@type\":\"SearchAction\",\"target\":{\"@type\":\"EntryPoint\",\"urlTemplate\":\"https:\\\/\\\/wrapcompliance.org\\\/en\\\/?s={search_term_string}\"},\"query-input\":{\"@type\":\"PropertyValueSpecification\",\"valueRequired\":true,\"valueName\":\"search_term_string\"}}],\"inLanguage\":\"vi\"},{\"@type\":\"Organization\",\"@id\":\"https:\\\/\\\/wrapcompliance.org\\\/en\\\/#organization\",\"name\":\"Worldwide Responsible Accredited Production\",\"alternateName\":\"WRAP Compliance\",\"url\":\"https:\\\/\\\/wrapcompliance.org\\\/en\\\/\",\"logo\":{\"@type\":\"ImageObject\",\"inLanguage\":\"vi\",\"@id\":\"https:\\\/\\\/wrapcompliance.org\\\/en\\\/#\\\/schema\\\/logo\\\/image\\\/\",\"url\":\"https:\\\/\\\/wrapcompliance.org\\\/wp-content\\\/uploads\\\/2022\\\/03\\\/WRAP_Logo_Update_Color_RGB.png\",\"contentUrl\":\"https:\\\/\\\/wrapcompliance.org\\\/wp-content\\\/uploads\\\/2022\\\/03\\\/WRAP_Logo_Update_Color_RGB.png\",\"width\":3601,\"height\":3451,\"caption\":\"Worldwide Responsible Accredited Production\"},\"image\":{\"@id\":\"https:\\\/\\\/wrapcompliance.org\\\/en\\\/#\\\/schema\\\/logo\\\/image\\\/\"},\"sameAs\":[\"https:\\\/\\\/www.facebook.com\\\/WRAPcompliance\\\/\",\"https:\\\/\\\/x.com\\\/wrapcompliance\",\"https:\\\/\\\/www.linkedin.com\\\/company\\\/wrapcompliance\"]}]}<\/script>\n<!-- \/ Yoast SEO plugin. -->","yoast_head_json":{"title":"Ki\u1ec3m to\u00e1n vi\u00ean\/Ng\u01b0\u1eddi \u0111\u00e1nh gi\u00e1 - Tu\u00e2n th\u1ee7 WRAP","description":"\u0110\u00e0o t\u1ea1o tu\u00e2n th\u1ee7 x\u00e3 h\u1ed9i ch\u1ea5t l\u01b0\u1ee3ng nh\u1eb1m n\u00e2ng cao t\u00ednh chuy\u00ean nghi\u1ec7p, li\u00eam ch\u00ednh v\u00e0 chuy\u00ean m\u00f4n c\u1ee7a c\u00e1c ki\u1ec3m to\u00e1n vi\u00ean tu\u00e2n th\u1ee7 x\u00e3 h\u1ed9i","robots":{"index":"index","follow":"follow","max-snippet":"max-snippet:-1","max-image-preview":"max-image-preview:large","max-video-preview":"max-video-preview:-1"},"canonical":"https:\/\/wrapcompliance.org\/vi\/training\/auditors-reviewers\/","og_locale":"vi_VN","og_type":"article","og_title":"Auditors\/Reviewers - WRAP Compliance","og_description":"Quality social compliance training to raise the professionalism, integrity, and expertise of social compliance auditors","og_url":"https:\/\/wrapcompliance.org\/vi\/training\/auditors-reviewers\/","og_site_name":"WRAP Compliance","article_publisher":"https:\/\/www.facebook.com\/WRAPcompliance\/","article_modified_time":"2026-04-17T17:26:21+00:00","og_image":[{"width":1200,"height":630,"url":"https:\/\/wrapcompliance.org\/wp-content\/uploads\/2022\/10\/social-default-1200.jpg","type":"image\/jpeg"}],"twitter_card":"summary_large_image","twitter_site":"@wrapcompliance","twitter_misc":{"\u01af\u1edbc t\u00ednh th\u1eddi gian \u0111\u1ecdc":"3 ph\u00fat"},"schema":{"@context":"https:\/\/schema.org","@graph":[{"@type":"WebPage","@id":"https:\/\/wrapcompliance.org\/training\/auditors-reviewers\/","url":"https:\/\/wrapcompliance.org\/training\/auditors-reviewers\/","name":"Ki\u1ec3m to\u00e1n vi\u00ean\/Ng\u01b0\u1eddi \u0111\u00e1nh gi\u00e1 - Tu\u00e2n th\u1ee7 WRAP","isPartOf":{"@id":"https:\/\/wrapcompliance.org\/en\/#website"},"primaryImageOfPage":{"@id":"https:\/\/wrapcompliance.org\/training\/auditors-reviewers\/#primaryimage"},"image":{"@id":"https:\/\/wrapcompliance.org\/training\/auditors-reviewers\/#primaryimage"},"thumbnailUrl":"https:\/\/wrapcompliance.org\/wp-content\/uploads\/2026\/02\/WRAP_Illustration_Training_Auditors.svg","datePublished":"2022-08-26T16:07:33+00:00","dateModified":"2026-04-17T17:26:21+00:00","description":"\u0110\u00e0o t\u1ea1o tu\u00e2n th\u1ee7 x\u00e3 h\u1ed9i ch\u1ea5t l\u01b0\u1ee3ng nh\u1eb1m n\u00e2ng cao t\u00ednh chuy\u00ean nghi\u1ec7p, li\u00eam ch\u00ednh v\u00e0 chuy\u00ean m\u00f4n c\u1ee7a c\u00e1c ki\u1ec3m to\u00e1n vi\u00ean tu\u00e2n th\u1ee7 x\u00e3 h\u1ed9i","breadcrumb":{"@id":"https:\/\/wrapcompliance.org\/training\/auditors-reviewers\/#breadcrumb"},"inLanguage":"vi","potentialAction":[{"@type":"ReadAction","target":["https:\/\/wrapcompliance.org\/training\/auditors-reviewers\/"]}]},{"@type":"ImageObject","inLanguage":"vi","@id":"https:\/\/wrapcompliance.org\/training\/auditors-reviewers\/#primaryimage","url":"https:\/\/wrapcompliance.org\/wp-content\/uploads\/2026\/02\/WRAP_Illustration_Training_Auditors.svg","contentUrl":"https:\/\/wrapcompliance.org\/wp-content\/uploads\/2026\/02\/WRAP_Illustration_Training_Auditors.svg","caption":"An illustration of three professionals collaborating on a certification process, featuring a person climbing a series of stepped blocks toward a diploma while another uses a large pen to mark a checklist."},{"@type":"BreadcrumbList","@id":"https:\/\/wrapcompliance.org\/training\/auditors-reviewers\/#breadcrumb","itemListElement":[{"@type":"ListItem","position":1,"name":"Home","item":"https:\/\/wrapcompliance.org\/"},{"@type":"ListItem","position":2,"name":"Training Overview","item":"https:\/\/wrapcompliance.org\/training\/"},{"@type":"ListItem","position":3,"name":"Auditors\/Reviewers"}]},{"@type":"WebSite","@id":"https:\/\/wrapcompliance.org\/en\/#website","url":"https:\/\/wrapcompliance.org\/en\/","name":"Tu\u00e2n th\u1ee7 WRAP","description":"\u0110\u1ea3m b\u1ea3o c\u00e1c c\u01a1 s\u1edf s\u1ea3n xu\u1ea5t ho\u1ea1t \u0111\u1ed9ng m\u1ed9t c\u00e1ch an to\u00e0n, c\u00f3 tr\u00e1ch nhi\u1ec7m v\u00e0 \u0111\u1ea1o \u0111\u1ee9c. Th\u00f4ng qua 12 Nguy\u00ean t\u1eafc c\u1ee7a m\u00ecnh, ch\u00fang t\u00f4i th\u00fac \u0111\u1ea9y ho\u1ea1t \u0111\u1ed9ng s\u1ea3n xu\u1ea5t h\u1ee3p ph\u00e1p, nh\u00e2n \u0111\u1ea1o t\u1ea1i c\u00e1c c\u01a1 s\u1edf tr\u00ean to\u00e0n th\u1ebf gi\u1edbi th\u00f4ng qua c\u00e1c ch\u01b0\u01a1ng tr\u00ecnh Ch\u1ee9ng nh\u1eadn v\u00e0 \u0110\u00e0o t\u1ea1o c\u1ee7a m\u00ecnh.","publisher":{"@id":"https:\/\/wrapcompliance.org\/en\/#organization"},"potentialAction":[{"@type":"SearchAction","target":{"@type":"EntryPoint","urlTemplate":"https:\/\/wrapcompliance.org\/en\/?s={search_term_string}"},"query-input":{"@type":"PropertyValueSpecification","valueRequired":true,"valueName":"search_term_string"}}],"inLanguage":"vi"},{"@type":"Organization","@id":"https:\/\/wrapcompliance.org\/en\/#organization","name":"S\u1ea3n xu\u1ea5t \u0111\u01b0\u1ee3c c\u00f4ng nh\u1eadn c\u00f3 tr\u00e1ch nhi\u1ec7m tr\u00ean to\u00e0n th\u1ebf gi\u1edbi","alternateName":"WRAP Compliance","url":"https:\/\/wrapcompliance.org\/en\/","logo":{"@type":"ImageObject","inLanguage":"vi","@id":"https:\/\/wrapcompliance.org\/en\/#\/schema\/logo\/image\/","url":"https:\/\/wrapcompliance.org\/wp-content\/uploads\/2022\/03\/WRAP_Logo_Update_Color_RGB.png","contentUrl":"https:\/\/wrapcompliance.org\/wp-content\/uploads\/2022\/03\/WRAP_Logo_Update_Color_RGB.png","width":3601,"height":3451,"caption":"Worldwide Responsible Accredited Production"},"image":{"@id":"https:\/\/wrapcompliance.org\/en\/#\/schema\/logo\/image\/"},"sameAs":["https:\/\/www.facebook.com\/WRAPcompliance\/","https:\/\/x.com\/wrapcompliance","https:\/\/www.linkedin.com\/company\/wrapcompliance"]}]}},"_links":{"self":[{"href":"https:\/\/wrapcompliance.org\/vi\/wp-json\/wp\/v2\/pages\/25463","targetHints":{"allow":["GET"]}}],"collection":[{"href":"https:\/\/wrapcompliance.org\/vi\/wp-json\/wp\/v2\/pages"}],"about":[{"href":"https:\/\/wrapcompliance.org\/vi\/wp-json\/wp\/v2\/types\/page"}],"author":[{"embeddable":true,"href":"https:\/\/wrapcompliance.org\/vi\/wp-json\/wp\/v2\/users\/3"}],"replies":[{"embeddable":true,"href":"https:\/\/wrapcompliance.org\/vi\/wp-json\/wp\/v2\/comments?post=25463"}],"version-history":[{"count":1,"href":"https:\/\/wrapcompliance.org\/vi\/wp-json\/wp\/v2\/pages\/25463\/revisions"}],"predecessor-version":[{"id":2344699,"href":"https:\/\/wrapcompliance.org\/vi\/wp-json\/wp\/v2\/pages\/25463\/revisions\/2344699"}],"up":[{"embeddable":true,"href":"https:\/\/wrapcompliance.org\/vi\/wp-json\/wp\/v2\/pages\/24464"}],"wp:featuredmedia":[{"embeddable":true,"href":"https:\/\/wrapcompliance.org\/vi\/wp-json\/wp\/v2\/media\/2344694"}],"wp:attachment":[{"href":"https:\/\/wrapcompliance.org\/vi\/wp-json\/wp\/v2\/media?parent=25463"}],"curies":[{"name":"wp","href":"https:\/\/api.w.org\/{rel}","templated":true}]}}