{"id":26753,"date":"2022-10-26T10:04:10","date_gmt":"2022-10-26T14:04:10","guid":{"rendered":"https:\/\/wrapcompliance.org\/?page_id=26753"},"modified":"2026-04-17T14:50:41","modified_gmt":"2026-04-17T18:50:41","slug":"iaf","status":"publish","type":"page","link":"https:\/\/wrapcompliance.org\/vi\/collaboration\/iaf\/","title":{"rendered":""},"content":{"rendered":"<div role=\"banner\" class=\"theme-block wp-block-theme-blocks-page-banner full-width has-background no-image\"><div class=\"wrap\"><div class=\"layout\"><h1 class=\"block-title appear-on-scroll\"><\/h1><div class=\"block-content\">\n<figure  class=\"appear-on-scroll wp-block-image size-full\" ><img loading=\"lazy\" decoding=\"async\" width=\"463\" height=\"463\" src=\"https:\/\/wrapcompliance.org\/wp-content\/uploads\/2022\/11\/iaf.eEDnrfLRiNTWsZghY-edited.png\" alt=\"International Apparel Federation\" class=\"wp-image-27045\" srcset=\"https:\/\/wrapcompliance.org\/wp-content\/uploads\/2022\/11\/iaf.eEDnrfLRiNTWsZghY-edited.png 463w, https:\/\/wrapcompliance.org\/wp-content\/uploads\/2022\/11\/iaf.eEDnrfLRiNTWsZghY-edited-300x300.png 300w, https:\/\/wrapcompliance.org\/wp-content\/uploads\/2022\/11\/iaf.eEDnrfLRiNTWsZghY-edited-150x150.png 150w, https:\/\/wrapcompliance.org\/wp-content\/uploads\/2022\/11\/iaf.eEDnrfLRiNTWsZghY-edited-12x12.png 12w, https:\/\/wrapcompliance.org\/wp-content\/uploads\/2022\/11\/iaf.eEDnrfLRiNTWsZghY-edited-100x100.png 100w\" sizes=\"auto, (max-width: 463px) 100vw, 463px\" \/><\/figure>\n<\/div><div class=\"block-background\" style=\"\"><\/div><\/div><\/div><\/div>\n\n<p class=\"appear-on-scroll\">C\u00e1c <a href=\"http:\/\/iafnet.com\" target=\"_blank\" rel=\"noreferrer noopener\">Li\u00ean \u0111o\u00e0n may m\u1eb7c qu\u1ed1c t\u1ebf (IAF)<\/a> l\u00e0 li\u00ean \u0111o\u00e0n h\u00e0ng \u0111\u1ea7u th\u1ebf gi\u1edbi d\u00e0nh cho c\u00e1c nh\u00e0 s\u1ea3n xu\u1ea5t h\u00e0ng may m\u1eb7c, th\u01b0\u01a1ng hi\u1ec7u (SME), hi\u1ec7p h\u1ed9i v\u00e0 ng\u00e0nh c\u00f4ng nghi\u1ec7p h\u1ed7 tr\u1ee3.<\/p>\n\n<p class=\"appear-on-scroll\">T\u01b0 c\u00e1ch th\u00e0nh vi\u00ean c\u1ee7a IAF hi\u1ec7n bao g\u1ed3m c\u00e1c hi\u1ec7p h\u1ed9i v\u00e0 c\u00f4ng ty may m\u1eb7c t\u1eeb h\u01a1n 40 qu\u1ed1c gia - t\u01b0 c\u00e1ch th\u00e0nh vi\u00ean \u0111\u1ea1i di\u1ec7n tr\u1ef1c ti\u1ebfp v\u00e0 gi\u00e1n ti\u1ebfp cho h\u01a1n 100 ngh\u00ecn c\u00f4ng ty v\u00e0 h\u01a1n 20 tri\u1ec7u nh\u00e2n vi\u00ean. IAF t\u1eadp h\u1ee3p c\u00e1c th\u00e0nh vi\u00ean c\u1ee7a m\u00ecnh l\u1ea1i v\u1edbi nhau \u0111\u1ec3 c\u00f9ng nhau t\u1ea1o ra chu\u1ed7i cung \u1ee9ng m\u1ea1nh m\u1ebd h\u01a1n, th\u00f4ng minh h\u01a1n v\u00e0 b\u1ec1n v\u1eefng h\u01a1n. N\u00f3 cung c\u1ea5p cho c\u00e1c th\u00e0nh vi\u00ean th\u00f4ng tin v\u00e0 h\u01b0\u1edbng d\u1eabn c\u00f3 gi\u00e1 tr\u1ecb, \u0111\u1ed3ng th\u1eddi \u0111\u1ea1i di\u1ec7n cho h\u1ecd tr\u00ean m\u1ed9t s\u1ed1 n\u1ec1n t\u1ea3ng qu\u1ed1c t\u1ebf nh\u1eb1m th\u00fac \u0111\u1ea9y ti\u00eau chu\u1ea9n h\u00f3a, h\u00e0i h\u00f2a h\u00f3a, h\u1ee3p t\u00e1c v\u00e0 t\u00ednh to\u00e0n di\u1ec7n trong ng\u00e0nh may m\u1eb7c. <\/p>\n\n<div  class=\"appear-on-scroll wp-block-buttons is-content-justification-left is-layout-flex wp-container-core-buttons-is-layout-fdcfc74e wp-block-buttons-is-layout-flex\" >\n<div class=\"wp-block-button\"><a class=\"wp-block-button__link wp-element-button\" href=\"https:\/\/www.iafnet.com\/\" target=\"_blank\" rel=\"noreferrer noopener\"><span class=\"label\">T\u00ecm hi\u1ec3u th\u00eam v\u1ec1 IAF<\/span><\/a><\/div>\n<\/div>","protected":false},"excerpt":{"rendered":"<p>The International Apparel Federation (IAF) is the world\u2019s leading federation for apparel manufacturers, (SME) brands, associations, and the supporting industry. IAF\u2019s membership now includes apparel associations and companies from more than 40 countries \u2013 a membership that directly and indirectly represents over 100k companies and more than 20 million employees. IAF brings its members together [&hellip;]<\/p>\n","protected":false},"author":31,"featured_media":0,"parent":24779,"menu_order":5,"comment_status":"closed","ping_status":"closed","template":"","meta":{"_acf_changed":false,"featured_image_background_position":"","footnotes":""},"class_list":["post-26753","page","type-page","status-publish","hentry"],"acf":[],"yoast_head":"<!-- This site is optimized with the Yoast SEO plugin v27.3 - https:\/\/yoast.com\/product\/yoast-seo-wordpress\/ -->\n<title>- WRAP Compliance<\/title>\n<meta name=\"robots\" content=\"index, follow, max-snippet:-1, max-image-preview:large, max-video-preview:-1\" \/>\n<link rel=\"canonical\" href=\"https:\/\/wrapcompliance.org\/vi\/collaboration\/iaf\/\" \/>\n<meta property=\"og:locale\" content=\"vi_VN\" \/>\n<meta property=\"og:type\" content=\"article\" \/>\n<meta property=\"og:title\" content=\"- WRAP Compliance\" \/>\n<meta property=\"og:description\" content=\"The International Apparel Federation (IAF) is the world\u2019s leading federation for apparel manufacturers, (SME) brands, associations, and the supporting industry. IAF\u2019s membership now includes apparel associations and companies from more than 40 countries \u2013 a membership that directly and indirectly represents over 100k companies and more than 20 million employees. IAF brings its members together [&hellip;]\" \/>\n<meta property=\"og:url\" content=\"https:\/\/wrapcompliance.org\/vi\/collaboration\/iaf\/\" \/>\n<meta property=\"og:site_name\" content=\"WRAP Compliance\" \/>\n<meta property=\"article:publisher\" content=\"https:\/\/www.facebook.com\/WRAPcompliance\/\" \/>\n<meta property=\"article:modified_time\" content=\"2026-04-17T18:50:41+00:00\" \/>\n<meta property=\"og:image\" content=\"https:\/\/wrapcompliance.org\/wp-content\/uploads\/2022\/11\/iaf.eEDnrfLRiNTWsZghY-edited.png\" \/>\n\t<meta property=\"og:image:width\" content=\"463\" \/>\n\t<meta property=\"og:image:height\" content=\"463\" \/>\n\t<meta property=\"og:image:type\" content=\"image\/png\" \/>\n<meta name=\"twitter:card\" content=\"summary_large_image\" \/>\n<meta name=\"twitter:site\" content=\"@wrapcompliance\" \/>\n<meta name=\"twitter:label1\" content=\"\u01af\u1edbc t\u00ednh th\u1eddi gian \u0111\u1ecdc\" \/>\n\t<meta name=\"twitter:data1\" content=\"1 ph\u00fat\" \/>\n<script type=\"application\/ld+json\" class=\"yoast-schema-graph\">{\"@context\":\"https:\\\/\\\/schema.org\",\"@graph\":[{\"@type\":\"WebPage\",\"@id\":\"https:\\\/\\\/wrapcompliance.org\\\/collaboration\\\/iaf\\\/\",\"url\":\"https:\\\/\\\/wrapcompliance.org\\\/collaboration\\\/iaf\\\/\",\"name\":\"- WRAP Compliance\",\"isPartOf\":{\"@id\":\"https:\\\/\\\/wrapcompliance.org\\\/en\\\/#website\"},\"primaryImageOfPage\":{\"@id\":\"https:\\\/\\\/wrapcompliance.org\\\/collaboration\\\/iaf\\\/#primaryimage\"},\"image\":{\"@id\":\"https:\\\/\\\/wrapcompliance.org\\\/collaboration\\\/iaf\\\/#primaryimage\"},\"thumbnailUrl\":\"https:\\\/\\\/wrapcompliance.org\\\/wp-content\\\/uploads\\\/2022\\\/11\\\/iaf.eEDnrfLRiNTWsZghY-edited.png\",\"datePublished\":\"2022-10-26T14:04:10+00:00\",\"dateModified\":\"2026-04-17T18:50:41+00:00\",\"breadcrumb\":{\"@id\":\"https:\\\/\\\/wrapcompliance.org\\\/collaboration\\\/iaf\\\/#breadcrumb\"},\"inLanguage\":\"vi\",\"potentialAction\":[{\"@type\":\"ReadAction\",\"target\":[\"https:\\\/\\\/wrapcompliance.org\\\/collaboration\\\/iaf\\\/\"]}]},{\"@type\":\"ImageObject\",\"inLanguage\":\"vi\",\"@id\":\"https:\\\/\\\/wrapcompliance.org\\\/collaboration\\\/iaf\\\/#primaryimage\",\"url\":\"https:\\\/\\\/wrapcompliance.org\\\/wp-content\\\/uploads\\\/2022\\\/11\\\/iaf.eEDnrfLRiNTWsZghY-edited.png\",\"contentUrl\":\"https:\\\/\\\/wrapcompliance.org\\\/wp-content\\\/uploads\\\/2022\\\/11\\\/iaf.eEDnrfLRiNTWsZghY-edited.png\"},{\"@type\":\"BreadcrumbList\",\"@id\":\"https:\\\/\\\/wrapcompliance.org\\\/collaboration\\\/iaf\\\/#breadcrumb\",\"itemListElement\":[{\"@type\":\"ListItem\",\"position\":1,\"name\":\"Home\",\"item\":\"https:\\\/\\\/wrapcompliance.org\\\/\"},{\"@type\":\"ListItem\",\"position\":2,\"name\":\"Leadership in Action\",\"item\":\"https:\\\/\\\/wrapcompliance.org\\\/collaboration\\\/\"}]},{\"@type\":\"WebSite\",\"@id\":\"https:\\\/\\\/wrapcompliance.org\\\/en\\\/#website\",\"url\":\"https:\\\/\\\/wrapcompliance.org\\\/en\\\/\",\"name\":\"WRAP Compliance\",\"description\":\"Ensuring production facilities operate in a safe, responsible, and ethical way. Through our 12 Principles, we promote lawful, humane manufacturing in facilities throughout the world via our Certification and Training programs.\",\"publisher\":{\"@id\":\"https:\\\/\\\/wrapcompliance.org\\\/en\\\/#organization\"},\"potentialAction\":[{\"@type\":\"SearchAction\",\"target\":{\"@type\":\"EntryPoint\",\"urlTemplate\":\"https:\\\/\\\/wrapcompliance.org\\\/en\\\/?s={search_term_string}\"},\"query-input\":{\"@type\":\"PropertyValueSpecification\",\"valueRequired\":true,\"valueName\":\"search_term_string\"}}],\"inLanguage\":\"vi\"},{\"@type\":\"Organization\",\"@id\":\"https:\\\/\\\/wrapcompliance.org\\\/en\\\/#organization\",\"name\":\"Worldwide Responsible Accredited Production\",\"alternateName\":\"WRAP Compliance\",\"url\":\"https:\\\/\\\/wrapcompliance.org\\\/en\\\/\",\"logo\":{\"@type\":\"ImageObject\",\"inLanguage\":\"vi\",\"@id\":\"https:\\\/\\\/wrapcompliance.org\\\/en\\\/#\\\/schema\\\/logo\\\/image\\\/\",\"url\":\"https:\\\/\\\/wrapcompliance.org\\\/wp-content\\\/uploads\\\/2022\\\/03\\\/WRAP_Logo_Update_Color_RGB.png\",\"contentUrl\":\"https:\\\/\\\/wrapcompliance.org\\\/wp-content\\\/uploads\\\/2022\\\/03\\\/WRAP_Logo_Update_Color_RGB.png\",\"width\":3601,\"height\":3451,\"caption\":\"Worldwide Responsible Accredited Production\"},\"image\":{\"@id\":\"https:\\\/\\\/wrapcompliance.org\\\/en\\\/#\\\/schema\\\/logo\\\/image\\\/\"},\"sameAs\":[\"https:\\\/\\\/www.facebook.com\\\/WRAPcompliance\\\/\",\"https:\\\/\\\/x.com\\\/wrapcompliance\",\"https:\\\/\\\/www.linkedin.com\\\/company\\\/wrapcompliance\"]}]}<\/script>\n<!-- \/ Yoast SEO plugin. -->","yoast_head_json":{"title":"- Tu\u00e2n th\u1ee7 WRAP","robots":{"index":"index","follow":"follow","max-snippet":"max-snippet:-1","max-image-preview":"max-image-preview:large","max-video-preview":"max-video-preview:-1"},"canonical":"https:\/\/wrapcompliance.org\/vi\/collaboration\/iaf\/","og_locale":"vi_VN","og_type":"article","og_title":"- WRAP Compliance","og_description":"The International Apparel Federation (IAF) is the world\u2019s leading federation for apparel manufacturers, (SME) brands, associations, and the supporting industry. IAF\u2019s membership now includes apparel associations and companies from more than 40 countries \u2013 a membership that directly and indirectly represents over 100k companies and more than 20 million employees. IAF brings its members together [&hellip;]","og_url":"https:\/\/wrapcompliance.org\/vi\/collaboration\/iaf\/","og_site_name":"WRAP Compliance","article_publisher":"https:\/\/www.facebook.com\/WRAPcompliance\/","article_modified_time":"2026-04-17T18:50:41+00:00","og_image":[{"width":463,"height":463,"url":"https:\/\/wrapcompliance.org\/wp-content\/uploads\/2022\/11\/iaf.eEDnrfLRiNTWsZghY-edited.png","type":"image\/png"}],"twitter_card":"summary_large_image","twitter_site":"@wrapcompliance","twitter_misc":{"\u01af\u1edbc t\u00ednh th\u1eddi gian \u0111\u1ecdc":"1 ph\u00fat"},"schema":{"@context":"https:\/\/schema.org","@graph":[{"@type":"WebPage","@id":"https:\/\/wrapcompliance.org\/collaboration\/iaf\/","url":"https:\/\/wrapcompliance.org\/collaboration\/iaf\/","name":"- Tu\u00e2n th\u1ee7 WRAP","isPartOf":{"@id":"https:\/\/wrapcompliance.org\/en\/#website"},"primaryImageOfPage":{"@id":"https:\/\/wrapcompliance.org\/collaboration\/iaf\/#primaryimage"},"image":{"@id":"https:\/\/wrapcompliance.org\/collaboration\/iaf\/#primaryimage"},"thumbnailUrl":"https:\/\/wrapcompliance.org\/wp-content\/uploads\/2022\/11\/iaf.eEDnrfLRiNTWsZghY-edited.png","datePublished":"2022-10-26T14:04:10+00:00","dateModified":"2026-04-17T18:50:41+00:00","breadcrumb":{"@id":"https:\/\/wrapcompliance.org\/collaboration\/iaf\/#breadcrumb"},"inLanguage":"vi","potentialAction":[{"@type":"ReadAction","target":["https:\/\/wrapcompliance.org\/collaboration\/iaf\/"]}]},{"@type":"ImageObject","inLanguage":"vi","@id":"https:\/\/wrapcompliance.org\/collaboration\/iaf\/#primaryimage","url":"https:\/\/wrapcompliance.org\/wp-content\/uploads\/2022\/11\/iaf.eEDnrfLRiNTWsZghY-edited.png","contentUrl":"https:\/\/wrapcompliance.org\/wp-content\/uploads\/2022\/11\/iaf.eEDnrfLRiNTWsZghY-edited.png"},{"@type":"BreadcrumbList","@id":"https:\/\/wrapcompliance.org\/collaboration\/iaf\/#breadcrumb","itemListElement":[{"@type":"ListItem","position":1,"name":"Home","item":"https:\/\/wrapcompliance.org\/"},{"@type":"ListItem","position":2,"name":"Leadership in Action","item":"https:\/\/wrapcompliance.org\/collaboration\/"}]},{"@type":"WebSite","@id":"https:\/\/wrapcompliance.org\/en\/#website","url":"https:\/\/wrapcompliance.org\/en\/","name":"Tu\u00e2n th\u1ee7 WRAP","description":"\u0110\u1ea3m b\u1ea3o c\u00e1c c\u01a1 s\u1edf s\u1ea3n xu\u1ea5t ho\u1ea1t \u0111\u1ed9ng m\u1ed9t c\u00e1ch an to\u00e0n, c\u00f3 tr\u00e1ch nhi\u1ec7m v\u00e0 \u0111\u1ea1o \u0111\u1ee9c. Th\u00f4ng qua 12 Nguy\u00ean t\u1eafc c\u1ee7a m\u00ecnh, ch\u00fang t\u00f4i th\u00fac \u0111\u1ea9y ho\u1ea1t \u0111\u1ed9ng s\u1ea3n xu\u1ea5t h\u1ee3p ph\u00e1p, nh\u00e2n \u0111\u1ea1o t\u1ea1i c\u00e1c c\u01a1 s\u1edf tr\u00ean to\u00e0n th\u1ebf gi\u1edbi th\u00f4ng qua c\u00e1c ch\u01b0\u01a1ng tr\u00ecnh Ch\u1ee9ng nh\u1eadn v\u00e0 \u0110\u00e0o t\u1ea1o c\u1ee7a m\u00ecnh.","publisher":{"@id":"https:\/\/wrapcompliance.org\/en\/#organization"},"potentialAction":[{"@type":"SearchAction","target":{"@type":"EntryPoint","urlTemplate":"https:\/\/wrapcompliance.org\/en\/?s={search_term_string}"},"query-input":{"@type":"PropertyValueSpecification","valueRequired":true,"valueName":"search_term_string"}}],"inLanguage":"vi"},{"@type":"Organization","@id":"https:\/\/wrapcompliance.org\/en\/#organization","name":"S\u1ea3n xu\u1ea5t \u0111\u01b0\u1ee3c c\u00f4ng nh\u1eadn c\u00f3 tr\u00e1ch nhi\u1ec7m tr\u00ean to\u00e0n th\u1ebf gi\u1edbi","alternateName":"WRAP Compliance","url":"https:\/\/wrapcompliance.org\/en\/","logo":{"@type":"ImageObject","inLanguage":"vi","@id":"https:\/\/wrapcompliance.org\/en\/#\/schema\/logo\/image\/","url":"https:\/\/wrapcompliance.org\/wp-content\/uploads\/2022\/03\/WRAP_Logo_Update_Color_RGB.png","contentUrl":"https:\/\/wrapcompliance.org\/wp-content\/uploads\/2022\/03\/WRAP_Logo_Update_Color_RGB.png","width":3601,"height":3451,"caption":"Worldwide Responsible Accredited Production"},"image":{"@id":"https:\/\/wrapcompliance.org\/en\/#\/schema\/logo\/image\/"},"sameAs":["https:\/\/www.facebook.com\/WRAPcompliance\/","https:\/\/x.com\/wrapcompliance","https:\/\/www.linkedin.com\/company\/wrapcompliance"]}]}},"_links":{"self":[{"href":"https:\/\/wrapcompliance.org\/vi\/wp-json\/wp\/v2\/pages\/26753","targetHints":{"allow":["GET"]}}],"collection":[{"href":"https:\/\/wrapcompliance.org\/vi\/wp-json\/wp\/v2\/pages"}],"about":[{"href":"https:\/\/wrapcompliance.org\/vi\/wp-json\/wp\/v2\/types\/page"}],"author":[{"embeddable":true,"href":"https:\/\/wrapcompliance.org\/vi\/wp-json\/wp\/v2\/users\/31"}],"replies":[{"embeddable":true,"href":"https:\/\/wrapcompliance.org\/vi\/wp-json\/wp\/v2\/comments?post=26753"}],"version-history":[{"count":1,"href":"https:\/\/wrapcompliance.org\/vi\/wp-json\/wp\/v2\/pages\/26753\/revisions"}],"predecessor-version":[{"id":2345014,"href":"https:\/\/wrapcompliance.org\/vi\/wp-json\/wp\/v2\/pages\/26753\/revisions\/2345014"}],"up":[{"embeddable":true,"href":"https:\/\/wrapcompliance.org\/vi\/wp-json\/wp\/v2\/pages\/24779"}],"wp:attachment":[{"href":"https:\/\/wrapcompliance.org\/vi\/wp-json\/wp\/v2\/media?parent=26753"}],"curies":[{"name":"wp","href":"https:\/\/api.w.org\/{rel}","templated":true}]}}