{"id":26804,"date":"2022-11-01T15:55:24","date_gmt":"2022-11-01T19:55:24","guid":{"rendered":"https:\/\/wrapcompliance.org\/?page_id=26804"},"modified":"2026-04-10T10:07:54","modified_gmt":"2026-04-10T14:07:54","slug":"wrap-facility-relocation-address-change-form","status":"publish","type":"page","link":"https:\/\/wrapcompliance.org\/vi\/certification\/wrap-facility-relocation-address-change-form\/","title":{"rendered":"\u0110\u01a1n thay \u0111\u1ed5i \u0111\u1ecba ch\u1ec9 c\u01a1 s\u1edf"},"content":{"rendered":"<div role=\"banner\" class=\"theme-block wp-block-theme-blocks-page-banner full-width has-background no-image\"><div class=\"wrap\"><div class=\"layout\"><h1 class=\"block-title appear-on-scroll\">\u0110\u01a1n thay \u0111\u1ed5i \u0111\u1ecba ch\u1ec9 c\u01a1 s\u1edf<\/h1><div class=\"block-content\">\n<p  class=\"appear-on-scroll is-style-intro\" >B\u1ea5t k\u1ef3 c\u01a1 s\u1edf n\u00e0o c\u00f3 \u0111\u1ecba \u0111i\u1ec3m th\u1ef1c t\u1ebf \u0111\u00e3 thay \u0111\u1ed5i trong n\u0103m qua \u0111\u1ec1u ph\u1ea3i g\u1eedi bi\u1ec3u m\u1eabu n\u00e0y \u0111\u1ec3 gia h\u1ea1n ch\u1ee9ng nh\u1eadn c\u1ee7a h\u1ecd. Gi\u1ea5y ph\u00e9p kinh doanh h\u1ee3p l\u1ec7 ph\u1ea3n \u00e1nh \u0111\u1ecba ch\u1ec9 m\u1edbi c\u0169ng ph\u1ea3i \u0111\u01b0\u1ee3c cung c\u1ea5p.<\/p>\n<\/div><div class=\"block-background\" style=\"\"><\/div><\/div><\/div><\/div>\n\n<p class=\"appear-on-scroll\">L\u01b0u \u00fd r\u1eb1ng n\u1ebfu m\u1ed9t c\u01a1 s\u1edf \u0111ang chuy\u1ec3n \u0111\u1ebfn m\u1ed9t \u0111\u1ecba \u0111i\u1ec3m m\u1edbi, th\u00ec ch\u1ee9ng ch\u1ec9 hi\u1ec7n t\u1ea1i c\u1ee7a c\u01a1 s\u1edf \u0111\u00f3 s\u1ebd h\u1ebft h\u1ea1n v\u00e0 c\u01a1 s\u1edf \u0111\u00f3 s\u1ebd ph\u1ea3i \u0111\u0103ng k\u00fd l\u00e0m c\u01a1 s\u1edf m\u1edbi v\u1edbi ID WRAP m\u1edbi.<\/p>\n\n<p class=\"appear-on-scroll\">N\u1ebfu m\u1ed9t c\u01a1 s\u1edf \u0111ang ti\u1ebfn h\u00e0nh thay \u0111\u1ed5i \u0111\u1ecba ch\u1ec9 do ch\u00ednh ph\u1ee7 kh\u1edfi x\u01b0\u1edbng (thay \u0111\u1ed5i \u0111\u1ecba ch\u1ec9 theo y\u00eau c\u1ea7u c\u1ee7a ch\u00ednh quy\u1ec1n \u0111\u1ecba ph\u01b0\u01a1ng kh\u00f4ng li\u00ean quan \u0111\u1ebfn vi\u1ec7c di d\u1eddi), h\u1ecd s\u1ebd \u0111\u01b0\u1ee3c c\u1ea5p gi\u1ea5y ch\u1ee9ng nh\u1eadn m\u1edbi sau khi \u0111\u01b0\u1ee3c ph\u00ea duy\u1ec7t.<\/p>\n\n<div  class=\"theme-block wp-block-group has-half-margin-top has-no-margin-bottom has-light-purple-background-color has-background is-layout-flow wp-block-group-is-layout-flow\" ><div class=\"wp-block-group__inner-container\"><\/div><\/div>\n\n\n<div style=\"height:10px\" aria-hidden=\"true\" class=\"wp-block-spacer\"><\/div>","protected":false},"excerpt":{"rendered":"<p>Note that if a facility is moving to a new location, its current certificate will expire and it will have to register as a new facility with a new WRAP ID. If a facility is undergoing a government-initiated address change (an address change required by a local government that does not involve relocation), they will [&hellip;]<\/p>\n","protected":false},"author":31,"featured_media":0,"parent":24387,"menu_order":7,"comment_status":"closed","ping_status":"closed","template":"","meta":{"_acf_changed":false,"featured_image_background_position":"","footnotes":""},"class_list":["post-26804","page","type-page","status-publish","hentry"],"acf":[],"yoast_head":"<!-- This site is optimized with the Yoast SEO plugin v27.4 - https:\/\/yoast.com\/product\/yoast-seo-wordpress\/ -->\n<title>Facility Address Change Form - WRAP Compliance<\/title>\n<meta name=\"robots\" content=\"index, follow, max-snippet:-1, max-image-preview:large, max-video-preview:-1\" \/>\n<link rel=\"canonical\" href=\"https:\/\/wrapcompliance.org\/vi\/certification\/wrap-facility-relocation-address-change-form\/\" \/>\n<meta property=\"og:locale\" content=\"vi_VN\" \/>\n<meta property=\"og:type\" content=\"article\" \/>\n<meta property=\"og:title\" content=\"Facility Address Change Form - WRAP Compliance\" \/>\n<meta property=\"og:description\" content=\"Note that if a facility is moving to a new location, its current certificate will expire and it will have to register as a new facility with a new WRAP ID. If a facility is undergoing a government-initiated address change (an address change required by a local government that does not involve relocation), they will [&hellip;]\" \/>\n<meta property=\"og:url\" content=\"https:\/\/wrapcompliance.org\/vi\/certification\/wrap-facility-relocation-address-change-form\/\" \/>\n<meta property=\"og:site_name\" content=\"WRAP Compliance\" \/>\n<meta property=\"article:publisher\" content=\"https:\/\/www.facebook.com\/WRAPcompliance\/\" \/>\n<meta property=\"article:modified_time\" content=\"2026-04-10T14:07:54+00:00\" \/>\n<meta property=\"og:image\" content=\"https:\/\/wrapcompliance.org\/wp-content\/uploads\/2022\/10\/social-default-1200.jpg\" \/>\n\t<meta property=\"og:image:width\" content=\"1200\" \/>\n\t<meta property=\"og:image:height\" content=\"630\" \/>\n\t<meta property=\"og:image:type\" content=\"image\/jpeg\" \/>\n<meta name=\"twitter:card\" content=\"summary_large_image\" \/>\n<meta name=\"twitter:site\" content=\"@wrapcompliance\" \/>\n<meta name=\"twitter:label1\" content=\"\u01af\u1edbc t\u00ednh th\u1eddi gian \u0111\u1ecdc\" \/>\n\t<meta name=\"twitter:data1\" content=\"1 ph\u00fat\" \/>\n<script type=\"application\/ld+json\" class=\"yoast-schema-graph\">{\"@context\":\"https:\\\/\\\/schema.org\",\"@graph\":[{\"@type\":\"WebPage\",\"@id\":\"https:\\\/\\\/wrapcompliance.org\\\/certification\\\/wrap-facility-relocation-address-change-form\\\/\",\"url\":\"https:\\\/\\\/wrapcompliance.org\\\/certification\\\/wrap-facility-relocation-address-change-form\\\/\",\"name\":\"Facility Address Change Form - WRAP Compliance\",\"isPartOf\":{\"@id\":\"https:\\\/\\\/wrapcompliance.org\\\/en\\\/#website\"},\"datePublished\":\"2022-11-01T19:55:24+00:00\",\"dateModified\":\"2026-04-10T14:07:54+00:00\",\"breadcrumb\":{\"@id\":\"https:\\\/\\\/wrapcompliance.org\\\/certification\\\/wrap-facility-relocation-address-change-form\\\/#breadcrumb\"},\"inLanguage\":\"vi\",\"potentialAction\":[{\"@type\":\"ReadAction\",\"target\":[\"https:\\\/\\\/wrapcompliance.org\\\/certification\\\/wrap-facility-relocation-address-change-form\\\/\"]}]},{\"@type\":\"BreadcrumbList\",\"@id\":\"https:\\\/\\\/wrapcompliance.org\\\/certification\\\/wrap-facility-relocation-address-change-form\\\/#breadcrumb\",\"itemListElement\":[{\"@type\":\"ListItem\",\"position\":1,\"name\":\"Home\",\"item\":\"https:\\\/\\\/wrapcompliance.org\\\/\"},{\"@type\":\"ListItem\",\"position\":2,\"name\":\"Certification Explained\",\"item\":\"https:\\\/\\\/wrapcompliance.org\\\/certification\\\/\"},{\"@type\":\"ListItem\",\"position\":3,\"name\":\"Facility Address Change Form\"}]},{\"@type\":\"WebSite\",\"@id\":\"https:\\\/\\\/wrapcompliance.org\\\/en\\\/#website\",\"url\":\"https:\\\/\\\/wrapcompliance.org\\\/en\\\/\",\"name\":\"WRAP Compliance\",\"description\":\"Ensuring production facilities operate in a safe, responsible, and ethical way. Through our 12 Principles, we promote lawful, humane manufacturing in facilities throughout the world via our Certification and Training programs.\",\"publisher\":{\"@id\":\"https:\\\/\\\/wrapcompliance.org\\\/en\\\/#organization\"},\"potentialAction\":[{\"@type\":\"SearchAction\",\"target\":{\"@type\":\"EntryPoint\",\"urlTemplate\":\"https:\\\/\\\/wrapcompliance.org\\\/en\\\/?s={search_term_string}\"},\"query-input\":{\"@type\":\"PropertyValueSpecification\",\"valueRequired\":true,\"valueName\":\"search_term_string\"}}],\"inLanguage\":\"vi\"},{\"@type\":\"Organization\",\"@id\":\"https:\\\/\\\/wrapcompliance.org\\\/en\\\/#organization\",\"name\":\"Worldwide Responsible Accredited Production\",\"alternateName\":\"WRAP Compliance\",\"url\":\"https:\\\/\\\/wrapcompliance.org\\\/en\\\/\",\"logo\":{\"@type\":\"ImageObject\",\"inLanguage\":\"vi\",\"@id\":\"https:\\\/\\\/wrapcompliance.org\\\/en\\\/#\\\/schema\\\/logo\\\/image\\\/\",\"url\":\"https:\\\/\\\/wrapcompliance.org\\\/wp-content\\\/uploads\\\/2022\\\/03\\\/WRAP_Logo_Update_Color_RGB.png\",\"contentUrl\":\"https:\\\/\\\/wrapcompliance.org\\\/wp-content\\\/uploads\\\/2022\\\/03\\\/WRAP_Logo_Update_Color_RGB.png\",\"width\":3601,\"height\":3451,\"caption\":\"Worldwide Responsible Accredited Production\"},\"image\":{\"@id\":\"https:\\\/\\\/wrapcompliance.org\\\/en\\\/#\\\/schema\\\/logo\\\/image\\\/\"},\"sameAs\":[\"https:\\\/\\\/www.facebook.com\\\/WRAPcompliance\\\/\",\"https:\\\/\\\/x.com\\\/wrapcompliance\",\"https:\\\/\\\/www.linkedin.com\\\/company\\\/wrapcompliance\"]}]}<\/script>\n<!-- \/ Yoast SEO plugin. -->","yoast_head_json":{"title":"M\u1eabu \u0111\u01a1n thay \u0111\u1ed5i \u0111\u1ecba ch\u1ec9 c\u01a1 s\u1edf - Tu\u00e2n th\u1ee7 WRAP","robots":{"index":"index","follow":"follow","max-snippet":"max-snippet:-1","max-image-preview":"max-image-preview:large","max-video-preview":"max-video-preview:-1"},"canonical":"https:\/\/wrapcompliance.org\/vi\/certification\/wrap-facility-relocation-address-change-form\/","og_locale":"vi_VN","og_type":"article","og_title":"Facility Address Change Form - WRAP Compliance","og_description":"Note that if a facility is moving to a new location, its current certificate will expire and it will have to register as a new facility with a new WRAP ID. If a facility is undergoing a government-initiated address change (an address change required by a local government that does not involve relocation), they will [&hellip;]","og_url":"https:\/\/wrapcompliance.org\/vi\/certification\/wrap-facility-relocation-address-change-form\/","og_site_name":"WRAP Compliance","article_publisher":"https:\/\/www.facebook.com\/WRAPcompliance\/","article_modified_time":"2026-04-10T14:07:54+00:00","og_image":[{"width":1200,"height":630,"url":"https:\/\/wrapcompliance.org\/wp-content\/uploads\/2022\/10\/social-default-1200.jpg","type":"image\/jpeg"}],"twitter_card":"summary_large_image","twitter_site":"@wrapcompliance","twitter_misc":{"\u01af\u1edbc t\u00ednh th\u1eddi gian \u0111\u1ecdc":"1 ph\u00fat"},"schema":{"@context":"https:\/\/schema.org","@graph":[{"@type":"WebPage","@id":"https:\/\/wrapcompliance.org\/certification\/wrap-facility-relocation-address-change-form\/","url":"https:\/\/wrapcompliance.org\/certification\/wrap-facility-relocation-address-change-form\/","name":"M\u1eabu \u0111\u01a1n thay \u0111\u1ed5i \u0111\u1ecba ch\u1ec9 c\u01a1 s\u1edf - Tu\u00e2n th\u1ee7 WRAP","isPartOf":{"@id":"https:\/\/wrapcompliance.org\/en\/#website"},"datePublished":"2022-11-01T19:55:24+00:00","dateModified":"2026-04-10T14:07:54+00:00","breadcrumb":{"@id":"https:\/\/wrapcompliance.org\/certification\/wrap-facility-relocation-address-change-form\/#breadcrumb"},"inLanguage":"vi","potentialAction":[{"@type":"ReadAction","target":["https:\/\/wrapcompliance.org\/certification\/wrap-facility-relocation-address-change-form\/"]}]},{"@type":"BreadcrumbList","@id":"https:\/\/wrapcompliance.org\/certification\/wrap-facility-relocation-address-change-form\/#breadcrumb","itemListElement":[{"@type":"ListItem","position":1,"name":"Home","item":"https:\/\/wrapcompliance.org\/"},{"@type":"ListItem","position":2,"name":"Certification Explained","item":"https:\/\/wrapcompliance.org\/certification\/"},{"@type":"ListItem","position":3,"name":"Facility Address Change Form"}]},{"@type":"WebSite","@id":"https:\/\/wrapcompliance.org\/en\/#website","url":"https:\/\/wrapcompliance.org\/en\/","name":"Tu\u00e2n th\u1ee7 WRAP","description":"\u0110\u1ea3m b\u1ea3o c\u00e1c c\u01a1 s\u1edf s\u1ea3n xu\u1ea5t ho\u1ea1t \u0111\u1ed9ng m\u1ed9t c\u00e1ch an to\u00e0n, c\u00f3 tr\u00e1ch nhi\u1ec7m v\u00e0 \u0111\u1ea1o \u0111\u1ee9c. Th\u00f4ng qua 12 Nguy\u00ean t\u1eafc c\u1ee7a m\u00ecnh, ch\u00fang t\u00f4i th\u00fac \u0111\u1ea9y ho\u1ea1t \u0111\u1ed9ng s\u1ea3n xu\u1ea5t h\u1ee3p ph\u00e1p, nh\u00e2n \u0111\u1ea1o t\u1ea1i c\u00e1c c\u01a1 s\u1edf tr\u00ean to\u00e0n th\u1ebf gi\u1edbi th\u00f4ng qua c\u00e1c ch\u01b0\u01a1ng tr\u00ecnh Ch\u1ee9ng nh\u1eadn v\u00e0 \u0110\u00e0o t\u1ea1o c\u1ee7a m\u00ecnh.","publisher":{"@id":"https:\/\/wrapcompliance.org\/en\/#organization"},"potentialAction":[{"@type":"SearchAction","target":{"@type":"EntryPoint","urlTemplate":"https:\/\/wrapcompliance.org\/en\/?s={search_term_string}"},"query-input":{"@type":"PropertyValueSpecification","valueRequired":true,"valueName":"search_term_string"}}],"inLanguage":"vi"},{"@type":"Organization","@id":"https:\/\/wrapcompliance.org\/en\/#organization","name":"S\u1ea3n xu\u1ea5t \u0111\u01b0\u1ee3c c\u00f4ng nh\u1eadn c\u00f3 tr\u00e1ch nhi\u1ec7m tr\u00ean to\u00e0n th\u1ebf gi\u1edbi","alternateName":"WRAP Compliance","url":"https:\/\/wrapcompliance.org\/en\/","logo":{"@type":"ImageObject","inLanguage":"vi","@id":"https:\/\/wrapcompliance.org\/en\/#\/schema\/logo\/image\/","url":"https:\/\/wrapcompliance.org\/wp-content\/uploads\/2022\/03\/WRAP_Logo_Update_Color_RGB.png","contentUrl":"https:\/\/wrapcompliance.org\/wp-content\/uploads\/2022\/03\/WRAP_Logo_Update_Color_RGB.png","width":3601,"height":3451,"caption":"Worldwide Responsible Accredited Production"},"image":{"@id":"https:\/\/wrapcompliance.org\/en\/#\/schema\/logo\/image\/"},"sameAs":["https:\/\/www.facebook.com\/WRAPcompliance\/","https:\/\/x.com\/wrapcompliance","https:\/\/www.linkedin.com\/company\/wrapcompliance"]}]}},"_links":{"self":[{"href":"https:\/\/wrapcompliance.org\/vi\/wp-json\/wp\/v2\/pages\/26804","targetHints":{"allow":["GET"]}}],"collection":[{"href":"https:\/\/wrapcompliance.org\/vi\/wp-json\/wp\/v2\/pages"}],"about":[{"href":"https:\/\/wrapcompliance.org\/vi\/wp-json\/wp\/v2\/types\/page"}],"author":[{"embeddable":true,"href":"https:\/\/wrapcompliance.org\/vi\/wp-json\/wp\/v2\/users\/31"}],"replies":[{"embeddable":true,"href":"https:\/\/wrapcompliance.org\/vi\/wp-json\/wp\/v2\/comments?post=26804"}],"version-history":[{"count":1,"href":"https:\/\/wrapcompliance.org\/vi\/wp-json\/wp\/v2\/pages\/26804\/revisions"}],"predecessor-version":[{"id":2344970,"href":"https:\/\/wrapcompliance.org\/vi\/wp-json\/wp\/v2\/pages\/26804\/revisions\/2344970"}],"up":[{"embeddable":true,"href":"https:\/\/wrapcompliance.org\/vi\/wp-json\/wp\/v2\/pages\/24387"}],"wp:attachment":[{"href":"https:\/\/wrapcompliance.org\/vi\/wp-json\/wp\/v2\/media?parent=26804"}],"curies":[{"name":"wp","href":"https:\/\/api.w.org\/{rel}","templated":true}]}}