{"id":29860,"date":"2023-06-22T11:39:40","date_gmt":"2023-06-22T15:39:40","guid":{"rendered":"https:\/\/wrapcompliance.org\/?page_id=29860"},"modified":"2026-04-17T14:51:18","modified_gmt":"2026-04-17T18:51:18","slug":"canaive","status":"publish","type":"page","link":"https:\/\/wrapcompliance.org\/vi\/collaboration\/canaive\/","title":{"rendered":""},"content":{"rendered":"<div role=\"banner\" class=\"theme-block wp-block-theme-blocks-page-banner full-width has-background no-image\"><div class=\"wrap\"><div class=\"layout\"><h1 class=\"block-title appear-on-scroll\"><\/h1><div class=\"block-content\">\n<figure  class=\"appear-on-scroll wp-block-image size-full\" ><img loading=\"lazy\" decoding=\"async\" width=\"945\" height=\"895\" src=\"https:\/\/wrapcompliance.org\/wp-content\/uploads\/2023\/06\/Canaive-logo.png\" alt=\"\" class=\"wp-image-29861\" srcset=\"https:\/\/wrapcompliance.org\/wp-content\/uploads\/2023\/06\/Canaive-logo.png 945w, https:\/\/wrapcompliance.org\/wp-content\/uploads\/2023\/06\/Canaive-logo-300x284.png 300w, https:\/\/wrapcompliance.org\/wp-content\/uploads\/2023\/06\/Canaive-logo-768x727.png 768w, https:\/\/wrapcompliance.org\/wp-content\/uploads\/2023\/06\/Canaive-logo-13x12.png 13w, https:\/\/wrapcompliance.org\/wp-content\/uploads\/2023\/06\/Canaive-logo-600x568.png 600w\" sizes=\"auto, (max-width: 945px) 100vw, 945px\" \/><\/figure>\n<\/div><div class=\"block-background\" style=\"--background-color:#F1F1FF\"><\/div><\/div><\/div><\/div>\n\n<p  class=\"appear-on-scroll is-style-default\" ><a href=\"https:\/\/canaive.mx\/nosotros\" target=\"_blank\" rel=\"noreferrer noopener\">La C\u00e1mara Nacional de la Industria del vestido (CANAIVE)<\/a> l\u00e0 Ph\u00f2ng Th\u01b0\u01a1ng m\u1ea1i Qu\u1ed1c gia Ng\u00e0nh C\u00f4ng nghi\u1ec7p May m\u1eb7c Mexico. Trong h\u01a1n 75 n\u0103m qua, CANAIVE \u0111\u00e3 \u0111\u1ea1i di\u1ec7n cho l\u1ee3i \u00edch c\u1ee7a c\u00e1c nh\u00e0 s\u1ea3n xu\u1ea5t may m\u1eb7c Mexico tr\u01b0\u1edbc c\u00e1c t\u1ed5 ch\u1ee9c t\u01b0 nh\u00e2n v\u00e0 c\u00f4ng c\u1ed9ng tr\u00ean to\u00e0n c\u1ea7u. T\u1ed5 ch\u1ee9c n\u00e0y c\u00f3 ch\u00edn ph\u00e1i \u0111o\u00e0n: Aguascalientes, Guanajuato, Gentleman, Jalisco, Lagoon, Morelos, New Lion, Puebla \u2013 Tlaxcala v\u00e0 Yucatan.<\/p>\n\n<p  class=\"appear-on-scroll is-style-default\" >CANAIVE v\u00e0 WRAP c\u00f9ng nhau th\u00fac \u0111\u1ea9y s\u1ea3n xu\u1ea5t v\u00e0 cung \u1ee9ng c\u00f3 \u0111\u1ea1o \u0111\u1ee9c t\u1ea1i Mexico.<\/p>\n\n<div  class=\"appear-on-scroll wp-block-buttons is-content-justification-left is-layout-flex wp-container-core-buttons-is-layout-fdcfc74e wp-block-buttons-is-layout-flex\" >\n<div class=\"wp-block-button\"><a class=\"wp-block-button__link wp-element-button\" href=\"https:\/\/canaive.mx\/nosotros\" target=\"_blank\" rel=\"noreferrer noopener\"><span class=\"label\">T\u00ecm hi\u1ec3u th\u00eam v\u1ec1 CANAIVE<\/span><\/a><\/div>\n<\/div>","protected":false},"excerpt":{"rendered":"<p>La C\u00e1mara Nacional de la Industria del Vestido (CANAIVE) is Mexico&#8217;s National Chamber of the Apparel Industry. For more than 75 years, CANAIVE has represented the interests of Mexican apparel manufacturers before private and public institutions across the globe. The organization has nine delegations: Aguascalientes, Guanajuato, Gentleman, Jalisco, Lagoon, Morelos, New Lion, Puebla &#8211; Tlaxcala, [&hellip;]<\/p>\n","protected":false},"author":3,"featured_media":0,"parent":24779,"menu_order":9,"comment_status":"closed","ping_status":"closed","template":"","meta":{"_acf_changed":false,"featured_image_background_position":"","footnotes":""},"class_list":["post-29860","page","type-page","status-publish","hentry"],"acf":[],"yoast_head":"<!-- This site is optimized with the Yoast SEO plugin v27.3 - https:\/\/yoast.com\/product\/yoast-seo-wordpress\/ -->\n<title>- WRAP Compliance<\/title>\n<meta name=\"robots\" content=\"index, follow, max-snippet:-1, max-image-preview:large, max-video-preview:-1\" \/>\n<link rel=\"canonical\" href=\"https:\/\/wrapcompliance.org\/vi\/collaboration\/canaive\/\" \/>\n<meta property=\"og:locale\" content=\"vi_VN\" \/>\n<meta property=\"og:type\" content=\"article\" \/>\n<meta property=\"og:title\" content=\"- WRAP Compliance\" \/>\n<meta property=\"og:description\" content=\"La C\u00e1mara Nacional de la Industria del Vestido (CANAIVE) is Mexico&#8217;s National Chamber of the Apparel Industry. For more than 75 years, CANAIVE has represented the interests of Mexican apparel manufacturers before private and public institutions across the globe. The organization has nine delegations: Aguascalientes, Guanajuato, Gentleman, Jalisco, Lagoon, Morelos, New Lion, Puebla &#8211; Tlaxcala, [&hellip;]\" \/>\n<meta property=\"og:url\" content=\"https:\/\/wrapcompliance.org\/vi\/collaboration\/canaive\/\" \/>\n<meta property=\"og:site_name\" content=\"WRAP Compliance\" \/>\n<meta property=\"article:publisher\" content=\"https:\/\/www.facebook.com\/WRAPcompliance\/\" \/>\n<meta property=\"article:modified_time\" content=\"2026-04-17T18:51:18+00:00\" \/>\n<meta property=\"og:image\" content=\"https:\/\/wrapcompliance.org\/wp-content\/uploads\/2023\/06\/Canaive-logo.png\" \/>\n\t<meta property=\"og:image:width\" content=\"945\" \/>\n\t<meta property=\"og:image:height\" content=\"895\" \/>\n\t<meta property=\"og:image:type\" content=\"image\/png\" \/>\n<meta name=\"twitter:card\" content=\"summary_large_image\" \/>\n<meta name=\"twitter:site\" content=\"@wrapcompliance\" \/>\n<meta name=\"twitter:label1\" content=\"\u01af\u1edbc t\u00ednh th\u1eddi gian \u0111\u1ecdc\" \/>\n\t<meta name=\"twitter:data1\" content=\"1 ph\u00fat\" \/>\n<script type=\"application\/ld+json\" class=\"yoast-schema-graph\">{\"@context\":\"https:\\\/\\\/schema.org\",\"@graph\":[{\"@type\":\"WebPage\",\"@id\":\"https:\\\/\\\/wrapcompliance.org\\\/collaboration\\\/canaive\\\/\",\"url\":\"https:\\\/\\\/wrapcompliance.org\\\/collaboration\\\/canaive\\\/\",\"name\":\"- WRAP Compliance\",\"isPartOf\":{\"@id\":\"https:\\\/\\\/wrapcompliance.org\\\/en\\\/#website\"},\"primaryImageOfPage\":{\"@id\":\"https:\\\/\\\/wrapcompliance.org\\\/collaboration\\\/canaive\\\/#primaryimage\"},\"image\":{\"@id\":\"https:\\\/\\\/wrapcompliance.org\\\/collaboration\\\/canaive\\\/#primaryimage\"},\"thumbnailUrl\":\"https:\\\/\\\/wrapcompliance.org\\\/wp-content\\\/uploads\\\/2023\\\/06\\\/Canaive-logo.png\",\"datePublished\":\"2023-06-22T15:39:40+00:00\",\"dateModified\":\"2026-04-17T18:51:18+00:00\",\"breadcrumb\":{\"@id\":\"https:\\\/\\\/wrapcompliance.org\\\/collaboration\\\/canaive\\\/#breadcrumb\"},\"inLanguage\":\"vi\",\"potentialAction\":[{\"@type\":\"ReadAction\",\"target\":[\"https:\\\/\\\/wrapcompliance.org\\\/collaboration\\\/canaive\\\/\"]}]},{\"@type\":\"ImageObject\",\"inLanguage\":\"vi\",\"@id\":\"https:\\\/\\\/wrapcompliance.org\\\/collaboration\\\/canaive\\\/#primaryimage\",\"url\":\"https:\\\/\\\/wrapcompliance.org\\\/wp-content\\\/uploads\\\/2023\\\/06\\\/Canaive-logo.png\",\"contentUrl\":\"https:\\\/\\\/wrapcompliance.org\\\/wp-content\\\/uploads\\\/2023\\\/06\\\/Canaive-logo.png\"},{\"@type\":\"BreadcrumbList\",\"@id\":\"https:\\\/\\\/wrapcompliance.org\\\/collaboration\\\/canaive\\\/#breadcrumb\",\"itemListElement\":[{\"@type\":\"ListItem\",\"position\":1,\"name\":\"Home\",\"item\":\"https:\\\/\\\/wrapcompliance.org\\\/\"},{\"@type\":\"ListItem\",\"position\":2,\"name\":\"Leadership in Action\",\"item\":\"https:\\\/\\\/wrapcompliance.org\\\/collaboration\\\/\"}]},{\"@type\":\"WebSite\",\"@id\":\"https:\\\/\\\/wrapcompliance.org\\\/en\\\/#website\",\"url\":\"https:\\\/\\\/wrapcompliance.org\\\/en\\\/\",\"name\":\"WRAP Compliance\",\"description\":\"Ensuring production facilities operate in a safe, responsible, and ethical way. Through our 12 Principles, we promote lawful, humane manufacturing in facilities throughout the world via our Certification and Training programs.\",\"publisher\":{\"@id\":\"https:\\\/\\\/wrapcompliance.org\\\/en\\\/#organization\"},\"potentialAction\":[{\"@type\":\"SearchAction\",\"target\":{\"@type\":\"EntryPoint\",\"urlTemplate\":\"https:\\\/\\\/wrapcompliance.org\\\/en\\\/?s={search_term_string}\"},\"query-input\":{\"@type\":\"PropertyValueSpecification\",\"valueRequired\":true,\"valueName\":\"search_term_string\"}}],\"inLanguage\":\"vi\"},{\"@type\":\"Organization\",\"@id\":\"https:\\\/\\\/wrapcompliance.org\\\/en\\\/#organization\",\"name\":\"Worldwide Responsible Accredited Production\",\"alternateName\":\"WRAP Compliance\",\"url\":\"https:\\\/\\\/wrapcompliance.org\\\/en\\\/\",\"logo\":{\"@type\":\"ImageObject\",\"inLanguage\":\"vi\",\"@id\":\"https:\\\/\\\/wrapcompliance.org\\\/en\\\/#\\\/schema\\\/logo\\\/image\\\/\",\"url\":\"https:\\\/\\\/wrapcompliance.org\\\/wp-content\\\/uploads\\\/2022\\\/03\\\/WRAP_Logo_Update_Color_RGB.png\",\"contentUrl\":\"https:\\\/\\\/wrapcompliance.org\\\/wp-content\\\/uploads\\\/2022\\\/03\\\/WRAP_Logo_Update_Color_RGB.png\",\"width\":3601,\"height\":3451,\"caption\":\"Worldwide Responsible Accredited Production\"},\"image\":{\"@id\":\"https:\\\/\\\/wrapcompliance.org\\\/en\\\/#\\\/schema\\\/logo\\\/image\\\/\"},\"sameAs\":[\"https:\\\/\\\/www.facebook.com\\\/WRAPcompliance\\\/\",\"https:\\\/\\\/x.com\\\/wrapcompliance\",\"https:\\\/\\\/www.linkedin.com\\\/company\\\/wrapcompliance\"]}]}<\/script>\n<!-- \/ Yoast SEO plugin. -->","yoast_head_json":{"title":"- Tu\u00e2n th\u1ee7 WRAP","robots":{"index":"index","follow":"follow","max-snippet":"max-snippet:-1","max-image-preview":"max-image-preview:large","max-video-preview":"max-video-preview:-1"},"canonical":"https:\/\/wrapcompliance.org\/vi\/collaboration\/canaive\/","og_locale":"vi_VN","og_type":"article","og_title":"- WRAP Compliance","og_description":"La C\u00e1mara Nacional de la Industria del Vestido (CANAIVE) is Mexico&#8217;s National Chamber of the Apparel Industry. For more than 75 years, CANAIVE has represented the interests of Mexican apparel manufacturers before private and public institutions across the globe. The organization has nine delegations: Aguascalientes, Guanajuato, Gentleman, Jalisco, Lagoon, Morelos, New Lion, Puebla &#8211; Tlaxcala, [&hellip;]","og_url":"https:\/\/wrapcompliance.org\/vi\/collaboration\/canaive\/","og_site_name":"WRAP Compliance","article_publisher":"https:\/\/www.facebook.com\/WRAPcompliance\/","article_modified_time":"2026-04-17T18:51:18+00:00","og_image":[{"width":945,"height":895,"url":"https:\/\/wrapcompliance.org\/wp-content\/uploads\/2023\/06\/Canaive-logo.png","type":"image\/png"}],"twitter_card":"summary_large_image","twitter_site":"@wrapcompliance","twitter_misc":{"\u01af\u1edbc t\u00ednh th\u1eddi gian \u0111\u1ecdc":"1 ph\u00fat"},"schema":{"@context":"https:\/\/schema.org","@graph":[{"@type":"WebPage","@id":"https:\/\/wrapcompliance.org\/collaboration\/canaive\/","url":"https:\/\/wrapcompliance.org\/collaboration\/canaive\/","name":"- Tu\u00e2n th\u1ee7 WRAP","isPartOf":{"@id":"https:\/\/wrapcompliance.org\/en\/#website"},"primaryImageOfPage":{"@id":"https:\/\/wrapcompliance.org\/collaboration\/canaive\/#primaryimage"},"image":{"@id":"https:\/\/wrapcompliance.org\/collaboration\/canaive\/#primaryimage"},"thumbnailUrl":"https:\/\/wrapcompliance.org\/wp-content\/uploads\/2023\/06\/Canaive-logo.png","datePublished":"2023-06-22T15:39:40+00:00","dateModified":"2026-04-17T18:51:18+00:00","breadcrumb":{"@id":"https:\/\/wrapcompliance.org\/collaboration\/canaive\/#breadcrumb"},"inLanguage":"vi","potentialAction":[{"@type":"ReadAction","target":["https:\/\/wrapcompliance.org\/collaboration\/canaive\/"]}]},{"@type":"ImageObject","inLanguage":"vi","@id":"https:\/\/wrapcompliance.org\/collaboration\/canaive\/#primaryimage","url":"https:\/\/wrapcompliance.org\/wp-content\/uploads\/2023\/06\/Canaive-logo.png","contentUrl":"https:\/\/wrapcompliance.org\/wp-content\/uploads\/2023\/06\/Canaive-logo.png"},{"@type":"BreadcrumbList","@id":"https:\/\/wrapcompliance.org\/collaboration\/canaive\/#breadcrumb","itemListElement":[{"@type":"ListItem","position":1,"name":"Home","item":"https:\/\/wrapcompliance.org\/"},{"@type":"ListItem","position":2,"name":"Leadership in Action","item":"https:\/\/wrapcompliance.org\/collaboration\/"}]},{"@type":"WebSite","@id":"https:\/\/wrapcompliance.org\/en\/#website","url":"https:\/\/wrapcompliance.org\/en\/","name":"Tu\u00e2n th\u1ee7 WRAP","description":"\u0110\u1ea3m b\u1ea3o c\u00e1c c\u01a1 s\u1edf s\u1ea3n xu\u1ea5t ho\u1ea1t \u0111\u1ed9ng m\u1ed9t c\u00e1ch an to\u00e0n, c\u00f3 tr\u00e1ch nhi\u1ec7m v\u00e0 \u0111\u1ea1o \u0111\u1ee9c. Th\u00f4ng qua 12 Nguy\u00ean t\u1eafc c\u1ee7a m\u00ecnh, ch\u00fang t\u00f4i th\u00fac \u0111\u1ea9y ho\u1ea1t \u0111\u1ed9ng s\u1ea3n xu\u1ea5t h\u1ee3p ph\u00e1p, nh\u00e2n \u0111\u1ea1o t\u1ea1i c\u00e1c c\u01a1 s\u1edf tr\u00ean to\u00e0n th\u1ebf gi\u1edbi th\u00f4ng qua c\u00e1c ch\u01b0\u01a1ng tr\u00ecnh Ch\u1ee9ng nh\u1eadn v\u00e0 \u0110\u00e0o t\u1ea1o c\u1ee7a m\u00ecnh.","publisher":{"@id":"https:\/\/wrapcompliance.org\/en\/#organization"},"potentialAction":[{"@type":"SearchAction","target":{"@type":"EntryPoint","urlTemplate":"https:\/\/wrapcompliance.org\/en\/?s={search_term_string}"},"query-input":{"@type":"PropertyValueSpecification","valueRequired":true,"valueName":"search_term_string"}}],"inLanguage":"vi"},{"@type":"Organization","@id":"https:\/\/wrapcompliance.org\/en\/#organization","name":"S\u1ea3n xu\u1ea5t \u0111\u01b0\u1ee3c c\u00f4ng nh\u1eadn c\u00f3 tr\u00e1ch nhi\u1ec7m tr\u00ean to\u00e0n th\u1ebf gi\u1edbi","alternateName":"WRAP Compliance","url":"https:\/\/wrapcompliance.org\/en\/","logo":{"@type":"ImageObject","inLanguage":"vi","@id":"https:\/\/wrapcompliance.org\/en\/#\/schema\/logo\/image\/","url":"https:\/\/wrapcompliance.org\/wp-content\/uploads\/2022\/03\/WRAP_Logo_Update_Color_RGB.png","contentUrl":"https:\/\/wrapcompliance.org\/wp-content\/uploads\/2022\/03\/WRAP_Logo_Update_Color_RGB.png","width":3601,"height":3451,"caption":"Worldwide Responsible Accredited Production"},"image":{"@id":"https:\/\/wrapcompliance.org\/en\/#\/schema\/logo\/image\/"},"sameAs":["https:\/\/www.facebook.com\/WRAPcompliance\/","https:\/\/x.com\/wrapcompliance","https:\/\/www.linkedin.com\/company\/wrapcompliance"]}]}},"_links":{"self":[{"href":"https:\/\/wrapcompliance.org\/vi\/wp-json\/wp\/v2\/pages\/29860","targetHints":{"allow":["GET"]}}],"collection":[{"href":"https:\/\/wrapcompliance.org\/vi\/wp-json\/wp\/v2\/pages"}],"about":[{"href":"https:\/\/wrapcompliance.org\/vi\/wp-json\/wp\/v2\/types\/page"}],"author":[{"embeddable":true,"href":"https:\/\/wrapcompliance.org\/vi\/wp-json\/wp\/v2\/users\/3"}],"replies":[{"embeddable":true,"href":"https:\/\/wrapcompliance.org\/vi\/wp-json\/wp\/v2\/comments?post=29860"}],"version-history":[{"count":1,"href":"https:\/\/wrapcompliance.org\/vi\/wp-json\/wp\/v2\/pages\/29860\/revisions"}],"predecessor-version":[{"id":2345018,"href":"https:\/\/wrapcompliance.org\/vi\/wp-json\/wp\/v2\/pages\/29860\/revisions\/2345018"}],"up":[{"embeddable":true,"href":"https:\/\/wrapcompliance.org\/vi\/wp-json\/wp\/v2\/pages\/24779"}],"wp:attachment":[{"href":"https:\/\/wrapcompliance.org\/vi\/wp-json\/wp\/v2\/media?parent=29860"}],"curies":[{"name":"wp","href":"https:\/\/api.w.org\/{rel}","templated":true}]}}