{"id":29873,"date":"2023-06-22T14:16:38","date_gmt":"2023-06-22T18:16:38","guid":{"rendered":"https:\/\/wrapcompliance.org\/?page_id=29873"},"modified":"2026-04-17T14:51:28","modified_gmt":"2026-04-17T18:51:28","slug":"bgmea","status":"publish","type":"page","link":"https:\/\/wrapcompliance.org\/vi\/collaboration\/bgmea\/","title":{"rendered":""},"content":{"rendered":"<div role=\"banner\" class=\"theme-block wp-block-theme-blocks-page-banner full-width has-background no-image\"><div class=\"wrap\"><div class=\"layout\"><h1 class=\"block-title appear-on-scroll\"><\/h1><div class=\"block-content\">\n<figure  class=\"appear-on-scroll wp-block-image size-large\" ><img loading=\"lazy\" decoding=\"async\" width=\"1024\" height=\"576\" src=\"https:\/\/wrapcompliance.org\/wp-content\/uploads\/2023\/06\/ahm-big-logo-2-1024x576.png\" alt=\"\" class=\"wp-image-29874\" srcset=\"https:\/\/wrapcompliance.org\/wp-content\/uploads\/2023\/06\/ahm-big-logo-2-1024x576.png 1024w, https:\/\/wrapcompliance.org\/wp-content\/uploads\/2023\/06\/ahm-big-logo-2-300x169.png 300w, https:\/\/wrapcompliance.org\/wp-content\/uploads\/2023\/06\/ahm-big-logo-2-768x432.png 768w, https:\/\/wrapcompliance.org\/wp-content\/uploads\/2023\/06\/ahm-big-logo-2-1536x864.png 1536w, https:\/\/wrapcompliance.org\/wp-content\/uploads\/2023\/06\/ahm-big-logo-2.png 2048w, https:\/\/wrapcompliance.org\/wp-content\/uploads\/2023\/06\/ahm-big-logo-2-18x10.png 18w, https:\/\/wrapcompliance.org\/wp-content\/uploads\/2023\/06\/ahm-big-logo-2-2000x1125.png 2000w, https:\/\/wrapcompliance.org\/wp-content\/uploads\/2023\/06\/ahm-big-logo-2-600x338.png 600w, https:\/\/wrapcompliance.org\/wp-content\/uploads\/2023\/06\/ahm-big-logo-2-1000x563.png 1000w\" sizes=\"auto, (max-width: 1024px) 100vw, 1024px\" \/><\/figure>\n<\/div><div class=\"block-background\" style=\"--background-color:#F1F1FF\"><\/div><\/div><\/div><\/div>\n\n<p class=\"appear-on-scroll\">C\u00e1c <a href=\"https:\/\/www.bgmea.com.bd\/\" target=\"_blank\" rel=\"noreferrer noopener\">Hi\u1ec7p h\u1ed9i c\u00e1c nh\u00e0 s\u1ea3n xu\u1ea5t v\u00e0 xu\u1ea5t kh\u1ea9u h\u00e0ng may m\u1eb7c Bangladesh (BGMEA)<\/a> l\u00e0 m\u1ed9t t\u1ed5 ch\u1ee9c th\u01b0\u01a1ng m\u1ea1i c\u00f3 tr\u1ee5 s\u1edf t\u1ea1i Dhaka, \u0111\u1ea1i di\u1ec7n cho c\u00e1c nh\u00e0 l\u00e3nh \u0111\u1ea1o ng\u00e0nh may m\u1eb7c trong n\u01b0\u1edbc. H\u1ed9i vi\u00ean c\u1ee7a BGMEA bao g\u1ed3m h\u01a1n 4.000 \u0111\u01a1n v\u1ecb s\u1ea3n xu\u1ea5t, ch\u1ee7 y\u1ebfu s\u1ea3n xu\u1ea5t h\u00e0ng d\u1ec7t thoi v\u00e0 h\u00e0ng d\u1ec7t kim. BGMEA \u1ee7ng h\u1ed9 c\u1ea3i c\u00e1ch ch\u00ednh s\u00e1ch v\u00e0 \u0111\u1ea7u t\u01b0 c\u1ee7a ch\u00ednh ph\u1ee7 nh\u1eb1m th\u00fac \u0111\u1ea9y t\u0103ng tr\u01b0\u1edfng d\u00e0i h\u1ea1n v\u00e0 m\u1edf r\u1ed9ng sang c\u00e1c th\u1ecb tr\u01b0\u1eddng m\u1edbi cho ng\u00e0nh. BGMEA c\u0169ng cung c\u1ea5p c\u00e1c d\u1ecbch v\u1ee5 ph\u00e1t tri\u1ec3n kinh doanh, khuy\u1ebfn kh\u00edch tu\u00e2n th\u1ee7 x\u00e3 h\u1ed9i v\u00e0 ph\u00fac l\u1ee3i c\u1ee7a ng\u01b0\u1eddi lao \u0111\u1ed9ng t\u1ea1i c\u00e1c c\u01a1 s\u1edf \u0111\u1ed1i t\u00e1c.<\/p>\n\n<p class=\"appear-on-scroll\">B\u1eccC <a href=\"https:\/\/www.bgmea.com.bd\/page\/WRAP_and_BGMEA_Launch_New_Chapter_of_Partnership\" target=\"_blank\" rel=\"noreferrer noopener\">l\u00e0m vi\u1ec7c ch\u1eb7t ch\u1ebd v\u1edbi BGMEA<\/a> th\u00fac \u0111\u1ea9y s\u1ea3n xu\u1ea5t c\u00f3 tr\u00e1ch nhi\u1ec7m x\u00e3 h\u1ed9i \u1edf Bangladesh v\u00e0 cung c\u1ea5p c\u00e1c kh\u00f3a \u0111\u00e0o t\u1ea1o mi\u1ec5n ph\u00ed cho c\u00e1c th\u00e0nh vi\u00ean BGMEA.  <\/p>\n\n<div  class=\"appear-on-scroll wp-block-buttons is-content-justification-left is-layout-flex wp-container-core-buttons-is-layout-fdcfc74e wp-block-buttons-is-layout-flex\" >\n<div class=\"wp-block-button\"><a class=\"wp-block-button__link wp-element-button\" href=\"https:\/\/www.bgmea.com.bd\/\" target=\"_blank\" rel=\"noreferrer noopener\"><span class=\"label\">t\u00ecm hi\u1ec3u th\u00eam v\u1ec1 bgmea<\/span><\/a><\/div>\n<\/div>","protected":false},"excerpt":{"rendered":"<p>The Bangladesh Garment Manufacturers and Exporters Association (BGMEA) is a trade organization based in Dhaka that represents industry leaders from the nation&#8217;s apparel sector. Its membership includes more than 4,000 production units that primarily manufacture woven garments and knitwear. The BGMEA advocates for policy reforms and government investments that promote long-term industry growth and expansion [&hellip;]<\/p>\n","protected":false},"author":3,"featured_media":0,"parent":24779,"menu_order":10,"comment_status":"closed","ping_status":"closed","template":"","meta":{"_acf_changed":false,"featured_image_background_position":"","footnotes":""},"class_list":["post-29873","page","type-page","status-publish","hentry"],"acf":[],"yoast_head":"<!-- This site is optimized with the Yoast SEO plugin v27.4 - https:\/\/yoast.com\/product\/yoast-seo-wordpress\/ -->\n<title>- WRAP Compliance<\/title>\n<meta name=\"robots\" content=\"index, follow, max-snippet:-1, max-image-preview:large, max-video-preview:-1\" \/>\n<link rel=\"canonical\" href=\"https:\/\/wrapcompliance.org\/vi\/collaboration\/bgmea\/\" \/>\n<meta property=\"og:locale\" content=\"vi_VN\" \/>\n<meta property=\"og:type\" content=\"article\" \/>\n<meta property=\"og:title\" content=\"- WRAP Compliance\" \/>\n<meta property=\"og:description\" content=\"The Bangladesh Garment Manufacturers and Exporters Association (BGMEA) is a trade organization based in Dhaka that represents industry leaders from the nation&#8217;s apparel sector. Its membership includes more than 4,000 production units that primarily manufacture woven garments and knitwear. The BGMEA advocates for policy reforms and government investments that promote long-term industry growth and expansion [&hellip;]\" \/>\n<meta property=\"og:url\" content=\"https:\/\/wrapcompliance.org\/vi\/collaboration\/bgmea\/\" \/>\n<meta property=\"og:site_name\" content=\"WRAP Compliance\" \/>\n<meta property=\"article:publisher\" content=\"https:\/\/www.facebook.com\/WRAPcompliance\/\" \/>\n<meta property=\"article:modified_time\" content=\"2026-04-17T18:51:28+00:00\" \/>\n<meta property=\"og:image\" content=\"https:\/\/wrapcompliance.org\/wp-content\/uploads\/2023\/06\/ahm-big-logo-2.png\" \/>\n\t<meta property=\"og:image:width\" content=\"2048\" \/>\n\t<meta property=\"og:image:height\" content=\"1152\" \/>\n\t<meta property=\"og:image:type\" content=\"image\/png\" \/>\n<meta name=\"twitter:card\" content=\"summary_large_image\" \/>\n<meta name=\"twitter:site\" content=\"@wrapcompliance\" \/>\n<meta name=\"twitter:label1\" content=\"\u01af\u1edbc t\u00ednh th\u1eddi gian \u0111\u1ecdc\" \/>\n\t<meta name=\"twitter:data1\" content=\"1 ph\u00fat\" \/>\n<script type=\"application\/ld+json\" class=\"yoast-schema-graph\">{\"@context\":\"https:\\\/\\\/schema.org\",\"@graph\":[{\"@type\":\"WebPage\",\"@id\":\"https:\\\/\\\/wrapcompliance.org\\\/collaboration\\\/bgmea\\\/\",\"url\":\"https:\\\/\\\/wrapcompliance.org\\\/collaboration\\\/bgmea\\\/\",\"name\":\"- WRAP Compliance\",\"isPartOf\":{\"@id\":\"https:\\\/\\\/wrapcompliance.org\\\/en\\\/#website\"},\"primaryImageOfPage\":{\"@id\":\"https:\\\/\\\/wrapcompliance.org\\\/collaboration\\\/bgmea\\\/#primaryimage\"},\"image\":{\"@id\":\"https:\\\/\\\/wrapcompliance.org\\\/collaboration\\\/bgmea\\\/#primaryimage\"},\"thumbnailUrl\":\"https:\\\/\\\/wrapcompliance.org\\\/wp-content\\\/uploads\\\/2023\\\/06\\\/ahm-big-logo-2-1024x576.png\",\"datePublished\":\"2023-06-22T18:16:38+00:00\",\"dateModified\":\"2026-04-17T18:51:28+00:00\",\"breadcrumb\":{\"@id\":\"https:\\\/\\\/wrapcompliance.org\\\/collaboration\\\/bgmea\\\/#breadcrumb\"},\"inLanguage\":\"vi\",\"potentialAction\":[{\"@type\":\"ReadAction\",\"target\":[\"https:\\\/\\\/wrapcompliance.org\\\/collaboration\\\/bgmea\\\/\"]}]},{\"@type\":\"ImageObject\",\"inLanguage\":\"vi\",\"@id\":\"https:\\\/\\\/wrapcompliance.org\\\/collaboration\\\/bgmea\\\/#primaryimage\",\"url\":\"https:\\\/\\\/wrapcompliance.org\\\/wp-content\\\/uploads\\\/2023\\\/06\\\/ahm-big-logo-2-1024x576.png\",\"contentUrl\":\"https:\\\/\\\/wrapcompliance.org\\\/wp-content\\\/uploads\\\/2023\\\/06\\\/ahm-big-logo-2-1024x576.png\"},{\"@type\":\"BreadcrumbList\",\"@id\":\"https:\\\/\\\/wrapcompliance.org\\\/collaboration\\\/bgmea\\\/#breadcrumb\",\"itemListElement\":[{\"@type\":\"ListItem\",\"position\":1,\"name\":\"Home\",\"item\":\"https:\\\/\\\/wrapcompliance.org\\\/\"},{\"@type\":\"ListItem\",\"position\":2,\"name\":\"Leadership in Action\",\"item\":\"https:\\\/\\\/wrapcompliance.org\\\/collaboration\\\/\"}]},{\"@type\":\"WebSite\",\"@id\":\"https:\\\/\\\/wrapcompliance.org\\\/en\\\/#website\",\"url\":\"https:\\\/\\\/wrapcompliance.org\\\/en\\\/\",\"name\":\"WRAP Compliance\",\"description\":\"Ensuring production facilities operate in a safe, responsible, and ethical way. Through our 12 Principles, we promote lawful, humane manufacturing in facilities throughout the world via our Certification and Training programs.\",\"publisher\":{\"@id\":\"https:\\\/\\\/wrapcompliance.org\\\/en\\\/#organization\"},\"potentialAction\":[{\"@type\":\"SearchAction\",\"target\":{\"@type\":\"EntryPoint\",\"urlTemplate\":\"https:\\\/\\\/wrapcompliance.org\\\/en\\\/?s={search_term_string}\"},\"query-input\":{\"@type\":\"PropertyValueSpecification\",\"valueRequired\":true,\"valueName\":\"search_term_string\"}}],\"inLanguage\":\"vi\"},{\"@type\":\"Organization\",\"@id\":\"https:\\\/\\\/wrapcompliance.org\\\/en\\\/#organization\",\"name\":\"Worldwide Responsible Accredited Production\",\"alternateName\":\"WRAP Compliance\",\"url\":\"https:\\\/\\\/wrapcompliance.org\\\/en\\\/\",\"logo\":{\"@type\":\"ImageObject\",\"inLanguage\":\"vi\",\"@id\":\"https:\\\/\\\/wrapcompliance.org\\\/en\\\/#\\\/schema\\\/logo\\\/image\\\/\",\"url\":\"https:\\\/\\\/wrapcompliance.org\\\/wp-content\\\/uploads\\\/2022\\\/03\\\/WRAP_Logo_Update_Color_RGB.png\",\"contentUrl\":\"https:\\\/\\\/wrapcompliance.org\\\/wp-content\\\/uploads\\\/2022\\\/03\\\/WRAP_Logo_Update_Color_RGB.png\",\"width\":3601,\"height\":3451,\"caption\":\"Worldwide Responsible Accredited Production\"},\"image\":{\"@id\":\"https:\\\/\\\/wrapcompliance.org\\\/en\\\/#\\\/schema\\\/logo\\\/image\\\/\"},\"sameAs\":[\"https:\\\/\\\/www.facebook.com\\\/WRAPcompliance\\\/\",\"https:\\\/\\\/x.com\\\/wrapcompliance\",\"https:\\\/\\\/www.linkedin.com\\\/company\\\/wrapcompliance\"]}]}<\/script>\n<!-- \/ Yoast SEO plugin. -->","yoast_head_json":{"title":"- Tu\u00e2n th\u1ee7 WRAP","robots":{"index":"index","follow":"follow","max-snippet":"max-snippet:-1","max-image-preview":"max-image-preview:large","max-video-preview":"max-video-preview:-1"},"canonical":"https:\/\/wrapcompliance.org\/vi\/collaboration\/bgmea\/","og_locale":"vi_VN","og_type":"article","og_title":"- WRAP Compliance","og_description":"The Bangladesh Garment Manufacturers and Exporters Association (BGMEA) is a trade organization based in Dhaka that represents industry leaders from the nation&#8217;s apparel sector. Its membership includes more than 4,000 production units that primarily manufacture woven garments and knitwear. The BGMEA advocates for policy reforms and government investments that promote long-term industry growth and expansion [&hellip;]","og_url":"https:\/\/wrapcompliance.org\/vi\/collaboration\/bgmea\/","og_site_name":"WRAP Compliance","article_publisher":"https:\/\/www.facebook.com\/WRAPcompliance\/","article_modified_time":"2026-04-17T18:51:28+00:00","og_image":[{"width":2048,"height":1152,"url":"https:\/\/wrapcompliance.org\/wp-content\/uploads\/2023\/06\/ahm-big-logo-2.png","type":"image\/png"}],"twitter_card":"summary_large_image","twitter_site":"@wrapcompliance","twitter_misc":{"\u01af\u1edbc t\u00ednh th\u1eddi gian \u0111\u1ecdc":"1 ph\u00fat"},"schema":{"@context":"https:\/\/schema.org","@graph":[{"@type":"WebPage","@id":"https:\/\/wrapcompliance.org\/collaboration\/bgmea\/","url":"https:\/\/wrapcompliance.org\/collaboration\/bgmea\/","name":"- Tu\u00e2n th\u1ee7 WRAP","isPartOf":{"@id":"https:\/\/wrapcompliance.org\/en\/#website"},"primaryImageOfPage":{"@id":"https:\/\/wrapcompliance.org\/collaboration\/bgmea\/#primaryimage"},"image":{"@id":"https:\/\/wrapcompliance.org\/collaboration\/bgmea\/#primaryimage"},"thumbnailUrl":"https:\/\/wrapcompliance.org\/wp-content\/uploads\/2023\/06\/ahm-big-logo-2-1024x576.png","datePublished":"2023-06-22T18:16:38+00:00","dateModified":"2026-04-17T18:51:28+00:00","breadcrumb":{"@id":"https:\/\/wrapcompliance.org\/collaboration\/bgmea\/#breadcrumb"},"inLanguage":"vi","potentialAction":[{"@type":"ReadAction","target":["https:\/\/wrapcompliance.org\/collaboration\/bgmea\/"]}]},{"@type":"ImageObject","inLanguage":"vi","@id":"https:\/\/wrapcompliance.org\/collaboration\/bgmea\/#primaryimage","url":"https:\/\/wrapcompliance.org\/wp-content\/uploads\/2023\/06\/ahm-big-logo-2-1024x576.png","contentUrl":"https:\/\/wrapcompliance.org\/wp-content\/uploads\/2023\/06\/ahm-big-logo-2-1024x576.png"},{"@type":"BreadcrumbList","@id":"https:\/\/wrapcompliance.org\/collaboration\/bgmea\/#breadcrumb","itemListElement":[{"@type":"ListItem","position":1,"name":"Home","item":"https:\/\/wrapcompliance.org\/"},{"@type":"ListItem","position":2,"name":"Leadership in Action","item":"https:\/\/wrapcompliance.org\/collaboration\/"}]},{"@type":"WebSite","@id":"https:\/\/wrapcompliance.org\/en\/#website","url":"https:\/\/wrapcompliance.org\/en\/","name":"Tu\u00e2n th\u1ee7 WRAP","description":"\u0110\u1ea3m b\u1ea3o c\u00e1c c\u01a1 s\u1edf s\u1ea3n xu\u1ea5t ho\u1ea1t \u0111\u1ed9ng m\u1ed9t c\u00e1ch an to\u00e0n, c\u00f3 tr\u00e1ch nhi\u1ec7m v\u00e0 \u0111\u1ea1o \u0111\u1ee9c. Th\u00f4ng qua 12 Nguy\u00ean t\u1eafc c\u1ee7a m\u00ecnh, ch\u00fang t\u00f4i th\u00fac \u0111\u1ea9y ho\u1ea1t \u0111\u1ed9ng s\u1ea3n xu\u1ea5t h\u1ee3p ph\u00e1p, nh\u00e2n \u0111\u1ea1o t\u1ea1i c\u00e1c c\u01a1 s\u1edf tr\u00ean to\u00e0n th\u1ebf gi\u1edbi th\u00f4ng qua c\u00e1c ch\u01b0\u01a1ng tr\u00ecnh Ch\u1ee9ng nh\u1eadn v\u00e0 \u0110\u00e0o t\u1ea1o c\u1ee7a m\u00ecnh.","publisher":{"@id":"https:\/\/wrapcompliance.org\/en\/#organization"},"potentialAction":[{"@type":"SearchAction","target":{"@type":"EntryPoint","urlTemplate":"https:\/\/wrapcompliance.org\/en\/?s={search_term_string}"},"query-input":{"@type":"PropertyValueSpecification","valueRequired":true,"valueName":"search_term_string"}}],"inLanguage":"vi"},{"@type":"Organization","@id":"https:\/\/wrapcompliance.org\/en\/#organization","name":"S\u1ea3n xu\u1ea5t \u0111\u01b0\u1ee3c c\u00f4ng nh\u1eadn c\u00f3 tr\u00e1ch nhi\u1ec7m tr\u00ean to\u00e0n th\u1ebf gi\u1edbi","alternateName":"WRAP Compliance","url":"https:\/\/wrapcompliance.org\/en\/","logo":{"@type":"ImageObject","inLanguage":"vi","@id":"https:\/\/wrapcompliance.org\/en\/#\/schema\/logo\/image\/","url":"https:\/\/wrapcompliance.org\/wp-content\/uploads\/2022\/03\/WRAP_Logo_Update_Color_RGB.png","contentUrl":"https:\/\/wrapcompliance.org\/wp-content\/uploads\/2022\/03\/WRAP_Logo_Update_Color_RGB.png","width":3601,"height":3451,"caption":"Worldwide Responsible Accredited Production"},"image":{"@id":"https:\/\/wrapcompliance.org\/en\/#\/schema\/logo\/image\/"},"sameAs":["https:\/\/www.facebook.com\/WRAPcompliance\/","https:\/\/x.com\/wrapcompliance","https:\/\/www.linkedin.com\/company\/wrapcompliance"]}]}},"_links":{"self":[{"href":"https:\/\/wrapcompliance.org\/vi\/wp-json\/wp\/v2\/pages\/29873","targetHints":{"allow":["GET"]}}],"collection":[{"href":"https:\/\/wrapcompliance.org\/vi\/wp-json\/wp\/v2\/pages"}],"about":[{"href":"https:\/\/wrapcompliance.org\/vi\/wp-json\/wp\/v2\/types\/page"}],"author":[{"embeddable":true,"href":"https:\/\/wrapcompliance.org\/vi\/wp-json\/wp\/v2\/users\/3"}],"replies":[{"embeddable":true,"href":"https:\/\/wrapcompliance.org\/vi\/wp-json\/wp\/v2\/comments?post=29873"}],"version-history":[{"count":1,"href":"https:\/\/wrapcompliance.org\/vi\/wp-json\/wp\/v2\/pages\/29873\/revisions"}],"predecessor-version":[{"id":2345019,"href":"https:\/\/wrapcompliance.org\/vi\/wp-json\/wp\/v2\/pages\/29873\/revisions\/2345019"}],"up":[{"embeddable":true,"href":"https:\/\/wrapcompliance.org\/vi\/wp-json\/wp\/v2\/pages\/24779"}],"wp:attachment":[{"href":"https:\/\/wrapcompliance.org\/vi\/wp-json\/wp\/v2\/media?parent=29873"}],"curies":[{"name":"wp","href":"https:\/\/api.w.org\/{rel}","templated":true}]}}